{"id":15175,"date":"2025-01-19T14:12:01","date_gmt":"2025-01-19T14:12:01","guid":{"rendered":"https:\/\/www.hydraulic-cylinders.net\/product\/bucket-cylinder-for-sumitomo-middle-excavator-sh210-5\/"},"modified":"2025-01-19T14:12:03","modified_gmt":"2025-01-19T14:12:03","slug":"bucket-cylinder-for-sumitomo-middle-excavator-sh210-5","status":"publish","type":"product","link":"https:\/\/www.hydraulic-cylinders.net\/fi\/tuote\/bucket-cylinder-for-sumitomo-middle-excavator-sh210-5\/","title":{"rendered":"Kauhan sylinteri Sumitomo-kaivinkoneelle SH210-5"},"content":{"rendered":"<h1>Kauhan sylinteri Sumitomo-kaivinkoneelle SH210-5<\/h1>\n<h2>Johdanto<\/h2>\n<p>Sumitomon SH210-5-kaivinkoneen kauhan sylinteri on erityisesti suunniteltu hydraulisylinteri, jota k\u00e4ytet\u00e4\u00e4n kauhan liikkeen ohjaamiseen raskaissa koneissa, kuten kaivinkoneissa, traktorikaivureissa ja etukuormaajissa. Sen p\u00e4\u00e4teht\u00e4v\u00e4n\u00e4 on mahdollistaa kauhan nostaminen, laskeminen ja kallistaminen, mik\u00e4 tekee siit\u00e4 sopivan erilaisiin materiaalink\u00e4sittelyteht\u00e4viin. Hydraulij\u00e4rjestelm\u00e4ss\u00e4 kauhan sylinteri hy\u00f6dynt\u00e4\u00e4 hydrauli\u00f6ljyn paineenmuutosta kauhan tarkan ohjauksen saavuttamiseksi, mink\u00e4 ansiosta k\u00e4ytt\u00e4j\u00e4t voivat k\u00e4sitell\u00e4 raskaita kuormia tehokkaasti ja sopeutua monimutkaisiin ty\u00f6ymp\u00e4rist\u00f6ihin ja erilaisiin ty\u00f6vaatimuksiin.<\/p>\n<p><img decoding=\"async\" src=\"https:\/\/www.hydraulic-cylinders.net\/wp-content\/uploads\/2025\/01\/songte-company-2.webp\" alt=\"Kauhan sylinteri Sumitomo-kaivinkoneelle SH210-5\"><\/p>\n<h2>Ominaisuudet<\/h2>\n<ul>\n<li>\n<h3>Korkea lujuus ja kest\u00e4vyys<\/h3>\n<p>Kauhasylinteri on yleens\u00e4 valmistettu eritt\u00e4in lujasta ter\u00e4ksest\u00e4 tai alumiinista, joka kest\u00e4\u00e4 korkeaa painetta ja raskaita kuormia ja mukautuu vaativiin ty\u00f6ymp\u00e4rist\u00f6ihin. Sen suunnittelussa on otettu huomioon kulutuskest\u00e4vyys ja korroosionkest\u00e4vyys, mik\u00e4 pident\u00e4\u00e4 sen k\u00e4ytt\u00f6ik\u00e4\u00e4.<\/p>\n<\/li>\n<li>\n<h3>Tehokas hydraulinen k\u00e4ytt\u00f6<\/h3>\n<p>Hydrauli\u00f6ljyn paineen avulla kauhan sylinteri saavuttaa tasaisen laajennuksen ja supistumisen, ja se reagoi nopeasti k\u00e4ytt\u00f6komentoihin. Se tarjoaa voimakkaan ty\u00f6nt\u00f6- ja vetovoiman, joka soveltuu raskaiden kuormien k\u00e4sittelyyn ja monimutkaisiin t\u00f6ihin.<\/p>\n<\/li>\n<li>\n<h3>Erilaisia \u200b\u200btyyppej\u00e4<\/h3>\n<p>Kauhasylinteri voidaan valita tarpeiden mukaan yksitoimiseksi (hydrauliikkaa vain yhteen suuntaan) tai kaksitoimiseksi (hydrauliikkaa molempiin suuntiin) erilaisten k\u00e4ytt\u00f6vaatimusten mukaan. Jotkut mallit ovat teleskooppisia, mik\u00e4 mahdollistaa suuremman jatkeen ilman ulkomittojen kasvua, mik\u00e4 sopii rajoitettuihin tiloihin.<\/p>\n<\/li>\n<li>\n<h3>Vaihdettava<\/h3>\n<p>Tuotteemme voivat t\u00e4ydellisesti korvata n\u00e4m\u00e4 hydraulisylinterit ja voimme valmistaa t\u00e4m\u00e4n tuotteen.<\/p>\n<\/li>\n<\/ul>\n<p><img decoding=\"async\" src=\"https:\/\/www.hydraulic-cylinders.net\/wp-content\/uploads\/2025\/01\/songte-cylinder-head-with-all-kinds-excavator-models.webp\" alt=\"Kauhan sylinteri Sumitomo-kaivinkoneelle SH210-5\"><\/p>\n<h2>Hakemus<\/h2>\n<p>Kauhasylinteri\u00e4 k\u00e4ytet\u00e4\u00e4n laajalti erilaisissa raskaissa koneissa, ja tyypillisi\u00e4 sovelluksia ovat:<\/p>\n<ul>\n<li>\n<h3>Rakennuslaitteet<\/h3>\n<p>Ne ovat kriittisi\u00e4 kaivureissa ja traktorikaivureissa maan tai roskien kaivamisessa, lastaamisessa ja siirt\u00e4misess\u00e4. Kaivurikaivureissa kauhan sylinteri auttaa kaivamisessa ja nostamisessa.<\/p>\n<\/li>\n<li>\n<h3>Maatalouskoneet<\/h3>\n<p>K\u00e4ytet\u00e4\u00e4n etukuormaajissa maan, hein\u00e4n ja muiden materiaalien kauhaukseen, nostamiseen ja kuljettamiseen. Kaivinkoneissa kauhan sylinteri mahdollistaa kaivamisen antamalla kauhan tunkeutua maaper\u00e4\u00e4n.<\/p>\n<\/li>\n<li>\n<h3>Kuormaaja<\/h3>\n<p>Etukuormaajissa ne auttavat kuormien tehokkaassa nostamisessa ja kallistamisessa.<\/p>\n<\/li>\n<\/ul>\n<h2>Suunnittelu- ja valintastandardit<\/h2>\n<ul>\n<li>\n<h3>Kantavuus<\/h3>\n<p>The bucket cylinder&#8217;s load-bearing capacity is an essential design consideration. It needs to support the weight of heavy loads and withstand internal and external forces during operation.<\/p>\n<\/li>\n<li>\n<h3>Tiivistys<\/h3>\n<p>The cylinder&#8217;s sealing is essential to prevent oil leakage and contamination of the hydraulic system. It uses various sealing rings such as piston seal rings, rod seal rings, and seals made of wear-resistant materials such as polyurethane and nitrile rubber. The cylinder body and thread end surface undergo fine processing to improve wear resistance. The cylinder requires regular filling with the appropriate amount of hydraulic oil for lubrication.<\/p>\n<\/li>\n<li>\n<h3>Kest\u00e4vyys ja turvallisuus<\/h3>\n<p>Kauhasylinterin on oltava kest\u00e4v\u00e4 kest\u00e4m\u00e4\u00e4n ankaria ty\u00f6olosuhteita ja raskaita kuormia. Se edellytt\u00e4\u00e4 my\u00f6s turvallisuusn\u00e4k\u00f6kohtia sen varmistamiseksi, ett\u00e4 se t\u00e4ytt\u00e4\u00e4 turvallisuusstandardit k\u00e4yt\u00f6n aikana. <\/p>\n<\/li>\n<li>\n<h3>Huolto<\/h3>\n<p>Sylinteri vaatii s\u00e4\u00e4nn\u00f6llist\u00e4 tarkastusta, s\u00e4\u00e4nn\u00f6llist\u00e4 voitelua ja tiivisteiden vaihtoa optimaalisen suorituskyvyn varmistamiseksi. Se vaatii my\u00f6s tarkan asennuksen kohdistuksen k\u00e4ytt\u00e4en sopivia asennuskiinnikkeit\u00e4 sylinterin kiinnitt\u00e4miseksi.<\/p>\n<\/li>\n<\/ul>\n<p><img decoding=\"async\" src=\"https:\/\/www.hydraulic-cylinders.net\/wp-content\/uploads\/2025\/01\/songte-oil-pipes-and-spare-parts.webp\" alt=\"Kauhan sylinteri Sumitomo-kaivinkoneelle SH210-5\"><\/p>\n<h2>Huolto-opas<\/h2>\n<p>Seuraavat ovat kauhasylinterien yleisi\u00e4 huoltoteht\u00e4vi\u00e4:<\/p>\n<ul>\n<li>\n<h3>S\u00e4\u00e4nn\u00f6llinen tarkastus<\/h3>\n<p>Tarkasta sylinteri s\u00e4\u00e4nn\u00f6llisesti kulumien ja repe\u00e4mien tai vuotojen varalta.<\/p>\n<\/li>\n<li>\n<h3>Voitelu<\/h3>\n<p>Voitele sylinteri s\u00e4\u00e4nn\u00f6llisesti varmistaaksesi sen sujuvan toiminnan.<\/p>\n<\/li>\n<li>\n<h3>Tiivisteen vaihto ja kalibroinnin tarkistus<\/h3>\n<p>Vaihda kuluneet tiivisteet ja tarkista kalibrointi s\u00e4\u00e4nn\u00f6llisesti.<\/p>\n<\/li>\n<\/ul>\n<p>On t\u00e4rke\u00e4\u00e4 asentaa, voidella ja s\u00e4\u00e4t\u00e4\u00e4 sylinteri oikein asennuksen aikana optimaalisen suorituskyvyn varmistamiseksi. Asennuksen aikana on annettava asianmukaiset kohdistusohjeet ja sylinterin kiinnitt\u00e4miseen on k\u00e4ytett\u00e4v\u00e4 sopivia asennuskiinnikkeit\u00e4. Suosittelemme suositeltuja tarkastus-, korjaus- ja vaihtomenettelyj\u00e4 kauhasylinterin k\u00e4ytt\u00f6i\u00e4n pident\u00e4miseksi.<\/p>\n<p><img decoding=\"async\" src=\"https:\/\/www.hydraulic-cylinders.net\/wp-content\/uploads\/2025\/01\/songte-chushion-collar.webp\" alt=\"Kauhan sylinteri Sumitomo-kaivinkoneelle SH210-5\"><\/p>\n<h2>Turvallisuus- ja ymp\u00e4rist\u00f6n\u00e4k\u00f6kohdat<\/h2>\n<p>Kauhasylinteri\u00e4 k\u00e4ytett\u00e4ess\u00e4 on noudatettava asianmukaisia \u200b\u200bturvatoimenpiteit\u00e4 vammojen v\u00e4ltt\u00e4miseksi. Sylinteri\u00e4 saa k\u00e4ytt\u00e4\u00e4 vain koulutettu henkil\u00f6st\u00f6, jolla on asianmukaiset turvavarusteet, ja turvallisuusm\u00e4\u00e4r\u00e4ysten mukaisesti. Ymp\u00e4rist\u00f6n\u00e4k\u00f6kohtiin kuuluu k\u00e4ytetyn hydrauliikka\u00f6ljyn asianmukainen h\u00e4vitt\u00e4minen ja ymp\u00e4rist\u00f6m\u00e4\u00e4r\u00e4ysten noudattaminen tuotannon ja k\u00e4yt\u00f6n aikana.<\/p>\n<p><img decoding=\"async\" src=\"https:\/\/hzpt.com\/wp-content\/uploads\/2024\/11\/songte-company-1.webp\" alt=\"Kauhan sylinteri Sumitomo-kaivinkoneelle SH210-5\"><\/p>\n<h2>Vianm\u00e4\u00e4ritys ja yleiset ongelmat<\/h2>\n<p>Kauhasylinteriss\u00e4 voi esiinty\u00e4 joitakin yleisi\u00e4 ongelmia, kuten \u00f6ljyvuotoja, heikkoa suorituskyky\u00e4 ja ep\u00e4normaalia melua. Riitt\u00e4m\u00e4t\u00f6n voitelu ja tiivisteiden kuluminen ovat yleisi\u00e4 syit\u00e4 n\u00e4ihin ongelmiin. Ongelmien diagnosoimiseksi ja ratkaisemiseksi suosittelemme ottamaan yhteytt\u00e4 ammattitaitoiseen insin\u00f6\u00f6riin oikean diagnoosin ja tehokkaiden ratkaisujen varmistamiseksi. Mahdollisten ongelmien ehk\u00e4isemiseksi suosittelemme ennaltaehk\u00e4isevi\u00e4 toimenpiteit\u00e4, kuten s\u00e4\u00e4nn\u00f6llisi\u00e4 tarkastuksia, asianmukaista voitelua ja kuluneiden tiivisteiden vaihtamista.<\/p>\n<p><img decoding=\"async\" src=\"https:\/\/www.hydraulic-cylinders.net\/wp-content\/uploads\/2025\/01\/songte-bushings-with-all-kinds-of-excavator-models.webp\" alt=\"Kauhan sylinteri Sumitomo-kaivinkoneelle SH210-5\"><\/p>\n<h2>Tietoa yrityksest\u00e4mme<\/h2>\n<p>Olemme korvaavien hydraulisylinterien valmistaja ja tarjoamme kattavan tuotevalikoiman. Olemme yksi johtavista hydraulisylinterien valmistajista ja tukkumyyjist\u00e4 kotimaisilla ja kansainv\u00e4lisill\u00e4 markkinoilla. Noudatamme erinomaista laatua, luotamme teollistettuihin tuotannonohjausstrategioihin, joita tukevat hienostuneet valmistusty\u00f6pajat, parannamme jatkuvasti ty\u00f6pajojen valmistusalustaa, parannamme tuotteiden tuotannon laatua ja olemme vahvasti luovia. Pyrimme tyydytt\u00e4m\u00e4\u00e4n monipuolisia asiakastarpeita tehokkaalla, tarkalla ja laadukkaalla toiminnalla.<\/p>\n<p>Yrityksemme on erikoistunut tarjoamaan ammattimaisia \u200b\u200bpalveluita, r\u00e4\u00e4t\u00e4l\u00f6ityj\u00e4 palveluita ja kansainv\u00e4lisi\u00e4 sertifiointeja. K\u00e4yt\u00e4mme edistyneit\u00e4 tuotantolaitteita ja ammattimaisia \u200b\u200btestausj\u00e4rjestelmi\u00e4 parantaaksemme tuotteiden laatua ja tarjotaksemme kattavia j\u00e4lkimarkkinointipalveluita. Jatkamme tuotantokapasiteettimme ja tuotteidemme laadun parantamista ja olemme voittaneet asiakkaidemme luottamuksen ja kiitoksen erinomaisilla tuotteillamme ja palveluillamme.<\/p>\n<p><img decoding=\"async\" src=\"https:\/\/www.hydraulic-cylinders.net\/wp-content\/uploads\/2025\/01\/songte-company-3.webp\" alt=\"Kauhan sylinteri Sumitomo-kaivinkoneelle SH210-5\"><\/p>\n<p>Kirjoittaja: lyl.<\/p>","protected":false},"excerpt":{"rendered":"<p>Bucket Cylinder For Sumitomo Middle Excavator SH210-5 Introduction The bucket cylinder for Sumitomo middle excavator SH210-5 is a specially designed hydraulic cylinder used to control the movement of the bucket in heavy machinery such as excavators, backhoe excavators, and front-end loaders. Its main function is to enable the bucket to lift, lower, and tilt, making [&hellip;]<\/p>","protected":false},"featured_media":14762,"comment_status":"open","ping_status":"closed","template":"","meta":{"_et_pb_use_builder":"","_et_pb_old_content":"","_et_gb_content_width":""},"product_brand":[],"product_cat":[1494],"product_tag":[1495,1496],"class_list":{"0":"post-15175","1":"product","2":"type-product","3":"status-publish","4":"has-post-thumbnail","6":"product_cat-bucket-cylinders","7":"product_tag-bucket-cylinders","8":"product_tag-hydraulic-cylinders","10":"first","11":"instock","12":"shipping-taxable","13":"product-type-simple"},"amp_enabled":true,"_links":{"self":[{"href":"https:\/\/www.hydraulic-cylinders.net\/fi\/wp-json\/wp\/v2\/product\/15175","targetHints":{"allow":["GET"]}}],"collection":[{"href":"https:\/\/www.hydraulic-cylinders.net\/fi\/wp-json\/wp\/v2\/product"}],"about":[{"href":"https:\/\/www.hydraulic-cylinders.net\/fi\/wp-json\/wp\/v2\/types\/product"}],"replies":[{"embeddable":true,"href":"https:\/\/www.hydraulic-cylinders.net\/fi\/wp-json\/wp\/v2\/comments?post=15175"}],"wp:featuredmedia":[{"embeddable":true,"href":"https:\/\/www.hydraulic-cylinders.net\/fi\/wp-json\/wp\/v2\/media\/14762"}],"wp:attachment":[{"href":"https:\/\/www.hydraulic-cylinders.net\/fi\/wp-json\/wp\/v2\/media?parent=15175"}],"wp:term":[{"taxonomy":"product_brand","embeddable":true,"href":"https:\/\/www.hydraulic-cylinders.net\/fi\/wp-json\/wp\/v2\/product_brand?post=15175"},{"taxonomy":"product_cat","embeddable":true,"href":"https:\/\/www.hydraulic-cylinders.net\/fi\/wp-json\/wp\/v2\/product_cat?post=15175"},{"taxonomy":"product_tag","embeddable":true,"href":"https:\/\/www.hydraulic-cylinders.net\/fi\/wp-json\/wp\/v2\/product_tag?post=15175"}],"curies":[{"name":"wp","href":"https:\/\/api.w.org\/{rel}","templated":true}]}}