{"id":15178,"date":"2025-01-19T14:12:13","date_gmt":"2025-01-19T14:12:13","guid":{"rendered":"https:\/\/www.hydraulic-cylinders.net\/product\/bucket-cylinder-for-sumitomo-middle-excavator-ls430fj2\/"},"modified":"2025-01-19T14:12:15","modified_gmt":"2025-01-19T14:12:15","slug":"bucket-cylinder-for-sumitomo-middle-excavator-ls430fj2","status":"publish","type":"product","link":"https:\/\/www.hydraulic-cylinders.net\/fi\/tuote\/bucket-cylinder-for-sumitomo-middle-excavator-ls430fj2\/","title":{"rendered":"Kauhan sylinteri Sumitomo-kaivinkoneelle LS430FJ2"},"content":{"rendered":"<p><!DOCTYPE html><br \/>\n<html><br \/>\n<head><br \/>\n<title>Kauhan sylinteri Sumitomo-kaivinkoneelle LS430FJ2<\/title><br \/>\n<\/head><br \/>\n<body><\/p>\n<h1>Kauhan sylinteri Sumitomo-kaivinkoneelle LS430FJ2<\/h1>\n<h2>Johdanto<\/h2>\n<p>Kauhasylinteri on erityisesti suunniteltu hydraulisylinteri, jota k\u00e4ytet\u00e4\u00e4n kauhan liikkeen ohjaamiseen raskaissa koneissa, kuten kaivinkoneissa, kaivurikuormaajissa ja etukuormaajissa. Sen p\u00e4\u00e4teht\u00e4v\u00e4n\u00e4 on mahdollistaa kauhan nostaminen, laskeminen ja kallistaminen, mik\u00e4 helpottaa erilaisia \u200b\u200bmateriaalink\u00e4sittelyteht\u00e4vi\u00e4. Hydraulij\u00e4rjestelm\u00e4ss\u00e4 kauhasylinteri saavuttaa kauhan tarkan hallinnan hy\u00f6dynt\u00e4m\u00e4ll\u00e4 hydrauli\u00f6ljyn paineenmuutoksia, jolloin k\u00e4ytt\u00e4j\u00e4t voivat k\u00e4sitell\u00e4 raskaita kuormia tehokkaasti ja sopeutua monimutkaisiin ty\u00f6ymp\u00e4rist\u00f6ihin ja erilaisiin k\u00e4ytt\u00f6vaatimuksiin.<\/p>\n<p><img decoding=\"async\" src=\"https:\/\/www.hydraulic-cylinders.net\/wp-content\/uploads\/2025\/01\/songte-company-2.webp\"><\/p>\n<h2>Ominaisuudet<\/h2>\n<ul>\n<li>Korkea lujuus ja kest\u00e4vyys: Tyypillisesti eritt\u00e4in lujasta ter\u00e4ksest\u00e4 tai alumiinista valmistettu tuote kest\u00e4\u00e4 korkeaa painetta ja raskaita kuormia ja mukautuu vaativiin ty\u00f6ymp\u00e4rist\u00f6ihin. Suunnittelussa on otettu huomioon kulutuskest\u00e4vyys ja korroosionkest\u00e4vyys, mik\u00e4 pident\u00e4\u00e4 sen k\u00e4ytt\u00f6ik\u00e4\u00e4.<\/li>\n<li>Tehokas hydraulinen toiminta: Hydrauli\u00f6ljyn paineen ansiosta se saavuttaa tasaiset ojennus- ja sis\u00e4\u00e4nvetoliikkeet, mik\u00e4 mahdollistaa nopean reagoinnin ohjauskomentoihin ja tarjoaa voimakkaat ty\u00f6nt\u00f6- ja vetovoimat, jotka sopivat raskaiden kuormien k\u00e4sittelyyn ja monimutkaisiin teht\u00e4viin.<\/li>\n<li>Erilaisia \u200b\u200btyyppej\u00e4: Kauhasylinteri voidaan valita tarpeiden mukaan yksitoimiseksi (hydraulisesti vain yhteen suuntaan) tai kaksitoimiseksi (hydraulisesti molempiin suuntiin) erilaisten k\u00e4ytt\u00f6vaatimusten mukaan. Jotkut mallit ovat teleskooppisia, mik\u00e4 mahdollistaa suuremman jatkeen ilman ulkomittojen kasvua, mik\u00e4 sopii erinomaisesti rajoitetun tilan sovelluksiin.<\/li>\n<li>T\u00e4ydellinen korvaus: Tuotteemme voivat korvata n\u00e4m\u00e4 hydraulisylinterit t\u00e4ydellisesti. <\/li>\n<\/ul>\n<p><img decoding=\"async\" src=\"https:\/\/www.hydraulic-cylinders.net\/wp-content\/uploads\/2025\/01\/songte-cylinder-head-with-all-kinds-excavator-models.webp\"><\/p>\n<h2>Sovellukset<\/h2>\n<p>Kauhasylinteri\u00e4 k\u00e4ytet\u00e4\u00e4n laajalti erilaisissa laitteissa, mukaan lukien:<\/p>\n<ul>\n<li>Rakennuskoneet: Kaivinkoneissa k\u00e4ytett\u00e4vi\u00e4 laitteita on ratkaisevan t\u00e4rke\u00e4\u00e4 kaivamiseen, lastaamiseen ja maaper\u00e4n tai roskien siirt\u00e4miseen. Kaivurikuormaajissa kauhan sylinteri avustaa sek\u00e4 kaivamisessa ett\u00e4 nostamisessa.<\/li>\n<li>Maatalouskoneet: K\u00e4ytet\u00e4\u00e4n etukuormaajissa maaper\u00e4n, hein\u00e4n ja muiden materiaalien kauhaukseen, nostamiseen ja kuljettamiseen.<\/li>\n<li>Kaivinkoneet: Kauhan sylinteri mahdollistaa kaivamisen antamalla kauhan tunkeutua maaper\u00e4\u00e4n.<\/li>\n<li>Kuormaajat: Etukuormaajissa ne auttavat tavaroiden tehokkaassa nostamisessa ja tyhjent\u00e4misess\u00e4.<\/li>\n<\/ul>\n<p>Jokainen sovellus selitet\u00e4\u00e4n tarkemmin alla:<\/p>\n<p>Rakennuskoneet: Kaivinkoneissa niill\u00e4 on t\u00e4rke\u00e4 rooli maan tai roskien kaivamisessa, lastaamisessa ja siirt\u00e4misess\u00e4. Kaivurikuormaajissa kauhan sylinteri avustaa sek\u00e4 kaivamisessa ett\u00e4 nostamisessa.<\/p>\n<p>Maatalouskoneet: Kauhasylinteri\u00e4 k\u00e4ytet\u00e4\u00e4n etukuormaajissa maaper\u00e4n, hein\u00e4n ja muiden materiaalien kauhaamiseen, nostamiseen ja kuljettamiseen.<\/p>\n<p>Kaivinkoneet: Kauhan sylinteri mahdollistaa kaivamisen, koska kauha tunkeutuu maaper\u00e4\u00e4n.<\/p>\n<p>Kuormaajat: Etukuormaajissa ne auttavat tavaroiden tehokkaassa nostamisessa ja tyhjent\u00e4misess\u00e4.<\/p>\n<h2>Suunnittelun\u00e4k\u00f6kohdat ja valintakriteerit<\/h2>\n<p>Kauhasylinterin suunnittelussa ja valintakriteereiss\u00e4 on otettava huomioon useita tekij\u00f6it\u00e4:<\/p>\n<ul>\n<li>Kuormituskyky: Kauhan sylinterin on kestett\u00e4v\u00e4 k\u00e4yt\u00f6n aikana kohtaamansa enimm\u00e4iskuormitus.<\/li>\n<li>Tiivistys: Erilaisia \u200b\u200btiivistyskomponentteja, kuten m\u00e4nn\u00e4ntiivisteit\u00e4 ja varren tiivisteit\u00e4, k\u00e4ytet\u00e4\u00e4n vuotojen est\u00e4miseksi ja sylinterin moitteettoman toiminnan varmistamiseksi.<\/li>\n<li>Kest\u00e4vyys: Kauhasylinterin tulee olla suunniteltu kest\u00e4m\u00e4\u00e4n odotettavissa olevat k\u00e4ytt\u00f6olosuhteet ja sill\u00e4 tulee olla pitk\u00e4 k\u00e4ytt\u00f6ik\u00e4.<\/li>\n<li>Turvallisuus: Ylipainetilanteiden est\u00e4miseksi tulisi asentaa turvaominaisuuksia, kuten paineenalennusventtiilej\u00e4.<\/li>\n<li>Yll\u00e4pidett\u00e4vyys: Helppo p\u00e4\u00e4sy huoltoa ja korjausta varten on v\u00e4ltt\u00e4m\u00e4t\u00f6nt\u00e4 seisokkiaikojen minimoimiseksi.<\/li>\n<\/ul>\n<p><img decoding=\"async\" src=\"https:\/\/www.hydraulic-cylinders.net\/wp-content\/uploads\/2025\/01\/songte-oil-pipes-and-spare-parts.webp\"><\/p>\n<h2>Tiivistys ja voitelu<\/h2>\n<p>Kauhasylinteriss\u00e4 k\u00e4ytet\u00e4\u00e4n erilaisia \u200b\u200btiivistyskomponentteja, kuten m\u00e4nn\u00e4ntiivisteit\u00e4 ja varren tiivisteit\u00e4, jotka on valmistettu kulutusta kest\u00e4vist\u00e4 materiaaleista, kuten polyuretaanista ja nitriilikumista. Sylinterin runko ja kierteitetyt p\u00e4\u00e4typinnat on hienok\u00e4sitelty kulutuskest\u00e4vyyden parantamiseksi. S\u00e4\u00e4nn\u00f6llinen voitelu sopivalla m\u00e4\u00e4r\u00e4ll\u00e4 hydrauli\u00f6ljy\u00e4 on v\u00e4ltt\u00e4m\u00e4t\u00f6nt\u00e4 sujuvan toiminnan varmistamiseksi.<\/p>\n<h2>S\u00e4\u00e4nn\u00f6llinen tarkastus ja ennaltaehk\u00e4isev\u00e4 huolto<\/h2>\n<p>Kauhasylinterin optimaalisen suorituskyvyn yll\u00e4pit\u00e4miseksi suositellaan s\u00e4\u00e4nn\u00f6llisi\u00e4 tarkastuksia ja ennaltaehk\u00e4isev\u00e4\u00e4 huoltoa. Seuraavat toimenpiteet on toteutettava:<\/p>\n<ul>\n<li>Sylinterin s\u00e4\u00e4nn\u00f6llinen tarkastus kulumisen, vaurioiden tai vuotojen varalta.<\/li>\n<li>Kaikkien liikkuvien osien asianmukainen voitelu varmistaa sujuvan toiminnan.<\/li>\n<li>Kuluneiden tai vaurioituneiden tiivisteiden oikea-aikainen vaihto vuotojen est\u00e4miseksi ja asianmukaisen tiivistyksen varmistamiseksi.<\/li>\n<li>Kalibrointitarkistukset tarkan toiminnan varmistamiseksi.<\/li>\n<\/ul>\n<h2>Oikean tuotteen asennusopas<\/h2>\n<p>Oikea asennus on ratkaisevan t\u00e4rke\u00e4\u00e4 kauhan sylinterin optimaalisen suorituskyvyn ja pitk\u00e4n k\u00e4ytt\u00f6i\u00e4n kannalta. Seuraavia vaiheita tulee noudattaa:<\/p>\n<ul>\n<li>Varmista sylinterin oikea kohdistus asennuksen aikana.<\/li>\n<li>K\u00e4yt\u00e4 sopivia asennuskiinnikkeit\u00e4 sylinterin kiinnitt\u00e4miseen paikalleen.<\/li>\n<li>Noudata suositeltuja tarkastus-, korjaus- ja vaihto-ohjeita.<\/li>\n<li>Tarjoa uudelleenrakennuspalveluita ja varaosia kauhan sylinterin k\u00e4ytt\u00f6i\u00e4n pident\u00e4miseksi.<\/li>\n<\/ul>\n<p><img decoding=\"async\" src=\"https:\/\/www.hydraulic-cylinders.net\/wp-content\/uploads\/2025\/01\/songte-chushion-collar.webp\"><\/p>\n<h2>Turvallisuusn\u00e4k\u00f6kohdat ja ymp\u00e4rist\u00f6tekij\u00e4t<\/h2>\n<p>Kauhapulloa k\u00e4ytett\u00e4ess\u00e4 on t\u00e4rke\u00e4\u00e4 priorisoida turvatoimenpiteet onnettomuuksien v\u00e4ltt\u00e4miseksi. Ymp\u00e4rist\u00f6tekij\u00e4t, kuten l\u00e4mp\u00f6tila ja kosteus, on my\u00f6s otettava huomioon pullon moitteettoman toiminnan ja pitk\u00e4n k\u00e4ytt\u00f6i\u00e4n varmistamiseksi.<\/p>\n<h2>Vianm\u00e4\u00e4ritys ja yleiset ongelmat<\/h2>\n<p>Jos kauhan sylinteriss\u00e4 ilmenee ongelmia, seuraavat vianm\u00e4\u00e4ritysvinkit ja -ratkaisut voivat auttaa diagnosoimaan ja ratkaisemaan ongelmat tehokkaasti. Varotoimenpiteit\u00e4 on ryhdytt\u00e4v\u00e4 mahdollisten ongelmien minimoimiseksi.<\/p>\n<p><img decoding=\"async\" src=\"https:\/\/www.hydraulic-cylinders.net\/wp-content\/uploads\/2025\/01\/songte-bushings-with-all-kinds-of-excavator-models.webp\"><\/p>\n<h2>Yrityksen yleiskatsaus<\/h2>\n<p>Olemme korvaavien hydraulisylinterien valmistaja ja meill\u00e4 on laaja tuotevalikoima. Olemme yksi johtavista hydraulisylinterien valmistajista ja tukkumyyjist\u00e4 sek\u00e4 kotimaisilla ett\u00e4 kansainv\u00e4lisill\u00e4 markkinoilla. Noudatamme erinomaisen laadun periaatteita ja luotamme teollisen tuotannon hallintastrategioihin hienosti varustellussa tuotantolaitoksessamme. Teknisten asiantuntijoidemme tiimin, huippuluokan tuotantolaitteiden ja ammattimaisten testausj\u00e4rjestelmien avulla parannamme jatkuvasti valmistusymp\u00e4rist\u00f6\u00e4mme ja tuotteiden laadun tuotantoreitti\u00e4mme. Meill\u00e4 on vahvat innovatiiviset valmiudet ja pyrimme vastaamaan asiakkaidemme monipuolisiin tarpeisiin tehokkaalla, tarkalla ja korkealaatuisella tuotteella.<\/p>\n<p><img decoding=\"async\" src=\"https:\/\/hzpt.com\/wp-content\/uploads\/2024\/11\/songte-company-1.webp\"><\/p>\n<h2>Yrityksen tiedot<\/h2>\n<p>Yrityksemme erottuu markkinoilla seuraavista syist\u00e4:<\/p>\n<ul>\n<li>Ammattimaisuus: Meill\u00e4 on asiantuntijatiimi, joka varmistaa korkeimman ammattitaidon kaikissa toiminnoissamme.<\/li>\n<li>Kansainv\u00e4liset sertifikaatit: Tuotteemme t\u00e4ytt\u00e4v\u00e4t kansainv\u00e4liset laatu- ja turvallisuusstandardit, mik\u00e4 varmistaa luotettavuuden ja asiakastyytyv\u00e4isyyden.<\/li>\n<li>R\u00e4\u00e4t\u00e4l\u00f6intipalvelut: Tarjoamme r\u00e4\u00e4t\u00e4l\u00f6intipalveluita vastaamaan asiakkaiden erityisvaatimuksia.<\/li>\n<li>Tuotantolaitteet: Tuotantolaitoksemme on varustettu edistyneill\u00e4 koneilla tarkan ja tehokkaan tuotannon varmistamiseksi.<\/li>\n<li>Myynnin j\u00e4lkeinen palvelu: Tarjoamme kattavia myynnin j\u00e4lkeisi\u00e4 palveluita varmistaen asiakastuen ja -tyytyv\u00e4isyyden.<\/li>\n<\/ul>\n<p><img decoding=\"async\" src=\"https:\/\/www.hydraulic-cylinders.net\/wp-content\/uploads\/2025\/01\/songte-company-3.webp\"><\/p>\n<p>Kirjoittaja: lyl<\/p>\n<p><\/body><br \/>\n<\/html><\/p>","protected":false},"excerpt":{"rendered":"<p>Bucket Cylinder For Sumitomo Middle Excavator LS430FJ2 Bucket Cylinder For Sumitomo Middle Excavator LS430FJ2 Introduction The bucket cylinder is a specially designed hydraulic cylinder used to control the movement of the bucket in heavy machinery such as excavators, backhoe loaders, and front-end loaders. Its main function is to enable the lifting, lowering, and tilting of [&hellip;]<\/p>","protected":false},"featured_media":14788,"comment_status":"open","ping_status":"closed","template":"","meta":{"_et_pb_use_builder":"","_et_pb_old_content":"","_et_gb_content_width":""},"product_brand":[],"product_cat":[1494],"product_tag":[1495,1496],"class_list":{"0":"post-15178","1":"product","2":"type-product","3":"status-publish","4":"has-post-thumbnail","6":"product_cat-bucket-cylinders","7":"product_tag-bucket-cylinders","8":"product_tag-hydraulic-cylinders","10":"first","11":"instock","12":"shipping-taxable","13":"product-type-simple"},"amp_enabled":true,"_links":{"self":[{"href":"https:\/\/www.hydraulic-cylinders.net\/fi\/wp-json\/wp\/v2\/product\/15178","targetHints":{"allow":["GET"]}}],"collection":[{"href":"https:\/\/www.hydraulic-cylinders.net\/fi\/wp-json\/wp\/v2\/product"}],"about":[{"href":"https:\/\/www.hydraulic-cylinders.net\/fi\/wp-json\/wp\/v2\/types\/product"}],"replies":[{"embeddable":true,"href":"https:\/\/www.hydraulic-cylinders.net\/fi\/wp-json\/wp\/v2\/comments?post=15178"}],"wp:featuredmedia":[{"embeddable":true,"href":"https:\/\/www.hydraulic-cylinders.net\/fi\/wp-json\/wp\/v2\/media\/14788"}],"wp:attachment":[{"href":"https:\/\/www.hydraulic-cylinders.net\/fi\/wp-json\/wp\/v2\/media?parent=15178"}],"wp:term":[{"taxonomy":"product_brand","embeddable":true,"href":"https:\/\/www.hydraulic-cylinders.net\/fi\/wp-json\/wp\/v2\/product_brand?post=15178"},{"taxonomy":"product_cat","embeddable":true,"href":"https:\/\/www.hydraulic-cylinders.net\/fi\/wp-json\/wp\/v2\/product_cat?post=15178"},{"taxonomy":"product_tag","embeddable":true,"href":"https:\/\/www.hydraulic-cylinders.net\/fi\/wp-json\/wp\/v2\/product_tag?post=15178"}],"curies":[{"name":"wp","href":"https:\/\/api.w.org\/{rel}","templated":true}]}}