{"id":15194,"date":"2025-01-19T14:13:23","date_gmt":"2025-01-19T14:13:23","guid":{"rendered":"https:\/\/www.hydraulic-cylinders.net\/product\/bucket-cylinder-for-jcb-small-excavator-js13lc\/"},"modified":"2025-01-19T14:13:25","modified_gmt":"2025-01-19T14:13:25","slug":"bucket-cylinder-for-jcb-small-excavator-js13lc","status":"publish","type":"product","link":"https:\/\/www.hydraulic-cylinders.net\/fi\/tuote\/bucket-cylinder-for-jcb-small-excavator-js13lc\/","title":{"rendered":"Kauhan sylinteri JCB:n pienelle kaivinkoneelle JS13LC"},"content":{"rendered":"<p><!DOCTYPE html><br \/>\n<html><br \/>\n<head><br \/>\n<meta charset=\"UTF-8\"><br \/>\n<title>Kauhan sylinteri JCB:n pienelle kaivinkoneelle JS13LC<\/title><br \/>\n<\/head><br \/>\n<body><\/p>\n<h1>Kauhan sylinteri JCB:n pienelle kaivinkoneelle JS13LC<\/h1>\n<h2>Johdanto<\/h2>\n<p>Kauhasylinteri on erityisesti suunniteltu hydraulisylinteri, jota k\u00e4ytet\u00e4\u00e4n kauhan liikkeen ohjaamiseen raskaissa koneissa, kuten kaivinkoneissa, kaivurikuormaajissa ja etukuormaajissa. Sen p\u00e4\u00e4teht\u00e4v\u00e4n\u00e4 on mahdollistaa kauhan nostaminen, laskeminen ja kallistaminen, mik\u00e4 helpottaa erilaisia \u200b\u200bmateriaalink\u00e4sittelyteht\u00e4vi\u00e4. Hydraulij\u00e4rjestelm\u00e4ss\u00e4 kauhasylinteri saavuttaa kauhan tarkan hallinnan hy\u00f6dynt\u00e4m\u00e4ll\u00e4 hydrauli\u00f6ljyn paineenmuutoksia, jolloin k\u00e4ytt\u00e4j\u00e4t voivat k\u00e4sitell\u00e4 raskaita kuormia tehokkaasti ja sopeutua monimutkaisiin ty\u00f6ymp\u00e4rist\u00f6ihin ja erilaisiin ty\u00f6vaatimuksiin.<\/p>\n<p><img decoding=\"async\" src=\"https:\/\/www.hydraulic-cylinders.net\/wp-content\/uploads\/2025\/01\/songte-company-2.webp\" alt=\"Kauhan sylinterin kuva\"><\/p>\n<h2>Ominaisuudet<\/h2>\n<ul>\n<li>Korkea lujuus ja kest\u00e4vyys: Kauhasylinteri on tyypillisesti valmistettu eritt\u00e4in lujasta ter\u00e4ksest\u00e4 tai alumiinista, ja se kest\u00e4\u00e4 korkeaa painetta ja raskaita kuormia, joten se sopeutuu vaativiin ty\u00f6ymp\u00e4rist\u00f6ihin. Sen suunnittelussa on otettu huomioon kulumiskest\u00e4vyys ja korroosionkest\u00e4vyys, mik\u00e4 pident\u00e4\u00e4 sen k\u00e4ytt\u00f6ik\u00e4\u00e4.<\/li>\n<li>Tehokas hydraulinen toiminta: Hydrauli\u00f6ljyn paineen ansiosta kauhan sylinteri saavuttaa tasaiset teleskooppiliikkeet, mik\u00e4 mahdollistaa nopean reagoinnin ohjauskomentoihin ja tarjoaa tehokkaat ty\u00f6nt\u00f6- ja vetovoimat, jotka sopivat raskaiden kuormien k\u00e4sittelyyn ja monimutkaisiin k\u00e4ytt\u00f6teht\u00e4viin.<\/li>\n<li>Erilaisia \u200b\u200btyyppej\u00e4: Kauhasylinteri voidaan valita tarpeiden mukaan yksitoimiseksi (hydrauliikkaa k\u00e4ytet\u00e4\u00e4n vain yhteen suuntaan) tai kaksitoimiseksi (hydrauliikkaa k\u00e4ytet\u00e4\u00e4n molempiin suuntiin) sylinteriksi, jotka vastaavat erilaisiin k\u00e4ytt\u00f6vaatimuksiin. Jotkut mallit ovat teleskooppisia, mik\u00e4 mahdollistaa suuremman jatkeen ilman ulkomittojen kasvua, mik\u00e4 sopii sovelluksiin, joissa on rajoitetusti tilaa.<\/li>\n<li>Tuotteen vaihto: Kauhasylinterimme voi t\u00e4ydellisesti korvata n\u00e4m\u00e4 hydraulisylinterit.<\/li>\n<\/ul>\n<p><img decoding=\"async\" src=\"https:\/\/www.hydraulic-cylinders.net\/wp-content\/uploads\/2025\/01\/songte-cylinder-head-with-all-kinds-excavator-models.webp\" alt=\"Tuotekuva\"><\/p>\n<h2>Sovellukset<\/h2>\n<p>Kauhasylinteri\u00e4 k\u00e4ytet\u00e4\u00e4n erilaisissa laitteissa:<\/p>\n<ul>\n<li>Rakennuskoneet: Kaivinkoneissa k\u00e4ytett\u00e4vi\u00e4 laitteita on ratkaisevan t\u00e4rke\u00e4\u00e4 kaivamiseen, lastaamiseen ja maaper\u00e4n tai roskien siirt\u00e4miseen. Kaivurikuormaajissa kauhan sylinteri avustaa sek\u00e4 kaivamisessa ett\u00e4 nostamisessa.<\/li>\n<li>Maatalouskoneet: Niit\u00e4 k\u00e4ytet\u00e4\u00e4n etukuormaajissa, ja ne auttavat maaper\u00e4n, hein\u00e4n ja muiden materiaalien kauhomisessa, nostamisessa ja kuljettamisessa.<\/li>\n<li>Kaivinkoneet: Kauhan sylinteri mahdollistaa kaivamisen antamalla kauhan tunkeutua maaper\u00e4\u00e4n.<\/li>\n<li>Kuormaajat: Etukuormaajissa ne auttavat tavaroiden tehokkaassa nostamisessa ja kallistamisessa.<\/li>\n<\/ul>\n<h2>Suunnittelun\u00e4k\u00f6kohdat ja valintakriteerit<\/h2>\n<p>Kauhasylintereiden suunnittelussa otetaan huomioon useita tekij\u00f6it\u00e4:<\/p>\n<ul>\n<li>Kantavuus: Sylinterin on kestett\u00e4v\u00e4 vaadittu kuorma vaurioitta.<\/li>\n<li>Tiivistys: Erilaisia \u200b\u200btiivistyskomponentteja, kuten m\u00e4nn\u00e4ntiivisteit\u00e4 ja varren tiivisteit\u00e4, k\u00e4ytet\u00e4\u00e4n varmistamaan asianmukainen tiivistys. N\u00e4m\u00e4 tiivisteet on valmistettu kulutusta kest\u00e4vist\u00e4 materiaaleista, kuten polyuretaanista ja nitriilikumista.<\/li>\n<li>Kest\u00e4vyys: Sylinterin runko ja kierteitetyt p\u00e4\u00e4t on k\u00e4sitelty tarkasti kulutuskest\u00e4vyyden parantamiseksi.<\/li>\n<li>Turvallisuus: Turvatoimenpiteit\u00e4 pidet\u00e4\u00e4n kauhan sylinterin turvallisen toiminnan varmistamiseksi.<\/li>\n<li>Huollettavuus: Kauhasylinterit on suunniteltu helppoon huoltoon ja korjaukseen.<\/li>\n<\/ul>\n<p><img decoding=\"async\" src=\"https:\/\/www.hydraulic-cylinders.net\/wp-content\/uploads\/2025\/01\/songte-oil-pipes-and-spare-parts.webp\" alt=\"Tuotekuva\"><\/p>\n<h2>Tiivistys ja voitelu<\/h2>\n<p>Kauhasylintereiss\u00e4 k\u00e4ytet\u00e4\u00e4n erilaisia \u200b\u200btiivistyskomponentteja, kuten m\u00e4nn\u00e4ntiivisteit\u00e4 ja varren tiivisteit\u00e4, jotka on valmistettu kulutusta kest\u00e4vist\u00e4 materiaaleista, kuten polyuretaanista ja nitriilikumista. Sylinterin runko ja kierteitetyt p\u00e4\u00e4t on k\u00e4sitelty tarkasti kulutuskest\u00e4vyyden parantamiseksi. S\u00e4\u00e4nn\u00f6llinen voitelu sopivalla m\u00e4\u00e4r\u00e4ll\u00e4 hydrauli\u00f6ljy\u00e4 on v\u00e4ltt\u00e4m\u00e4t\u00f6nt\u00e4 sujuvan toiminnan varmistamiseksi.<\/p>\n<h2>S\u00e4\u00e4nn\u00f6llinen tarkastus ja ennaltaehk\u00e4isev\u00e4 huolto<\/h2>\n<p>S\u00e4\u00e4nn\u00f6llinen tarkastus ja ennaltaehk\u00e4isev\u00e4 huolto ovat v\u00e4ltt\u00e4m\u00e4tt\u00f6mi\u00e4 kauhan sylinterin pitk\u00e4ik\u00e4isyyden kannalta. Joitakin suositeltuja toimenpiteit\u00e4 ovat:<\/p>\n<ul>\n<li>Tarkastetaan vuotoja tai vaurioita<\/li>\n<li>Kaikkien liikkuvien osien asianmukainen voitelu<\/li>\n<li>Tiivisteiden ja laakerirenkaiden s\u00e4\u00e4nn\u00f6llinen vaihto<\/li>\n<li>Kalibrointitarkastukset tarkan toiminnan varmistamiseksi<\/li>\n<\/ul>\n<p><img decoding=\"async\" src=\"https:\/\/www.hydraulic-cylinders.net\/wp-content\/uploads\/2025\/01\/songte-chushion-collar.webp\" alt=\"Tuotekuva\"><\/p>\n<h2>Turvallisuusn\u00e4k\u00f6kohdat ja ymp\u00e4rist\u00f6tekij\u00e4t<\/h2>\n<p>Turvatoimenpiteiden huomioiminen kauhasylintereit\u00e4 k\u00e4ytett\u00e4ess\u00e4 on \u00e4\u00e4rimm\u00e4isen t\u00e4rke\u00e4\u00e4. Turvallisuusohjeita on noudatettava onnettomuuksien ehk\u00e4isemiseksi ja k\u00e4ytt\u00e4jien ja ymp\u00e4r\u00f6iv\u00e4n ymp\u00e4rist\u00f6n hyvinvoinnin varmistamiseksi.<\/p>\n<h2>Vianm\u00e4\u00e4ritys ja yleiset ongelmat<\/h2>\n<p>Joitakin yleisi\u00e4 ongelmia, joita kauhasylintereihin voi liitty\u00e4, ovat:<\/p>\n<ul>\n<li>Hydrauli\u00f6ljyn vuoto<\/li>\n<li>Suorituskyvyn heikkeneminen tai tehon menetys<\/li>\n<li>Ep\u00e4normaaleja \u00e4\u00e4ni\u00e4 k\u00e4yt\u00f6n aikana<\/li>\n<\/ul>\n<p>N\u00e4iden ongelmien ratkaisemiseksi seuraavat vinkit ja ratkaisut voivat auttaa diagnosoimaan ja ratkaisemaan ongelmia tehokkaasti. Lis\u00e4ksi voidaan toteuttaa ennaltaehk\u00e4isevi\u00e4 toimenpiteit\u00e4 mahdollisten ongelmien minimoimiseksi.<\/p>\n<p><img decoding=\"async\" src=\"https:\/\/www.hydraulic-cylinders.net\/wp-content\/uploads\/2025\/01\/songte-bushings-with-all-kinds-of-excavator-models.webp\" alt=\"Tuotekuva\"><\/p>\n<h2>Huoltoteht\u00e4v\u00e4t<\/h2>\n<p>Kolme yleist\u00e4 kauhasylinterien huoltoteht\u00e4v\u00e4\u00e4 ovat:<\/p>\n<ul>\n<li>S\u00e4\u00e4nn\u00f6lliset tarkastukset<\/li>\n<li>Oikea voitelu<\/li>\n<li>Tiivisteiden vaihto ja kalibrointitarkastukset<\/li>\n<\/ul>\n<p>Asianmukainen asennus, voitelu ja s\u00e4\u00e4t\u00f6 ovat ratkaisevan t\u00e4rkeit\u00e4, ja asennuksen aikana annetaan asianmukaiset kohdistusohjeet. On suositeltavaa k\u00e4ytt\u00e4\u00e4 sopivia kiinnityskiinnikkeit\u00e4 sylinterin kiinnitt\u00e4miseen. Kauhasylinterin k\u00e4ytt\u00f6i\u00e4n pident\u00e4miseksi annetaan suositellut tarkastus-, korjaus- ja vaihtomenettelyt.<\/p>\n<h2>Tietoa yrityksest\u00e4mme<\/h2>\n<p>Olemme hydraulisten sylinterien valmistaja ja tarjoamme laajan valikoiman tuotteita. Olemme yksi johtavista hydraulisten sylinterien valmistajista ja tukkumyyjist\u00e4 kotimaisilla ja kansainv\u00e4lisill\u00e4 markkinoilla. Keskittym\u00e4ll\u00e4 erinomaiseen laatuun ja teollistettuihin tuotannonohjausstrategioihin hienostuneissa tuotantotiloissamme parannamme jatkuvasti valmistusymp\u00e4rist\u00f6\u00e4mme ja tehostamme tuotteiden laatua. Meill\u00e4 on vahva luova kyky ja pyrimme vastaamaan monipuolisiin asiakastarpeisiin korkealla tehokkuudella, tarkkuudella ja laadulla.<\/p>\n<p><img decoding=\"async\" src=\"https:\/\/www.hydraulic-cylinders.net\/wp-content\/uploads\/2025\/01\/songte-company-3.webp\" alt=\"Yrityksen imago\"><\/p>\n<h2>Yrityksen yleiskatsaus<\/h2>\n<ul>\n<li>Ammattitaito: Meill\u00e4 on teknist\u00e4 asiantuntemusta ja noudatamme kansainv\u00e4lisi\u00e4 sertifikaatteja.<\/li>\n<li>R\u00e4\u00e4t\u00e4l\u00f6inti: Tarjoamme r\u00e4\u00e4t\u00e4l\u00f6ityj\u00e4 palveluita vastaamaan erityisvaatimuksia.<\/li>\n<li>Tuotantolaitteet: K\u00e4yt\u00e4mme edistyneit\u00e4 valmistuslaitteita.<\/li>\n<li>Myynnin j\u00e4lkeinen palvelu: Tarjoamme kattavaa myynnin j\u00e4lkeist\u00e4 palvelua.<\/li>\n<\/ul>\n<p>Kirjoittaja: lyl<\/p>\n<p><img decoding=\"async\" src=\"https:\/\/hzpt.com\/wp-content\/uploads\/2024\/11\/songte-company-1.webp\" alt=\"Yrityksen imago\"><\/p>\n<p><\/body><br \/>\n<\/html><\/p>","protected":false},"excerpt":{"rendered":"<p>Bucket Cylinder For JCB Small Excavator JS13LC Bucket Cylinder For JCB Small Excavator JS13LC Introduction A bucket cylinder is a specially designed hydraulic cylinder used to control the movement of the bucket in heavy machinery such as excavators, backhoe loaders, and front loaders. Its main function is to enable the lifting, lowering, and tilting of [&hellip;]<\/p>","protected":false},"featured_media":14787,"comment_status":"open","ping_status":"closed","template":"","meta":{"_et_pb_use_builder":"","_et_pb_old_content":"","_et_gb_content_width":""},"product_brand":[],"product_cat":[1494],"product_tag":[1495,1496],"class_list":{"0":"post-15194","1":"product","2":"type-product","3":"status-publish","4":"has-post-thumbnail","6":"product_cat-bucket-cylinders","7":"product_tag-bucket-cylinders","8":"product_tag-hydraulic-cylinders","10":"first","11":"instock","12":"shipping-taxable","13":"product-type-simple"},"amp_enabled":true,"_links":{"self":[{"href":"https:\/\/www.hydraulic-cylinders.net\/fi\/wp-json\/wp\/v2\/product\/15194","targetHints":{"allow":["GET"]}}],"collection":[{"href":"https:\/\/www.hydraulic-cylinders.net\/fi\/wp-json\/wp\/v2\/product"}],"about":[{"href":"https:\/\/www.hydraulic-cylinders.net\/fi\/wp-json\/wp\/v2\/types\/product"}],"replies":[{"embeddable":true,"href":"https:\/\/www.hydraulic-cylinders.net\/fi\/wp-json\/wp\/v2\/comments?post=15194"}],"wp:featuredmedia":[{"embeddable":true,"href":"https:\/\/www.hydraulic-cylinders.net\/fi\/wp-json\/wp\/v2\/media\/14787"}],"wp:attachment":[{"href":"https:\/\/www.hydraulic-cylinders.net\/fi\/wp-json\/wp\/v2\/media?parent=15194"}],"wp:term":[{"taxonomy":"product_brand","embeddable":true,"href":"https:\/\/www.hydraulic-cylinders.net\/fi\/wp-json\/wp\/v2\/product_brand?post=15194"},{"taxonomy":"product_cat","embeddable":true,"href":"https:\/\/www.hydraulic-cylinders.net\/fi\/wp-json\/wp\/v2\/product_cat?post=15194"},{"taxonomy":"product_tag","embeddable":true,"href":"https:\/\/www.hydraulic-cylinders.net\/fi\/wp-json\/wp\/v2\/product_tag?post=15194"}],"curies":[{"name":"wp","href":"https:\/\/api.w.org\/{rel}","templated":true}]}}