{"id":15195,"date":"2025-01-19T14:13:27","date_gmt":"2025-01-19T14:13:27","guid":{"rendered":"https:\/\/www.hydraulic-cylinders.net\/product\/bucket-cylinder-for-jcb-small-excavator-js200sc\/"},"modified":"2025-01-19T14:13:29","modified_gmt":"2025-01-19T14:13:29","slug":"bucket-cylinder-for-jcb-small-excavator-js200sc","status":"publish","type":"product","link":"https:\/\/www.hydraulic-cylinders.net\/fi\/tuote\/bucket-cylinder-for-jcb-small-excavator-js200sc\/","title":{"rendered":"Kauhan sylinteri JCB:n pienelle kaivinkoneelle JS200SC"},"content":{"rendered":"<h1>Kauhan sylinteri JCB:n pienelle kaivinkoneelle JS200SC<\/h1>\n<h2>Johdanto<\/h2>\n<p>JCB:n JS200SC-pienkaivukoneen kauhan sylinteri on erityisesti suunniteltu hydraulisylinteri, jota k\u00e4ytet\u00e4\u00e4n kauhan liikkeen ohjaamiseen raskaissa koneissa, kuten kaivinkoneissa, traktorikaivureissa ja etukuormaajissa. Sen p\u00e4\u00e4teht\u00e4v\u00e4n\u00e4 on mahdollistaa kauhan nostaminen, laskeminen ja kallistaminen, mik\u00e4 helpottaa erilaisten materiaalink\u00e4sittelyteht\u00e4vien k\u00e4sittely\u00e4. Hydraulij\u00e4rjestelm\u00e4ss\u00e4 kauhan sylinteri ohjaa kauhan tarkkoja liikkeit\u00e4 muuttamalla hydrauli\u00f6ljyn painetta, jolloin k\u00e4ytt\u00e4j\u00e4t voivat k\u00e4sitell\u00e4 raskaita kuormia tehokkaasti ja sopeutua monimutkaisiin ty\u00f6ymp\u00e4rist\u00f6ihin ja erilaisiin k\u00e4ytt\u00f6tarpeisiin.<\/p>\n<p><img decoding=\"async\" src=\"https:\/\/www.hydraulic-cylinders.net\/wp-content\/uploads\/2025\/01\/songte-company-2.webp\" alt=\"Kauhan sylinteri\"><\/p>\n<h2>Ominaisuudet<\/h2>\n<ul>\n<li>Suuri lujuus ja kest\u00e4vyys: Tyypillisesti valmistettu eritt\u00e4in lujasta ter\u00e4ksest\u00e4 tai alumiinista, kest\u00e4\u00e4 korkeaa painetta ja raskaita kuormia, soveltuu vaativiin ty\u00f6ymp\u00e4rist\u00f6ihin ja on suunniteltu kulutus- ja korroosionkest\u00e4vyys huomioon ottaen k\u00e4ytt\u00f6i\u00e4n pident\u00e4miseksi.<\/li>\n<li>Tehokas hydraulinen toiminta: Hy\u00f6dynt\u00e4\u00e4 hydrauli\u00f6ljyn painetta tasaisten pidennys- ja sis\u00e4\u00e4nvetoliikkeiden saavuttamiseksi, reagoi nopeasti ohjauskomentoihin ja tarjoaa tehokkaita ty\u00f6nt\u00f6- ja vetovoimia, sopii raskaiden kuormien k\u00e4sittelyyn ja monimutkaisiin k\u00e4ytt\u00f6teht\u00e4viin.<\/li>\n<li>Erilaisia \u200b\u200btyyppej\u00e4: Yksitoimiset (hydraulinen paine vain yhteen suuntaan) tai kaksitoimiset (hydraulinen paine molempiin suuntiin) sylinterit voidaan valita k\u00e4ytt\u00f6tarpeiden mukaan. Jotkut mallit ovat teleskooppisia, mik\u00e4 mahdollistaa suuremman jatkeen ilman ulkomittojen kasvua, joten ne sopivat rajoitetusti tilaa vaativiin sovelluksiin.<\/li>\n<li>Vaihdettava: Tuotteemme on t\u00e4ydellinen korvaaja n\u00e4ille hydraulisylintereille.<\/li>\n<\/ul>\n<p><img decoding=\"async\" src=\"https:\/\/www.hydraulic-cylinders.net\/wp-content\/uploads\/2025\/01\/songte-cylinder-head-with-all-kinds-excavator-models.webp\" alt=\"Kauhan sylinteri\"><\/p>\n<h2>Sovellukset<\/h2>\n<p>JCB-pienkaivukoneen JS200SC kauhasylinteri\u00e4 k\u00e4ytet\u00e4\u00e4n laajalti useilla eri teollisuudenaloilla, kuten:<\/p>\n<ul>\n<li>Rakennuslaitteet: Kaivinkoneissa ne ovat v\u00e4ltt\u00e4m\u00e4tt\u00f6mi\u00e4 maan tai roskien kaivamiseen, lastaamiseen ja siirt\u00e4miseen. Kaivinkoneissa kauhan sylinterit auttavat sek\u00e4 kaivamisessa ett\u00e4 nostamisessa. <\/li>\n<li>Maatalouskoneet: K\u00e4ytet\u00e4\u00e4n etukuormaajissa maaper\u00e4n, hein\u00e4n ja muiden materiaalien kauhaukseen, nostamiseen ja kuljettamiseen. <\/li>\n<li>Kaivinkoneet: Kauhasylinterit mahdollistavat kaivutoiminnot antamalla kauhan tunkeutua maaper\u00e4\u00e4n. <\/li>\n<li>Kuormaajat: Etukuormaajissa ne auttavat tavaroiden tehokkaassa nostamisessa ja tyhjent\u00e4misess\u00e4. <\/li>\n<\/ul>\n<p>JCB:n JS200SC-pienkaivukoneen kauhan sylinteri on eritt\u00e4in monipuolinen, joten se on v\u00e4ltt\u00e4m\u00e4t\u00f6n hydraulisylinteri useille eri teollisuudenaloille ja sovelluksiin.<\/p>\n<h2>Suunnittelun\u00e4k\u00f6kohdat ja valintakriteerit<\/h2>\n<p>JCB-pienkaivukoneen JS200SC kauhan sylinterin suunnittelussa on otettava huomioon:<\/p>\n<ul>\n<li>Kuormitettavuus: Sylinterin on kestett\u00e4v\u00e4 tietyn sovelluksen vaatima kuormitettavuus.<\/li>\n<li>Tiivistys: Hydraulinesteen vuotojen est\u00e4miseksi k\u00e4ytet\u00e4\u00e4n erilaisia \u200b\u200btiivisteit\u00e4, kuten m\u00e4nn\u00e4ntiivisteit\u00e4, varren tiivisteit\u00e4 ja muita.<\/li>\n<li>Kest\u00e4vyys: Valmistettu eritt\u00e4in lujista materiaaleista ja pintak\u00e4sitelty kulumisen ja korroosionkest\u00e4vyyden parantamiseksi.<\/li>\n<li>Turvallisuus: Suunniteltu turvaominaisuuksilla, kuten paineenalennusventtiileill\u00e4, ylikuormituksen ja \u00e4killisten onnettomuuksien est\u00e4miseksi.<\/li>\n<li>Yll\u00e4pidett\u00e4vyys: Suunniteltu huoltoa ajatellen, mahdollistaen osien helpon saatavuuden ja vaihdon.<\/li>\n<\/ul>\n<p><img decoding=\"async\" src=\"https:\/\/www.hydraulic-cylinders.net\/wp-content\/uploads\/2025\/01\/songte-oil-pipes-and-spare-parts.webp\" alt=\"Kauhan sylinteri\"><\/p>\n<h2>Tiivistys ja voitelu<\/h2>\n<p>JCB-pienkaivukoneen JS200SC kauhan sylinteriss\u00e4 k\u00e4ytet\u00e4\u00e4n erilaisia \u200b\u200btiivisteit\u00e4, mukaan lukien m\u00e4nn\u00e4ntiivisteet ja varren tiivisteet, jotka on valmistettu kulutusta kest\u00e4vist\u00e4 materiaaleista, kuten polyuretaanista ja nitriilikumista. Sylinterin runko ja kierteitetyt p\u00e4\u00e4typinnat on hienok\u00e4sitelty kulutuskest\u00e4vyyden parantamiseksi. S\u00e4\u00e4nn\u00f6llinen voitelu hydrauliikka\u00f6ljyll\u00e4 on v\u00e4ltt\u00e4m\u00e4t\u00f6nt\u00e4, jotta sylinteri toimii sujuvasti ja tehokkaasti.<\/p>\n<p><img decoding=\"async\" src=\"https:\/\/www.hydraulic-cylinders.net\/wp-content\/uploads\/2025\/01\/songte-chushion-collar.webp\" alt=\"Kauhan sylinteri\"><\/p>\n<h2>Tarkastus ja ennakoiva huolto<\/h2>\n<p>S\u00e4\u00e4nn\u00f6llinen tarkastus ja ennaltaehk\u00e4isev\u00e4 huolto ovat ratkaisevan t\u00e4rkeit\u00e4 JCB:n pienkaivukoneen JS200SC kauhan sylinterin moitteettoman toiminnan varmistamiseksi. Joitakin yleisi\u00e4 huoltoteht\u00e4vi\u00e4 ovat:<\/p>\n<ul>\n<li>Sylinterin s\u00e4\u00e4nn\u00f6llinen tarkastus kulumisen ja vaurioiden varalta.<\/li>\n<li>Sylinterin s\u00e4\u00e4nn\u00f6llinen voitelu hydrauliikka\u00f6ljyll\u00e4.<\/li>\n<li>Tiivisteiden vaihto ja kalibrointitarkastukset.<\/li>\n<\/ul>\n<p>Oikea asennus, voitelu ja s\u00e4\u00e4t\u00f6 ovat olennaisia \u200b\u200bkauhasylinterin pitk\u00e4ik\u00e4isyyden varmistamiseksi. Sylinterin kiinnitt\u00e4miseen sopivien asennuskiinnikkeiden k\u00e4ytt\u00e4minen ja suositeltujen tarkastus-, korjaus- ja vaihto-ohjeiden noudattaminen voivat my\u00f6s pident\u00e4\u00e4 sylinterin k\u00e4ytt\u00f6ik\u00e4\u00e4.<\/p>\n<h2>Turvallisuusn\u00e4k\u00f6kohdat ja ymp\u00e4rist\u00f6tekij\u00e4t<\/h2>\n<p>K\u00e4ytett\u00e4ess\u00e4 kauhan sylinteri\u00e4 JCB:n pienkaivukoneessa JS200SC on t\u00e4rke\u00e4\u00e4 noudattaa turvaohjeita, kuten k\u00e4ytt\u00e4\u00e4 asianmukaisia \u200b\u200bhenkil\u00f6nsuojaimia ja noudattaa suositeltuja turvallisuusohjeita. Lis\u00e4ksi asennuksen ja k\u00e4yt\u00f6n aikana on otettava huomioon ymp\u00e4rist\u00f6tekij\u00e4t, kuten l\u00e4mp\u00f6tila ja kosteus.<\/p>\n<p><img decoding=\"async\" src=\"https:\/\/www.hydraulic-cylinders.net\/wp-content\/uploads\/2025\/01\/songte-bushings-with-all-kinds-of-excavator-models.webp\" alt=\"Kauhan sylinteri\"><\/p>\n<h2>Vianm\u00e4\u00e4ritys ja yleiset ongelmat<\/h2>\n<p>Kun JCB-pienkaivukoneen JS200SC kauhan sylinteriss\u00e4 on ongelmia, on t\u00e4rke\u00e4\u00e4 diagnosoida ongelma ja ryhty\u00e4 asianmukaisiin korjaaviin toimenpiteisiin. Joitakin yleisi\u00e4 ongelmia ovat:<\/p>\n<ul>\n<li>Hydraulinesteen vuoto kuluneiden tiivisteiden tai vaurioituneiden pintojen vuoksi.<\/li>\n<li>Heikentynyt suorituskyky alhaisen hydraulipaineen tai tukkeutuneiden \u00f6ljynsuodattimien vuoksi.<\/li>\n<li>Liiallinen t\u00e4rin\u00e4 tai melu kuluneiden laakereiden tai l\u00f6ysien osien vuoksi.<\/li>\n<\/ul>\n<p>S\u00e4\u00e4nn\u00f6llinen tarkastus, asianmukainen voitelu ja huolto voivat auttaa est\u00e4m\u00e4\u00e4n t\u00e4llaisten ongelmien syntymisen ja varmistamaan JCB:n pienkaivukoneen JS200SC kauhan sylinterin sujuvan ja tehokkaan toiminnan.<\/p>\n<h2>Tietoa yrityksest\u00e4mme<\/h2>\n<p>Olemme johtava hydraulisylintereiden valmistaja ja tukkumyyj\u00e4, mukaan lukien JCB:n JS200SC-pienkaivukoneen kauhasylinterit. Tuotevalikoimamme on monipuolinen, ja olemme sitoutuneet huippulaatuun ja asiakastyytyv\u00e4isyyteen.<\/p>\n<p>Yrityksell\u00e4mme on huippumoderni tuotantolaitos, ja k\u00e4yt\u00e4mme huipputeknologiaa ja ammattimaisia \u200b\u200btestausj\u00e4rjestelmi\u00e4 parantaaksemme tuotantotehokkuutta ja tuotteiden laatua. Tarjoamme r\u00e4\u00e4t\u00e4l\u00f6ityj\u00e4 palveluita vastaamaan asiakkaidemme monipuolisiin tarpeisiin. Tuotteemme ovat kansainv\u00e4lisesti sertifioituja, ja tarjoamme kattavia j\u00e4lkimarkkinointipalveluita asiakastyytyv\u00e4isyyden varmistamiseksi.<\/p>\n<p><img decoding=\"async\" src=\"https:\/\/hzpt.com\/wp-content\/uploads\/2024\/11\/songte-company-1.webp\" alt=\"Yrityksen imago\"><\/p>\n<p>Kiitos, ett\u00e4 valitsit tuotteemme. Lis\u00e4tietoja saat ottamalla meihin yhteytt\u00e4.<\/p>\n<p>Kirjoittaja: lyl<\/p>","protected":false},"excerpt":{"rendered":"<p>Bucket Cylinder For JCB Small Excavator JS200SC Introduction The bucket cylinder for JCB small excavator JS200SC is a specially designed hydraulic cylinder used for controlling the movement of the bucket in heavy machinery such as excavators, backhoe excavators, and front-end loaders. Its main function is to enable the bucket to lift, lower, and tilt, making [&hellip;]<\/p>","protected":false},"featured_media":14785,"comment_status":"open","ping_status":"closed","template":"","meta":{"_et_pb_use_builder":"","_et_pb_old_content":"","_et_gb_content_width":""},"product_brand":[],"product_cat":[1494],"product_tag":[1495,1496],"class_list":{"0":"post-15195","1":"product","2":"type-product","3":"status-publish","4":"has-post-thumbnail","6":"product_cat-bucket-cylinders","7":"product_tag-bucket-cylinders","8":"product_tag-hydraulic-cylinders","10":"first","11":"instock","12":"shipping-taxable","13":"product-type-simple"},"amp_enabled":true,"_links":{"self":[{"href":"https:\/\/www.hydraulic-cylinders.net\/fi\/wp-json\/wp\/v2\/product\/15195","targetHints":{"allow":["GET"]}}],"collection":[{"href":"https:\/\/www.hydraulic-cylinders.net\/fi\/wp-json\/wp\/v2\/product"}],"about":[{"href":"https:\/\/www.hydraulic-cylinders.net\/fi\/wp-json\/wp\/v2\/types\/product"}],"replies":[{"embeddable":true,"href":"https:\/\/www.hydraulic-cylinders.net\/fi\/wp-json\/wp\/v2\/comments?post=15195"}],"wp:featuredmedia":[{"embeddable":true,"href":"https:\/\/www.hydraulic-cylinders.net\/fi\/wp-json\/wp\/v2\/media\/14785"}],"wp:attachment":[{"href":"https:\/\/www.hydraulic-cylinders.net\/fi\/wp-json\/wp\/v2\/media?parent=15195"}],"wp:term":[{"taxonomy":"product_brand","embeddable":true,"href":"https:\/\/www.hydraulic-cylinders.net\/fi\/wp-json\/wp\/v2\/product_brand?post=15195"},{"taxonomy":"product_cat","embeddable":true,"href":"https:\/\/www.hydraulic-cylinders.net\/fi\/wp-json\/wp\/v2\/product_cat?post=15195"},{"taxonomy":"product_tag","embeddable":true,"href":"https:\/\/www.hydraulic-cylinders.net\/fi\/wp-json\/wp\/v2\/product_tag?post=15195"}],"curies":[{"name":"wp","href":"https:\/\/api.w.org\/{rel}","templated":true}]}}