{"id":15205,"date":"2025-01-19T14:14:12","date_gmt":"2025-01-19T14:14:12","guid":{"rendered":"https:\/\/www.hydraulic-cylinders.net\/product\/bucket-cylinder-for-caterpillar-small-excavator-e314dcr\/"},"modified":"2025-01-19T14:14:14","modified_gmt":"2025-01-19T14:14:14","slug":"bucket-cylinder-for-caterpillar-small-excavator-e314dcr","status":"publish","type":"product","link":"https:\/\/www.hydraulic-cylinders.net\/fi\/tuote\/bucket-cylinder-for-caterpillar-small-excavator-e314dcr\/","title":{"rendered":"Kauhan sylinteri Caterpillar-pienkaivukoneelle E314DCR"},"content":{"rendered":"<h1>Kauhan sylinteri Caterpillar-pienkaivukoneelle E314DCR<\/h1>\n<h2>Johdanto<\/h2>\n<p>Caterpillarin E314DCR-pienkaivukoneen kauhan sylinteri on erikoishydraulinen sylinteri, joka on suunniteltu ohjaamaan kauhan liikett\u00e4 raskaissa koneissa, kuten kaivinkoneissa, traktorikaivureissa ja etukuormaajissa. Sen p\u00e4\u00e4teht\u00e4v\u00e4n\u00e4 on mahdollistaa kauhan nostaminen, laskeminen ja kallistaminen, mik\u00e4 helpottaa erilaisten materiaalink\u00e4sittelyteht\u00e4vien k\u00e4sittely\u00e4. Hydraulij\u00e4rjestelm\u00e4ss\u00e4 kauhan sylinteri saavuttaa tarkan kauhan liikkeen hallinnan hydrauli\u00f6ljyn paineen muutosten avulla, mink\u00e4 ansiosta k\u00e4ytt\u00e4j\u00e4t voivat k\u00e4sitell\u00e4 raskaita kuormia tehokkaasti ja sopeutua monimutkaisiin ty\u00f6ymp\u00e4rist\u00f6ihin ja erilaisiin ty\u00f6vaatimuksiin.<\/p>\n<p><img decoding=\"async\" src=\"https:\/\/www.hydraulic-cylinders.net\/wp-content\/uploads\/2025\/01\/songte-company-2.webp\"><\/p>\n<h2>Ominaisuudet<\/h2>\n<ul>\n<li>Suuri lujuus ja kest\u00e4vyys: Tyypillisesti eritt\u00e4in lujasta ter\u00e4ksest\u00e4 tai alumiinista valmistettu, se kest\u00e4\u00e4 korkeaa painetta ja raskaita kuormia, sopeutuu vaativiin ty\u00f6ymp\u00e4rist\u00f6ihin ja on suunniteltu kulutus- ja korroosionkest\u00e4vyys mieless\u00e4 pit\u00e4en k\u00e4ytt\u00f6i\u00e4n pident\u00e4miseksi.<\/li>\n<li>Tehokas hydraulinen toiminta: Hydrauli\u00f6ljyn paineen ansiosta se saavuttaa tasaisen laajenemisen ja supistumisen, reagoi nopeasti ohjauskomentoihin, tarjoaa tehokkaan ty\u00f6nt\u00f6- ja vetovoiman ja soveltuu raskaiden kuormien k\u00e4sittelyyn ja monimutkaisiin ty\u00f6teht\u00e4viin.<\/li>\n<li>Erilaisia \u200b\u200btyyppej\u00e4: Yksitoimiset (hydrauliikkaa k\u00e4ytet\u00e4\u00e4n vain yhteen suuntaan) tai kaksitoimiset (hydrauliikkaa k\u00e4ytet\u00e4\u00e4n molempiin suuntiin) sylinterit voidaan valita vaatimusten mukaan erilaisiin k\u00e4ytt\u00f6tarpeisiin. Jotkut mallit ovat teleskooppisia, mik\u00e4 mahdollistaa suuremman jatkeen ilman ulkomittojen kasvua, joten ne sopivat sovelluksiin, joissa on rajoitetusti tilaa.<\/li>\n<li>Mukautettava: Voimme valmistaa t\u00e4t\u00e4 tuotetta ja tuotteemme voivat t\u00e4ydellisesti korvata n\u00e4m\u00e4 hydraulisylinterit.<\/li>\n<\/ul>\n<p><img decoding=\"async\" src=\"https:\/\/www.hydraulic-cylinders.net\/wp-content\/uploads\/2025\/01\/songte-cylinder-head-with-all-kinds-excavator-models.webp\"><\/p>\n<h2>Sovellukset<\/h2>\n<p>Caterpillar-pienkaivukoneen E314DCR kauhan sylinteri\u00e4 k\u00e4ytet\u00e4\u00e4n laajalti useilla eri teollisuudenaloilla, mukaan lukien:<\/p>\n<ul>\n<li>Rakennuslaitteet: Kaivinkoneissa ne ovat v\u00e4ltt\u00e4m\u00e4tt\u00f6mi\u00e4 maan tai roskien kaivamiseen, lastaamiseen ja siirt\u00e4miseen. Kaivinkoneissa kauhan sylinterit auttavat sek\u00e4 kaivamisessa ett\u00e4 nostamisessa. Etukuormaajissa ne auttavat tavaroiden tehokkaassa nostamisessa ja tyhjent\u00e4misess\u00e4.<\/li>\n<li>Maatalouskoneet: K\u00e4ytet\u00e4\u00e4n etukuormaajissa maan, hein\u00e4n ja muiden materiaalien kauhaukseen, nostamiseen ja kuljettamiseen. Kaivinkoneissa kauhan sylinterit saavuttavat kaivutoiminnon antamalla kauhan tunkeutua maaper\u00e4\u00e4n.<\/li>\n<\/ul>\n<p>N\u00e4m\u00e4 ovat vain muutamia esimerkkej\u00e4 kauhasylinterien monista sovelluksista eri teollisuudenaloilla.<\/p>\n<h2>Suunnittelun\u00e4k\u00f6kohdat ja valintakriteerit<\/h2>\n<p>Sylinteri\u00e4 valittaessa on otettava huomioon useita tekij\u00f6it\u00e4:<\/p>\n<ul>\n<li>Kantavuus: Sylinterin on kestett\u00e4v\u00e4 nostettavan kuorman paino vaurioitta.<\/li>\n<li>Tiivistys: Hydrauli\u00f6ljyn vuotojen est\u00e4miseksi ja tehokkaan toiminnan varmistamiseksi tulee k\u00e4ytt\u00e4\u00e4 erilaisia \u200b\u200btiivisteit\u00e4, kuten m\u00e4nn\u00e4ntiivisteit\u00e4 ja varren tiivisteit\u00e4. Tiivisteiden tulee olla valmistettu kulutusta kest\u00e4vist\u00e4 materiaaleista, kuten polyuretaanista ja nitriilikumista.<\/li>\n<li>Kest\u00e4vyys: Sylinterin suunnittelussa tulee ottaa huomioon kulutuskest\u00e4vyys ja korroosionkest\u00e4vyys sen k\u00e4ytt\u00f6i\u00e4n pident\u00e4miseksi.<\/li>\n<li>Turvallisuus: Sylinterin tulee olla varustettu turvaominaisuuksilla, kuten paineenalennusventtiileill\u00e4 ja turvalukoilla onnettomuuksien est\u00e4miseksi.<\/li>\n<li>Huollettavuus: Sylinterin tulee olla helposti huollettavissa, siin\u00e4 tulee olla vaihdettavat osat ja selke\u00e4t korjausmenettelyt.<\/li>\n<\/ul>\n<p><img decoding=\"async\" src=\"https:\/\/www.hydraulic-cylinders.net\/wp-content\/uploads\/2025\/01\/songte-oil-pipes-and-spare-parts.webp\"><\/p>\n<h2>Tiivistys ja voitelu<\/h2>\n<p>Kauhasylinteriss\u00e4 tulisi olla erilaisia \u200b\u200btiivisteit\u00e4 hydrauli\u00f6ljyn vuotojen est\u00e4miseksi ja tehokkaan toiminnan varmistamiseksi. Tiivisteiden tulisi olla valmistettu kulutusta kest\u00e4vist\u00e4 materiaaleista, kuten polyuretaanista ja nitriilikumista. Sylinterin runko ja kierteitetyt p\u00e4\u00e4typinnat tulisi k\u00e4sitell\u00e4 hienoksi kulutuskest\u00e4vyyden parantamiseksi. Lis\u00e4ksi on tarpeen lis\u00e4t\u00e4 s\u00e4\u00e4nn\u00f6llisesti sopiva m\u00e4\u00e4r\u00e4 hydrauli\u00f6ljy\u00e4 voitelua varten.<\/p>\n<h2>Tarkastus- ja ennaltaehk\u00e4isev\u00e4t huoltotoimenpiteet<\/h2>\n<p>S\u00e4\u00e4nn\u00f6lliset tarkastukset ja ennaltaehk\u00e4isev\u00e4t huoltotoimenpiteet voivat pident\u00e4\u00e4 kauhan sylinterin k\u00e4ytt\u00f6ik\u00e4\u00e4. Seuraavat ovat yleisi\u00e4 huoltoteht\u00e4vi\u00e4:<\/p>\n<ul>\n<li>S\u00e4\u00e4nn\u00f6llinen tarkastus: Tarkista \u00f6ljyvuodot, kulumisen merkit ja mahdolliset ep\u00e4tavalliset \u00e4\u00e4net k\u00e4yt\u00f6n aikana.<\/li>\n<li>Oikea voitelu: Lis\u00e4\u00e4 oikea m\u00e4\u00e4r\u00e4 hydrauliikka\u00f6ljy\u00e4 s\u00e4\u00e4nn\u00f6llisin v\u00e4liajoin.<\/li>\n<li>Tiivisteiden vaihto ja kalibroinnin tarkastus: Vaihda kuluneet tiivisteet ja tarkista sylinterin kalibrointi s\u00e4\u00e4nn\u00f6llisesti.<\/li>\n<\/ul>\n<p>Asennuksen aikana on t\u00e4rke\u00e4\u00e4 kohdistaa sylinteri oikein ja k\u00e4ytt\u00e4\u00e4 sopivia kiinnityskiinnikkeit\u00e4 sylinterin kiinnitt\u00e4miseen. Suositellut tarkastus-, korjaus- ja vaihtotoimenpiteet voivat pident\u00e4\u00e4 sylinterin k\u00e4ytt\u00f6ik\u00e4\u00e4.<\/p>\n<p><img decoding=\"async\" src=\"https:\/\/www.hydraulic-cylinders.net\/wp-content\/uploads\/2025\/01\/songte-chushion-collar.webp\"><\/p>\n<h2>Turvallisuusn\u00e4k\u00f6kohdat ja ymp\u00e4rist\u00f6tekij\u00e4t<\/h2>\n<p>Kauhasylinteri\u00e4 k\u00e4ytett\u00e4ess\u00e4 on t\u00e4rke\u00e4\u00e4 noudattaa turvaohjeita, kuten k\u00e4ytt\u00e4\u00e4 henkil\u00f6nsuojaimia ja ty\u00f6skennell\u00e4 hyvin ilmastoidussa tilassa. K\u00e4ytetyn hydrauli\u00f6ljyn asianmukainen h\u00e4vitt\u00e4minen on my\u00f6s t\u00e4rke\u00e4\u00e4 ymp\u00e4rist\u00f6n suojelemiseksi.<\/p>\n<h2>Vianm\u00e4\u00e4ritys ja yleiset ongelmat<\/h2>\n<p>Kauhasylintereiden yleisi\u00e4 ongelmia ovat \u00f6ljyvuodot, riitt\u00e4m\u00e4t\u00f6n paine ja ep\u00e4normaalit \u00e4\u00e4net k\u00e4yt\u00f6n aikana. Ongelmien diagnosointiin ja ratkaisemiseen on saatavilla vianm\u00e4\u00e4ritysvinkkej\u00e4 ja -ratkaisuja, ja ennaltaehk\u00e4isev\u00e4t toimenpiteet voivat auttaa v\u00e4hent\u00e4m\u00e4\u00e4n mahdollisia ongelmia.<\/p>\n<p><img decoding=\"async\" src=\"https:\/\/www.hydraulic-cylinders.net\/wp-content\/uploads\/2025\/01\/songte-bushings-with-all-kinds-of-excavator-models.webp\"><\/p>\n<h2>Tietoa yrityksest\u00e4mme<\/h2>\n<p>Olemme korvaavien hydraulisylinterien valmistaja, jolla on kattava tuotevalikoima. Olemme yksi johtavista hydraulisylinterien valmistajista ja tukkumyyjist\u00e4 kotimaisilla ja kansainv\u00e4lisill\u00e4 markkinoilla. Noudatamme korkealaatuisuuden periaatetta ja luotamme hienomekaanisten ty\u00f6pajojen teollistettuun tuotannonohjausstrategiaan. Parannamme jatkuvasti ty\u00f6pajan valmistusalustaa ja parannamme tuotelinjan tuotannon laatua. Meill\u00e4 on vahva luova kyky vastata monipuolisiin asiakastarpeisiin tehokkaalla, tarkalla ja laadukkaalla tavalla.<\/p>\n<p>Tarjoamme ammattitaitoisia palveluita, kansainv\u00e4list\u00e4 sertifiointia, r\u00e4\u00e4t\u00e4l\u00f6ityj\u00e4 palveluita, tuotantolaitteita ja j\u00e4lkimarkkinointipalveluita asiakkaiden tarpeiden ja odotusten t\u00e4ytt\u00e4miseksi.<\/p>\n<p><img decoding=\"async\" src=\"https:\/\/hzpt.com\/wp-content\/uploads\/2024\/11\/songte-company-1.webp\"><\/p>\n<h2>Tietoja kirjoittajasta<\/h2>\n<p>Kirjoittaja: lyl<\/p>","protected":false},"excerpt":{"rendered":"<p>Bucket Cylinder For Caterpillar Small Excavator E314DCR Introduction The bucket cylinder for Caterpillar small excavator E314DCR is a specialized hydraulic cylinder designed for controlling the movement of the bucket in heavy machinery, such as excavators, backhoe excavators, and front-end loaders. Its main function is to enable the bucket to lift, lower, and tilt, making it [&hellip;]<\/p>","protected":false},"featured_media":14762,"comment_status":"open","ping_status":"closed","template":"","meta":{"_et_pb_use_builder":"","_et_pb_old_content":"","_et_gb_content_width":""},"product_brand":[],"product_cat":[1494],"product_tag":[1495,1496],"class_list":{"0":"post-15205","1":"product","2":"type-product","3":"status-publish","4":"has-post-thumbnail","6":"product_cat-bucket-cylinders","7":"product_tag-bucket-cylinders","8":"product_tag-hydraulic-cylinders","10":"first","11":"instock","12":"shipping-taxable","13":"product-type-simple"},"amp_enabled":true,"_links":{"self":[{"href":"https:\/\/www.hydraulic-cylinders.net\/fi\/wp-json\/wp\/v2\/product\/15205","targetHints":{"allow":["GET"]}}],"collection":[{"href":"https:\/\/www.hydraulic-cylinders.net\/fi\/wp-json\/wp\/v2\/product"}],"about":[{"href":"https:\/\/www.hydraulic-cylinders.net\/fi\/wp-json\/wp\/v2\/types\/product"}],"replies":[{"embeddable":true,"href":"https:\/\/www.hydraulic-cylinders.net\/fi\/wp-json\/wp\/v2\/comments?post=15205"}],"wp:featuredmedia":[{"embeddable":true,"href":"https:\/\/www.hydraulic-cylinders.net\/fi\/wp-json\/wp\/v2\/media\/14762"}],"wp:attachment":[{"href":"https:\/\/www.hydraulic-cylinders.net\/fi\/wp-json\/wp\/v2\/media?parent=15205"}],"wp:term":[{"taxonomy":"product_brand","embeddable":true,"href":"https:\/\/www.hydraulic-cylinders.net\/fi\/wp-json\/wp\/v2\/product_brand?post=15205"},{"taxonomy":"product_cat","embeddable":true,"href":"https:\/\/www.hydraulic-cylinders.net\/fi\/wp-json\/wp\/v2\/product_cat?post=15205"},{"taxonomy":"product_tag","embeddable":true,"href":"https:\/\/www.hydraulic-cylinders.net\/fi\/wp-json\/wp\/v2\/product_tag?post=15205"}],"curies":[{"name":"wp","href":"https:\/\/api.w.org\/{rel}","templated":true}]}}