{"id":15207,"date":"2025-01-19T14:14:21","date_gmt":"2025-01-19T14:14:21","guid":{"rendered":"https:\/\/www.hydraulic-cylinders.net\/product\/bucket-cylinder-for-caterpillar-small-excavator-e302-7dcr\/"},"modified":"2025-01-19T14:14:23","modified_gmt":"2025-01-19T14:14:23","slug":"bucket-cylinder-for-caterpillar-small-excavator-e302-7dcr","status":"publish","type":"product","link":"https:\/\/www.hydraulic-cylinders.net\/fi\/tuote\/bucket-cylinder-for-caterpillar-small-excavator-e302-7dcr\/","title":{"rendered":"Kauhan sylinteri Caterpillar-pienkaivukoneelle E302.7DCR"},"content":{"rendered":"<h1>Kauhan sylinteri Caterpillar-pienkaivukoneelle E302.7DCR<\/h1>\n<h2>Johdanto<\/h2>\n<p>Kauhasylinteri on hydraulinen sylinteri, joka on erityisesti suunniteltu ohjaamaan kauhan liikett\u00e4 raskaissa koneissa, kuten kaivinkoneissa, kaivurikuormaajissa ja etukuormaajissa. Sen p\u00e4\u00e4teht\u00e4v\u00e4n\u00e4 on mahdollistaa kauhan nostaminen, laskeminen ja kallistaminen, mik\u00e4 helpottaa erilaisten materiaalink\u00e4sittelyteht\u00e4vien k\u00e4sittely\u00e4. Hydraulij\u00e4rjestelm\u00e4ss\u00e4 kauhasylinteri ohjaa kauhan tarkkaa liikett\u00e4 hydrauli\u00f6ljyn paineen muutosten avulla, jolloin k\u00e4ytt\u00e4j\u00e4t voivat k\u00e4sitell\u00e4 raskaita kuormia tehokkaasti ja sopeutua monimutkaisiin ty\u00f6ymp\u00e4rist\u00f6ihin ja erilaisiin k\u00e4ytt\u00f6tarpeisiin.<\/p>\n<p><img decoding=\"async\" src=\"https:\/\/www.hydraulic-cylinders.net\/wp-content\/uploads\/2025\/01\/songte-company-2.webp\"><\/p>\n<h2>Ominaisuudet<\/h2>\n<ul>\n<li>Suuri lujuus ja kest\u00e4vyys: Tyypillisesti eritt\u00e4in lujasta ter\u00e4ksest\u00e4 tai alumiinista valmistettu tuote kest\u00e4\u00e4 korkeaa painetta ja raskaita kuormia ja sopii vaativiin ty\u00f6ymp\u00e4rist\u00f6ihin. Kulumis- ja korroosionkest\u00e4vyys mieless\u00e4 pit\u00e4en suunniteltu tuote voi pident\u00e4\u00e4 k\u00e4ytt\u00f6ik\u00e4\u00e4.<\/li>\n<li>Tehokas hydraulinen toiminta: Hydrauli\u00f6ljyn paineen ansiosta saavutetaan tasaiset ojennus- ja supistusliikkeet, reagoidaan nopeasti ohjauskomentoihin ja tarjotaan voimakkaita ty\u00f6nt\u00f6- ja vetovoimia, joten se soveltuu raskaiden kuormien k\u00e4sittelyyn ja monimutkaisiin k\u00e4ytt\u00f6teht\u00e4viin.<\/li>\n<li>Erilaisia \u200b\u200btyyppej\u00e4: Voi valita yksitoimisia (hydraulisesti vain yhteen suuntaan) tai kaksitoimisia (hydraulisesti molempiin suuntiin) sylintereit\u00e4 tarpeen mukaan erilaisten k\u00e4ytt\u00f6tarpeiden t\u00e4ytt\u00e4miseksi. Jotkut mallit ovat teleskooppisia, mik\u00e4 mahdollistaa suuremman jatkeen ilman ulkomittojen kasvua, joten ne sopivat rajoitetusti tilaa vaativiin sovelluksiin.<\/li>\n<li>Vaihdettava: Tuotteemme voivat t\u00e4ydellisesti korvata n\u00e4m\u00e4 hydraulisylinterit.<\/li>\n<\/ul>\n<p><img decoding=\"async\" src=\"https:\/\/www.hydraulic-cylinders.net\/wp-content\/uploads\/2025\/01\/songte-cylinder-head-with-all-kinds-excavator-models.webp\"><\/p>\n<h2>Sovellukset<\/h2>\n<h3>Rakennuslaitteet<\/h3>\n<p>Kaivinkoneissa ne ovat v\u00e4ltt\u00e4m\u00e4tt\u00f6mi\u00e4 maan kaivamisessa, lastaamisessa ja maaper\u00e4n tai roskien siirt\u00e4misess\u00e4. Kaivurikuormaajissa kauhan sylinterit auttavat sek\u00e4 kaivamisessa ett\u00e4 nostamisessa. Etukuormaajissa ne auttavat nostamisessa ja kallistuksessa tavaroiden tehokkaan tyhjent\u00e4misen varmistamiseksi.<\/p>\n<h3>Maatalouskoneet<\/h3>\n<p>K\u00e4ytet\u00e4\u00e4n etukuormaajissa maan, hein\u00e4n ja muiden materiaalien kaivamiseen, nostamiseen ja kuljettamiseen. Kaivinkoneissa kauhan sylinteri mahdollistaa kaivamisen antamalla kauhan tunkeutua maahan. Kuormaajissa ne auttavat tavaroiden tehokkaassa nostamisessa ja tyhjent\u00e4misess\u00e4.<\/p>\n<p><img decoding=\"async\" src=\"https:\/\/www.hydraulic-cylinders.net\/wp-content\/uploads\/2025\/01\/songte-chushion-collar.webp\"><\/p>\n<h2>Suunnittelun\u00e4k\u00f6kohdat ja valintakriteerit<\/h2>\n<ul>\n<li>Kuormituskapasiteetti: M\u00e4\u00e4rit\u00e4 hydraulisylinterin suurin kuormitus ja valitse sen mukaisesti sopivan kokoinen ja tyyppinen sylinteri.<\/li>\n<li>Tiivistys: K\u00e4yt\u00e4 erilaisia \u200b\u200btiivisteit\u00e4, kuten m\u00e4nn\u00e4n tiivisterenkaita ja sylinterinvarren tiivisterenkaita, ja valitse tiivisteisiin kulutusta kest\u00e4vi\u00e4 materiaaleja, kuten polyuretaania ja nitriilikumia. Sylinterirungon ja kierteitetyn p\u00e4\u00e4n hieno pintak\u00e4sittely parantaa kulutuskest\u00e4vyytt\u00e4.<\/li>\n<li>Kest\u00e4vyys: Ota huomioon ty\u00f6ymp\u00e4rist\u00f6 ja valitse materiaaleja, jotka kest\u00e4v\u00e4t kulutusta ja korroosiota k\u00e4ytt\u00f6i\u00e4n pident\u00e4miseksi.<\/li>\n<li>Turvallisuus: Varmista, ett\u00e4 hydraulisylinterin rakenne t\u00e4ytt\u00e4\u00e4 asianmukaiset turvallisuusstandardit ja -m\u00e4\u00e4r\u00e4ykset.<\/li>\n<li>Yll\u00e4pidett\u00e4vyys: Ota huomioon huollon ja korjauksen helppous, kuten vaihdettavien osien saatavuus, seisokkiaikojen minimoimiseksi ja yll\u00e4pitokustannusten v\u00e4hent\u00e4miseksi.<\/li>\n<\/ul>\n<p><img decoding=\"async\" src=\"https:\/\/www.hydraulic-cylinders.net\/wp-content\/uploads\/2025\/01\/songte-oil-pipes-and-spare-parts.webp\"><\/p>\n<h2>Tiivistys ja voitelu<\/h2>\n<p>Kauhasylinteriss\u00e4 k\u00e4ytet\u00e4\u00e4n erilaisia \u200b\u200btiivisteit\u00e4, kuten m\u00e4nn\u00e4n tiivisterenkaita ja m\u00e4nn\u00e4nvarren tiivisterenkaita. Tiivisteet on valmistettu kulutusta kest\u00e4vist\u00e4 materiaaleista, kuten polyuretaanista ja nitriilikumista, sylinterin kulutuskest\u00e4vyyden parantamiseksi. Sylinterin runko ja kierrep\u00e4\u00e4 on pintak\u00e4sitelty kest\u00e4vyyden parantamiseksi. S\u00e4\u00e4nn\u00f6llinen voitelu sopivalla hydrauliikka\u00f6ljyll\u00e4 on v\u00e4ltt\u00e4m\u00e4t\u00f6nt\u00e4 sylinterin sujuvan toiminnan varmistamiseksi.<\/p>\n<h2>Huolto ja korjaus<\/h2>\n<p>S\u00e4\u00e4nn\u00f6llinen huolto ja tarkastus ovat v\u00e4ltt\u00e4m\u00e4tt\u00f6mi\u00e4 hydraulisylinterin k\u00e4ytt\u00f6i\u00e4n pident\u00e4miseksi. Yleisi\u00e4 huoltoteht\u00e4vi\u00e4 ovat voitelu, tiivisteiden vaihto ja kalibrointitarkastukset. Asianmukainen asennus, voitelu ja s\u00e4\u00e4t\u00f6 ovat ratkaisevan t\u00e4rkeit\u00e4 asennusprosessin aikana, ja oikean kohdistusmenetelm\u00e4n ja sopivien asennuskiinnikkeiden k\u00e4ytt\u00f6\u00e4 suositellaan. Tarjoamme suositeltuja tarkastus-, korjaus- ja vaihtomenettelyj\u00e4 sek\u00e4 varaosia ja kunnostuspalveluita kauhan sylinterin k\u00e4ytt\u00f6i\u00e4n pident\u00e4miseksi.<\/p>\n<p><img decoding=\"async\" src=\"https:\/\/www.hydraulic-cylinders.net\/wp-content\/uploads\/2025\/01\/songte-bushings-with-all-kinds-of-excavator-models.webp\"><\/p>\n<h2>Turvallisuusn\u00e4k\u00f6kohdat ja ymp\u00e4rist\u00f6tekij\u00e4t<\/h2>\n<p>Kauhasylinteri\u00e4 k\u00e4ytett\u00e4ess\u00e4 on t\u00e4rke\u00e4\u00e4 noudattaa asianmukaisia \u200b\u200bturvallisuusprotokollia loukkaantumisten tai laitteiden vaurioitumisen v\u00e4ltt\u00e4miseksi. Sylinterin rakenteen varmistaminen turvallisuusstandardien ja -m\u00e4\u00e4r\u00e4ysten mukaisesti on ratkaisevan t\u00e4rke\u00e4\u00e4. Ymp\u00e4rist\u00f6tekij\u00e4t, kuten l\u00e4mp\u00f6tila ja kosteus, voivat vaikuttaa sylinterin toimintaan, ja ne on otettava huomioon suunnittelun ja asennuksen aikana.<\/p>\n<h2>Vianm\u00e4\u00e4ritys ja yleiset ongelmat<\/h2>\n<ul>\n<li>Vuoto: Tarkista vaurioituneiden tiivisteiden tai kuluneiden osien varalta ja vaihda tarvittaessa.<\/li>\n<li>Hidas k\u00e4ynti: Tarkista hydraulinesteen tasot ja paine ja varmista asianmukainen voitelu.<\/li>\n<li>Liiallinen melu: Tarkista l\u00f6ysien tai kuluneiden osien varalta ja vaihda tarvittaessa.<\/li>\n<\/ul>\n<p>Ennaltaehk\u00e4isev\u00e4t huoltotoimenpiteet voivat auttaa minimoimaan mahdolliset ongelmat ja varmistamaan, ett\u00e4 kauhan sylinteri toimii oikein.<\/p>\n<h2>Tietoa yrityksest\u00e4mme<\/h2>\n<p>Olemme varaosien hydraulisylinterien valmistaja, tarjoamme laajan valikoiman tuotteita ja olemme yksi johtavista hydraulisylinterien valmistajista ja tukkumyyjist\u00e4 kotimaisilla ja kansainv\u00e4lisill\u00e4 markkinoilla. Noudatamme erinomaisen laadun strategiaa ja luotamme teollistettuun tuotannonohjausj\u00e4rjestelm\u00e4\u00e4n, joka perustuu hienostuneisiin valmistusty\u00f6pajoihin, ty\u00f6pajojen valmistusalustan jatkuvaan parantamiseen ja tuotantoreitin laadun parantamiseen. Meill\u00e4 on vahva kyky luoda tehokkaita, tarkkoja ja korkealaatuisia tuotteita vastaamaan monipuolisiin asiakastarpeisiin.<\/p>\n<ul>\n<li>Ammattitaito: Meill\u00e4 on kokeneiden insin\u00f6\u00f6rien ja teknikkojen tiimi, joka on omistautunut tarjoamaan parhaita tuotteita ja palveluita.<\/li>\n<li>Kansainv\u00e4linen sertifiointi: Olemme saaneet ISO9001:2015- ja CE-sertifikaatit varmistaaksemme, ett\u00e4 tuotteemme t\u00e4ytt\u00e4v\u00e4t kansainv\u00e4liset laatustandardit.<\/li>\n<li>R\u00e4\u00e4t\u00e4l\u00f6intipalvelut: Voimme r\u00e4\u00e4t\u00e4l\u00f6id\u00e4 hydraulisylintereit\u00e4 vastaamaan asiakkaiden erityisvaatimuksia.<\/li>\n<li>Tuotantolaitteet: K\u00e4yt\u00e4mme edistyneit\u00e4 tuotantolaitteita ja -teknologiaa tuotteidemme laadun varmistamiseksi.<\/li>\n<li>Myynnin j\u00e4lkeinen palvelu: Tarjoamme kattavaa myynnin j\u00e4lkeist\u00e4 palvelua, joka sis\u00e4lt\u00e4\u00e4 huolto-, korjaus- ja vaihtopalvelut.<\/li>\n<\/ul>\n<p><img decoding=\"async\" src=\"https:\/\/hzpt.com\/wp-content\/uploads\/2024\/11\/songte-company-1.webp\"><\/p>\n<p>Kirjoittaja: lyl.<\/p>","protected":false},"excerpt":{"rendered":"<p>Bucket Cylinder For Caterpillar Small Excavator E302.7DCR Introduction A bucket cylinder is a hydraulic cylinder specially designed to control the movement of the bucket in heavy machinery such as excavators, backhoe loaders, and front loaders. Its main function is to enable the bucket to lift, lower, and tilt, making it easier to handle various material [&hellip;]<\/p>","protected":false},"featured_media":14789,"comment_status":"open","ping_status":"closed","template":"","meta":{"_et_pb_use_builder":"","_et_pb_old_content":"","_et_gb_content_width":""},"product_brand":[],"product_cat":[1494],"product_tag":[1495,1496],"class_list":{"0":"post-15207","1":"product","2":"type-product","3":"status-publish","4":"has-post-thumbnail","6":"product_cat-bucket-cylinders","7":"product_tag-bucket-cylinders","8":"product_tag-hydraulic-cylinders","10":"first","11":"instock","12":"shipping-taxable","13":"product-type-simple"},"amp_enabled":true,"_links":{"self":[{"href":"https:\/\/www.hydraulic-cylinders.net\/fi\/wp-json\/wp\/v2\/product\/15207","targetHints":{"allow":["GET"]}}],"collection":[{"href":"https:\/\/www.hydraulic-cylinders.net\/fi\/wp-json\/wp\/v2\/product"}],"about":[{"href":"https:\/\/www.hydraulic-cylinders.net\/fi\/wp-json\/wp\/v2\/types\/product"}],"replies":[{"embeddable":true,"href":"https:\/\/www.hydraulic-cylinders.net\/fi\/wp-json\/wp\/v2\/comments?post=15207"}],"wp:featuredmedia":[{"embeddable":true,"href":"https:\/\/www.hydraulic-cylinders.net\/fi\/wp-json\/wp\/v2\/media\/14789"}],"wp:attachment":[{"href":"https:\/\/www.hydraulic-cylinders.net\/fi\/wp-json\/wp\/v2\/media?parent=15207"}],"wp:term":[{"taxonomy":"product_brand","embeddable":true,"href":"https:\/\/www.hydraulic-cylinders.net\/fi\/wp-json\/wp\/v2\/product_brand?post=15207"},{"taxonomy":"product_cat","embeddable":true,"href":"https:\/\/www.hydraulic-cylinders.net\/fi\/wp-json\/wp\/v2\/product_cat?post=15207"},{"taxonomy":"product_tag","embeddable":true,"href":"https:\/\/www.hydraulic-cylinders.net\/fi\/wp-json\/wp\/v2\/product_tag?post=15207"}],"curies":[{"name":"wp","href":"https:\/\/api.w.org\/{rel}","templated":true}]}}