{"id":15209,"date":"2025-01-19T14:14:29","date_gmt":"2025-01-19T14:14:29","guid":{"rendered":"https:\/\/www.hydraulic-cylinders.net\/product\/bucket-cylinder-for-caterpillar-small-excavator-e311-311c\/"},"modified":"2025-01-19T14:14:31","modified_gmt":"2025-01-19T14:14:31","slug":"bucket-cylinder-for-caterpillar-small-excavator-e311-311c","status":"publish","type":"product","link":"https:\/\/www.hydraulic-cylinders.net\/fi\/tuote\/bucket-cylinder-for-caterpillar-small-excavator-e311-311c\/","title":{"rendered":"Kauhan sylinteri Caterpillar-pienkaivukoneelle E311\/311C"},"content":{"rendered":"<h1>Kauhan sylinteri Caterpillar-pienkaivukoneelle E311\/311C<\/h1>\n<h2>Johdanto<\/h2>\n<p>Caterpillarin pienkaivukoneen E311\/311C kauhan sylinteri on erityisesti suunniteltu hydraulisylinteri, jota k\u00e4ytet\u00e4\u00e4n kauhan liikkeen ohjaamiseen raskaissa koneissa, kuten kaivinkoneissa, kaivurikuormaajissa ja etukuormaajissa. Sen p\u00e4\u00e4teht\u00e4v\u00e4n\u00e4 on mahdollistaa kauhan nostaminen, laskeminen ja kallistaminen, mik\u00e4 tekee siit\u00e4 k\u00e4tev\u00e4n erilaisissa materiaalink\u00e4sittelyteht\u00e4viss\u00e4. Hydraulij\u00e4rjestelm\u00e4ss\u00e4 kauhan sylinteri saavuttaa tarkan kauhan hallinnan hy\u00f6dynt\u00e4m\u00e4ll\u00e4 hydrauli\u00f6ljyn paineenmuutoksia, jolloin k\u00e4ytt\u00e4j\u00e4t voivat k\u00e4sitell\u00e4 raskaita kuormia tehokkaasti ja sopeutua monimutkaisiin ty\u00f6ymp\u00e4rist\u00f6ihin ja erilaisiin ty\u00f6vaatimuksiin.<\/p>\n<p><img decoding=\"async\" src=\"https:\/\/www.hydraulic-cylinders.net\/wp-content\/uploads\/2025\/01\/songte-company-2.webp\" alt=\"Kauhan sylinterin kuva\"><\/p>\n<h2>Ominaisuudet<\/h2>\n<ul>\n<li>Suuri lujuus ja kest\u00e4vyys: Tyypillisesti valmistettu eritt\u00e4in lujasta ter\u00e4ksest\u00e4 tai alumiinista, kest\u00e4\u00e4 korkeita paineita ja raskaita kuormia, sopeutuu ankariin ty\u00f6olosuhteisiin ja on suunniteltu ottaen huomioon kulutuskest\u00e4vyys ja korroosionkest\u00e4vyys k\u00e4ytt\u00f6i\u00e4n pident\u00e4miseksi.<\/li>\n<li>Tehokas hydraulinen toiminta: Hy\u00f6dynt\u00e4\u00e4 hydrauli\u00f6ljyn painetta tasaisten ojennus- ja supistusliikkeiden saavuttamiseksi, pystyy reagoimaan nopeasti ohjauskomentoihin ja tarjoaa tehokkaita ty\u00f6nt\u00f6- ja vetovoimia, jotka sopivat raskaiden kuormien k\u00e4sittelyyn ja monimutkaisiin ty\u00f6teht\u00e4viin.<\/li>\n<li>Erilaisia \u200b\u200btyyppej\u00e4: Valitse yksitoimisten (hydraulisesti vain yhteen suuntaan) tai kaksitoimisten (hydraulisesti molempiin suuntiin) sylinterien v\u00e4lill\u00e4 k\u00e4ytt\u00f6tarpeesi mukaan. Jotkut mallit ovat teleskooppisia, mik\u00e4 mahdollistaa suuremman jatkeen ilman ulkomittojen kasvua, joten ne sopivat rajoitettuihin tiloihin.<\/li>\n<li>Erilaisten hydraulisylinterien vaihto: Tuotteemme pystyy korvaamaan n\u00e4m\u00e4 hydraulisylinterit t\u00e4ydellisesti.<\/li>\n<\/ul>\n<p><img decoding=\"async\" src=\"https:\/\/www.hydraulic-cylinders.net\/wp-content\/uploads\/2025\/01\/songte-cylinder-head-with-all-kinds-excavator-models.webp\" alt=\"Tuotekuva\"><\/p>\n<h2>Sovellukset<\/h2>\n<p>Kauhasylinteri\u00e4 k\u00e4ytet\u00e4\u00e4n erilaisissa laitteissa:<\/p>\n<ul>\n<li>Rakennuskoneet: Kaivinkoneissa k\u00e4ytett\u00e4vi\u00e4 laitteita on v\u00e4ltt\u00e4m\u00e4tt\u00f6mi\u00e4 maanrakennuksessa, lastaamisessa ja maan tai roskien siirt\u00e4misess\u00e4. Kaivurikuormaajissa kauhan sylinteri auttaa sek\u00e4 kaivamisessa ett\u00e4 nostamisessa.<\/li>\n<li>Maatalouskoneet: Niit\u00e4 k\u00e4ytet\u00e4\u00e4n etukuormaajissa, ja ne auttavat maaper\u00e4n, hein\u00e4n ja muiden materiaalien kauhomisessa, nostamisessa ja kuljettamisessa.<\/li>\n<li>Kaivinkoneet: Kauhan sylinteri mahdollistaa kaivuuty\u00f6t antamalla kauhan tunkeutua maaper\u00e4\u00e4n.<\/li>\n<li>Kuormaajat: Etukuormaajissa ne auttavat tavaroiden tehokkaassa nostamisessa ja tyhjent\u00e4misess\u00e4.<\/li>\n<\/ul>\n<h2>Suunnittelun\u00e4k\u00f6kohdat ja valintakriteerit<\/h2>\n<p>Kauhasylinteri\u00e4 suunniteltaessa otetaan huomioon useita tekij\u00f6it\u00e4 ja valintaperusteita:<\/p>\n<ul>\n<li>Kantavuus<\/li>\n<li>Tiivistys<\/li>\n<li>Kest\u00e4vyys<\/li>\n<li>Turvallisuus<\/li>\n<li>Yll\u00e4pidett\u00e4vyys<\/li>\n<\/ul>\n<p><img decoding=\"async\" src=\"https:\/\/www.hydraulic-cylinders.net\/wp-content\/uploads\/2025\/01\/songte-oil-pipes-and-spare-parts.webp\" alt=\"Tuotekuva\"><\/p>\n<h2>Tiivistys ja voitelu<\/h2>\n<p>Kauhasylinteriss\u00e4 on erilaisia \u200b\u200btiivistyselementtej\u00e4, kuten m\u00e4nn\u00e4ntiivisteit\u00e4 ja varren tiivisteit\u00e4, jotka on valmistettu kulutusta kest\u00e4vist\u00e4 materiaaleista, kuten polyuretaanista ja nitriilikumista. Sylinterin runko ja kierteitetyt p\u00e4\u00e4t on hienok\u00e4sitelty, mik\u00e4 parantaa kulutuskest\u00e4vyytt\u00e4. S\u00e4\u00e4nn\u00f6llinen voitelu sopivalla m\u00e4\u00e4r\u00e4ll\u00e4 hydrauli\u00f6ljy\u00e4 on tarpeen sujuvan toiminnan varmistamiseksi.<\/p>\n<h2>S\u00e4\u00e4nn\u00f6llinen tarkastus ja ennaltaehk\u00e4isev\u00e4 huolto<\/h2>\n<p>S\u00e4\u00e4nn\u00f6lliset tarkastukset ja ennaltaehk\u00e4isev\u00e4t huoltotoimenpiteet ovat v\u00e4ltt\u00e4m\u00e4tt\u00f6mi\u00e4 kauhan sylinterin optimaalisen suorituskyvyn ja pitk\u00e4n k\u00e4ytt\u00f6i\u00e4n varmistamiseksi:<\/p>\n<ul>\n<li>Tarkista tiivisteet ja vaihda tarvittaessa<\/li>\n<li>Oikea voitelu<\/li>\n<li>Tarkista ja kalibroi tarvittaessa<\/li>\n<\/ul>\n<p><img decoding=\"async\" src=\"https:\/\/www.hydraulic-cylinders.net\/wp-content\/uploads\/2025\/01\/songte-chushion-collar.webp\" alt=\"Tuotekuva\"><\/p>\n<h2>Turvallisuusn\u00e4k\u00f6kohdat ja ymp\u00e4rist\u00f6tekij\u00e4t<\/h2>\n<p>Kauhasylinteri\u00e4 k\u00e4ytett\u00e4ess\u00e4 on eritt\u00e4in t\u00e4rke\u00e4\u00e4 noudattaa turvallisuusohjeita onnettomuuksien ehk\u00e4isemiseksi ja ottaa huomioon ymp\u00e4rist\u00f6tekij\u00e4t negatiivisten vaikutusten minimoimiseksi.<\/p>\n<h2>Vianm\u00e4\u00e4ritys ja yleiset ongelmat<\/h2>\n<p>Kauhasylinterin yleisi\u00e4 ongelmia ja vianm\u00e4\u00e4ritysvinkkej\u00e4:<\/p>\n<ul>\n<li>Vuoto: Tarkista tiivisteet ja vaihda tarvittaessa<\/li>\n<li>Tehon puute: Varmista oikea hydraulipaine ja tarkista tukokset tai rajoitukset<\/li>\n<li>Melu tai t\u00e4rin\u00e4: Tarkista l\u00f6ysien osien varalta ja kirist\u00e4 tarvittaessa<\/li>\n<\/ul>\n<p><img decoding=\"async\" src=\"https:\/\/www.hydraulic-cylinders.net\/wp-content\/uploads\/2025\/01\/songte-bushings-with-all-kinds-of-excavator-models.webp\" alt=\"Tuotekuva\"><\/p>\n<h2>Huoltoteht\u00e4v\u00e4t<\/h2>\n<p>Kauhasylinterin yleisi\u00e4 huoltoteht\u00e4vi\u00e4 ovat s\u00e4\u00e4nn\u00f6llinen tarkastus, asianmukainen voitelu, tiivisteiden vaihto ja kalibrointitarkastukset. Oikea asennus, voitelu ja s\u00e4\u00e4t\u00f6 ovat ratkaisevan t\u00e4rkeit\u00e4 optimaalisen suorituskyvyn saavuttamiseksi. Asennuksen aikana anna asianmukaisia \u200b\u200bohjeita sylinterin kohdistamiseen ja suosittele sopivien kiinnitystelineiden k\u00e4ytt\u00f6\u00e4 sylinterin kiinnitt\u00e4miseksi. Suositellut tarkastus-, korjaus- ja vaihtomenettelyt on annettu kauhasylinterin k\u00e4ytt\u00f6i\u00e4n pident\u00e4miseksi.<\/p>\n<h2>Yrityksemme<\/h2>\n<p>Olemme varaosien hydraulisylintereiden valmistaja ja tarjoamme laajan valikoiman tuotteita. Olemme yksi johtavista hydraulisylintereiden valmistajista ja tukkumyyjist\u00e4 kotimaisilla ja kansainv\u00e4lisill\u00e4 markkinoilla. Yrityksemme noudattaa teollisen tuotannon hallinnan strategiaa, joka perustuu erinomaiseen laatuun, hy\u00f6dynt\u00e4\u00e4 edistyneit\u00e4 valmistuslaitoksia ja ammattimaisia \u200b\u200btestausj\u00e4rjestelmi\u00e4. Eritt\u00e4in tehokkaiden, tarkkojen ja korkealaatuisten periaatteidemme avulla t\u00e4yt\u00e4mme asiakkaidemme monipuoliset tarpeet.<\/p>\n<p><img decoding=\"async\" src=\"https:\/\/hzpt.com\/wp-content\/uploads\/2024\/11\/songte-company-1.webp\" alt=\"Yrityksen imago\"><\/p>\n<p><em>Kirjoittaja: lyl<\/em><\/p>","protected":false},"excerpt":{"rendered":"<p>Bucket Cylinder For Caterpillar Small Excavator E311\/311C Introduction The bucket cylinder for Caterpillar small excavator E311\/311C is a specially designed hydraulic cylinder used to control the movement of the bucket in heavy machinery such as excavators, backhoe loaders, and front loaders. Its main function is to enable the lifting, lowering, and tilting of the bucket, [&hellip;]<\/p>","protected":false},"featured_media":14787,"comment_status":"open","ping_status":"closed","template":"","meta":{"_et_pb_use_builder":"","_et_pb_old_content":"","_et_gb_content_width":""},"product_brand":[],"product_cat":[1494],"product_tag":[1495,1496],"class_list":{"0":"post-15209","1":"product","2":"type-product","3":"status-publish","4":"has-post-thumbnail","6":"product_cat-bucket-cylinders","7":"product_tag-bucket-cylinders","8":"product_tag-hydraulic-cylinders","10":"first","11":"instock","12":"shipping-taxable","13":"product-type-simple"},"amp_enabled":true,"_links":{"self":[{"href":"https:\/\/www.hydraulic-cylinders.net\/fi\/wp-json\/wp\/v2\/product\/15209","targetHints":{"allow":["GET"]}}],"collection":[{"href":"https:\/\/www.hydraulic-cylinders.net\/fi\/wp-json\/wp\/v2\/product"}],"about":[{"href":"https:\/\/www.hydraulic-cylinders.net\/fi\/wp-json\/wp\/v2\/types\/product"}],"replies":[{"embeddable":true,"href":"https:\/\/www.hydraulic-cylinders.net\/fi\/wp-json\/wp\/v2\/comments?post=15209"}],"wp:featuredmedia":[{"embeddable":true,"href":"https:\/\/www.hydraulic-cylinders.net\/fi\/wp-json\/wp\/v2\/media\/14787"}],"wp:attachment":[{"href":"https:\/\/www.hydraulic-cylinders.net\/fi\/wp-json\/wp\/v2\/media?parent=15209"}],"wp:term":[{"taxonomy":"product_brand","embeddable":true,"href":"https:\/\/www.hydraulic-cylinders.net\/fi\/wp-json\/wp\/v2\/product_brand?post=15209"},{"taxonomy":"product_cat","embeddable":true,"href":"https:\/\/www.hydraulic-cylinders.net\/fi\/wp-json\/wp\/v2\/product_cat?post=15209"},{"taxonomy":"product_tag","embeddable":true,"href":"https:\/\/www.hydraulic-cylinders.net\/fi\/wp-json\/wp\/v2\/product_tag?post=15209"}],"curies":[{"name":"wp","href":"https:\/\/api.w.org\/{rel}","templated":true}]}}