{"id":15212,"date":"2025-01-19T14:14:40","date_gmt":"2025-01-19T14:14:40","guid":{"rendered":"https:\/\/www.hydraulic-cylinders.net\/product\/bucket-cylinder-for-caterpillar-small-excavator-e120-120b\/"},"modified":"2025-01-19T14:14:42","modified_gmt":"2025-01-19T14:14:42","slug":"bucket-cylinder-for-caterpillar-small-excavator-e120-120b","status":"publish","type":"product","link":"https:\/\/www.hydraulic-cylinders.net\/fi\/tuote\/bucket-cylinder-for-caterpillar-small-excavator-e120-120b\/","title":{"rendered":"Kauhan sylinteri Caterpillar-pienkaivukoneelle E120\/120B"},"content":{"rendered":"<h1>Kauhan sylinteri Caterpillar-pienkaivukoneelle E120\/120B<\/h1>\n<h2>Johdanto<\/h2>\n<p>Caterpillar-pienkaivukoneen E120\/120B kauhan sylinteri on erikoishydraulinen sylinteri, joka on suunniteltu ensisijaisesti ohjaamaan kauhojen liikett\u00e4 raskaissa koneissa, kuten kaivinkoneissa, traktorikaivureissa ja etukuormaajissa. Sen p\u00e4\u00e4teht\u00e4v\u00e4n\u00e4 on mahdollistaa kauhan nostaminen, laskeminen ja kallistaminen, mik\u00e4 helpottaa erilaisten materiaalink\u00e4sittelyteht\u00e4vien k\u00e4sittely\u00e4. Hydraulij\u00e4rjestelm\u00e4ss\u00e4 kauhan sylinteri saavuttaa tarkan kauhan hallinnan hydrauli\u00f6ljyn paineen muutosten avulla, jolloin k\u00e4ytt\u00e4j\u00e4t voivat k\u00e4sitell\u00e4 raskaita kuormia tehokkaasti, sopeutua monimutkaisiin ty\u00f6ymp\u00e4rist\u00f6ihin ja erilaisiin k\u00e4ytt\u00f6vaatimuksiin.<\/p>\n<p><img decoding=\"async\" src=\"https:\/\/www.hydraulic-cylinders.net\/wp-content\/uploads\/2025\/01\/songte-company-2.webp\" alt=\"Kauhan sylinteri\" \/><\/p>\n<h2>Ominaisuudet<\/h2>\n<ul>\n<li>\n<h3>Korkea lujuus ja kest\u00e4vyys:<\/h3>\n<p> Kauhasylinteri on yleens\u00e4 valmistettu eritt\u00e4in lujasta ter\u00e4ksest\u00e4 tai alumiinista, joka kest\u00e4\u00e4 korkeaa painetta ja raskaita kuormia, sopeutuu ankariin ty\u00f6ymp\u00e4rist\u00f6ihin ja on suunniteltu ottamaan huomioon kulutuskest\u00e4vyyden ja korroosionkest\u00e4vyyden k\u00e4ytt\u00f6i\u00e4n pident\u00e4miseksi.<\/li>\n<li>\n<h3>Tehokas hydraulinen k\u00e4ytt\u00f6:<\/h3>\n<p> Kauhasylinteri k\u00e4ytt\u00e4\u00e4 hydrauli\u00f6ljyn painetta tasaisen teleskooppiliikkeen saavuttamiseksi, reagoi nopeasti ohjauskomentoihin, tarjoaa tehokkaita ty\u00f6nt\u00f6- ja vetovoimia ja soveltuu raskaiden kuormien k\u00e4sittelyyn ja monimutkaisiin k\u00e4ytt\u00f6teht\u00e4viin.<\/li>\n<li>\n<h3>Erilaisia \u200b\u200btyyppej\u00e4:<\/h3>\n<p> Yksitoimiset (hydrauliikkaa k\u00e4ytet\u00e4\u00e4n vain yhteen suuntaan) tai kaksitoimiset (hydrauliikkaa k\u00e4ytet\u00e4\u00e4n molempiin suuntiin) sylinterit voidaan valita vaatimusten mukaan erilaisten k\u00e4ytt\u00f6tarpeiden t\u00e4ytt\u00e4miseksi. Jotkut mallit ovat teleskooppisia, mik\u00e4 mahdollistaa suuremman jatkeen ilman ulkomittojen kasvua, mik\u00e4 tekee niist\u00e4 ihanteellisia sovelluksiin, joissa tilaa on rajoitetusti.<\/li>\n<li>\n<h3>Tuotteen korvaaminen:<\/h3>\n<p> Voimme tuottaa t\u00e4t\u00e4 tuotetta, ja tuotteemme voi t\u00e4ydellisesti korvata n\u00e4m\u00e4 hydraulisylinterit.<\/li>\n<\/ul>\n<p><img decoding=\"async\" src=\"https:\/\/www.hydraulic-cylinders.net\/wp-content\/uploads\/2025\/01\/songte-cylinder-head-with-all-kinds-excavator-models.webp\" alt=\"Kauhan sylinterin vaihto\" \/><\/p>\n<h2>Sovellukset<\/h2>\n<p>Kauhasylinteri\u00e4 k\u00e4ytet\u00e4\u00e4n useilla eri teollisuudenaloilla, joista osa on:<\/p>\n<ul>\n<li>\n<h3>Rakennuslaitteet:<\/h3>\n<p> Kaivinkoneissa niiden on havaittu olevan ratkaisevan t\u00e4rkeit\u00e4 maan tai roskien kaivamisessa, lastaamisessa ja siirt\u00e4misess\u00e4. Kaivurikuormaajissa kauhan sylinteri auttaa sek\u00e4 kaivamisessa ett\u00e4 nostamisessa.<\/li>\n<li>\n<h3>Maatalouskoneet:<\/h3>\n<p> Etukuormaajissa k\u00e4ytett\u00e4v\u00e4 kauhan sylinteri kaivaa, nostaa ja kuljettaa maata, hein\u00e4\u00e4 ja muita materiaaleja, ja se saavuttaa kaivutoiminnon antamalla kauhan tunkeutua maahan.<\/li>\n<li>\n<h3>Kuormaaja:<\/h3>\n<p> Etukuormaajissa ne auttavat tavaroiden tehokkaassa nostamisessa ja kallistamisessa.<\/li>\n<\/ul>\n<p>Jokaista sovellusta voidaan laajentaa edelleen tarpeiden mukaan avainsanoilla ja kuvauksilla.<\/p>\n<h2>Suunnittelun\u00e4k\u00f6kohdat ja valintakriteerit<\/h2>\n<p>Suunnittelun kannalta kauhan sylinterin on kyett\u00e4v\u00e4 kantamaan kuorma, tarjottava riitt\u00e4v\u00e4 tiivistys, kest\u00e4vyys, turvallisuus ja huollettavuus. Seuraavat seikat on otettava huomioon:<\/p>\n<ul>\n<li>\n<h3>Kantavuus:<\/h3>\n<p> Kauhasylinterin on kestett\u00e4v\u00e4 k\u00e4yt\u00f6n aikana mahdollisesti kohtaamansa suurin paine ja voima. T\u00e4m\u00e4 kapasiteetti m\u00e4\u00e4r\u00e4ytyy sylinterin koon ja sen valmistuksessa k\u00e4ytetyn materiaalin mukaan.<\/li>\n<li>\n<h3>Tiivistys:<\/h3>\n<p> Erilaisten tiiviste-elementtien, kuten m\u00e4nn\u00e4ntiivisteiden ja m\u00e4nn\u00e4nvarren tiivisteiden, k\u00e4ytt\u00f6 kulutusta kest\u00e4vist\u00e4 materiaaleista, kuten polyuretaanista ja nitriilikumista, v\u00e4hent\u00e4\u00e4 vuotoriski\u00e4 ja parantaa sylinterin kest\u00e4vyytt\u00e4. Lis\u00e4ksi sylinterin reik\u00e4 ja kierteiden p\u00e4\u00e4typinnat on hienok\u00e4sitelty kulutuskest\u00e4vyyden parantamiseksi.<\/li>\n<li>\n<h3>Kest\u00e4vyys:<\/h3>\n<p> Suunnittelun on varmistettava, ett\u00e4 sylinteri kest\u00e4\u00e4 suurimman kuormituksen ja ankarimmatkin k\u00e4ytt\u00f6olosuhteet. Sylinterien on my\u00f6s oltava erinomaisesti korroosionkest\u00e4vi\u00e4 k\u00e4ytt\u00f6i\u00e4n pident\u00e4miseksi.<\/li>\n<li>\n<h3>Turvallisuus:<\/h3>\n<p> Sylinterit on suunniteltava siten, ett\u00e4 ne est\u00e4v\u00e4t vahingossa tapahtuvan aktivoitumisen tai toimintah\u00e4iri\u00f6n k\u00e4yt\u00f6n aikana. Suunnittelussa on otettava huomioon my\u00f6s k\u00e4ytt\u00e4j\u00e4n turvallisuus koneen k\u00e4yt\u00f6n aikana.<\/li>\n<li>\n<h3>Yll\u00e4pidett\u00e4vyys:<\/h3>\n<p> Sylinteri on suunniteltava siten, ett\u00e4 sen huolto on helppoa ja seisokkiaika on mahdollisimman lyhyt. Suunnittelussa on my\u00f6s otettava huomioon, kuinka helppoa kuluneet osat on vaihtaa.<\/li>\n<\/ul>\n<p><img decoding=\"async\" src=\"https:\/\/www.hydraulic-cylinders.net\/wp-content\/uploads\/2025\/01\/songte-oil-pipes-and-spare-parts.webp\" alt=\"Kauhan sylinteri varaosineen\" \/><\/p>\n<h2>Tiivistys ja voitelu<\/h2>\n<p>Kauhasylinteriss\u00e4 on k\u00e4ytett\u00e4v\u00e4 erilaisia \u200b\u200btiivistyselementtej\u00e4 vuotojen est\u00e4miseksi. Kulutusta kest\u00e4vien materiaalien, kuten polyuretaanin ja nitriilikumin, k\u00e4ytt\u00f6 varmistaa sylinterin kest\u00e4vyyden. S\u00e4\u00e4nn\u00f6llinen sopivan hydrauliikka\u00f6ljyn lis\u00e4\u00e4minen sylinterin voiteluun voi auttaa pident\u00e4m\u00e4\u00e4n sen k\u00e4ytt\u00f6ik\u00e4\u00e4. Sylinterin reik\u00e4 ja kierteiden p\u00e4\u00e4typinnat k\u00e4sitell\u00e4\u00e4n hienovaraisesti niiden kulutuskest\u00e4vyyden parantamiseksi.<\/p>\n<h2>Ennakoiva huolto ja tarkastus<\/h2>\n<p>S\u00e4\u00e4nn\u00f6lliset tarkastukset ja ennaltaehk\u00e4isev\u00e4 huolto ovat v\u00e4ltt\u00e4m\u00e4tt\u00f6mi\u00e4 sylinterin merkitt\u00e4vien vaurioiden v\u00e4ltt\u00e4miseksi. Joitakin suoritettavia huoltoteht\u00e4vi\u00e4 ovat:<\/p>\n<ul>\n<li>\n<h3>S\u00e4\u00e4nn\u00f6llinen tarkastus:<\/h3>\n<p> Sylinterin s\u00e4\u00e4nn\u00f6llinen tarkastus voi auttaa tunnistamaan mahdolliset ongelmat ennen kuin niist\u00e4 tulee vakavampia. Tarkastuksiin tulisi kuulua vuotojen, tiivisteiden vaurioiden ja oikean kohdistuksen tarkistaminen.<\/li>\n<li>\n<h3>Oikea voitelu:<\/h3>\n<p> Riitt\u00e4v\u00e4 m\u00e4\u00e4r\u00e4 hydrauli\u00f6ljy\u00e4 voi auttaa parantamaan sylinterin k\u00e4ytt\u00f6ik\u00e4\u00e4 ja varmistamaan sujuvan toiminnan.<\/li>\n<li>\n<h3>Tiivisteen vaihto:<\/h3>\n<p> Tiivisteiden s\u00e4\u00e4nn\u00f6llinen vaihtaminen voi auttaa v\u00e4hent\u00e4m\u00e4\u00e4n vuotoja ja parantamaan sylinterin k\u00e4ytt\u00f6ik\u00e4\u00e4.<\/li>\n<li>\n<h3>Kalibrointitarkistus:<\/h3>\n<p> S\u00e4\u00e4nn\u00f6lliset kalibroinnit voivat varmistaa, ett\u00e4 sylinteri toimii vaadittujen toleranssirajojen sis\u00e4ll\u00e4.<\/li>\n<\/ul>\n<p>Kauhasylinterin pitk\u00e4aikaisen k\u00e4yt\u00f6n kannalta on ratkaisevan t\u00e4rke\u00e4\u00e4, ett\u00e4 se asennetaan oikein, voitelu ja s\u00e4\u00e4t\u00f6 tehd\u00e4\u00e4n oikein. On suositeltavaa kohdistaa sylinteri oikein ja kiinnitt\u00e4\u00e4 se tukevasti k\u00e4ytt\u00e4m\u00e4ll\u00e4 sopivia kiinnikkeit\u00e4.<\/p>\n<p><img decoding=\"async\" src=\"https:\/\/www.hydraulic-cylinders.net\/wp-content\/uploads\/2025\/01\/songte-chushion-collar.webp\" alt=\"Kauhan sylinterin asennus\" \/><\/p>\n<h2>Turvallisuus- ja ymp\u00e4rist\u00f6n\u00e4k\u00f6kohdat<\/h2>\n<p>Kauhasylinteri\u00e4 k\u00e4ytett\u00e4ess\u00e4 on noudatettava asianmukaisia \u200b\u200bturvatoimenpiteit\u00e4 k\u00e4ytt\u00e4j\u00e4n ja ymp\u00e4rill\u00e4 olevien ihmisten turvallisuuden varmistamiseksi. Lis\u00e4ksi kauhasylinteri on h\u00e4vitett\u00e4v\u00e4 asianmukaisesti ymp\u00e4rist\u00f6n saastumisen est\u00e4miseksi.<\/p>\n<h2>Vianm\u00e4\u00e4ritys ja vianm\u00e4\u00e4ritys<\/h2>\n<p>Yleisimm\u00e4t kauhan sylinterin kanssa esiintyv\u00e4t ongelmat ovat vuodot, tiivisteiden vaurioituminen ja virheellinen kohdistus. N\u00e4iden ongelmien ratkaisemiseksi tarvitaan s\u00e4\u00e4nn\u00f6llisi\u00e4 tarkastuksia ja ennakoivaa huoltoa. Ongelmien ilmetess\u00e4 voidaan tehd\u00e4 asianmukainen vianetsint\u00e4 ongelman tunnistamiseksi ja ratkaisemiseksi.<\/p>\n<p><img decoding=\"async\" src=\"https:\/\/www.hydraulic-cylinders.net\/wp-content\/uploads\/2025\/01\/songte-bushings-with-all-kinds-of-excavator-models.webp\" alt=\"Kauhan sylinterin holkit\" \/><\/p>\n<h2>Tietoa yrityksest\u00e4mme<\/h2>\n<p>Olemme korvaavien hydraulisylinterien valmistaja ja meill\u00e4 on t\u00e4ydellinen tuotevalikoima. Olemme johtava hydraulisylinterien valmistaja ja tukkumyyj\u00e4 kotimaisilla ja ulkomaisilla markkinoilla. Noudatamme erinomaisen laadun politiikkaa, luotamme hienojen valmistuspajojen teollisen tuotannon hallintastrategiaan, luotamme teknologisiin kykyihin, digitaalisiin huippuluokan valmistuslaitteisiin ja ammattimaisiin tunnistusj\u00e4rjestelmiin, parannamme jatkuvasti ty\u00f6pajan valmistusalustaa, t\u00e4ydellist\u00e4mme tuotteen tuotantolaadun reitti\u00e4 ja meill\u00e4 on vahva luova kyky. T\u00e4yt\u00e4mme monipuoliset asiakastarpeet tehokkaasti, tarkasti ja laadukkaasti.<\/p>\n<p><img decoding=\"async\" src=\"https:\/\/hzpt.com\/wp-content\/uploads\/2024\/11\/songte-company-1.webp\" alt=\"Yrityksen imago\" \/><\/p>\n<h3>Ammattimaisuus:<\/h3>\n<p>Asiantuntijatiimill\u00e4mme on vuosien kokemus valmistusteollisuudesta, mink\u00e4 ansiosta pystymme tuottamaan korkealaatuisia tuotteita. Noudatamme tiukkoja laadunvalvontamenettelyj\u00e4 jokaisessa vaiheessa suunnittelusta valmistukseen.<\/p>\n<h3>Kansainv\u00e4linen sertifiointi:<\/h3>\n<p>Olemme sertifioituja useiden kansainv\u00e4listen standardien, kuten ISO 9001 ja CE, mukaisesti, mik\u00e4 on osoitus sitoutumisestamme laatuun ja erinomaisuuteen.<\/p>\n<h3>R\u00e4\u00e4t\u00e4l\u00f6intipalvelut:<\/h3>\n<p>Tarjoamme r\u00e4\u00e4t\u00e4l\u00f6intipalveluita, joissa asiakkaat voivat valita tarpeisiinsa sopivia vaihtoehtoja useista vaihtoehdoista. Voimme my\u00f6s suunnitella ja valmistaa tuotteet asiakkaan eritelmien mukaisesti.<\/p>\n<h3>Tuotantolaitteet:<\/h3>\n<p>K\u00e4yt\u00e4mme tuotteidemme valmistuksessa huippuluokan valmistuslaitteita. Meill\u00e4 on CNC-koneita, sorveja ja muita erikoislaitteita, joiden avulla voimme valmistaa korkealaatuisia hydraulisylintereit\u00e4.<\/p>\n<h3>Myynnin j\u00e4lkeiset palvelut:<\/h3>\n<p>Tarjoamme asiakkaillemme j\u00e4lkimarkkinointipalveluita, joissa tarjoamme tukea ja apua kaikissa heid\u00e4n mahdollisissa ongelmissaan. Asiantuntijatiimimme on aina valmiina auttamaan asiakkaitamme.<\/p>\n<h4>Kirjoittaja: lyl<\/h4>","protected":false},"excerpt":{"rendered":"<p>Bucket Cylinder For Caterpillar Small Excavator E120\/120B Introduction A bucket cylinder for Caterpillar small excavator E120\/120B is a specialized hydraulic cylinder designed primarily to control the movement of buckets in heavy machinery such as excavators, backhoes, and front loaders. Its main function is to enable the bucket to be lifted, lowered, and tilted, making it [&hellip;]<\/p>","protected":false},"featured_media":14782,"comment_status":"open","ping_status":"closed","template":"","meta":{"_et_pb_use_builder":"","_et_pb_old_content":"","_et_gb_content_width":""},"product_brand":[],"product_cat":[1494],"product_tag":[1495,1496],"class_list":{"0":"post-15212","1":"product","2":"type-product","3":"status-publish","4":"has-post-thumbnail","6":"product_cat-bucket-cylinders","7":"product_tag-bucket-cylinders","8":"product_tag-hydraulic-cylinders","10":"first","11":"instock","12":"shipping-taxable","13":"product-type-simple"},"amp_enabled":true,"_links":{"self":[{"href":"https:\/\/www.hydraulic-cylinders.net\/fi\/wp-json\/wp\/v2\/product\/15212","targetHints":{"allow":["GET"]}}],"collection":[{"href":"https:\/\/www.hydraulic-cylinders.net\/fi\/wp-json\/wp\/v2\/product"}],"about":[{"href":"https:\/\/www.hydraulic-cylinders.net\/fi\/wp-json\/wp\/v2\/types\/product"}],"replies":[{"embeddable":true,"href":"https:\/\/www.hydraulic-cylinders.net\/fi\/wp-json\/wp\/v2\/comments?post=15212"}],"wp:featuredmedia":[{"embeddable":true,"href":"https:\/\/www.hydraulic-cylinders.net\/fi\/wp-json\/wp\/v2\/media\/14782"}],"wp:attachment":[{"href":"https:\/\/www.hydraulic-cylinders.net\/fi\/wp-json\/wp\/v2\/media?parent=15212"}],"wp:term":[{"taxonomy":"product_brand","embeddable":true,"href":"https:\/\/www.hydraulic-cylinders.net\/fi\/wp-json\/wp\/v2\/product_brand?post=15212"},{"taxonomy":"product_cat","embeddable":true,"href":"https:\/\/www.hydraulic-cylinders.net\/fi\/wp-json\/wp\/v2\/product_cat?post=15212"},{"taxonomy":"product_tag","embeddable":true,"href":"https:\/\/www.hydraulic-cylinders.net\/fi\/wp-json\/wp\/v2\/product_tag?post=15212"}],"curies":[{"name":"wp","href":"https:\/\/api.w.org\/{rel}","templated":true}]}}