{"id":15213,"date":"2025-01-19T14:14:44","date_gmt":"2025-01-19T14:14:44","guid":{"rendered":"https:\/\/www.hydraulic-cylinders.net\/product\/bucket-cylinder-for-caterpillar-small-excavator-e300-9d301-7d\/"},"modified":"2025-01-19T14:14:46","modified_gmt":"2025-01-19T14:14:46","slug":"bucket-cylinder-for-caterpillar-small-excavator-e300-9d301-7d","status":"publish","type":"product","link":"https:\/\/www.hydraulic-cylinders.net\/fi\/tuote\/bucket-cylinder-for-caterpillar-small-excavator-e300-9d301-7d\/","title":{"rendered":"Kauhan sylinteri Caterpillar-pienkaivukoneelle E300.9D301.7D"},"content":{"rendered":"<h1>Kauhan sylinteri Caterpillar-pienkaivukoneelle E300.9D301.7D<\/h1>\n<h2>Johdanto<\/h2>\n<p>Kauhasylinteri on erityisesti suunniteltu hydraulisylinteri, jota k\u00e4ytet\u00e4\u00e4n ensisijaisesti kauhan liikkeen ohjaamiseen raskaissa koneissa, kuten kaivinkoneissa, traktorikaivureissa ja etukuormaajissa. Sen p\u00e4\u00e4teht\u00e4v\u00e4n\u00e4 on mahdollistaa kauhan nostaminen, laskeminen ja kallistaminen, mik\u00e4 helpottaa erilaisten materiaalink\u00e4sittelyteht\u00e4vien k\u00e4sittely\u00e4. Hydraulij\u00e4rjestelm\u00e4ss\u00e4 kauhasylinteri saavuttaa kauhan tarkan hallinnan hydrauli\u00f6ljyn paineen muutoksilla, jolloin k\u00e4ytt\u00e4j\u00e4t voivat k\u00e4sitell\u00e4 raskaita kuormia tehokkaasti ja sopeutua monimutkaisiin ty\u00f6ymp\u00e4rist\u00f6ihin ja erilaisiin ty\u00f6vaatimuksiin.<\/p>\n<p><img decoding=\"async\" src=\"https:\/\/www.hydraulic-cylinders.net\/wp-content\/uploads\/2025\/01\/songte-company-2.webp\"><\/p>\n<h2>Ominaisuudet<\/h2>\n<ul>\n<li>Suuri lujuus ja kest\u00e4vyys: Tyypillisesti valmistettu eritt\u00e4in lujasta ter\u00e4ksest\u00e4 tai alumiinista, joka kest\u00e4\u00e4 korkeaa painetta ja raskaita kuormia, ja suunniteltu kulutuskest\u00e4vyytt\u00e4 ja korroosionkest\u00e4vyytt\u00e4 silm\u00e4ll\u00e4 pit\u00e4en, mik\u00e4 pident\u00e4\u00e4 k\u00e4ytt\u00f6ik\u00e4\u00e4.<\/li>\n<li>Tehokas hydraulinen toiminta: Tasainen teleskooppiliike saavutetaan hydrauli\u00f6ljyn paineen ansiosta, se reagoi nopeasti ohjauskomentoihin ja tarjoaa voimakkaan ty\u00f6nt\u00f6- ja vetovoiman, joten se soveltuu raskaiden kuormien k\u00e4sittelyyn ja monimutkaisiin ty\u00f6teht\u00e4viin.<\/li>\n<li>Useita eri tyyppej\u00e4: Yksitoimisia (hydrauliikkaa k\u00e4ytet\u00e4\u00e4n vain yhteen suuntaan) tai kaksitoimisia (hydrauliikkaa k\u00e4ytet\u00e4\u00e4n kahteen suuntaan) sylintereit\u00e4 voidaan valita tarpeiden mukaan erilaisten k\u00e4ytt\u00f6vaatimusten t\u00e4ytt\u00e4miseksi. Jotkut mallit ovat teleskooppisia, mik\u00e4 mahdollistaa suuremman jatkeen ilman ulkomittojen kasvua, mik\u00e4 sopii sovelluksiin, joissa on rajoitetusti tilaa.<\/li>\n<li>T\u00e4ydellinen korvaus: Tuotteemme voi korvata n\u00e4m\u00e4 hydraulisylinterit t\u00e4ydellisesti.<\/li>\n<\/ul>\n<p><img decoding=\"async\" src=\"https:\/\/www.hydraulic-cylinders.net\/wp-content\/uploads\/2025\/01\/songte-cylinder-head-with-all-kinds-excavator-models.webp\"><\/p>\n<h2>Sovellukset<\/h2>\n<h3>Rakennuslaitteet<\/h3>\n<p>Kaivinkoneissa ne ovat v\u00e4ltt\u00e4m\u00e4tt\u00f6mi\u00e4 maan kaivamisessa, lastaamisessa ja maaper\u00e4n tai roskien siirt\u00e4misess\u00e4. Kaivurikuormaajissa kauhan sylinterit auttavat sek\u00e4 kaivamisessa ett\u00e4 nostamisessa. Etukuormaajissa ne auttavat lastin tehokkaassa nostamisessa ja tyhjent\u00e4misess\u00e4.<\/p>\n<h3>Maatalouskoneet<\/h3>\n<p>K\u00e4ytet\u00e4\u00e4n etukuormaajissa maaper\u00e4n, hein\u00e4n ja muiden materiaalien nostamiseen, ker\u00e4\u00e4miseen ja kuljettamiseen. Kaivinkoneissa kauhan sylinteri mahdollistaa kaivamisen antamalla kauhan tunkeutua maaper\u00e4\u00e4n. Etukuormaajissa ne auttavat tavaroiden tehokkaassa nostamisessa ja kallistamisessa.<\/p>\n<p><img decoding=\"async\" src=\"https:\/\/www.hydraulic-cylinders.net\/wp-content\/uploads\/2025\/01\/songte-chushion-collar.webp\"><\/p>\n<h2>Suunnittelun\u00e4k\u00f6kohdat ja valintakriteerit<\/h2>\n<h3>Kantavuus<\/h3>\n<p>Kauhasylinterin kuormankantokyky on otettava huomioon sit\u00e4 valittaessa tai suunniteltaessa. Se on suunniteltava kest\u00e4m\u00e4\u00e4n vaadittu kuormankantokyky turvallisuuden varmistamiseksi k\u00e4yt\u00f6n aikana.<\/p>\n<h3>Tiivistys<\/h3>\n<p>Kauhasylinterin tiivistys on ratkaisevan t\u00e4rke\u00e4\u00e4 sen toiminnan kannalta. Siin\u00e4 on k\u00e4ytett\u00e4v\u00e4 erilaisia \u200b\u200btiivistyslaitteita, kuten m\u00e4nn\u00e4n tiivisterengasta ja m\u00e4nn\u00e4nvarren tiivisterengasta. Tiivistemateriaalin on oltava kulutusta kest\u00e4v\u00e4\u00e4 materiaalia, kuten polyuretaania tai nitriilikumia, ja sylinterin runko ja kierteitetty p\u00e4\u00e4typinta on hienok\u00e4sitelt\u00e4v\u00e4 kulutuskest\u00e4vyyden parantamiseksi.<\/p>\n<h3>Kest\u00e4vyys<\/h3>\n<p>Kauhasylinterin k\u00e4ytt\u00f6i\u00e4n tulisi olla pitk\u00e4. Siksi k\u00e4ytetyn materiaalin on t\u00e4ytett\u00e4v\u00e4 vaaditut lujuus- ja sitkeysstandardit, oltava kulutus- ja korroosionkest\u00e4v\u00e4 sek\u00e4 kestett\u00e4v\u00e4 ankaria ty\u00f6ymp\u00e4rist\u00f6j\u00e4.<\/p>\n<h3>Turvallisuus<\/h3>\n<p>Kauhasylinteriss\u00e4 tulisi olla turvaominaisuuksia, kuten ylipaineventtiilit, toimintah\u00e4iri\u00f6iden tai ylikuormituksen aiheuttamien onnettomuuksien est\u00e4miseksi. Komponenttien suunnitteluun ja valintaan on kiinnitett\u00e4v\u00e4 erityist\u00e4 huomiota turvallisen k\u00e4yt\u00f6n varmistamiseksi.<\/p>\n<h3>Huolto<\/h3>\n<p>Kauhasylinterin tulee olla helposti huollettava ja sen osat tulee helposti vaihtaa. Tiivisteiden s\u00e4\u00e4nn\u00f6llinen tarkastus ja vaihto, voitelu ja m\u00e4nn\u00e4nvarren s\u00e4\u00e4t\u00f6 on suoritettava tehokkaan toiminnan varmistamiseksi.<\/p>\n<p><img decoding=\"async\" src=\"https:\/\/www.hydraulic-cylinders.net\/wp-content\/uploads\/2025\/01\/songte-oil-pipes-and-spare-parts.webp\"><\/p>\n<h2>Asennusopas<\/h2>\n<p>Kauhan sylinterin asennuksessa tulee noudattaa seuraavia ohjeita:<\/p>\n<ul>\n<li>Kohdista sylinteri oikein<\/li>\n<li>K\u00e4yt\u00e4 sopivia asennuskiinnikkeit\u00e4 sylinterin kiinnitt\u00e4miseen paikalleen<\/li>\n<li>Varmista, ett\u00e4 kaikki liit\u00e4nn\u00e4t ovat tiiviit ja vuotamattomat<\/li>\n<li>Lis\u00e4\u00e4 sopiva m\u00e4\u00e4r\u00e4 hydrauli\u00f6ljy\u00e4 voitelua varten<\/li>\n<\/ul>\n<h2>Huolto<\/h2>\n<p>S\u00e4\u00e4nn\u00f6llinen huolto on ratkaisevan t\u00e4rke\u00e4\u00e4 kauhan sylinterin tehokkaan toiminnan ja pitk\u00e4n k\u00e4ytt\u00f6i\u00e4n varmistamiseksi. Seuraavat ovat yleisi\u00e4 huoltoteht\u00e4vi\u00e4:<\/p>\n<ul>\n<li>S\u00e4\u00e4nn\u00f6llinen tarkastus<\/li>\n<li>Oikea voitelu<\/li>\n<li>Tiivisteiden vaihdot<\/li>\n<li>Kalibrointitarkastukset<\/li>\n<\/ul>\n<h2>Turvallisuusn\u00e4k\u00f6kohdat ja ymp\u00e4rist\u00f6tekij\u00e4t<\/h2>\n<p>Kauhasylinteri\u00e4 k\u00e4ytett\u00e4ess\u00e4 on noudatettava turvallisuustoimenpiteit\u00e4 onnettomuuksien v\u00e4ltt\u00e4miseksi. My\u00f6s ymp\u00e4rist\u00f6tekij\u00e4t, kuten ty\u00f6olosuhteet ja l\u00e4mp\u00f6tila, on otettava huomioon sylinterin moitteettoman toiminnan varmistamiseksi.<\/p>\n<h2>Vianm\u00e4\u00e4ritys ja yleiset ongelmat<\/h2>\n<p>Kauhasylinterin yleisi\u00e4 ongelmia ovat \u00f6ljyvuoto, riitt\u00e4m\u00e4t\u00f6n paine ja ep\u00e4normaali melu. Vianm\u00e4\u00e4ritysvinkkej\u00e4 ovat tiivisteiden tarkastaminen, \u00f6ljyn m\u00e4\u00e4r\u00e4n ja laadun tarkistaminen sek\u00e4 m\u00e4nn\u00e4nvarren kulumisen merkkien tarkistaminen. Varotoimenpiteet, kuten s\u00e4\u00e4nn\u00f6llinen huolto ja asianmukainen k\u00e4ytt\u00f6, voivat auttaa v\u00e4hent\u00e4m\u00e4\u00e4n mahdollisia ongelmia.<\/p>\n<p><img decoding=\"async\" src=\"https:\/\/www.hydraulic-cylinders.net\/wp-content\/uploads\/2025\/01\/songte-bushings-with-all-kinds-of-excavator-models.webp\"><\/p>\n<h2>Tietoa yrityksest\u00e4mme<\/h2>\n<p>Olemme hydraulisten sylinterien valmistaja ja tarjoamme t\u00e4yden valikoiman tuotteita. Olemme yksi johtavista hydraulisten sylinterien valmistajista ja tukkumyyjist\u00e4 kotimaisilla ja kansainv\u00e4lisill\u00e4 markkinoilla. Noudatamme erinomaisen laadun periaatetta ja luotamme teollistettuihin tuotannonohjausstrategioihin hienovalmisteisissa ty\u00f6pajoissa. Yrityksemme parantaa jatkuvasti ty\u00f6pajan valmistusalustaa, t\u00e4ydellist\u00e4\u00e4 tuotteiden laadun tuotantoreitti\u00e4 ja meill\u00e4 on vahva luovuus korkean tehokkuuden, tarkkuuden ja korkean laadun periaatteiden k\u00e4yt\u00f6ss\u00e4 asiakkaiden monipuolisten tarpeiden t\u00e4ytt\u00e4miseksi.<\/p>\n<p><img decoding=\"async\" src=\"https:\/\/hzpt.com\/wp-content\/uploads\/2024\/11\/songte-company-1.webp\"><\/p>\n<h3>Ammattimaisuus<\/h3>\n<p>Yrityksell\u00e4mme on ammattitaitoisten insin\u00f6\u00f6rien ja teknikkojen tiimi, joka tarjoaa asiakkaille tehokkaita ja luotettavia hydraulisylinteriratkaisuja. Laajan valmistuskokemuksemme ja vahvan teknisen osaamisemme ansiosta voimme tarjota asiakkaillemme korkealaatuisia tuotteita ja palveluita.<\/p>\n<h3>Kansainv\u00e4linen sertifiointi<\/h3>\n<p>Yrityksemme on l\u00e4p\u00e4issyt useita kansainv\u00e4lisi\u00e4 sertifikaatteja, kuten ISO ja CE, varmistaakseen tuotteidemme laadun ja turvallisuuden.<\/p>\n<h3>R\u00e4\u00e4t\u00e4l\u00f6intipalvelut<\/h3>\n<p>Tarjoamme r\u00e4\u00e4t\u00e4l\u00f6ityj\u00e4 hydraulisylinteriratkaisuja asiakkaille, joilla on erityisvaatimukset heid\u00e4n ainutlaatuisiin tarpeisiinsa.<\/p>\n<h3>Tuotantolaitteet<\/h3>\n<p>Yrityksemme k\u00e4ytt\u00e4\u00e4 edistyneit\u00e4 digitaalisia valmistuslaitteita hydraulisylintereiden tarkkuuden varmistamiseksi.<\/p>\n<h3>Myynnin j\u00e4lkeinen palvelu<\/h3>\n<p>Tarjoamme kattavia huoltopalveluita, kuten huoltoa, korjausta ja vaihtoa, varmistaaksemme hydraulisylintereidemme pitk\u00e4aikaisen tehokkaan toiminnan.<\/p>\n<p>Kirjoittaja: lyl<\/p>","protected":false},"excerpt":{"rendered":"<p>Bucket Cylinder For Caterpillar Small Excavator E300.9D301.7D Introduction A bucket cylinder is a specially designed hydraulic cylinder primarily used to control the movement of a bucket in heavy machinery such as excavators, backhoes, and front-end loaders. Its main function is to enable the bucket to lift, lower, and tilt, making it easier to handle various [&hellip;]<\/p>","protected":false},"featured_media":14780,"comment_status":"open","ping_status":"closed","template":"","meta":{"_et_pb_use_builder":"","_et_pb_old_content":"","_et_gb_content_width":""},"product_brand":[],"product_cat":[1494],"product_tag":[1495,1496],"class_list":{"0":"post-15213","1":"product","2":"type-product","3":"status-publish","4":"has-post-thumbnail","6":"product_cat-bucket-cylinders","7":"product_tag-bucket-cylinders","8":"product_tag-hydraulic-cylinders","10":"first","11":"instock","12":"shipping-taxable","13":"product-type-simple"},"amp_enabled":true,"_links":{"self":[{"href":"https:\/\/www.hydraulic-cylinders.net\/fi\/wp-json\/wp\/v2\/product\/15213","targetHints":{"allow":["GET"]}}],"collection":[{"href":"https:\/\/www.hydraulic-cylinders.net\/fi\/wp-json\/wp\/v2\/product"}],"about":[{"href":"https:\/\/www.hydraulic-cylinders.net\/fi\/wp-json\/wp\/v2\/types\/product"}],"replies":[{"embeddable":true,"href":"https:\/\/www.hydraulic-cylinders.net\/fi\/wp-json\/wp\/v2\/comments?post=15213"}],"wp:featuredmedia":[{"embeddable":true,"href":"https:\/\/www.hydraulic-cylinders.net\/fi\/wp-json\/wp\/v2\/media\/14780"}],"wp:attachment":[{"href":"https:\/\/www.hydraulic-cylinders.net\/fi\/wp-json\/wp\/v2\/media?parent=15213"}],"wp:term":[{"taxonomy":"product_brand","embeddable":true,"href":"https:\/\/www.hydraulic-cylinders.net\/fi\/wp-json\/wp\/v2\/product_brand?post=15213"},{"taxonomy":"product_cat","embeddable":true,"href":"https:\/\/www.hydraulic-cylinders.net\/fi\/wp-json\/wp\/v2\/product_cat?post=15213"},{"taxonomy":"product_tag","embeddable":true,"href":"https:\/\/www.hydraulic-cylinders.net\/fi\/wp-json\/wp\/v2\/product_tag?post=15213"}],"curies":[{"name":"wp","href":"https:\/\/api.w.org\/{rel}","templated":true}]}}