{"id":15217,"date":"2025-01-19T14:15:08","date_gmt":"2025-01-19T14:15:08","guid":{"rendered":"https:\/\/www.hydraulic-cylinders.net\/product\/bucket-cylinder-for-caterpillar-small-excavator-e313bcr\/"},"modified":"2025-01-19T14:15:11","modified_gmt":"2025-01-19T14:15:11","slug":"bucket-cylinder-for-caterpillar-small-excavator-e313bcr","status":"publish","type":"product","link":"https:\/\/www.hydraulic-cylinders.net\/fi\/tuote\/bucket-cylinder-for-caterpillar-small-excavator-e313bcr\/","title":{"rendered":"Kauhan sylinteri Caterpillar-pienkaivukoneelle E313BCR"},"content":{"rendered":"<h1>Kauhan sylinteri Caterpillar-pienkaivukoneelle E313BCR<\/h1>\n<h2>Johdanto<\/h2>\n<p>Caterpillar Small Excavator E313BCR -kaivukoneen kauhan sylinteri on erityisesti suunniteltu hydraulisylinteri, jota k\u00e4ytet\u00e4\u00e4n p\u00e4\u00e4asiassa raskaiden koneiden, kuten kaivinkoneiden, kaivurikuormaajien ja etukuormaajien, kauhojen liikkeiden ohjaamiseen. Sen p\u00e4\u00e4teht\u00e4v\u00e4n\u00e4 on mahdollistaa kauhan nostaminen, laskeminen ja kallistaminen, mik\u00e4 helpottaa erilaisten materiaalien k\u00e4sittely\u00e4. Hydraulij\u00e4rjestelm\u00e4ss\u00e4 kauhan sylinteri ohjaa tarkasti kauhan liikkeit\u00e4 hydrauli\u00f6ljyn paineen muutosten avulla, mink\u00e4 ansiosta kuljettajat voivat k\u00e4sitell\u00e4 raskaita kuormia tehokkaasti ja sopeutua monimutkaisiin ty\u00f6ymp\u00e4rist\u00f6ihin ja erilaisiin k\u00e4ytt\u00f6vaatimuksiin.<\/p>\n<p><img decoding=\"async\" src=\"https:\/\/www.hydraulic-cylinders.net\/wp-content\/uploads\/2025\/01\/songte-company-2.webp\" alt=\"Kauhan sylinterin kuva\"><\/p>\n<h2>Ominaisuudet<\/h2>\n<ul>\n<li>Suuri lujuus ja kest\u00e4vyys: Tyypillisesti eritt\u00e4in lujasta ter\u00e4ksest\u00e4 tai alumiinista valmistettu, se kest\u00e4\u00e4 korkeaa painetta ja raskaita kuormia. Se on suunniteltu kulutus- ja korroosionkest\u00e4vyydell\u00e4, mik\u00e4 pident\u00e4\u00e4 sen k\u00e4ytt\u00f6ik\u00e4\u00e4.<\/li>\n<li>Tehokas hydraulinen toiminta: Se k\u00e4ytt\u00e4\u00e4 hydrauli\u00f6ljynpainetta tasaisen pidennyksen ja sis\u00e4\u00e4nvedon saavuttamiseksi, reagoi nopeasti ohjauskomentoihin, tarjoaa tehokkaan ty\u00f6nt\u00f6- ja vetovoiman ja soveltuu raskaiden kuormien k\u00e4sittelyyn ja monimutkaisiin k\u00e4ytt\u00f6teht\u00e4viin.<\/li>\n<li>Erilaisia \u200b\u200btyyppej\u00e4: Yksitoimisia (hydrauliikkaa vain yhteen suuntaan) tai kaksitoimisia (hydrauliikkaa kahteen suuntaan) sylintereit\u00e4 voidaan valita tarpeen mukaan erilaisten k\u00e4ytt\u00f6vaatimusten t\u00e4ytt\u00e4miseksi. Jotkut mallit ovat teleskooppisia, mik\u00e4 mahdollistaa suuremman jatkeen ilman ulkomittojen kasvua, ja ne sopivat ihanteellisesti ahtaisiin sovelluksiin.<\/li>\n<li>Helppo valmistaa: Voimme valmistaa t\u00e4t\u00e4 tuotetta, ja tuotteemme voivat t\u00e4ydellisesti korvata n\u00e4m\u00e4 hydraulisylinterit.<\/li>\n<\/ul>\n<p><img decoding=\"async\" src=\"https:\/\/www.hydraulic-cylinders.net\/wp-content\/uploads\/2025\/01\/songte-cylinder-head-with-all-kinds-excavator-models.webp\" alt=\"Kauhan sylinterin kuva\"><\/p>\n<h2>Sovellukset<\/h2>\n<h3>Rakennuslaitteet<\/h3>\n<p>Kaivinkoneissa ne ovat v\u00e4ltt\u00e4m\u00e4tt\u00f6mi\u00e4 maan tai roskien kaivamiseen, lastaamiseen ja siirt\u00e4miseen. Kaivurikuormaajissa kauhan sylinteri auttaa kaivamisessa ja nostamisessa. Etukuormaajissa ne auttavat lastin tehokkaassa nostamisessa ja tyhjent\u00e4misess\u00e4.<\/p>\n<h3>Maatalouskoneet<\/h3>\n<p>K\u00e4ytet\u00e4\u00e4n etukuormaajissa, maan, hein\u00e4n ja muiden materiaalien kaivamiseen, nostamiseen ja kuljetukseen. Kaivinkoneissa kauhan sylinteri mahdollistaa kaivamisen antamalla kauhan tunkeutua maaper\u00e4\u00e4n. <\/p>\n<p><img decoding=\"async\" src=\"https:\/\/www.hydraulic-cylinders.net\/wp-content\/uploads\/2025\/01\/songte-chushion-collar.webp\" alt=\"Kauhan sylinterin kuva\"><\/p>\n<h2>Suunnittelun\u00e4k\u00f6kohdat ja valintakriteerit<\/h2>\n<ul>\n<li>Kantavuus: Sylinterin kantokyvyn on kestett\u00e4v\u00e4 odotettu suurin kuormitus.<\/li>\n<li>Tiivistys: Tiivisteiden, kuten m\u00e4nn\u00e4ntiivisteiden ja varren tiivisteiden, tulee olla kulutusta kest\u00e4vi\u00e4 materiaaleja, kuten polyuretaania ja nitriilikumia, ja sylinterin runko ja kierteitetty p\u00e4\u00e4typinta tulee k\u00e4sitell\u00e4 hienoksi kulutuskest\u00e4vyyden parantamiseksi.<\/li>\n<li>Kest\u00e4vyys: Sylinterin tulee olla suunniteltu kest\u00e4m\u00e4\u00e4n ankaria ymp\u00e4rist\u00f6olosuhteita ja korroosiota.<\/li>\n<li>Turvallisuus: Turvatoimenpiteet on suunniteltava siten, ett\u00e4 ne varmistavat turvallisen toiminnan ja est\u00e4v\u00e4t onnettomuudet.<\/li>\n<li>Huolto: Sylinterin tulee olla suunniteltu helposti huollettavaksi, ja sen moitteettoman toiminnan varmistamiseksi on suoritettava s\u00e4\u00e4nn\u00f6llisi\u00e4 huoltotarkastuksia.<\/li>\n<\/ul>\n<p><img decoding=\"async\" src=\"https:\/\/www.hydraulic-cylinders.net\/wp-content\/uploads\/2025\/01\/songte-oil-pipes-and-spare-parts.webp\" alt=\"Kauhan sylinterin kuva\"><\/p>\n<h2>Tiivistys ja voitelu<\/h2>\n<p>Erilaisia \u200b\u200btiivistyslaitteita, kuten m\u00e4nn\u00e4ntiivisteit\u00e4 ja varren tiivisteit\u00e4, k\u00e4ytet\u00e4\u00e4n varmistamaan, ett\u00e4 hydrauliikka\u00f6ljy ei vuoda sylinterist\u00e4. Kulutusta kest\u00e4vin\u00e4 tiivistemateriaaleina k\u00e4ytet\u00e4\u00e4n yleisesti polyuretaania ja nitriilikumia. Sylinterin runko ja kierteitetty p\u00e4\u00e4typinta on hienok\u00e4sitelty kulutuskest\u00e4vyyden lis\u00e4\u00e4miseksi. Sylinteri vaatii s\u00e4\u00e4nn\u00f6llist\u00e4 voitelua sopivalla m\u00e4\u00e4r\u00e4ll\u00e4 hydrauliikka\u00f6ljy\u00e4 sujuvan toiminnan varmistamiseksi.<\/p>\n<h2>Ennakoiva huolto ja tarkastus<\/h2>\n<p>Mahdollisten ongelmien minimoimiseksi on suoritettava s\u00e4\u00e4nn\u00f6llisi\u00e4 tarkastuksia ja ennaltaehk\u00e4isev\u00e4\u00e4 huoltoa, mukaan lukien:<\/p>\n<ul>\n<li>S\u00e4\u00e4nn\u00f6llinen voitelu<\/li>\n<li>Tiivisteiden s\u00e4\u00e4nn\u00f6llinen tarkastus vuotojen tai kulumisen varalta<\/li>\n<li>S\u00e4\u00e4nn\u00f6lliset kalibrointitarkastukset<\/li>\n<\/ul>\n<h2>Turvallisuusn\u00e4k\u00f6kohdat ja ymp\u00e4rist\u00f6tekij\u00e4t<\/h2>\n<p>Raskaiden koneiden k\u00e4yt\u00f6ss\u00e4 on aina noudatettava turvallisuustoimenpiteit\u00e4, mukaan lukien k\u00e4ytt\u00e4jien asianmukainen koulutus, laitteiden s\u00e4\u00e4nn\u00f6llinen tarkastus ja suositeltujen turvallisuusmenetelmien noudattaminen. Hydraulisylinteri\u00e4 valittaessa on my\u00f6s otettava huomioon ymp\u00e4rist\u00f6tekij\u00e4t, kuten biohajoavan hydrauli\u00f6ljyn k\u00e4ytt\u00f6.<\/p>\n<h2>Vianm\u00e4\u00e4ritys ja yleiset ongelmat<\/h2>\n<p>Yleisi\u00e4 ongelmia ovat vuotavat tiivisteet, m\u00e4nn\u00e4nvarren vauriot ja riitt\u00e4m\u00e4t\u00f6n voitelu. Vianm\u00e4\u00e4ritysvinkkej\u00e4 ovat vuotojen tarkistaminen, m\u00e4nn\u00e4nvarren tarkastaminen ja asianmukaisen voitelun varmistaminen.<\/p>\n<p><img decoding=\"async\" src=\"https:\/\/www.hydraulic-cylinders.net\/wp-content\/uploads\/2025\/01\/songte-bushings-with-all-kinds-of-excavator-models.webp\" alt=\"Kauhan sylinterin kuva\"><\/p>\n<h2>Tietoa yrityksest\u00e4mme<\/h2>\n<p>Olemme korvaavien hydraulisylinterien valmistaja ja tarjoamme kattavan tuotevalikoiman. Olemme yksi johtavista hydraulisylinterien valmistajista ja tukkumyyjist\u00e4 kotimaisilla ja kansainv\u00e4lisill\u00e4 markkinoilla. Noudatamme erinomaisen laadun politiikkaa, joka perustuu hienomekaanisten ty\u00f6pajojen teollisen tuotannon hallintastrategiaan. Parannamme jatkuvasti ty\u00f6pajan valmistusalustaa, hiomme tuotteiden laadun tuotantoreitti\u00e4 ja olemme vahvasti luovia. T\u00e4yt\u00e4mme asiakkaiden monipuoliset tarpeet korkean tehokkuuden, tarkkuuden ja korkean laadun periaatteilla.<\/p>\n<ul>\n<li>Ammattimaisuus<\/li>\n<li>Kansainv\u00e4linen sertifiointi<\/li>\n<li>R\u00e4\u00e4t\u00e4l\u00f6intipalvelut<\/li>\n<li>Edistykselliset tuotantolaitteet<\/li>\n<li>Myynnin j\u00e4lkeinen palvelu<\/li>\n<\/ul>\n<p><img decoding=\"async\" src=\"https:\/\/hzpt.com\/wp-content\/uploads\/2024\/11\/songte-company-1.webp\" alt=\"Kauhan sylinterin kuva\"><\/p>\n<p>Kirjoittaja: lyl<\/p>","protected":false},"excerpt":{"rendered":"<p>Bucket Cylinder For Caterpillar Small Excavator E313BCR Introduction The Bucket Cylinder for Caterpillar Small Excavator E313BCR is a specially designed hydraulic cylinder primarily used to control the movement of buckets in heavy machinery such as excavators, backhoe loaders, and front-end loaders. Its main function is to enable the bucket to lift, lower, and tilt, making [&hellip;]<\/p>","protected":false},"featured_media":14771,"comment_status":"open","ping_status":"closed","template":"","meta":{"_et_pb_use_builder":"","_et_pb_old_content":"","_et_gb_content_width":""},"product_brand":[],"product_cat":[1494],"product_tag":[1495,1496],"class_list":{"0":"post-15217","1":"product","2":"type-product","3":"status-publish","4":"has-post-thumbnail","6":"product_cat-bucket-cylinders","7":"product_tag-bucket-cylinders","8":"product_tag-hydraulic-cylinders","10":"first","11":"instock","12":"shipping-taxable","13":"product-type-simple"},"amp_enabled":true,"_links":{"self":[{"href":"https:\/\/www.hydraulic-cylinders.net\/fi\/wp-json\/wp\/v2\/product\/15217","targetHints":{"allow":["GET"]}}],"collection":[{"href":"https:\/\/www.hydraulic-cylinders.net\/fi\/wp-json\/wp\/v2\/product"}],"about":[{"href":"https:\/\/www.hydraulic-cylinders.net\/fi\/wp-json\/wp\/v2\/types\/product"}],"replies":[{"embeddable":true,"href":"https:\/\/www.hydraulic-cylinders.net\/fi\/wp-json\/wp\/v2\/comments?post=15217"}],"wp:featuredmedia":[{"embeddable":true,"href":"https:\/\/www.hydraulic-cylinders.net\/fi\/wp-json\/wp\/v2\/media\/14771"}],"wp:attachment":[{"href":"https:\/\/www.hydraulic-cylinders.net\/fi\/wp-json\/wp\/v2\/media?parent=15217"}],"wp:term":[{"taxonomy":"product_brand","embeddable":true,"href":"https:\/\/www.hydraulic-cylinders.net\/fi\/wp-json\/wp\/v2\/product_brand?post=15217"},{"taxonomy":"product_cat","embeddable":true,"href":"https:\/\/www.hydraulic-cylinders.net\/fi\/wp-json\/wp\/v2\/product_cat?post=15217"},{"taxonomy":"product_tag","embeddable":true,"href":"https:\/\/www.hydraulic-cylinders.net\/fi\/wp-json\/wp\/v2\/product_tag?post=15217"}],"curies":[{"name":"wp","href":"https:\/\/api.w.org\/{rel}","templated":true}]}}