{"id":15230,"date":"2025-01-19T14:16:10","date_gmt":"2025-01-19T14:16:10","guid":{"rendered":"https:\/\/www.hydraulic-cylinders.net\/product\/bucket-cylinder-for-caterpillar-middle-excavator-e240bl\/"},"modified":"2025-01-19T14:16:12","modified_gmt":"2025-01-19T14:16:12","slug":"bucket-cylinder-for-caterpillar-middle-excavator-e240bl","status":"publish","type":"product","link":"https:\/\/www.hydraulic-cylinders.net\/fi\/tuote\/bucket-cylinder-for-caterpillar-middle-excavator-e240bl\/","title":{"rendered":"Kauhan sylinteri Caterpillar-kaivukoneelle E240BL"},"content":{"rendered":"<h1>Kauhan sylinteri Caterpillar-kaivukoneelle E240BL<\/h1>\n<h2>Johdanto<\/h2>\n<p>Kauhasylinteri on erityisesti suunniteltu hydraulisylinteri, jota k\u00e4ytet\u00e4\u00e4n ohjaamaan kauhojen liikett\u00e4 raskaissa koneissa, kuten kaivinkoneissa, traktorikaivureissa ja etukuormaajissa. Sen p\u00e4\u00e4teht\u00e4v\u00e4n\u00e4 on mahdollistaa kauhan nosto-, lasku- ja kallistustoiminnot, mik\u00e4 helpottaa erilaisten materiaalink\u00e4sittelyteht\u00e4vien k\u00e4sittely\u00e4. Hydraulij\u00e4rjestelm\u00e4ss\u00e4 kauhasylinteri saavuttaa tarkan kauhan liikkeen hallinnan hydrauli\u00f6ljyn paineen muutosten avulla, jolloin k\u00e4ytt\u00e4j\u00e4t voivat k\u00e4sitell\u00e4 raskaita kuormia tehokkaasti ja sopeutua monimutkaisiin ty\u00f6ymp\u00e4rist\u00f6ihin ja erilaisiin k\u00e4ytt\u00f6vaatimuksiin.<\/p>\n<p><img decoding=\"async\" src=\"https:\/\/www.hydraulic-cylinders.net\/wp-content\/uploads\/2025\/01\/songte-company-2.webp\" alt=\"Kauhan sylinterin kuva\"><\/p>\n<h2>Ominaisuudet<\/h2>\n<ul>\n<li>Suuri lujuus ja kest\u00e4vyys: Tyypillisesti eritt\u00e4in lujasta ter\u00e4ksest\u00e4 tai alumiinista valmistettu tuote kest\u00e4\u00e4 korkeaa painetta ja raskaita kuormia, sopeutuu vaativiin ty\u00f6ymp\u00e4rist\u00f6ihin ja on suunniteltu kulutus- ja korroosionkest\u00e4vyytt\u00e4 silm\u00e4ll\u00e4 pit\u00e4en, mik\u00e4 pident\u00e4\u00e4 sen k\u00e4ytt\u00f6ik\u00e4\u00e4.<\/li>\n<li>Tehokas hydraulinen toiminta: Tasaiset pidennys- ja supistusliikkeet saavutetaan hy\u00f6dynt\u00e4m\u00e4ll\u00e4 hydrauli\u00f6ljyn painetta, ja se reagoi nopeasti ohjauskomentoihin tarjoten tehokkaita ty\u00f6nt\u00f6- ja vetovoimia, mik\u00e4 tekee siit\u00e4 sopivan raskaiden kuormien k\u00e4sittelyyn ja monimutkaisiin ty\u00f6teht\u00e4viin.<\/li>\n<li>Erilaisia \u200b\u200btyyppej\u00e4: Yksitoimisia (hydraulisesti yhteen suuntaan) tai kaksitoimisia (hydraulisesti kahteen suuntaan) sylintereit\u00e4 voidaan valita vaatimusten mukaan erilaisten k\u00e4ytt\u00f6tarpeiden t\u00e4ytt\u00e4miseksi. Jotkut mallit ovat teleskooppisia, mik\u00e4 mahdollistaa suuremman jatkeen ilman ulkomittojen kasvua, joten ne sopivat sovelluksiin, joissa on rajoitetusti tilaa.<\/li>\n<li>Tuotteemme voi t\u00e4ydellisesti korvata n\u00e4m\u00e4 hydraulisylinterit.<\/li>\n<\/ul>\n<p><img decoding=\"async\" src=\"https:\/\/www.hydraulic-cylinders.net\/wp-content\/uploads\/2025\/01\/songte-cylinder-head-with-all-kinds-excavator-models.webp\" alt=\"Kauhan sylinterin kuva\"><\/p>\n<h2>Sovellukset<\/h2>\n<p>Kauhasylinteri\u00e4 k\u00e4ytet\u00e4\u00e4n useissa raskaissa koneissa:<\/p>\n<ul>\n<li>Rakennuslaitteet: Ne ovat v\u00e4ltt\u00e4m\u00e4tt\u00f6mi\u00e4 kaivinkoneille kaivamisessa, lastaamisessa ja maaper\u00e4n tai roskien siirt\u00e4misess\u00e4. Kaivinkoneissa kauhan sylinteri auttaa sek\u00e4 kaivamisessa ett\u00e4 nostamisessa. <\/li>\n<li>Maatalouskoneet: K\u00e4ytet\u00e4\u00e4n etukuormaajissa maaper\u00e4n, hein\u00e4n ja muiden materiaalien kauhaukseen, nostamiseen ja kuljettamiseen. <\/li>\n<li>Kaivinkoneet: Kauhasylinterit mahdollistavat kaivamisen antamalla kauhan tunkeutua maaper\u00e4\u00e4n. <\/li>\n<li>Kuormaajat: Etukuormaajissa ne auttavat tavaroiden tehokkaassa nostamisessa ja kallistamisessa. <\/li>\n<\/ul>\n<h2>Suunnittelun\u00e4k\u00f6kohdat ja valintakriteerit<\/h2>\n<p>Kauhasylinterin suunnittelu on olennaista sen luotettavan toiminnan varmistamiseksi ankarissa ty\u00f6olosuhteissa. Seuraavassa on joitakin t\u00e4rkeit\u00e4 suunnittelun\u00e4k\u00f6kohtia ja valintakriteerej\u00e4:<\/p>\n<ul>\n<li>Kantavuus: Sen on kestett\u00e4v\u00e4 suurta painetta ja raskaita kuormia. <\/li>\n<li>Tiivistys: Siin\u00e4 on oltava korkealaatuiset tiivistyselementit, kuten m\u00e4nn\u00e4ntiivisteet ja varren tiivisteet, jotka on valmistettu kulutusta kest\u00e4vist\u00e4 materiaaleista, kuten polyuretaanista ja nitriilikumista. <\/li>\n<li>Kest\u00e4vyys: Sylinterin runko ja kierteitetyt p\u00e4\u00e4typinnat on k\u00e4sitelt\u00e4v\u00e4 hienoksi kulutuskest\u00e4vyyden parantamiseksi. <\/li>\n<li>Turvallisuus: Siin\u00e4 on oltava turvaominaisuuksia, kuten ohitusventtiilit ja paineenalennusventtiilit ylikuormituksen est\u00e4miseksi. <\/li>\n<li>Yll\u00e4pidett\u00e4vyys: Siin\u00e4 on oltava helposti vaihdettavat kulutusosat ja helppo purkaa huoltoa varten. <\/li>\n<\/ul>\n<p><img decoding=\"async\" src=\"https:\/\/www.hydraulic-cylinders.net\/wp-content\/uploads\/2025\/01\/songte-oil-pipes-and-spare-parts.webp\" alt=\"Kauhan sylinterin kuva\"><\/p>\n<h2>Tiivistys ja voitelu<\/h2>\n<p>Kauhan sylinteri vaatii erilaisia \u200b\u200btiivistyselementtej\u00e4 \u00f6ljyvuotojen est\u00e4miseksi ja asianmukaisen voitelun varmistamiseksi. Seuraavassa on joitakin t\u00e4rkeit\u00e4 huomioitavia seikkoja:<\/p>\n<ul>\n<li>K\u00e4yt\u00e4 erilaisia \u200b\u200btiivistyselementtej\u00e4, kuten m\u00e4nn\u00e4ntiivisteit\u00e4 ja varren tiivisteit\u00e4<\/li>\n<li>Valitse kulutusta kest\u00e4vist\u00e4 materiaaleista, kuten polyuretaanista ja nitriilikumista, valmistetut tiivisteet<\/li>\n<li>Varmista, ett\u00e4 sylinterin runko ja kierteitetyt p\u00e4\u00e4typinnat on k\u00e4sitelty hienoksi kulutuskest\u00e4vyyden parantamiseksi.<\/li>\n<li>Lis\u00e4\u00e4 s\u00e4\u00e4nn\u00f6llisesti sopivaa hydrauli\u00f6ljy\u00e4 voiteluun<\/li>\n<\/ul>\n<h2>Huolto ja korjaus<\/h2>\n<p>Kauhan sylinteri vaatii s\u00e4\u00e4nn\u00f6llist\u00e4 tarkastusta ja ennaltaehk\u00e4isev\u00e4\u00e4 huoltoa sen optimaalisen suorituskyvyn ja kest\u00e4vyyden varmistamiseksi. Seuraavassa on joitakin yleisi\u00e4 huoltoteht\u00e4vi\u00e4:<\/p>\n<ul>\n<li>S\u00e4\u00e4nn\u00f6llinen tarkastus<\/li>\n<li>Oikea voitelu<\/li>\n<li>Tiivisteen vaihto<\/li>\n<li>Kalibrointitarkistus<\/li>\n<\/ul>\n<p><img decoding=\"async\" src=\"https:\/\/www.hydraulic-cylinders.net\/wp-content\/uploads\/2025\/01\/songte-chushion-collar.webp\" alt=\"Kauhan sylinterin kuva\"><\/p>\n<h2>Turvallisuus- ja ymp\u00e4rist\u00f6n\u00e4k\u00f6kohdat<\/h2>\n<p>Kauhasylinteri\u00e4 k\u00e4ytett\u00e4ess\u00e4 on toteutettava turvatoimenpiteit\u00e4 turvallisen k\u00e4yt\u00f6n varmistamiseksi. Lis\u00e4ksi on otettava huomioon my\u00f6s ymp\u00e4rist\u00f6n\u00e4k\u00f6kohdat, kuten \u00f6ljyvuodot.<\/p>\n<h2>Diagnostiikka- ja yleiset ongelmat<\/h2>\n<p>Seuraavassa on joitakin yleisi\u00e4 ongelmia, joita voi esiinty\u00e4 kauhan sylinteri\u00e4 k\u00e4ytett\u00e4ess\u00e4:<\/p>\n<ul>\n<li>\u00d6ljyvuoto<\/li>\n<li>Riitt\u00e4m\u00e4t\u00f6n paine<\/li>\n<li>Hidas liike<\/li>\n<li>Liiallinen t\u00e4rin\u00e4<\/li>\n<\/ul>\n<h2>Yrityksen esittely<\/h2>\n<p>Olemme hydraulisten sylinterien valmistaja, jotka voivat korvata alkuper\u00e4iset sylinterit. Yrityksemme tuotteet ovat monipuolisia ja olemme nousseet yhdeksi johtavista hydraulisten sylinterien valmistajista ja tukkumyyjist\u00e4 kotimaisilla ja kansainv\u00e4lisill\u00e4 markkinoilla. Noudatamme erinomaisen laadun periaatetta ja luotamme teollisen tuotannon hallintastrategioihin hienovalmisteisissa ty\u00f6pajoissa. Parannamme jatkuvasti valmistusalustojamme ja t\u00e4ydellist\u00e4mme tuotteiden laatua tuotantolinjoillamme, ja meill\u00e4 on vahva luomiskyky. Asiakkaidemme monipuoliset tarpeet t\u00e4ytet\u00e4\u00e4n korkean tehokkuuden, korkean tarkkuuden ja korkean laadun periaatteidemme mukaisesti.<\/p>\n<p>Yrityksemme tarjoaa my\u00f6s r\u00e4\u00e4t\u00e4l\u00f6ityj\u00e4 palveluita ja kansainv\u00e4lisi\u00e4 sertifikaatteja, kuten ISO9001-, ISO14001- ja CE-sertifikaatit. Meill\u00e4 on ammattimaiset tuotantolaitteet ja j\u00e4lkimarkkinointipalvelut, mukaan lukien varaosien vaihto ja korjauspalvelut, tuotteidemme pitk\u00e4n k\u00e4ytt\u00f6i\u00e4n varmistamiseksi.<\/p>\n<p><img decoding=\"async\" src=\"https:\/\/hzpt.com\/wp-content\/uploads\/2024\/11\/songte-company-1.webp\" alt=\"Kauhan sylinterin kuva\"><\/p>\n<p>Kirjoittaja: lyl<\/p>","protected":false},"excerpt":{"rendered":"<p>Bucket Cylinder For Caterpillar Middle Excavator E240BL Introduction A bucket cylinder is a specially designed hydraulic cylinder used to control the movement of buckets in heavy-duty machinery such as excavators, backhoes, and front loaders. Its main function is to enable the bucket to perform lifting, lowering, and tilting actions, making it easier to handle various [&hellip;]<\/p>","protected":false},"featured_media":14776,"comment_status":"open","ping_status":"closed","template":"","meta":{"_et_pb_use_builder":"","_et_pb_old_content":"","_et_gb_content_width":""},"product_brand":[],"product_cat":[1494],"product_tag":[1495,1496],"class_list":{"0":"post-15230","1":"product","2":"type-product","3":"status-publish","4":"has-post-thumbnail","6":"product_cat-bucket-cylinders","7":"product_tag-bucket-cylinders","8":"product_tag-hydraulic-cylinders","10":"first","11":"instock","12":"shipping-taxable","13":"product-type-simple"},"amp_enabled":true,"_links":{"self":[{"href":"https:\/\/www.hydraulic-cylinders.net\/fi\/wp-json\/wp\/v2\/product\/15230","targetHints":{"allow":["GET"]}}],"collection":[{"href":"https:\/\/www.hydraulic-cylinders.net\/fi\/wp-json\/wp\/v2\/product"}],"about":[{"href":"https:\/\/www.hydraulic-cylinders.net\/fi\/wp-json\/wp\/v2\/types\/product"}],"replies":[{"embeddable":true,"href":"https:\/\/www.hydraulic-cylinders.net\/fi\/wp-json\/wp\/v2\/comments?post=15230"}],"wp:featuredmedia":[{"embeddable":true,"href":"https:\/\/www.hydraulic-cylinders.net\/fi\/wp-json\/wp\/v2\/media\/14776"}],"wp:attachment":[{"href":"https:\/\/www.hydraulic-cylinders.net\/fi\/wp-json\/wp\/v2\/media?parent=15230"}],"wp:term":[{"taxonomy":"product_brand","embeddable":true,"href":"https:\/\/www.hydraulic-cylinders.net\/fi\/wp-json\/wp\/v2\/product_brand?post=15230"},{"taxonomy":"product_cat","embeddable":true,"href":"https:\/\/www.hydraulic-cylinders.net\/fi\/wp-json\/wp\/v2\/product_cat?post=15230"},{"taxonomy":"product_tag","embeddable":true,"href":"https:\/\/www.hydraulic-cylinders.net\/fi\/wp-json\/wp\/v2\/product_tag?post=15230"}],"curies":[{"name":"wp","href":"https:\/\/api.w.org\/{rel}","templated":true}]}}