{"id":15240,"date":"2025-01-19T14:16:50","date_gmt":"2025-01-19T14:16:50","guid":{"rendered":"https:\/\/www.hydraulic-cylinders.net\/product\/bucket-cylinder-for-caterpillar-large-excavator-e326dl\/"},"modified":"2025-01-19T14:16:58","modified_gmt":"2025-01-19T14:16:58","slug":"bucket-cylinder-for-caterpillar-large-excavator-e326dl","status":"publish","type":"product","link":"https:\/\/www.hydraulic-cylinders.net\/fi\/tuote\/bucket-cylinder-for-caterpillar-large-excavator-e326dl\/","title":{"rendered":"Kauhan sylinteri Caterpillar-kaivukoneelle E326DL"},"content":{"rendered":"<h1>Kauhan sylinteri Caterpillar-kaivukoneelle E326DL<\/h1>\n<h2>Johdanto<\/h2>\n<p>A bucket cylinder for a Caterpillar large excavator E326DL is a specially designed hydraulic cylinder mainly used to control the movement of the bucket in heavy machinery such as excavators, backhoe loaders, and front-end loaders. Its main function is to allow the bucket to lift, lower, and tilt, making it easier to handle various material handling tasks. In a hydraulic system, the bucket cylinder achieves precise control of the bucket&#8217;s movement by changing the pressure of hydraulic oil, enabling operators to handle heavy objects efficiently, adapt to complex work environments, and diverse operational requirements.<\/p>\n<p><img decoding=\"async\" src=\"https:\/\/www.hydraulic-cylinders.net\/wp-content\/uploads\/2025\/01\/songte-company-2.webp\" alt=\"kauhan sylinterin kuva\"><\/p>\n<h2>Tuotteen ominaisuudet<\/h2>\n<ul>\n<li>\n<h3>Korkea lujuus ja kest\u00e4vyys<\/h3>\n<p>Kauhasylinterit on tyypillisesti valmistettu eritt\u00e4in lujasta ter\u00e4ksest\u00e4 tai alumiinista, jotka kest\u00e4v\u00e4t korkeaa painetta ja raskaita kuormia, sopeutuvat vaativiin ty\u00f6ymp\u00e4rist\u00f6ihin ja on suunniteltu kulutus- ja korroosionkest\u00e4viksi niiden k\u00e4ytt\u00f6i\u00e4n pident\u00e4miseksi.<\/p>\n<\/li>\n<li>\n<h3>Tehokas hydraulinen k\u00e4ytt\u00f6<\/h3>\n<p>Kauhasylinterit k\u00e4ytt\u00e4v\u00e4t hydrauli\u00f6ljyn painetta tasaisten teleskooppiliikkeiden saavuttamiseksi, reagoivat nopeasti ohjauskomentoihin, tarjoavat tehokkaita ty\u00f6nt\u00f6- ja vetovoimia ja soveltuvat raskaiden esineiden k\u00e4sittelyyn ja monimutkaisiin ty\u00f6teht\u00e4viin.<\/p>\n<\/li>\n<li>\n<h3>Erilaisia \u200b\u200btyyppej\u00e4<\/h3>\n<p>Kauhasylintereit\u00e4 on saatavana yksitoimisina (hydraulinen toimii vain yhteen suuntaan) tai kaksitoimisina (hydraulinen toimii kahteen suuntaan) erilaisten k\u00e4ytt\u00f6tarpeiden mukaan. Jotkut mallit ovat teleskooppisia, mik\u00e4 mahdollistaa suuremman jatkeen ilman ulkomittojen kasvua, mik\u00e4 sopii sovelluksiin, joissa on rajoitetusti tilaa.<\/p>\n<\/li>\n<li>\n<h3>Tuotteen korvaaminen<\/h3>\n<p>Tuotteemme voivat t\u00e4ydellisesti korvata n\u00e4m\u00e4 hydraulisylinterit. <\/p>\n<\/li>\n<\/ul>\n<p><img decoding=\"async\" src=\"https:\/\/www.hydraulic-cylinders.net\/wp-content\/uploads\/2025\/01\/songte-cylinder-head-with-all-kinds-excavator-models.webp\" alt=\"kauhan sylinterin vaihtokuva\"><\/p>\n<h2>Sovellukset<\/h2>\n<p>Kauhasylintereit\u00e4 k\u00e4ytet\u00e4\u00e4n laajalti erilaisissa raskaissa koneissa, mukaan lukien:<\/p>\n<ul>\n<li>\n<h3>Rakennuslaitteet<\/h3>\n<p>Kaivinkoneissa ne ovat v\u00e4ltt\u00e4m\u00e4tt\u00f6mi\u00e4 kaivamiseen, lastaamiseen ja maaper\u00e4n tai roskien siirt\u00e4miseen. Kaivurikuormaajissa kauhan sylinterit auttavat sek\u00e4 kaivamisessa ett\u00e4 nostamisessa. <\/p>\n<\/li>\n<li>\n<h3>Maatalouskoneet<\/h3>\n<p>K\u00e4ytet\u00e4\u00e4n etukuormaajissa maaper\u00e4n, hein\u00e4n ja muiden materiaalien kauhaukseen, nostamiseen ja kuljettamiseen.<\/p>\n<\/li>\n<li>\n<h3>Kaivinkoneet<\/h3>\n<p>Kauhasylinterit mahdollistavat kaivamisen, koska kauha tunkeutuu maaper\u00e4\u00e4n.<\/p>\n<\/li>\n<li>\n<h3>Kuormaajat<\/h3>\n<p>Etukuormaajissa ne auttavat tavaroiden tehokkaassa nostamisessa ja tyhjent\u00e4misess\u00e4.<\/p>\n<\/li>\n<\/ul>\n<h2>Suunnittelun\u00e4k\u00f6kohdat ja valintakriteerit<\/h2>\n<ul>\n<li>\n<h3>Kantavuus<\/h3>\n<p>The bucket cylinder&#8217;s bearing capacity should be considered when designing it. It should be able to withstand the maximum anticipated load without failing or deforming.<\/p>\n<\/li>\n<li>\n<h3>Tiivistys, kest\u00e4vyys ja turvallisuus<\/h3>\n<p>Kauhasylinterien on oltava kest\u00e4vi\u00e4 tiivisteit\u00e4 ja materiaaleja, jotka kest\u00e4v\u00e4t kulumista ja korroosiota. Niiss\u00e4 on my\u00f6s oltava turvaominaisuuksia, kuten h\u00e4t\u00e4pys\u00e4ytyskytkimet, varoventtiilit ja turvasalvat.<\/p>\n<\/li>\n<li>\n<h3>Huolto<\/h3>\n<p>Kauhasylinterin tulee olla helposti huollettavissa ja korjattavissa. Sen tulee olla helppo purkaa ja koota uudelleen, ja varaosien tulee olla helposti saatavilla.<\/p>\n<\/li>\n<\/ul>\n<p><img decoding=\"async\" src=\"https:\/\/www.hydraulic-cylinders.net\/wp-content\/uploads\/2025\/01\/songte-oil-pipes-and-spare-parts.webp\" alt=\"kauhan sylinterin varaosien kuva\"><\/p>\n<h2>Tuotteen tiivistys ja voitelu<\/h2>\n<p>Kauhasylinteriss\u00e4 tulisi k\u00e4ytt\u00e4\u00e4 erilaisia \u200b\u200btiivisteit\u00e4, mukaan lukien m\u00e4nn\u00e4ntiivisteet ja varren tiivisteet, jotka on valmistettu kulutusta kest\u00e4vist\u00e4 materiaaleista, kuten polyuretaanista ja nitriilikumista. Sylinterin runko ja kierteitetty p\u00e4\u00e4typinta tulisi k\u00e4sitell\u00e4 hienos\u00e4\u00e4t\u00f6isesti kulutuskest\u00e4vyyden parantamiseksi. My\u00f6s asianmukainen voitelu hydrauliikka\u00f6ljyll\u00e4 on v\u00e4ltt\u00e4m\u00e4t\u00f6nt\u00e4 optimaalisen toiminnan varmistamiseksi.<\/p>\n<h2>Huolto ja korjaus<\/h2>\n<p>Kauhan sylinterin pit\u00e4miseksi hyv\u00e4ss\u00e4 kunnossa on suoritettava s\u00e4\u00e4nn\u00f6llisi\u00e4 huolto- ja ennaltaehk\u00e4isevi\u00e4 toimenpiteit\u00e4. N\u00e4ihin toimenpiteisiin kuuluvat:<\/p>\n<ul>\n<li>\n<h3>S\u00e4\u00e4nn\u00f6llinen tarkastus<\/h3>\n<p>Sylinterin tarkastaminen vaurioiden, vuotojen tai korroosion varalta on v\u00e4ltt\u00e4m\u00e4t\u00f6nt\u00e4 vikojen ehk\u00e4isemiseksi ja sen k\u00e4ytt\u00f6i\u00e4n pident\u00e4miseksi.<\/p>\n<\/li>\n<li>\n<h3>Voitelu<\/h3>\n<p>Sylinteri on voideltava s\u00e4\u00e4nn\u00f6llisesti sujuvan toiminnan varmistamiseksi.<\/p>\n<\/li>\n<li>\n<h3>Tiivisteen vaihto<\/h3>\n<p>Replacing the seals periodically helps to maintain the cylinder&#8217;s efficient operation and prevent leaks.<\/p>\n<\/li>\n<\/ul>\n<p><img decoding=\"async\" src=\"https:\/\/www.hydraulic-cylinders.net\/wp-content\/uploads\/2025\/01\/songte-chushion-collar.webp\" alt=\"kauhan sylinterin tyynyn kuva\"><\/p>\n<h2>Turvallisuus- ja ymp\u00e4rist\u00f6n\u00e4k\u00f6kohdat<\/h2>\n<p>Kauhapulloja k\u00e4ytett\u00e4ess\u00e4 on noudatettava turvatoimia onnettomuuksien ja vammojen v\u00e4ltt\u00e4miseksi. My\u00f6s ymp\u00e4rist\u00f6n\u00e4k\u00f6kohdat on otettava huomioon k\u00e4ytettyj\u00e4 pulloja tai niiden osia h\u00e4vitett\u00e4ess\u00e4 tai kierr\u00e4tett\u00e4ess\u00e4.<\/p>\n<h2>Vianm\u00e4\u00e4ritys ja yleiset ongelmat<\/h2>\n<p>Kauhasylintereiden yleisi\u00e4 ongelmia ovat vuodot, tiivisteiden vaurioituminen ja tehon menetys. Vianm\u00e4\u00e4ritys edellytt\u00e4\u00e4 sylinterin ja sen osien perusteellista tarkastusta. Asianmukainen huolto ja korjaus voivat ratkaista n\u00e4m\u00e4 ongelmat.<\/p>\n<p><img decoding=\"async\" src=\"https:\/\/www.hydraulic-cylinders.net\/wp-content\/uploads\/2025\/01\/songte-bushings-with-all-kinds-of-excavator-models.webp\" alt=\"kauhan sylinterin puslien kuva\"><\/p>\n<h2>Tietoa yrityksest\u00e4mme<\/h2>\n<p>Olemme korvaavien hydraulisylinterien valmistaja ja tarjoamme kattavan tuotevalikoiman. Olemme yksi johtavista hydraulisylinterien valmistajista ja tukkumyyjist\u00e4 kotimaisilla ja kansainv\u00e4lisill\u00e4 markkinoilla. Noudatamme erinomaisen laadun periaatetta ja luotamme teollisen tuotannon hallintastrategioihin hienostuneissa tuotantolaitoksissa. Parannamme jatkuvasti ty\u00f6pajan valmistusalustaa, parannamme tuotteiden laatua tuotantolinjalla ja meill\u00e4 on vahva luovuus. Korkean tehokkuuden, tarkkuuden ja korkean laadun periaatteilla vastaamme asiakkaiden monipuolisiin tarpeisiin.<\/p>\n<p><img decoding=\"async\" src=\"https:\/\/hzpt.com\/wp-content\/uploads\/2024\/11\/songte-company-1.webp\" alt=\"kauhan sylinterin yrityskuva\"><\/p>\n<h2>Erikoisalamme<\/h2>\n<ul>\n<li>\n<h3>Ammattimaisuus<\/h3>\n<p>Meill\u00e4 on ammattitaitoisten insin\u00f6\u00f6rien ja suunnittelijoiden tiimi, jolla on laaja kokemus hydraulisylintereiden alalta.<\/p>\n<\/li>\n<li>\n<h3>Kansainv\u00e4linen sertifiointi<\/h3>\n<p>Tuotteemme ovat kansainv\u00e4listen standardien, kuten ISO- ja CE-sertifioituja.<\/p>\n<\/li>\n<li>\n<h3>R\u00e4\u00e4t\u00e4l\u00f6intipalvelut<\/h3>\n<p>Tarjoamme r\u00e4\u00e4t\u00e4l\u00f6ityj\u00e4 hydraulisylinteriratkaisuja vastaamaan asiakkaiden erityisvaatimuksia.<\/p>\n<\/li>\n<li>\n<h3>Tuotantolaitteet<\/h3>\n<p>K\u00e4yt\u00e4mme edistyneit\u00e4 valmistuslaitteita ja testausj\u00e4rjestelmi\u00e4 varmistaaksemme tuotteiden laadun.<\/p>\n<\/li>\n<li>\n<h3>Myynnin j\u00e4lkeinen palvelu<\/h3>\n<p>Tarjoamme erinomaista myynnin j\u00e4lkeist\u00e4 palvelua asiakastyytyv\u00e4isyyden varmistamiseksi.<\/p>\n<\/li>\n<\/ul>\n<h3>Kirjoittaja: lyl<\/h3>","protected":false},"excerpt":{"rendered":"<p>Bucket Cylinder For Caterpillar Large Excavator E326DL Introduction A bucket cylinder for a Caterpillar large excavator E326DL is a specially designed hydraulic cylinder mainly used to control the movement of the bucket in heavy machinery such as excavators, backhoe loaders, and front-end loaders. Its main function is to allow the bucket to lift, lower, and [&hellip;]<\/p>","protected":false},"featured_media":14785,"comment_status":"open","ping_status":"closed","template":"","meta":{"_et_pb_use_builder":"","_et_pb_old_content":"","_et_gb_content_width":""},"product_brand":[],"product_cat":[1494],"product_tag":[1495,1496],"class_list":{"0":"post-15240","1":"product","2":"type-product","3":"status-publish","4":"has-post-thumbnail","6":"product_cat-bucket-cylinders","7":"product_tag-bucket-cylinders","8":"product_tag-hydraulic-cylinders","10":"first","11":"instock","12":"shipping-taxable","13":"product-type-simple"},"amp_enabled":true,"_links":{"self":[{"href":"https:\/\/www.hydraulic-cylinders.net\/fi\/wp-json\/wp\/v2\/product\/15240","targetHints":{"allow":["GET"]}}],"collection":[{"href":"https:\/\/www.hydraulic-cylinders.net\/fi\/wp-json\/wp\/v2\/product"}],"about":[{"href":"https:\/\/www.hydraulic-cylinders.net\/fi\/wp-json\/wp\/v2\/types\/product"}],"replies":[{"embeddable":true,"href":"https:\/\/www.hydraulic-cylinders.net\/fi\/wp-json\/wp\/v2\/comments?post=15240"}],"wp:featuredmedia":[{"embeddable":true,"href":"https:\/\/www.hydraulic-cylinders.net\/fi\/wp-json\/wp\/v2\/media\/14785"}],"wp:attachment":[{"href":"https:\/\/www.hydraulic-cylinders.net\/fi\/wp-json\/wp\/v2\/media?parent=15240"}],"wp:term":[{"taxonomy":"product_brand","embeddable":true,"href":"https:\/\/www.hydraulic-cylinders.net\/fi\/wp-json\/wp\/v2\/product_brand?post=15240"},{"taxonomy":"product_cat","embeddable":true,"href":"https:\/\/www.hydraulic-cylinders.net\/fi\/wp-json\/wp\/v2\/product_cat?post=15240"},{"taxonomy":"product_tag","embeddable":true,"href":"https:\/\/www.hydraulic-cylinders.net\/fi\/wp-json\/wp\/v2\/product_tag?post=15240"}],"curies":[{"name":"wp","href":"https:\/\/api.w.org\/{rel}","templated":true}]}}