{"id":15246,"date":"2025-01-19T14:17:21","date_gmt":"2025-01-19T14:17:21","guid":{"rendered":"https:\/\/www.hydraulic-cylinders.net\/product\/bucket-cylinder-for-caterpillar-large-excavator-e390dl\/"},"modified":"2025-01-19T14:17:23","modified_gmt":"2025-01-19T14:17:23","slug":"bucket-cylinder-for-caterpillar-large-excavator-e390dl","status":"publish","type":"product","link":"https:\/\/www.hydraulic-cylinders.net\/fi\/tuote\/bucket-cylinder-for-caterpillar-large-excavator-e390dl\/","title":{"rendered":"Kauhan sylinteri Caterpillar-kaivukoneelle E390DL"},"content":{"rendered":"<h2>Kauhan sylinteri Caterpillar-kaivukoneelle E390DL<\/h2>\n<h3>Johdanto<\/h3>\n<p>Caterpillarin E390DL-suurkaivukoneen kauhan sylinteri on erikoishydraulinen sylinteri, joka on suunniteltu ensisijaisesti raskaiden koneiden, kuten kaivinkoneiden, kaivurikuormaajien ja etukuormaajien, kauhan liikkeen ohjaamiseen. Sen p\u00e4\u00e4teht\u00e4v\u00e4n\u00e4 on mahdollistaa kauhan nostaminen, laskeminen ja kallistaminen, mik\u00e4 helpottaa erilaisten materiaalink\u00e4sittelyteht\u00e4vien k\u00e4sittely\u00e4. Hydraulij\u00e4rjestelm\u00e4ss\u00e4 kauhan sylinterit ohjaavat tarkkoja kauhan liikkeit\u00e4 hydrauli\u00f6ljyn paineen muutosten avulla, mink\u00e4 ansiosta kuljettajat voivat k\u00e4sitell\u00e4 raskaita kuormia tehokkaasti, sopeutua monimutkaisiin ty\u00f6ymp\u00e4rist\u00f6ihin ja erilaisiin ty\u00f6vaatimuksiin.<\/p>\n<p><img decoding=\"async\" src=\"https:\/\/www.hydraulic-cylinders.net\/wp-content\/uploads\/2025\/01\/songte-company-2.webp\" alt=\"Kauhan sylinteri Caterpillar-kaivukoneelle E390DL\" \/><\/p>\n<h3>Ominaisuudet<\/h3>\n<ul>\n<li>Suuri lujuus ja kest\u00e4vyys: Tyypillisesti eritt\u00e4in lujasta ter\u00e4ksest\u00e4 tai alumiinista valmistettu, se kest\u00e4\u00e4 korkeaa painetta ja raskaita kuormia, sopeutuu vaativiin ty\u00f6ymp\u00e4rist\u00f6ihin ja on suunniteltu kulutus- ja korroosionkest\u00e4vyys mieless\u00e4 pit\u00e4en k\u00e4ytt\u00f6i\u00e4n pident\u00e4miseksi.<\/li>\n<li>Tehokas hydraulinen toiminta: Hydrauli\u00f6ljyn paineen ansiosta se saavuttaa tasaiset ojennus- ja supistusliikkeet. Se reagoi nopeasti ohjauskomentoihin, tarjoaa tehokkaita ty\u00f6nt\u00f6- ja vetovoimia ja soveltuu raskaiden kuormien k\u00e4sittelyyn ja monimutkaisiin ty\u00f6teht\u00e4viin.<\/li>\n<li>Erilaisia \u200b\u200btyyppej\u00e4: Yksitoimisia (hydraulisesti vain yhteen suuntaan) tai kaksitoimisia (hydraulisesti kahteen suuntaan) sylintereit\u00e4 voidaan valita vaatimusten mukaan erilaisten k\u00e4ytt\u00f6tarpeiden t\u00e4ytt\u00e4miseksi. Jotkut mallit ovat teleskooppisia, mik\u00e4 mahdollistaa suuremman jatkeen ilman ulkomittojen kasvua, joten ne sopivat sovelluksiin, joissa on rajoitetusti tilaa.<\/li>\n<li>Eritt\u00e4in yhteensopiva: Tuotteemme voi t\u00e4ydellisesti korvata n\u00e4m\u00e4 hydraulisylinterit<\/li>\n<li>Mukautettava: Voimme valmistaa t\u00e4m\u00e4n tuotteen spesifikaatioidesi mukaan vastaamaan erityistarpeitasi.<\/li>\n<\/ul>\n<p><img decoding=\"async\" src=\"https:\/\/www.hydraulic-cylinders.net\/wp-content\/uploads\/2025\/01\/songte-cylinder-head-with-all-kinds-excavator-models.webp\" alt=\"Kauhan sylinteri Caterpillar-kaivukoneelle E390DL\" \/><\/p>\n<h3>Sovellukset<\/h3>\n<p>Kauhasylintereit\u00e4 k\u00e4ytet\u00e4\u00e4n laajalti erilaisissa raskaissa koneissa, kuten:<\/p>\n<ul>\n<li>Rakennuslaitteet: Kaivinkoneissa ne ovat ratkaisevan t\u00e4rkeit\u00e4 maan tai roskien kaivamisessa, lastaamisessa ja siirt\u00e4misess\u00e4. Kaivurikuormaajissa kauhan sylinterit auttavat kaivamisessa ja nostamisessa.<\/li>\n<li>Maatalouskoneet: K\u00e4ytet\u00e4\u00e4n etukuormaajissa maaper\u00e4n, hein\u00e4n ja muiden materiaalien kauhaamiseen, nostamiseen ja kuljettamiseen.<\/li>\n<li>Kaivinkoneet: Kauhasylinterit mahdollistavat kaivamisen, koska kauha tunkeutuu maaper\u00e4\u00e4n.<\/li>\n<li>Kuormaajat: Etukuormaajissa ne auttavat tavaroiden tehokkaassa nostamisessa ja tyhjent\u00e4misess\u00e4.<\/li>\n<\/ul>\n<h3>Suunnittelu- ja valintakriteerit<\/h3>\n<p>Sylintereit\u00e4 suunniteltaessa ja valittaessa on otettava huomioon useita tekij\u00f6it\u00e4:<\/p>\n<ul>\n<li>Kantavuus: Kauhasylintereiden on kyett\u00e4v\u00e4 kannattelemaan niiden koneiden kuormaa, joissa niit\u00e4 k\u00e4ytet\u00e4\u00e4n, ja k\u00e4sitelt\u00e4v\u00e4n materiaalin painoa.<\/li>\n<li>Tiivistys: Tehokkaan tiivistyksen varmistamiseksi ja vuotojen est\u00e4miseksi on k\u00e4ytett\u00e4v\u00e4 erilaisia \u200b\u200btiivistyskomponentteja, kuten m\u00e4nn\u00e4ntiivisteit\u00e4, m\u00e4nn\u00e4nvarren tiivisteit\u00e4 ja pyyhkij\u00e4n tiivisteit\u00e4.<\/li>\n<li>Kest\u00e4vyys: Kauhasylinterit on suunniteltava kest\u00e4vyys mieless\u00e4 pit\u00e4en, jotta ne kest\u00e4v\u00e4t ankaria ty\u00f6olosuhteita, pitk\u00e4aikaista k\u00e4ytt\u00f6\u00e4 ja raskaita kuormia.<\/li>\n<li>Turvallisuus: Kauhasylinterit tulee suunnitella ja valmistaa tiukkojen turvallisuusstandardien mukaisesti, mik\u00e4 varmistaa turvallisen k\u00e4yt\u00f6n ja ehk\u00e4isee onnettomuuksia.<\/li>\n<li>Huolto: Kauhasylinterit tulee suunnitella helppok\u00e4ytt\u00f6isiksi, jotta ne on helppo purkaa, korjata ja vaihtaa osia tarvittaessa.<\/li>\n<\/ul>\n<p><img decoding=\"async\" src=\"https:\/\/www.hydraulic-cylinders.net\/wp-content\/uploads\/2025\/01\/songte-oil-pipes-and-spare-parts.webp\" alt=\"Kauhan sylinteri Caterpillar-kaivukoneelle E390DL\" \/><\/p>\n<h3>Tiivistys ja voitelu<\/h3>\n<p>Kauhasylinterien moitteettoman toiminnan varmistamiseksi ne tarvitsevat asianmukaisen tiivistyksen ja voitelun. T\u00e4h\u00e4n sis\u00e4ltyy erilaisten tiivistyskomponenttien, kuten m\u00e4nn\u00e4ntiivisteiden, varren tiivisteiden ja pyyhkij\u00e4ntiivisteiden, k\u00e4ytt\u00f6 kest\u00e4vist\u00e4 materiaaleista, kuten polyuretaanista ja nitriilikumista, sek\u00e4 sylinterin rungon ja kierteiden pintojen tarkka k\u00e4sittely kulutuskest\u00e4vyyden lis\u00e4\u00e4miseksi. Oikean hydrauliikka\u00f6ljyn s\u00e4\u00e4nn\u00f6llinen lis\u00e4\u00e4minen on v\u00e4ltt\u00e4m\u00e4t\u00f6nt\u00e4 asianmukaisen voitelun varmistamiseksi.<\/p>\n<h3>Huolto ja korjaus<\/h3>\n<p>S\u00e4\u00e4nn\u00f6llinen tarkastus ja ennaltaehk\u00e4isev\u00e4 huolto ovat kriittisi\u00e4 kauhasylinterien pitk\u00e4ik\u00e4isyyden kannalta. Yleisi\u00e4 huoltoteht\u00e4vi\u00e4 ovat seuraavat:<\/p>\n<ul>\n<li>S\u00e4\u00e4nn\u00f6llinen tarkastus: Tarkista sylinterist\u00e4 vaurioiden tai kulumisen merkit, kuten \u00f6ljyvuodot, halkeamat, kolhut tai ruoste.<\/li>\n<li>Voitelu: Levit\u00e4 sopivaa voiteluainetta kriittisille pinnoille s\u00e4\u00e4nn\u00f6llisesti.<\/li>\n<li>Tiivisteiden vaihto: Vaihda kaikki kuluneet tai vaurioituneet tiivisteet \u00f6ljyvuotojen est\u00e4miseksi.<\/li>\n<li>Kalibrointitarkistus: Tarkista sylinterin suorituskyky s\u00e4\u00e4nn\u00f6llisesti varmistaaksesi, ett\u00e4 se toimii oikein.<\/li>\n<\/ul>\n<p><img decoding=\"async\" src=\"https:\/\/www.hydraulic-cylinders.net\/wp-content\/uploads\/2025\/01\/songte-chushion-collar.webp\" alt=\"Kauhan sylinteri Caterpillar-kaivukoneelle E390DL\" \/><\/p>\n<h3>Turvallisuusn\u00e4k\u00f6kohdat ja ymp\u00e4rist\u00f6tekij\u00e4t<\/h3>\n<p>Kauhasylintereit\u00e4 on k\u00e4ytett\u00e4v\u00e4 varoen ja asianmukaisilla suojavarusteilla, kuten k\u00e4sineill\u00e4 ja ty\u00f6saappailla. Hydrauli\u00f6ljyn ja muun j\u00e4tteen asianmukainen h\u00e4vitt\u00e4minen on kriittist\u00e4 ymp\u00e4rist\u00f6turvallisuuden kannalta ja se on teht\u00e4v\u00e4 paikallisten m\u00e4\u00e4r\u00e4ysten mukaisesti.<\/p>\n<h3>Vianm\u00e4\u00e4ritys ja yleiset ongelmat<\/h3>\n<p>Yleisi\u00e4 kauhasylinterien suorituskykyyn vaikuttavia ongelmia ovat \u00f6ljyvuodot, m\u00e4nn\u00e4n vauriot ja tiivisteiden kuluminen. N\u00e4iden ongelmien diagnosoinnissa ja ratkaisemisessa seuraavat vinkit voivat auttaa:<\/p>\n<ul>\n<li>Tarkista sylinteri s\u00e4\u00e4nn\u00f6llisesti vaurioiden tai kulumisen varalta.<\/li>\n<li>Vaihda kaikki kuluneet tai vaurioituneet tiivisteet tai osat.<\/li>\n<li>Tarkista ja s\u00e4\u00e4d\u00e4 kalibrointia tarvittaessa.<\/li>\n<\/ul>\n<p><img decoding=\"async\" src=\"https:\/\/www.hydraulic-cylinders.net\/wp-content\/uploads\/2025\/01\/songte-bushings-with-all-kinds-of-excavator-models.webp\" alt=\"Kauhan sylinteri Caterpillar-kaivukoneelle E390DL\" \/><\/p>\n<h3>Tietoa yrityksest\u00e4mme<\/h3>\n<p>Olemme johtava hydraulisten sylinterien valmistaja ja tukkumyyj\u00e4 sek\u00e4 kotimaisilla ett\u00e4 kansainv\u00e4lisill\u00e4 markkinoilla. Noudatamme erinomaisia \u200b\u200blaatustandardeja, luotamme teollisen tuotannon hallintastrategioihin hienostuneissa valmistuspajoissa ja parannamme jatkuvasti valmistusalustaamme ja tuotteiden laatua hy\u00f6dynt\u00e4m\u00e4ll\u00e4 teknist\u00e4 osaamista, digitaalisia huippuluokan valmistuslaitteita ja ammattimaisia \u200b\u200btestausj\u00e4rjestelmi\u00e4. Meill\u00e4 on vahvat innovaatiokyvyt ja tarjoamme tehokkaita, tarkkoja ja korkealaatuisia tuotteita ja palveluita vastaamaan monipuolisiin asiakastarpeisiin.<\/p>\n<p><img decoding=\"async\" src=\"https:\/\/hzpt.com\/wp-content\/uploads\/2024\/11\/songte-company-1.webp\" alt=\"Kauhan sylinteri Caterpillar-kaivukoneelle E390DL\" \/><\/p>\n<h3>Miksi valita meid\u00e4t?<\/h3>\n<ul>\n<li>Ammattitaito: Meill\u00e4 on kokeneiden ammattilaisten tiimi, joka on asiantuntijoita hydraulisylintereiden alalla.<\/li>\n<li>Kansainv\u00e4linen sertifiointi: Olemme hankkineet ISO9001- ja muita kansainv\u00e4lisi\u00e4 sertifikaatteja, jotka takaavat tuotteidemme laadun.<\/li>\n<li>R\u00e4\u00e4t\u00e4l\u00f6intipalvelut: Voimme tarjota r\u00e4\u00e4t\u00e4l\u00f6ityj\u00e4 tuotteita toiveidesi mukaan vastaamaan erityistarpeitasi.<\/li>\n<li>Edistykselliset tuotantolaitteet: K\u00e4yt\u00e4mme edistyneit\u00e4 tuotantolaitteita varmistaaksemme tuotteidemme tarkkuuden ja laadun.<\/li>\n<li>Myynnin j\u00e4lkeiset palvelut: Tarjoamme asiakkaillemme erinomaisia \u200b\u200b\u200b\u200bmyynnin j\u00e4lkeisi\u00e4 palveluita, mukaan lukien huolto-, korjaus- ja uudelleenrakennuspalvelut.<\/li>\n<\/ul>\n<p>Kirjoittaja: lyl<\/p>","protected":false},"excerpt":{"rendered":"<p>Bucket Cylinder for Caterpillar Large Excavator E390DL Introduction A bucket cylinder for a Caterpillar large excavator E390DL is a specialized hydraulic cylinder designed primarily for controlling the movement of the bucket in heavy machinery such as excavators, backhoe loaders, and front-end loaders. Its main function is to enable the bucket to lift, lower, and tilt, [&hellip;]<\/p>","protected":false},"featured_media":14773,"comment_status":"open","ping_status":"closed","template":"","meta":{"_et_pb_use_builder":"","_et_pb_old_content":"","_et_gb_content_width":""},"product_brand":[],"product_cat":[1494],"product_tag":[1495,1496],"class_list":{"0":"post-15246","1":"product","2":"type-product","3":"status-publish","4":"has-post-thumbnail","6":"product_cat-bucket-cylinders","7":"product_tag-bucket-cylinders","8":"product_tag-hydraulic-cylinders","10":"first","11":"instock","12":"shipping-taxable","13":"product-type-simple"},"amp_enabled":true,"_links":{"self":[{"href":"https:\/\/www.hydraulic-cylinders.net\/fi\/wp-json\/wp\/v2\/product\/15246","targetHints":{"allow":["GET"]}}],"collection":[{"href":"https:\/\/www.hydraulic-cylinders.net\/fi\/wp-json\/wp\/v2\/product"}],"about":[{"href":"https:\/\/www.hydraulic-cylinders.net\/fi\/wp-json\/wp\/v2\/types\/product"}],"replies":[{"embeddable":true,"href":"https:\/\/www.hydraulic-cylinders.net\/fi\/wp-json\/wp\/v2\/comments?post=15246"}],"wp:featuredmedia":[{"embeddable":true,"href":"https:\/\/www.hydraulic-cylinders.net\/fi\/wp-json\/wp\/v2\/media\/14773"}],"wp:attachment":[{"href":"https:\/\/www.hydraulic-cylinders.net\/fi\/wp-json\/wp\/v2\/media?parent=15246"}],"wp:term":[{"taxonomy":"product_brand","embeddable":true,"href":"https:\/\/www.hydraulic-cylinders.net\/fi\/wp-json\/wp\/v2\/product_brand?post=15246"},{"taxonomy":"product_cat","embeddable":true,"href":"https:\/\/www.hydraulic-cylinders.net\/fi\/wp-json\/wp\/v2\/product_cat?post=15246"},{"taxonomy":"product_tag","embeddable":true,"href":"https:\/\/www.hydraulic-cylinders.net\/fi\/wp-json\/wp\/v2\/product_tag?post=15246"}],"curies":[{"name":"wp","href":"https:\/\/api.w.org\/{rel}","templated":true}]}}