{"id":15248,"date":"2025-01-19T14:17:29","date_gmt":"2025-01-19T14:17:29","guid":{"rendered":"https:\/\/www.hydraulic-cylinders.net\/product\/bucket-cylinder-for-caterpillar-large-excavator-e330b330c\/"},"modified":"2025-01-19T14:17:31","modified_gmt":"2025-01-19T14:17:31","slug":"bucket-cylinder-for-caterpillar-large-excavator-e330b330c","status":"publish","type":"product","link":"https:\/\/www.hydraulic-cylinders.net\/fi\/tuote\/bucket-cylinder-for-caterpillar-large-excavator-e330b330c\/","title":{"rendered":"Kauhan sylinteri Caterpillar-kaivinkoneeseen E330B330C"},"content":{"rendered":"<h1>Kauhan sylinteri Caterpillar-kaivinkoneeseen E330B330C<\/h1>\n<h2>Johdanto<\/h2>\n<p>Kauhasylinteri on erityisesti suunniteltu hydraulisylinteri, jota k\u00e4ytet\u00e4\u00e4n kauhojen liikkeen ohjaamiseen raskaissa koneissa, kuten kaivinkoneissa, kaivurikuormaajissa ja etukuormaajissa. Sen p\u00e4\u00e4teht\u00e4v\u00e4n\u00e4 on mahdollistaa kauhan nostaminen, laskeminen ja kallistaminen, mik\u00e4 tekee siit\u00e4 k\u00e4tev\u00e4n erilaisissa materiaalink\u00e4sittelyteht\u00e4viss\u00e4. Hydraulij\u00e4rjestelm\u00e4ss\u00e4 kauhasylinteri saavuttaa kauhan tarkan hallinnan k\u00e4ytt\u00e4m\u00e4ll\u00e4 hydrauli\u00f6ljyn paineen muutoksia, jolloin k\u00e4ytt\u00e4j\u00e4t voivat k\u00e4sitell\u00e4 raskaita kuormia tehokkaasti ja sopeutua monimutkaisiin ty\u00f6ymp\u00e4rist\u00f6ihin ja erilaisiin k\u00e4ytt\u00f6vaatimuksiin.<\/p>\n<p><img decoding=\"async\" src=\"https:\/\/www.hydraulic-cylinders.net\/wp-content\/uploads\/2025\/01\/songte-company-2.webp\"><\/p>\n<h2>Ominaisuudet<\/h2>\n<ul>\n<li>Suuri lujuus ja kest\u00e4vyys: Tyypillisesti eritt\u00e4in lujasta ter\u00e4ksest\u00e4 tai alumiinista valmistettu tuote kest\u00e4\u00e4 korkeaa painetta ja raskaita kuormia, sopeutuu vaativiin ty\u00f6ymp\u00e4rist\u00f6ihin ja on suunniteltu kulutus- ja korroosionkest\u00e4vyytt\u00e4 silm\u00e4ll\u00e4 pit\u00e4en, mik\u00e4 pident\u00e4\u00e4 sen k\u00e4ytt\u00f6ik\u00e4\u00e4.<\/li>\n<li>Tehokas hydraulinen toiminta: Hydrauli\u00f6ljyn paineen ansiosta se saavuttaa tasaiset teleskooppiliikkeet, reagoi nopeasti ohjauskomentoihin, tarjoaa tehokkaita ty\u00f6nt\u00f6- ja vetovoimia ja soveltuu raskaiden kuormien k\u00e4sittelyyn ja monimutkaisiin k\u00e4ytt\u00f6teht\u00e4viin.<\/li>\n<li>Erilaisia \u200b\u200btyyppej\u00e4: Saatavilla yksitoimisina (hydrauliikkaa k\u00e4ytet\u00e4\u00e4n vain yhteen suuntaan) tai kaksitoimisina (hydrauliikkaa k\u00e4ytet\u00e4\u00e4n molempiin suuntiin) sylinterein\u00e4 k\u00e4ytt\u00f6vaatimusten mukaan. Jotkut mallit ovat teleskooppisia, mik\u00e4 mahdollistaa suuremman jatkeen ilman ulkomittojen kasvua, joten ne sopivat sovelluksiin, joissa on rajoitetusti tilaa.<\/li>\n<li>T\u00e4ydellinen korvaus: Tuotteemme voi korvata n\u00e4m\u00e4 hydraulisylinterit t\u00e4ydellisesti.<\/li>\n<\/ul>\n<p><img decoding=\"async\" src=\"https:\/\/www.hydraulic-cylinders.net\/wp-content\/uploads\/2025\/01\/songte-cylinder-head-with-all-kinds-excavator-models.webp\"><\/p>\n<h2>Sovellukset<\/h2>\n<p>Kauhasylinteri\u00e4 k\u00e4ytet\u00e4\u00e4n erilaisissa laitteissa:<\/p>\n<ul>\n<li>Rakennuskoneet: Kaivinkoneissa k\u00e4ytett\u00e4vi\u00e4 laitteita on ratkaisevan t\u00e4rke\u00e4\u00e4 kaivamisessa, lastaamisessa ja maaper\u00e4n tai roskien siirt\u00e4misess\u00e4. Kaivurikuormaajissa kauhan sylinteri auttaa sek\u00e4 kaivamisessa ett\u00e4 nostamisessa.<\/li>\n<li>Maatalouskoneet: K\u00e4ytet\u00e4\u00e4n etukuormaajissa maaper\u00e4n, hein\u00e4n ja muiden materiaalien kaivamiseen, nostamiseen ja kuljettamiseen.<\/li>\n<li>Kaivinkoneet: Kauhan sylinteri mahdollistaa kaivamisen antamalla kauhan tunkeutua maaper\u00e4\u00e4n.<\/li>\n<li>Kuormaajat: Etukuormaajissa ne auttavat tavaroiden tehokkaassa nostamisessa ja tyhjent\u00e4misess\u00e4.<\/li>\n<\/ul>\n<h2>Suunnittelun\u00e4k\u00f6kohdat ja valintakriteerit<\/h2>\n<p>Kauhasylinterin suunnittelussa ja valinnassa on otettava huomioon useita tekij\u00f6it\u00e4:<\/p>\n<ul>\n<li>Kantavuus: Sylinterin tulee olla suunniteltu kest\u00e4m\u00e4\u00e4n vaadittu kuorma turvallisesti ja luotettavasti.<\/li>\n<li>Tiivistys: Tehokkaan tiivistyksen varmistamiseksi k\u00e4ytet\u00e4\u00e4n erilaisia \u200b\u200btiivisteit\u00e4, kuten m\u00e4nn\u00e4ntiivisteit\u00e4 ja sylinterinvarren tiivisteit\u00e4, jotka on valmistettu kulutusta kest\u00e4vist\u00e4 materiaaleista, kuten polyuretaanista ja nitriilikumista. Sylinterin runko ja kierteitetyt p\u00e4\u00e4t on hienok\u00e4sitelty kulutuskest\u00e4vyyden parantamiseksi.<\/li>\n<li>Kest\u00e4vyys: Sylinterin tulee olla suunniteltu kest\u00e4m\u00e4\u00e4n k\u00e4ytt\u00f6ymp\u00e4rist\u00f6n rasitukset ja tarjoamaan pitk\u00e4ik\u00e4ist\u00e4 suorituskyky\u00e4.<\/li>\n<li>Turvallisuus: Suunnitteluun on sis\u00e4llytett\u00e4v\u00e4 turvaominaisuuksia onnettomuuksien est\u00e4miseksi ja k\u00e4ytt\u00e4j\u00e4n turvallisuuden varmistamiseksi.<\/li>\n<li>Huollettavuus: Sylinterin tulee olla suunniteltu helppoa huoltoa varten, jotta osien tarkastus, voitelu ja vaihto on helppoa.<\/li>\n<\/ul>\n<p><img decoding=\"async\" src=\"https:\/\/www.hydraulic-cylinders.net\/wp-content\/uploads\/2025\/01\/songte-oil-pipes-and-spare-parts.webp\"><\/p>\n<h2>Tiivistys ja voitelu<\/h2>\n<p>Kauhasylinteriss\u00e4 k\u00e4ytet\u00e4\u00e4n erilaisia \u200b\u200btiivisteit\u00e4, kuten m\u00e4nn\u00e4ntiivisteit\u00e4 ja varren tiivisteit\u00e4, jotka on valmistettu kulutusta kest\u00e4vist\u00e4 materiaaleista, kuten polyuretaanista ja nitriilikumista. Sylinterin runko ja kierteitetyt p\u00e4\u00e4t on hienok\u00e4sitelty kulutuskest\u00e4vyyden parantamiseksi. S\u00e4\u00e4nn\u00f6llinen voitelu on v\u00e4ltt\u00e4m\u00e4t\u00f6nt\u00e4 sujuvan toiminnan varmistamiseksi. On suositeltavaa lis\u00e4t\u00e4 s\u00e4\u00e4nn\u00f6llisesti sopiva m\u00e4\u00e4r\u00e4 hydrauli\u00f6ljy\u00e4 voitelua varten.<\/p>\n<h2>S\u00e4\u00e4nn\u00f6llinen tarkastus ja ennaltaehk\u00e4isev\u00e4 huolto<\/h2>\n<p>Kauhasylinterin optimaalisen suorituskyvyn yll\u00e4pit\u00e4miseksi s\u00e4\u00e4nn\u00f6llinen tarkastus ja ennaltaehk\u00e4isev\u00e4 huolto ovat v\u00e4ltt\u00e4m\u00e4tt\u00f6mi\u00e4. T\u00e4ss\u00e4 on joitakin ehdotettuja toimenpiteit\u00e4:<\/p>\n<ul>\n<li>Tarkista sylinteri s\u00e4\u00e4nn\u00f6llisesti kulumisen, vuotojen tai vaurioiden varalta.<\/li>\n<li>Varmista asianmukainen voitelu valmistajan ohjeiden mukaisesti.<\/li>\n<li>Vaihda tiivisteet tarvittaessa tehokkaan tiiviyden yll\u00e4pit\u00e4miseksi.<\/li>\n<li>Suorita kalibrointitarkistukset varmistaaksesi tarkan toiminnan.<\/li>\n<\/ul>\n<p><img decoding=\"async\" src=\"https:\/\/www.hydraulic-cylinders.net\/wp-content\/uploads\/2025\/01\/songte-chushion-collar.webp\"><\/p>\n<h2>Turvallisuusn\u00e4k\u00f6kohdat ja ymp\u00e4rist\u00f6tekij\u00e4t<\/h2>\n<p>Kauhasylinteri\u00e4 k\u00e4ytett\u00e4ess\u00e4 turvatoimenpiteet ovat \u00e4\u00e4rimm\u00e4isen t\u00e4rkeit\u00e4. K\u00e4ytt\u00e4jien on noudatettava turvallisuusohjeita ja varotoimia onnettomuuksien ehk\u00e4isemiseksi ja turvallisen ty\u00f6ymp\u00e4rist\u00f6n varmistamiseksi. Lis\u00e4ksi ymp\u00e4rist\u00f6tekij\u00f6iden, kuten asianmukaisen j\u00e4tteenk\u00e4sittelyn ja m\u00e4\u00e4r\u00e4ysten noudattamisen, huomioon ottaminen on olennaista negatiivisten vaikutusten minimoimiseksi.<\/p>\n<h2>Vianm\u00e4\u00e4ritys ja yleiset ongelmat<\/h2>\n<p>Kest\u00e4vyydest\u00e4\u00e4n huolimatta kauhasylintereiss\u00e4 voi esiinty\u00e4 ongelmia. T\u00e4ss\u00e4 on joitakin yleisi\u00e4 ongelmia ja vianetsint\u00e4vinkkej\u00e4:<\/p>\n<ul>\n<li>Ongelma: Vuoto Ratkaisu: Tarkista tiivisteet ja vaihda ne tarvittaessa.<\/li>\n<li>Ongelma: Hidas tai reagoimaton liike Ratkaisu: Tarkista hydraulinesteen taso ja varmista asianmukainen voitelu.<\/li>\n<li>Ongelma: Ep\u00e4normaali \u00e4\u00e4ni Ratkaisu: Tarkista l\u00f6ysien tai kuluneiden osien varalta ja kirist\u00e4 tai vaihda ne tarvittaessa.<\/li>\n<\/ul>\n<p><img decoding=\"async\" src=\"https:\/\/www.hydraulic-cylinders.net\/wp-content\/uploads\/2025\/01\/songte-bushings-with-all-kinds-of-excavator-models.webp\"><\/p>\n<p>Noudattamalla asianmukaisia \u200b\u200basennus-, voitelu- ja s\u00e4\u00e4t\u00f6menettelyj\u00e4 lukijat voivat tehokkaasti diagnosoida ja ratkaista ongelmia sek\u00e4 toteuttaa ennaltaehk\u00e4isevi\u00e4 toimenpiteit\u00e4 mahdollisten ongelmien minimoimiseksi ja varmistaa kauhan sylinterin pitk\u00e4n k\u00e4ytt\u00f6i\u00e4n.<\/p>\n<h2>Tietoa yrityksest\u00e4mme<\/h2>\n<p>Olemme johtava hydraulisylintereiden valmistaja ja tukkumyyj\u00e4 sek\u00e4 kotimaisilla ett\u00e4 kansainv\u00e4lisill\u00e4 markkinoilla. Yrityksemme tarjoaa laajan valikoiman tuotteita ja on sitoutunut toimittamaan erinomaista laatua. Edistyksellisten tuotantolaitosten, ammattitaitoisen tiimin ja asiakastyytyv\u00e4isyyteen keskittymisen avulla pyrimme vastaamaan monipuolisiin asiakastarpeisiin tehokkaasti, tarkasti ja laadukkaasti.<\/p>\n<p><img decoding=\"async\" src=\"https:\/\/www.hydraulic-cylinders.net\/wp-content\/uploads\/2025\/01\/songte-company-3.webp\"><\/p>\n<p>Yrityksemme on ylpe\u00e4 ammattitaidostaan, kansainv\u00e4lisist\u00e4 sertifikaateistaan, r\u00e4\u00e4t\u00e4l\u00f6idyist\u00e4 palveluistaan, huippuluokan tuotantolaitteistaan \u200b\u200bja kattavista j\u00e4lkimarkkinointipalveluistaan. Asetamme korkeimmat standardit etusijalle kaikissa toimintamme osa-alueissa asiakastyytyv\u00e4isyyden varmistamiseksi.<\/p>\n<p>Kirjoittaja: lyl<\/p>","protected":false},"excerpt":{"rendered":"<p>Bucket Cylinder For Caterpillar Large Excavator E330B330C Introduction A bucket cylinder is a specially designed hydraulic cylinder that is used to control the movement of buckets in heavy machinery such as excavators, backhoe loaders, and front-end loaders. Its main function is to enable the lifting, lowering, and tilting of the bucket, making it convenient for [&hellip;]<\/p>","protected":false},"featured_media":14769,"comment_status":"open","ping_status":"closed","template":"","meta":{"_et_pb_use_builder":"","_et_pb_old_content":"","_et_gb_content_width":""},"product_brand":[],"product_cat":[1494],"product_tag":[1495,1496],"class_list":{"0":"post-15248","1":"product","2":"type-product","3":"status-publish","4":"has-post-thumbnail","6":"product_cat-bucket-cylinders","7":"product_tag-bucket-cylinders","8":"product_tag-hydraulic-cylinders","10":"first","11":"instock","12":"shipping-taxable","13":"product-type-simple"},"amp_enabled":true,"_links":{"self":[{"href":"https:\/\/www.hydraulic-cylinders.net\/fi\/wp-json\/wp\/v2\/product\/15248","targetHints":{"allow":["GET"]}}],"collection":[{"href":"https:\/\/www.hydraulic-cylinders.net\/fi\/wp-json\/wp\/v2\/product"}],"about":[{"href":"https:\/\/www.hydraulic-cylinders.net\/fi\/wp-json\/wp\/v2\/types\/product"}],"replies":[{"embeddable":true,"href":"https:\/\/www.hydraulic-cylinders.net\/fi\/wp-json\/wp\/v2\/comments?post=15248"}],"wp:featuredmedia":[{"embeddable":true,"href":"https:\/\/www.hydraulic-cylinders.net\/fi\/wp-json\/wp\/v2\/media\/14769"}],"wp:attachment":[{"href":"https:\/\/www.hydraulic-cylinders.net\/fi\/wp-json\/wp\/v2\/media?parent=15248"}],"wp:term":[{"taxonomy":"product_brand","embeddable":true,"href":"https:\/\/www.hydraulic-cylinders.net\/fi\/wp-json\/wp\/v2\/product_brand?post=15248"},{"taxonomy":"product_cat","embeddable":true,"href":"https:\/\/www.hydraulic-cylinders.net\/fi\/wp-json\/wp\/v2\/product_cat?post=15248"},{"taxonomy":"product_tag","embeddable":true,"href":"https:\/\/www.hydraulic-cylinders.net\/fi\/wp-json\/wp\/v2\/product_tag?post=15248"}],"curies":[{"name":"wp","href":"https:\/\/api.w.org\/{rel}","templated":true}]}}