{"id":15251,"date":"2025-01-19T14:17:41","date_gmt":"2025-01-19T14:17:41","guid":{"rendered":"https:\/\/www.hydraulic-cylinders.net\/product\/bucket-cylinder-for-caterpillar-large-excavator-d2l-374dl\/"},"modified":"2025-01-19T14:17:43","modified_gmt":"2025-01-19T14:17:43","slug":"bucket-cylinder-for-caterpillar-large-excavator-d2l-374dl","status":"publish","type":"product","link":"https:\/\/www.hydraulic-cylinders.net\/fi\/tuote\/bucket-cylinder-for-caterpillar-large-excavator-d2l-374dl\/","title":{"rendered":"Kauhan sylinteri Caterpillar-kaivukoneeseen D2L\/374DL"},"content":{"rendered":"<h1>Kauhan sylinteri Caterpillar-kaivukoneeseen D2L\/374DL<\/h1>\n<h2>Johdanto<\/h2>\n<p>Caterpillarin D2L\/374DL-kaivukoneen kauhan sylinteri on erikoishydraulinen sylinteri, joka on suunniteltu ohjaamaan kauhan liikett\u00e4 raskaissa koneissa, kuten kaivinkoneissa, kaivurikuormaajissa ja etukuormaajissa. Sen p\u00e4\u00e4teht\u00e4v\u00e4n\u00e4 on mahdollistaa kauhan nostaminen, laskeminen ja kallistaminen, mik\u00e4 helpottaa erilaisten materiaalink\u00e4sittelyteht\u00e4vien k\u00e4sittely\u00e4. Hydraulij\u00e4rjestelm\u00e4ss\u00e4 kauhan sylinteri saavuttaa tarkan kauhan hallinnan hy\u00f6dynt\u00e4m\u00e4ll\u00e4 hydrauli\u00f6ljyn paineen muutoksia, jolloin k\u00e4ytt\u00e4j\u00e4t voivat k\u00e4sitell\u00e4 raskaita kuormia tehokkaasti ja sopeutua monimutkaisiin ty\u00f6ymp\u00e4rist\u00f6ihin ja erilaisiin ty\u00f6vaatimuksiin.<\/p>\n<p><img decoding=\"async\" src=\"https:\/\/www.hydraulic-cylinders.net\/wp-content\/uploads\/2025\/01\/songte-company-2.webp\" alt=\"Kauhan sylinterin kuva\"><\/p>\n<h2>Ominaisuudet<\/h2>\n<ul>\n<li>Korkea lujuus ja kest\u00e4vyys: Kauhasylinteri on tyypillisesti valmistettu eritt\u00e4in lujasta ter\u00e4ksest\u00e4 tai alumiinista, ja se kest\u00e4\u00e4 korkeaa painetta ja raskaita kuormia ja mukautuu vaativiin ty\u00f6ymp\u00e4rist\u00f6ihin. Sen suunnittelussa on otettu huomioon esimerkiksi kulutuskest\u00e4vyys ja korroosionkest\u00e4vyys, mik\u00e4 pident\u00e4\u00e4 sen k\u00e4ytt\u00f6ik\u00e4\u00e4.<\/li>\n<li>Tehokas hydraulinen toiminta: Hydrauli\u00f6ljyn paineen ansiosta kauhan sylinteri saavuttaa tasaiset ojennus- ja sis\u00e4\u00e4nvetoliikkeet, mik\u00e4 mahdollistaa nopean reagoinnin ohjauskomentoihin ja tarjoaa tehokkaat ty\u00f6nt\u00f6- ja vetovoimat, jotka sopivat raskaiden kuormien k\u00e4sittelyyn ja monimutkaisiin ty\u00f6teht\u00e4viin.<\/li>\n<li>Erilaisia \u200b\u200btyyppej\u00e4: Sylinteri voidaan valita yksitoimiseksi (hydraulivoimaa k\u00e4ytet\u00e4\u00e4n vain yhteen suuntaan) tai kaksitoimiseksi (hydraulivoimaa k\u00e4ytet\u00e4\u00e4n molempiin suuntiin) vaatimusten mukaan erilaisten k\u00e4ytt\u00f6tarpeiden t\u00e4ytt\u00e4miseksi. Jotkut mallit ovat teleskooppisia, mik\u00e4 mahdollistaa suuremman jatkeen ilman ulkomittojen kasvua, joten ne sopivat sovelluksiin, joissa on rajoitetusti tilaa.<\/li>\n<li>T\u00e4ydellinen korvaus: Tuotteemme voi t\u00e4ydellisesti korvata n\u00e4m\u00e4 hydraulisylinterit.<\/li>\n<\/ul>\n<p><img decoding=\"async\" src=\"https:\/\/www.hydraulic-cylinders.net\/wp-content\/uploads\/2025\/01\/songte-cylinder-head-with-all-kinds-excavator-models.webp\" alt=\"Vaihtosylinterin kuva\"><\/p>\n<h2>Sovellukset<\/h2>\n<h3>Rakennuslaitteet:<\/h3>\n<p>Kaivinkoneissa ne ovat ratkaisevan t\u00e4rkeit\u00e4 kaivamisessa, lastaamisessa ja maaper\u00e4n tai roskien siirt\u00e4misess\u00e4. Kaivurikuormaajissa kauhan sylinteri auttaa sek\u00e4 kaivamisessa ett\u00e4 nostamisessa.<\/p>\n<h3>Maatalouskoneet:<\/h3>\n<p>K\u00e4ytet\u00e4\u00e4n etukuormaajissa maaper\u00e4n, hein\u00e4n ja muiden materiaalien kauhaukseen, nostamiseen ja kuljettamiseen.<\/p>\n<h3>Kaivinkoneet:<\/h3>\n<p>Kauhan sylinteri mahdollistaa kaivamisen antamalla kauhan tunkeutua maaper\u00e4\u00e4n.<\/p>\n<h3>Kuormaajat:<\/h3>\n<p>Etukuormaajissa ne auttavat lastin tehokkaassa nostamisessa ja tyhjent\u00e4misess\u00e4.<\/p>\n<h2>Suunnittelun\u00e4k\u00f6kohdat ja valintakriteerit<\/h2>\n<ul>\n<li>Kantavuus: Sylinteri on suunniteltu kest\u00e4m\u00e4\u00e4n vaadittu kuormankesto.<\/li>\n<li>Tiivistys: Tehokkaan tiivistyksen varmistamiseksi k\u00e4ytet\u00e4\u00e4n erilaisia \u200b\u200btiivistyskomponentteja, kuten m\u00e4nn\u00e4ntiivisteit\u00e4 ja varren tiivisteit\u00e4. Ne on valmistettu kulutusta kest\u00e4vist\u00e4 materiaaleista, kuten polyuretaanista ja nitriilikumista.<\/li>\n<li>Kest\u00e4vyys: Sylinterin runko ja kierteitetyt p\u00e4\u00e4t on k\u00e4sitelty hienosti kulutuskest\u00e4vyyden parantamiseksi.<\/li>\n<li>Turvallisuus: Suunnittelussa otetaan huomioon turvallisuustoimenpiteet turvallisen k\u00e4yt\u00f6n varmistamiseksi.<\/li>\n<li>Huolto: Sylinteri vaatii s\u00e4\u00e4nn\u00f6llist\u00e4 voitelua sopivalla m\u00e4\u00e4r\u00e4ll\u00e4 hydrauli\u00f6ljy\u00e4.<\/li>\n<\/ul>\n<p><img decoding=\"async\" src=\"https:\/\/www.hydraulic-cylinders.net\/wp-content\/uploads\/2025\/01\/songte-oil-pipes-and-spare-parts.webp\" alt=\"Hydraulisylinterin osien kuva\"><\/p>\n<h2>Huolto ja ennaltaehk\u00e4isev\u00e4t toimenpiteet<\/h2>\n<ul>\n<li>S\u00e4\u00e4nn\u00f6lliset tarkastukset<\/li>\n<li>Asianmukainen voitelu<\/li>\n<li>Tiivisteiden vaihdot<\/li>\n<li>Kalibrointitarkastukset<\/li>\n<\/ul>\n<p><img decoding=\"async\" src=\"https:\/\/www.hydraulic-cylinders.net\/wp-content\/uploads\/2025\/01\/songte-chushion-collar.webp\" alt=\"Hydraulisylinterin huoltokuva\"><\/p>\n<h2>Turvallisuusn\u00e4k\u00f6kohdat ja ymp\u00e4rist\u00f6tekij\u00e4t<\/h2>\n<p>Kauhasylinteri\u00e4 k\u00e4ytett\u00e4ess\u00e4 on noudatettava turvallisuustoimenpiteit\u00e4 turvallisen ty\u00f6ymp\u00e4rist\u00f6n varmistamiseksi. My\u00f6s ymp\u00e4rist\u00f6tekij\u00e4t, kuten l\u00e4mp\u00f6tila ja kosteus, on otettava huomioon optimaalisen suorituskyvyn saavuttamiseksi.<\/p>\n<h2>Vianm\u00e4\u00e4ritys ja yleiset ongelmat<\/h2>\n<p>Kauhan sylinteriin liittyv\u00e4t vianm\u00e4\u00e4ritykset ja yleiset ongelmat:<\/p>\n<ul>\n<li>Vuoto<\/li>\n<li>Huono suorituskyky<\/li>\n<li>Ep\u00e4tavalliset \u00e4\u00e4net<\/li>\n<\/ul>\n<p><img decoding=\"async\" src=\"https:\/\/www.hydraulic-cylinders.net\/wp-content\/uploads\/2025\/01\/songte-bushings-with-all-kinds-of-excavator-models.webp\" alt=\"Kauhan sylinterin holkit Kuva\"><\/p>\n<h2>Huoltovinkkej\u00e4 ja ratkaisuja<\/h2>\n<p>Tarjoaa vinkkej\u00e4 ja ratkaisuja ongelmien tehokkaaseen diagnosointiin ja ratkaisemiseen sek\u00e4 ennaltaehk\u00e4isevi\u00e4 toimenpiteit\u00e4 mahdollisten ongelmien minimoimiseksi.<\/p>\n<h2>Asennusopas<\/h2>\n<p>Tarjoaa kattavan oppaan kauhan sylinterin oikeanlaiseen asennukseen.<\/p>\n<h2>S\u00e4\u00e4nn\u00f6lliset huoltoteht\u00e4v\u00e4t<\/h2>\n<p>Kolmen yleisen huoltoteht\u00e4v\u00e4n listaaminen: s\u00e4\u00e4nn\u00f6lliset tarkastukset, asianmukainen voitelu ja tiivisteiden vaihto. Oikean asennuksen, voitelun ja s\u00e4\u00e4d\u00f6n t\u00e4rkeyden korostaminen. Ohjeiden antaminen sylinterin kohdistamiseen asennuksen aikana ja sopivien asennuskiinnikkeiden k\u00e4yt\u00f6n suositteleminen sylinterin kiinnitt\u00e4miseksi. Tarkastus-, korjaus- ja vaihtotoimenpiteiden suositteleminen. Vinkkien antaminen kauhasylinterin k\u00e4ytt\u00f6i\u00e4n pident\u00e4miseksi.<\/p>\n<p><img decoding=\"async\" src=\"https:\/\/www.hydraulic-cylinders.net\/wp-content\/uploads\/2025\/01\/songte-company-1.webp\" alt=\"Yrityksen imago\"><\/p>\n<h2>Tietoa yrityksest\u00e4mme<\/h2>\n<p>Olemme korvaavien hydraulisylinterien valmistaja ja tarjoamme laajan valikoiman tuotteita. Meist\u00e4 on tullut yksi johtavista hydraulisylinterien valmistajista ja tukkumyyjist\u00e4 kotimaisilla ja kansainv\u00e4lisill\u00e4 markkinoilla. Noudatamme huippuosaamisen periaatteita ja luotamme teollistettuihin tuotannonohjausstrategioihin hienostuneissa valmistuspajoissamme. Keskittym\u00e4ll\u00e4 teknologisiin kykyihin, edistyneisiin digitaalisiin valmistuslaitteisiin ja ammattimaisiin testausj\u00e4rjestelmiin parannamme jatkuvasti valmistusymp\u00e4rist\u00f6\u00e4mme ja t\u00e4ydellist\u00e4mme tuotantoreitti\u00e4 tuotteiden laadun varmistamiseksi. Meill\u00e4 on vahva luova kyky ja pyrimme vastaamaan asiakkaiden monipuolisiin tarpeisiin korkean tehokkuuden, tarkkuuden ja korkean laadun periaatteilla.<\/p>\n<p><img decoding=\"async\" src=\"https:\/\/www.hydraulic-cylinders.net\/wp-content\/uploads\/2025\/01\/songte-company-3.webp\" alt=\"Yrityksen imago\"><\/p>\n<p>Olemme ylpeit\u00e4 ammattitaidostamme, kansainv\u00e4lisist\u00e4 sertifikaateistamme, r\u00e4\u00e4t\u00e4l\u00f6idyist\u00e4 palveluistamme, tuotantolaitteistamme ja j\u00e4lkimarkkinointipalveluistamme.<\/p>\n<p>Kirjoittaja: lyl<\/p>","protected":false},"excerpt":{"rendered":"<p>Bucket Cylinder For Caterpillar Large Excavator D2L\/374DL Introduction The bucket cylinder for Caterpillar large excavator D2L\/374DL is a specialized hydraulic cylinder designed to control the movement of the bucket in heavy machinery such as excavators, backhoe loaders, and front loaders. Its main function is to enable the lifting, lowering, and tilting of the bucket, making [&hellip;]<\/p>","protected":false},"featured_media":14761,"comment_status":"open","ping_status":"closed","template":"","meta":{"_et_pb_use_builder":"","_et_pb_old_content":"","_et_gb_content_width":""},"product_brand":[],"product_cat":[1494],"product_tag":[1495,1496],"class_list":{"0":"post-15251","1":"product","2":"type-product","3":"status-publish","4":"has-post-thumbnail","6":"product_cat-bucket-cylinders","7":"product_tag-bucket-cylinders","8":"product_tag-hydraulic-cylinders","10":"first","11":"instock","12":"shipping-taxable","13":"product-type-simple"},"amp_enabled":true,"_links":{"self":[{"href":"https:\/\/www.hydraulic-cylinders.net\/fi\/wp-json\/wp\/v2\/product\/15251","targetHints":{"allow":["GET"]}}],"collection":[{"href":"https:\/\/www.hydraulic-cylinders.net\/fi\/wp-json\/wp\/v2\/product"}],"about":[{"href":"https:\/\/www.hydraulic-cylinders.net\/fi\/wp-json\/wp\/v2\/types\/product"}],"replies":[{"embeddable":true,"href":"https:\/\/www.hydraulic-cylinders.net\/fi\/wp-json\/wp\/v2\/comments?post=15251"}],"wp:featuredmedia":[{"embeddable":true,"href":"https:\/\/www.hydraulic-cylinders.net\/fi\/wp-json\/wp\/v2\/media\/14761"}],"wp:attachment":[{"href":"https:\/\/www.hydraulic-cylinders.net\/fi\/wp-json\/wp\/v2\/media?parent=15251"}],"wp:term":[{"taxonomy":"product_brand","embeddable":true,"href":"https:\/\/www.hydraulic-cylinders.net\/fi\/wp-json\/wp\/v2\/product_brand?post=15251"},{"taxonomy":"product_cat","embeddable":true,"href":"https:\/\/www.hydraulic-cylinders.net\/fi\/wp-json\/wp\/v2\/product_cat?post=15251"},{"taxonomy":"product_tag","embeddable":true,"href":"https:\/\/www.hydraulic-cylinders.net\/fi\/wp-json\/wp\/v2\/product_tag?post=15251"}],"curies":[{"name":"wp","href":"https:\/\/api.w.org\/{rel}","templated":true}]}}