{"id":15255,"date":"2025-01-19T14:18:02","date_gmt":"2025-01-19T14:18:02","guid":{"rendered":"https:\/\/www.hydraulic-cylinders.net\/product\/bucket-cylinder-for-caterpillar-large-excavator-e330d-330l\/"},"modified":"2025-01-19T14:18:04","modified_gmt":"2025-01-19T14:18:04","slug":"bucket-cylinder-for-caterpillar-large-excavator-e330d-330l","status":"publish","type":"product","link":"https:\/\/www.hydraulic-cylinders.net\/fi\/tuote\/bucket-cylinder-for-caterpillar-large-excavator-e330d-330l\/","title":{"rendered":"Kauhan sylinteri Caterpillar-kaivukoneeseen E330D\/330L"},"content":{"rendered":"<h1>Kauhan sylinteri Caterpillar-kaivukoneeseen E330D\/330L<\/h1>\n<h2>Johdanto<\/h2>\n<p>The bucket cylinder for Caterpillar large excavator E330D\/330L is a specially designed hydraulic cylinder that is mainly used to control the movement of the bucket in heavy machinery such as excavators, backhoes, and front-end loaders. Its main function is to allow the bucket to lift, lower, and tilt, making it easier to handle various material handling tasks. In the hydraulic system, the bucket cylinder controls the bucket&#8217;s precise movement through changes in hydraulic oil pressure, enabling operators to efficiently handle heavy loads and adapt to complex working environments and diverse operational requirements.<\/p>\n<p><img decoding=\"async\" src=\"https:\/\/www.hydraulic-cylinders.net\/wp-content\/uploads\/2025\/01\/songte-company-2.webp\" \/><\/p>\n<h2>Ominaisuudet<\/h2>\n<ul>\n<li>\n<h3>Korkea lujuus ja kest\u00e4vyys<\/h3>\n<p>Kauhasylinteri on yleens\u00e4 valmistettu eritt\u00e4in lujasta ter\u00e4ksest\u00e4 tai alumiinista, joka kest\u00e4\u00e4 korkeaa painetta ja raskaita kuormia, sopeutuu ankariin ty\u00f6ymp\u00e4rist\u00f6ihin ja on suunniteltu kulutuskest\u00e4vyydeksi ja korroosionkest\u00e4vyydeksi, mik\u00e4 pident\u00e4\u00e4 sen k\u00e4ytt\u00f6ik\u00e4\u00e4.<\/p>\n<\/li>\n<li>\n<h3>Tehokas hydraulinen k\u00e4ytt\u00f6<\/h3>\n<p>Kauhasylinteri k\u00e4ytt\u00e4\u00e4 hydrauli\u00f6ljyn painetta tasaisen ojennus- ja supistusliikkeen aikaansaamiseksi, reagoi nopeasti ohjauskomentoihin, tarjoaa tehokkaita ty\u00f6nt\u00f6- ja vetovoimia ja soveltuu raskaiden kuormien k\u00e4sittelyyn ja monimutkaisiin operatiivisiin teht\u00e4viin.<\/p>\n<\/li>\n<li>\n<h3>Erilaisia \u200b\u200btyyppej\u00e4<\/h3>\n<p>Kauhasylinteri voidaan valita yksitoimiseksi (hydrauliikkaa k\u00e4ytet\u00e4\u00e4n vain yhteen suuntaan) tai kaksitoimiseksi (hydrauliikkaa k\u00e4ytet\u00e4\u00e4n molempiin suuntiin) sylinteriksi tarpeiden mukaan erilaisten k\u00e4ytt\u00f6vaatimusten t\u00e4ytt\u00e4miseksi. Jotkut mallit ovat teleskooppisia, mik\u00e4 mahdollistaa suuremman jatkeen ilman ulkomittojen kasvua, mik\u00e4 sopii sovelluksiin, joissa on rajoitetusti tilaa.<\/p>\n<\/li>\n<li>\n<h3>T\u00e4ydellinen korvaus<\/h3>\n<p>Our products can perfectly replace these hydraulic cylinders. We provide various types and models of bucket cylinders and can customize according to customers&#8217; requirements.<\/p>\n<\/li>\n<li>\n<h3>Laaja k\u00e4ytt\u00f6alue<\/h3>\n<p>Kauhasylinteri\u00e4 k\u00e4ytet\u00e4\u00e4n laajalti erilaisissa rakennuskoneissa, kuten kaivinkoneissa, kaivinkoneissa, etukuormaajissa ja maatalouskoneissa, kuten kuormaajissa, kaivinkoneissa jne. Sit\u00e4 k\u00e4ytet\u00e4\u00e4n my\u00f6s muissa materiaalink\u00e4sittelylaitteissa, kuten trukeissa.<\/p>\n<\/li>\n<\/ul>\n<h2>Suunnittelun\u00e4k\u00f6kohdat ja valintakriteerit<\/h2>\n<ul>\n<li>\n<h3>Kantavuus<\/h3>\n<p>Kauhasylinterin on kestett\u00e4v\u00e4 k\u00e4sitelt\u00e4v\u00e4n materiaalin kuormitus ja paine, ja sylinterin kantokyky on m\u00e4\u00e4ritett\u00e4v\u00e4 tiettyjen k\u00e4ytt\u00f6vaatimusten mukaan.<\/p>\n<\/li>\n<li>\n<h3>Tiivistyskyky<\/h3>\n<p>Kauhasylinteriss\u00e4 on erilaisia \u200b\u200btiivistyselementtej\u00e4, kuten m\u00e4nn\u00e4ntiivisteit\u00e4 ja varren tiivisteit\u00e4, jotka on valmistettu kulutusta kest\u00e4vist\u00e4 materiaaleista, kuten polyuretaanista ja nitriilikumista, hyv\u00e4n tiivistyskyvyn varmistamiseksi ja \u00f6ljyvuotojen est\u00e4miseksi. Sylinterin runko ja kierteiden p\u00e4\u00e4typinta on hienosti k\u00e4sitelty kulutuskest\u00e4vyyden parantamiseksi.<\/p>\n<\/li>\n<li>\n<h3>Kest\u00e4vyys<\/h3>\n<p>Kauhasylinterin tulee olla valmistettu korkealaatuisista materiaaleista, ja materiaalien ja valmistusprosessien valinnan tulisi varmistaa hyv\u00e4 kest\u00e4vyys ja pident\u00e4\u00e4 sylinterin k\u00e4ytt\u00f6ik\u00e4\u00e4.<\/p>\n<\/li>\n<li>\n<h3>Turvallisuus<\/h3>\n<p>Kauhasylinterin suunnittelussa ja valmistuksessa tulee ottaa huomioon turvallisuusn\u00e4k\u00f6kohdat, ja sen turvallisuustason on t\u00e4ytett\u00e4v\u00e4 asiaankuuluvat kansalliset ja kansainv\u00e4liset standardit.<\/p>\n<\/li>\n<li>\n<h3>Huolto<\/h3>\n<p>Kauhasylinterin tulee olla helppo huoltaa ja korjata, ja sen osien tulee olla helppo purkaa ja vaihtaa. Sylinterin toimintakunnon varmistamiseksi on suoritettava s\u00e4\u00e4nn\u00f6llisi\u00e4 tarkastuksia ja huoltoa.<\/p>\n<\/li>\n<\/ul>\n<p><img decoding=\"async\" src=\"https:\/\/www.hydraulic-cylinders.net\/wp-content\/uploads\/2025\/01\/songte-oil-pipes-and-spare-parts.webp\" \/><\/p>\n<h2>Asennus ja huolto<\/h2>\n<p>Kauhasylinterin asianmukainen asennus ja huolto voivat auttaa varmistamaan sen pitk\u00e4aikaisen ja luotettavan toiminnan. Seuraavat ovat yleisi\u00e4 huoltoteht\u00e4vi\u00e4:<\/p>\n<h3>S\u00e4\u00e4nn\u00f6llinen tarkastus<\/h3>\n<p>Kauhasylinterin s\u00e4\u00e4nn\u00f6llinen tarkastus voi auttaa havaitsemaan mahdolliset ongelmat ja ehk\u00e4isem\u00e4\u00e4n toimintah\u00e4iri\u00f6it\u00e4. Tarkastukseen kuuluu hydrauliikka\u00f6ljyn tason tarkistaminen, tiivisteiden ja tiivistysmateriaalien kulumisen ja vaurioiden tarkistaminen sek\u00e4 sylinterin halkeamien ja muiden vaurioiden tarkistaminen.<\/p>\n<h3>Voitelu<\/h3>\n<p>The bucket cylinder requires regular lubrication to ensure smooth and efficient operation. The appropriate hydraulic oil should be selected and added according to the manufacturer&#8217;s recommendations.<\/p>\n<h3>Tiivisteen vaihto ja kalibroinnin tarkistus<\/h3>\n<p>Kauhasylinterin tiivisteet tulee vaihtaa s\u00e4\u00e4nn\u00f6llisesti \u00f6ljyvuotojen est\u00e4miseksi. Lis\u00e4ksi on teht\u00e4v\u00e4 kalibrointitarkastuksia sylinterin oikean toiminnan varmistamiseksi.<\/p>\n<h2>Turvallisuusn\u00e4k\u00f6kohdat ja ymp\u00e4rist\u00f6tekij\u00e4t<\/h2>\n<p>Kauhasylinteri\u00e4 k\u00e4ytett\u00e4ess\u00e4 on t\u00e4rke\u00e4\u00e4 noudattaa turvaohjeita onnettomuuksien v\u00e4ltt\u00e4miseksi. Yleisi\u00e4 turvatoimenpiteit\u00e4 ovat suojavaatteiden ja -varusteiden k\u00e4ytt\u00f6, k\u00e4ytt\u00f6- ja huolto-ohjeiden noudattaminen sek\u00e4 asianmukaisten lis\u00e4varusteiden ja lis\u00e4laitteiden k\u00e4ytt\u00f6.<\/p>\n<p><img decoding=\"async\" src=\"https:\/\/www.hydraulic-cylinders.net\/wp-content\/uploads\/2025\/01\/songte-bushings-with-all-kinds-of-excavator-models.webp\" \/><\/p>\n<h2>Vianm\u00e4\u00e4ritys ja yleiset ongelmat<\/h2>\n<p>Kauhasylinteriss\u00e4 voi k\u00e4yt\u00f6n aikana esiinty\u00e4 erilaisia \u200b\u200bongelmia, kuten \u00f6ljyvuotoja, riitt\u00e4m\u00e4t\u00f6nt\u00e4 voimaa ja ep\u00e4normaalia melua. N\u00e4iden ongelmien diagnosoimiseksi ja ratkaisemiseksi on tarpeen tunnistaa syy ja ryhty\u00e4 asianmukaisiin toimenpiteisiin. Yleisi\u00e4 ratkaisuja ovat hydraulisen paineen s\u00e4\u00e4t\u00f6, tiivisteiden vaihtaminen sek\u00e4 vaurioituneiden osien korjaaminen tai vaihtaminen.<\/p>\n<h2>Tietoa yrityksest\u00e4mme<\/h2>\n<p>We are a manufacturer of hydraulic cylinders and a leading manufacturer and wholesaler of hydraulic cylinders in the domestic and international markets. We adhere to the principle of excellent quality and rely on the industrialized production management strategy of fine manufacturing workshops. Our company continuously improves the manufacturing platform of the workshop, improves the quality production line of the product, and has strong creativity, high efficiency, high precision, and high quality products to meet customers&#8217; diverse needs.<\/p>\n<ul>\n<li>\n<h3>Ammattimaisuus<\/h3>\n<p>Yrityksell\u00e4mme on ammattitaitoinen insin\u00f6\u00f6rien ja teknikkojen tiimi, jolla on runsaasti kokemusta hydraulisylinterien suunnittelusta ja valmistuksesta. He voivat tarjota asiakkaille r\u00e4\u00e4t\u00e4l\u00f6ityj\u00e4 ratkaisuja ja teknist\u00e4 tukea.<\/p>\n<\/li>\n<li>\n<h3>Kansainv\u00e4linen sertifiointi<\/h3>\n<p>Our company&#8217;s products have obtained various international certifications, such as CE, ISO, and SGS, which can ensure that our products meet international standards and customer requirements.<\/p>\n<\/li>\n<li>\n<h3>R\u00e4\u00e4t\u00e4l\u00f6intipalvelu<\/h3>\n<p>Our company can customize hydraulic cylinders according to customers&#8217; requirements, such as size, pressure, and material.<\/p>\n<\/li>\n<li>\n<h3>Tuotantolaitteet<\/h3>\n<p>Yrityksell\u00e4mme on edistyneet tuotantolaitteet, kuten CNC-ty\u00f6st\u00f6keskukset, hitsausrobotit ja testauslaitteet, jotka takaavat tuotteidemme korkean laadun ja tarkkuuden.<\/p>\n<\/li>\n<li>\n<h3>Myynnin j\u00e4lkeinen palvelu<\/h3>\n<p>Yrityksemme tarjoaa asiakkaille kattavaa huoltopalvelua, kuten teknist\u00e4 tukea, tuotehuoltoa ja korjauspalveluita, varmistaakseen, ett\u00e4 asiakkaat voivat k\u00e4ytt\u00e4\u00e4 tuotteitamme luottavaisin mielin.<\/p>\n<\/li>\n<\/ul>\n<p><img decoding=\"async\" src=\"https:\/\/hzpt.com\/wp-content\/uploads\/2024\/11\/songte-company-1.webp\" \/><\/p>\n<p>Kirjoittaja: lyl<\/p>","protected":false},"excerpt":{"rendered":"<p>Bucket Cylinder For Caterpillar Large Excavator E330D\/330L Introduction The bucket cylinder for Caterpillar large excavator E330D\/330L is a specially designed hydraulic cylinder that is mainly used to control the movement of the bucket in heavy machinery such as excavators, backhoes, and front-end loaders. Its main function is to allow the bucket to lift, lower, and [&hellip;]<\/p>","protected":false},"featured_media":14785,"comment_status":"open","ping_status":"closed","template":"","meta":{"_et_pb_use_builder":"","_et_pb_old_content":"","_et_gb_content_width":""},"product_brand":[],"product_cat":[1494],"product_tag":[1495,1496],"class_list":{"0":"post-15255","1":"product","2":"type-product","3":"status-publish","4":"has-post-thumbnail","6":"product_cat-bucket-cylinders","7":"product_tag-bucket-cylinders","8":"product_tag-hydraulic-cylinders","10":"first","11":"instock","12":"shipping-taxable","13":"product-type-simple"},"amp_enabled":true,"_links":{"self":[{"href":"https:\/\/www.hydraulic-cylinders.net\/fi\/wp-json\/wp\/v2\/product\/15255","targetHints":{"allow":["GET"]}}],"collection":[{"href":"https:\/\/www.hydraulic-cylinders.net\/fi\/wp-json\/wp\/v2\/product"}],"about":[{"href":"https:\/\/www.hydraulic-cylinders.net\/fi\/wp-json\/wp\/v2\/types\/product"}],"replies":[{"embeddable":true,"href":"https:\/\/www.hydraulic-cylinders.net\/fi\/wp-json\/wp\/v2\/comments?post=15255"}],"wp:featuredmedia":[{"embeddable":true,"href":"https:\/\/www.hydraulic-cylinders.net\/fi\/wp-json\/wp\/v2\/media\/14785"}],"wp:attachment":[{"href":"https:\/\/www.hydraulic-cylinders.net\/fi\/wp-json\/wp\/v2\/media?parent=15255"}],"wp:term":[{"taxonomy":"product_brand","embeddable":true,"href":"https:\/\/www.hydraulic-cylinders.net\/fi\/wp-json\/wp\/v2\/product_brand?post=15255"},{"taxonomy":"product_cat","embeddable":true,"href":"https:\/\/www.hydraulic-cylinders.net\/fi\/wp-json\/wp\/v2\/product_cat?post=15255"},{"taxonomy":"product_tag","embeddable":true,"href":"https:\/\/www.hydraulic-cylinders.net\/fi\/wp-json\/wp\/v2\/product_tag?post=15255"}],"curies":[{"name":"wp","href":"https:\/\/api.w.org\/{rel}","templated":true}]}}