{"id":15259,"date":"2025-01-19T14:18:18","date_gmt":"2025-01-19T14:18:18","guid":{"rendered":"https:\/\/www.hydraulic-cylinders.net\/product\/bucket-cylinder-for-caterpillar-large-excavator-e390d\/"},"modified":"2025-01-19T14:18:20","modified_gmt":"2025-01-19T14:18:20","slug":"bucket-cylinder-for-caterpillar-large-excavator-e390d","status":"publish","type":"product","link":"https:\/\/www.hydraulic-cylinders.net\/fi\/tuote\/bucket-cylinder-for-caterpillar-large-excavator-e390d\/","title":{"rendered":"Kauhan sylinteri Caterpillar-kaivukoneelle E390D"},"content":{"rendered":"<h1>Kauhan sylinteri Caterpillar-kaivukoneelle E390D<\/h1>\n<h2>Johdanto<\/h2>\n<p>A bucket cylinder is a specially designed hydraulic cylinder used to control the movement of the bucket in heavy machinery, such as excavators, backhoe loaders, and front-end loaders. Its primary function is to allow the bucket to lift, lower and tilt, making it suitable for various material handling tasks. In the hydraulic system, the bucket cylinder precisely controls the bucket&#8217;s movements through changes in hydraulic oil pressure, enabling operators to efficiently handle heavy loads and adapt to complex work environments and diverse job requirements. <\/p>\n<p><img decoding=\"async\" src=\"https:\/\/www.hydraulic-cylinders.net\/wp-content\/uploads\/2025\/01\/songte-company-2.webp\"><\/p>\n<h2>Ominaisuudet<\/h2>\n<ul>\n<li>\n<h3>Korkea lujuus ja kest\u00e4vyys<\/h3>\n<p>Kauhasylinterit on tyypillisesti valmistettu eritt\u00e4in lujasta ter\u00e4ksest\u00e4 tai alumiinista, ja ne kest\u00e4v\u00e4t korkeaa painetta ja raskaita kuormia, mik\u00e4 tekee niist\u00e4 sopivia vaativiin ty\u00f6ymp\u00e4rist\u00f6ihin. Ne on suunniteltu kulutus- ja korroosionkest\u00e4vyys mieless\u00e4 pit\u00e4en, mik\u00e4 pident\u00e4\u00e4 niiden k\u00e4ytt\u00f6ik\u00e4\u00e4.<\/p>\n<\/li>\n<li>\n<h3>Tehokas hydraulinen k\u00e4ytt\u00f6<\/h3>\n<p>Kauhasylinterit hy\u00f6dynt\u00e4v\u00e4t hydrauli\u00f6ljyn painetta tasaisten ojennus- ja sis\u00e4\u00e4nvetoliikkeiden saavuttamiseksi. Ne reagoivat nopeasti ohjauskomentoihin ja tarjoavat tehokkaita ty\u00f6nt\u00f6- ja vetovoimia, jotka sopivat raskaiden kuormien k\u00e4sittelyyn ja monimutkaisiin ty\u00f6teht\u00e4viin.<\/p>\n<\/li>\n<li>\n<h3>Erilaisia \u200b\u200btyyppej\u00e4<\/h3>\n<p>Kauhasylinterit voivat olla yksitoimisia (k\u00e4ytt\u00e4v\u00e4t hydraulipainetta vain yhteen suuntaan) tai kaksitoimisia (k\u00e4ytt\u00e4v\u00e4t hydraulipainetta molempiin suuntiin) k\u00e4ytt\u00f6tarpeista riippuen. Jotkut mallit ovat teleskooppisia, mik\u00e4 mahdollistaa suuremman jatkeen ilman ulkomittojen kasvua, joten ne sopivat sovelluksiin, joissa on rajoitetusti tilaa.<\/p>\n<\/li>\n<li>\n<h3>Yhteensopiva useiden kaivinkonemallien kanssa<\/h3>\n<p>Tuotteemme voi t\u00e4ydellisesti korvata n\u00e4m\u00e4 hydraulisylinterit. <\/p>\n<\/li>\n<\/ul>\n<p><img decoding=\"async\" src=\"https:\/\/www.hydraulic-cylinders.net\/wp-content\/uploads\/2025\/01\/songte-cylinder-head-with-all-kinds-excavator-models.webp\"><\/p>\n<h2>Sovellukset<\/h2>\n<p>Kauhasylinterit ovat olennaisia \u200b\u200bosia erilaisissa raskaissa koneissa, mukaan lukien, mutta ei rajoittuen:<\/p>\n<ul>\n<li>\n<h3>Rakennuslaitteet<\/h3>\n<p>Kaivinkoneissa ne ovat v\u00e4ltt\u00e4m\u00e4tt\u00f6mi\u00e4 maan kaivamisessa, lastaamisessa ja maaper\u00e4n tai roskien siirt\u00e4misess\u00e4. Kaivurikuormaajissa kauhan sylinteri avustaa sek\u00e4 kaivamisessa ett\u00e4 nostamisessa. <\/p>\n<\/li>\n<li>\n<h3>Maatalouskoneet<\/h3>\n<p>K\u00e4ytet\u00e4\u00e4n etukuormaajissa maaper\u00e4n, hein\u00e4n ja muiden materiaalien kauhaukseen, nostamiseen ja kuljettamiseen. <\/p>\n<\/li>\n<li>\n<h3>Kaivinkoneet<\/h3>\n<p>Kauhan sylinteri mahdollistaa kauhan tunkeutumisen maaper\u00e4\u00e4n ja kaivutoimintojen suorittamisen. <\/p>\n<\/li>\n<li>\n<h3>Etukuormaajat<\/h3>\n<p>Etukuormaajissa ne auttavat tavaroiden tehokkaassa nostamisessa ja tyhjent\u00e4misess\u00e4. <\/p>\n<\/li>\n<\/ul>\n<h2>Suunnittelun\u00e4k\u00f6kohdat ja valintakriteerit<\/h2>\n<p>Kauhasylinterit on suunniteltu useita huomioitaessa:<\/p>\n<ul>\n<li>\n<h3>Kantavuus<\/h3>\n<p>Kauhan sylinterin on oltava riitt\u00e4v\u00e4n tukeva kest\u00e4m\u00e4\u00e4n raskaita kuormia ja korkeaa painetta.<\/p>\n<\/li>\n<li>\n<h3>Tiivistys<\/h3>\n<p>Sylinteri on tiivistett\u00e4v\u00e4 riitt\u00e4v\u00e4sti \u00f6ljyvuotojen est\u00e4miseksi ja oikean paineen yll\u00e4pit\u00e4miseksi. Se on varustettava korkealaatuisilla tiivistemateriaaleilla, kuten m\u00e4nn\u00e4ntiivisteill\u00e4 ja m\u00e4nn\u00e4nvarren tiivisteill\u00e4, jotka on valmistettu kulutusta kest\u00e4vist\u00e4 materiaaleista, kuten polyuretaanista ja nitriilikumista.<\/p>\n<\/li>\n<li>\n<h3>Kest\u00e4vyys<\/h3>\n<p>Sylinterin tulee olla riitt\u00e4v\u00e4n kest\u00e4v\u00e4 kest\u00e4m\u00e4\u00e4n kulumista ankarissa olosuhteissa, ja sylinterin runko ja kierteitetyt p\u00e4\u00e4t tulee k\u00e4sitell\u00e4 hienoksi kulutuskest\u00e4vyyden parantamiseksi.<\/p>\n<\/li>\n<li>\n<h3>Turvallisuus<\/h3>\n<p>Sylinterin tulisi olla varustettu turvaominaisuuksilla, kuten ylikuormitussuojalla ja paineenalennusventtiileill\u00e4 onnettomuuksien est\u00e4miseksi.<\/p>\n<\/li>\n<li>\n<h3>Yll\u00e4pidett\u00e4vyys<\/h3>\n<p>Sylinterin tulee olla helppo huoltaa ja korjata, ja sen k\u00e4ytt\u00f6i\u00e4n pident\u00e4miseksi on suositeltavaa k\u00e4ytt\u00e4\u00e4 sopivia varaosia ja korjauspalveluita.<\/p>\n<\/li>\n<\/ul>\n<p><img decoding=\"async\" src=\"https:\/\/www.hydraulic-cylinders.net\/wp-content\/uploads\/2025\/01\/songte-oil-pipes-and-spare-parts.webp\"><\/p>\n<h2>Tiivistys ja voitelu<\/h2>\n<p>Kauhasylinterit vaativat asianmukaisen tiivistyksen ja voitelun optimaalisen suorituskyvyn varmistamiseksi. T\u00e4h\u00e4n sis\u00e4ltyy erilaisten tiivistyskomponenttien, kuten m\u00e4nn\u00e4ntiivisteiden, varren tiivisteiden ja pyyhkij\u00e4ntiivisteiden, k\u00e4ytt\u00f6 kulutusta kest\u00e4vist\u00e4 materiaaleista. Sylinterin runko ja kierteitetyt p\u00e4\u00e4t tulee k\u00e4sitell\u00e4 kulutuskest\u00e4vyyden parantamiseksi. Voitelun s\u00e4\u00e4nn\u00f6llist\u00e4minen hydrauliikka\u00f6ljyll\u00e4 on suositeltavaa sujuvan toiminnan varmistamiseksi.<\/p>\n<h2>Huolto ja korjaus<\/h2>\n<p>Regular maintenance and repair are essential for maintaining the bucket cylinder&#8217;s optimal performance. Common maintenance tasks include regular inspection, proper lubrication, seal replacement, and calibration checking. It is also vital to ensure proper installation, lubrication, and adjustment to increase the cylinder&#8217;s lifespan. <\/p>\n<p><img decoding=\"async\" src=\"https:\/\/www.hydraulic-cylinders.net\/wp-content\/uploads\/2025\/01\/songte-chushion-collar.webp\"><\/p>\n<h2>Turvallisuusn\u00e4k\u00f6kohdat<\/h2>\n<p>Kauhasylintereit\u00e4 on k\u00e4ytett\u00e4v\u00e4 asianmukaisten turvatoimenpiteiden mukaisesti ja suositeltuja turvallisuusohjeita on noudatettava. Sylinterin asennuksen ja k\u00e4yt\u00f6n saa suorittaa vain p\u00e4tev\u00e4 henkil\u00f6st\u00f6 onnettomuuksien v\u00e4ltt\u00e4miseksi.<\/p>\n<h2>Vianm\u00e4\u00e4ritys ja vianm\u00e4\u00e4ritys<\/h2>\n<p>Kauhasylintereiden yleisi\u00e4 vikoja ovat \u00f6ljyvuoto, riitt\u00e4m\u00e4t\u00f6n teho ja hidas toiminta. Tehokkaisiin vianm\u00e4\u00e4ritysmenetelmiin kuuluvat hydrauliikka\u00f6ljyn tason tarkistaminen, sylinterin vaurioiden tai kulumisen tarkistaminen sek\u00e4 kuluneiden tai vaurioituneiden tiivisteiden vaihtaminen. N\u00e4iden vikojen est\u00e4miseksi on t\u00e4rke\u00e4\u00e4 noudattaa suositeltuja huoltotoimenpiteit\u00e4.<\/p>\n<p><img decoding=\"async\" src=\"https:\/\/www.hydraulic-cylinders.net\/wp-content\/uploads\/2025\/01\/songte-bushings-with-all-kinds-of-excavator-models.webp\"><\/p>\n<h2>Tietoa meist\u00e4<\/h2>\n<p>We are a manufacturer of replacement hydraulic cylinders with a complete range of products. We have become one of the leading manufacturers and wholesale distributors of hydraulic cylinders in the domestic and international markets. We follow excellent quality, rely on finely crafted manufacturing workshops&#8217; industrial production management strategies, and constantly improve the manufacturing platform, improve product quality production lines, and have a strong creative ability to meet customers&#8217; diverse needs with high efficiency, high precision, and high quality principles. <\/p>\n<p><img decoding=\"async\" src=\"https:\/\/hzpt.com\/wp-content\/uploads\/2024\/11\/songte-company-1.webp\"><\/p>\n<h3>Ammattimaisuus<\/h3>\n<p>Meill\u00e4 on tiimi eritt\u00e4in ammattitaitoisia insin\u00f6\u00f6rej\u00e4 ja teknikkoja, jotka suunnittelevat ja valmistavat hydraulisylintereit\u00e4 korkeimpien laatustandardien t\u00e4ytt\u00e4miseksi. <\/p>\n<h3>Kansainv\u00e4liset sertifikaatit<\/h3>\n<p>Tuotteemme ovat sertifioituja useiden kansainv\u00e4listen standardien, kuten ISO:n, CE:n ja SGS:n, mukaisesti. <\/p>\n<h3>R\u00e4\u00e4t\u00e4l\u00f6intipalvelut<\/h3>\n<p>Tarjoamme r\u00e4\u00e4t\u00e4l\u00f6ityj\u00e4 hydraulisylintereit\u00e4 vastaamaan asiakkaiden erityisvaatimuksia, mukaan lukien suunnittelu, valmistus ja testaus. <\/p>\n<h3>Tuotantolaitteet<\/h3>\n<p>K\u00e4yt\u00e4mme edistyneit\u00e4 laitteita, kuten CNC-ty\u00f6st\u00f6keskuksia, tarkkuushiomakoneita ja testauslaitteita. <\/p>\n<h3>Myynnin j\u00e4lkeiset palvelut<\/h3>\n<p>Tarjoamme kattavia j\u00e4lkimarkkinointipalveluita, kuten huoltoa, korjausta ja uudelleenrakennusta, varmistaaksemme optimaalisen suorituskyvyn ja kest\u00e4vyyden. <\/p>\n<p>Kirjoittaja: lyl.<\/p>","protected":false},"excerpt":{"rendered":"<p>Bucket Cylinder For Caterpillar Large Excavator E390D Introduction A bucket cylinder is a specially designed hydraulic cylinder used to control the movement of the bucket in heavy machinery, such as excavators, backhoe loaders, and front-end loaders. Its primary function is to allow the bucket to lift, lower and tilt, making it suitable for various material [&hellip;]<\/p>","protected":false},"featured_media":14778,"comment_status":"open","ping_status":"closed","template":"","meta":{"_et_pb_use_builder":"","_et_pb_old_content":"","_et_gb_content_width":""},"product_brand":[],"product_cat":[1494],"product_tag":[1495,1496],"class_list":{"0":"post-15259","1":"product","2":"type-product","3":"status-publish","4":"has-post-thumbnail","6":"product_cat-bucket-cylinders","7":"product_tag-bucket-cylinders","8":"product_tag-hydraulic-cylinders","10":"first","11":"instock","12":"shipping-taxable","13":"product-type-simple"},"amp_enabled":true,"_links":{"self":[{"href":"https:\/\/www.hydraulic-cylinders.net\/fi\/wp-json\/wp\/v2\/product\/15259","targetHints":{"allow":["GET"]}}],"collection":[{"href":"https:\/\/www.hydraulic-cylinders.net\/fi\/wp-json\/wp\/v2\/product"}],"about":[{"href":"https:\/\/www.hydraulic-cylinders.net\/fi\/wp-json\/wp\/v2\/types\/product"}],"replies":[{"embeddable":true,"href":"https:\/\/www.hydraulic-cylinders.net\/fi\/wp-json\/wp\/v2\/comments?post=15259"}],"wp:featuredmedia":[{"embeddable":true,"href":"https:\/\/www.hydraulic-cylinders.net\/fi\/wp-json\/wp\/v2\/media\/14778"}],"wp:attachment":[{"href":"https:\/\/www.hydraulic-cylinders.net\/fi\/wp-json\/wp\/v2\/media?parent=15259"}],"wp:term":[{"taxonomy":"product_brand","embeddable":true,"href":"https:\/\/www.hydraulic-cylinders.net\/fi\/wp-json\/wp\/v2\/product_brand?post=15259"},{"taxonomy":"product_cat","embeddable":true,"href":"https:\/\/www.hydraulic-cylinders.net\/fi\/wp-json\/wp\/v2\/product_cat?post=15259"},{"taxonomy":"product_tag","embeddable":true,"href":"https:\/\/www.hydraulic-cylinders.net\/fi\/wp-json\/wp\/v2\/product_tag?post=15259"}],"curies":[{"name":"wp","href":"https:\/\/api.w.org\/{rel}","templated":true}]}}