{"id":15279,"date":"2025-01-19T14:19:47","date_gmt":"2025-01-19T14:19:47","guid":{"rendered":"https:\/\/www.hydraulic-cylinders.net\/product\/bucket-cylinder-for-doosan-middle-excavator-dh280-3\/"},"modified":"2025-01-19T14:19:49","modified_gmt":"2025-01-19T14:19:49","slug":"bucket-cylinder-for-doosan-middle-excavator-dh280-3","status":"publish","type":"product","link":"https:\/\/www.hydraulic-cylinders.net\/fi\/tuote\/bucket-cylinder-for-doosan-middle-excavator-dh280-3\/","title":{"rendered":"Kauhan sylinteri Doosanin keskikaivinkoneelle DH280-3"},"content":{"rendered":"<h1>Kauhan sylinteri Doosanin keskikaivinkoneelle DH280-3<\/h1>\n<h2>Johdanto<\/h2>\n<p>Doosanin keskikaivinkoneen DH280-3 kauhan sylinteri on erityisesti suunniteltu hydraulisylinteri, joka ohjaa kauhan liikett\u00e4 raskaissa koneissa, kuten kaivinkoneissa, kaivurikuormaajissa ja etukuormaajissa. Sen p\u00e4\u00e4teht\u00e4v\u00e4n\u00e4 on mahdollistaa kauhan nostaminen, laskeminen ja kallistaminen, mik\u00e4 helpottaa erilaisten materiaalink\u00e4sittelyteht\u00e4vien k\u00e4sittely\u00e4. Hydraulij\u00e4rjestelm\u00e4ss\u00e4 kauhan sylinteri ohjaa kauhaa tarkasti muuttamalla hydrauli\u00f6ljyn painetta, jolloin kuljettaja voi k\u00e4sitell\u00e4 raskaita kuormia tehokkaasti ja sopeutua monimutkaisiin ty\u00f6ymp\u00e4rist\u00f6ihin ja erilaisiin ty\u00f6vaatimuksiin.<\/p>\n<p><img decoding=\"async\" src=\"https:\/\/www.hydraulic-cylinders.net\/wp-content\/uploads\/2025\/01\/songte-company-2.webp\"><\/p>\n<h2>Ominaisuudet<\/h2>\n<ul>\n<li>\n<h3>Korkea lujuus ja kest\u00e4vyys<\/h3>\n<p>Kauhasylinteri on yleens\u00e4 valmistettu eritt\u00e4in lujasta ter\u00e4ksest\u00e4 tai alumiinista, ja se kest\u00e4\u00e4 korkeaa painetta ja raskaita kuormia ankariin ty\u00f6ymp\u00e4rist\u00f6ihin mukautuen. Suunnittelussa on otettu huomioon my\u00f6s kulutuskest\u00e4vyys ja korroosionkest\u00e4vyys, mik\u00e4 pident\u00e4\u00e4 k\u00e4ytt\u00f6ik\u00e4\u00e4.<\/p>\n<\/li>\n<li>\n<h3>Tehokas hydraulinen k\u00e4ytt\u00f6<\/h3>\n<p>Kauhasylinteri k\u00e4ytt\u00e4\u00e4 hydrauli\u00f6ljyn painetta tasaisen ojennus- ja supistusliikkeen aikaansaamiseksi, reagoi nopeasti ohjauskomentoihin, tarjoaa tehokkaan ty\u00f6nt\u00f6- ja vetovoiman ja soveltuu raskaiden kuormien k\u00e4sittelyyn ja monimutkaisiin ty\u00f6teht\u00e4viin.<\/p>\n<\/li>\n<li>\n<h3>Erilaisia \u200b\u200btyyppej\u00e4<\/h3>\n<p>Kauhasylinteri voi valita yksitoimisen (hydraulisesti vain yhteen suuntaan) tai kaksitoimisen (hydraulisesti molempiin suuntiin) sylinterin tarpeen mukaan erilaisten k\u00e4ytt\u00f6vaatimusten t\u00e4ytt\u00e4miseksi. Jotkut mallit ovat teleskooppisia, mik\u00e4 mahdollistaa suuremman jatkeen ilman ulkomittojen kasvua, mik\u00e4 sopii rajoitettuihin tiloihin.<\/p>\n<\/li>\n<li>\n<h3>T\u00e4ydellinen korvaus<\/h3>\n<p>Tuotteemme voivat t\u00e4ydellisesti korvata n\u00e4m\u00e4 hydraulisylinterit ja niit\u00e4 on saatavilla laaja valikoima kaivinkonemalleja.<\/p>\n<\/li>\n<\/ul>\n<p><img decoding=\"async\" src=\"https:\/\/www.hydraulic-cylinders.net\/wp-content\/uploads\/2025\/01\/songte-cylinder-head-with-all-kinds-excavator-models.webp\"><\/p>\n<h2>Sovellukset<\/h2>\n<p>Kauhasylinterill\u00e4 on erilaisia \u200b\u200bsovelluksia erityyppisiss\u00e4 raskaissa koneissa, kuten:<\/p>\n<ul>\n<li>\n<h3>Rakennuslaitteet<\/h3>\n<p>Kaivinkoneissa ne ovat v\u00e4ltt\u00e4m\u00e4tt\u00f6mi\u00e4 kaivamiseen, lastaamiseen ja maan tai roskien siirt\u00e4miseen. Kaivurikuormaajissa kauhan sylinteri auttaa sek\u00e4 kaivamisessa ett\u00e4 nostamisessa.<\/p>\n<\/li>\n<li>\n<h3>Maatalouskoneet<\/h3>\n<p>K\u00e4ytet\u00e4\u00e4n etukuormaajissa maan, hein\u00e4n ja muiden materiaalien nostamiseen, ker\u00e4\u00e4miseen ja kuljettamiseen. Kaivinkoneissa kauhan sylinteri saavuttaa kaivamisen antamalla kauhan tunkeutua maahan. Etukuormaajissa ne auttavat nostamaan ja kallistamaan tavaroita tehokkaasti.<\/p>\n<\/li>\n<\/ul>\n<h2>Suunnittelun\u00e4k\u00f6kohdat ja valintastandardit<\/h2>\n<ul>\n<li>\n<h3>Kantavuus<\/h3>\n<p>Kauhan sylinterin kantokyvyn tulee olla riitt\u00e4v\u00e4 vakaan toiminnan varmistamiseksi raskaissa kuormissa.<\/p>\n<\/li>\n<li>\n<h3>Tiivistys<\/h3>\n<p>Kauhasylinterin tiivistyskyvyn tulee olla erinomainen, jotta estet\u00e4\u00e4n hydrauli\u00f6ljyn vuotaminen, joka voi vahingoittaa muita osia ja v\u00e4hent\u00e4\u00e4 ty\u00f6tehokkuutta.<\/p>\n<\/li>\n<li>\n<h3>Kest\u00e4vyys<\/h3>\n<p>Kauhasylinterin tulee olla kest\u00e4v\u00e4 ja sen tulee pysty\u00e4 toimimaan ankarissa ymp\u00e4rist\u00f6olosuhteissa.<\/p>\n<\/li>\n<li>\n<h3>Turvallisuus<\/h3>\n<p>Kauhan sylinterin suunnittelussa tulee ottaa huomioon k\u00e4ytt\u00e4j\u00e4n ja muun henkil\u00f6st\u00f6n turvallisuus ja est\u00e4\u00e4 onnettomuudet k\u00e4yt\u00f6n aikana.<\/p>\n<\/li>\n<li>\n<h3>Yll\u00e4pidett\u00e4vyys<\/h3>\n<p>Kauhasylinterin tulee olla helppo huoltaa ja korjata tarvittaessa.<\/p>\n<\/li>\n<\/ul>\n<p><img decoding=\"async\" src=\"https:\/\/www.hydraulic-cylinders.net\/wp-content\/uploads\/2025\/01\/songte-oil-pipes-and-spare-parts.webp\"><\/p>\n<h2>Tiivistys ja voitelu<\/h2>\n<p>Kauhasylinteriss\u00e4 k\u00e4ytet\u00e4\u00e4n erilaisia \u200b\u200btiivisteit\u00e4, kuten m\u00e4nn\u00e4ntiivisteit\u00e4 ja varren tiivisteit\u00e4, jotka on valmistettu kulutusta kest\u00e4vist\u00e4 materiaaleista, kuten polyuretaanista ja nitriilikumista, erinomaisen tiivistyskyvyn varmistamiseksi. Sylinterin runko ja kierteitetty p\u00e4\u00e4typinta on hienok\u00e4sitelty kulutuskest\u00e4vyyden parantamiseksi. Voitelua varten on tarpeen lis\u00e4t\u00e4 s\u00e4\u00e4nn\u00f6llisesti sopiva m\u00e4\u00e4r\u00e4 hydrauli\u00f6ljy\u00e4.<\/p>\n<p><img decoding=\"async\" src=\"https:\/\/www.hydraulic-cylinders.net\/wp-content\/uploads\/2025\/01\/songte-chushion-collar.webp\"><\/p>\n<h2>Huolto ja korjaus<\/h2>\n<ul>\n<li>\n<h3>S\u00e4\u00e4nn\u00f6lliset tarkastukset<\/h3>\n<p>S\u00e4\u00e4nn\u00f6lliset tarkastukset ovat v\u00e4ltt\u00e4m\u00e4tt\u00f6mi\u00e4, jotta kauhan sylinteri pysyy hyv\u00e4ss\u00e4 kunnossa.<\/p>\n<\/li>\n<li>\n<h3>Voitelu<\/h3>\n<p>Oikea voitelu varmistaa sujuvan toiminnan ja pident\u00e4\u00e4 kauhan sylinterin k\u00e4ytt\u00f6ik\u00e4\u00e4.<\/p>\n<\/li>\n<li>\n<h3>Tiivisteen vaihto ja kalibroinnin tarkastus<\/h3>\n<p>Tiivisteiden s\u00e4\u00e4nn\u00f6llinen vaihtaminen ja kauhan sylinterin kalibrointi voivat est\u00e4\u00e4 \u00f6ljyvuotoja ja varmistaa vakaan toiminnan.<\/p>\n<\/li>\n<\/ul>\n<h2>Turvallisuusn\u00e4k\u00f6kohdat ja ymp\u00e4rist\u00f6tekij\u00e4t<\/h2>\n<p>Raskaiden koneiden, kuten kaivinkoneiden, kaivurikuormaajien ja etukuormaajien, k\u00e4yt\u00f6ss\u00e4 kuljettajien on toteutettava tarvittavat turvatoimenpiteet onnettomuuksien est\u00e4miseksi. Kauhasylinterin asianmukainen huolto ja korjaus voivat my\u00f6s v\u00e4hent\u00e4\u00e4 onnettomuuksien ja vikojen riski\u00e4.<\/p>\n<p><img decoding=\"async\" src=\"https:\/\/www.hydraulic-cylinders.net\/wp-content\/uploads\/2025\/01\/songte-bushings-with-all-kinds-of-excavator-models.webp\"><\/p>\n<h2>Vianm\u00e4\u00e4ritys ja yleiset ongelmat<\/h2>\n<p>Kauhasylinterin yleisi\u00e4 ongelmia ovat \u00f6ljyvuoto, ep\u00e4vakaa toiminta ja muiden osien vaurioituminen. Asianmukainen huolto ja korjaus voivat est\u00e4\u00e4 n\u00e4iden ongelmien syntymisen. Vianm\u00e4\u00e4ritys ja ennaltaehk\u00e4isev\u00e4t toimenpiteet voivat my\u00f6s v\u00e4hent\u00e4\u00e4 mahdollisten ongelmien ja vikojen riski\u00e4.<\/p>\n<h2>Tietoa yrityksest\u00e4mme<\/h2>\n<p>Olemme korvaavien hydraulisylinterien valmistaja, jolla on t\u00e4ydellinen tuotevalikoima, ja olemme yksi johtavista hydraulisylinterien valmistajista ja tukkumyyjist\u00e4 kotimaisilla ja kansainv\u00e4lisill\u00e4 markkinoilla. Noudatamme erinomaisen laadun periaatetta ja luotamme teollistettuihin tuotannonohjausstrategioihin hienovalmistusty\u00f6pajassamme parantaaksemme jatkuvasti ty\u00f6pajan valmistusalustaa, parantaaksemme tuotteiden laatua ja omataksemme vahvat luomiskyvyt, joilla on korkea tehokkuus, tarkkuus ja korkea laatu, jotta voimme vastata asiakkaiden monipuolisiin tarpeisiin. <\/p>\n<p><img decoding=\"async\" src=\"https:\/\/hzpt.com\/wp-content\/uploads\/2024\/11\/songte-company-1.webp\"><\/p>\n<h3>Yrityksemme vahvuudet:<\/h3>\n<ul>\n<li>Ammattimaisuus<\/li>\n<li>Kansainv\u00e4linen sertifiointi<\/li>\n<li>R\u00e4\u00e4t\u00e4l\u00f6intipalvelu<\/li>\n<li>Tuotantolaitteet<\/li>\n<li>Myynnin j\u00e4lkeinen palvelu<\/li>\n<\/ul>\n<p>Kirjoittaja: lyl<\/p>","protected":false},"excerpt":{"rendered":"<p>Bucket Cylinder For Doosan Middle Excavator DH280-3 Introduction The bucket cylinder for Doosan middle excavator DH280-3 is a specially designed hydraulic cylinder that controls the movement of the bucket in heavy machinery such as excavators, backhoe loaders, and front-end loaders. Its main function is to enable the bucket to lift, lower, and tilt, making it [&hellip;]<\/p>","protected":false},"featured_media":14765,"comment_status":"open","ping_status":"closed","template":"","meta":{"_et_pb_use_builder":"","_et_pb_old_content":"","_et_gb_content_width":""},"product_brand":[],"product_cat":[1494],"product_tag":[1495,1496],"class_list":{"0":"post-15279","1":"product","2":"type-product","3":"status-publish","4":"has-post-thumbnail","6":"product_cat-bucket-cylinders","7":"product_tag-bucket-cylinders","8":"product_tag-hydraulic-cylinders","10":"first","11":"instock","12":"shipping-taxable","13":"product-type-simple"},"amp_enabled":true,"_links":{"self":[{"href":"https:\/\/www.hydraulic-cylinders.net\/fi\/wp-json\/wp\/v2\/product\/15279","targetHints":{"allow":["GET"]}}],"collection":[{"href":"https:\/\/www.hydraulic-cylinders.net\/fi\/wp-json\/wp\/v2\/product"}],"about":[{"href":"https:\/\/www.hydraulic-cylinders.net\/fi\/wp-json\/wp\/v2\/types\/product"}],"replies":[{"embeddable":true,"href":"https:\/\/www.hydraulic-cylinders.net\/fi\/wp-json\/wp\/v2\/comments?post=15279"}],"wp:featuredmedia":[{"embeddable":true,"href":"https:\/\/www.hydraulic-cylinders.net\/fi\/wp-json\/wp\/v2\/media\/14765"}],"wp:attachment":[{"href":"https:\/\/www.hydraulic-cylinders.net\/fi\/wp-json\/wp\/v2\/media?parent=15279"}],"wp:term":[{"taxonomy":"product_brand","embeddable":true,"href":"https:\/\/www.hydraulic-cylinders.net\/fi\/wp-json\/wp\/v2\/product_brand?post=15279"},{"taxonomy":"product_cat","embeddable":true,"href":"https:\/\/www.hydraulic-cylinders.net\/fi\/wp-json\/wp\/v2\/product_cat?post=15279"},{"taxonomy":"product_tag","embeddable":true,"href":"https:\/\/www.hydraulic-cylinders.net\/fi\/wp-json\/wp\/v2\/product_tag?post=15279"}],"curies":[{"name":"wp","href":"https:\/\/api.w.org\/{rel}","templated":true}]}}