{"id":15281,"date":"2025-01-19T14:19:55","date_gmt":"2025-01-19T14:19:55","guid":{"rendered":"https:\/\/www.hydraulic-cylinders.net\/product\/bucket-cylinder-for-doosan-middle-excavator-dh220lc-9e\/"},"modified":"2025-01-19T14:20:04","modified_gmt":"2025-01-19T14:20:04","slug":"bucket-cylinder-for-doosan-middle-excavator-dh220lc-9e","status":"publish","type":"product","link":"https:\/\/www.hydraulic-cylinders.net\/fi\/tuote\/bucket-cylinder-for-doosan-middle-excavator-dh220lc-9e\/","title":{"rendered":"Kauhan sylinteri Doosanin keskikaivinkoneelle DH220LC-9E"},"content":{"rendered":"<h1>Kauhan sylinteri Doosanin keskikaivinkoneelle DH220LC-9E<\/h1>\n<h2>Johdanto<\/h2>\n<p>Doosan DH220LC-9E -kaivukoneen kauhan sylinteri on hydraulinen sylinteri, joka on suunniteltu ohjaamaan kauhan liikett\u00e4 raskaissa koneissa, kuten kaivinkoneissa, traktorikaivureissa ja etukuormaajissa. Sen p\u00e4\u00e4teht\u00e4v\u00e4n\u00e4 on mahdollistaa kauhan nostaminen, laskeminen ja kallistaminen, mik\u00e4 helpottaa erilaisten materiaalink\u00e4sittelyteht\u00e4vien suorittamista. Hydraulij\u00e4rjestelm\u00e4ss\u00e4 kauhan sylinteri k\u00e4ytt\u00e4\u00e4 hydrauli\u00f6ljyn painetta kauhan tarkkaan ohjaamiseen, jolloin k\u00e4ytt\u00e4j\u00e4t voivat k\u00e4sitell\u00e4 raskaita kuormia tehokkaasti, sopeutua monimutkaisiin ty\u00f6ymp\u00e4rist\u00f6ihin ja t\u00e4ytt\u00e4\u00e4 monipuoliset ty\u00f6vaatimukset.<\/p>\n<p><img decoding=\"async\" src=\"https:\/\/www.hydraulic-cylinders.net\/wp-content\/uploads\/2025\/01\/songte-company-2.webp\" alt=\"Kauhan sylinterin kuva\"><\/p>\n<h2>Ominaisuudet<\/h2>\n<ul>\n<li>Suuri lujuus ja kest\u00e4vyys: tyypillisesti valmistettu eritt\u00e4in lujasta ter\u00e4ksest\u00e4 tai alumiinista, kest\u00e4\u00e4 korkeaa painetta ja raskaita kuormia, sopii vaativiin ty\u00f6ymp\u00e4rist\u00f6ihin, suunniteltu kulutuskest\u00e4vyydell\u00e4 ja korroosionkest\u00e4vyydell\u00e4 k\u00e4ytt\u00f6i\u00e4n pident\u00e4miseksi.<\/li>\n<li>Tehokas hydraulinen toiminta: hydrauli\u00f6ljyn paineen avulla saavutetaan tasainen pidennys ja supistuminen, reagointi ohjauskomentoihin nopeasti ja tehokas ty\u00f6nt\u00f6- ja vetovoima, mik\u00e4 sopii raskaiden kuormien k\u00e4sittelyyn ja monimutkaisiin ty\u00f6teht\u00e4viin.<\/li>\n<li>Erilaisia \u200b\u200btyyppej\u00e4: yksitoimisia (hydrauliikkaa vain yhteen suuntaan) tai kaksitoimisia (hydrauliikkaa kahteen suuntaan) sylintereit\u00e4 voidaan valita vaatimusten mukaan. Jotkut mallit ovat teleskooppisia, mik\u00e4 mahdollistaa suuremman jatkeen ilman ulkomittojen kasvua, joten ne sopivat rajoitettuihin tiloihin.<\/li>\n<li>T\u00e4ydellinen korvaus: tuotteemme voivat korvata n\u00e4m\u00e4 hydraulisylinterit t\u00e4ydellisesti.<\/li>\n<\/ul>\n<p><img decoding=\"async\" src=\"https:\/\/www.hydraulic-cylinders.net\/wp-content\/uploads\/2025\/01\/songte-cylinder-head-with-all-kinds-excavator-models.webp\" alt=\"Kauhan sylinterin vaihtokuva\"><\/p>\n<h2>Sovellukset<\/h2>\n<p>Doosan Middle Excavator DH220LC-9E -kaivukoneen kauhan sylinteri\u00e4 k\u00e4ytet\u00e4\u00e4n laajalti erilaisissa raskaissa koneissa, kuten:<\/p>\n<ul>\n<li>Rakennuslaitteet: ratkaisevan t\u00e4rkeit\u00e4 kaivinkoneissa ja kaivinkoneissa maan tai roskien kaivamisessa, lastaamisessa ja siirt\u00e4misess\u00e4; kauhan sylinterit auttavat kaivamisessa ja nostamisessa kaivinkoneissa.<\/li>\n<li>Maatalouskoneet: k\u00e4ytet\u00e4\u00e4n etukuormaajissa maan, hein\u00e4n ja muiden materiaalien lapiointiin, nostamiseen ja kuljettamiseen; kauhan sylinterit mahdollistavat kaivamisen antamalla kauhan tunkeutua maaper\u00e4\u00e4n kaivinkoneissa.<\/li>\n<li>Kuormaaja: etukuormaajissa kauhan sylinterit auttavat tavaroiden tehokkaassa nostamisessa ja tyhjent\u00e4misess\u00e4.<\/li>\n<\/ul>\n<h2>Suunnittelun\u00e4k\u00f6kohdat ja valintakriteerit<\/h2>\n<p>Doosanin keskikaivinkoneen DH220LC-9E kauhan sylinteri on suunniteltu ottaen huomioon useita keskeisi\u00e4 n\u00e4k\u00f6kohtia, kuten:<\/p>\n<ul>\n<li>Kantavuus: sylinterin on kestett\u00e4v\u00e4 siihen kohdistuvat enimm\u00e4iskuormat.<\/li>\n<li>Tiivistys: ratkaisevan t\u00e4rke\u00e4\u00e4 vuotojen est\u00e4miseksi ja hydraulisen paineen yll\u00e4pit\u00e4miseksi.<\/li>\n<li>Kest\u00e4vyys: sylinterin on kestett\u00e4v\u00e4 ankaria ymp\u00e4rist\u00f6j\u00e4 ja kovaa k\u00e4ytt\u00f6\u00e4.<\/li>\n<li>Turvallisuus: sylinterin on oltava suunniteltu siten, ett\u00e4 siin\u00e4 on turvaominaisuudet onnettomuuksien tai vammojen est\u00e4miseksi.<\/li>\n<li>Huollettavuus: sylinterin on oltava helppo huoltaa ja korjata seisokkiaikojen minimoimiseksi.<\/li>\n<\/ul>\n<p><img decoding=\"async\" src=\"https:\/\/www.hydraulic-cylinders.net\/wp-content\/uploads\/2025\/01\/songte-oil-pipes-and-spare-parts.webp\" alt=\"Kauhan sylinterin komponentit\"><\/p>\n<h2>Tiivistys ja voitelu<\/h2>\n<p>Doosan DH220LC-9E -kaivukoneen kauhan sylinteriss\u00e4 on erilaisia \u200b\u200btiivistyskomponentteja, kuten m\u00e4nn\u00e4ntiivisteit\u00e4, varren tiivisteit\u00e4 jne., jotka on valmistettu kulutusta kest\u00e4vist\u00e4 materiaaleista, kuten polyuretaanista ja nitriilikumista. Sylinterin runko ja kierteitetyt p\u00e4\u00e4typinnat on hienosti k\u00e4sitelty kulutuskest\u00e4vyyden parantamiseksi. S\u00e4\u00e4nn\u00f6llinen voitelu sopivalla m\u00e4\u00e4r\u00e4ll\u00e4 hydrauli\u00f6ljy\u00e4 on v\u00e4ltt\u00e4m\u00e4t\u00f6nt\u00e4 sujuvan toiminnan varmistamiseksi.<\/p>\n<h2>Huolto ja korjaus<\/h2>\n<p>S\u00e4\u00e4nn\u00f6llinen tarkastus, voitelu ja tiivisteiden vaihto ovat joitakin Doosanin keskikaivukoneen DH220LC-9E kauhan sylinterin yleisi\u00e4 huoltoteht\u00e4vi\u00e4. Oikea asennus, voitelu ja s\u00e4\u00e4t\u00f6 ovat v\u00e4ltt\u00e4m\u00e4tt\u00f6mi\u00e4 optimaalisen suorituskyvyn saavuttamiseksi. Sylinterin oikea kohdistaminen ja sopivien kiinnikkeiden k\u00e4ytt\u00f6 on suositeltavaa. Tarjoamme my\u00f6s varaosia ja korjauspalveluita sylinterin k\u00e4ytt\u00f6i\u00e4n pident\u00e4miseksi.<\/p>\n<p><img decoding=\"async\" src=\"https:\/\/www.hydraulic-cylinders.net\/wp-content\/uploads\/2025\/01\/songte-chushion-collar.webp\" alt=\"Kauhan sylinterin asennuskuva\"><\/p>\n<h2>Turvallisuus- ja ymp\u00e4rist\u00f6n\u00e4k\u00f6kohdat<\/h2>\n<p>Doosan DH220LC-9E -kaivukoneen kauhan sylinteri\u00e4 k\u00e4ytett\u00e4ess\u00e4 on noudatettava asianmukaisia \u200b\u200bturvatoimenpiteit\u00e4. Hydraulij\u00e4rjestelm\u00e4t toimivat korkeassa paineessa ja voivat aiheuttaa vakavia vammoja tai onnettomuuksia, jos niit\u00e4 ei k\u00e4sitell\u00e4 oikein. K\u00e4ytetyn hydrauli\u00f6ljyn ja muiden komponenttien asianmukainen h\u00e4vitt\u00e4minen on v\u00e4ltt\u00e4m\u00e4t\u00f6nt\u00e4 ymp\u00e4rist\u00f6vaikutusten minimoimiseksi.<\/p>\n<h2>Vianm\u00e4\u00e4ritys ja yleiset ongelmat<\/h2>\n<p>Doosan DH220LC-9E -kaivukoneen kauhan sylinteriss\u00e4 voi esiinty\u00e4 ongelmia, kuten vuotoja, heikentynytt\u00e4 suorituskyky\u00e4 ja vaurioita v\u00e4\u00e4r\u00e4n k\u00e4yt\u00f6n tai kulumisen vuoksi. Asianmukainen vianm\u00e4\u00e4ritys ja oikea-aikainen korjaus ovat v\u00e4ltt\u00e4m\u00e4tt\u00f6mi\u00e4 lis\u00e4vaurioiden est\u00e4miseksi. Tarjoamme vianm\u00e4\u00e4ritysvinkkej\u00e4 ja -ratkaisuja, jotka auttavat lukijoita tehokkaasti diagnosoimaan ja ratkaisemaan ongelmia. Ehdotamme my\u00f6s ennaltaehk\u00e4isevi\u00e4 toimenpiteit\u00e4 mahdollisten ongelmien minimoimiseksi.<\/p>\n<p><img decoding=\"async\" src=\"https:\/\/www.hydraulic-cylinders.net\/wp-content\/uploads\/2025\/01\/songte-bushings-with-all-kinds-of-excavator-models.webp\" alt=\"Kauhan sylinterin holkit Kuva\"><\/p>\n<h2>Tietoa meist\u00e4<\/h2>\n<p>Olemme hydraulisten sylinterien vaihto-osien valmistaja ja tarjoamme laajan valikoiman tuotteita. Olemme yksi johtavista hydraulisten sylinterien valmistajista ja tukkumyyjist\u00e4 kotimaisilla ja kansainv\u00e4lisill\u00e4 markkinoilla. Noudatamme erinomaisen laadun periaatteita, luotamme hienostuneen valmistuspajan teollistettuun tuotannonohjausstrategiaan ja parannamme jatkuvasti ty\u00f6pajan valmistusalustaa, parannamme tuotteiden laadun tuotantoreitti\u00e4 ja meill\u00e4 on vahvat innovaatiokyvyt. T\u00e4yt\u00e4mme asiakkaiden monipuoliset tarpeet korkealla tehokkuudella, tarkkuudella ja korkealaatuisilla periaatteilla.<\/p>\n<p>Tarjoamme ammattimaisia, kansainv\u00e4lisesti sertifioituja ja r\u00e4\u00e4t\u00e4l\u00f6ityj\u00e4 palveluita sek\u00e4 k\u00e4yt\u00e4mme edistyneit\u00e4 valmistuslaitteita ja ammattimaisia \u200b\u200btestausj\u00e4rjestelmi\u00e4. Tarjoamme luotettavia tuotantolaitteita ja erinomaista huoltopalvelua.<\/p>\n<p><img decoding=\"async\" src=\"https:\/\/www.hydraulic-cylinders.net\/wp-content\/uploads\/2025\/01\/songte-company-3.webp\" alt=\"Yrityksen imago\"><\/p>\n<p><em>Kirjoittaja: lyl<\/em><\/p>","protected":false},"excerpt":{"rendered":"<p>Bucket Cylinder For Doosan Middle Excavator DH220LC-9E Introduction The Bucket Cylinder for Doosan Middle Excavator DH220LC-9E is a hydraulic cylinder designed to control the movement of the bucket in heavy machinery such as excavators, backhoe excavators, and front-end loaders. Its main function is to enable the bucket to lift, lower, and tilt, making it easier [&hellip;]<\/p>","protected":false},"featured_media":14761,"comment_status":"open","ping_status":"closed","template":"","meta":{"_et_pb_use_builder":"","_et_pb_old_content":"","_et_gb_content_width":""},"product_brand":[],"product_cat":[1494],"product_tag":[1495,1496],"class_list":{"0":"post-15281","1":"product","2":"type-product","3":"status-publish","4":"has-post-thumbnail","6":"product_cat-bucket-cylinders","7":"product_tag-bucket-cylinders","8":"product_tag-hydraulic-cylinders","10":"first","11":"instock","12":"shipping-taxable","13":"product-type-simple"},"amp_enabled":true,"_links":{"self":[{"href":"https:\/\/www.hydraulic-cylinders.net\/fi\/wp-json\/wp\/v2\/product\/15281","targetHints":{"allow":["GET"]}}],"collection":[{"href":"https:\/\/www.hydraulic-cylinders.net\/fi\/wp-json\/wp\/v2\/product"}],"about":[{"href":"https:\/\/www.hydraulic-cylinders.net\/fi\/wp-json\/wp\/v2\/types\/product"}],"replies":[{"embeddable":true,"href":"https:\/\/www.hydraulic-cylinders.net\/fi\/wp-json\/wp\/v2\/comments?post=15281"}],"wp:featuredmedia":[{"embeddable":true,"href":"https:\/\/www.hydraulic-cylinders.net\/fi\/wp-json\/wp\/v2\/media\/14761"}],"wp:attachment":[{"href":"https:\/\/www.hydraulic-cylinders.net\/fi\/wp-json\/wp\/v2\/media?parent=15281"}],"wp:term":[{"taxonomy":"product_brand","embeddable":true,"href":"https:\/\/www.hydraulic-cylinders.net\/fi\/wp-json\/wp\/v2\/product_brand?post=15281"},{"taxonomy":"product_cat","embeddable":true,"href":"https:\/\/www.hydraulic-cylinders.net\/fi\/wp-json\/wp\/v2\/product_cat?post=15281"},{"taxonomy":"product_tag","embeddable":true,"href":"https:\/\/www.hydraulic-cylinders.net\/fi\/wp-json\/wp\/v2\/product_tag?post=15281"}],"curies":[{"name":"wp","href":"https:\/\/api.w.org\/{rel}","templated":true}]}}