{"id":15282,"date":"2025-01-19T14:20:06","date_gmt":"2025-01-19T14:20:06","guid":{"rendered":"https:\/\/www.hydraulic-cylinders.net\/product\/bucket-cylinder-for-doosan-middle-excavator-dh225lc-9\/"},"modified":"2025-01-19T14:20:09","modified_gmt":"2025-01-19T14:20:09","slug":"bucket-cylinder-for-doosan-middle-excavator-dh225lc-9","status":"publish","type":"product","link":"https:\/\/www.hydraulic-cylinders.net\/fi\/tuote\/bucket-cylinder-for-doosan-middle-excavator-dh225lc-9\/","title":{"rendered":"Kauhan sylinteri Doosanin keskikaivinkoneelle DH225LC-9"},"content":{"rendered":"<h1>Kauhan sylinteri Doosanin keskikaivinkoneelle DH225LC-9<\/h1>\n<h2>Johdanto<\/h2>\n<p>Doosan DH225LC-9 -kaivukoneen kauhan sylinteri on erikoishydraulinen sylinteri, joka on suunniteltu ensisijaisesti raskaiden koneiden, kuten kaivinkoneiden, kaivurikuormaajien ja etukuormaajien, kauhan liikkeiden ohjaamiseen. Sen p\u00e4\u00e4teht\u00e4v\u00e4n\u00e4 on mahdollistaa kauhan nostaminen, laskeminen ja kallistaminen, mik\u00e4 helpottaa erilaisten materiaalink\u00e4sittelyteht\u00e4vien suorittamista. Hydraulij\u00e4rjestelm\u00e4ss\u00e4 kauhan sylinteri k\u00e4ytt\u00e4\u00e4 hydrauli\u00f6ljyn paineenmuutoksia kauhan tarkkaan ohjaamiseen, jolloin k\u00e4ytt\u00e4j\u00e4t voivat k\u00e4sitell\u00e4 raskaita kuormia tehokkaasti ja sopeutua monimutkaisiin ty\u00f6ymp\u00e4rist\u00f6ihin ja erilaisiin k\u00e4ytt\u00f6vaatimuksiin.<\/p>\n<p><img decoding=\"async\" src=\"https:\/\/www.hydraulic-cylinders.net\/wp-content\/uploads\/2025\/01\/songte-company-2.webp\"\/><\/p>\n<h2>Ominaisuudet<\/h2>\n<ul>\n<li>Suuri lujuus ja kest\u00e4vyys: Yleens\u00e4 valmistettu eritt\u00e4in lujasta ter\u00e4ksest\u00e4 tai alumiinista, se kest\u00e4\u00e4 korkeaa painetta ja raskaita kuormia, sopeutuu vaativiin ty\u00f6ymp\u00e4rist\u00f6ihin ja on suunniteltu ottamaan huomioon kulutuskest\u00e4vyys ja korroosionkest\u00e4vyys k\u00e4ytt\u00f6i\u00e4n pident\u00e4miseksi. <\/li>\n<li>Tehokas hydraulinen toiminta: Tasainen laajeneminen ja supistuminen saavutetaan hy\u00f6dynt\u00e4m\u00e4ll\u00e4 hydrauli\u00f6ljyn painetta, joka reagoi nopeasti ohjauskomentoihin, tarjoaa tehokkaita ty\u00f6nt\u00f6- ja vetovoimia ja soveltuu raskaiden kuormien k\u00e4sittelyyn ja monimutkaisiin k\u00e4ytt\u00f6teht\u00e4viin. <\/li>\n<li>Erilaisia \u200b\u200btyyppej\u00e4: Yksitoimisia (hydrauliikkaa k\u00e4ytet\u00e4\u00e4n vain yhteen suuntaan) tai kaksitoimisia (hydrauliikkaa k\u00e4ytet\u00e4\u00e4n kahteen suuntaan) sylintereit\u00e4 voidaan valita k\u00e4ytt\u00f6tarpeiden mukaan. Jotkut mallit ovat teleskooppisia, mik\u00e4 mahdollistaa suuremman jatkeen ilman ulkomittojen kasvua, mik\u00e4 sopii sovelluksiin, joissa on rajoitetusti tilaa. <\/li>\n<li>Yrityksemme voi tuottaa: Tuotteemme voivat t\u00e4ydellisesti korvata n\u00e4m\u00e4 hydraulisylinterit.<\/li>\n<\/ul>\n<p><img decoding=\"async\" src=\"https:\/\/www.hydraulic-cylinders.net\/wp-content\/uploads\/2025\/01\/songte-cylinder-head-with-all-kinds-excavator-models.webp\"\/><\/p>\n<h2>Sovellukset<\/h2>\n<p>Doosan Middle Excavator DH225LC-9 -kaivukoneen kauhan sylinteri\u00e4 k\u00e4ytet\u00e4\u00e4n laajalti eri aloilla, mukaan lukien:<\/p>\n<ul>\n<li>Rakennuslaitteet: Ne ovat v\u00e4ltt\u00e4m\u00e4tt\u00f6mi\u00e4 kaivinkoneille kaivamisessa, lastaamisessa ja maaper\u00e4n tai roskien siirt\u00e4misess\u00e4. Kaivurikuormaajissa kauhan sylinteri auttaa kaivamisessa ja nostamisessa. <\/li>\n<li>Maatalouskoneet: K\u00e4ytet\u00e4\u00e4n etukuormaajissa maaper\u00e4n, hein\u00e4n ja muiden materiaalien kauhaukseen, nostamiseen ja kuljettamiseen. <\/li>\n<li>Kaivinkoneet: Kauhan sylinteri mahdollistaa kauhan tunkeutumisen maaper\u00e4\u00e4n kaivua varten. <\/li>\n<li>Kuormaajat: Etukuormaajissa se auttaa nostamaan ja kallistamaan tavaroita tehokkaasti. <\/li>\n<\/ul>\n<p>Jokainen sovellus on laajennettu alla:<\/p>\n<h3>Rakennuslaitteet<\/h3>\n<p>Kauhasylinterill\u00e4 on t\u00e4rke\u00e4 rooli kaivinkoneissa maan tai roskien kaivamisessa, lastaamisessa ja siirt\u00e4misess\u00e4. Ne auttavat my\u00f6s kaivurikuormaajia kaivamisessa ja nostamisessa.<\/p>\n<h3>Maatalouskoneet<\/h3>\n<p>Kauhasylinteri\u00e4 k\u00e4ytet\u00e4\u00e4n etukuormaajissa maan, hein\u00e4n ja muiden materiaalien kauhaamiseen, nostamiseen ja kuljettamiseen.<\/p>\n<h3>Kaivinkoneet<\/h3>\n<p>Kauhan sylinteri\u00e4 k\u00e4ytet\u00e4\u00e4n kauhan tunkeutumiseen maaper\u00e4\u00e4n kaivutoiminnon aikaansaamiseksi.<\/p>\n<h3>Kuormaajat<\/h3>\n<p>Etukuormaajissa kauhan sylinteri auttaa nostamaan ja kallistamaan tavaroita tehokkaasti.<\/p>\n<h2>Suunnittelun\u00e4k\u00f6kohdat ja valintakriteerit<\/h2>\n<p>Doosanin keskikaivukoneen DH225LC-9 kauhan sylinteri\u00e4 valittaessa on otettava huomioon erilaisia \u200b\u200bsuunnittelun\u00e4k\u00f6kohtia ja valintakriteerej\u00e4. N\u00e4it\u00e4 ovat:<\/p>\n<ul>\n<li>Kantavuus<\/li>\n<li>Tiivistys<\/li>\n<li>Kest\u00e4vyys<\/li>\n<li>Turvallisuus<\/li>\n<li>Yll\u00e4pidett\u00e4vyys<\/li>\n<\/ul>\n<p><img decoding=\"async\" src=\"https:\/\/www.hydraulic-cylinders.net\/wp-content\/uploads\/2025\/01\/songte-oil-pipes-and-spare-parts.webp\"\/><\/p>\n<h2>Tiivistys ja voitelu<\/h2>\n<p>The Bucket Cylinder for Doosan Middle Excavator DH225LC-9 uses various sealing components, such as piston seals and rod seals, which are made of wear-resistant materials, such as polyurethane and nitrile rubber. The cylinder&#8217;s body and threaded end surface are finely processed to improve wear resistance. Regular addition of suitable hydraulic oil is required for lubrication purposes.<\/p>\n<h2>Huolto- ja varotoimenpiteet<\/h2>\n<p>S\u00e4\u00e4nn\u00f6lliset tarkastukset ja ennaltaehk\u00e4isev\u00e4t huoltotoimenpiteet ovat v\u00e4ltt\u00e4m\u00e4tt\u00f6mi\u00e4 kauhan sylinterin moitteettoman toiminnan kannalta. N\u00e4ihin toimenpiteisiin kuuluvat:<\/p>\n<ul>\n<li>S\u00e4\u00e4nn\u00f6lliset tarkastukset<\/li>\n<li>Oikea voitelu<\/li>\n<li>Tiivisteiden vaihto ja kalibrointitarkastus<\/li>\n<\/ul>\n<p>On t\u00e4rke\u00e4\u00e4 varmistaa oikea kohdistus asennuksen aikana ja k\u00e4ytt\u00e4\u00e4 sopivia asennuskiinnikkeit\u00e4 sylinterin kiinnitt\u00e4miseksi paikalleen. Suosittelemme suositeltujen tarkastus-, korjaus- ja vaihtomenetelmien noudattamista Doosanin keskikaivukoneen DH225LC-9 kauhansylinterin k\u00e4ytt\u00f6i\u00e4n pident\u00e4miseksi.<\/p>\n<p><img decoding=\"async\" src=\"https:\/\/www.hydraulic-cylinders.net\/wp-content\/uploads\/2025\/01\/songte-chushion-collar.webp\"\/><\/p>\n<h2>Turvallisuusn\u00e4k\u00f6kohdat ja ymp\u00e4rist\u00f6tekij\u00e4t<\/h2>\n<p>K\u00e4ytett\u00e4ess\u00e4 Doosanin keskikaivukoneen DH225LC-9 kauhan sylinteri\u00e4 on t\u00e4rke\u00e4\u00e4 noudattaa turvatoimenpiteit\u00e4 onnettomuuksien v\u00e4ltt\u00e4miseksi ja ottaa huomioon sylinterin toimintaan mahdollisesti vaikuttavat ymp\u00e4rist\u00f6tekij\u00e4t.<\/p>\n<h2>Vianm\u00e4\u00e4ritys ja yleiset ongelmat<\/h2>\n<p>Doosanin keskikaivukoneen DH225LC-9 kauhan sylinteri\u00e4 k\u00e4ytett\u00e4ess\u00e4 voi ilmet\u00e4 erilaisia \u200b\u200bvianm\u00e4\u00e4ritys- ja yleisi\u00e4 ongelmia. T\u00e4ss\u00e4 on joitakin ratkaisuja:<\/p>\n<ul>\n<li>Tiivisteiden vaihtaminen<\/li>\n<li>Vuotojen tarkistaminen<\/li>\n<li>Muodonmuutosten ja vaurioiden tarkistaminen <\/li>\n<\/ul>\n<p>Ennaltaehk\u00e4isevi\u00e4 toimenpiteit\u00e4 suositellaan mahdollisten ongelmien minimoimiseksi.<\/p>\n<p><img decoding=\"async\" src=\"https:\/\/www.hydraulic-cylinders.net\/wp-content\/uploads\/2025\/01\/songte-bushings-with-all-kinds-of-excavator-models.webp\"\/><\/p>\n<h2>Tietoa yrityksest\u00e4mme<\/h2>\n<p>Olemme johtava hydraulisylinterien valmistaja ja tukkumyyj\u00e4 kotimaisilla ja kansainv\u00e4lisill\u00e4 markkinoilla, ja tarjoamme t\u00e4ydellisen valikoiman tuotteita hydraulisylinterien korvaamiseksi. Noudatamme erinomaisen laadun periaatetta, luotamme hienovalmistusty\u00f6pajan teollistettuun tuotannonohjausstrategiaan ja parannamme jatkuvasti ty\u00f6pajan valmistusalustaa, t\u00e4ydellist\u00e4mme tuotteiden laadun tuotantoreitti\u00e4 ja meill\u00e4 on vahva luomiskyky. <\/p>\n<p>Teknologiaosaamisen, digitaalisten huippuluokan valmistuslaitteiden ja ammattimaisten tarkastusj\u00e4rjestelmien lis\u00e4ksi tarjoamme r\u00e4\u00e4t\u00e4l\u00f6ityj\u00e4 palveluita, tuotantolaitteita ja huoltopalveluita vastaamaan asiakkaiden monipuolisiin tarpeisiin periaatteinamme korkea tehokkuus, korkea tarkkuus ja korkea laatu.<\/p>\n<p>Yrityksemme tarjoaa my\u00f6s erilaisia \u200b\u200bpalveluita, kuten erikoistuneita r\u00e4\u00e4t\u00e4l\u00f6intej\u00e4, uudelleenrakennuspalveluita ja varaosia, jotka auttavat asiakkaita pident\u00e4m\u00e4\u00e4n laitteidensa k\u00e4ytt\u00f6ik\u00e4\u00e4.<\/p>\n<p><img decoding=\"async\" src=\"https:\/\/hzpt.com\/wp-content\/uploads\/2024\/11\/songte-company-1.webp\"\/><\/p>\n<h2>Kirjoittaja<\/h2>\n<p>lyl<\/p>","protected":false},"excerpt":{"rendered":"<p>Bucket Cylinder For Doosan Middle Excavator DH225LC-9 Introduction The Bucket Cylinder for Doosan Middle Excavator DH225LC-9 is a specialized hydraulic cylinder designed primarily for controlling the movements of the bucket in heavy machinery, such as excavators, backhoe loaders, and front loaders. Its main function is to enable lifting, lowering, and tilting of the bucket, making [&hellip;]<\/p>","protected":false},"featured_media":14789,"comment_status":"open","ping_status":"closed","template":"","meta":{"_et_pb_use_builder":"","_et_pb_old_content":"","_et_gb_content_width":""},"product_brand":[],"product_cat":[1494],"product_tag":[1495,1496],"class_list":{"0":"post-15282","1":"product","2":"type-product","3":"status-publish","4":"has-post-thumbnail","6":"product_cat-bucket-cylinders","7":"product_tag-bucket-cylinders","8":"product_tag-hydraulic-cylinders","10":"first","11":"instock","12":"shipping-taxable","13":"product-type-simple"},"amp_enabled":true,"_links":{"self":[{"href":"https:\/\/www.hydraulic-cylinders.net\/fi\/wp-json\/wp\/v2\/product\/15282","targetHints":{"allow":["GET"]}}],"collection":[{"href":"https:\/\/www.hydraulic-cylinders.net\/fi\/wp-json\/wp\/v2\/product"}],"about":[{"href":"https:\/\/www.hydraulic-cylinders.net\/fi\/wp-json\/wp\/v2\/types\/product"}],"replies":[{"embeddable":true,"href":"https:\/\/www.hydraulic-cylinders.net\/fi\/wp-json\/wp\/v2\/comments?post=15282"}],"wp:featuredmedia":[{"embeddable":true,"href":"https:\/\/www.hydraulic-cylinders.net\/fi\/wp-json\/wp\/v2\/media\/14789"}],"wp:attachment":[{"href":"https:\/\/www.hydraulic-cylinders.net\/fi\/wp-json\/wp\/v2\/media?parent=15282"}],"wp:term":[{"taxonomy":"product_brand","embeddable":true,"href":"https:\/\/www.hydraulic-cylinders.net\/fi\/wp-json\/wp\/v2\/product_brand?post=15282"},{"taxonomy":"product_cat","embeddable":true,"href":"https:\/\/www.hydraulic-cylinders.net\/fi\/wp-json\/wp\/v2\/product_cat?post=15282"},{"taxonomy":"product_tag","embeddable":true,"href":"https:\/\/www.hydraulic-cylinders.net\/fi\/wp-json\/wp\/v2\/product_tag?post=15282"}],"curies":[{"name":"wp","href":"https:\/\/api.w.org\/{rel}","templated":true}]}}