{"id":15285,"date":"2025-01-19T14:20:20","date_gmt":"2025-01-19T14:20:20","guid":{"rendered":"https:\/\/www.hydraulic-cylinders.net\/product\/bucket-cylinder-for-doosan-large-excavator-dh290\/"},"modified":"2025-01-19T14:20:22","modified_gmt":"2025-01-19T14:20:22","slug":"bucket-cylinder-for-doosan-large-excavator-dh290","status":"publish","type":"product","link":"https:\/\/www.hydraulic-cylinders.net\/fi\/tuote\/bucket-cylinder-for-doosan-large-excavator-dh290\/","title":{"rendered":"Kauhan sylinteri Doosanin suurelle kaivinkoneelle DH290"},"content":{"rendered":"<h1>Kauhan sylinteri Doosanin suurelle kaivinkoneelle DH290<\/h1>\n<h2>Johdanto<\/h2>\n<p>Doosanin suuren kaivinkoneen DH290 kauhan sylinteri on erityisesti suunniteltu hydraulisylinteri, jota k\u00e4ytet\u00e4\u00e4n kauhan liikkeen ohjaamiseen raskaissa koneissa, kuten kaivinkoneissa, traktorikaivureissa ja etukuormaajissa. Sen p\u00e4\u00e4teht\u00e4v\u00e4n\u00e4 on mahdollistaa kauhan nostaminen, laskeminen ja kallistaminen, mik\u00e4 helpottaa erilaisten materiaalink\u00e4sittelyteht\u00e4vien k\u00e4sittely\u00e4. Hydraulij\u00e4rjestelm\u00e4ss\u00e4 kauhan sylinteri ohjaa kauhan tarkkaa liikett\u00e4 hydrauli\u00f6ljyn paineen muutosten avulla, jolloin k\u00e4ytt\u00e4j\u00e4t voivat k\u00e4sitell\u00e4 raskaita kuormia tehokkaasti ja sopeutua monimutkaisiin ty\u00f6ymp\u00e4rist\u00f6ihin ja erilaisiin ty\u00f6vaatimuksiin.<\/p>\n<p><img decoding=\"async\" src=\"https:\/\/www.hydraulic-cylinders.net\/wp-content\/uploads\/2025\/01\/songte-company-2.webp\" alt=\"Kauhan sylinterin kuva\" \/><\/p>\n<h2>Ominaisuudet<\/h2>\n<ul>\n<li>\n<h3>Korkea lujuus ja kest\u00e4vyys<\/h3>\n<p>Kauhasylinteri on yleens\u00e4 valmistettu eritt\u00e4in lujasta ter\u00e4ksest\u00e4 tai alumiinista, joka kest\u00e4\u00e4 korkeaa painetta ja raskaita kuormia, sopeutuu ankariin ty\u00f6ymp\u00e4rist\u00f6ihin ja on suunniteltu kulutuskest\u00e4vyytt\u00e4 ja korroosionkest\u00e4vyytt\u00e4 ajatellen k\u00e4ytt\u00f6i\u00e4n pident\u00e4miseksi.<\/p>\n<\/li>\n<li>\n<h3>Tehokas hydraulinen k\u00e4ytt\u00f6<\/h3>\n<p>Kauhasylinteri k\u00e4ytt\u00e4\u00e4 hydrauli\u00f6ljyn painetta tasaisen ojennuksen ja supistumisen aikaansaamiseksi, reagoi nopeasti ohjauskomentoihin, tarjoaa tehokkaan ty\u00f6nt\u00f6- ja vetovoiman ja soveltuu raskaiden kuormien k\u00e4sittelyyn ja monimutkaisiin ty\u00f6teht\u00e4viin.<\/p>\n<\/li>\n<li>\n<h3>Erilaisia \u200b\u200btyyppej\u00e4<\/h3>\n<p>Kauhasylinteri voidaan valita tarpeiden mukaan yksitoimiseksi (hydrauliikkaa k\u00e4ytet\u00e4\u00e4n vain yhteen suuntaan) tai kaksitoimiseksi (hydrauliikkaa k\u00e4ytet\u00e4\u00e4n molempiin suuntiin), ja jotkut mallit ovat teleskooppisia, mik\u00e4 mahdollistaa suuremman jatkeen ilman ulkomittojen kasvua, mik\u00e4 sopii sovelluksiin, joissa on rajoitetusti tilaa.<\/p>\n<\/li>\n<li>\n<h3>T\u00e4ydellinen korvaus<\/h3>\n<p>Tuotteemme voi t\u00e4ydellisesti korvata n\u00e4m\u00e4 hydraulisylinterit.<\/p>\n<\/li>\n<\/ul>\n<p><img decoding=\"async\" src=\"https:\/\/www.hydraulic-cylinders.net\/wp-content\/uploads\/2025\/01\/songte-cylinder-head-with-all-kinds-excavator-models.webp\" alt=\"Kauhan sylinterin vaihtokuva\" \/><\/p>\n<h2>Sovellukset<\/h2>\n<p>Kauhasylinteri\u00e4 k\u00e4ytet\u00e4\u00e4n laajalti erilaisissa raskaissa koneissa, mukaan lukien:<\/p>\n<ul>\n<li>\n<h3>Rakennuslaitteet<\/h3>\n<p>Kaivinkoneissa ne ovat elint\u00e4rkeit\u00e4 kaivamisessa, lastaamisessa ja maaper\u00e4n tai roskien siirt\u00e4misess\u00e4. Kaivinkoneissa kauhan sylinteri auttaa kaivamisessa ja nostamisessa. Etukuormaajissa ne helpottavat tavaroiden tehokasta nostamista ja kallistusta.<\/p>\n<\/li>\n<li>\n<h3>Maatalouskoneet<\/h3>\n<p>K\u00e4ytet\u00e4\u00e4n etukuormaajissa maaper\u00e4n, hein\u00e4n ja muiden materiaalien nostamiseen, ker\u00e4\u00e4miseen ja kuljettamiseen.<\/p>\n<\/li>\n<li>\n<h3>Kaivinkoneet<\/h3>\n<p>Kauhan sylinteri mahdollistaa kauhan tunkeutumisen maaper\u00e4\u00e4n kaivutoiminnon aikaansaamiseksi.<\/p>\n<\/li>\n<\/ul>\n<h2>Suunnittelun\u00e4k\u00f6kohdat ja valintakriteerit<\/h2>\n<p>Kauhasylinterin suunnittelussa otetaan huomioon sen kuormankantokyky, tiiviys, kest\u00e4vyys, turvallisuus ja huollettavuus. Seuraavat ovat t\u00e4rkeimm\u00e4t suunnittelun\u00e4k\u00f6kohdat:<\/p>\n<ul>\n<li>\n<h3>Kantavuus<\/h3>\n<p>Kauhasylinteri on suunniteltu ja valmistettu kest\u00e4m\u00e4\u00e4n aiottuun k\u00e4ytt\u00f6tarkoitukseen vaadittavan enimm\u00e4isvoiman ja painon.<\/p>\n<\/li>\n<li>\n<h3>Tiivistys<\/h3>\n<p>Kauhasylinteriss\u00e4 k\u00e4ytet\u00e4\u00e4n erilaisia \u200b\u200btiivistyskomponentteja, kuten m\u00e4nn\u00e4ntiivisteit\u00e4, varren tiivisteit\u00e4 jne., kulutusta kest\u00e4vill\u00e4 materiaaleilla, kuten polyuretaanilla ja nitriilikumilla, hyv\u00e4n tiivistyksen varmistamiseksi ja nestevuotojen est\u00e4miseksi.<\/p>\n<\/li>\n<li>\n<h3>Kest\u00e4vyys<\/h3>\n<p>Sylinterin runko ja kierteitetty p\u00e4\u00e4typinta on hienosti k\u00e4sitelty kulutuskest\u00e4vyyden parantamiseksi. Kauhasylinteri on my\u00f6s suunniteltu korroosionkest\u00e4vist\u00e4 materiaaleista ja pinnoitteista k\u00e4ytt\u00f6i\u00e4n pident\u00e4miseksi.<\/p>\n<\/li>\n<li>\n<h3>Turvallisuus<\/h3>\n<p>Kauhasylinteri on varustettu turvalaitteilla, kuten varoventtiileill\u00e4 ja ylikuormitussuojalla, jotka est\u00e4v\u00e4t sylinterin tai koneiden loukkaantumisen tai vaurioitumisen.<\/p>\n<\/li>\n<li>\n<h3>Yll\u00e4pidett\u00e4vyys<\/h3>\n<p>Kauhan sylinteri vaatii s\u00e4\u00e4nn\u00f6llist\u00e4 tarkastusta ja ennaltaehk\u00e4isev\u00e4\u00e4 huoltoa optimaalisen suorituskyvyn varmistamiseksi. Hydrauliikka\u00f6ljy on vaihdettava ja t\u00e4ytett\u00e4v\u00e4 s\u00e4\u00e4nn\u00f6llisesti, ja tiiviste on tarkastettava ja vaihdettava tarvittaessa.<\/p>\n<\/li>\n<\/ul>\n<p><img decoding=\"async\" src=\"https:\/\/www.hydraulic-cylinders.net\/wp-content\/uploads\/2025\/01\/songte-oil-pipes-and-spare-parts.webp\" alt=\"Kauhan sylinterin varaosien kuva\" \/><\/p>\n<h2>Tiivistys ja voitelu<\/h2>\n<p>Kauhasylinteriss\u00e4 k\u00e4ytet\u00e4\u00e4n erilaisia \u200b\u200btiivistyskomponentteja, kuten m\u00e4nn\u00e4ntiivisteit\u00e4, varren tiivisteit\u00e4 jne., kulutusta kest\u00e4vist\u00e4 materiaaleista, kuten polyuretaanista ja nitriilikumista, hyv\u00e4n tiivistyksen varmistamiseksi ja nestevuotojen est\u00e4miseksi. Sylinterin runko ja kierteitetty p\u00e4\u00e4typinta on hienosti k\u00e4sitelty kulutuskest\u00e4vyyden lis\u00e4\u00e4miseksi. Se on voideltava s\u00e4\u00e4nn\u00f6llisesti sopivalla m\u00e4\u00e4r\u00e4ll\u00e4 hydrauli\u00f6ljy\u00e4 optimaalisen suorituskyvyn yll\u00e4pit\u00e4miseksi.<\/p>\n<h2>Huolto ja korjaus<\/h2>\n<p>Seuraavassa on joitakin kauhan sylinterin yleisi\u00e4 huoltoteht\u00e4vi\u00e4:<\/p>\n<ul>\n<li>\n<h3>S\u00e4\u00e4nn\u00f6llinen tarkastus<\/h3>\n<p>Kauhan sylinteri on tarkastettava s\u00e4\u00e4nn\u00f6llisesti sen toiminnan varmistamiseksi ja mahdollisten ongelmien havaitsemiseksi varhaisessa vaiheessa.<\/p>\n<\/li>\n<li>\n<h3>Voitelu<\/h3>\n<p>Kauhan sylinteri on voideltava sopivalla m\u00e4\u00e4r\u00e4ll\u00e4 hydrauli\u00f6ljy\u00e4 optimaalisen suorituskyvyn yll\u00e4pit\u00e4miseksi.<\/p>\n<\/li>\n<li>\n<h3>Tiivisteen vaihto<\/h3>\n<p>Tiiviste on tarkastettava ja tarvittaessa vaihdettava hyv\u00e4n tiiviyden yll\u00e4pit\u00e4miseksi ja nestevuotojen est\u00e4miseksi.<\/p>\n<\/li>\n<li>\n<h3>Kohdistustarkistus<\/h3>\n<p>Asennuksen aikana kauhan sylinteri on kohdistettava oikein, jotta se toimii oikein.<\/p>\n<\/li>\n<\/ul>\n<p>Kauhasylinterin pitk\u00e4ik\u00e4isyyden varmistamiseksi on t\u00e4rke\u00e4\u00e4 suorittaa asianmukainen asennus, voitelu ja s\u00e4\u00e4t\u00f6. Sylinterin kiinnitt\u00e4miseksi suositellaan asianmukaisten asennuskiinnikkeiden k\u00e4ytt\u00f6\u00e4. Tarjoamme suositellun tarkastus-, korjaus- ja vaihtomenettelyn kauhasylinterin k\u00e4ytt\u00f6i\u00e4n pident\u00e4miseksi.<\/p>\n<p><img decoding=\"async\" src=\"https:\/\/www.hydraulic-cylinders.net\/wp-content\/uploads\/2025\/01\/songte-chushion-collar.webp\" alt=\"Kauhan sylinterin kauluskuva\" \/><\/p>\n<h2>Turvallisuusn\u00e4k\u00f6kohdat ja ymp\u00e4rist\u00f6tekij\u00e4t<\/h2>\n<p>Kauhasylinteri\u00e4 k\u00e4ytett\u00e4ess\u00e4 on t\u00e4rke\u00e4\u00e4 noudattaa asianmukaisia \u200b\u200bturvallisuusmenetelmi\u00e4 sylinterin tai koneiden vahingoittumisen v\u00e4ltt\u00e4miseksi. S\u00e4\u00e4nn\u00f6llinen tarkastus, huolto ja korjaus voivat auttaa v\u00e4hent\u00e4m\u00e4\u00e4n mahdollisia ymp\u00e4rist\u00f6riskej\u00e4.<\/p>\n<h2>Vianm\u00e4\u00e4ritys ja yleiset ongelmat<\/h2>\n<p>Seuraavassa on joitakin yleisi\u00e4 ongelmia, joita kauhan sylinteriss\u00e4 voi esiinty\u00e4:<\/p>\n<ul>\n<li>\n<h3>Vuoto<\/h3>\n<p>Sylinteri voi vuotaa vaurioituneiden tiivisteiden, saastuneen hydrauliikka\u00f6ljyn tai l\u00f6ysien liitosten vuoksi.<\/p>\n<\/li>\n<li>\n<h3>Hidas toiminta<\/h3>\n<p>Sylinteri voi toimia hitaasti riitt\u00e4m\u00e4tt\u00f6m\u00e4n hydrauli\u00f6ljyn, kuluneiden tiivisteiden tai vaurioituneiden tankojen vuoksi.<\/p>\n<\/li>\n<li>\n<h3>Ylikuumeneminen<\/h3>\n<p>Sylinteri voi ylikuumentua alhaisen \u00f6ljytason, tukkeutuneiden \u00f6ljykanavien tai vaurioituneiden varoventtiilien vuoksi.<\/p>\n<\/li>\n<\/ul>\n<p>N\u00e4iden ongelmien ratkaisemiseksi on tarpeen tunnistaa syy ja ryhty\u00e4 asianmukaisiin korjaaviin toimenpiteisiin, kuten vaurioituneiden tiivisteiden vaihtamiseen, hydrauliikka\u00f6ljyn puhdistamiseen tai vaurioituneiden osien korjaamiseen tai vaihtamiseen.<\/p>\n<p><img decoding=\"async\" src=\"https:\/\/www.hydraulic-cylinders.net\/wp-content\/uploads\/2025\/01\/songte-bushings-with-all-kinds-of-excavator-models.webp\" alt=\"Kauhan sylinterin holkit Kuva\" \/><\/p>\n<h2>Tietoa meist\u00e4<\/h2>\n<p>Yrityksemme valmistaa korvaavia hydraulisylintereit\u00e4 ja tarjoaa kattavan tuotevalikoiman. Olemme yksi johtavista hydraulisylintereiden valmistajista ja tukkumyyjist\u00e4 kotimaisilla ja kansainv\u00e4lisill\u00e4 markkinoilla. Noudatamme erinomaisen laadun periaatteita, luotamme teollistettuihin tuotannonohjausstrategioihin hienoissa valmistuspajoissa ja parannamme jatkuvasti valmistusymp\u00e4rist\u00f6\u00e4mme, parannamme tuotteiden laatua tuotantolinjoillamme ja meill\u00e4 on vahva kyky luoda tehokkaita, tarkkoja ja korkealaatuisia tuotteita asiakkaidemme monipuolisten tarpeiden t\u00e4ytt\u00e4miseksi.<\/p>\n<p><img decoding=\"async\" src=\"https:\/\/hzpt.com\/wp-content\/uploads\/2024\/11\/songte-company-1.webp\" alt=\"Yrityksen imago\" \/><\/p>\n<h3>Ammattimaisuus<\/h3>\n<p>Yrityksell\u00e4mme on ammattitaitoisten teknikkojen ja insin\u00f6\u00f6rien tiimi, jolla on vuosien kokemus hydraulisylintereiden ja niihin liittyvien laitteiden suunnittelusta ja valmistuksesta.<\/p>\n<h3>Kansainv\u00e4linen sertifiointi<\/h3>\n<p>Tuotteemme ovat l\u00e4p\u00e4isseet kansainv\u00e4liset sertifikaatit, kuten ISO9001, CE ja SGS, mik\u00e4 varmistaa, ett\u00e4 tuotteemme t\u00e4ytt\u00e4v\u00e4t kansainv\u00e4liset laatustandardit.<\/p>\n<h3>R\u00e4\u00e4t\u00e4l\u00f6intipalvelut<\/h3>\n<p>Tarjoamme hydraulisylintereiden r\u00e4\u00e4t\u00e4l\u00f6intipalveluita asiakkaidemme erityistarpeiden t\u00e4ytt\u00e4miseksi.<\/p>\n<h3>Tuotantolaitteet<\/h3>\n<p>Yrityksell\u00e4mme on k\u00e4yt\u00f6ss\u00e4\u00e4n edistykselliset tuotantolaitteet, kuten CNC-ty\u00f6st\u00f6koneet, ty\u00f6st\u00f6keskukset ja testauslaitteet, jotka takaavat korkealaatuisen ja tehokkaan tuotannon.<\/p>\n<h3>Myynnin j\u00e4lkeinen palvelu<\/h3>\n<p>Tarjoamme asiakkaillemme erinomaista j\u00e4lkimarkkinointipalvelua, joka sis\u00e4lt\u00e4\u00e4 teknisen tuen, huollon ja korjaukset.<\/p>\n<p>Kirjoittaja: lyl<\/p>","protected":false},"excerpt":{"rendered":"<p>Bucket Cylinder For Doosan Large Excavator DH290 Introduction The bucket cylinder for Doosan large excavator DH290 is a specially designed hydraulic cylinder used to control the movement of the bucket in heavy machinery such as excavators, backhoe excavators, and front-end loaders. Its main function is to enable the bucket to lift, lower, and tilt, making [&hellip;]<\/p>","protected":false},"featured_media":14785,"comment_status":"open","ping_status":"closed","template":"","meta":{"_et_pb_use_builder":"","_et_pb_old_content":"","_et_gb_content_width":""},"product_brand":[],"product_cat":[1494],"product_tag":[1495,1496],"class_list":{"0":"post-15285","1":"product","2":"type-product","3":"status-publish","4":"has-post-thumbnail","6":"product_cat-bucket-cylinders","7":"product_tag-bucket-cylinders","8":"product_tag-hydraulic-cylinders","10":"first","11":"instock","12":"shipping-taxable","13":"product-type-simple"},"amp_enabled":true,"_links":{"self":[{"href":"https:\/\/www.hydraulic-cylinders.net\/fi\/wp-json\/wp\/v2\/product\/15285","targetHints":{"allow":["GET"]}}],"collection":[{"href":"https:\/\/www.hydraulic-cylinders.net\/fi\/wp-json\/wp\/v2\/product"}],"about":[{"href":"https:\/\/www.hydraulic-cylinders.net\/fi\/wp-json\/wp\/v2\/types\/product"}],"replies":[{"embeddable":true,"href":"https:\/\/www.hydraulic-cylinders.net\/fi\/wp-json\/wp\/v2\/comments?post=15285"}],"wp:featuredmedia":[{"embeddable":true,"href":"https:\/\/www.hydraulic-cylinders.net\/fi\/wp-json\/wp\/v2\/media\/14785"}],"wp:attachment":[{"href":"https:\/\/www.hydraulic-cylinders.net\/fi\/wp-json\/wp\/v2\/media?parent=15285"}],"wp:term":[{"taxonomy":"product_brand","embeddable":true,"href":"https:\/\/www.hydraulic-cylinders.net\/fi\/wp-json\/wp\/v2\/product_brand?post=15285"},{"taxonomy":"product_cat","embeddable":true,"href":"https:\/\/www.hydraulic-cylinders.net\/fi\/wp-json\/wp\/v2\/product_cat?post=15285"},{"taxonomy":"product_tag","embeddable":true,"href":"https:\/\/www.hydraulic-cylinders.net\/fi\/wp-json\/wp\/v2\/product_tag?post=15285"}],"curies":[{"name":"wp","href":"https:\/\/api.w.org\/{rel}","templated":true}]}}