{"id":15286,"date":"2025-01-19T14:20:24","date_gmt":"2025-01-19T14:20:24","guid":{"rendered":"https:\/\/www.hydraulic-cylinders.net\/product\/bucket-cylinder-for-doosan-large-excavator-dh320\/"},"modified":"2025-01-19T14:20:26","modified_gmt":"2025-01-19T14:20:26","slug":"bucket-cylinder-for-doosan-large-excavator-dh320","status":"publish","type":"product","link":"https:\/\/www.hydraulic-cylinders.net\/fi\/tuote\/bucket-cylinder-for-doosan-large-excavator-dh320\/","title":{"rendered":"Kauhan sylinteri Doosanin suurelle kaivinkoneelle DH320"},"content":{"rendered":"<h1>Kauhan sylinteri Doosanin suurelle kaivinkoneelle DH320<\/h1>\n<h2>Johdanto<\/h2>\n<p>Doosanin suuren kaivinkoneen DH320 kauhan sylinteri on erikoistyyppinen hydraulisylinteri, jota k\u00e4ytet\u00e4\u00e4n kauhan liikkeen ohjaamiseen raskaissa koneissa, kuten kaivinkoneissa, traktorikaivureissa ja etukuormaajissa. Sen p\u00e4\u00e4teht\u00e4v\u00e4n\u00e4 on nostaa, laskea ja kallistaa kauhaa helppoa materiaalin k\u00e4sittely\u00e4 varten. Hydraulij\u00e4rjestelm\u00e4ss\u00e4 kauhan sylinteri k\u00e4ytt\u00e4\u00e4 hydrauli\u00f6ljyn painetta kauhan tarkan hallinnan saavuttamiseksi, jolloin k\u00e4ytt\u00e4j\u00e4t voivat k\u00e4sitell\u00e4 raskaita esineit\u00e4 tehokkaasti ja sopeutua monimutkaisiin ty\u00f6ymp\u00e4rist\u00f6ihin ja erilaisiin ty\u00f6vaatimuksiin.<\/p>\n<p><img decoding=\"async\" src=\"https:\/\/www.hydraulic-cylinders.net\/wp-content\/uploads\/2025\/01\/songte-company-2.webp\"><\/p>\n<h2>Ominaisuudet<\/h2>\n<ul>\n<li>\n<h3>Korkea lujuus ja kest\u00e4vyys<\/h3>\n<p>Kauhasylinterit on yleens\u00e4 valmistettu eritt\u00e4in lujasta ter\u00e4ksest\u00e4 tai alumiinista, jotka kest\u00e4v\u00e4t korkeaa painetta ja raskaita kuormia. Ne on suunniteltu kulutusta ja korroosiota kest\u00e4viksi, mik\u00e4 pident\u00e4\u00e4 niiden k\u00e4ytt\u00f6ik\u00e4\u00e4.<\/p>\n<\/li>\n<li>\n<h3>Tehokas hydraulinen k\u00e4ytt\u00f6<\/h3>\n<p>Kauhasylinterit k\u00e4ytt\u00e4v\u00e4t hydrauli\u00f6ljyn painetta tasaisten laajenemis- ja supistumisliikkeiden saavuttamiseksi, reagoivat nopeasti ohjauskomentoihin ja tarjoavat tehokkaita ty\u00f6nt\u00f6- ja vetovoimia, mik\u00e4 tekee niist\u00e4 sopivia raskaiden esineiden k\u00e4sittelyyn ja monimutkaisiin ty\u00f6teht\u00e4viin.<\/p>\n<\/li>\n<li>\n<h3>Erilaisia \u200b\u200btyyppej\u00e4<\/h3>\n<p>Kauhasylinterit voivat olla yksitoimisia (k\u00e4ytt\u00e4v\u00e4t hydraulipainetta vain yhteen suuntaan) tai kaksitoimisia (k\u00e4ytt\u00e4v\u00e4t hydraulipainetta molempiin suuntiin) k\u00e4ytt\u00f6tarpeesta riippuen. Jotkut mallit ovat teleskooppisia, mik\u00e4 mahdollistaa suuremman jatkeen ilman ulkoisen koon kasvua, joten ne sopivat sovelluksiin, joissa on rajoitetusti tilaa.<\/p>\n<\/li>\n<li>\n<h3>T\u00e4ydellinen korvaaja hydraulisylintereille<\/h3>\n<p>Tuotteemme voivat t\u00e4ydellisesti korvata n\u00e4m\u00e4 hydraulisylinterit, ja voimme tuottaa t\u00e4t\u00e4 tuotetta.<\/p>\n<\/li>\n<\/ul>\n<p><img decoding=\"async\" src=\"https:\/\/www.hydraulic-cylinders.net\/wp-content\/uploads\/2025\/01\/songte-cylinder-head-with-all-kinds-excavator-models.webp\"><\/p>\n<h2>Sovellukset<\/h2>\n<p>Kauhasylintereill\u00e4 on erilaisia \u200b\u200bsovelluksia eri teollisuudenaloilla, mukaan lukien rakennuslaitteet, maatalouskoneet, kaivinkoneet ja kuormaajat:<\/p>\n<ul>\n<li>\n<h3>Rakennuslaitteet<\/h3>\n<p>Kaivinkoneissa kauhan sylinterit ovat v\u00e4ltt\u00e4m\u00e4tt\u00f6mi\u00e4 kaivamiseen, lastaamiseen ja maaper\u00e4n tai roskien siirt\u00e4miseen. Kaivinkoneissa kauhan sylinterit auttavat sek\u00e4 kaivamisessa ett\u00e4 nostamisessa. Kuormaajissa ne auttavat tavaroiden tehokkaassa nostamisessa ja kallistamisessa.<\/p>\n<\/li>\n<li>\n<h3>Maatalouskoneet<\/h3>\n<p>Kauhasylintereit\u00e4 k\u00e4ytet\u00e4\u00e4n etukuormaajissa maaper\u00e4n, hein\u00e4n ja muiden materiaalien poimimiseen, nostamiseen ja kuljettamiseen.<\/p>\n<\/li>\n<li>\n<h3>Kaivinkoneet<\/h3>\n<p>Kauhan sylinteri mahdollistaa kauhan tunkeutumisen maaper\u00e4\u00e4n kaivutoiminnon aikaansaamiseksi.<\/p>\n<\/li>\n<li>\n<h3>Kuormaajat<\/h3>\n<p>Kauhasylinterit auttavat tehokkaasti tavaroiden nostamisessa ja tyhjent\u00e4misess\u00e4 etukuormaajilla.<\/p>\n<\/li>\n<\/ul>\n<h2>Suunnittelun\u00e4k\u00f6kohdat ja valintakriteerit<\/h2>\n<p>Kauhasylintereiden suunnittelua ja valintaa harkittaessa on otettava huomioon seuraavat tekij\u00e4t:<\/p>\n<ul>\n<li>\n<h3>Kantavuus<\/h3>\n<p>Sylinterin tulee olla suunniteltu kest\u00e4m\u00e4\u00e4n odotettu kuormitus ja paine.<\/p>\n<\/li>\n<li>\n<h3>Tiivistys ja kest\u00e4vyys<\/h3>\n<p>Sylinterin tulee olla suunniteltu riitt\u00e4vin tiivistys- ja kest\u00e4vyysominaisuuksin pitk\u00e4n k\u00e4ytt\u00f6i\u00e4n varmistamiseksi.<\/p>\n<\/li>\n<li>\n<h3>Turvallisuus ja huolto<\/h3>\n<p>Sylinterin tulee olla suunniteltu siten, ett\u00e4 se on turvallinen k\u00e4yt\u00f6n aikana ja helppo huoltaa.<\/p>\n<\/li>\n<\/ul>\n<p><img decoding=\"async\" src=\"https:\/\/www.hydraulic-cylinders.net\/wp-content\/uploads\/2025\/01\/songte-oil-pipes-and-spare-parts.webp\"><\/p>\n<h2>Tiivistys ja voitelu<\/h2>\n<p>Kauhasylintereiss\u00e4 k\u00e4ytet\u00e4\u00e4n erilaisia \u200b\u200btiiviste-elementtej\u00e4, kuten m\u00e4nn\u00e4ntiivisteit\u00e4 ja varren tiivisteit\u00e4, jotka on valmistettu kulutusta kest\u00e4vist\u00e4 materiaaleista, kuten polyuretaanista ja nitriilikumista. Sylinterinkansi ja kierteitetyt p\u00e4\u00e4typinnat on koneistettu tarkasti kulutuskest\u00e4vyyden parantamiseksi. S\u00e4\u00e4nn\u00f6llinen voitelu sopivalla hydrauliikka\u00f6ljyll\u00e4 on v\u00e4ltt\u00e4m\u00e4t\u00f6nt\u00e4 sujuvan toiminnan ja pitk\u00e4n k\u00e4ytt\u00f6i\u00e4n varmistamiseksi.<\/p>\n<h2>Huolto ja asennus<\/h2>\n<p>S\u00e4\u00e4nn\u00f6llinen huolto ja asennus ovat v\u00e4ltt\u00e4m\u00e4tt\u00f6mi\u00e4 kauhan sylinterin moitteettoman toiminnan ja pitk\u00e4n k\u00e4ytt\u00f6i\u00e4n varmistamiseksi. Seuraavia huoltotoimenpiteit\u00e4 suositellaan:<\/p>\n<ul>\n<li>\n<h3>S\u00e4\u00e4nn\u00f6llinen tarkastus<\/h3>\n<p>Sylinterin tiivisteiden, liitosten ja muiden osien s\u00e4\u00e4nn\u00f6llinen tarkastus on v\u00e4ltt\u00e4m\u00e4t\u00f6nt\u00e4 sen varmistamiseksi, ett\u00e4 ne ovat hyv\u00e4ss\u00e4 kunnossa ja toimivat oikein.<\/p>\n<\/li>\n<li>\n<h3>Voitelu<\/h3>\n<p>Sylinterin s\u00e4\u00e4nn\u00f6llinen voitelu sopivalla hydrauliikka\u00f6ljyll\u00e4 on v\u00e4ltt\u00e4m\u00e4t\u00f6nt\u00e4 sujuvan toiminnan ja pitk\u00e4n k\u00e4ytt\u00f6i\u00e4n varmistamiseksi.<\/p>\n<\/li>\n<li>\n<h3>Tiivisteen vaihto ja kalibroinnin tarkistus<\/h3>\n<p>Tiivisteet on ehk\u00e4 vaihdettava s\u00e4\u00e4nn\u00f6llisesti, ja kalibrointitarkastus voi olla tarpeen sylinterin oikean toiminnan varmistamiseksi.<\/p>\n<\/li>\n<\/ul>\n<p><img decoding=\"async\" src=\"https:\/\/www.hydraulic-cylinders.net\/wp-content\/uploads\/2025\/01\/songte-chushion-collar.webp\"><\/p>\n<h2>Turvallisuus- ja ymp\u00e4rist\u00f6n\u00e4k\u00f6kohdat<\/h2>\n<p>Kauhasylinterit tulee asentaa ja k\u00e4ytt\u00e4\u00e4 suositeltujen turvallisuusmenetelmien mukaisesti k\u00e4ytt\u00e4j\u00e4n ja ymp\u00e4rist\u00f6n turvallisuuden varmistamiseksi. On toteutettava riitt\u00e4v\u00e4t turvatoimenpiteet vahingossa tapahtuvien vaurioiden ja \u00f6ljyvuotojen v\u00e4ltt\u00e4miseksi.<\/p>\n<h2>Diagnoosi ja vianm\u00e4\u00e4ritys<\/h2>\n<p>Jos sylinteri ei toimi oikein, voidaan diagnosoida seuraavat ongelmat:<\/p>\n<ul>\n<li>\n<h3>Vuotavat tiivisteet<\/h3>\n<p>Jos sylinteri vuotaa \u00f6ljy\u00e4, se voi johtua kuluneista tiivisteist\u00e4, jotka on vaihdettava.<\/p>\n<\/li>\n<li>\n<h3>Meluisa toiminta<\/h3>\n<p>Jos sylinterin toiminta on meluisaa, se voi viitata ilmataskuihin hydraulij\u00e4rjestelm\u00e4ss\u00e4 tai riitt\u00e4m\u00e4tt\u00f6m\u00e4\u00e4n voiteluun.<\/p>\n<\/li>\n<li>\n<h3>Hidas toiminta<\/h3>\n<p>Jos sylinterin toiminta on hidasta, se voi viitata riitt\u00e4m\u00e4tt\u00f6m\u00e4\u00e4n hydraulipaineeseen tai tukkeutuneeseen \u00f6ljynsy\u00f6tt\u00f6\u00f6n.<\/p>\n<\/li>\n<\/ul>\n<p>Seuraavat vianm\u00e4\u00e4ritysvinkit ja -ratkaisut voivat olla hy\u00f6dyllisi\u00e4:<\/p>\n<ul>\n<li>\n<h3>Tiivisteen vaihto<\/h3>\n<p>Kuluneet tiivisteet tulee vaihtaa uusiin.<\/p>\n<\/li>\n<li>\n<h3>Hydraulij\u00e4rjestelm\u00e4n ilmaus<\/h3>\n<p>Hydraulij\u00e4rjestelm\u00e4n ilmataskut on ilmattava.<\/p>\n<\/li>\n<li>\n<h3>Voitelu<\/h3>\n<p>Sylinteri on voideltava sopivalla hydrauliikka\u00f6ljyll\u00e4.<\/p>\n<\/li>\n<\/ul>\n<p><img decoding=\"async\" src=\"https:\/\/www.hydraulic-cylinders.net\/wp-content\/uploads\/2025\/01\/songte-bushings-with-all-kinds-of-excavator-models.webp\"><\/p>\n<h2>Tietoa yrityksest\u00e4mme<\/h2>\n<p>Olemme johtava hydraulisten sylinterien valmistaja ja tukkumyyj\u00e4 kotimaisilla ja kansainv\u00e4lisill\u00e4 markkinoilla. Meill\u00e4 on t\u00e4ydellinen tuotevalikoima ja noudatamme teollisen tuotannon hallinnan strategiaa erinomaisella laadulla, luottaen hienoihin valmistusty\u00f6pajoihin, teknologiaosaamiseen, digitaalisiin huippuluokan valmistuslaitteisiin ja ammattimaisiin testausj\u00e4rjestelmiin. Ty\u00f6pajavalmistusymp\u00e4rist\u00f6mme paranee jatkuvasti, tuotteiden laatu ja tuotantolinja ovat t\u00e4ydelliset, ja meill\u00e4 on vahva innovaatiokyky vastata asiakkaiden monipuolisiin tarpeisiin korkealla tehokkuudella, tarkkuudella ja laadulla.<\/p>\n<h3>Ammattimaisuus<\/h3>\n<p>Yrityksell\u00e4mme on ammattitaitoinen tekninen asiantuntemus ja tiukat laadunvalvontatoimenpiteet varmistaaksemme, ett\u00e4 tuotteemme t\u00e4ytt\u00e4v\u00e4t alan standardit ja asiakkaiden vaatimukset.<\/p>\n<h3>Kansainv\u00e4linen sertifiointi<\/h3>\n<p>Tuotteemme ovat sertifioituja ja t\u00e4ytt\u00e4v\u00e4t kansainv\u00e4liset standardit, kuten ISO, CE ja SGS.<\/p>\n<h3>R\u00e4\u00e4t\u00e4l\u00f6idyt palvelut<\/h3>\n<p>Tarjoamme r\u00e4\u00e4t\u00e4l\u00f6ityj\u00e4 palveluita vastaamaan asiakkaiden erityisvaatimuksia.<\/p>\n<h3>Tuotantolaitteet<\/h3>\n<p>Yrityksemme k\u00e4ytt\u00e4\u00e4 edistyneit\u00e4 digitaalisia huippuluokan valmistuslaitteita, kuten CNC-ty\u00f6st\u00f6keskuksia, tarkkuushiomakoneita ja automaattisia hitsauskoneita, varmistaakseen tuotteidemme korkeimman laadun.<\/p>\n<h3>Myynnin j\u00e4lkeinen palvelu<\/h3>\n<p>Yrityksemme tarjoaa kattavaa huoltopalvelua, mukaan lukien tuotteiden huolto, korjaus ja vaihto.<\/p>\n<p><img decoding=\"async\" src=\"https:\/\/hzpt.com\/wp-content\/uploads\/2024\/11\/songte-company-1.webp\"><\/p>\n<p>Kirjoittaja: lyl<\/p>","protected":false},"excerpt":{"rendered":"<p>Bucket Cylinder For Doosan Large Excavator DH320 Introduction A bucket cylinder for Doosan large excavator DH320 is a specialized type of hydraulic cylinder used to control the movement of the bucket in heavy machinery such as excavators, backhoe excavators, and front-end loaders. Its main function is to lift, lower, and tilt the bucket for easy [&hellip;]<\/p>","protected":false},"featured_media":14784,"comment_status":"open","ping_status":"closed","template":"","meta":{"_et_pb_use_builder":"","_et_pb_old_content":"","_et_gb_content_width":""},"product_brand":[],"product_cat":[1494],"product_tag":[1495,1496],"class_list":{"0":"post-15286","1":"product","2":"type-product","3":"status-publish","4":"has-post-thumbnail","6":"product_cat-bucket-cylinders","7":"product_tag-bucket-cylinders","8":"product_tag-hydraulic-cylinders","10":"first","11":"instock","12":"shipping-taxable","13":"product-type-simple"},"amp_enabled":true,"_links":{"self":[{"href":"https:\/\/www.hydraulic-cylinders.net\/fi\/wp-json\/wp\/v2\/product\/15286","targetHints":{"allow":["GET"]}}],"collection":[{"href":"https:\/\/www.hydraulic-cylinders.net\/fi\/wp-json\/wp\/v2\/product"}],"about":[{"href":"https:\/\/www.hydraulic-cylinders.net\/fi\/wp-json\/wp\/v2\/types\/product"}],"replies":[{"embeddable":true,"href":"https:\/\/www.hydraulic-cylinders.net\/fi\/wp-json\/wp\/v2\/comments?post=15286"}],"wp:featuredmedia":[{"embeddable":true,"href":"https:\/\/www.hydraulic-cylinders.net\/fi\/wp-json\/wp\/v2\/media\/14784"}],"wp:attachment":[{"href":"https:\/\/www.hydraulic-cylinders.net\/fi\/wp-json\/wp\/v2\/media?parent=15286"}],"wp:term":[{"taxonomy":"product_brand","embeddable":true,"href":"https:\/\/www.hydraulic-cylinders.net\/fi\/wp-json\/wp\/v2\/product_brand?post=15286"},{"taxonomy":"product_cat","embeddable":true,"href":"https:\/\/www.hydraulic-cylinders.net\/fi\/wp-json\/wp\/v2\/product_cat?post=15286"},{"taxonomy":"product_tag","embeddable":true,"href":"https:\/\/www.hydraulic-cylinders.net\/fi\/wp-json\/wp\/v2\/product_tag?post=15286"}],"curies":[{"name":"wp","href":"https:\/\/api.w.org\/{rel}","templated":true}]}}