{"id":15288,"date":"2025-01-19T14:20:32","date_gmt":"2025-01-19T14:20:32","guid":{"rendered":"https:\/\/www.hydraulic-cylinders.net\/product\/bucket-cylinder-for-doosan-large-excavator-dx300lc\/"},"modified":"2025-01-19T14:20:34","modified_gmt":"2025-01-19T14:20:34","slug":"bucket-cylinder-for-doosan-large-excavator-dx300lc","status":"publish","type":"product","link":"https:\/\/www.hydraulic-cylinders.net\/fi\/tuote\/bucket-cylinder-for-doosan-large-excavator-dx300lc\/","title":{"rendered":"Kauhan sylinteri Doosan-kaivukoneelle DX300LC"},"content":{"rendered":"<h1>Kauhan sylinteri Doosan-kaivukoneelle DX300LC<\/h1>\n<h2>Johdanto<\/h2>\n<h3>M\u00e4\u00e4ritelm\u00e4<\/h3>\n<p>Kauhasylinteri on erityisesti suunniteltu hydraulisylinteri, jota k\u00e4ytet\u00e4\u00e4n kauhan liikkeen ohjaamiseen raskaissa koneissa, kuten kaivinkoneissa, traktorikaivureissa ja etukuormaajissa. Sen p\u00e4\u00e4teht\u00e4v\u00e4n\u00e4 on mahdollistaa kauhan nostaminen, laskeminen ja kallistaminen helppoa materiaalink\u00e4sittely\u00e4 varten. Hydraulij\u00e4rjestelm\u00e4ss\u00e4 kauhan sylinteri ohjaa tarkasti kauhan liikett\u00e4 hydrauli\u00f6ljyn paineen muutosten avulla, jolloin k\u00e4ytt\u00e4j\u00e4t voivat k\u00e4sitell\u00e4 raskaita kuormia tehokkaasti ja sopeutua monimutkaisiin ty\u00f6ymp\u00e4rist\u00f6ihin ja erilaisiin ty\u00f6vaatimuksiin.<\/p>\n<p><img decoding=\"async\" src=\"https:\/\/www.hydraulic-cylinders.net\/wp-content\/uploads\/2025\/01\/songte-company-2.webp\" alt=\"Kauhan sylinterin kuva\"><\/p>\n<h3>Ominaisuudet<\/h3>\n<ul>\n<li>Korkea lujuus ja kest\u00e4vyys: Tyypillisesti valmistettu eritt\u00e4in lujasta ter\u00e4ksest\u00e4 tai alumiinista, kest\u00e4\u00e4 korkeaa painetta ja raskaita kuormia, sopeutuu vaativiin ty\u00f6ymp\u00e4rist\u00f6ihin ja on suunniteltu kulutus- ja korroosionkest\u00e4vyys mieless\u00e4 pit\u00e4en k\u00e4ytt\u00f6i\u00e4n pident\u00e4miseksi.<\/li>\n<li>Tehokas hydraulinen toiminta: K\u00e4ytt\u00e4\u00e4 hydrauli\u00f6ljyn painetta tasaisen teleskooppiliikkeen saavuttamiseksi, reagoi nopeasti ohjauskomentoihin, tarjoaa tehokkaan ty\u00f6nt\u00f6- ja vetovoiman, sopii raskaiden kuormien k\u00e4sittelyyn ja monimutkaisiin ty\u00f6teht\u00e4viin.<\/li>\n<li>Erilaisia \u200b\u200btyyppej\u00e4: Valitse yksitoimiset (hydraulisesti vain yhteen suuntaan) tai kaksitoimiset (hydraulisesti molempiin suuntiin) sylinterit vaatimusten mukaan erilaisten k\u00e4ytt\u00f6tarpeiden t\u00e4ytt\u00e4miseksi. Jotkut mallit ovat teleskooppisia, mik\u00e4 mahdollistaa suuremman jatkeen ilman ulkomittojen kasvua, joten ne sopivat rajoitetusti tilaa vaativiin sovelluksiin.<\/li>\n<li>Suora vaihto: Tuotteemme voi korvata n\u00e4m\u00e4 hydraulisylinterit t\u00e4ydellisesti.<\/li>\n<\/ul>\n<p><img decoding=\"async\" src=\"https:\/\/www.hydraulic-cylinders.net\/wp-content\/uploads\/2025\/01\/songte-cylinder-head-with-all-kinds-excavator-models.webp\" alt=\"Tuotekuva\"><\/p>\n<h2>Sovellukset<\/h2>\n<h3>Rakennuslaitteet<\/h3>\n<p>Kaivinkoneissa ne ovat v\u00e4ltt\u00e4m\u00e4tt\u00f6mi\u00e4 kaivamiseen, lastaamiseen ja maaper\u00e4n tai roskien siirt\u00e4miseen. Kaivinkoneissa kauhan sylinteri auttaa sek\u00e4 kaivamisessa ett\u00e4 nostamisessa. Etukuormaajissa ne auttavat tavaroiden tehokkaassa nostamisessa ja tyhjent\u00e4misess\u00e4.<\/p>\n<h3>Maatalouskoneet<\/h3>\n<p>K\u00e4ytet\u00e4\u00e4n etukuormaajissa maan, hein\u00e4n ja muiden materiaalien kauhaukseen, nostamiseen ja kuljettamiseen. Kaivinkoneissa kauhan sylinteri mahdollistaa kaivamisen antamalla kauhan tunkeutua maahan. Ne ovat hy\u00f6dyllisi\u00e4 my\u00f6s muiden maatalouskoneiden nostamiseen ja kallistukseen.<\/p>\n<h2>Suunnittelun\u00e4k\u00f6kohdat ja valintakriteerit<\/h2>\n<h3>Kantavuus<\/h3>\n<p>Sylinterin kuormankantokyky on yksi t\u00e4rkeimmist\u00e4 suunnittelutekij\u00f6ist\u00e4. Sen on oltava riitt\u00e4v\u00e4n vahva ja kest\u00e4v\u00e4 tukemaan kuorman painoa ja kest\u00e4m\u00e4\u00e4n korkeaa painetta.<\/p>\n<h3>Tiivistys ja kest\u00e4vyys<\/h3>\n<p>Sylinterin on oltava hyvin tiivistetty vuotojen est\u00e4miseksi, jotka voivat johtaa ennenaikaiseen kulumiseen ja vaurioitumiseen. Oikeiden tiivistysmateriaalien valinta on olennaista, ja joissakin tapauksissa sylinterin varsi ja holkki saattavat vaatia pintak\u00e4sittelyj\u00e4 tai pinnoitteita kulutuskest\u00e4vyyden parantamiseksi ja korroosion est\u00e4miseksi.<\/p>\n<h3>Turvallisuus ja huolto<\/h3>\n<p>Turvallisuus on kriittinen n\u00e4k\u00f6kohta hydraulisylintereiden suunnittelussa, ja onnettomuuksien est\u00e4miseksi on otettava huomioon asianmukaiset turvaominaisuudet. Lis\u00e4ksi asianmukainen huolto on v\u00e4ltt\u00e4m\u00e4t\u00f6nt\u00e4 sylinterin pitk\u00e4n k\u00e4ytt\u00f6i\u00e4n varmistamiseksi ja toimintah\u00e4iri\u00f6iden est\u00e4miseksi.<\/p>\n<p><img decoding=\"async\" src=\"https:\/\/www.hydraulic-cylinders.net\/wp-content\/uploads\/2025\/01\/songte-oil-pipes-and-spare-parts.webp\" alt=\"Tuotekuva\"><\/p>\n<h2>Tiivistys ja voitelu<\/h2>\n<p>Sylinterin tiivistyksen varmistamiseksi k\u00e4ytet\u00e4\u00e4n erilaisia \u200b\u200btiivistekomponentteja, kuten m\u00e4nn\u00e4ntiivisteit\u00e4, varren tiivisteit\u00e4 jne. Polyuretaani ja nitriilikumi ovat yleisesti k\u00e4ytettyj\u00e4 materiaaleja tiivistekomponenttien valmistuksessa. Sylinterin runko ja kierteitetty p\u00e4\u00e4typinta k\u00e4sitell\u00e4\u00e4n hienovaraisesti kulutuskest\u00e4vyyden parantamiseksi. S\u00e4\u00e4nn\u00f6llinen voitelu hydrauliikka\u00f6ljyll\u00e4 on tarpeen sujuvan toiminnan varmistamiseksi ja kulumisen est\u00e4miseksi.<\/p>\n<h2>Huolto ja korjaus<\/h2>\n<p>S\u00e4\u00e4nn\u00f6lliset tarkastukset, asianmukainen voitelu ja kuluneiden tiivisteosien vaihto ovat yleisi\u00e4 huoltoteht\u00e4vi\u00e4. Oikea asennus, voitelu ja s\u00e4\u00e4t\u00f6 ovat ratkaisevan t\u00e4rkeit\u00e4 luotettavan ja pitk\u00e4ik\u00e4isen toiminnan varmistamiseksi. On suositeltavaa k\u00e4ytt\u00e4\u00e4 sopivia asennuskiinnikkeit\u00e4 sylinterin turvalliseen kiinnitt\u00e4miseen. Suositellut tarkastus-, korjaus- ja vaihtomenettelyt ovat olennaisia \u200b\u200bsylinterin k\u00e4ytt\u00f6i\u00e4n pident\u00e4miseksi.<\/p>\n<p><img decoding=\"async\" src=\"https:\/\/www.hydraulic-cylinders.net\/wp-content\/uploads\/2025\/01\/songte-chushion-collar.webp\" alt=\"Tuotekuva\"><\/p>\n<h2>Turvallisuusn\u00e4k\u00f6kohdat ja ymp\u00e4rist\u00f6tekij\u00e4t<\/h2>\n<p>Hydraulisylintereit\u00e4 k\u00e4ytett\u00e4ess\u00e4 on onnettomuuksien v\u00e4ltt\u00e4miseksi toteutettava turvatoimenpiteit\u00e4, kuten asianmukainen asennus, s\u00e4\u00e4nn\u00f6llinen huolto ja tarkastus. Sylinteriss\u00e4 k\u00e4ytetty hydrauli\u00f6ljy voi aiheuttaa ymp\u00e4rist\u00f6riskin, jos sit\u00e4 ei h\u00e4vitet\u00e4 asianmukaisesti. Siksi on toteutettava asianmukaiset toimenpiteet ymp\u00e4rist\u00f6n saastumisen est\u00e4miseksi.<\/p>\n<h2>Diagnoosi ja vianm\u00e4\u00e4ritys<\/h2>\n<p>Yleiset ongelmat, kuten vuodot, tehon heikkeneminen ja ep\u00e4s\u00e4\u00e4nn\u00f6llinen liike, vaativat nopeaa diagnosointia ja vianetsint\u00e4\u00e4. Asianmukaisten diagnostiikkalaitteiden ja -ty\u00f6kalujen, kuten painemittareiden ja virtausmittareiden, k\u00e4ytt\u00f6 on v\u00e4ltt\u00e4m\u00e4t\u00f6nt\u00e4 ongelman perimm\u00e4isen syyn tunnistamiseksi. S\u00e4\u00e4nn\u00f6llinen huolto ja tarkastus voivat auttaa ehk\u00e4isem\u00e4\u00e4n n\u00e4iden ongelmien esiintymist\u00e4.<\/p>\n<p><img decoding=\"async\" src=\"https:\/\/www.hydraulic-cylinders.net\/wp-content\/uploads\/2025\/01\/songte-bushings-with-all-kinds-of-excavator-models.webp\" alt=\"Tuotekuva\"><\/p>\n<h2>Tietoa yrityksest\u00e4mme<\/h2>\n<p>Olemme korvaavien hydraulisylinterien valmistaja ja tarjoamme kattavan tuotevalikoiman. Olemme nousseet yhdeksi johtavista hydraulisylinterien valmistajista ja tukkumyyjist\u00e4 kotimaisilla ja ulkomaisilla markkinoilla. Olemme sitoutuneet erinomaiseen laatuun, luottaneet teollisen tuotannon hallintastrategioihin hienostuneissa valmistuspajoissa, parantaneet jatkuvasti valmistusymp\u00e4rist\u00f6\u00e4 ty\u00f6pajassamme teknisten kykyjen, digitaalisten huippuluokan valmistuslaitteiden ja ammattimaisten testausj\u00e4rjestelmien avulla. Meill\u00e4 on my\u00f6s vahva luova kyky vastata asiakkaiden monipuolisiin tarpeisiin tehokkaalla, tarkalla ja laadukkaalla tavalla. <\/p>\n<h3>Ammattimaisuus<\/h3>\n<p>Ammattilaistiimimme on omistautunut tarjoamaan asiakkaillemme parhaita tuotteita ja palveluita.<\/p>\n<h3>Kansainv\u00e4linen sertifiointi<\/h3>\n<p>Tuotteemme ovat kansainv\u00e4listen laatu- ja turvallisuusstandardien, kuten ISO- ja CE-merkkien, mukaisia.<\/p>\n<h3>R\u00e4\u00e4t\u00e4l\u00f6intipalvelut<\/h3>\n<p>Tarjoamme r\u00e4\u00e4t\u00e4l\u00f6ityj\u00e4 palveluita vastaamaan asiakkaidemme erilaisiin tarpeisiin.<\/p>\n<h3>Tuotantolaitteet<\/h3>\n<p>Tuotantolaitteistomme on huippumoderni ja takaa korkealaatuiset tuotteet.<\/p>\n<h3>Myynnin j\u00e4lkeinen palvelu<\/h3>\n<p>Tarjoamme erinomaista myynnin j\u00e4lkeist\u00e4 palvelua asiakastyytyv\u00e4isyyden varmistamiseksi.<\/p>\n<p><img decoding=\"async\" src=\"https:\/\/www.hydraulic-cylinders.net\/wp-content\/uploads\/2025\/01\/songte-company-3.webp\" alt=\"Yrityksen imago\"><\/p>\n<p>Kirjoittaja: lyl<\/p>","protected":false},"excerpt":{"rendered":"<p>Bucket Cylinder For Doosan Large Excavator DX300LC Introduction Definition A bucket cylinder, specifically designed hydraulic cylinder, used to control the movement of the bucket in heavy machinery such as excavators, backhoes, and front-end loaders. Its main function is to enable the bucket to lift, lower, and tilt for easy material-handling tasks. In the hydraulic system, [&hellip;]<\/p>","protected":false},"featured_media":14780,"comment_status":"open","ping_status":"closed","template":"","meta":{"_et_pb_use_builder":"","_et_pb_old_content":"","_et_gb_content_width":""},"product_brand":[],"product_cat":[1494],"product_tag":[1495,1496],"class_list":{"0":"post-15288","1":"product","2":"type-product","3":"status-publish","4":"has-post-thumbnail","6":"product_cat-bucket-cylinders","7":"product_tag-bucket-cylinders","8":"product_tag-hydraulic-cylinders","10":"first","11":"instock","12":"shipping-taxable","13":"product-type-simple"},"amp_enabled":true,"_links":{"self":[{"href":"https:\/\/www.hydraulic-cylinders.net\/fi\/wp-json\/wp\/v2\/product\/15288","targetHints":{"allow":["GET"]}}],"collection":[{"href":"https:\/\/www.hydraulic-cylinders.net\/fi\/wp-json\/wp\/v2\/product"}],"about":[{"href":"https:\/\/www.hydraulic-cylinders.net\/fi\/wp-json\/wp\/v2\/types\/product"}],"replies":[{"embeddable":true,"href":"https:\/\/www.hydraulic-cylinders.net\/fi\/wp-json\/wp\/v2\/comments?post=15288"}],"wp:featuredmedia":[{"embeddable":true,"href":"https:\/\/www.hydraulic-cylinders.net\/fi\/wp-json\/wp\/v2\/media\/14780"}],"wp:attachment":[{"href":"https:\/\/www.hydraulic-cylinders.net\/fi\/wp-json\/wp\/v2\/media?parent=15288"}],"wp:term":[{"taxonomy":"product_brand","embeddable":true,"href":"https:\/\/www.hydraulic-cylinders.net\/fi\/wp-json\/wp\/v2\/product_brand?post=15288"},{"taxonomy":"product_cat","embeddable":true,"href":"https:\/\/www.hydraulic-cylinders.net\/fi\/wp-json\/wp\/v2\/product_cat?post=15288"},{"taxonomy":"product_tag","embeddable":true,"href":"https:\/\/www.hydraulic-cylinders.net\/fi\/wp-json\/wp\/v2\/product_tag?post=15288"}],"curies":[{"name":"wp","href":"https:\/\/api.w.org\/{rel}","templated":true}]}}