{"id":15293,"date":"2025-01-19T14:20:51","date_gmt":"2025-01-19T14:20:51","guid":{"rendered":"https:\/\/www.hydraulic-cylinders.net\/product\/bucket-cylinder-for-doosan-large-excavator-dx350xl\/"},"modified":"2025-01-19T14:20:53","modified_gmt":"2025-01-19T14:20:53","slug":"bucket-cylinder-for-doosan-large-excavator-dx350xl","status":"publish","type":"product","link":"https:\/\/www.hydraulic-cylinders.net\/fi\/tuote\/bucket-cylinder-for-doosan-large-excavator-dx350xl\/","title":{"rendered":"Kauhan sylinteri Doosan-kaivukoneelle DX350XL"},"content":{"rendered":"<h1>Kauhan sylinteri Doosan-kaivukoneelle DX350XL<\/h1>\n<h2>Johdanto<\/h2>\n<p>Doosanin suuren kaivinkoneen DX350XL kauhan sylinteri on erikoishydraulinen sylinteri, joka on suunniteltu ohjaamaan kauhan liikett\u00e4 raskaissa koneissa, kuten kaivinkoneissa, traktorikaivureissa ja etukuormaajissa. Sen p\u00e4\u00e4teht\u00e4v\u00e4n\u00e4 on nostaa, laskea ja kallistaa kauhaa erilaisia \u200b\u200bmateriaalink\u00e4sittelyteht\u00e4vi\u00e4 varten. Hydraulij\u00e4rjestelm\u00e4ss\u00e4 kauhan sylinteri ohjaa tarkasti kauhan liikett\u00e4 hydrauli\u00f6ljyn paineen muutosten avulla, mink\u00e4 ansiosta k\u00e4ytt\u00e4j\u00e4t voivat k\u00e4sitell\u00e4 raskaita kuormia tehokkaasti ja sopeutua monimutkaisiin ty\u00f6ymp\u00e4rist\u00f6ihin ja vaihteleviin ty\u00f6vaatimuksiin.<\/p>\n<p><img decoding=\"async\" src=\"https:\/\/www.hydraulic-cylinders.net\/wp-content\/uploads\/2025\/01\/songte-company-2.webp\" alt=\"Kauhan sylinteri Doosan-kaivukoneelle DX350XL\"><\/p>\n<h2>Ominaisuudet<\/h2>\n<ul>\n<li>Suuri lujuus ja kest\u00e4vyys: Tyypillisesti eritt\u00e4in lujasta ter\u00e4ksest\u00e4 tai alumiinista valmistettu tuote kest\u00e4\u00e4 korkeaa painetta ja raskaita kuormia. Se on suunniteltu kulutus- ja korroosionkest\u00e4vyytt\u00e4 silm\u00e4ll\u00e4 pit\u00e4en, mik\u00e4 pident\u00e4\u00e4 sen k\u00e4ytt\u00f6ik\u00e4\u00e4.<\/li>\n<li>Tehokas hydraulinen toiminta: K\u00e4ytt\u00e4\u00e4 hydrauli\u00f6ljyn painetta tasaisten ojennus- ja supistusliikkeiden saavuttamiseksi, reagoi nopeasti ohjauskomentoihin, tarjoaa tehokkaan ty\u00f6nt\u00f6- ja vetovoiman ja soveltuu raskaiden kuormien k\u00e4sittelyyn ja monimutkaisiin ty\u00f6teht\u00e4viin.<\/li>\n<li>Erilaisia \u200b\u200btyyppej\u00e4: Yksitoimisia (hydrauliikkaa k\u00e4ytet\u00e4\u00e4n vain yhteen suuntaan) tai kaksitoimisia (hydrauliikkaa k\u00e4ytet\u00e4\u00e4n kahteen suuntaan) sylintereit\u00e4 voidaan valita tarpeen mukaan erilaisten k\u00e4ytt\u00f6vaatimusten t\u00e4ytt\u00e4miseksi. Jotkut mallit ovat teleskooppisia, mik\u00e4 mahdollistaa suuremman jatkeen ilman ulkomittojen kasvua, mik\u00e4 sopii sovelluksiin, joissa on rajoitetusti tilaa.<\/li>\n<li>Helppo asentaa: Tuotteemme voi t\u00e4ydellisesti korvata n\u00e4m\u00e4 hydraulisylinterit.<\/li>\n<\/ul>\n<p><img decoding=\"async\" src=\"https:\/\/www.hydraulic-cylinders.net\/wp-content\/uploads\/2025\/01\/songte-cylinder-head-with-all-kinds-excavator-models.webp\" alt=\"Kauhan sylinteri Doosan-kaivukoneelle DX350XL\"><\/p>\n<h2>Sovellukset<\/h2>\n<p>Doosanin suuren kaivinkoneen DX350XL kauhan sylinteri\u00e4 k\u00e4ytet\u00e4\u00e4n laajalti erilaisissa raskaissa koneissa, mukaan lukien:<\/p>\n<ul>\n<li>Rakennuslaitteet: Kaivinkoneissa ne ovat v\u00e4ltt\u00e4m\u00e4tt\u00f6mi\u00e4 kaivamiseen, lastaamiseen ja maan tai roskien siirt\u00e4miseen. Kaivinkoneissa kauhan sylinteri auttaa sek\u00e4 kaivamisessa ett\u00e4 nostamisessa. <\/li>\n<li>Maatalouskoneet: K\u00e4ytet\u00e4\u00e4n etukuormaajissa maaper\u00e4n, hein\u00e4n ja muiden materiaalien kauhaukseen, nostamiseen ja kuljettamiseen. <\/li>\n<li>Kuormaaja: Etukuormaajassa ne auttavat nostamaan ja kallistamaan lastia tehokkaasti.<\/li>\n<\/ul>\n<h2>Suunnittelun\u00e4k\u00f6kohdat ja valintakriteerit<\/h2>\n<p>Doosanin suuren kaivinkoneen DX350XL kauhan sylinteri on suunniteltu ottaen huomioon kantavuuden, tiiviyden, kest\u00e4vyyden, turvallisuuden ja huollettavuuden keskeiset n\u00e4k\u00f6kohdat. <\/p>\n<ul>\n<li>Kantavuus: Sylinterin on kestett\u00e4v\u00e4 korkea paine ja raskaat kuormat s\u00e4ilytt\u00e4en samalla vakauden ja tarkkuuden. <\/li>\n<li>Tiivistys: Sylinteriss\u00e4 k\u00e4ytet\u00e4\u00e4n erilaisia \u200b\u200btiivisteit\u00e4, kuten m\u00e4nn\u00e4ntiivisteit\u00e4, varren tiivisteit\u00e4 jne., ja tiivistemateriaali valitaan kulutusta kest\u00e4vist\u00e4 materiaaleista, kuten polyuretaanista ja nitriilikumista. <\/li>\n<li>Kest\u00e4vyys: Sylinterin runko ja kierteitetyt p\u00e4\u00e4typinnat on hienosti k\u00e4sitelty kulutuskest\u00e4vyyden parantamiseksi. <\/li>\n<li>Turvallisuus: Sylinterin on t\u00e4ytett\u00e4v\u00e4 useita turvallisuusstandardeja ja -m\u00e4\u00e4r\u00e4yksi\u00e4 turvallisen k\u00e4yt\u00f6n varmistamiseksi. <\/li>\n<li>Yll\u00e4pidett\u00e4vyys: S\u00e4\u00e4nn\u00f6llinen huolto ja korjaus vikojen ehk\u00e4isemiseksi ja k\u00e4ytt\u00f6i\u00e4n pident\u00e4miseksi. <\/li>\n<\/ul>\n<p><img decoding=\"async\" src=\"https:\/\/www.hydraulic-cylinders.net\/wp-content\/uploads\/2025\/01\/songte-oil-pipes-and-spare-parts.webp\" alt=\"Kauhan sylinteri Doosan-kaivukoneelle DX350XL\"><\/p>\n<h2>Tiivistys ja voitelu<\/h2>\n<p>Doosanin suuren kaivinkoneen DX350XL kauhan sylinteriss\u00e4 on erilaisia \u200b\u200btiivistyselementtej\u00e4, kuten m\u00e4nn\u00e4ntiivisteit\u00e4 ja varren tiivisteit\u00e4, jotka on valmistettu kulutusta kest\u00e4vist\u00e4 materiaaleista, kuten polyuretaanista ja nitriilikumista. Sylinterin runko ja kierteitetyt p\u00e4\u00e4typinnat on hienosti k\u00e4sitelty kulutuskest\u00e4vyyden parantamiseksi. S\u00e4\u00e4nn\u00f6llinen voitelu sopivalla hydrauliikka\u00f6ljyll\u00e4 on v\u00e4ltt\u00e4m\u00e4t\u00f6nt\u00e4 sujuvan toiminnan varmistamiseksi ja kulumisen est\u00e4miseksi.<\/p>\n<h2>Huolto ja korjaus<\/h2>\n<p>S\u00e4\u00e4nn\u00f6lliset tarkastukset ja ennaltaehk\u00e4isev\u00e4t huoltotoimenpiteet ovat v\u00e4ltt\u00e4m\u00e4tt\u00f6mi\u00e4 Doosan DX350XL -suurkaivukoneen kauhan sylinterin vikojen ehk\u00e4isemiseksi ja k\u00e4ytt\u00f6i\u00e4n pident\u00e4miseksi. Joitakin yleisi\u00e4 huoltoteht\u00e4vi\u00e4 ovat:<\/p>\n<ul>\n<li>S\u00e4\u00e4nn\u00f6llinen tarkastus: Tarkista sylinteri s\u00e4\u00e4nn\u00f6llisesti kulumisen, vaurioiden ja vuotojen varalta. <\/li>\n<li>Oikea voitelu: Voitele sylinteri suositellulla hydrauliikka\u00f6ljyll\u00e4 varmistaaksesi sujuvan toiminnan. <\/li>\n<li>Tiivisteiden vaihto: Vaihda tiivisteet tarvittaessa vuotojen est\u00e4miseksi ja tiivistyksen tehokkuuden yll\u00e4pit\u00e4miseksi. <\/li>\n<li>Kalibrointitarkistus: Tarkista sylinterin kalibrointi varmistaaksesi tarkan ja sujuvan toiminnan. <\/li>\n<\/ul>\n<p><img decoding=\"async\" src=\"https:\/\/www.hydraulic-cylinders.net\/wp-content\/uploads\/2025\/01\/songte-chushion-collar.webp\" alt=\"Kauhan sylinteri Doosan-kaivukoneelle DX350XL\"><\/p>\n<h2>Turvallisuusn\u00e4k\u00f6kohdat ja ymp\u00e4rist\u00f6tekij\u00e4t<\/h2>\n<p>K\u00e4ytett\u00e4ess\u00e4 kauhan sylinteri\u00e4 Doosanin suuressa kaivinkoneessa DX350XL on noudatettava asianmukaisia \u200b\u200bturvatoimenpiteit\u00e4 onnettomuuksien est\u00e4miseksi ja turvallisen k\u00e4yt\u00f6n varmistamiseksi. On my\u00f6s t\u00e4rke\u00e4\u00e4 ottaa huomioon ymp\u00e4rist\u00f6tekij\u00e4t, kuten \u00f6ljyvuotojen ja saastumisen est\u00e4minen, ymp\u00e4rist\u00f6n suojelemiseksi.<\/p>\n<h2>Vianm\u00e4\u00e4ritys ja yleiset ongelmat<\/h2>\n<p>Joitakin yleisi\u00e4 ongelmia, joita voi ilmet\u00e4 k\u00e4ytett\u00e4ess\u00e4 kauhan sylinteri\u00e4 Doosanin suuressa kaivinkoneessa DX350XL, ovat vuodot, huono tiivistys ja kalibrointivirheet. N\u00e4iden ongelmien tehokkaaksi diagnosoimiseksi ja ratkaisemiseksi tarvitaan s\u00e4\u00e4nn\u00f6llisi\u00e4 tarkastuksia ja ennaltaehk\u00e4isevi\u00e4 huoltotoimenpiteit\u00e4.<\/p>\n<p><img decoding=\"async\" src=\"https:\/\/www.hydraulic-cylinders.net\/wp-content\/uploads\/2025\/01\/songte-bushings-with-all-kinds-of-excavator-models.webp\" alt=\"Kauhan sylinteri Doosan-kaivukoneelle DX350XL\"><\/p>\n<h2>Tietoa yrityksest\u00e4mme<\/h2>\n<p>Olemme korvaavien hydraulisylinterien valmistaja ja tarjoamme laajan tuotevalikoiman. Olemme yksi johtavista hydraulisylinterien valmistajista ja tukkumyyjist\u00e4 kotimaisilla ja ulkomaisilla markkinoilla. Noudatamme erinomaisen laadun periaatteita ja luotamme hienomekaanisten ty\u00f6pajojen teollisen tuotannon hallintastrategioihin, parannamme jatkuvasti ty\u00f6pajan valmistusalustaa, parannamme tuotteiden laatua ja meill\u00e4 on vahvat luovat kyvyt vastata asiakkaiden monipuolisiin tarpeisiin tehokkaasti, tarkasti ja laadukkaasti.<\/p>\n<p>Tarjoamme ammattimaisia, kansainv\u00e4lisesti sertifioituja ja r\u00e4\u00e4t\u00e4l\u00f6ityj\u00e4 palveluita. K\u00e4yt\u00f6ss\u00e4mme on edistyneet tuotantolaitteet ja ammattimaiset testausj\u00e4rjestelm\u00e4t. Tarjoamme my\u00f6s osien vaihto- ja korjauspalveluita hydraulisylintereiden k\u00e4ytt\u00f6i\u00e4n parantamiseksi.<\/p>\n<p><img decoding=\"async\" src=\"https:\/\/hzpt.com\/wp-content\/uploads\/2024\/11\/songte-company-1.webp\" alt=\"Kauhan sylinteri Doosan-kaivukoneelle DX350XL\"><\/p>\n<p>Kirjoittaja: lyl<\/p>","protected":false},"excerpt":{"rendered":"<p>Bucket Cylinder for Doosan Large Excavator DX350XL Introduction The bucket cylinder for Doosan large excavator DX350XL is a specialized hydraulic cylinder designed to control the movement of the bucket in heavy machinery, such as excavators, backhoe excavators, and front loaders. Its main function is to lift, lower, and tilt the bucket for various material handling [&hellip;]<\/p>","protected":false},"featured_media":14769,"comment_status":"open","ping_status":"closed","template":"","meta":{"_et_pb_use_builder":"","_et_pb_old_content":"","_et_gb_content_width":""},"product_brand":[],"product_cat":[1494],"product_tag":[1495,1496],"class_list":{"0":"post-15293","1":"product","2":"type-product","3":"status-publish","4":"has-post-thumbnail","6":"product_cat-bucket-cylinders","7":"product_tag-bucket-cylinders","8":"product_tag-hydraulic-cylinders","10":"first","11":"instock","12":"shipping-taxable","13":"product-type-simple"},"amp_enabled":true,"_links":{"self":[{"href":"https:\/\/www.hydraulic-cylinders.net\/fi\/wp-json\/wp\/v2\/product\/15293","targetHints":{"allow":["GET"]}}],"collection":[{"href":"https:\/\/www.hydraulic-cylinders.net\/fi\/wp-json\/wp\/v2\/product"}],"about":[{"href":"https:\/\/www.hydraulic-cylinders.net\/fi\/wp-json\/wp\/v2\/types\/product"}],"replies":[{"embeddable":true,"href":"https:\/\/www.hydraulic-cylinders.net\/fi\/wp-json\/wp\/v2\/comments?post=15293"}],"wp:featuredmedia":[{"embeddable":true,"href":"https:\/\/www.hydraulic-cylinders.net\/fi\/wp-json\/wp\/v2\/media\/14769"}],"wp:attachment":[{"href":"https:\/\/www.hydraulic-cylinders.net\/fi\/wp-json\/wp\/v2\/media?parent=15293"}],"wp:term":[{"taxonomy":"product_brand","embeddable":true,"href":"https:\/\/www.hydraulic-cylinders.net\/fi\/wp-json\/wp\/v2\/product_brand?post=15293"},{"taxonomy":"product_cat","embeddable":true,"href":"https:\/\/www.hydraulic-cylinders.net\/fi\/wp-json\/wp\/v2\/product_cat?post=15293"},{"taxonomy":"product_tag","embeddable":true,"href":"https:\/\/www.hydraulic-cylinders.net\/fi\/wp-json\/wp\/v2\/product_tag?post=15293"}],"curies":[{"name":"wp","href":"https:\/\/api.w.org\/{rel}","templated":true}]}}