{"id":15294,"date":"2025-01-19T14:20:55","date_gmt":"2025-01-19T14:20:55","guid":{"rendered":"https:\/\/www.hydraulic-cylinders.net\/product\/bucket-cylinder-for-doosan-large-excavator-dx700lc\/"},"modified":"2025-01-19T14:20:57","modified_gmt":"2025-01-19T14:20:57","slug":"bucket-cylinder-for-doosan-large-excavator-dx700lc","status":"publish","type":"product","link":"https:\/\/www.hydraulic-cylinders.net\/fi\/tuote\/bucket-cylinder-for-doosan-large-excavator-dx700lc\/","title":{"rendered":"Kauhan sylinteri Doosanin suurelle kaivinkoneelle DX700LC"},"content":{"rendered":"<h1>Kauhan sylinteri Doosanin suurelle kaivinkoneelle DX700LC<\/h1>\n<h2>Johdanto<\/h2>\n<h3>Mik\u00e4 on kauhan sylinteri?<\/h3>\n<p>Kauhasylinteri on erityisesti suunniteltu hydraulisylinteri, jota k\u00e4ytet\u00e4\u00e4n ensisijaisesti kauhan liikkeen ohjaamiseen raskaissa koneissa, kuten kaivinkoneissa, kaivurikuormaajissa ja etukuormaajissa. Sen ensisijainen teht\u00e4v\u00e4 on mahdollistaa kauhan nostaminen, laskeminen ja kallistaminen, mik\u00e4 helpottaa erilaisten materiaalien kuljettamista. Hydraulij\u00e4rjestelm\u00e4ss\u00e4 kauhasylinteri hy\u00f6dynt\u00e4\u00e4 hydrauli\u00f6ljyn paineenmuutoksia kauhan tarkan ohjauksen saavuttamiseksi, mink\u00e4 ansiosta k\u00e4ytt\u00e4j\u00e4t voivat k\u00e4sitell\u00e4 raskaita kuormia tehokkaasti ja sopeutua monimutkaisiin ty\u00f6ymp\u00e4rist\u00f6ihin ja erilaisiin k\u00e4ytt\u00f6vaatimuksiin.<\/p>\n<p><img decoding=\"async\" src=\"https:\/\/www.hydraulic-cylinders.net\/wp-content\/uploads\/2025\/01\/songte-company-2.webp\" alt=\"Kauhan sylinterin kuva\"><\/p>\n<h2>Ominaisuudet<\/h2>\n<ul>\n<li>Suuri lujuus ja kest\u00e4vyys: Tyypillisesti eritt\u00e4in lujasta ter\u00e4ksest\u00e4 tai alumiinista valmistettu tuote kest\u00e4\u00e4 korkeaa painetta ja raskaita kuormia, sopeutuu vaativiin ty\u00f6ymp\u00e4rist\u00f6ihin ja on suunniteltu kulutus- ja korroosionkest\u00e4vyydell\u00e4 k\u00e4ytt\u00f6i\u00e4n pident\u00e4miseksi.<\/li>\n<li>Tehokas hydraulinen toiminta: K\u00e4ytt\u00e4\u00e4 hydrauli\u00f6ljyn painetta tasaisen ulos- ja sis\u00e4\u00e4nvet\u00e4misen saavuttamiseksi, reagoi nopeasti ohjauskomentoihin, tarjoaa vahvan ty\u00f6nt\u00f6- ja vetovoiman ja soveltuu raskaiden kuormien k\u00e4sittelyyn ja monimutkaisiin k\u00e4ytt\u00f6teht\u00e4viin.<\/li>\n<li>Erilaisia \u200b\u200btyyppej\u00e4: Yksitoimisia (hydraulisesti vain yhteen suuntaan) tai kaksitoimisia (hydraulisesti molempiin suuntiin) sylintereit\u00e4 voidaan valita tarpeen mukaan erilaisten k\u00e4ytt\u00f6vaatimusten t\u00e4ytt\u00e4miseksi. Jotkut mallit ovat teleskooppisia, mik\u00e4 mahdollistaa suuremman jatkeen ilman ulkomittojen kasvua, joten ne sopivat ahtaisiin sovelluksiin.<\/li>\n<\/ul>\n<p>Voimme valmistaa t\u00e4t\u00e4 tuotetta, tuotteemme voi t\u00e4ydellisesti korvata n\u00e4m\u00e4 hydraulisylinterit.<\/p>\n<p><img decoding=\"async\" src=\"https:\/\/www.hydraulic-cylinders.net\/wp-content\/uploads\/2025\/01\/songte-cylinder-head-with-all-kinds-excavator-models.webp\" alt=\"Kauhan sylinterin vaihtokuva\"><\/p>\n<h2>Sovellukset<\/h2>\n<h3>Rakennuslaitteet<\/h3>\n<p>Kaivinkoneissa ne ovat v\u00e4ltt\u00e4m\u00e4tt\u00f6mi\u00e4 maan tai roskien kaivamisessa, lastaamisessa ja siirt\u00e4misess\u00e4. Kaivurikuormaajissa kauhan sylinteri auttaa sek\u00e4 kaivamisessa ett\u00e4 nostamisessa. Maatalouskoneissa sit\u00e4 k\u00e4ytet\u00e4\u00e4n etukuormaajissa maan, hein\u00e4n ja muiden materiaalien kauhaamiseen, nostamiseen ja kuljettamiseen. Kuormaajissa ne auttavat kuormien tehokkaassa nostamisessa ja kippaamisessa.<\/p>\n<h2>Suunnittelun\u00e4k\u00f6kohdat ja valintakriteerit<\/h2>\n<h3>Kantavuus<\/h3>\n<p>Kauhasylinterin kuormankantokyky on ratkaisevan t\u00e4rke\u00e4. Sen on oltava suunniteltu kest\u00e4m\u00e4\u00e4n nostettavan kuorman paino ja hydraulinen paine.<\/p>\n<h3>Tiivistys<\/h3>\n<p>Tiivistys on v\u00e4ltt\u00e4m\u00e4t\u00f6nt\u00e4 hydrauli\u00f6ljyn vuotojen est\u00e4miseksi ja kauhan sylinterin sujuvan toiminnan varmistamiseksi.<\/p>\n<h3>Kest\u00e4vyys<\/h3>\n<p>Kauhasylinteri on suunniteltava kest\u00e4vyys mieless\u00e4 pit\u00e4en, ottaen huomioon kulutuskest\u00e4vyyden ja korroosionkest\u00e4vyyden sen k\u00e4ytt\u00f6i\u00e4n pident\u00e4miseksi.<\/p>\n<h3>Turvallisuus<\/h3>\n<p>Kauhasylinterin on oltava suunniteltu t\u00e4ytt\u00e4m\u00e4\u00e4n koneen ja k\u00e4ytt\u00e4j\u00e4n turvallisuusvaatimukset.<\/p>\n<h3>Huolto<\/h3>\n<p>Kauhasylinterin on oltava suunniteltu helppok\u00e4ytt\u00f6iseksi ja siin\u00e4 on oltava helposti saatavilla olevat osat huoltoa ja korjauksia varten.<\/p>\n<p><img decoding=\"async\" src=\"https:\/\/www.hydraulic-cylinders.net\/wp-content\/uploads\/2025\/01\/songte-oil-pipes-and-spare-parts.webp\" alt=\"Kauhan sylinterin osien kuva\"><\/p>\n<h2>Tiivistys ja voitelu<\/h2>\n<p>K\u00e4ytet\u00e4\u00e4n erilaisia \u200b\u200btiiviste-elementtej\u00e4, kuten m\u00e4nn\u00e4ntiivisteit\u00e4, varren tiivisteit\u00e4 jne. N\u00e4iss\u00e4 tiivisteiss\u00e4 k\u00e4ytet\u00e4\u00e4n kulutusta kest\u00e4vi\u00e4 materiaaleja, kuten polyuretaania ja nitriilikumia. Sylinterin runko ja kierteitetty p\u00e4\u00e4typinta on hienosti k\u00e4sitelty kulutuskest\u00e4vyyden parantamiseksi. Kauhasylinteri vaatii s\u00e4\u00e4nn\u00f6llist\u00e4 voitelua hydrauliikka\u00f6ljyll\u00e4 sujuvan toiminnan varmistamiseksi, ja on t\u00e4rke\u00e4\u00e4 k\u00e4ytt\u00e4\u00e4 oikeaa voitelu\u00f6ljy\u00e4.<\/p>\n<h2>Tarkastus- ja ennaltaehk\u00e4isev\u00e4t huoltotoimenpiteet<\/h2>\n<p>S\u00e4\u00e4nn\u00f6lliset tarkastukset, asianmukainen voitelu, tiivisteiden vaihto ja kalibrointitarkastukset ovat yleisi\u00e4 huoltoteht\u00e4vi\u00e4. Asianmukainen asennus, voitelu ja s\u00e4\u00e4t\u00f6 ovat ratkaisevan t\u00e4rkeit\u00e4. Asennuksen aikana on annettava asianmukaiset kohdistusohjeet ja sylinteri on kiinnitett\u00e4v\u00e4 asianmukaisilla kiinnikkeill\u00e4. Suositeltuja tarkastus-, korjaus- ja vaihtomenettelyj\u00e4 on noudatettava. Saatavilla on varaosia ja korjauspalveluita kauhasylinterin k\u00e4ytt\u00f6i\u00e4n parantamiseksi.<\/p>\n<p><img decoding=\"async\" src=\"https:\/\/www.hydraulic-cylinders.net\/wp-content\/uploads\/2025\/01\/songte-chushion-collar.webp\" alt=\"Kauhan sylinterin huoltokuva\"><\/p>\n<h2>Turvallisuusn\u00e4k\u00f6kohdat ja ymp\u00e4rist\u00f6tekij\u00e4t<\/h2>\n<p>Kauhasylinteri\u00e4 k\u00e4ytett\u00e4ess\u00e4 on noudatettava turvaohjeita, kuten k\u00e4ytett\u00e4v\u00e4 henkil\u00f6nsuojaimia. K\u00e4ytetyn hydrauliikka\u00f6ljyn ja -komponenttien asianmukainen h\u00e4vitt\u00e4minen on varmistettava ymp\u00e4rist\u00f6n suojelemiseksi.<\/p>\n<h2>Diagnoosi ja vianm\u00e4\u00e4ritys<\/h2>\n<p>Kauhasylinterin yleisi\u00e4 ongelmia ovat vuoto, hidas toiminta ja vaurioituneet tiivisteet. Asianmukainen vianm\u00e4\u00e4ritys ja vianetsint\u00e4 ovat v\u00e4ltt\u00e4m\u00e4tt\u00f6mi\u00e4 ongelmien tunnistamiseksi ja ratkaisemiseksi tehokkaasti.<\/p>\n<p>Joitakin vianm\u00e4\u00e4ritysvinkkej\u00e4 ovat vuotojen tarkistaminen, sylinterin kulumisen ja vaurioiden tarkistaminen sek\u00e4 oikean hydraulipaineen ja virtausnopeuden varmistaminen. S\u00e4\u00e4nn\u00f6llinen tarkastus ja huolto voivat auttaa ehk\u00e4isem\u00e4\u00e4n mahdollisia ongelmia.<\/p>\n<p><img decoding=\"async\" src=\"https:\/\/www.hydraulic-cylinders.net\/wp-content\/uploads\/2025\/01\/songte-bushings-with-all-kinds-of-excavator-models.webp\" alt=\"Kauhan sylinterin vianm\u00e4\u00e4rityskuva\"><\/p>\n<h2>Yrityksemme<\/h2>\n<p>Olemme korvaavien hydraulisylinterien valmistaja, ja tuotevalikoimamme on kattava. Olemme yksi johtavista hydraulisylinterien valmistajista ja tukkumyyjist\u00e4 sek\u00e4 kotimaisilla ett\u00e4 kansainv\u00e4lisill\u00e4 markkinoilla. Noudatamme erinomaisen laadun k\u00e4sitett\u00e4 ja luotamme hienostuneiden valmistuspajojen teollisen tuotannon hallintastrategiaan. Parannamme jatkuvasti ty\u00f6pajan valmistusalustaa, t\u00e4ydellist\u00e4mme tuotteiden laatua ja meill\u00e4 on vahvat innovaatiokyvyt. Pyrimme vastaamaan asiakkaidemme monipuolisiin tarpeisiin tehokkaalla, tarkalla ja korkealaatuisella tuotteella.<\/p>\n<p><img decoding=\"async\" src=\"https:\/\/hzpt.com\/wp-content\/uploads\/2024\/11\/songte-company-1.webp\" alt=\"Kauhasylinterin yrityskuva\"><\/p>\n<h3>Ammattimaisuus<\/h3>\n<p>Meill\u00e4 on teknisten asiantuntijoiden tiimi, joka tarjoaa ammattimaisia \u200b\u200bpalveluita, mukaan lukien suunnittelu, tuotanto ja laadunvalvonta, varmistaakseen, ett\u00e4 asiakkaamme saavat parhaat mahdolliset tuotteet ja palvelut.<\/p>\n<h3>Kansainv\u00e4linen sertifiointi<\/h3>\n<p>Tuotteemme ovat l\u00e4p\u00e4isseet kansainv\u00e4liset sertifikaatit, kuten ISO 9001, CE ja SGS, mik\u00e4 varmistaa, ett\u00e4 tuotteemme t\u00e4ytt\u00e4v\u00e4t kansainv\u00e4liset standardit.<\/p>\n<h3>R\u00e4\u00e4t\u00e4l\u00f6intipalvelut<\/h3>\n<p>Tarjoamme r\u00e4\u00e4t\u00e4l\u00f6ityj\u00e4 palveluita, jotka t\u00e4ytt\u00e4v\u00e4t erityisvaatimukset, mukaan lukien koko, v\u00e4ri ja toiminnallisuus, vastataksemme asiakkaidemme monipuolisiin tarpeisiin.<\/p>\n<h3>Tuotantolaitteet<\/h3>\n<p>K\u00e4yt\u00e4mme edistyneit\u00e4 digitaalisia valmistuslaitteita ja ammattimaisia \u200b\u200btestauslaitoksia varmistaaksemme tuotteidemme korkean laadun.<\/p>\n<h3>Myynnin j\u00e4lkeinen palvelu<\/h3>\n<p>Tarjoamme kattavaa huoltopalvelua, mukaan lukien teknist\u00e4 tukea, huoltoa ja korjauspalveluita, varmistaaksemme, ett\u00e4 asiakkaamme saavat oikea-aikaista ja ammattitaitoista palvelua.<\/p>\n<p>Kirjoittaja: lyl.<\/p>","protected":false},"excerpt":{"rendered":"<p>Bucket Cylinder For Doosan Large Excavator DX700LC Introduction What is Bucket Cylinder? The bucket cylinder is a specially designed hydraulic cylinder that is primarily used to control the movement of the bucket in heavy machinery such as excavators, backhoe loaders, and front-end loaders. Its primary function is to allow the bucket to lift, lower, and [&hellip;]<\/p>","protected":false},"featured_media":14765,"comment_status":"open","ping_status":"closed","template":"","meta":{"_et_pb_use_builder":"","_et_pb_old_content":"","_et_gb_content_width":""},"product_brand":[],"product_cat":[1494],"product_tag":[1495,1496],"class_list":{"0":"post-15294","1":"product","2":"type-product","3":"status-publish","4":"has-post-thumbnail","6":"product_cat-bucket-cylinders","7":"product_tag-bucket-cylinders","8":"product_tag-hydraulic-cylinders","10":"first","11":"instock","12":"shipping-taxable","13":"product-type-simple"},"amp_enabled":true,"_links":{"self":[{"href":"https:\/\/www.hydraulic-cylinders.net\/fi\/wp-json\/wp\/v2\/product\/15294","targetHints":{"allow":["GET"]}}],"collection":[{"href":"https:\/\/www.hydraulic-cylinders.net\/fi\/wp-json\/wp\/v2\/product"}],"about":[{"href":"https:\/\/www.hydraulic-cylinders.net\/fi\/wp-json\/wp\/v2\/types\/product"}],"replies":[{"embeddable":true,"href":"https:\/\/www.hydraulic-cylinders.net\/fi\/wp-json\/wp\/v2\/comments?post=15294"}],"wp:featuredmedia":[{"embeddable":true,"href":"https:\/\/www.hydraulic-cylinders.net\/fi\/wp-json\/wp\/v2\/media\/14765"}],"wp:attachment":[{"href":"https:\/\/www.hydraulic-cylinders.net\/fi\/wp-json\/wp\/v2\/media?parent=15294"}],"wp:term":[{"taxonomy":"product_brand","embeddable":true,"href":"https:\/\/www.hydraulic-cylinders.net\/fi\/wp-json\/wp\/v2\/product_brand?post=15294"},{"taxonomy":"product_cat","embeddable":true,"href":"https:\/\/www.hydraulic-cylinders.net\/fi\/wp-json\/wp\/v2\/product_cat?post=15294"},{"taxonomy":"product_tag","embeddable":true,"href":"https:\/\/www.hydraulic-cylinders.net\/fi\/wp-json\/wp\/v2\/product_tag?post=15294"}],"curies":[{"name":"wp","href":"https:\/\/api.w.org\/{rel}","templated":true}]}}