{"id":15295,"date":"2025-01-19T14:20:59","date_gmt":"2025-01-19T14:20:59","guid":{"rendered":"https:\/\/www.hydraulic-cylinders.net\/product\/bucket-cylinder-for-doosan-large-excavator-dh300lc-7\/"},"modified":"2025-01-19T14:21:07","modified_gmt":"2025-01-19T14:21:07","slug":"bucket-cylinder-for-doosan-large-excavator-dh300lc-7","status":"publish","type":"product","link":"https:\/\/www.hydraulic-cylinders.net\/fi\/tuote\/bucket-cylinder-for-doosan-large-excavator-dh300lc-7\/","title":{"rendered":"Kauhan sylinteri Doosanin suurelle kaivinkoneelle DH300LC-7"},"content":{"rendered":"<h1>Kauhan sylinteri Doosanin suurelle kaivinkoneelle DH300LC-7<\/h1>\n<h2>Johdanto<\/h2>\n<h3>Kauhan sylinterin m\u00e4\u00e4rittely<\/h3>\n<p>Kauhasylinteri on erikoishydraulinen sylinteri, jota k\u00e4ytet\u00e4\u00e4n kauhan liikkeen ohjaamiseen raskaissa koneissa, kuten kaivinkoneissa, traktorikaivureissa ja etukuormaajissa. Sen p\u00e4\u00e4teht\u00e4v\u00e4n\u00e4 on mahdollistaa kauhan nostaminen, laskeminen ja kallistaminen, mik\u00e4 helpottaa erilaisia \u200b\u200bmateriaalink\u00e4sittelyteht\u00e4vi\u00e4. Hydraulij\u00e4rjestelm\u00e4ss\u00e4 kauhan sylinteri saavuttaa tarkan kauhan liikkeen hallinnan muuttamalla hydrauli\u00f6ljyn painetta, jolloin k\u00e4ytt\u00e4j\u00e4t voivat k\u00e4sitell\u00e4 raskaita kuormia tehokkaasti ja sopeutua monimutkaisiin ty\u00f6ymp\u00e4rist\u00f6ihin ja erilaisiin k\u00e4ytt\u00f6vaatimuksiin.<\/p>\n<p><img decoding=\"async\" src=\"https:\/\/www.hydraulic-cylinders.net\/wp-content\/uploads\/2025\/01\/songte-company-2.webp\" alt=\"Kauhan sylinterin kuva\"><\/p>\n<h3>Kauhasylinterin ominaisuudet<\/h3>\n<ul>\n<li><strong>Korkea lujuus ja kest\u00e4vyys:<\/strong> Tyypillisesti eritt\u00e4in lujasta ter\u00e4ksest\u00e4 tai alumiinista valmistettu, se kest\u00e4\u00e4 korkeaa painetta ja raskaita kuormia, sopeutuu vaativiin ty\u00f6ymp\u00e4rist\u00f6ihin ja on suunniteltu kulutus- ja korroosionkest\u00e4vyys mieless\u00e4 pit\u00e4en, mik\u00e4 pident\u00e4\u00e4 sen k\u00e4ytt\u00f6ik\u00e4\u00e4.<\/li>\n<li><strong>Tehokas hydraulinen k\u00e4ytt\u00f6:<\/strong> K\u00e4ytt\u00e4m\u00e4ll\u00e4 hydrauli\u00f6ljyn painetta tasaisen pidennys- ja supistumisliikkeen saavuttamiseksi, se voi reagoida nopeasti ohjauskomentoihin ja tarjota tehokkaan ty\u00f6nt\u00f6- ja vetovoiman, mik\u00e4 soveltuu raskaiden kuormien k\u00e4sittelyyn ja monimutkaisiin k\u00e4ytt\u00f6teht\u00e4viin.<\/li>\n<li><strong>Erilaisia \u200b\u200btyyppej\u00e4:<\/strong> Yksitoimisia (hydraulisesti yhteen suuntaan) tai kaksitoimisia (hydraulisesti molempiin suuntiin) sylintereit\u00e4 voidaan valita tarpeiden mukaan erilaisten k\u00e4ytt\u00f6vaatimusten t\u00e4ytt\u00e4miseksi. Jotkut mallit ovat teleskooppisia, mik\u00e4 mahdollistaa suuremman jatkeen ilman ulkomittojen kasvua, ja ne sopivat ahtaisiin k\u00e4ytt\u00f6tarkoituksiin.<\/li>\n<li><strong>Nykyisten sylinterien vaihto:<\/strong> Tuotteemme voivat t\u00e4ydellisesti korvata n\u00e4m\u00e4 hydraulisylinterit.<\/li>\n<\/ul>\n<p><img decoding=\"async\" src=\"https:\/\/www.hydraulic-cylinders.net\/wp-content\/uploads\/2025\/01\/songte-cylinder-head-with-all-kinds-excavator-models.webp\" alt=\"Kauhan sylinterin vaihtokuva\"><\/p>\n<h3>Kauhasylinterin sovellukset<\/h3>\n<p>Kauhan sylinteri on olennainen osa rakennuskoneissa, maatalouskoneissa, kaivinkoneissa ja kuormaajissa. Sen k\u00e4ytt\u00f6kohteita ovat:<\/p>\n<ul>\n<li><strong>Rakennuslaitteet:<\/strong> Kaivinkoneissa niiden on havaittu olevan ratkaisevan t\u00e4rkeit\u00e4 kaivamisessa, lastaamisessa ja maaper\u00e4n tai roskien siirt\u00e4misess\u00e4. Kaivinkoneissa kauhan sylinteri auttaa sek\u00e4 kaivamisessa ett\u00e4 nostamisessa. <\/li>\n<li><strong>Maatalouskoneet:<\/strong> K\u00e4ytet\u00e4\u00e4n etukuormaajissa maaper\u00e4n, hein\u00e4n ja muiden materiaalien kauhaukseen, nostamiseen ja kuljettamiseen. <\/li>\n<li><strong>Kaivinkoneet:<\/strong> Kauhan sylinteri mahdollistaa kaivutoiminnan antamalla kauhan tunkeutua maaper\u00e4\u00e4n.<\/li>\n<li><strong>Kuormaajat:<\/strong> Etukuormaajissa ne auttavat tavaroiden tehokkaassa nostamisessa ja kallistamisessa. <\/li>\n<\/ul>\n<h3>Suunnittelun\u00e4k\u00f6kohdat ja valintakriteerit<\/h3>\n<p>Kauhasylinteri on suunniteltu kest\u00e4m\u00e4\u00e4n korkeaa painetta, tarjoamaan erinomaisen tiiviyden, kest\u00e4vyyden, turvallisuuden ja helpon huollon. Suunnitteluun liittyv\u00e4t n\u00e4k\u00f6kohdat ja valintakriteerit k\u00e4sitell\u00e4\u00e4n alla:<\/p>\n<ul>\n<li><strong>Kantavuus:<\/strong> Sylinterin on oltava suunniteltu kest\u00e4m\u00e4\u00e4n raskaita kuormia ja suuria paineenliikkeit\u00e4 k\u00e4yt\u00f6n aikana.<\/li>\n<li><strong>Tiivistys:<\/strong> Sylinterin on oltava hyvin tiivistetty \u00f6ljyvuotojen est\u00e4miseksi ja tehokkaan toiminnan varmistamiseksi. K\u00e4ytet\u00e4\u00e4n erilaisia \u200b\u200btiivistekomponentteja, kuten m\u00e4nn\u00e4n tiivisterenkaita ja m\u00e4nn\u00e4nvarren tiivisterenkaita, ja kulutusta kest\u00e4vi\u00e4 materiaaleja, kuten polyuretaania ja nitriilikumia, suositaan.<\/li>\n<li><strong>Kest\u00e4vyys:<\/strong> Sylinteri on suunniteltava kulutusta kest\u00e4vist\u00e4 materiaaleista kest\u00e4m\u00e4\u00e4n hankausta ja korroosiota, mik\u00e4 pident\u00e4\u00e4 sen k\u00e4ytt\u00f6ik\u00e4\u00e4.<\/li>\n<li><strong>Turvallisuus:<\/strong> Sylinteri on suunniteltava est\u00e4m\u00e4\u00e4n onnettomuudet k\u00e4yt\u00f6n aikana ja varmistamaan k\u00e4ytt\u00e4j\u00e4n turvallisuus.<\/li>\n<li><strong>Huolto:<\/strong> Sylinterin on oltava suunniteltu siten, ett\u00e4 se on helppo huoltaa ja korjata. Sylinterinkannen, m\u00e4nn\u00e4n ja m\u00e4nn\u00e4nvarren on oltava helposti saavutettavissa, ja sylinterin on oltava helppo purkaa ja koota uudelleen.<\/li>\n<\/ul>\n<p><img decoding=\"async\" src=\"https:\/\/www.hydraulic-cylinders.net\/wp-content\/uploads\/2025\/01\/songte-oil-pipes-and-spare-parts.webp\" alt=\"Kauhan sylinterin huoltokuva\"><\/p>\n<h3>Kauhan sylinterin tiivistys ja voitelu<\/h3>\n<p>Kauhasylinteriss\u00e4 k\u00e4ytet\u00e4\u00e4n erilaisia \u200b\u200btiivistyskomponentteja sen tehokkaan toiminnan yll\u00e4pit\u00e4miseksi. N\u00e4it\u00e4 ovat m\u00e4nn\u00e4n tiivisterenkaat, m\u00e4nn\u00e4nvarren tiivisterenkaat ja muut kulutusta kest\u00e4v\u00e4t materiaalit, jotka kest\u00e4v\u00e4t hankausta ja est\u00e4v\u00e4t \u00f6ljyvuotoja. Sylinterinkansi, m\u00e4nt\u00e4 ja varsi on k\u00e4sitelty niiden kulumis- ja vauriokest\u00e4vyyden parantamiseksi. Sylinteri on voideltava s\u00e4\u00e4nn\u00f6llisesti sopivalla m\u00e4\u00e4r\u00e4ll\u00e4 hydrauli\u00f6ljy\u00e4 sujuvan toiminnan varmistamiseksi.<\/p>\n<h3>Tarkastus- ja ennaltaehk\u00e4isev\u00e4t huoltotoimenpiteet<\/h3>\n<p>S\u00e4\u00e4nn\u00f6lliset tarkastukset ja ennaltaehk\u00e4isev\u00e4t huoltotoimenpiteet ovat v\u00e4ltt\u00e4m\u00e4tt\u00f6mi\u00e4 kauhan sylinterin tehokkaan ja turvallisen toiminnan varmistamiseksi. N\u00e4ihin toimenpiteisiin kuuluvat:<\/p>\n<ul>\n<li><strong>S\u00e4\u00e4nn\u00f6llinen tarkastus:<\/strong> Sylinterin kulumisen tarkistus ja tarvittaessa kuluneiden osien vaihto.<\/li>\n<li><strong>Voitelu:<\/strong> Voitele sylinteri s\u00e4\u00e4nn\u00f6llisesti sopivalla m\u00e4\u00e4r\u00e4ll\u00e4 hydrauli\u00f6ljy\u00e4 varmistaaksesi sujuvan toiminnan ja est\u00e4\u00e4ksesi kulumisen.<\/li>\n<li><strong>Tiivisteiden vaihto ja kalibroinnin tarkistus:<\/strong> Kuluneiden tiivisteosien vaihto ja sylinterin kalibroinnin s\u00e4\u00e4nn\u00f6llinen tarkistus tehokkaan toiminnan varmistamiseksi.<\/li>\n<\/ul>\n<p>Oikea asennus, voitelu ja s\u00e4\u00e4t\u00f6 ovat ratkaisevan t\u00e4rkeit\u00e4 kauhan sylinterin optimaalisen suorituskyvyn varmistamiseksi. Asennuksen aikana on suositeltavaa kohdistaa sylinteri oikein ja k\u00e4ytt\u00e4\u00e4 sopivia asennuskiinnikkeit\u00e4 sylinterin kiinnitt\u00e4miseen. S\u00e4\u00e4nn\u00f6llisi\u00e4 tarkastus-, korjaus- ja vaihtotoimenpiteit\u00e4 suositellaan sylinterin k\u00e4ytt\u00f6i\u00e4n pident\u00e4miseksi ja sen erinomaisen suorituskyvyn yll\u00e4pit\u00e4miseksi.<\/p>\n<p><img decoding=\"async\" src=\"https:\/\/www.hydraulic-cylinders.net\/wp-content\/uploads\/2025\/01\/songte-chushion-collar.webp\" alt=\"Kauhan sylinterin asennuskuva\"><\/p>\n<h3>Turvallisuusn\u00e4k\u00f6kohdat ja ymp\u00e4rist\u00f6tekij\u00e4t<\/h3>\n<p>Turvatoimenpiteet ovat ratkaisevan t\u00e4rkeit\u00e4 k\u00e4ytett\u00e4ess\u00e4 raskaita koneita, kuten kaivinkoneita ja kuormaajia, jotka k\u00e4ytt\u00e4v\u00e4t kauhan sylinteri\u00e4. N\u00e4ihin toimenpiteisiin kuuluvat k\u00e4ytt\u00e4jien asianmukainen koulutus, koneiden ja laitteiden s\u00e4\u00e4nn\u00f6llinen tarkastus sek\u00e4 turvallisuusm\u00e4\u00e4r\u00e4ysten ja -ohjeiden noudattaminen.<\/p>\n<p>Ymp\u00e4rist\u00f6tekij\u00e4t, kuten l\u00e4mp\u00f6tila, kosteus ja altistuminen sy\u00f6vytt\u00e4ville aineille, voivat aiheuttaa merkitt\u00e4vi\u00e4 haasteita kauhasylinterin tehokkaalle toiminnalle. Materiaalien ja suunnittelun\u00e4k\u00f6kohtien, kuten korroosionkest\u00e4vyyden, asianmukainen valinta voi varmistaa optimaalisen suorituskyvyn ankarissa olosuhteissa.<\/p>\n<h3>Yleinen vianm\u00e4\u00e4ritys ja ongelmanratkaisu<\/h3>\n<p>Kauhasylinterin yleisi\u00e4 vikoja ovat \u00f6ljyvuoto, m\u00e4nn\u00e4n ja m\u00e4nn\u00e4nvarren kuluminen sek\u00e4 sylinterinkannen vaurioituminen. N\u00e4iden vikojen diagnosoimiseksi on suositeltavaa suorittaa sylinterin s\u00e4\u00e4nn\u00f6llinen huolto ja tarkastus. Jos vikoja havaitaan, on ryhdytt\u00e4v\u00e4 asianmukaisiin korjaus- ja vaihtotoimenpiteisiin optimaalisen suorituskyvyn varmistamiseksi.<\/p>\n<h3>Yrityksen esittely<\/h3>\n<p>Olemme hydraulisylinterien valmistaja, joka on erikoistunut vaihtosylintereiden tuotantoon. Tuotteemme kattavat laajan valikoiman tyyppej\u00e4, ja olemme yksi johtavista hydraulisylinterien valmistajista ja tukkumyyjist\u00e4 kotimaisilla ja kansainv\u00e4lisill\u00e4 markkinoilla. Noudatamme erinomaisen laadun periaatetta ja luotamme teollistettuihin tuotannonohjausstrategioihin hienostuneissa valmistuspajoissa. K\u00e4ytt\u00e4m\u00e4ll\u00e4 huippuluokan valmistuslaitteita ja ammattimaista testausj\u00e4rjestelm\u00e4\u00e4 parannamme jatkuvasti valmistusymp\u00e4rist\u00f6\u00e4mme tuottaaksemme tehokkaita, tarkkoja ja korkealaatuisia tuotteita, jotka vastaavat asiakkaiden monipuolisiin tarpeisiin.<\/p>\n<p><img decoding=\"async\" src=\"https:\/\/hzpt.com\/wp-content\/uploads\/2024\/11\/songte-company-1.webp\" alt=\"Yrityksen imago\"><\/p>\n<h3>Yrityksemme<\/h3>\n<ul>\n<li><strong>Ammattimaisuus:<\/strong> Meill\u00e4 on ammattilaistiimi, joka on omistautunut tarjoamaan asiakkaillemme korkealaatuisia hydraulisylintereit\u00e4 ja -palveluita.<\/li>\n<li><strong>Kansainv\u00e4linen sertifiointi:<\/strong> Olemme saaneet useita kansainv\u00e4lisi\u00e4 sertifikaatteja, kuten ISO9001 ja CE, varmistaaksemme tuotteidemme laadun.<\/li>\n<li><strong>R\u00e4\u00e4t\u00e4l\u00f6intipalvelut:<\/strong> Tarjoamme hydraulisylintereiden r\u00e4\u00e4t\u00e4l\u00f6intipalveluita asiakkaidemme erityistarpeiden t\u00e4ytt\u00e4miseksi.<\/li>\n<li><strong>Tuotantolaitteet:<\/strong> K\u00e4yt\u00e4mme edistyneit\u00e4 tuotantolaitteita varmistaaksemme tuotteidemme erinomaisen laadun ja tehokkaan tuotannon.<\/li>\n<li><strong>Myynnin j\u00e4lkeiset palvelut:<\/strong> Tarjoamme myynnin j\u00e4lkeisi\u00e4 palveluita, kuten varaosia ja korjauspalveluita, hydraulisylinterin k\u00e4ytt\u00f6i\u00e4n pident\u00e4miseksi.<\/li>\n<\/ul>\n<p><img decoding=\"async\" src=\"https:\/\/www.hydraulic-cylinders.net\/wp-content\/uploads\/2025\/01\/songte-company-3.webp\" alt=\"Yrityspalveluiden kuva\"><\/p>\n<p>Kirjoittaja: lyl.<\/p>","protected":false},"excerpt":{"rendered":"<p>Bucket Cylinder For Doosan Large Excavator DH300LC-7 Introduction Defining Bucket Cylinder A Bucket Cylinder is a specialized hydraulic cylinder used to control the movement of the shovel bucket in heavy machinery such as excavators, backhoe excavators, and front-end loaders. Its main function is to enable the bucket to lift, lower, and tilt, thereby facilitating various [&hellip;]<\/p>","protected":false},"featured_media":14762,"comment_status":"open","ping_status":"closed","template":"","meta":{"_et_pb_use_builder":"","_et_pb_old_content":"","_et_gb_content_width":""},"product_brand":[],"product_cat":[1494],"product_tag":[1495,1496],"class_list":{"0":"post-15295","1":"product","2":"type-product","3":"status-publish","4":"has-post-thumbnail","6":"product_cat-bucket-cylinders","7":"product_tag-bucket-cylinders","8":"product_tag-hydraulic-cylinders","10":"first","11":"instock","12":"shipping-taxable","13":"product-type-simple"},"amp_enabled":true,"_links":{"self":[{"href":"https:\/\/www.hydraulic-cylinders.net\/fi\/wp-json\/wp\/v2\/product\/15295","targetHints":{"allow":["GET"]}}],"collection":[{"href":"https:\/\/www.hydraulic-cylinders.net\/fi\/wp-json\/wp\/v2\/product"}],"about":[{"href":"https:\/\/www.hydraulic-cylinders.net\/fi\/wp-json\/wp\/v2\/types\/product"}],"replies":[{"embeddable":true,"href":"https:\/\/www.hydraulic-cylinders.net\/fi\/wp-json\/wp\/v2\/comments?post=15295"}],"wp:featuredmedia":[{"embeddable":true,"href":"https:\/\/www.hydraulic-cylinders.net\/fi\/wp-json\/wp\/v2\/media\/14762"}],"wp:attachment":[{"href":"https:\/\/www.hydraulic-cylinders.net\/fi\/wp-json\/wp\/v2\/media?parent=15295"}],"wp:term":[{"taxonomy":"product_brand","embeddable":true,"href":"https:\/\/www.hydraulic-cylinders.net\/fi\/wp-json\/wp\/v2\/product_brand?post=15295"},{"taxonomy":"product_cat","embeddable":true,"href":"https:\/\/www.hydraulic-cylinders.net\/fi\/wp-json\/wp\/v2\/product_cat?post=15295"},{"taxonomy":"product_tag","embeddable":true,"href":"https:\/\/www.hydraulic-cylinders.net\/fi\/wp-json\/wp\/v2\/product_tag?post=15295"}],"curies":[{"name":"wp","href":"https:\/\/api.w.org\/{rel}","templated":true}]}}