{"id":15298,"date":"2025-01-19T14:21:17","date_gmt":"2025-01-19T14:21:17","guid":{"rendered":"https:\/\/www.hydraulic-cylinders.net\/product\/bucket-cylinder-for-doosan-large-excavator-dx380lc\/"},"modified":"2025-01-19T14:21:19","modified_gmt":"2025-01-19T14:21:19","slug":"bucket-cylinder-for-doosan-large-excavator-dx380lc","status":"publish","type":"product","link":"https:\/\/www.hydraulic-cylinders.net\/fi\/tuote\/bucket-cylinder-for-doosan-large-excavator-dx380lc\/","title":{"rendered":"Kauhan sylinteri Doosan-kaivukoneelle DX380LC"},"content":{"rendered":"<h2>Johdanto<\/h2>\n<h3>Doosanin suuren kaivinkoneen DX380LC kauhan sylinterin m\u00e4\u00e4ritelm\u00e4<\/h3>\n<p>Doosanin suuren kaivinkoneen DX380LC kauhan sylinteri on erikoishydraulisylinteri, joka on suunniteltu ohjaamaan kauhan liikett\u00e4 raskaissa koneissa, kuten kaivinkoneissa, kaivurikuormaajissa ja etukuormaajissa. Sen p\u00e4\u00e4teht\u00e4v\u00e4n\u00e4 on mahdollistaa kauhan nostaminen, laskeminen ja kallistaminen, mik\u00e4 helpottaa erilaisten materiaalink\u00e4sittelyteht\u00e4vien k\u00e4sittely\u00e4. Hydraulij\u00e4rjestelm\u00e4ss\u00e4 kauhan sylinteri saavuttaa tarkan kauhan hallinnan hydrauli\u00f6ljyn paineen muutosten avulla, mink\u00e4 ansiosta k\u00e4ytt\u00e4j\u00e4t voivat k\u00e4sitell\u00e4 raskaita kuormia tehokkaasti ja sopeutua monimutkaisiin ty\u00f6ymp\u00e4rist\u00f6ihin ja erilaisiin ty\u00f6vaatimuksiin.<\/p>\n<p><img decoding=\"async\" src=\"https:\/\/www.hydraulic-cylinders.net\/wp-content\/uploads\/2025\/01\/songte-company-2.webp\" alt=\"Kauhan sylinteri Doosan-kaivukoneelle DX380LC\"><\/p>\n<h2>Tuotteen ominaisuudet<\/h2>\n<h3>Korkea lujuus ja kest\u00e4vyys<\/h3>\n<p>Doosan DX380LC -kaivukoneen kauhan sylinteri on tyypillisesti valmistettu eritt\u00e4in lujasta ter\u00e4ksest\u00e4 tai alumiinista, ja se kest\u00e4\u00e4 korkeita paineita ja raskaita kuormia ankariin ty\u00f6ymp\u00e4rist\u00f6ihin mukautuen. Sen suunnittelussa on otettu huomioon kulutuskest\u00e4vyys ja korroosionkest\u00e4vyys k\u00e4ytt\u00f6i\u00e4n pident\u00e4miseksi.<\/p>\n<h3>Tehokas hydraulinen k\u00e4ytt\u00f6<\/h3>\n<p>Doosanin suuren kaivinkoneen DX380LC kauhan sylinteri k\u00e4ytt\u00e4\u00e4 hydrauli\u00f6ljyn painetta tasaisten ojennus- ja supistusliikkeiden saavuttamiseksi, mink\u00e4 ansiosta se reagoi nopeasti komentoihin ja tarjoaa tehokkaan ty\u00f6nt\u00f6- ja vetovoiman, joten se soveltuu raskaiden kuormien k\u00e4sittelyyn ja monimutkaisiin ty\u00f6teht\u00e4viin.<\/p>\n<h3>Erilaisia \u200b\u200btyyppej\u00e4<\/h3>\n<p>Doosan DX380LC -kaivukoneen kauhan sylinteri on saatavana yksitoimisina (hydraulisesti vain yhteen suuntaan) tai kaksitoimisina (hydraulisesti kahteen suuntaan) sylinterein\u00e4 erilaisten k\u00e4ytt\u00f6vaatimusten t\u00e4ytt\u00e4miseksi. Jotkut mallit ovat teleskooppisia, mik\u00e4 mahdollistaa suuremman jatkeen ilman ulkoisen koon kasvua, joten ne sopivat ahtaisiin sovelluksiin.<\/p>\n<h3>Saatavuus tuotantoon<\/h3>\n<p>Voimme valmistaa kauhan sylinterin Doosan Large Excavator DX380LC:lle, ja tuotteemme voi t\u00e4ydellisesti korvata n\u00e4m\u00e4 hydraulisylinterit.<\/p>\n<p><img decoding=\"async\" src=\"https:\/\/www.hydraulic-cylinders.net\/wp-content\/uploads\/2025\/01\/songte-cylinder-head-with-all-kinds-excavator-models.webp\" alt=\"Kauhan sylinteri Doosan-kaivukoneelle DX380LC\"><\/p>\n<h2>Sovellukset<\/h2>\n<p>Doosanin suuren kaivinkoneen DX380LC kauhan sylinteri\u00e4 k\u00e4ytet\u00e4\u00e4n erilaisissa laitteissa, kuten:<\/p>\n<ul>\n<li>Rakennuslaitteet: Kaivinkoneissa ne ovat kriittisi\u00e4 kaivamisessa, lastaamisessa ja maaper\u00e4n tai roskien siirt\u00e4misess\u00e4. Kaivurikuormaajissa kauhan sylinteri auttaa kaivamisessa ja nostamisessa. <\/li>\n<li>Maatalouskoneet: K\u00e4ytet\u00e4\u00e4n etukuormaajissa maaper\u00e4n, hein\u00e4n ja muiden materiaalien kauhaukseen, nostamiseen ja kuljettamiseen.<\/li>\n<li>Kaivinkoneet: Kauhan sylinteri saavuttaa kaivuliikkeen antamalla kauhan tunkeutua maaper\u00e4\u00e4n.<\/li>\n<li>Kuormaajat: Etukuormaajissa ne auttavat tavaroiden tehokkaassa nostamisessa ja kallistamisessa.<\/li>\n<\/ul>\n<p>Tarkastellaanpa kutakin sovellusta tarkemmin:<\/p>\n<h3>Rakennuslaitteet<\/h3>\n<p>Kaivinkoneissa Doosan DX380LC -suurkaivukoneen kauhansylinteri on ratkaisevan t\u00e4rke\u00e4 kaivamisessa, lastaamisessa ja maaper\u00e4n tai roskien siirt\u00e4misess\u00e4. Se tarjoaa tarvittavan voiman kauhan liikuttamiseen yl\u00f6s, alas ja kallistamiseen, mik\u00e4 helpottaa koneenkuljettajan ty\u00f6skentely\u00e4 n\u00e4iss\u00e4 teht\u00e4viss\u00e4. Kaivurikuormaajissa kauhansylinteri auttaa kaivamisessa ja nostamisessa. Se mahdollistaa kauhan tunkeutumisen maaper\u00e4\u00e4n ja kuorman tehokkaan nostamisen.<\/p>\n<h3>Maatalouskoneet<\/h3>\n<p>Doosan DX380LC -kaivukoneen kauhansylinteri\u00e4 k\u00e4ytet\u00e4\u00e4n etukuormaajissa maaper\u00e4n, hein\u00e4n ja muiden materiaalien kauhaukseen, nostamiseen ja kuljettamiseen. Kauhansylinterin tasaiset pidennys- ja supistusliikkeet mahdollistavat maatalouskoneiden k\u00e4ytt\u00e4jien raskaiden kuormien helpon nostamisen ja kuljettamisen.<\/p>\n<h3>Kaivinkoneet<\/h3>\n<p>Kaivinkoneissa kauhan sylinteri saavuttaa kaivuliikkeen antamalla kauhan tunkeutua maaper\u00e4\u00e4n. Se tarjoaa tarvittavan voiman kauhan liikuttamiseen yl\u00f6s, alas ja kallistamiseen, mik\u00e4 helpottaa koneenkuljettajan n\u00e4iden teht\u00e4vien suorittamista.<\/p>\n<h3>Kuormaajat<\/h3>\n<p>Etukuormaajissa Doosan DX380LC -kaivukoneen kauhan sylinteri auttaa tavaroiden tehokkaassa nostamisessa ja kallistamisessa. Sen avulla k\u00e4ytt\u00e4j\u00e4 voi nostaa raskaita kuormia ja siirt\u00e4\u00e4 ne aiottuun kohteeseensa tarjoamalla tarvittavan voiman nostamiseen ja kallistamiseen.<\/p>\n<h2>Suunnittelun\u00e4k\u00f6kohdat ja valintakriteerit<\/h2>\n<p>Doosanin suuren kaivinkoneen DX380LC kauhan sylinterin suunnittelussa on useita keskeisi\u00e4 n\u00e4k\u00f6kohtia:<\/p>\n<h3>Kantavuus<\/h3>\n<p>Doosan DX380LC -kaivukoneen kauhan sylinteri on suunniteltu kest\u00e4m\u00e4\u00e4n korkeita paineita ja raskaita kuormia. Sellaisenaan sen on kestett\u00e4v\u00e4 k\u00e4sill\u00e4 olevan teht\u00e4v\u00e4n vaatimat voimat.<\/p>\n<h3>Tiivistys<\/h3>\n<p>Doosanin suuren kaivinkoneen DX380LC kauhan sylinteriss\u00e4 on erilaisia \u200b\u200btiivisteit\u00e4, kuten m\u00e4nn\u00e4ntiivisteit\u00e4, varren tiivisteit\u00e4 jne., jotka on valmistettu kulutusta kest\u00e4vist\u00e4 materiaaleista, kuten polyuretaanista ja nitriilikumista. Sylinterin runko ja kierteiden p\u00e4\u00e4typinnat on hienosti k\u00e4sitelty kulutuskest\u00e4vyyden lis\u00e4\u00e4miseksi. Sylinteri vaatii s\u00e4\u00e4nn\u00f6llist\u00e4 voitelua hydrauli\u00f6ljyll\u00e4, jotta se toimii oikein ja k\u00e4ytt\u00f6ik\u00e4 pitenee.<\/p>\n<h3>Kest\u00e4vyys<\/h3>\n<p>Doosan DX380LC -kaivukoneen kauhan sylinteri on suunniteltu kest\u00e4v\u00e4ksi, kulumis- ja korroosionkest\u00e4v\u00e4ksi. Se kest\u00e4\u00e4 vaativia ty\u00f6ymp\u00e4rist\u00f6j\u00e4 ja s\u00e4ilytt\u00e4\u00e4 toimivuutensa ajan kuluessa.<\/p>\n<h3>Turvallisuus<\/h3>\n<p>Doosanin suuren kaivinkoneen DX380LC kauhan sylinteri on suunniteltava turvallisuus mieless\u00e4 varmistaen, ett\u00e4 se t\u00e4ytt\u00e4\u00e4 kaikki turvallisuusvaatimukset ja est\u00e4\u00e4 mahdolliset onnettomuudet k\u00e4yt\u00f6n aikana.<\/p>\n<h3>Yll\u00e4pidett\u00e4vyys<\/h3>\n<p>Doosanin suuren kaivinkoneen DX380LC kauhan sylinterin on oltava suunniteltu helposti huollettavaksi, jotta se voidaan tarkistaa ja korjata s\u00e4\u00e4nn\u00f6llisesti tarpeen mukaan, mik\u00e4 v\u00e4hent\u00e4\u00e4 seisokkiaikoja ja lis\u00e4\u00e4 tuottavuutta.<\/p>\n<p><img decoding=\"async\" src=\"https:\/\/www.hydraulic-cylinders.net\/wp-content\/uploads\/2025\/01\/songte-oil-pipes-and-spare-parts.webp\" alt=\"Kauhan sylinteri Doosan-kaivukoneelle DX380LC\"><\/p>\n<h2>Tiivistys ja voitelu<\/h2>\n<p>Doosan DX380LC -kaivukoneen kauhan sylinteriss\u00e4 on erilaisia \u200b\u200btiivisteit\u00e4, kuten m\u00e4nn\u00e4ntiivisteit\u00e4, varren tiivisteit\u00e4 jne., jotka on valmistettu kulutusta kest\u00e4vist\u00e4 materiaaleista, kuten polyuretaanista ja nitriilikumista. Sylinterin runko ja kierteiden p\u00e4\u00e4typinnat on hienosti k\u00e4sitelty kulutuskest\u00e4vyyden lis\u00e4\u00e4miseksi. Suosittelemme sylinterin s\u00e4\u00e4nn\u00f6llist\u00e4 voitelua hydrauli\u00f6ljyll\u00e4 sen moitteettoman toiminnan yll\u00e4pit\u00e4miseksi ja k\u00e4ytt\u00f6i\u00e4n pident\u00e4miseksi.<\/p>\n<h2>S\u00e4\u00e4nn\u00f6llinen tarkastus ja ennaltaehk\u00e4isev\u00e4 huolto<\/h2>\n<p>Suosittelemme s\u00e4\u00e4nn\u00f6llisi\u00e4 tarkastuksia ja ennaltaehk\u00e4isev\u00e4\u00e4 huoltoa pit\u00e4\u00e4ksesi Doosan DX380LC -kaivukoneen kauhan sylinterin optimaalisessa toimintakunnossa. N\u00e4ihin teht\u00e4viin kuuluvat:<\/p>\n<ul>\n<li>S\u00e4\u00e4nn\u00f6llinen voitelu<\/li>\n<li>Tiivisteen vaihto<\/li>\n<li>Kalibrointitarkistus<\/li>\n<\/ul>\n<p>On t\u00e4rke\u00e4\u00e4 asentaa, voidella ja s\u00e4\u00e4t\u00e4\u00e4 Doosan Large Excavator DX380LC -kaivukoneen kauhan sylinteri oikein. Suosittelemme sylinterin oikeaa kohdistamista asennuksen aikana ja sopivien asennuskiinnikkeiden k\u00e4ytt\u00f6\u00e4 sylinterin kiinnitt\u00e4miseksi. Suosittelemme my\u00f6s noudattamaan suosittelemiamme tarkastus-, korjaus- ja vaihtomenettelyj\u00e4 sylinterin k\u00e4ytt\u00f6i\u00e4n pident\u00e4miseksi.<\/p>\n<p><img decoding=\"async\" src=\"https:\/\/www.hydraulic-cylinders.net\/wp-content\/uploads\/2025\/01\/songte-chushion-collar.webp\" alt=\"Kauhan sylinteri Doosan-kaivukoneelle DX380LC\"><\/p>\n<h2>Turvallisuusn\u00e4k\u00f6kohdat ja ymp\u00e4rist\u00f6tekij\u00e4t<\/h2>\n<p>K\u00e4ytett\u00e4ess\u00e4 Doosanin suuren kaivinkoneen DX380LC kauhan sylinteri\u00e4 on t\u00e4rke\u00e4\u00e4 noudattaa kaikkia turvallisuusohjeita onnettomuuksien v\u00e4ltt\u00e4miseksi. On my\u00f6s t\u00e4rke\u00e4\u00e4 ottaa huomioon ymp\u00e4rist\u00f6tekij\u00e4t, kuten k\u00e4ytetyn hydrauliikka\u00f6ljyn asianmukainen h\u00e4vitt\u00e4minen ja \u00f6ljyvuotojen est\u00e4minen saastuttamasta ymp\u00e4rist\u00f6\u00e4.<\/p>\n<h2>Vianm\u00e4\u00e4ritys ja yleiset ongelmat<\/h2>\n<p>Doosan DX380LC -kaivukoneen kauhan sylinterin yleisi\u00e4 ongelmia ovat huono jatke ja supistuminen, \u00f6ljynvuoto ja ep\u00e4normaalit \u00e4\u00e4net. N\u00e4m\u00e4 ongelmat voidaan diagnosoida ja ratkaista tarkistamalla kuluminen, varmistamalla asianmukainen voitelu ja vaihtamalla kuluneet tiivisteet tarvittaessa.<\/p>\n<p>S\u00e4\u00e4nn\u00f6lliset tarkastukset ja ennakoiva huolto voivat auttaa minimoimaan mahdolliset ongelmat.<\/p>\n<p><img decoding=\"async\" src=\"https:\/\/www.hydraulic-cylinders.net\/wp-content\/uploads\/2025\/01\/songte-bushings-with-all-kinds-of-excavator-models.webp\" alt=\"Kauhan sylinteri Doosan-kaivukoneelle DX380LC\"><\/p>\n<h2>Yrityksen yleiskatsaus<\/h2>\n<p>Olemme hydraulisylintereiden valmistaja, mukaan lukien Doosan DX380LC -kaivukoneen kauhasylinterit. Tarjoamme t\u00e4yden valikoiman tuotteita ja olemme yksi johtavista hydraulisylintereiden valmistajista ja tukkumyyjist\u00e4 kotimaisilla ja kansainv\u00e4lisill\u00e4 markkinoilla. Tuotannonohjausstrategiamme perustuu erinomaiseen laatuun, hienon valmistusty\u00f6pajan hy\u00f6dynt\u00e4miseen, teknologia-ammattilaisten palkkaamiseen, digitalisoituihin huippuluokan valmistuslaitteisiin ja ammattimaiseen testausj\u00e4rjestelm\u00e4\u00e4n, joiden avulla parannamme jatkuvasti valmistusymp\u00e4rist\u00f6\u00e4mme, tehostamme tuotteidemme laatua ja meill\u00e4 on vahva luomiskyky. Pyrimme vastaamaan asiakkaiden monimuotoisiin tarpeisiin tehokkaalla, tarkalla ja laadukkaalla toiminnalla.<\/p>\n<p>Tarjoamme r\u00e4\u00e4t\u00e4l\u00f6ityj\u00e4 palveluita, korkealaatuisia tuotteita ja erilaisia \u200b\u200btuotantolaitteita. Tarjoamme my\u00f6s erinomaista j\u00e4lkimarkkinointipalvelua asiakastyytyv\u00e4isyyden varmistamiseksi.<\/p>\n<p><img decoding=\"async\" src=\"https:\/\/hzpt.com\/wp-content\/uploads\/2024\/11\/songte-company-1.webp\" alt=\"Kauhan sylinteri Doosan-kaivukoneelle DX380LC\"><\/p>\n<p>Yrityksemme on kansainv\u00e4lisesti sertifioitu ja tarjoamme ammattimaisia \u200b\u200bja korkealaatuisia valmistuspalveluita. Meill\u00e4 on kokeneiden ammattilaisten tiimi, joka voi tarjota r\u00e4\u00e4t\u00e4l\u00f6ityj\u00e4 ratkaisuja asiakkaiden erityistarpeisiin. Tarjoamme my\u00f6s hydraulisylintereiden huoltoa, korjausta ja varaosia.<\/p>\n<h2>Kirjoittaja<\/h2>\n<p>Kirjoittaja: lyl<\/p>","protected":false},"excerpt":{"rendered":"<p>Introduction Definition of Bucket Cylinder For Doosan Large Excavator DX380LC The Bucket Cylinder For Doosan Large Excavator DX380LC is a specialized hydraulic cylinder designed to control the movement of the bucket in heavy machinery such as excavators, backhoe loaders, and front-end loaders. Its main function is to enable the bucket to lift, lower, and tilt, [&hellip;]<\/p>","protected":false},"featured_media":14788,"comment_status":"open","ping_status":"closed","template":"","meta":{"_et_pb_use_builder":"","_et_pb_old_content":"","_et_gb_content_width":""},"product_brand":[],"product_cat":[1494],"product_tag":[1495,1496],"class_list":{"0":"post-15298","1":"product","2":"type-product","3":"status-publish","4":"has-post-thumbnail","6":"product_cat-bucket-cylinders","7":"product_tag-bucket-cylinders","8":"product_tag-hydraulic-cylinders","10":"first","11":"instock","12":"shipping-taxable","13":"product-type-simple"},"amp_enabled":true,"_links":{"self":[{"href":"https:\/\/www.hydraulic-cylinders.net\/fi\/wp-json\/wp\/v2\/product\/15298","targetHints":{"allow":["GET"]}}],"collection":[{"href":"https:\/\/www.hydraulic-cylinders.net\/fi\/wp-json\/wp\/v2\/product"}],"about":[{"href":"https:\/\/www.hydraulic-cylinders.net\/fi\/wp-json\/wp\/v2\/types\/product"}],"replies":[{"embeddable":true,"href":"https:\/\/www.hydraulic-cylinders.net\/fi\/wp-json\/wp\/v2\/comments?post=15298"}],"wp:featuredmedia":[{"embeddable":true,"href":"https:\/\/www.hydraulic-cylinders.net\/fi\/wp-json\/wp\/v2\/media\/14788"}],"wp:attachment":[{"href":"https:\/\/www.hydraulic-cylinders.net\/fi\/wp-json\/wp\/v2\/media?parent=15298"}],"wp:term":[{"taxonomy":"product_brand","embeddable":true,"href":"https:\/\/www.hydraulic-cylinders.net\/fi\/wp-json\/wp\/v2\/product_brand?post=15298"},{"taxonomy":"product_cat","embeddable":true,"href":"https:\/\/www.hydraulic-cylinders.net\/fi\/wp-json\/wp\/v2\/product_cat?post=15298"},{"taxonomy":"product_tag","embeddable":true,"href":"https:\/\/www.hydraulic-cylinders.net\/fi\/wp-json\/wp\/v2\/product_tag?post=15298"}],"curies":[{"name":"wp","href":"https:\/\/api.w.org\/{rel}","templated":true}]}}