{"id":15299,"date":"2025-01-19T14:21:21","date_gmt":"2025-01-19T14:21:21","guid":{"rendered":"https:\/\/www.hydraulic-cylinders.net\/product\/bucket-cylinder-for-doosan-large-excavator-dh300lc\/"},"modified":"2025-01-19T14:21:23","modified_gmt":"2025-01-19T14:21:23","slug":"bucket-cylinder-for-doosan-large-excavator-dh300lc","status":"publish","type":"product","link":"https:\/\/www.hydraulic-cylinders.net\/fi\/tuote\/bucket-cylinder-for-doosan-large-excavator-dh300lc\/","title":{"rendered":"Kauhan sylinteri Doosanin suurelle kaivinkoneelle DH300LC"},"content":{"rendered":"<h1>Kauhan sylinteri Doosanin suurelle kaivinkoneelle DH300LC<\/h1>\n<h2>Johdanto<\/h2>\n<p>Doosanin suuren kaivinkoneen DH300LC kauhan sylinteri on erityisesti suunniteltu hydraulisylinteri, jota k\u00e4ytet\u00e4\u00e4n kauhan liikkeen ohjaamiseen raskaissa koneissa, kuten kaivinkoneissa, traktorikaivureissa ja etukuormaajissa. Sen p\u00e4\u00e4teht\u00e4v\u00e4n\u00e4 on mahdollistaa kauhan nostaminen, laskeminen ja kallistaminen, mik\u00e4 helpottaa erilaisten materiaalink\u00e4sittelyteht\u00e4vien k\u00e4sittely\u00e4. Hydraulij\u00e4rjestelm\u00e4ss\u00e4 kauhan sylinteri saavuttaa tarkan kauhan liikkeen hallinnan hydrauli\u00f6ljyn paineen muutosten avulla, mink\u00e4 ansiosta k\u00e4ytt\u00e4j\u00e4t voivat k\u00e4sitell\u00e4 raskaita kuormia tehokkaasti ja sopeutua monimutkaisiin ty\u00f6ymp\u00e4rist\u00f6ihin ja erilaisiin k\u00e4ytt\u00f6vaatimuksiin.<\/p>\n<p><img decoding=\"async\" src=\"https:\/\/www.hydraulic-cylinders.net\/wp-content\/uploads\/2025\/01\/songte-company-2.webp\" alt=\"Kauhan sylinteri Doosanin suurelle kaivinkoneelle DH300LC\"><\/p>\n<h2>Ominaisuudet<\/h2>\n<ul>\n<li>Suuri lujuus ja kest\u00e4vyys: Tyypillisesti eritt\u00e4in lujasta ter\u00e4ksest\u00e4 tai alumiinista valmistettu tuote kest\u00e4\u00e4 korkeaa painetta ja raskaita kuormia ja sopii vaativiin ty\u00f6ymp\u00e4rist\u00f6ihin. Sen suunnittelussa on otettu huomioon kulumiskest\u00e4vyys ja korroosionkest\u00e4vyys, mik\u00e4 pident\u00e4\u00e4 sen k\u00e4ytt\u00f6ik\u00e4\u00e4.<\/li>\n<li>Tehokas hydraulinen toiminta: Tasaiset ojennus- ja supistusliikkeet saavutetaan hydrauli\u00f6ljyn paineen avulla. Se reagoi nopeasti ohjauskomentoihin, tarjoaa tehokkaita ty\u00f6nt\u00f6- ja vetovoimia ja soveltuu raskaiden kuormien k\u00e4sittelyyn ja monimutkaisiin operaatioihin.<\/li>\n<li>Erilaisia \u200b\u200btyyppej\u00e4: Yksitoimisia (hydraulisesti vain yhteen suuntaan) tai kaksitoimisia (hydraulisesti molempiin suuntiin) sylintereit\u00e4 voidaan valita tarpeiden mukaan erilaisten k\u00e4ytt\u00f6vaatimusten t\u00e4ytt\u00e4miseksi. Jotkut mallit ovat teleskooppisia, mik\u00e4 mahdollistaa suuremman jatkeen ilman ulkomittojen kasvua, mik\u00e4 sopii sovelluksiin, joissa on rajoitetusti tilaa.<\/li>\n<li>Yrityksemme voi tuottaa: Tuotteemme voivat t\u00e4ydellisesti korvata n\u00e4m\u00e4 hydraulisylinterit.<\/li>\n<\/ul>\n<p><img decoding=\"async\" src=\"https:\/\/www.hydraulic-cylinders.net\/wp-content\/uploads\/2025\/01\/songte-cylinder-head-with-all-kinds-excavator-models.webp\" alt=\"Kauhan sylinteri Doosanin suurelle kaivinkoneelle DH300LC\"><\/p>\n<h2>Sovellukset<\/h2>\n<p>Doosanin suuren kaivinkoneen DH300LC kauhan sylinteri\u00e4 k\u00e4ytet\u00e4\u00e4n laajalti eri teollisuudenaloilla, mukaan lukien:<\/p>\n<ul>\n<li>Rakennuslaitteet: Kaivinkoneissa ne ovat v\u00e4ltt\u00e4m\u00e4tt\u00f6mi\u00e4 maan tai roskien kaivamiseen, lastaamiseen ja siirt\u00e4miseen. Kaivinkoneissa kauhan sylinteri auttaa sek\u00e4 kaivamisessa ett\u00e4 nostamisessa. <\/li>\n<li>Maatalouskoneet: K\u00e4ytet\u00e4\u00e4n etukuormaajissa maan, hein\u00e4n ja muiden materiaalien kaivamiseen, nostamiseen ja kuljettamiseen. <\/li>\n<li>Kaivinkoneet: Kauhan sylinteri mahdollistaa kaivamisen antamalla kauhan tunkeutua maaper\u00e4\u00e4n. <\/li>\n<li>Kuormaajat: Etukuormaajissa ne auttavat nostamaan ja kippaamaan tavaroita tehokkaasti. <\/li>\n<\/ul>\n<h2>Suunnittelun\u00e4k\u00f6kohdat ja valintakriteerit<\/h2>\n<p>Doosanin suuren kaivinkoneen DH300LC kauhan sylinterill\u00e4 on seuraavat suunnittelun\u00e4k\u00f6kohdat ja valintakriteerit:<\/p>\n<ul>\n<li>Kantavuus: Sylinterin on kyett\u00e4v\u00e4 tukemaan kuormaa ankarissa ty\u00f6ymp\u00e4rist\u00f6iss\u00e4. <\/li>\n<li>Tiivistys: Hydraulinesteen vuotamisen est\u00e4miseksi k\u00e4ytet\u00e4\u00e4n erilaisia \u200b\u200btiivistyselementtej\u00e4, kuten m\u00e4nn\u00e4ntiivisteit\u00e4 ja varren tiivisteit\u00e4. <\/li>\n<li>Kest\u00e4vyys: Tuotteen elinkaaren pident\u00e4miseksi k\u00e4ytet\u00e4\u00e4n materiaaleja, kuten suurlujuuster\u00e4st\u00e4 tai alumiinia, sek\u00e4 pinnoitteita. <\/li>\n<li>Turvallisuus: Turvaominaisuuksia, kuten paineenalennusventtiilej\u00e4, k\u00e4ytet\u00e4\u00e4n turvallisen ja luotettavan toiminnan varmistamiseksi. <\/li>\n<li>Huolto: Helposti vaihdettavat komponentit ja yksinkertaiset huoltotoimenpiteet v\u00e4hent\u00e4v\u00e4t seisokkiaikoja. <\/li>\n<\/ul>\n<p><img decoding=\"async\" src=\"https:\/\/www.hydraulic-cylinders.net\/wp-content\/uploads\/2025\/01\/songte-oil-pipes-and-spare-parts.webp\" alt=\"Kauhan sylinteri Doosanin suurelle kaivinkoneelle DH300LC\"><\/p>\n<h2>Tiivistys ja voitelu<\/h2>\n<p>Doosanin suuren kaivinkoneen DH300LC kauhan sylinteri vaatii erilaisia \u200b\u200btiiviste-elementtej\u00e4, kuten m\u00e4nn\u00e4ntiivisteit\u00e4 ja varren tiivisteit\u00e4, hydraulinesteen vuotamisen est\u00e4miseksi. Tiivisteiss\u00e4 k\u00e4ytet\u00e4\u00e4n kest\u00e4vi\u00e4 materiaaleja, kuten polyuretaania ja nitriilikumia, kulutuskest\u00e4vyyden varmistamiseksi. Sylinterin runko ja kierteiden p\u00e4\u00e4typinnat on hienosti k\u00e4sitelty kulutuskest\u00e4vyyden parantamiseksi. S\u00e4\u00e4nn\u00f6llinen voitelu hydrauli\u00f6ljyll\u00e4 on v\u00e4ltt\u00e4m\u00e4t\u00f6nt\u00e4 sujuvan toiminnan varmistamiseksi. <\/p>\n<h2>Huolto ja korjaus<\/h2>\n<p>Seuraavia huolto- ja korjaust\u00f6it\u00e4 suositellaan:<\/p>\n<ul>\n<li>S\u00e4\u00e4nn\u00f6llinen tarkastus<\/li>\n<li>S\u00e4\u00e4nn\u00f6llinen voitelu<\/li>\n<li>Tiivisteen vaihto<\/li>\n<li>Kalibrointitarkistus<\/li>\n<\/ul>\n<p>Oikea asennus on v\u00e4ltt\u00e4m\u00e4t\u00f6nt\u00e4 asianmukaisen toiminnan varmistamiseksi. On suositeltavaa k\u00e4ytt\u00e4\u00e4 sopivia asennuskiinnikkeit\u00e4 sylinterin kiinnitt\u00e4miseen ja sylinterin kohdistamiseen. S\u00e4\u00e4nn\u00f6llinen tarkastus, korjaus ja osien vaihto on v\u00e4ltt\u00e4m\u00e4t\u00f6nt\u00e4 sylinterin k\u00e4ytt\u00f6i\u00e4n pident\u00e4miseksi. <\/p>\n<p><img decoding=\"async\" src=\"https:\/\/www.hydraulic-cylinders.net\/wp-content\/uploads\/2025\/01\/songte-chushion-collar.webp\" alt=\"Kauhan sylinteri Doosanin suurelle kaivinkoneelle DH300LC\"><\/p>\n<h2>Turvallisuus- ja ymp\u00e4rist\u00f6n\u00e4k\u00f6kohdat<\/h2>\n<p>K\u00e4ytett\u00e4ess\u00e4 Doosanin suuren kaivinkoneen DH300LC kauhan sylinteri\u00e4, on t\u00e4rke\u00e4\u00e4 noudattaa turvatoimia, kuten suojavarusteiden k\u00e4ytt\u00f6\u00e4 ja oikeiden k\u00e4ytt\u00f6menetelmien noudattamista, onnettomuuksien ja vammojen v\u00e4ltt\u00e4miseksi. Ymp\u00e4rist\u00f6n\u00e4k\u00f6kohdat, kuten k\u00e4ytetyn hydrauliikka\u00f6ljyn asianmukainen h\u00e4vitt\u00e4minen, ovat olennaisia \u200b\u200bymp\u00e4rist\u00f6n saastumisen v\u00e4ltt\u00e4miseksi.<\/p>\n<h2>Yleisi\u00e4 vikoja ja vianm\u00e4\u00e4ritys<\/h2>\n<p>Doosan DH300LC -kaivukoneen kauhan sylinterin yleisi\u00e4 vikoja ovat vuoto, alhainen paine ja hidas toiminta. Seuraavassa on vinkkej\u00e4 ongelmien diagnosointiin ja ratkaisemiseen:<\/p>\n<ul>\n<li>Vuoto: Tarkista tiivisteet ja vaihda ne tarvittaessa. <\/li>\n<li>Matala paine: Tarkista hydrauliikkaj\u00e4rjestelm\u00e4 ja sylinteri vuotojen tai tukosten varalta. <\/li>\n<li>Hidas k\u00e4ynti: Tarkista hydrauliventtiili ja hydrauli\u00f6ljyn virtausnopeus. <\/li>\n<\/ul>\n<p>Ennaltaehk\u00e4isev\u00e4t toimenpiteet, kuten s\u00e4\u00e4nn\u00f6llinen huolto ja tarkastus, voivat minimoida mahdolliset ongelmat.<\/p>\n<p><img decoding=\"async\" src=\"https:\/\/www.hydraulic-cylinders.net\/wp-content\/uploads\/2025\/01\/songte-bushings-with-all-kinds-of-excavator-models.webp\" alt=\"Kauhan sylinteri Doosanin suurelle kaivinkoneelle DH300LC\"><\/p>\n<h2>Tietoa yrityksest\u00e4mme<\/h2>\n<p>Olemme hydraulisylinterien valmistaja, joka on erikoistunut hydraulisylinterien vaihtoon. Yrityksemme tarjoaa t\u00e4yden valikoiman tuotteita ja on yksi johtavista hydraulisylinterien valmistajista ja tukkumyyjist\u00e4 kotimaisilla ja kansainv\u00e4lisill\u00e4 markkinoilla. Noudatamme erinomaisen laadun periaatetta, luotamme hienovalmistusty\u00f6pajan teollistettuun tuotannonohjausstrategiaan ja parannamme jatkuvasti ty\u00f6pajan valmistusalustaa teknologisen osaamisen, digitaalisten huippuluokan valmistuslaitteiden ja ammattimaisten testausj\u00e4rjestelmien avulla. Meill\u00e4 on vahva luova kyky ja voimme tarjota asiakkaille tehokkaita, tarkkoja ja korkealaatuisia tuotteita erilaisiin tarpeisiin.<\/p>\n<h3>Ammattimaisuus<\/h3>\n<p>Meill\u00e4 on ammattilaistiimi, joka on omistautunut tarjoamaan asiakkaillemme korkealaatuisia tuotteita ja palveluita.<\/p>\n<h3>Kansainv\u00e4linen sertifiointi<\/h3>\n<p>Yrityksemme on saanut kansainv\u00e4lisen sertifikaatin tuotteiden laadun varmistamiseksi.<\/p>\n<h3>R\u00e4\u00e4t\u00e4l\u00f6intipalvelut<\/h3>\n<p>Tarjoamme r\u00e4\u00e4t\u00e4l\u00f6intipalveluita asiakkaiden ainutlaatuisten tarpeiden t\u00e4ytt\u00e4miseksi.<\/p>\n<h3>Tuotantolaitteet<\/h3>\n<p>Meill\u00e4 on edistyneet tuotantolaitteet tuotteiden laadun ja tehokkuuden varmistamiseksi.<\/p>\n<h3>Myynnin j\u00e4lkeiset palvelut<\/h3>\n<p>Tarjoamme kattavia j\u00e4lkimarkkinointipalveluita asiakastyytyv\u00e4isyyden varmistamiseksi.<\/p>\n<p><img decoding=\"async\" src=\"https:\/\/hzpt.com\/wp-content\/uploads\/2024\/11\/songte-company-1.webp\" alt=\"Kauhan sylinteri Doosanin suurelle kaivinkoneelle DH300LC\"><\/p>\n<p>Kirjoittaja: lyl<\/p>","protected":false},"excerpt":{"rendered":"<p>Bucket Cylinder For Doosan Large Excavator DH300LC Introduction The Bucket Cylinder for Doosan Large Excavator DH300LC is a specially designed hydraulic cylinder used to control the movement of the bucket in heavy machinery such as excavators, backhoe excavators, and front-end loaders. Its main function is to enable the bucket to lift, lower, and tilt, making [&hellip;]<\/p>","protected":false},"featured_media":14787,"comment_status":"open","ping_status":"closed","template":"","meta":{"_et_pb_use_builder":"","_et_pb_old_content":"","_et_gb_content_width":""},"product_brand":[],"product_cat":[1494],"product_tag":[1495,1496],"class_list":{"0":"post-15299","1":"product","2":"type-product","3":"status-publish","4":"has-post-thumbnail","6":"product_cat-bucket-cylinders","7":"product_tag-bucket-cylinders","8":"product_tag-hydraulic-cylinders","10":"first","11":"instock","12":"shipping-taxable","13":"product-type-simple"},"amp_enabled":true,"_links":{"self":[{"href":"https:\/\/www.hydraulic-cylinders.net\/fi\/wp-json\/wp\/v2\/product\/15299","targetHints":{"allow":["GET"]}}],"collection":[{"href":"https:\/\/www.hydraulic-cylinders.net\/fi\/wp-json\/wp\/v2\/product"}],"about":[{"href":"https:\/\/www.hydraulic-cylinders.net\/fi\/wp-json\/wp\/v2\/types\/product"}],"replies":[{"embeddable":true,"href":"https:\/\/www.hydraulic-cylinders.net\/fi\/wp-json\/wp\/v2\/comments?post=15299"}],"wp:featuredmedia":[{"embeddable":true,"href":"https:\/\/www.hydraulic-cylinders.net\/fi\/wp-json\/wp\/v2\/media\/14787"}],"wp:attachment":[{"href":"https:\/\/www.hydraulic-cylinders.net\/fi\/wp-json\/wp\/v2\/media?parent=15299"}],"wp:term":[{"taxonomy":"product_brand","embeddable":true,"href":"https:\/\/www.hydraulic-cylinders.net\/fi\/wp-json\/wp\/v2\/product_brand?post=15299"},{"taxonomy":"product_cat","embeddable":true,"href":"https:\/\/www.hydraulic-cylinders.net\/fi\/wp-json\/wp\/v2\/product_cat?post=15299"},{"taxonomy":"product_tag","embeddable":true,"href":"https:\/\/www.hydraulic-cylinders.net\/fi\/wp-json\/wp\/v2\/product_tag?post=15299"}],"curies":[{"name":"wp","href":"https:\/\/api.w.org\/{rel}","templated":true}]}}