{"id":15302,"date":"2025-01-19T14:21:34","date_gmt":"2025-01-19T14:21:34","guid":{"rendered":"https:\/\/www.hydraulic-cylinders.net\/product\/bucket-cylinder-for-doosan-large-excavator-dx500lc-g\/"},"modified":"2025-01-19T14:21:36","modified_gmt":"2025-01-19T14:21:36","slug":"bucket-cylinder-for-doosan-large-excavator-dx500lc-g","status":"publish","type":"product","link":"https:\/\/www.hydraulic-cylinders.net\/fi\/tuote\/bucket-cylinder-for-doosan-large-excavator-dx500lc-g\/","title":{"rendered":"Kauhan sylinteri Doosan-kaivukoneelle DX500LC-G"},"content":{"rendered":"<h1>Kauhan sylinteri Doosan-kaivukoneelle DX500LC-G<\/h1>\n<h2>Johdanto<\/h2>\n<p>Doosanin suuren kaivinkoneen DX500LC-G kauhan sylinteri on erityisesti suunniteltu hydraulisylinteri, joka ohjaa kauhan liikett\u00e4 raskaissa koneissa, kuten kaivinkoneissa, kaivurikuormaajissa ja etukuormaajissa. Sen p\u00e4\u00e4teht\u00e4v\u00e4n\u00e4 on nostaa, laskea ja kallistaa kauhaa, mik\u00e4 helpottaa erilaisten materiaalink\u00e4sittelyteht\u00e4vien suorittamista. Hydraulij\u00e4rjestelm\u00e4ss\u00e4 kauhan sylinteri k\u00e4ytt\u00e4\u00e4 hydrauli\u00f6ljyn paineenmuutosta kauhan tarkkaan ohjaamiseen, jolloin k\u00e4ytt\u00e4j\u00e4t voivat k\u00e4sitell\u00e4 raskaita kuormia tehokkaasti ja sopeutua monimutkaisiin ty\u00f6ymp\u00e4rist\u00f6ihin ja erilaisiin k\u00e4ytt\u00f6tarpeisiin.<\/p>\n<p><img decoding=\"async\" src=\"https:\/\/www.hydraulic-cylinders.net\/wp-content\/uploads\/2025\/01\/songte-company-2.webp\" alt=\"Kauhan sylinteri Doosan-kaivukoneelle DX500LC-G\"><\/p>\n<h2>Ominaisuudet<\/h2>\n<ul>\n<li>Suuri lujuus ja kest\u00e4vyys: Tyypillisesti eritt\u00e4in lujasta ter\u00e4ksest\u00e4 tai alumiinista valmistettu, se kest\u00e4\u00e4 korkeaa painetta ja raskaita kuormia, sopeutuu vaativiin ty\u00f6ymp\u00e4rist\u00f6ihin ja on suunniteltu kulutus- ja korroosionkest\u00e4vyys mieless\u00e4 pit\u00e4en k\u00e4ytt\u00f6i\u00e4n pident\u00e4miseksi.<\/li>\n<li>Tehokas hydraulinen toiminta: Tasainen laajeneminen ja supistuminen saavutetaan hydrauli\u00f6ljyn paineella, joka reagoi nopeasti ohjauskomentoihin, tarjoaa tehokkaan ty\u00f6nt\u00f6- ja vetovoiman ja soveltuu raskaiden kuormien k\u00e4sittelyyn ja monimutkaisiin k\u00e4ytt\u00f6teht\u00e4viin.<\/li>\n<li>Erilaisia \u200b\u200btyyppej\u00e4: Yksitoimisia (hydrauliikkaa k\u00e4ytet\u00e4\u00e4n vain yhteen suuntaan) tai kaksitoimisia (hydrauliikkaa k\u00e4ytet\u00e4\u00e4n molempiin suuntiin) sylintereit\u00e4 voidaan valita vaatimusten mukaan erilaisiin k\u00e4ytt\u00f6tarpeisiin. Jotkut mallit ovat teleskooppisia, mik\u00e4 mahdollistaa suuremman jatkeen ilman ulkomittojen kasvua, joten ne sopivat sovelluksiin, joissa on rajoitetusti tilaa.<\/li>\n<li>Vaihdettavissa muiden hydraulisylintereiden kanssa: Tuotteemme on t\u00e4ydellinen korvaaja muille saman tyyppisille ja -spesifikaatioilla varustetuille hydraulisylintereille.<\/li>\n<li>Mukauttaminen: Tarjoamme erilaisia \u200b\u200b\u200b\u200bmukautusvaihtoehtoja erilaisiin toimintaymp\u00e4rist\u00f6ihin ja vaatimuksiin.<\/li>\n<\/ul>\n<p><img decoding=\"async\" src=\"https:\/\/www.hydraulic-cylinders.net\/wp-content\/uploads\/2025\/01\/songte-cylinder-head-with-all-kinds-excavator-models.webp\" alt=\"Kauhan sylinteri Doosan-kaivukoneelle DX500LC-G\"><\/p>\n<h2>Sovellukset<\/h2>\n<p>Doosanin suuren kaivinkoneen DX500LC-G kauhan sylinteri\u00e4 k\u00e4ytet\u00e4\u00e4n laajalti erilaisissa raskaissa koneissa, kuten:<\/p>\n<ul>\n<li>Rakennuslaitteet: Kaivinkoneissa ne ovat v\u00e4ltt\u00e4m\u00e4tt\u00f6mi\u00e4 maan tai roskien kaivamiseen, lastaamiseen ja siirt\u00e4miseen. Kaivurikuormaajissa kauhan sylinteri auttaa kaivamisessa ja nostamisessa.<\/li>\n<li>Maatalouskoneet: K\u00e4ytet\u00e4\u00e4n etukuormaajissa maaper\u00e4n, hein\u00e4n ja muiden materiaalien kauhaukseen, nostamiseen ja kuljettamiseen.<\/li>\n<li>Kaivinkoneet: Kauhan sylinteri mahdollistaa kauhan tunkeutumisen maaper\u00e4\u00e4n ja kaivamisen.<\/li>\n<li>Kuormaajat: Etukuormaajissa ne auttavat tavaroiden tehokkaassa nostamisessa ja kallistamisessa.<\/li>\n<\/ul>\n<h2>Suunnittelun\u00e4k\u00f6kohdat ja valintakriteerit<\/h2>\n<p>Doosanin suuren kaivinkoneen DX500LC-G kauhan sylinteri\u00e4 suunniteltaessa otetaan huomioon useita keskeisi\u00e4 tekij\u00f6it\u00e4, kuten:<\/p>\n<ul>\n<li>Kantavuus: Sylinteri on suunniteltu kest\u00e4m\u00e4\u00e4n korkeaa painetta ja raskaita kuormia.<\/li>\n<li>Tiivistys: Hydraulinesteen vuotojen est\u00e4miseksi k\u00e4ytet\u00e4\u00e4n erilaisia \u200b\u200btiivistyskomponentteja, kuten m\u00e4nn\u00e4ntiivisteit\u00e4 ja varren tiivisteit\u00e4.<\/li>\n<li>Kest\u00e4vyys: Sylinteri on suunniteltu kulutus- ja korroosionkest\u00e4vyys mieless\u00e4 pit\u00e4en k\u00e4ytt\u00f6i\u00e4n pident\u00e4miseksi. Sylinterin runko ja kierteitetty p\u00e4\u00e4typinta on hienosti k\u00e4sitelty kulutuskest\u00e4vyyden parantamiseksi.<\/li>\n<li>Turvallisuus: Sylinteri on suunniteltu turvatekij\u00f6ill\u00e4 turvallisen k\u00e4yt\u00f6n varmistamiseksi.<\/li>\n<li>Huollettavuus: Sylinteri on suunniteltu helpottamaan korjausta ja huoltoa.<\/li>\n<\/ul>\n<p><img decoding=\"async\" src=\"https:\/\/www.hydraulic-cylinders.net\/wp-content\/uploads\/2025\/01\/songte-oil-pipes-and-spare-parts.webp\" alt=\"Kauhan sylinteri Doosan-kaivukoneelle DX500LC-G\"><\/p>\n<h2>Tiivistys ja voitelu<\/h2>\n<p>Doosanin suuren kaivinkoneen DX500LC-G kauhan sylinteriss\u00e4 on erilaisia \u200b\u200btiivistyskomponentteja, kuten m\u00e4nn\u00e4ntiivisteit\u00e4 ja varren tiivisteit\u00e4, hydraulinesteen vuotamisen est\u00e4miseksi. Tiivistyskomponentit on valmistettu kulutusta kest\u00e4vist\u00e4 materiaaleista, kuten polyuretaanista ja nitriilikumista. Sylinterin runko ja kierteitetty p\u00e4\u00e4typinta on hienosti k\u00e4sitelty kulutuskest\u00e4vyyden parantamiseksi. S\u00e4\u00e4nn\u00f6llinen voitelu sopivalla m\u00e4\u00e4r\u00e4ll\u00e4 hydrauli\u00f6ljy\u00e4 on v\u00e4ltt\u00e4m\u00e4t\u00f6nt\u00e4 sujuvan toiminnan varmistamiseksi ja ruosteen ja kulumisen est\u00e4miseksi.<\/p>\n<h2>Huolto ja korjaus<\/h2>\n<p>S\u00e4\u00e4nn\u00f6lliset tarkastukset ja ennaltaehk\u00e4isev\u00e4 huolto ovat v\u00e4ltt\u00e4m\u00e4tt\u00f6mi\u00e4 Doosan DX500LC-G -suurkaivukoneen kauhan sylinterin optimaalisen suorituskyvyn ja k\u00e4ytt\u00f6i\u00e4n varmistamiseksi. Yleisi\u00e4 huoltoteht\u00e4vi\u00e4 ovat:<\/p>\n<ul>\n<li>Sylinterirungon ja tiivisteosien s\u00e4\u00e4nn\u00f6llinen tarkastus<\/li>\n<li>Sylinterin s\u00e4\u00e4nn\u00f6llinen voitelu<\/li>\n<li>Tiivistyskomponenttien vaihto<\/li>\n<li>Kalibrointitarkastukset<\/li>\n<\/ul>\n<p><img decoding=\"async\" src=\"https:\/\/www.hydraulic-cylinders.net\/wp-content\/uploads\/2025\/01\/songte-chushion-collar.webp\" alt=\"Kauhan sylinteri Doosan-kaivukoneelle DX500LC-G\"><\/p>\n<h2>Turvallisuusn\u00e4k\u00f6kohdat ja ymp\u00e4rist\u00f6tekij\u00e4t<\/h2>\n<p>Kun k\u00e4yt\u00e4t kauhan sylinteri\u00e4 Doosanin suuressa kaivinkoneessa DX500LC-G, on t\u00e4rke\u00e4\u00e4 noudattaa asianmukaisia \u200b\u200bturvallisuusmenetelmi\u00e4 loukkaantumisten ja laitevaurioiden v\u00e4ltt\u00e4miseksi. Ymp\u00e4rist\u00f6tekij\u00e4t, kuten l\u00e4mp\u00f6tila ja kosteus, on my\u00f6s otettava huomioon optimaalisen suorituskyvyn varmistamiseksi ja sylinterin vaurioitumisen est\u00e4miseksi.<\/p>\n<h2>Vianm\u00e4\u00e4ritys ja yleiset ongelmat<\/h2>\n<p>Doosanin suuren kaivinkoneen DX500LC-G kauhan sylinterin kanssa voi esiinty\u00e4 yleisi\u00e4 ongelmia, kuten hydraulinesteen vuoto, riitt\u00e4m\u00e4t\u00f6n nostovoima ja hidas vasteaika. Asianmukainen vianm\u00e4\u00e4ritys ja ennaltaehk\u00e4isev\u00e4t toimenpiteet voivat auttaa tunnistamaan ja ehk\u00e4isem\u00e4\u00e4n n\u00e4it\u00e4 ongelmia.<\/p>\n<h2>Tietoa yrityksest\u00e4mme<\/h2>\n<p>Olemme johtava hydraulisten sylinterien valmistaja ja tukkumyyj\u00e4, joka tarjoaa laajan valikoiman tuotteita eri toimialoille. Pyrimme huippulaatuun ja luotamme teollistettuihin tuotannonohjausstrategioihin hienostuneessa tuotantolaitoksessamme. Parannamme jatkuvasti valmistusymp\u00e4rist\u00f6\u00e4mme ja t\u00e4ydellist\u00e4mme tuotteiden laatua parantavaa tuotantolinjaamme k\u00e4ytt\u00e4m\u00e4ll\u00e4 lahjakkaita teknologiaihmisi\u00e4, digitaalisia huippuluokan valmistuslaitteita ja ammattimaisia \u200b\u200btestausj\u00e4rjestelmi\u00e4. Sitoutumisemme korkeaan tehokkuuteen, tarkkuuteen ja korkeaan laatuun antaa meille mahdollisuuden vastata asiakkaidemme monipuolisiin tarpeisiin.<\/p>\n<p><img decoding=\"async\" src=\"https:\/\/hzpt.com\/wp-content\/uploads\/2024\/11\/songte-company-1.webp\" alt=\"Kauhan sylinteri Doosan-kaivukoneelle DX500LC-G\"><\/p>\n<h3>Ammattimaisuus<\/h3>\n<p>Meill\u00e4 on kokeneiden ammattilaisten tiimi, joka on omistautunut tarjoamaan asiakkaillemme parhaita tuotteita ja palveluita.<\/p>\n<h3>Kansainv\u00e4liset sertifikaatit<\/h3>\n<p>Tuotteemme ovat saaneet kansainv\u00e4listen j\u00e4rjest\u00f6jen sertifikaatteja laadusta ja turvallisuudesta.<\/p>\n<h3>R\u00e4\u00e4t\u00e4l\u00f6intipalvelut<\/h3>\n<p>Tarjoamme erilaisia \u200b\u200br\u00e4\u00e4t\u00e4l\u00f6intivaihtoehtoja asiakkaidemme ainutlaatuisten tarpeiden t\u00e4ytt\u00e4miseksi.<\/p>\n<h3>Tuotantolaitteet<\/h3>\n<p>K\u00e4yt\u00e4mme edistyneit\u00e4 valmistuslaitteita varmistaaksemme tuotteidemme korkean laadun.<\/p>\n<h3>Myynnin j\u00e4lkeinen palvelu<\/h3>\n<p>Tarjoamme kattavaa j\u00e4lkimarkkinointipalvelua asiakastyytyv\u00e4isyyden varmistamiseksi.<\/p>\n<h4>Kirjoittaja: lyl<\/h4>","protected":false},"excerpt":{"rendered":"<p>Bucket Cylinder For Doosan Large Excavator DX500LC-G Introduction The bucket cylinder for Doosan large excavator DX500LC-G is a specially designed hydraulic cylinder that controls the movement of the bucket in heavy machinery such as excavators, backhoe loaders, and front-end loaders. Its main function is to lift, lower, and tilt the bucket, making it easier to [&hellip;]<\/p>","protected":false},"featured_media":14782,"comment_status":"open","ping_status":"closed","template":"","meta":{"_et_pb_use_builder":"","_et_pb_old_content":"","_et_gb_content_width":""},"product_brand":[],"product_cat":[1494],"product_tag":[1495,1496],"class_list":{"0":"post-15302","1":"product","2":"type-product","3":"status-publish","4":"has-post-thumbnail","6":"product_cat-bucket-cylinders","7":"product_tag-bucket-cylinders","8":"product_tag-hydraulic-cylinders","10":"first","11":"instock","12":"shipping-taxable","13":"product-type-simple"},"amp_enabled":true,"_links":{"self":[{"href":"https:\/\/www.hydraulic-cylinders.net\/fi\/wp-json\/wp\/v2\/product\/15302","targetHints":{"allow":["GET"]}}],"collection":[{"href":"https:\/\/www.hydraulic-cylinders.net\/fi\/wp-json\/wp\/v2\/product"}],"about":[{"href":"https:\/\/www.hydraulic-cylinders.net\/fi\/wp-json\/wp\/v2\/types\/product"}],"replies":[{"embeddable":true,"href":"https:\/\/www.hydraulic-cylinders.net\/fi\/wp-json\/wp\/v2\/comments?post=15302"}],"wp:featuredmedia":[{"embeddable":true,"href":"https:\/\/www.hydraulic-cylinders.net\/fi\/wp-json\/wp\/v2\/media\/14782"}],"wp:attachment":[{"href":"https:\/\/www.hydraulic-cylinders.net\/fi\/wp-json\/wp\/v2\/media?parent=15302"}],"wp:term":[{"taxonomy":"product_brand","embeddable":true,"href":"https:\/\/www.hydraulic-cylinders.net\/fi\/wp-json\/wp\/v2\/product_brand?post=15302"},{"taxonomy":"product_cat","embeddable":true,"href":"https:\/\/www.hydraulic-cylinders.net\/fi\/wp-json\/wp\/v2\/product_cat?post=15302"},{"taxonomy":"product_tag","embeddable":true,"href":"https:\/\/www.hydraulic-cylinders.net\/fi\/wp-json\/wp\/v2\/product_tag?post=15302"}],"curies":[{"name":"wp","href":"https:\/\/api.w.org\/{rel}","templated":true}]}}