{"id":15304,"date":"2025-01-19T14:21:42","date_gmt":"2025-01-19T14:21:42","guid":{"rendered":"https:\/\/www.hydraulic-cylinders.net\/product\/bucket-cylinder-for-doosan-wheel-excavator-dh210w-7\/"},"modified":"2025-01-19T14:21:44","modified_gmt":"2025-01-19T14:21:44","slug":"bucket-cylinder-for-doosan-wheel-excavator-dh210w-7","status":"publish","type":"product","link":"https:\/\/www.hydraulic-cylinders.net\/fi\/tuote\/bucket-cylinder-for-doosan-wheel-excavator-dh210w-7\/","title":{"rendered":"Kauhan sylinteri Doosan-py\u00f6r\u00e4kaivinkoneelle DH210W-7"},"content":{"rendered":"<h1>Kauhan sylinteri Doosan-py\u00f6r\u00e4kaivinkoneelle DH210W-7<\/h1>\n<h2>Johdanto<\/h2>\n<h3>M\u00e4\u00e4ritelm\u00e4<\/h3>\n<p>Kauhasylinteri on erityisesti suunniteltu hydraulisylinteri, jota k\u00e4ytet\u00e4\u00e4n kauhan liikkeen ohjaamiseen raskaissa koneissa, kuten kaivinkoneissa, traktorikaivureissa ja etukuormaajissa. Sen p\u00e4\u00e4teht\u00e4v\u00e4n\u00e4 on mahdollistaa kauhan nostaminen, laskeminen ja kallistaminen, mik\u00e4 helpottaa erilaisten materiaalink\u00e4sittelyteht\u00e4vien k\u00e4sittely\u00e4. Hydraulij\u00e4rjestelm\u00e4ss\u00e4 kauhasylinteri saavuttaa kauhan tarkan hallinnan hydrauli\u00f6ljyn paineen muutosten avulla, mink\u00e4 ansiosta k\u00e4ytt\u00e4j\u00e4t voivat k\u00e4sitell\u00e4 raskaita kuormia tehokkaasti, sopeutua monimutkaisiin ty\u00f6ymp\u00e4rist\u00f6ihin ja erilaisiin k\u00e4ytt\u00f6vaatimuksiin.<\/p>\n<p><img decoding=\"async\" src=\"https:\/\/www.hydraulic-cylinders.net\/wp-content\/uploads\/2025\/01\/songte-company-2.webp\"><\/p>\n<h2>Ominaisuudet<\/h2>\n<ul>\n<li>Suuri lujuus ja kest\u00e4vyys: Yleens\u00e4 valmistettu eritt\u00e4in lujasta ter\u00e4ksest\u00e4 tai alumiinista, se kest\u00e4\u00e4 korkeaa painetta ja raskaita kuormia, sopeutuu vaativiin ty\u00f6ymp\u00e4rist\u00f6ihin ja on suunniteltu kulutus- ja korroosionkest\u00e4vyys mieless\u00e4 pit\u00e4en, mik\u00e4 pident\u00e4\u00e4 k\u00e4ytt\u00f6ik\u00e4\u00e4.<\/li>\n<li>Tehokas hydraulinen toiminta: Tasainen pidennys- ja supistusliike saavutetaan hydrauli\u00f6ljyn paineella, mik\u00e4 mahdollistaa nopean reagoinnin ohjauskomentoihin, tarjoaa tehokkaan ty\u00f6nt\u00f6- ja vetovoiman ja soveltuu raskaiden kuormien k\u00e4sittelyyn ja monimutkaisiin k\u00e4ytt\u00f6teht\u00e4viin.<\/li>\n<li>Erilaisia \u200b\u200btyyppej\u00e4: Yksitoimisia (hydraulisesti vain yhteen suuntaan) tai kaksitoimisia (hydraulisesti molempiin suuntiin) sylintereit\u00e4 voidaan valita tarpeen mukaan erilaisten k\u00e4ytt\u00f6vaatimusten t\u00e4ytt\u00e4miseksi. Jotkut mallit ovat teleskooppisia, mik\u00e4 mahdollistaa suuremman jatkeen ilman ulkomittojen kasvua, joten ne sopivat ahtaisiin sovelluksiin.<\/li>\n<li>Suora vaihto: Tuotteemme voivat korvata n\u00e4m\u00e4 hydraulisylinterit t\u00e4ydellisesti. <\/li>\n<\/ul>\n<p><img decoding=\"async\" src=\"https:\/\/www.hydraulic-cylinders.net\/wp-content\/uploads\/2025\/01\/songte-cylinder-head-with-all-kinds-excavator-models.webp\"><\/p>\n<h2>Sovellukset<\/h2>\n<h3>Rakennuslaitteet<\/h3>\n<p>Kaivinkoneissa ne ovat v\u00e4ltt\u00e4m\u00e4tt\u00f6mi\u00e4 kaivamiseen, lastaamiseen ja maaper\u00e4n tai roskien siirt\u00e4miseen. Kaivinkoneissa kauhan sylinterit auttavat sek\u00e4 kaivamisessa ett\u00e4 nostamisessa. Etukuormaajissa ne auttavat lastin tehokkaassa nostamisessa ja tyhjent\u00e4misess\u00e4.<\/p>\n<h3>Maatalouskoneet<\/h3>\n<p>Etukuormaajissa k\u00e4ytett\u00e4vi\u00e4 kauhan sylinteri\u00e4 k\u00e4ytet\u00e4\u00e4n maan, hein\u00e4n ja muiden materiaalien kaivamiseen, nostamiseen ja kuljettamiseen. Kauhasylinterit mahdollistavat kaivamisen antamalla kauhan tunkeutua maaper\u00e4\u00e4n.<\/p>\n<h3>Kaivinkoneet<\/h3>\n<p>Kaivinkoneissa kauhan sylinterit mahdollistavat kaivamisen antamalla kauhan tunkeutua maaper\u00e4\u00e4n.<\/p>\n<h3>Kuormaajat<\/h3>\n<p>Etukuormaajissa ne auttavat lastin tehokkaassa nostamisessa ja tyhjent\u00e4misess\u00e4.<\/p>\n<h2>Suunnittelun\u00e4k\u00f6kohdat ja valintakriteerit<\/h2>\n<h3>Kantavuus<\/h3>\n<p>Kauhasylinterien suunnittelussa t\u00e4rkeint\u00e4 on niiden kantavuus, jotta ne kest\u00e4v\u00e4t niihin kohdistuvat raskaat kuormat. T\u00e4m\u00e4 edellytt\u00e4\u00e4 eritt\u00e4in lujien materiaalien ja tarkkojen valmistusprosessien k\u00e4ytt\u00f6\u00e4 sylinterin lujuuden ja kest\u00e4vyyden varmistamiseksi.<\/p>\n<h3>Tiivistys ja kest\u00e4vyys<\/h3>\n<p>Kauhasylinterin tiivisteill\u00e4 on ratkaiseva rooli sylinterin kest\u00e4vyyden varmistamisessa. Tiivisteiden on oltava valmistettu kulutusta kest\u00e4vist\u00e4 materiaaleista, jotka kest\u00e4v\u00e4t j\u00e4rjestelm\u00e4n hydraulisen paineen. Lis\u00e4ksi sylinterin runko ja kierteitetyt p\u00e4\u00e4typinnat on ty\u00f6stett\u00e4v\u00e4 hienosti kulutuskest\u00e4vyyden parantamiseksi. S\u00e4\u00e4nn\u00f6llinen voitelu on my\u00f6s tarpeen asianmukaisen toiminnan ja pitk\u00e4n k\u00e4ytt\u00f6i\u00e4n varmistamiseksi.<\/p>\n<p><img decoding=\"async\" src=\"https:\/\/www.hydraulic-cylinders.net\/wp-content\/uploads\/2025\/01\/songte-oil-pipes-and-spare-parts.webp\"><\/p>\n<h2>Huolto ja vianm\u00e4\u00e4ritys<\/h2>\n<h3>Huolto<\/h3>\n<p>S\u00e4\u00e4nn\u00f6llinen huolto on ratkaisevan t\u00e4rke\u00e4\u00e4 kauhasylinterien pitk\u00e4ik\u00e4isyyden ja moitteettoman toiminnan varmistamiseksi. Yleisi\u00e4 huoltoteht\u00e4vi\u00e4 ovat s\u00e4\u00e4nn\u00f6lliset tarkastukset, voitelu ja tiivisteiden vaihto. Oikea asennus, voitelu ja s\u00e4\u00e4t\u00f6 ovat ratkaisevan t\u00e4rkeit\u00e4 sylinterin pitk\u00e4ik\u00e4isyyden varmistamiseksi.<\/p>\n<h3>Vianm\u00e4\u00e4ritys<\/h3>\n<p>Kauhasylintereiden yleisi\u00e4 ongelmia ovat vuodot, hidas toiminta ja riitt\u00e4m\u00e4t\u00f6n teho. Vianm\u00e4\u00e4ritykseen kuuluu n\u00e4iden ongelmien taustalla olevan syyn tunnistaminen ja asianmukaisten korjaavien toimenpiteiden toteuttaminen. Ennaltaehk\u00e4isy on avainasemassa, ja s\u00e4\u00e4nn\u00f6llinen huolto on paras tapa minimoida mahdolliset ongelmat.<\/p>\n<h2>Yrityksen esittely<\/h2>\n<p>Olemme korvaavien hydraulisylinterien valmistaja ja tarjoamme laajan tuotevalikoiman. Olemme yksi johtavista hydraulisylinterien valmistajista ja tukkumyyjist\u00e4 kotimaisilla ja ulkomaisilla markkinoilla. Noudatamme erinomaisen laadun periaatetta ja luotamme hienotuotantopajojen teollisen tuotannon hallintastrategiaan. Yrityksemme parantaa jatkuvasti ty\u00f6pajan valmistusalustaa, hioo tuotteen tuotantolaatua ja on vahvasti luova, tarjoten tehokkaita, tarkkoja ja korkealaatuisia tuotteita asiakkaiden monipuolisten tarpeiden t\u00e4ytt\u00e4miseksi.<\/p>\n<ul>\n<li>Ammattitaito: Yrityksell\u00e4mme on ammattilaistiimi, joka tuntee hydrauliset sylinterit ja voi tarjota asiakkaille asiantuntevaa neuvontaa.<\/li>\n<li>Kansainv\u00e4linen sertifiointi: Tuotteemme ovat kansainv\u00e4listen standardien mukaisia \u200b\u200bja useiden kansainv\u00e4listen viranomaisten sertifioimia.<\/li>\n<li>R\u00e4\u00e4t\u00e4l\u00f6ity palvelu: Yrityksemme tarjoaa r\u00e4\u00e4t\u00e4l\u00f6ityj\u00e4 palveluita asiakkaiden erityistarpeisiin.<\/li>\n<li>Tuotantolaitteet: Yrityksell\u00e4mme on edistyneet tuotantolaitteet korkealaatuisten tuotteiden tuottamiseen.<\/li>\n<li>Myynnin j\u00e4lkeinen palvelu: Yrityksemme tarjoaa korkealaatuista myynnin j\u00e4lkeist\u00e4 palvelua asiakastyytyv\u00e4isyyden varmistamiseksi.<\/li>\n<\/ul>\n<p><img decoding=\"async\" src=\"https:\/\/hzpt.com\/wp-content\/uploads\/2024\/11\/songte-company-1.webp\"><\/p>\n<p>Kirjoittaja: lyl<\/p>","protected":false},"excerpt":{"rendered":"<p>Bucket Cylinder For Doosan Wheel Excavator DH210W-7 Introduction Definition A bucket cylinder is a specially designed hydraulic cylinder used to control the movement of the bucket in heavy machinery such as excavators, backhoe excavators, and front-end loaders. Its main function is to enable the bucket to lift, lower, and tilt, making it easier to handle [&hellip;]<\/p>","protected":false},"featured_media":14778,"comment_status":"open","ping_status":"closed","template":"","meta":{"_et_pb_use_builder":"","_et_pb_old_content":"","_et_gb_content_width":""},"product_brand":[],"product_cat":[1494],"product_tag":[1495,1496],"class_list":{"0":"post-15304","1":"product","2":"type-product","3":"status-publish","4":"has-post-thumbnail","6":"product_cat-bucket-cylinders","7":"product_tag-bucket-cylinders","8":"product_tag-hydraulic-cylinders","10":"first","11":"instock","12":"shipping-taxable","13":"product-type-simple"},"amp_enabled":true,"_links":{"self":[{"href":"https:\/\/www.hydraulic-cylinders.net\/fi\/wp-json\/wp\/v2\/product\/15304","targetHints":{"allow":["GET"]}}],"collection":[{"href":"https:\/\/www.hydraulic-cylinders.net\/fi\/wp-json\/wp\/v2\/product"}],"about":[{"href":"https:\/\/www.hydraulic-cylinders.net\/fi\/wp-json\/wp\/v2\/types\/product"}],"replies":[{"embeddable":true,"href":"https:\/\/www.hydraulic-cylinders.net\/fi\/wp-json\/wp\/v2\/comments?post=15304"}],"wp:featuredmedia":[{"embeddable":true,"href":"https:\/\/www.hydraulic-cylinders.net\/fi\/wp-json\/wp\/v2\/media\/14778"}],"wp:attachment":[{"href":"https:\/\/www.hydraulic-cylinders.net\/fi\/wp-json\/wp\/v2\/media?parent=15304"}],"wp:term":[{"taxonomy":"product_brand","embeddable":true,"href":"https:\/\/www.hydraulic-cylinders.net\/fi\/wp-json\/wp\/v2\/product_brand?post=15304"},{"taxonomy":"product_cat","embeddable":true,"href":"https:\/\/www.hydraulic-cylinders.net\/fi\/wp-json\/wp\/v2\/product_cat?post=15304"},{"taxonomy":"product_tag","embeddable":true,"href":"https:\/\/www.hydraulic-cylinders.net\/fi\/wp-json\/wp\/v2\/product_tag?post=15304"}],"curies":[{"name":"wp","href":"https:\/\/api.w.org\/{rel}","templated":true}]}}