{"id":15308,"date":"2025-01-19T14:21:57","date_gmt":"2025-01-19T14:21:57","guid":{"rendered":"https:\/\/www.hydraulic-cylinders.net\/product\/bucket-cylinder-for-hyundai-small-excavator-r130-5\/"},"modified":"2025-01-19T14:21:59","modified_gmt":"2025-01-19T14:21:59","slug":"bucket-cylinder-for-hyundai-small-excavator-r130-5","status":"publish","type":"product","link":"https:\/\/www.hydraulic-cylinders.net\/fi\/tuote\/bucket-cylinder-for-hyundai-small-excavator-r130-5\/","title":{"rendered":"Kauhan sylinteri Hyundai-pienkaivukoneeseen R130-5"},"content":{"rendered":"<h1>Kauhan sylinteri Hyundai-pienkaivukoneeseen R130-5<\/h1>\n<h2>Johdanto<\/h2>\n<p>Hyundain R130-5-pienkaivukoneen kauhan sylinteri on erityisesti suunniteltu hydraulisylinteri, jota k\u00e4ytet\u00e4\u00e4n p\u00e4\u00e4asiassa raskaiden koneiden, kuten kaivinkoneiden, kaivurikuormaajien ja etukuormaajien, kauhan liikkeen ohjaamiseen. Sen p\u00e4\u00e4teht\u00e4v\u00e4n\u00e4 on mahdollistaa kauhan nostaminen, laskeminen ja kallistaminen, mik\u00e4 helpottaa erilaisten materiaalink\u00e4sittelyteht\u00e4vien k\u00e4sittely\u00e4. Hydraulij\u00e4rjestelm\u00e4ss\u00e4 kauhan sylinteri saavuttaa tarkan kauhan hallinnan hydrauli\u00f6ljyn paineen muutosten avulla, mink\u00e4 ansiosta kuljettajat voivat k\u00e4sitell\u00e4 raskaita kuormia tehokkaasti ja sopeutua monimutkaisiin ty\u00f6ymp\u00e4rist\u00f6ihin ja erilaisiin ty\u00f6vaatimuksiin.<\/p>\n<p><img decoding=\"async\" src=\"https:\/\/www.hydraulic-cylinders.net\/wp-content\/uploads\/2025\/01\/songte-company-2.webp\" alt=\"Kauhan sylinteri\" \/><\/p>\n<h2>Ominaisuudet<\/h2>\n<ul>\n<li>Suuri lujuus ja kest\u00e4vyys: Yleens\u00e4 valmistettu eritt\u00e4in lujasta ter\u00e4ksest\u00e4 tai alumiinista, se kest\u00e4\u00e4 korkeaa painetta ja raskaita kuormia, sopeutuu ankariin ty\u00f6ymp\u00e4rist\u00f6ihin ja on suunniteltu kulutus- ja korroosionkest\u00e4viksi, mik\u00e4 pident\u00e4\u00e4 sen k\u00e4ytt\u00f6ik\u00e4\u00e4.<\/li>\n<li>Tehokas hydraulinen toiminta: Sujuvat ojennus- ja supistusliikkeet saavutetaan hy\u00f6dynt\u00e4m\u00e4ll\u00e4 hydrauli\u00f6ljyn painetta. Se reagoi nopeasti k\u00e4ytt\u00f6komentoihin, tarjoaa tehokkaan ty\u00f6nt\u00f6- ja vetovoiman ja soveltuu raskaiden kuormien k\u00e4sittelyyn ja monimutkaisiin ty\u00f6teht\u00e4viin.<\/li>\n<li>Erilaisia \u200b\u200btyyppej\u00e4: Sylinteri voidaan valita yksitoimiseksi (hydraulisesti vain yhteen suuntaan) tai kaksitoimiseksi (hydraulisesti molempiin suuntiin) tarpeiden mukaan erilaisten k\u00e4ytt\u00f6vaatimusten t\u00e4ytt\u00e4miseksi. Jotkut mallit ovat teleskooppisia, mik\u00e4 mahdollistaa suuremman jatkeen ilman ulkomittojen kasvua, joten ne sopivat rajoitettuihin tiloihin.<\/li>\n<li>Helppo asentaa ja huoltaa: Tuotteemme voivat t\u00e4ydellisesti korvata n\u00e4m\u00e4 hydraulisylinterit.<\/li>\n<\/ul>\n<p><img decoding=\"async\" src=\"https:\/\/www.hydraulic-cylinders.net\/wp-content\/uploads\/2025\/01\/songte-cylinder-head-with-all-kinds-excavator-models.webp\" alt=\"Kauhan sylinterimallit\" \/><\/p>\n<h2>Sovellukset<\/h2>\n<p>Kauhasylinterill\u00e4 on laaja valikoima sovelluksia, mukaan lukien:<\/p>\n<ul>\n<li>Rakennuskoneet: Kaivinkoneissa ne ovat kriittisi\u00e4 kaivamisessa, lastaamisessa ja maan tai roskien siirt\u00e4misess\u00e4. Kaivurikuormaajissa kauhan sylinteri avustaa sek\u00e4 kaivamisessa ett\u00e4 nostamisessa. <\/li>\n<li>Maatalouskoneet: K\u00e4ytet\u00e4\u00e4n etukuormaajissa maaper\u00e4n, hein\u00e4n ja muiden materiaalien kauhaamiseen, nostamiseen ja kuljettamiseen. <\/li>\n<li>Kaivinkoneet: Kauhan sylinteri saavuttaa kaivutoiminnon antamalla kauhan tunkeutua maaper\u00e4\u00e4n. <\/li>\n<li>Kuormaajat: Etukuormaajissa ne auttavat tavaroiden tehokkaassa nostamisessa ja kallistamisessa. <\/li>\n<\/ul>\n<h2>Suunnittelun\u00e4k\u00f6kohdat ja valintakriteerit<\/h2>\n<p>Kauhasylinteri\u00e4 k\u00e4ytett\u00e4ess\u00e4 on otettava huomioon seuraavat suunnittelun\u00e4k\u00f6kohdat ja valintakriteerit:<\/p>\n<ul>\n<li>Kantavuus: Sylinterin on kyett\u00e4v\u00e4 tukemaan sen kantaman kuorman painoa.<\/li>\n<li>Tiivistys: Erilaiset tiivistekomponentit, kuten m\u00e4nn\u00e4ntiivisteet, m\u00e4nn\u00e4nvarren tiivisteet jne., on valittava niiden kulutuskest\u00e4vyyden perusteella. My\u00f6s tiivistemateriaalin valintaa on harkittava hydrauli\u00f6ljyn vuotojen est\u00e4miseksi.<\/li>\n<li>Kest\u00e4vyys: Sylinterin on kestett\u00e4v\u00e4 raskaat kuormat ja ankarat ty\u00f6ymp\u00e4rist\u00f6t, joihin se voi kohdata, ja sylinterin rungon ja kierteitetyn p\u00e4\u00e4n pinta tulee k\u00e4sitell\u00e4 hyvin kulutuskest\u00e4vyyden parantamiseksi.<\/li>\n<li>Turvallisuus: Turvatoimenpiteit\u00e4 on toteutettava onnettomuuksien est\u00e4miseksi k\u00e4yt\u00f6n aikana.<\/li>\n<li>Huolto: Sylinteri on voideltava s\u00e4\u00e4nn\u00f6llisesti hydrauliikka\u00f6ljyll\u00e4, ja eri komponentit on tarkastettava s\u00e4\u00e4nn\u00f6llisesti huollon varalta.<\/li>\n<\/ul>\n<p><img decoding=\"async\" src=\"https:\/\/www.hydraulic-cylinders.net\/wp-content\/uploads\/2025\/01\/songte-oil-pipes-and-spare-parts.webp\" alt=\"Varaosat\" \/><\/p>\n<h2>Tiivistys ja voitelu<\/h2>\n<p>On k\u00e4ytett\u00e4v\u00e4 erilaisia \u200b\u200btiivistekomponentteja, kuten m\u00e4nn\u00e4ntiivisteit\u00e4, varren tiivisteit\u00e4 jne., ja tiivistemateriaalien, kuten polyuretaanin ja nitriilikumin, kulutuskest\u00e4vyytt\u00e4 on tarkasteltava \u00f6ljyvuotojen est\u00e4miseksi. Sylinterin runko ja kierteitetty p\u00e4\u00e4typinta on k\u00e4sitelt\u00e4v\u00e4 hienovaraisesti kulutuskest\u00e4vyyden parantamiseksi ja voideltava s\u00e4\u00e4nn\u00f6llisesti hydrauli\u00f6ljyll\u00e4 sujuvan toiminnan varmistamiseksi.<\/p>\n<h2>Huolto ja korjaus<\/h2>\n<p>S\u00e4\u00e4nn\u00f6lliset tarkastukset, asianmukainen voitelu, tiivisteiden vaihto ja kalibrointitarkastukset ovat kaikki yleisi\u00e4 huoltoteht\u00e4vi\u00e4. Asianmukainen asennus, voitelu ja s\u00e4\u00e4t\u00f6 ovat olennaisia, ja asennuksen aikana on annettava asianmukaiset kohdistusohjeet. On suositeltavaa k\u00e4ytt\u00e4\u00e4 sopivia asennuskiinnikkeit\u00e4 sylinterin kiinnitt\u00e4miseen ja antaa suositellut tarkastus-, korjaus- ja vaihtomenettelyt sylinterin k\u00e4ytt\u00f6i\u00e4n pident\u00e4miseksi.<\/p>\n<p><img decoding=\"async\" src=\"https:\/\/www.hydraulic-cylinders.net\/wp-content\/uploads\/2025\/01\/songte-chushion-collar.webp\" alt=\"Tyynykaulus\" \/><\/p>\n<h2>Turvallisuus- ja ymp\u00e4rist\u00f6n\u00e4k\u00f6kohdat<\/h2>\n<p>Kauhasylinteri\u00e4 k\u00e4ytett\u00e4ess\u00e4 on toteutettava turvatoimenpiteit\u00e4 onnettomuuksien est\u00e4miseksi k\u00e4yt\u00f6n aikana. My\u00f6s ymp\u00e4rist\u00f6n\u00e4k\u00f6kohdat, kuten \u00f6ljyvuodot ja j\u00e4tteenk\u00e4sittely, on otettava huomioon.<\/p>\n<h2>Yleisi\u00e4 ongelmia ja vianm\u00e4\u00e4ritys<\/h2>\n<p>Kauhasylinterin yleisi\u00e4 ongelmia ovat vuodot, ep\u00e4normaalit \u00e4\u00e4net ja sylinterirungon muodonmuutokset. Vianm\u00e4\u00e4ritysvinkit ja -ratkaisut voivat auttaa lukijoita diagnosoimaan ja ratkaisemaan ongelmia tehokkaasti, ja ennaltaehk\u00e4isev\u00e4t toimenpiteet voivat minimoida mahdolliset ongelmat.<\/p>\n<p><img decoding=\"async\" src=\"https:\/\/www.hydraulic-cylinders.net\/wp-content\/uploads\/2025\/01\/songte-bushings-with-all-kinds-of-excavator-models.webp\" alt=\"Holkit\" \/><\/p>\n<h2>Tietoa yrityksest\u00e4mme<\/h2>\n<p>Olemme hydraulisylinterien valmistaja, joka on erikoistunut vaihtosylintereihin. Tuotteemme ovat t\u00e4ydellisi\u00e4, mik\u00e4 tekee meist\u00e4 yhden johtavista hydraulisylinterien valmistajista ja tukkumyyjist\u00e4 kotimaisilla ja kansainv\u00e4lisill\u00e4 markkinoilla. Noudatamme erinomaisen laadun periaatetta ja luotamme hienostuneen valmistuspajan teollisen tuotannon hallintastrategiaan. Parannamme jatkuvasti valmistusalustaa, t\u00e4ydellist\u00e4mme tuotteiden laadun tuotantoreitti\u00e4 ja meill\u00e4 on vahva luovuus sek\u00e4 korkea tehokkuus, korkea tarkkuus ja korkeat laatuperiaatteet asiakkaiden monipuolisten tarpeiden t\u00e4ytt\u00e4miseksi.<\/p>\n<p><img decoding=\"async\" src=\"https:\/\/hzpt.com\/wp-content\/uploads\/2024\/11\/songte-company-1.webp\" alt=\"Yritys\" \/><\/p>\n<h2>Ammattimaisuus<\/h2>\n<p>Yrityksell\u00e4mme on joukko ammattitaitoista teknist\u00e4 henkil\u00f6st\u00f6\u00e4, joka voi suunnitella ja kehitt\u00e4\u00e4 r\u00e4\u00e4t\u00e4l\u00f6ityj\u00e4 hydraulisylintereit\u00e4 asiakkaiden vaatimusten mukaisesti. Meill\u00e4 on kokenut tiimi, joka voi tarjota ammattitaitoisia palveluita ja luotettavaa tukea asiakkaille.<\/p>\n<h2>Kansainv\u00e4linen sertifiointi<\/h2>\n<p>Olemme saaneet kansainv\u00e4lisen sertifikaatin, kuten ISO9001, ja olemme l\u00e4p\u00e4isseet useita laatu- ja turvallisuustestej\u00e4 varmistaaksemme, ett\u00e4 tuotteemme t\u00e4ytt\u00e4v\u00e4t kansainv\u00e4liset standardit ja ovat korkealaatuisia.<\/p>\n<h2>R\u00e4\u00e4t\u00e4l\u00f6idyt palvelut<\/h2>\n<p>Yrityksemme tarjoaa r\u00e4\u00e4t\u00e4l\u00f6ityj\u00e4 palveluita ja voimme valmistaa hydraulisylintereit\u00e4 asiakkaiden vaatimusten ja piirustusten mukaisesti, tarjoten asiakkaille r\u00e4\u00e4t\u00e4l\u00f6ityj\u00e4 hydraulisylinteriratkaisuja heid\u00e4n ainutlaatuisiin tarpeisiinsa.<\/p>\n<h2>Tuotantolaitteet<\/h2>\n<p>Yrityksell\u00e4mme on t\u00e4ydellinen valikoima edistyneit\u00e4 tuotantolaitteita ja testauslaitteita, mukaan lukien CNC-sorvit, CNC-ty\u00f6st\u00f6keskukset, tasohiomakoneet ja muut valmistuslaitteet. K\u00e4yt\u00e4mme hienostunutta valmistusprosessia varmistaaksemme jokaisen hydraulisylinterin tarkkuuden ja laadun.<\/p>\n<h2>Myynnin j\u00e4lkeinen palvelu<\/h2>\n<p>Yrityksemme tarjoaa asiakkaille laadukasta huoltopalvelua, joka sis\u00e4lt\u00e4\u00e4 s\u00e4\u00e4nn\u00f6llisen huollon, korjauksen ja osien vaihdon. Tarjoamme asiakkaillemme my\u00f6s teknist\u00e4 tukea ja ohjausta hydraulisylintereiden k\u00e4ytt\u00f6\u00f6n liittyvien ongelmien ratkaisemiseksi.<\/p>\n<p>Kirjoittaja: lyl<\/p>","protected":false},"excerpt":{"rendered":"<p>Bucket Cylinder For Hyundai Small Excavator R130-5 Introduction The bucket cylinder for Hyundai small excavator R130-5 is a specially designed hydraulic cylinder mainly used to control the movement of the bucket in heavy machinery, such as excavators, backhoe loaders, and front-end loaders. Its main function is to enable the bucket to be lifted, lowered, and [&hellip;]<\/p>","protected":false},"featured_media":14769,"comment_status":"open","ping_status":"closed","template":"","meta":{"_et_pb_use_builder":"","_et_pb_old_content":"","_et_gb_content_width":""},"product_brand":[],"product_cat":[1494],"product_tag":[1495,1496],"class_list":{"0":"post-15308","1":"product","2":"type-product","3":"status-publish","4":"has-post-thumbnail","6":"product_cat-bucket-cylinders","7":"product_tag-bucket-cylinders","8":"product_tag-hydraulic-cylinders","10":"first","11":"instock","12":"shipping-taxable","13":"product-type-simple"},"amp_enabled":true,"_links":{"self":[{"href":"https:\/\/www.hydraulic-cylinders.net\/fi\/wp-json\/wp\/v2\/product\/15308","targetHints":{"allow":["GET"]}}],"collection":[{"href":"https:\/\/www.hydraulic-cylinders.net\/fi\/wp-json\/wp\/v2\/product"}],"about":[{"href":"https:\/\/www.hydraulic-cylinders.net\/fi\/wp-json\/wp\/v2\/types\/product"}],"replies":[{"embeddable":true,"href":"https:\/\/www.hydraulic-cylinders.net\/fi\/wp-json\/wp\/v2\/comments?post=15308"}],"wp:featuredmedia":[{"embeddable":true,"href":"https:\/\/www.hydraulic-cylinders.net\/fi\/wp-json\/wp\/v2\/media\/14769"}],"wp:attachment":[{"href":"https:\/\/www.hydraulic-cylinders.net\/fi\/wp-json\/wp\/v2\/media?parent=15308"}],"wp:term":[{"taxonomy":"product_brand","embeddable":true,"href":"https:\/\/www.hydraulic-cylinders.net\/fi\/wp-json\/wp\/v2\/product_brand?post=15308"},{"taxonomy":"product_cat","embeddable":true,"href":"https:\/\/www.hydraulic-cylinders.net\/fi\/wp-json\/wp\/v2\/product_cat?post=15308"},{"taxonomy":"product_tag","embeddable":true,"href":"https:\/\/www.hydraulic-cylinders.net\/fi\/wp-json\/wp\/v2\/product_tag?post=15308"}],"curies":[{"name":"wp","href":"https:\/\/api.w.org\/{rel}","templated":true}]}}