{"id":15309,"date":"2025-01-19T14:22:01","date_gmt":"2025-01-19T14:22:01","guid":{"rendered":"https:\/\/www.hydraulic-cylinders.net\/product\/bucket-cylinder-for-hyundai-small-excavator-r60-7-9\/"},"modified":"2025-01-19T14:22:09","modified_gmt":"2025-01-19T14:22:09","slug":"bucket-cylinder-for-hyundai-small-excavator-r60-7-9","status":"publish","type":"product","link":"https:\/\/www.hydraulic-cylinders.net\/fi\/tuote\/bucket-cylinder-for-hyundai-small-excavator-r60-7-9\/","title":{"rendered":"Kauhan sylinteri Hyundai-pienkaivukoneeseen R60-7-9"},"content":{"rendered":"<h1>Kauhan sylinteri Hyundai-pienkaivukoneeseen R60-7-9<\/h1>\n<h2>Johdanto<\/h2>\n<h3>Kauhan sylinterin m\u00e4\u00e4rittely<\/h3>\n<p>Kauhasylinteri on erikoishydraulinen sylinteri, joka on suunniteltu ensisijaisesti ohjaamaan kauhan liikett\u00e4 raskaissa koneissa, kuten kaivinkoneissa, traktorikaivureissa ja etukuormaajissa. Sen p\u00e4\u00e4teht\u00e4v\u00e4n\u00e4 on mahdollistaa kauhan nostaminen, laskeminen ja kallistaminen, mik\u00e4 helpottaa erilaisten materiaalink\u00e4sittelyteht\u00e4vien suorittamista. Hydraulij\u00e4rjestelm\u00e4ss\u00e4 kauhasylinteri saavuttaa tarkan kauhan liikkeen hallinnan hydrauli\u00f6ljyn paineen muutosten avulla, jolloin k\u00e4ytt\u00e4j\u00e4t voivat k\u00e4sitell\u00e4 raskaita kuormia tehokkaasti, sopeutua monimutkaisiin ty\u00f6ymp\u00e4rist\u00f6ihin ja erilaisiin k\u00e4ytt\u00f6tarpeisiin.<\/p>\n<p><img decoding=\"async\" src=\"https:\/\/www.hydraulic-cylinders.net\/wp-content\/uploads\/2025\/01\/songte-company-2.webp\" alt=\"Kauhan sylinterin kuva\"><\/p>\n<h3>Kauhasylinterin ominaisuudet<\/h3>\n<ul>\n<li><strong>Korkea lujuus ja kest\u00e4vyys:<\/strong> Tyypillisesti eritt\u00e4in lujasta ter\u00e4ksest\u00e4 tai alumiinista valmistettu tuote kest\u00e4\u00e4 korkeaa painetta ja raskaita kuormia ja mukautuu vaativiin ty\u00f6olosuhteisiin. Suunnittelussa on otettu huomioon kulutuskest\u00e4vyys ja korroosionkest\u00e4vyys, mik\u00e4 pident\u00e4\u00e4 k\u00e4ytt\u00f6ik\u00e4\u00e4.<\/li>\n<li><strong>Tehokas hydraulinen k\u00e4ytt\u00f6:<\/strong> Hydrauli\u00f6ljyn paineen ansiosta se saavuttaa tasaisen ojennuksen ja sis\u00e4\u00e4nvedon, ja se reagoi nopeasti ohjauskomentoihin. Se tarjoaa tehokkaan ty\u00f6nt\u00f6- ja vetovoiman, mik\u00e4 sopii raskaiden kuormien k\u00e4sittelyyn ja monimutkaisiin k\u00e4ytt\u00f6teht\u00e4viin.<\/li>\n<li><strong>Erilaisia \u200b\u200btyyppej\u00e4:<\/strong> Yksitoimiset (hydrauliikkaa vain yhteen suuntaan) tai kaksitoimiset (hydrauliikkaa molempiin suuntiin) sylinterit voidaan valita tarpeiden mukaan erilaisten k\u00e4ytt\u00f6vaatimusten t\u00e4ytt\u00e4miseksi. Jotkut mallit ovat teleskooppisia, mik\u00e4 mahdollistaa suuremman jatkeen ilman ulkomittojen kasvua, mik\u00e4 sopii rajoitetun tilan sovelluksiin.<\/li>\n<li><strong>Helppo vaihto:<\/strong> Tuotteemme voi t\u00e4ydellisesti korvata n\u00e4m\u00e4 hydraulisylinterit.<\/li>\n<\/ul>\n<p><img decoding=\"async\" src=\"https:\/\/www.hydraulic-cylinders.net\/wp-content\/uploads\/2025\/01\/songte-cylinder-head-with-all-kinds-excavator-models.webp\" alt=\"Kauhan sylinterin vaihtokuva\"><\/p>\n<h3>Kauhasylinterin sovellukset<\/h3>\n<p>Kauhasylinterill\u00e4 on laaja valikoima sovelluksia erilaisissa koneissa, mukaan lukien:<\/p>\n<ul>\n<li><strong>Rakennuslaitteet:<\/strong> Kaivinkoneissa ne ovat v\u00e4ltt\u00e4m\u00e4tt\u00f6mi\u00e4 kaivamiseen, lastaamiseen ja maaper\u00e4n tai roskien siirt\u00e4miseen. Kaivinkoneissa kauhan sylinteri auttaa sek\u00e4 kaivamisessa ett\u00e4 nostamisessa. <\/li>\n<li><strong>Maatalouskoneet:<\/strong> K\u00e4ytet\u00e4\u00e4n etukuormaajissa maan, hein\u00e4n ja muiden materiaalien kaivamiseen, nostamiseen ja kuljettamiseen. <\/li>\n<li><strong>Kaivinkoneet:<\/strong> Kauhan sylinteri saavuttaa kaivutoiminnot antamalla kauhan tunkeutua maaper\u00e4\u00e4n. <\/li>\n<li><strong>Kuormaajat:<\/strong> Etukuormaajissa ne auttavat tavaroiden tehokkaassa nostamisessa ja tyhjent\u00e4misess\u00e4. <\/li>\n<\/ul>\n<p>Tarkastellaanpa joitakin t\u00e4rkeimpi\u00e4 sovelluksia yksityiskohtaisesti:<\/p>\n<h4>Rakennuslaitteet<\/h4>\n<p>Kaivinkoneissa kauhan sylinteri on v\u00e4ltt\u00e4m\u00e4t\u00f6n kaivamiseen, lastaamiseen ja maaper\u00e4n tai roskien siirt\u00e4miseen. Kauhan sylinteri auttaa paitsi kaivamisessa my\u00f6s nostamisessa. Kaivinkoneissa kauhan sylinteri\u00e4 k\u00e4ytet\u00e4\u00e4n kaivinkoneen kaivukauhan k\u00e4ytt\u00e4miseen ja sen nostamiseen.<\/p>\n<h4>Maatalouskoneet<\/h4>\n<p>Kauhan sylinterill\u00e4 on t\u00e4rke\u00e4 rooli erilaisissa maatalouskoneissa. Etukuormaajissa sylinteri auttaa maan, hein\u00e4n ja muiden materiaalien kaivamisessa, nostamisessa ja kuljetuksessa. Maatalouskuormaimia k\u00e4ytet\u00e4\u00e4n materiaalien, kuten lannan, karjanrehun ja mullan, kuljetukseen maatiloilla. <\/p>\n<h4>Kaivinkoneet<\/h4>\n<p>Kaivinkoneissa kauhan sylinteri mahdollistaa kauhan tunkeutumisen maaper\u00e4\u00e4n, ja sit\u00e4 k\u00e4ytet\u00e4\u00e4n sitten maaper\u00e4n ja kiviainesten nostamiseen. <\/p>\n<h4>Kuormaajat<\/h4>\n<p>Kuormaajissa kauhan sylinteri\u00e4 k\u00e4ytet\u00e4\u00e4n tavaroiden tehokkaaseen nostamiseen ja tyhjent\u00e4miseen. <\/p>\n<h3>Suunnittelun\u00e4k\u00f6kohdat ja valintakriteerit<\/h3>\n<p>Kauhasylinterit ovat olennainen osa raskaita koneita ja vaativat huolellista harkintaa ja valintaa. Kauhasylinteri\u00e4 valittaessa on otettava huomioon tekij\u00e4t, kuten kantokyky, tiiviys, kest\u00e4vyys, turvallisuus ja huollettavuus. Joitakin suunnitteluun liittyvi\u00e4 n\u00e4k\u00f6kohtia ja valintakriteerej\u00e4 ovat:<\/p>\n<ul>\n<li><strong>Kantavuus:<\/strong> Kauhasylinterin on oltava riitt\u00e4v\u00e4n kapasiteetin omaava vaadittujen kuormien nostamiseen ja siirt\u00e4miseen. Sylinterin tulee olla suunniteltu kest\u00e4m\u00e4\u00e4n raskaiden kuormien aiheuttamat iskut ja rasituksen sek\u00e4 s\u00e4ilytt\u00e4m\u00e4\u00e4n vakauden k\u00e4yt\u00f6n aikana.<\/li>\n<li><strong>Tiivistys:<\/strong> Sylinteri on tiivistett\u00e4v\u00e4 vuotojen est\u00e4miseksi ja sujuvan toiminnan varmistamiseksi. Kest\u00e4vyyden yll\u00e4pit\u00e4miseksi on k\u00e4ytett\u00e4v\u00e4 erilaisia \u200b\u200btiivistekomponentteja, kuten m\u00e4nn\u00e4ntiivisteit\u00e4 ja m\u00e4nn\u00e4nvarren tiivisteit\u00e4, jotka on valmistettu kulutusta kest\u00e4vist\u00e4 materiaaleista, kuten polyuretaanista ja nitriilikumista. <\/li>\n<li><strong>Kest\u00e4vyys:<\/strong> Kauhasylinterin on oltava suunniteltu kest\u00e4m\u00e4\u00e4n raskaiden koneiden ankaria k\u00e4ytt\u00f6olosuhteita. Sylinterin pinta on k\u00e4sitelt\u00e4v\u00e4 kulutuskest\u00e4vyyden ja korroosionkest\u00e4vyyden lis\u00e4\u00e4miseksi sek\u00e4 k\u00e4ytt\u00f6i\u00e4n pident\u00e4miseksi. <\/li>\n<li><strong>Turvallisuus:<\/strong> Turvallisuusn\u00e4k\u00f6kohdat ovat merkitt\u00e4v\u00e4 tekij\u00e4 kauhasylinteri\u00e4 valittaessa. Sylinteri on suunniteltava est\u00e4m\u00e4\u00e4n onnettomuudet, kuten \u00e4killiset sylinterin pett\u00e4miset ja vuodot, jotka voivat aiheuttaa vahinkoa k\u00e4ytt\u00e4jille ja vahingoittaa koneita. <\/li>\n<li><strong>Yll\u00e4pidett\u00e4vyys:<\/strong> Kauhasylinterin tulee olla suunniteltu helposti huollettavaksi. Sylinterin osien tulee olla helposti saatavilla ja vaihdettavissa, ja huoltomenettelyjen tulee olla selke\u00e4sti m\u00e4\u00e4riteltyj\u00e4. <\/li>\n<\/ul>\n<p><img decoding=\"async\" src=\"https:\/\/www.hydraulic-cylinders.net\/wp-content\/uploads\/2025\/01\/songte-oil-pipes-and-spare-parts.webp\" alt=\"Kauhan sylinterin suunnittelukuva\"><\/p>\n<h3>Kauhan sylinterin tiivistys ja voitelu<\/h3>\n<p>Tiivistys ja voitelu ovat v\u00e4ltt\u00e4m\u00e4tt\u00f6mi\u00e4 kauhan sylinterin sujuvalle toiminnalle. Kest\u00e4vyyden yll\u00e4pit\u00e4miseksi on k\u00e4ytett\u00e4v\u00e4 erilaisia \u200b\u200btiivistyskomponentteja, kuten m\u00e4nn\u00e4ntiivisteit\u00e4 ja varren tiivisteit\u00e4, jotka on valmistettu kulutusta kest\u00e4vist\u00e4 materiaaleista, kuten polyuretaanista ja nitriilikumista. Sylinterin pinta on k\u00e4sitelt\u00e4v\u00e4 kulutuskest\u00e4vyyden ja korroosionkest\u00e4vyyden lis\u00e4\u00e4miseksi sek\u00e4 k\u00e4ytt\u00f6i\u00e4n pident\u00e4miseksi. Sylinteri vaatii s\u00e4\u00e4nn\u00f6llist\u00e4 voitelua sopivalla hydrauli\u00f6ljyll\u00e4 sujuvan toiminnan varmistamiseksi ja vaurioiden est\u00e4miseksi.<\/p>\n<h3>S\u00e4\u00e4nn\u00f6lliset tarkastukset ja ennaltaehk\u00e4isev\u00e4t huoltotoimenpiteet<\/h3>\n<p>Kauhan sylinteri vaatii s\u00e4\u00e4nn\u00f6llist\u00e4 tarkastusta ja huoltoa turvallisen ja tehokkaan toiminnan varmistamiseksi. Joitakin ennaltaehk\u00e4isevi\u00e4 huoltotoimenpiteit\u00e4 ovat:<\/p>\n<ul>\n<li><strong>S\u00e4\u00e4nn\u00f6llinen tarkastus:<\/strong> Kauhan sylinteri on tarkastettava s\u00e4\u00e4nn\u00f6llisesti kulumisen ja vaurioiden varalta. Sylinterin osat, kuten m\u00e4nn\u00e4n tiivisteet, m\u00e4nn\u00e4nvarren tiivisteet ja sylinteriputki, on tarkistettava vuotojen ja kulumisen varalta v\u00e4hint\u00e4\u00e4n kerran vuodessa. <\/li>\n<li><strong>Oikea voitelu:<\/strong> Kauhan sylinteri tulee voidella s\u00e4\u00e4nn\u00f6llisesti sopivalla hydrauliikka\u00f6ljyll\u00e4 sujuvan toiminnan varmistamiseksi ja vaurioiden est\u00e4miseksi. <\/li>\n<li><strong>Tiivisteen vaihto:<\/strong> Tiivisteet tulee vaihtaa s\u00e4\u00e4nn\u00f6llisin v\u00e4liajoin vuotojen est\u00e4miseksi ja moitteettoman toiminnan varmistamiseksi. <\/li>\n<li><strong>Kalibrointitarkistus:<\/strong> Kauhan sylinteri tulee kalibroida s\u00e4\u00e4nn\u00f6llisesti tarkan toiminnan varmistamiseksi. <\/li>\n<\/ul>\n<p>Oikea asennus on ratkaisevan t\u00e4rke\u00e4\u00e4 kauhan sylinterin turvallisen ja tehokkaan toiminnan kannalta. Sylinteri on kohdistettava oikein ja sylinterin kiinnitt\u00e4miseen on k\u00e4ytett\u00e4v\u00e4 sopivia asennuskiinnikkeit\u00e4. Suositeltuja tarkastus-, korjaus- ja vaihtomenettelyj\u00e4 on noudatettava sylinterin k\u00e4ytt\u00f6i\u00e4n pident\u00e4miseksi. <\/p>\n<p><img decoding=\"async\" src=\"https:\/\/www.hydraulic-cylinders.net\/wp-content\/uploads\/2025\/01\/songte-chushion-collar.webp\" alt=\"Kauhan sylinterin huoltokuva\"><\/p>\n<h3>Turvallisuus- ja ymp\u00e4rist\u00f6n\u00e4k\u00f6kohdat<\/h3>\n<p>Turvallisuus on olennainen osa kauhasylintereiden k\u00e4ytt\u00f6\u00e4. Kuljettajien on noudatettava ohjeita ja m\u00e4\u00e4r\u00e4yksi\u00e4 k\u00e4ytt\u00e4ess\u00e4\u00e4n raskaita koneita kauhasylintereill\u00e4. My\u00f6s ymp\u00e4rist\u00f6n\u00e4k\u00f6kohdat, kuten \u00f6ljyvuotojen est\u00e4minen ja hydrauli\u00f6ljyn asianmukainen h\u00e4vitt\u00e4minen, on otettava huomioon. <\/p>\n<h3>Vianm\u00e4\u00e4ritys ja yleiset ongelmat<\/h3>\n<p>Yleisi\u00e4 kauhasylinterin ongelmia ovat tiivistevuodot, m\u00e4nn\u00e4nvarren vauriot ja yleinen kuluminen. Ongelmien diagnosoimiseksi k\u00e4ytt\u00e4jien tulee suorittaa sylinterin silm\u00e4m\u00e4\u00e4r\u00e4inen tarkastus ja painekoe. Jos sylinteri on vaurioitunut, se on korjattava tai vaihdettava v\u00e4litt\u00f6m\u00e4sti lis\u00e4vaurioiden est\u00e4miseksi ja turvallisen k\u00e4yt\u00f6n varmistamiseksi.<\/p>\n<h3>Johtop\u00e4\u00e4t\u00f6s<\/h3>\n<p>Kauhasylinterit ovat raskaiden koneiden olennaisia \u200b\u200bosia, jotka mahdollistavat tehokkaan materiaalink\u00e4sittelyn ja -siirron. Yrityksemme tarjoaa laajan valikoiman erinomaisia \u200b\u200bhydraulisylintereit\u00e4, jotka ovat kest\u00e4v\u00e4n suunnittelun ja r\u00e4\u00e4t\u00e4l\u00f6ityjen palveluiden vastine. Yrityksemme on sitoutunut tarjoamaan korkealaatuisia tuotteita ja palveluita, jotka perustuvat hienostuneeseen valmistuspajaan, nykyaikaisiin tuotantolaitteisiin ja ammattimaisiin testausj\u00e4rjestelmiin. Noudatamme korkean tehokkuuden, tarkkuuden ja laadun periaatteita vastataksemme monipuolisiin asiakastarpeisiin. <\/p>\n<p><img decoding=\"async\" src=\"https:\/\/hzpt.com\/wp-content\/uploads\/2024\/11\/songte-company-1.webp\" alt=\"Yrityksen imago\"><\/p>\n<h3>Tietoja kirjoittajasta<\/h3>\n<p>Kirjoittaja: lyl<\/p>","protected":false},"excerpt":{"rendered":"<p>Bucket Cylinder For Hyundai Small Excavator R60-7-9 Introduction Defining Bucket Cylinder A bucket cylinder is a specialized hydraulic cylinder designed primarily to control the movement of a bucket in heavy machinery such as excavators, backhoes, and front loaders. Its main function is to enable the bucket to perform lifting, lowering, and tilting, making it easier [&hellip;]<\/p>","protected":false},"featured_media":14765,"comment_status":"open","ping_status":"closed","template":"","meta":{"_et_pb_use_builder":"","_et_pb_old_content":"","_et_gb_content_width":""},"product_brand":[],"product_cat":[1494],"product_tag":[1495,1496],"class_list":{"0":"post-15309","1":"product","2":"type-product","3":"status-publish","4":"has-post-thumbnail","6":"product_cat-bucket-cylinders","7":"product_tag-bucket-cylinders","8":"product_tag-hydraulic-cylinders","10":"first","11":"instock","12":"shipping-taxable","13":"product-type-simple"},"amp_enabled":true,"_links":{"self":[{"href":"https:\/\/www.hydraulic-cylinders.net\/fi\/wp-json\/wp\/v2\/product\/15309","targetHints":{"allow":["GET"]}}],"collection":[{"href":"https:\/\/www.hydraulic-cylinders.net\/fi\/wp-json\/wp\/v2\/product"}],"about":[{"href":"https:\/\/www.hydraulic-cylinders.net\/fi\/wp-json\/wp\/v2\/types\/product"}],"replies":[{"embeddable":true,"href":"https:\/\/www.hydraulic-cylinders.net\/fi\/wp-json\/wp\/v2\/comments?post=15309"}],"wp:featuredmedia":[{"embeddable":true,"href":"https:\/\/www.hydraulic-cylinders.net\/fi\/wp-json\/wp\/v2\/media\/14765"}],"wp:attachment":[{"href":"https:\/\/www.hydraulic-cylinders.net\/fi\/wp-json\/wp\/v2\/media?parent=15309"}],"wp:term":[{"taxonomy":"product_brand","embeddable":true,"href":"https:\/\/www.hydraulic-cylinders.net\/fi\/wp-json\/wp\/v2\/product_brand?post=15309"},{"taxonomy":"product_cat","embeddable":true,"href":"https:\/\/www.hydraulic-cylinders.net\/fi\/wp-json\/wp\/v2\/product_cat?post=15309"},{"taxonomy":"product_tag","embeddable":true,"href":"https:\/\/www.hydraulic-cylinders.net\/fi\/wp-json\/wp\/v2\/product_tag?post=15309"}],"curies":[{"name":"wp","href":"https:\/\/api.w.org\/{rel}","templated":true}]}}