{"id":15312,"date":"2025-01-19T14:22:19","date_gmt":"2025-01-19T14:22:19","guid":{"rendered":"https:\/\/www.hydraulic-cylinders.net\/product\/bucket-cylinder-for-hyundai-middle-excavator-r170lc-5\/"},"modified":"2025-01-19T14:22:21","modified_gmt":"2025-01-19T14:22:21","slug":"bucket-cylinder-for-hyundai-middle-excavator-r170lc-5","status":"publish","type":"product","link":"https:\/\/www.hydraulic-cylinders.net\/fi\/tuote\/bucket-cylinder-for-hyundai-middle-excavator-r170lc-5\/","title":{"rendered":"Kauhan sylinteri Hyundai Middle -kaivukoneeseen R170LC-5"},"content":{"rendered":"<h1>Kauhan sylinteri Hyundai Middle -kaivukoneeseen R170LC-5<\/h1>\n<h2>Johdanto<\/h2>\n<p>Hyundai R170LC-5 -kaivukoneen kauhan sylinteri on erikoishydraulisylinteri, jota k\u00e4ytet\u00e4\u00e4n p\u00e4\u00e4asiassa raskaiden koneiden, kuten kaivinkoneiden, traktorikaivureiden ja etukuormaajien, kauhojen liikkeen ohjaamiseen. Sen p\u00e4\u00e4teht\u00e4v\u00e4n\u00e4 on mahdollistaa kauhan nostaminen, laskeminen ja kallistaminen, mik\u00e4 helpottaa erilaisten materiaalinsiirtoteht\u00e4vien k\u00e4sittely\u00e4. Hydraulij\u00e4rjestelm\u00e4ss\u00e4 kauhan sylinteri hy\u00f6dynt\u00e4\u00e4 hydrauli\u00f6ljyn paineenmuutoksia kauhan tarkan hallinnan saavuttamiseksi, jolloin k\u00e4ytt\u00e4j\u00e4t voivat k\u00e4sitell\u00e4 raskaita kuormia tehokkaasti ja sopeutua monimutkaisiin ty\u00f6ymp\u00e4rist\u00f6ihin ja erilaisiin ty\u00f6vaatimuksiin.<\/p>\n<p><img decoding=\"async\" src=\"https:\/\/www.hydraulic-cylinders.net\/wp-content\/uploads\/2025\/01\/songte-company-2.webp\"><\/p>\n<h2>Tuotteen ominaisuudet<\/h2>\n<ul>\n<li>\n<h3>Korkea lujuus ja kest\u00e4vyys<\/h3>\n<p>Tyypillisesti lujasta ter\u00e4ksest\u00e4 tai alumiinista valmistettu kauhasylinteri kest\u00e4\u00e4 korkeaa painetta ja raskaita kuormia ja mukautuu vaativiin ty\u00f6ymp\u00e4rist\u00f6ihin. Suunnittelussa on otettu huomioon my\u00f6s kulutuskest\u00e4vyys ja korroosionkest\u00e4vyys sylinterin k\u00e4ytt\u00f6i\u00e4n pident\u00e4miseksi.<\/p>\n<\/li>\n<li>\n<h3>Tehokas hydraulinen k\u00e4ytt\u00f6<\/h3>\n<p>Hydrauli\u00f6ljyn paineen ansiosta sylinteri saavuttaa tasaisen ojennuksen ja sis\u00e4\u00e4nvedon, jolloin se reagoi nopeasti komentoihin ja tarjoaa voimakkaan ty\u00f6nt\u00f6- ja vetovoiman, mik\u00e4 sopii raskaiden kuormien k\u00e4sittelyyn ja monimutkaisiin ty\u00f6teht\u00e4viin.<\/p>\n<\/li>\n<li>\n<h3>Erilaisia \u200b\u200btyyppej\u00e4<\/h3>\n<p>Yksi- tai kaksitoimisia sylintereit\u00e4 voidaan valita tarpeiden mukaan erilaisten k\u00e4ytt\u00f6vaatimusten t\u00e4ytt\u00e4miseksi. Jotkut mallit ovat teleskooppisia, mik\u00e4 mahdollistaa suuremman jatkeen ilman ulkomittojen kasvua, mik\u00e4 sopii sovelluksiin, joissa on rajoitetusti tilaa.<\/p>\n<\/li>\n<li>\n<h3>T\u00e4ydellinen korvaus<\/h3>\n<p>Tuotteemme voi t\u00e4ydellisesti korvata n\u00e4m\u00e4 hydraulisylinterit. <\/p>\n<\/li>\n<\/ul>\n<p><img decoding=\"async\" src=\"https:\/\/www.hydraulic-cylinders.net\/wp-content\/uploads\/2025\/01\/songte-cylinder-head-with-all-kinds-excavator-models.webp\"><\/p>\n<h2>Sovellukset<\/h2>\n<p>Hyundai Middle Excavator R170LC-5 -kaivukoneen kauhan sylinteri\u00e4 voidaan k\u00e4ytt\u00e4\u00e4 laajalti erilaisissa raskaissa koneissa, mukaan lukien:<\/p>\n<ul>\n<li>\n<h3>Rakennuslaitteet<\/h3>\n<p>Kaivinkoneissa ne ovat v\u00e4ltt\u00e4m\u00e4tt\u00f6mi\u00e4 kaivamiseen, lastaamiseen ja maaper\u00e4n tai roskien siirt\u00e4miseen. Kaivinkoneissa sylinteri auttaa sek\u00e4 kaivamisessa ett\u00e4 nostamisessa. <\/p>\n<\/li>\n<li>\n<h3>Maatalouskoneet<\/h3>\n<p>Etukuormaajissa k\u00e4ytett\u00e4v\u00e4\u00e4 sylinteri\u00e4 k\u00e4ytet\u00e4\u00e4n maaper\u00e4n, hein\u00e4n ja muiden materiaalien k\u00e4sittelyyn, ja se voi nousta ja kallistua tehokasta tyhjennyst\u00e4 varten. <\/p>\n<\/li>\n<li>\n<h3>Kaivinkoneet<\/h3>\n<p>Kauhan sylinteri mahdollistaa kauhan tunkeutumisen maaper\u00e4\u00e4n kaivut\u00f6it\u00e4 varten. <\/p>\n<\/li>\n<li>\n<h3>Kuormaajat<\/h3>\n<p>Etukuormaajissa ne auttavat tavaroiden tehokkaassa nostamisessa ja tyhjent\u00e4misess\u00e4. <\/p>\n<\/li>\n<\/ul>\n<h2>Suunnittelun\u00e4k\u00f6kohdat ja valintakriteerit<\/h2>\n<p>Hyundai R170LC-5 -kaivukoneen kauhan sylinteri on suunniteltu ottaen huomioon useita tekij\u00f6it\u00e4, mukaan lukien:<\/p>\n<ul>\n<li>\n<h3>Kantavuus<\/h3>\n<p>Sylinterin on kestett\u00e4v\u00e4 suurin mahdollinen kuormitus, jota se k\u00e4sittelee. <\/p>\n<\/li>\n<li>\n<h3>Tiivistyskyky<\/h3>\n<p>Sylinterin tiivistysominaisuuksien tulee olla luotettavat \u00f6ljyvuotojen est\u00e4miseksi ja sujuvan toiminnan varmistamiseksi. <\/p>\n<\/li>\n<li>\n<h3>Kest\u00e4vyys<\/h3>\n<p>Sylinterin tulee olla valmistettu korkealaatuisista materiaaleista, joilla on erinomainen kulutuskest\u00e4vyys ja korroosionkest\u00e4vyys sen k\u00e4ytt\u00f6i\u00e4n pident\u00e4miseksi. <\/p>\n<\/li>\n<li>\n<h3>Turvallisuus<\/h3>\n<p>Sylinteri tulee suunnitella turvallisuusn\u00e4k\u00f6kohdat huomioon ottaen, jotta estet\u00e4\u00e4n sylinterin rikkoutumisesta johtuvat onnettomuudet. <\/p>\n<\/li>\n<li>\n<h3>Yll\u00e4pidett\u00e4vyys<\/h3>\n<p>Sylinterin tulee olla helposti huollettavissa huoltokustannusten ja seisokkiaikojen v\u00e4hent\u00e4miseksi. <\/p>\n<\/li>\n<\/ul>\n<p><img decoding=\"async\" src=\"https:\/\/www.hydraulic-cylinders.net\/wp-content\/uploads\/2025\/01\/songte-oil-pipes-and-spare-parts.webp\"><\/p>\n<h2>Tiivistys ja voitelu<\/h2>\n<p>Hyundai R170LC-5 -kaivukoneen kauhan sylinteriss\u00e4 on erilaisia \u200b\u200btiivistyskomponentteja, kuten m\u00e4nn\u00e4ntiivisteit\u00e4 ja varren tiivisteit\u00e4, jotka on valmistettu kulutusta kest\u00e4vist\u00e4 materiaaleista, kuten polyuretaanista ja nitriilikumista. Sylinterin runko, m\u00e4nt\u00e4 ja varren pinta on my\u00f6s hienok\u00e4sitelty kulutuskest\u00e4vyyden parantamiseksi. S\u00e4\u00e4nn\u00f6llinen voitelu sopivalla hydrauliikka\u00f6ljyll\u00e4 on v\u00e4ltt\u00e4m\u00e4t\u00f6nt\u00e4 sujuvan toiminnan varmistamiseksi. <\/p>\n<h2>S\u00e4\u00e4nn\u00f6llinen tarkastus ja ennaltaehk\u00e4isev\u00e4 huolto<\/h2>\n<p>S\u00e4\u00e4nn\u00f6lliset tarkastukset ja ennaltaehk\u00e4isev\u00e4 huolto ovat t\u00e4rkeit\u00e4 Hyundai Middle Excavator R170LC-5 -kaivukoneen kauhan sylinterin turvallisen ja tehokkaan toiminnan varmistamiseksi. Joitakin ennaltaehk\u00e4isevi\u00e4 huoltotoimenpiteit\u00e4 ovat:<\/p>\n<ul>\n<li>S\u00e4\u00e4nn\u00f6llinen voitelu<\/li>\n<li>Tiivisteen vaihto<\/li>\n<li>Kalibrointitarkistus<\/li>\n<\/ul>\n<h2>Tuotteen asennusopas<\/h2>\n<p>Oikea asennus on v\u00e4ltt\u00e4m\u00e4t\u00f6nt\u00e4 Hyundai Middle Excavator R170LC-5 -kaivukoneen kauhan sylinterin turvallisen ja tehokkaan toiminnan kannalta. Seuraavat vaiheet ohjaavat oikeanlaista asennusta:<\/p>\n<ol>\n<li>Kohdista sylinteri kiinnityspinnan kanssa.<\/li>\n<li>K\u00e4yt\u00e4 sopivia kiinnityskorvakkeita sylinterin kiinnitt\u00e4miseen.<\/li>\n<li>Liit\u00e4 hydrauliletkut sylinteriin.<\/li>\n<li>Varmista, ett\u00e4 letkut eiv\u00e4t ole kiertyneet tai mutkalla.<\/li>\n<li>Huuhtele hydrauliikkaj\u00e4rjestelm\u00e4 ennen k\u00e4ytt\u00f6\u00e4.<\/li>\n<\/ol>\n<p>Oikean asennuksen, voitelun ja s\u00e4\u00e4d\u00f6n t\u00e4rkeytt\u00e4 korostetaan sylinterin k\u00e4ytt\u00f6i\u00e4n ja suorituskyvyn parantamiseksi. Suosittelemme asianmukaisten asennusty\u00f6kalujen k\u00e4ytt\u00f6\u00e4 ja suositeltujen tarkastus-, korjaus- ja vaihtomenettelyjen noudattamista parhaan tuloksen varmistamiseksi. <\/p>\n<p><img decoding=\"async\" src=\"https:\/\/www.hydraulic-cylinders.net\/wp-content\/uploads\/2025\/01\/songte-chushion-collar.webp\"><\/p>\n<h2>Turvallisuusn\u00e4k\u00f6kohdat ja ymp\u00e4rist\u00f6tekij\u00e4t<\/h2>\n<p>On t\u00e4rke\u00e4\u00e4 noudattaa turvaohjeita Hyundai R170LC-5 -kaivukoneen kauhan sylinteri\u00e4 k\u00e4ytett\u00e4ess\u00e4. Sylinteri\u00e4 tulee k\u00e4ytt\u00e4\u00e4 m\u00e4\u00e4riteltyjen parametrien mukaisesti onnettomuuksien v\u00e4ltt\u00e4miseksi. Ymp\u00e4rist\u00f6tekij\u00e4t, kuten l\u00e4mp\u00f6tila ja kosteus, on my\u00f6s otettava huomioon sylinteri\u00e4 k\u00e4ytett\u00e4ess\u00e4.<\/p>\n<h2>Vianm\u00e4\u00e4ritys ja yleiset ongelmat<\/h2>\n<p>Seuraavat ovat yleisi\u00e4 ongelmia, joita voi ilmet\u00e4 k\u00e4ytett\u00e4ess\u00e4 kauhan sylinteri\u00e4 Hyundai Middle Excavator R170LC-5 -kaivukoneessa:<\/p>\n<ul>\n<li>\u00d6ljyvuoto<\/li>\n<li>Hidas toiminta<\/li>\n<li>Ep\u00e4s\u00e4\u00e4nn\u00f6llinen toiminta<\/li>\n<li>Melu<\/li>\n<\/ul>\n<p>N\u00e4iden ongelmien ratkaisemiseksi on ryhdytt\u00e4v\u00e4 asianmukaisiin vianm\u00e4\u00e4ritystoimenpiteisiin. Esimerkiksi \u00f6ljyvuoto voi johtua vaurioituneista tiivisteist\u00e4 tai l\u00f6ysist\u00e4 liitoksista. Hidas toiminta voi johtua alhaisesta hydrauli\u00f6ljyn paineesta. Ep\u00e4s\u00e4\u00e4nn\u00f6llinen toiminta voi johtua toimintah\u00e4iri\u00f6isest\u00e4 venttiilist\u00e4 tai sylinterist\u00e4. Melu voi johtua hydraulij\u00e4rjestelm\u00e4\u00e4n j\u00e4\u00e4neest\u00e4 ilmasta. S\u00e4\u00e4nn\u00f6llinen tarkastus ja ennaltaehk\u00e4isev\u00e4 huolto voivat auttaa est\u00e4m\u00e4\u00e4n n\u00e4iden ongelmien syntymisen.<\/p>\n<p><img decoding=\"async\" src=\"https:\/\/www.hydraulic-cylinders.net\/wp-content\/uploads\/2025\/01\/songte-bushings-with-all-kinds-of-excavator-models.webp\"><\/p>\n<h2>Tietoa yrityksest\u00e4mme<\/h2>\n<p>Olemme korvaavien hydraulisylinterien valmistaja ja tarjoamme t\u00e4yden valikoiman tuotteita. Olemme yksi johtavista hydraulisylinterien valmistajista ja tukkumyyjist\u00e4 kotimaisilla ja kansainv\u00e4lisill\u00e4 markkinoilla. Noudatamme erinomaisen laadun strategiaa, joka perustuu hienojen valmistuspajojen teollistettuun tuotannonohjaukseen. Parannamme jatkuvasti ty\u00f6pajan valmistusalustaa, parannamme tuotteen tuotannon laatua ja meill\u00e4 on vahva luova kyky. K\u00e4yt\u00e4mme periaatteitamme korkeaa tehokkuutta, korkeaa tarkkuutta ja korkeaa laatua vastataksemme monipuolisiin asiakastarpeisiin.<\/p>\n<p>Olemme sitoutuneet tarjoamaan ammattimaisia, kansainv\u00e4lisesti sertifioituja ja r\u00e4\u00e4t\u00e4l\u00f6ityj\u00e4 palveluita sek\u00e4 edistyneit\u00e4 tuotantolaitteita ja erinomaista huoltopalvelua. Yrityksemme kasvaa ja kehittyy jatkuvasti, ja olemme varmoja, ett\u00e4 voimme tarjota asiakkaillemme laadukkaita tuotteita ja palveluita.<\/p>\n<p><img decoding=\"async\" src=\"https:\/\/hzpt.com\/wp-content\/uploads\/2024\/11\/songte-company-1.webp\"><\/p>\n<p>Kirjoittaja: lyl<\/p>","protected":false},"excerpt":{"rendered":"<p>Bucket Cylinder For Hyundai Middle Excavator R170LC-5 Introduction The Bucket Cylinder for Hyundai Middle Excavator R170LC-5 is a specialized hydraulic cylinder primarily used to control the motion of excavator buckets in heavy machinery such as excavators, backhoe excavators, and front-end loaders. Its main function is to enable the bucket to lift, lower, and tilt, making [&hellip;]<\/p>","protected":false},"featured_media":14789,"comment_status":"open","ping_status":"closed","template":"","meta":{"_et_pb_use_builder":"","_et_pb_old_content":"","_et_gb_content_width":""},"product_brand":[],"product_cat":[1494],"product_tag":[1495,1496],"class_list":{"0":"post-15312","1":"product","2":"type-product","3":"status-publish","4":"has-post-thumbnail","6":"product_cat-bucket-cylinders","7":"product_tag-bucket-cylinders","8":"product_tag-hydraulic-cylinders","10":"first","11":"instock","12":"shipping-taxable","13":"product-type-simple"},"amp_enabled":true,"_links":{"self":[{"href":"https:\/\/www.hydraulic-cylinders.net\/fi\/wp-json\/wp\/v2\/product\/15312","targetHints":{"allow":["GET"]}}],"collection":[{"href":"https:\/\/www.hydraulic-cylinders.net\/fi\/wp-json\/wp\/v2\/product"}],"about":[{"href":"https:\/\/www.hydraulic-cylinders.net\/fi\/wp-json\/wp\/v2\/types\/product"}],"replies":[{"embeddable":true,"href":"https:\/\/www.hydraulic-cylinders.net\/fi\/wp-json\/wp\/v2\/comments?post=15312"}],"wp:featuredmedia":[{"embeddable":true,"href":"https:\/\/www.hydraulic-cylinders.net\/fi\/wp-json\/wp\/v2\/media\/14789"}],"wp:attachment":[{"href":"https:\/\/www.hydraulic-cylinders.net\/fi\/wp-json\/wp\/v2\/media?parent=15312"}],"wp:term":[{"taxonomy":"product_brand","embeddable":true,"href":"https:\/\/www.hydraulic-cylinders.net\/fi\/wp-json\/wp\/v2\/product_brand?post=15312"},{"taxonomy":"product_cat","embeddable":true,"href":"https:\/\/www.hydraulic-cylinders.net\/fi\/wp-json\/wp\/v2\/product_cat?post=15312"},{"taxonomy":"product_tag","embeddable":true,"href":"https:\/\/www.hydraulic-cylinders.net\/fi\/wp-json\/wp\/v2\/product_tag?post=15312"}],"curies":[{"name":"wp","href":"https:\/\/api.w.org\/{rel}","templated":true}]}}