{"id":15313,"date":"2025-01-19T14:22:24","date_gmt":"2025-01-19T14:22:24","guid":{"rendered":"https:\/\/www.hydraulic-cylinders.net\/product\/bucket-cylinder-for-hyundai-middle-excavator-r200-5-5d\/"},"modified":"2025-01-19T14:22:26","modified_gmt":"2025-01-19T14:22:26","slug":"bucket-cylinder-for-hyundai-middle-excavator-r200-5-5d","status":"publish","type":"product","link":"https:\/\/www.hydraulic-cylinders.net\/fi\/tuote\/bucket-cylinder-for-hyundai-middle-excavator-r200-5-5d\/","title":{"rendered":"Kauhan sylinteri Hyundai-kaivukoneelle R200-5-5D"},"content":{"rendered":"<h1>Kauhan sylinteri Hyundai Middle -kaivukoneelle R200-5-5D<\/h1>\n<h2>Johdanto<\/h2>\n<p>A bucket cylinder is a specially designed hydraulic cylinder used to control the movement of the bucket in heavy machinery like excavators, backhoe excavators, and front-end loaders. Its main function is to enable the bucket to lift, lower, and tilt, making it easier to transport various materials. In the hydraulic system, the bucket cylinder achieves precise control of the bucket&#8217;s movements through the pressure changes of hydraulic oil, enabling operators to handle heavy materials efficiently, adapt to complex working environments, and diverse operational requirements.<\/p>\n<p><img decoding=\"async\" src=\"https:\/\/www.hydraulic-cylinders.net\/wp-content\/uploads\/2025\/01\/songte-company-2.webp\"><\/p>\n<h2>Ominaisuudet<\/h2>\n<ul>\n<li>Suuri lujuus ja kest\u00e4vyys: yleens\u00e4 valmistettu eritt\u00e4in lujasta ter\u00e4ksest\u00e4 tai alumiinista, se kest\u00e4\u00e4 korkeaa painetta ja raskaita kuormia, sopeutuu ankariin ty\u00f6ymp\u00e4rist\u00f6ihin ja on suunniteltu kulutuskest\u00e4vyydell\u00e4 ja korroosionkest\u00e4vyydell\u00e4 k\u00e4ytt\u00f6i\u00e4n pident\u00e4miseksi.<\/li>\n<li>Tehokas hydraulinen toiminta: k\u00e4ytt\u00e4\u00e4 hydrauli\u00f6ljynpainetta tasaisten ojennus- ja supistusliikkeiden saavuttamiseksi, reagoi nopeasti ohjauskomentoihin, tarjoaa tehokkaita ty\u00f6nt\u00f6- ja vetovoimia ja soveltuu raskaiden materiaalien k\u00e4sittelyyn ja monimutkaisiin operatiivisiin teht\u00e4viin.<\/li>\n<li>Erilaisia \u200b\u200btyyppej\u00e4: voi valita yksitoimisia (hydrauliikkaa k\u00e4ytet\u00e4\u00e4n vain yhteen suuntaan) tai kaksitoimisia (hydrauliikkaa k\u00e4ytet\u00e4\u00e4n kahteen suuntaan) sylintereit\u00e4 vaatimusten mukaan erilaisten k\u00e4ytt\u00f6tarpeiden t\u00e4ytt\u00e4miseksi. Jotkut mallit ovat teleskooppisia, mik\u00e4 mahdollistaa suuremman jatkeen ilman ulkomittojen kasvua, joten ne sopivat rajoitettuihin tiloihin.<\/li>\n<li>Helppo asentaa: tuotteemme voi t\u00e4ydellisesti korvata n\u00e4m\u00e4 hydraulisylinterit.<\/li>\n<\/ul>\n<p><img decoding=\"async\" src=\"https:\/\/www.hydraulic-cylinders.net\/wp-content\/uploads\/2025\/01\/songte-cylinder-head-with-all-kinds-excavator-models.webp\"><\/p>\n<h2>Sovellukset<\/h2>\n<p>Kauhasylinteri\u00e4 k\u00e4ytet\u00e4\u00e4n laajalti erilaisissa raskaissa koneissa, kuten:<\/p>\n<ul>\n<li>Rakennuskoneet: Kaivinkoneissa ne ovat elint\u00e4rkeit\u00e4 kaivamiseen, lastaamiseen ja maaper\u00e4n tai roskien siirt\u00e4miseen. Kaivinkoneissa ne auttavat kaivamisessa ja nostamisessa. <\/li>\n<li>Maatalouskoneet: K\u00e4ytet\u00e4\u00e4n etukuormaajissa maaper\u00e4n, hein\u00e4n ja muiden materiaalien kauhaukseen, nostamiseen ja kuljettamiseen. <\/li>\n<li>Kaivinkoneet: Kauhan sylinteri mahdollistaa kaivamisen antamalla kauhan tunkeutua maaper\u00e4\u00e4n. <\/li>\n<li>Kuormaajat: Etukuormaajissa ne auttavat tavaroiden tehokkaassa nostamisessa ja tyhjent\u00e4misess\u00e4.<\/li>\n<\/ul>\n<h2>Suunnittelun\u00e4k\u00f6kohdat ja valintastandardit<\/h2>\n<ul>\n<li>Kantavuus: Sylinterin tulee olla suunniteltu kest\u00e4m\u00e4\u00e4n suurin sallittu kuormitus ja paine.<\/li>\n<li>Tiivistys: Erilaisten tiivistyskomponenttien, kuten m\u00e4nn\u00e4ntiivisteiden, varren tiivisteiden jne., tulisi olla valmistettu kulutusta kest\u00e4vist\u00e4 materiaaleista, jotta varmistetaan pitk\u00e4aikainen tiivistyskyky vaativissa olosuhteissa.<\/li>\n<li>Kest\u00e4vyys: Sylinterin tulee olla suunniteltu kest\u00e4m\u00e4\u00e4n pitk\u00e4aikaisesta k\u00e4yt\u00f6st\u00e4 johtuvaa v\u00e4symisrasitusta ja kulumista.<\/li>\n<li>Turvallisuus: Hydraulij\u00e4rjestelm\u00e4 tulee suunnitella est\u00e4m\u00e4\u00e4n onnettomuudet ja varmistamaan k\u00e4ytt\u00e4j\u00e4n turvallisuus.<\/li>\n<li>Huolto: Sylinterin tulee olla suunniteltu helppoa huoltoa silm\u00e4ll\u00e4 pit\u00e4en, mukaan lukien helppo purkaminen, kokoaminen ja vaurioituneiden osien vaihtaminen.<\/li>\n<\/ul>\n<p><img decoding=\"async\" src=\"https:\/\/www.hydraulic-cylinders.net\/wp-content\/uploads\/2025\/01\/songte-oil-pipes-and-spare-parts.webp\"><\/p>\n<h2>Tiivistys ja voitelu<\/h2>\n<p>Erilaisten tiivistekomponenttien, kuten m\u00e4nn\u00e4ntiivisteiden, varren tiivisteiden jne., tulisi olla valmistettu kulutusta kest\u00e4vist\u00e4 materiaaleista, jotta varmistetaan pitk\u00e4aikainen tiivistyskyky vaativissa olosuhteissa. Sylinterin runko ja kierteitetyt p\u00e4\u00e4typinnat on hienok\u00e4sitelty kulutuskest\u00e4vyyden parantamiseksi. Voitelua varten on tarpeen lis\u00e4t\u00e4 s\u00e4\u00e4nn\u00f6llisesti sopiva m\u00e4\u00e4r\u00e4 hydrauli\u00f6ljy\u00e4.<\/p>\n<h2>Huolto ja varotoimet<\/h2>\n<ul>\n<li>S\u00e4\u00e4nn\u00f6llinen tarkastus: Sylinterin s\u00e4\u00e4nn\u00f6llinen tarkastus voi est\u00e4\u00e4 mahdolliset ongelmat.<\/li>\n<li>Proper lubrication: Appropriate lubrication can maintain the cylinder&#8217;s performance.<\/li>\n<li>Seal replacement: Regular replacement of seals can improve the cylinder&#8217;s sealing performance. <\/li>\n<li>Kalibroinnin tarkistus: Sylinteri on kalibroitava s\u00e4\u00e4nn\u00f6llisesti sen tarkkuuden varmistamiseksi.<\/li>\n<\/ul>\n<p><img decoding=\"async\" src=\"https:\/\/www.hydraulic-cylinders.net\/wp-content\/uploads\/2025\/01\/songte-chushion-collar.webp\"><\/p>\n<h2>Turvallisuusn\u00e4k\u00f6kohdat ja ymp\u00e4rist\u00f6tekij\u00e4t<\/h2>\n<p>Turvatoimenpiteet ovat olennaisia \u200b\u200bhydraulisylintereit\u00e4 k\u00e4ytett\u00e4ess\u00e4 onnettomuuksien v\u00e4ltt\u00e4miseksi. Hydraulinesteen ja muiden j\u00e4temateriaalien asianmukainen h\u00e4vitt\u00e4minen on my\u00f6s v\u00e4ltt\u00e4m\u00e4t\u00f6nt\u00e4 ymp\u00e4rist\u00f6n suojelemiseksi.<\/p>\n<h2>Diagnoosi ja vianm\u00e4\u00e4ritys<\/h2>\n<p>Jos sylinteriss\u00e4 on toimintah\u00e4iri\u00f6, se voi johtaa heikkoon suorituskykyyn tai jopa onnettomuuksiin. Asianmukainen vianm\u00e4\u00e4ritys ja vianetsint\u00e4 voivat auttaa ratkaisemaan n\u00e4m\u00e4 ongelmat.<\/p>\n<h2>Tietoa yrityksest\u00e4mme<\/h2>\n<p>Olemme korvaavien hydraulisylinterien valmistaja. Yrityksemme tarjoaa laajan valikoiman tuotteita ja on yksi johtavista hydraulisylinterien valmistajista ja tukkumyyjist\u00e4 kotimaisilla ja kansainv\u00e4lisill\u00e4 markkinoilla. Noudatamme erinomaisen laadun periaatetta ja luotamme hienomekaanisten ty\u00f6pajojen teollistettuun tuotannonohjausstrategiaan. Yrityksemme parantaa jatkuvasti ty\u00f6pajan valmistusalustaa, hioo tuotteen tuotantolaatua ja meill\u00e4 on vahvat luovat kyvyt vastata asiakkaiden monipuolisiin tarpeisiin korkealla tehokkuudella, tarkkuudella ja laadulla. <\/p>\n<ul>\n<li>Ammattitaito: Ty\u00f6llist\u00e4mme kokeneita ammattilaisia, jotka ovat omistautuneet korkealaatuisten hydraulisylintereiden valmistukseen.<\/li>\n<li>Kansainv\u00e4linen sertifiointi: Tuotteemme ovat l\u00e4p\u00e4isseet kansainv\u00e4liset laatusertifikaatit ja niit\u00e4 on viety moniin maihin ja alueille maailmanlaajuisesti.<\/li>\n<li>R\u00e4\u00e4t\u00e4l\u00f6intipalvelut: Tarjoamme r\u00e4\u00e4t\u00e4l\u00f6ityj\u00e4 palveluita vastaamaan asiakkaiden yksil\u00f6llisi\u00e4 tarpeita.<\/li>\n<li>Tuotantolaitteet: K\u00e4yt\u00e4mme edistyneit\u00e4 digitaalisia valmistuslaitteita varmistaaksemme tuotantoprosessimme laadun ja tehokkuuden.<\/li>\n<li>Myynnin j\u00e4lkeinen palvelu: Tarjoamme kattavan myynnin j\u00e4lkeisen palvelun asiakastyytyv\u00e4isyyden varmistamiseksi.<\/li>\n<\/ul>\n<p><img decoding=\"async\" src=\"https:\/\/www.hydraulic-cylinders.net\/wp-content\/uploads\/2025\/01\/songte-company-3.webp\"><\/p>\n<p>Kirjoittaja: lyl.<\/p>","protected":false},"excerpt":{"rendered":"<p>Bucket Cylinder for Hyundai Middle Excavator R200-5-5D Introduction A bucket cylinder is a specially designed hydraulic cylinder used to control the movement of the bucket in heavy machinery like excavators, backhoe excavators, and front-end loaders. Its main function is to enable the bucket to lift, lower, and tilt, making it easier to transport various materials. [&hellip;]<\/p>","protected":false},"featured_media":14788,"comment_status":"open","ping_status":"closed","template":"","meta":{"_et_pb_use_builder":"","_et_pb_old_content":"","_et_gb_content_width":""},"product_brand":[],"product_cat":[1494],"product_tag":[1495,1496],"class_list":{"0":"post-15313","1":"product","2":"type-product","3":"status-publish","4":"has-post-thumbnail","6":"product_cat-bucket-cylinders","7":"product_tag-bucket-cylinders","8":"product_tag-hydraulic-cylinders","10":"first","11":"instock","12":"shipping-taxable","13":"product-type-simple"},"amp_enabled":true,"_links":{"self":[{"href":"https:\/\/www.hydraulic-cylinders.net\/fi\/wp-json\/wp\/v2\/product\/15313","targetHints":{"allow":["GET"]}}],"collection":[{"href":"https:\/\/www.hydraulic-cylinders.net\/fi\/wp-json\/wp\/v2\/product"}],"about":[{"href":"https:\/\/www.hydraulic-cylinders.net\/fi\/wp-json\/wp\/v2\/types\/product"}],"replies":[{"embeddable":true,"href":"https:\/\/www.hydraulic-cylinders.net\/fi\/wp-json\/wp\/v2\/comments?post=15313"}],"wp:featuredmedia":[{"embeddable":true,"href":"https:\/\/www.hydraulic-cylinders.net\/fi\/wp-json\/wp\/v2\/media\/14788"}],"wp:attachment":[{"href":"https:\/\/www.hydraulic-cylinders.net\/fi\/wp-json\/wp\/v2\/media?parent=15313"}],"wp:term":[{"taxonomy":"product_brand","embeddable":true,"href":"https:\/\/www.hydraulic-cylinders.net\/fi\/wp-json\/wp\/v2\/product_brand?post=15313"},{"taxonomy":"product_cat","embeddable":true,"href":"https:\/\/www.hydraulic-cylinders.net\/fi\/wp-json\/wp\/v2\/product_cat?post=15313"},{"taxonomy":"product_tag","embeddable":true,"href":"https:\/\/www.hydraulic-cylinders.net\/fi\/wp-json\/wp\/v2\/product_tag?post=15313"}],"curies":[{"name":"wp","href":"https:\/\/api.w.org\/{rel}","templated":true}]}}