{"id":15315,"date":"2025-01-19T14:22:33","date_gmt":"2025-01-19T14:22:33","guid":{"rendered":"https:\/\/www.hydraulic-cylinders.net\/product\/bucket-cylinder-for-hyundai-middle-excavator-r215-5-7c-9\/"},"modified":"2025-01-19T14:22:35","modified_gmt":"2025-01-19T14:22:35","slug":"bucket-cylinder-for-hyundai-middle-excavator-r215-5-7c-9","status":"publish","type":"product","link":"https:\/\/www.hydraulic-cylinders.net\/fi\/tuote\/bucket-cylinder-for-hyundai-middle-excavator-r215-5-7c-9\/","title":{"rendered":"Kauhan sylinteri Hyundai-kaivukoneelle R215-5-7c-9"},"content":{"rendered":"<h2>Johdanto<\/h2>\n<p>Hyundai R215-5-7c-9 -kaivukoneen kauhan sylinteri on erikoishydraulisylinteri, joka on suunniteltu ohjaamaan kauhan liikett\u00e4 raskaissa koneissa, kuten kaivinkoneissa, kaivurikuormaajissa ja etukuormaajissa. Sen p\u00e4\u00e4teht\u00e4v\u00e4n\u00e4 on mahdollistaa kauhan nostaminen, laskeminen ja kallistaminen, mik\u00e4 helpottaa erilaisia \u200b\u200bmateriaalink\u00e4sittelyteht\u00e4vi\u00e4. Hydraulij\u00e4rjestelm\u00e4ss\u00e4 kauhan sylinteri saavuttaa tarkan kauhan hallinnan hydrauli\u00f6ljyn paineen muutosten avulla, mink\u00e4 ansiosta k\u00e4ytt\u00e4j\u00e4t voivat k\u00e4sitell\u00e4 raskaita kuormia tehokkaasti ja sopeutua monimutkaisiin ty\u00f6ymp\u00e4rist\u00f6ihin ja erilaisiin k\u00e4ytt\u00f6tarpeisiin.<\/p>\n<p><img decoding=\"async\" src=\"https:\/\/www.hydraulic-cylinders.net\/wp-content\/uploads\/2025\/01\/songte-company-2.webp\"><\/p>\n<h2>Ominaisuudet<\/h2>\n<ul>\n<li><strong>Korkea lujuus ja kest\u00e4vyys:<\/strong> Kauhasylinteri on tyypillisesti valmistettu lujasta ter\u00e4ksest\u00e4 tai alumiinista, ja se kest\u00e4\u00e4 korkeaa painetta ja raskaita kuormia ja mukautuu vaativiin ty\u00f6ymp\u00e4rist\u00f6ihin. Sen suunnittelussa on otettu huomioon kulutuskest\u00e4vyys ja korroosionkest\u00e4vyys, mik\u00e4 pident\u00e4\u00e4 sen k\u00e4ytt\u00f6ik\u00e4\u00e4.<\/li>\n<li><strong>Tehokas hydraulinen k\u00e4ytt\u00f6:<\/strong> Hydraulisen \u00f6ljynpaineen ansiosta kauhan sylinteri saavuttaa tasaiset teleskooppiliikkeet, mik\u00e4 mahdollistaa nopean reagoinnin ohjauskomentoihin ja tarjoaa tehokkaat ty\u00f6nt\u00f6- ja vetovoimat. Se soveltuu raskaiden kuormien k\u00e4sittelyyn ja monimutkaisiin operatiivisiin teht\u00e4viin.<\/li>\n<li><strong>Tyyppien monipuolisuus:<\/strong> Kauhasylinteri voidaan valita yksitoimiseksi (hydraulinen vain yhteen suuntaan) tai kaksitoimiseksi (hydraulinen molempiin suuntiin) k\u00e4ytt\u00f6vaatimusten mukaan. Jotkut mallit ovat teleskooppisia, mik\u00e4 mahdollistaa suuremman jatkeen ilman ulkomittojen kasvua, joten ne sopivat sovelluksiin, joissa on rajoitetusti tilaa.<\/li>\n<li><strong>T\u00e4ydellinen korvaus:<\/strong> Tuotteemme voivat t\u00e4ydellisesti korvata n\u00e4m\u00e4 hydraulisylinterit. <\/li>\n<\/ul>\n<p><img decoding=\"async\" src=\"https:\/\/www.hydraulic-cylinders.net\/wp-content\/uploads\/2025\/01\/songte-cylinder-head-with-all-kinds-excavator-models.webp\"><\/p>\n<h2>Sovellukset<\/h2>\n<p>Kauhasylinteri\u00e4 k\u00e4ytet\u00e4\u00e4n erilaisissa laitteissa:<\/p>\n<ol>\n<li><strong>Rakennuslaitteet:<\/strong> Elint\u00e4rke\u00e4 kaivinkoneissa maan tai roskien kaivamiseen, lastaamiseen ja siirt\u00e4miseen. Kaivurikuormaajissa kauhan sylinteri auttaa sek\u00e4 kaivamisessa ett\u00e4 nostamisessa.<\/li>\n<li><strong>Maatalouskoneet:<\/strong> K\u00e4ytet\u00e4\u00e4n etukuormaajissa maaper\u00e4n, hein\u00e4n ja muiden materiaalien kauhaukseen, nostamiseen ja kuljettamiseen.<\/li>\n<li><strong>Kaivinkoneet:<\/strong> Kauhan sylinteri mahdollistaa kaivamisen antamalla kauhan tunkeutua maaper\u00e4\u00e4n.<\/li>\n<li><strong>Etukuormaajat:<\/strong> Etukuormaajissa ne auttavat tavaroiden tehokkaassa nostamisessa ja tyhjent\u00e4misess\u00e4.<\/li>\n<\/ol>\n<h2>Suunnittelun\u00e4k\u00f6kohdat ja valintakriteerit<\/h2>\n<p>Suunnittelussa on useita tekij\u00f6it\u00e4, jotka vaikuttavat ratkaisevasti:<\/p>\n<ul>\n<li><strong>Kantavuus:<\/strong> Kauhasylinteri on suunniteltu kest\u00e4m\u00e4\u00e4n sen laitteen erityisi\u00e4 kuormitusvaatimuksia, jossa sit\u00e4 k\u00e4ytet\u00e4\u00e4n.<\/li>\n<li><strong>Tiivistys:<\/strong> Tehokkaan tiivistyksen varmistamiseksi k\u00e4ytet\u00e4\u00e4n erilaisia \u200b\u200btiivistyskomponentteja, kuten m\u00e4nn\u00e4ntiivisteit\u00e4 ja m\u00e4nn\u00e4nvarren tiivisteit\u00e4, jotka on valmistettu kulutusta kest\u00e4vist\u00e4 materiaaleista, kuten polyuretaanista ja nitriilikumista.<\/li>\n<li><strong>Kest\u00e4vyys:<\/strong> Sylinterin runko ja kierteitetyt p\u00e4\u00e4t on pintak\u00e4sitelty huolellisesti kulutuskest\u00e4vyyden parantamiseksi.<\/li>\n<li><strong>Turvallisuus:<\/strong> Suunnittelussa on turvaominaisuuksia, jotka est\u00e4v\u00e4t onnettomuuksia k\u00e4yt\u00f6n ja huollon aikana.<\/li>\n<li><strong>Yll\u00e4pidett\u00e4vyys:<\/strong> Suunnitteluprosessissa otetaan huomioon komponenttien helppok\u00e4ytt\u00f6isyys ja huollon helppous.<\/li>\n<\/ul>\n<p><img decoding=\"async\" src=\"https:\/\/www.hydraulic-cylinders.net\/wp-content\/uploads\/2025\/01\/songte-oil-pipes-and-spare-parts.webp\"><\/p>\n<h2>Tiivistys ja voitelu<\/h2>\n<p>Kauhasylinteriss\u00e4 k\u00e4ytet\u00e4\u00e4n erilaisia \u200b\u200btiivistyskomponentteja, kuten m\u00e4nn\u00e4ntiivisteit\u00e4 ja varren tiivisteit\u00e4, jotka on valmistettu kulutusta kest\u00e4vist\u00e4 materiaaleista, kuten polyuretaanista ja nitriilikumista. Sylinterin runko ja kierteitetyt p\u00e4\u00e4t on pintak\u00e4sitelty kulumiskest\u00e4vyyden parantamiseksi. S\u00e4\u00e4nn\u00f6llinen voitelu sopivalla hydrauliikka\u00f6ljyll\u00e4 on v\u00e4ltt\u00e4m\u00e4t\u00f6nt\u00e4 sujuvan toiminnan ja pitk\u00e4n k\u00e4ytt\u00f6i\u00e4n varmistamiseksi.<\/p>\n<h2>S\u00e4\u00e4nn\u00f6llinen tarkastus ja ennaltaehk\u00e4isev\u00e4 huolto<\/h2>\n<p>Kauhasylinterin optimaalisen suorituskyvyn yll\u00e4pit\u00e4miseksi suositellaan s\u00e4\u00e4nn\u00f6llisi\u00e4 tarkastuksia ja ennaltaehk\u00e4isev\u00e4\u00e4 huoltoa. N\u00e4ihin toimenpiteisiin kuuluvat:<\/p>\n<ul>\n<li>Tarkista mahdollisten vuotojen tai vaurioiden varalta<\/li>\n<li>Kaikkien liikkuvien osien asianmukainen voitelu<\/li>\n<li>Tiivisteiden vaihto tarvittaessa<\/li>\n<li>Kalibrointitarkastukset tarkan toiminnan varmistamiseksi<\/li>\n<\/ul>\n<h2>Tuotteen oikea asennus<\/h2>\n<p>Kauhasylinterin oikea asennus on ratkaisevan t\u00e4rke\u00e4\u00e4 sen toimivuuden ja pitk\u00e4n k\u00e4ytt\u00f6i\u00e4n kannalta. On t\u00e4rke\u00e4\u00e4:<\/p>\n<ul>\n<li>Kohdista sylinteri oikein asennuksen aikana<\/li>\n<li>K\u00e4yt\u00e4 sopivia asennuskiinnikkeit\u00e4 sylinterin kiinnitt\u00e4miseen<\/li>\n<li>Noudata suositeltuja tarkastus-, korjaus- ja vaihto-ohjeita<\/li>\n<li>Anna vinkkej\u00e4 kauhan sylinterin k\u00e4ytt\u00f6i\u00e4n pident\u00e4miseksi<\/li>\n<\/ul>\n<p><img decoding=\"async\" src=\"https:\/\/www.hydraulic-cylinders.net\/wp-content\/uploads\/2025\/01\/songte-chushion-collar.webp\"><\/p>\n<h2>Turvallisuusn\u00e4k\u00f6kohdat ja ymp\u00e4rist\u00f6tekij\u00e4t<\/h2>\n<p>Kauhasylinteri\u00e4 k\u00e4ytett\u00e4ess\u00e4 on t\u00e4rke\u00e4\u00e4 priorisoida turvallisuustoimenpiteet. My\u00f6s ymp\u00e4rist\u00f6tekij\u00e4t, kuten asianmukainen j\u00e4tteenk\u00e4sittely ja ymp\u00e4rist\u00f6m\u00e4\u00e4r\u00e4ysten noudattaminen, on otettava huomioon.<\/p>\n<h2>Vianm\u00e4\u00e4ritys ja yleiset ongelmat<\/h2>\n<p>Kauhasylinteriin liittyvien ongelmien tehokas diagnosointi ja ratkaiseminen on olennaista. Joitakin yleisi\u00e4 ongelmia, joita voi ilmet\u00e4, ovat vuoto, riitt\u00e4m\u00e4t\u00f6n voima ja ep\u00e4normaalit liikkeet. Vianm\u00e4\u00e4ritysvinkkien ja -ratkaisujen antaminen voi auttaa lukijoita diagnosoimaan ja ratkaisemaan ongelmia tehokkaasti. Lis\u00e4ksi ennaltaehk\u00e4isevien toimenpiteiden ehdottaminen voi auttaa minimoimaan mahdollisia ongelmia.<\/p>\n<p><img decoding=\"async\" src=\"https:\/\/www.hydraulic-cylinders.net\/wp-content\/uploads\/2025\/01\/songte-bushings-with-all-kinds-of-excavator-models.webp\"><\/p>\n<h2>Johtop\u00e4\u00e4t\u00f6s<\/h2>\n<p>Yhteenvetona voidaan todeta, ett\u00e4 Hyundai R215-5-7c-9 -kaivukoneen kauhan sylinteri on olennainen osa raskaissa koneissa tehokkaan materiaalink\u00e4sittelyn kannalta. Yrityksemme on johtava hydraulisylintereiden valmistaja ja tukkumyyj\u00e4, joka tarjoaa laajan valikoiman tuotteita. Keskittym\u00e4ll\u00e4 erinomaiseen laatuun, edistyneisiin valmistuslaitteisiin ja ammattitaitoisiin palveluihin pyrimme vastaamaan kotimaisten ja kansainv\u00e4listen markkinoiden monipuolisiin tarpeisiin. Sitoutumisemme huippuosaamiseen varmistaa, ett\u00e4 asiakkaamme saavat tehokkaita, tarkkoja ja korkealaatuisia hydraulisylintereit\u00e4.<\/p>\n<p><img decoding=\"async\" src=\"https:\/\/www.hydraulic-cylinders.net\/wp-content\/uploads\/2025\/01\/songte-company-3.webp\"><\/p>\n<p>Kirjoittaja: lyl<\/p>","protected":false},"excerpt":{"rendered":"<p>Introduction The Bucket Cylinder for Hyundai Middle Excavator R215-5-7c-9 is a specialized hydraulic cylinder designed for controlling the movement of the bucket in heavy machinery such as excavators, backhoe loaders, and front-end loaders. Its main function is to enable the lifting, lowering, and tilting of the bucket, facilitating various material handling tasks. In the hydraulic [&hellip;]<\/p>","protected":false},"featured_media":14785,"comment_status":"open","ping_status":"closed","template":"","meta":{"_et_pb_use_builder":"","_et_pb_old_content":"","_et_gb_content_width":""},"product_brand":[],"product_cat":[1494],"product_tag":[1495,1496],"class_list":{"0":"post-15315","1":"product","2":"type-product","3":"status-publish","4":"has-post-thumbnail","6":"product_cat-bucket-cylinders","7":"product_tag-bucket-cylinders","8":"product_tag-hydraulic-cylinders","10":"first","11":"instock","12":"shipping-taxable","13":"product-type-simple"},"amp_enabled":true,"_links":{"self":[{"href":"https:\/\/www.hydraulic-cylinders.net\/fi\/wp-json\/wp\/v2\/product\/15315","targetHints":{"allow":["GET"]}}],"collection":[{"href":"https:\/\/www.hydraulic-cylinders.net\/fi\/wp-json\/wp\/v2\/product"}],"about":[{"href":"https:\/\/www.hydraulic-cylinders.net\/fi\/wp-json\/wp\/v2\/types\/product"}],"replies":[{"embeddable":true,"href":"https:\/\/www.hydraulic-cylinders.net\/fi\/wp-json\/wp\/v2\/comments?post=15315"}],"wp:featuredmedia":[{"embeddable":true,"href":"https:\/\/www.hydraulic-cylinders.net\/fi\/wp-json\/wp\/v2\/media\/14785"}],"wp:attachment":[{"href":"https:\/\/www.hydraulic-cylinders.net\/fi\/wp-json\/wp\/v2\/media?parent=15315"}],"wp:term":[{"taxonomy":"product_brand","embeddable":true,"href":"https:\/\/www.hydraulic-cylinders.net\/fi\/wp-json\/wp\/v2\/product_brand?post=15315"},{"taxonomy":"product_cat","embeddable":true,"href":"https:\/\/www.hydraulic-cylinders.net\/fi\/wp-json\/wp\/v2\/product_cat?post=15315"},{"taxonomy":"product_tag","embeddable":true,"href":"https:\/\/www.hydraulic-cylinders.net\/fi\/wp-json\/wp\/v2\/product_tag?post=15315"}],"curies":[{"name":"wp","href":"https:\/\/api.w.org\/{rel}","templated":true}]}}