{"id":15318,"date":"2025-01-19T14:22:44","date_gmt":"2025-01-19T14:22:44","guid":{"rendered":"https:\/\/www.hydraulic-cylinders.net\/product\/bucket-cylinder-for-hyundai-middle-excavator-r200lc\/"},"modified":"2025-01-19T14:22:46","modified_gmt":"2025-01-19T14:22:46","slug":"bucket-cylinder-for-hyundai-middle-excavator-r200lc","status":"publish","type":"product","link":"https:\/\/www.hydraulic-cylinders.net\/fi\/tuote\/bucket-cylinder-for-hyundai-middle-excavator-r200lc\/","title":{"rendered":"Kauhan sylinteri Hyundai Middle -kaivukoneeseen R200LC"},"content":{"rendered":"<h1>Kauhan sylinteri Hyundai Middle -kaivukoneeseen R200LC<\/h1>\n<h2>Johdanto<\/h2>\n<p>Hyundai R200LC -keskikaivukoneen kauhan sylinteri on erikoishydraulinen sylinteri, joka on suunniteltu ohjaamaan kauhan liikett\u00e4 raskaissa koneissa, kuten kaivinkoneissa, traktorikaivureissa ja etukuormaajissa. Sen p\u00e4\u00e4teht\u00e4v\u00e4n\u00e4 on mahdollistaa kauhan nostaminen, laskeminen ja kallistaminen, mik\u00e4 helpottaa erilaisia \u200b\u200bmateriaalink\u00e4sittelyteht\u00e4vi\u00e4. Hydraulij\u00e4rjestelm\u00e4ss\u00e4 kauhan sylinteri ohjaa kauhan tarkkoja liikkeit\u00e4 hydrauli\u00f6ljyn paineen muutosten avulla, jolloin k\u00e4ytt\u00e4j\u00e4t voivat k\u00e4sitell\u00e4 raskaita esineit\u00e4 tehokkaasti ja sopeutua monimutkaisiin ty\u00f6ymp\u00e4rist\u00f6ihin ja erilaisiin k\u00e4ytt\u00f6vaatimuksiin.<\/p>\n<p><img decoding=\"async\" src=\"https:\/\/www.hydraulic-cylinders.net\/wp-content\/uploads\/2025\/01\/songte-company-2.webp\"\/><\/p>\n<h2>Ominaisuudet<\/h2>\n<ul>\n<li>\n<h3>Korkea lujuus ja kest\u00e4vyys<\/h3>\n<p>Kauhasylinteri on tyypillisesti valmistettu eritt\u00e4in lujasta ter\u00e4ksest\u00e4 tai alumiinista, joka kest\u00e4\u00e4 korkeaa painetta ja raskaita kuormia, sopeutuu vaativiin ty\u00f6ymp\u00e4rist\u00f6ihin ja on suunniteltu kulutus- ja korroosionkest\u00e4viksi k\u00e4ytt\u00f6i\u00e4n pident\u00e4miseksi.<\/p>\n<\/li>\n<li>\n<h3>Tehokas hydraulinen k\u00e4ytt\u00f6<\/h3>\n<p>Kauhasylinteri k\u00e4ytt\u00e4\u00e4 hydrauli\u00f6ljynpainetta tasaisten ojennus- ja sis\u00e4\u00e4nvetoliikkeiden saavuttamiseksi, nopean reagoinnin k\u00e4ytt\u00f6komentoihin ja voimakkaiden ty\u00f6nt\u00f6- ja vetovoimien aikaansaamiseksi, jotka sopivat raskaisiin ja monimutkaisiin operatiivisiin teht\u00e4viin.<\/p>\n<\/li>\n<li>\n<h3>Erilaiset tyypit<\/h3>\n<p>Kauhasylinteri voi olla yksitoiminen (k\u00e4ytt\u00e4\u00e4 hydraulista painetta yhteen suuntaan) tai kaksitoiminen (k\u00e4ytt\u00e4\u00e4 hydraulista painetta kahteen suuntaan) k\u00e4ytt\u00f6tarpeista riippuen. Jotkut mallit ovat teleskooppisia, mik\u00e4 mahdollistaa suuremman jatkeen ilman ulkomittojen kasvua, mik\u00e4 sopii sovelluksiin, joissa on rajoitetusti tilaa.<\/p>\n<\/li>\n<li>\n<h3>T\u00e4ydellinen korvaus<\/h3>\n<p>Tuotteemme voi t\u00e4ydellisesti korvata n\u00e4m\u00e4 hydraulisylinterit. <\/p>\n<\/li>\n<\/ul>\n<p><img decoding=\"async\" src=\"https:\/\/www.hydraulic-cylinders.net\/wp-content\/uploads\/2025\/01\/songte-cylinder-head-with-all-kinds-excavator-models.webp\"\/><\/p>\n<h2>Sovellukset<\/h2>\n<ul>\n<li>\n<h3>Rakennuslaitteet<\/h3>\n<p>Kaivinkoneissa ne ovat v\u00e4ltt\u00e4m\u00e4tt\u00f6mi\u00e4 kaivamiseen, lastaamiseen ja maan tai roskien siirt\u00e4miseen. Kaivinkoneissa kauhan sylinteri auttaa kaivamisessa ja nostamisessa. Etukuormaajissa ne auttavat tavaroiden tehokkaassa nostamisessa ja kallistamisessa.<\/p>\n<\/li>\n<li>\n<h3>Maatalouskoneet<\/h3>\n<p>K\u00e4ytet\u00e4\u00e4n etukuormaajissa maan, hein\u00e4n ja muiden materiaalien kaivamiseen, nostamiseen ja kuljettamiseen. Kaivinkoneissa kauhan sylinteri mahdollistaa kaivamisen antamalla kauhan tunkeutua maaper\u00e4\u00e4n.<\/p>\n<\/li>\n<\/ul>\n<h2>Suunnittelu- ja valintastandardit<\/h2>\n<ul>\n<li>\n<h3>Kantavuus<\/h3>\n<p>Kauhan sylinterin kantavuuden tulee olla riitt\u00e4v\u00e4n vahva kest\u00e4m\u00e4\u00e4n suurta painetta ja raskaita kuormia.<\/p>\n<\/li>\n<li>\n<h3>Tiivistys<\/h3>\n<p>Sylinteri on tiivistett\u00e4v\u00e4 erilaisilla tiivistyskomponenteilla, kuten m\u00e4nn\u00e4ntiivisteill\u00e4, varren tiivisteill\u00e4 jne., jotka on valmistettu kulutusta kest\u00e4vist\u00e4 materiaaleista, kuten polyuretaanista ja nitriilikumista.<\/p>\n<\/li>\n<li>\n<h3>Kest\u00e4vyys<\/h3>\n<p>Sylinterin tulee olla suunniteltu kest\u00e4m\u00e4\u00e4n kulumista, ja sylinterin runko ja kierteitetyt p\u00e4\u00e4typinnat tulee k\u00e4sitell\u00e4 hienoksi kulutuskest\u00e4vyyden parantamiseksi.<\/p>\n<\/li>\n<li>\n<h3>Turvallisuus<\/h3>\n<p>Kauhasylinterien on t\u00e4ytett\u00e4v\u00e4 turvallisuusstandardit, eiv\u00e4tk\u00e4 ne saa aiheuttaa uhkaa k\u00e4ytt\u00e4j\u00e4lle tai muulle henkil\u00f6st\u00f6lle.<\/p>\n<\/li>\n<li>\n<h3>Huolto<\/h3>\n<p>Sylinterin tulee olla suunniteltu helposti huollettavaksi ja korjattavaksi, ja sen moitteettoman toiminnan varmistamiseksi on suoritettava s\u00e4\u00e4nn\u00f6llinen huolto.<\/p>\n<\/li>\n<\/ul>\n<p><img decoding=\"async\" src=\"https:\/\/www.hydraulic-cylinders.net\/wp-content\/uploads\/2025\/01\/songte-oil-pipes-and-spare-parts.webp\"\/><\/p>\n<h2>Tiivistys ja voitelu<\/h2>\n<p>Kauhasylinteriss\u00e4 k\u00e4ytet\u00e4\u00e4n erilaisia \u200b\u200btiivistyskomponentteja, kuten m\u00e4nn\u00e4ntiivisteit\u00e4, varren tiivisteit\u00e4 jne., jotka on valmistettu kulutusta kest\u00e4vist\u00e4 materiaaleista, kuten polyuretaanista ja nitriilikumista. Sylinterin runko ja kierteitetyt p\u00e4\u00e4typinnat on ty\u00f6stetty hienoksi kulutuskest\u00e4vyyden parantamiseksi. Hydrauli\u00f6ljyn s\u00e4\u00e4nn\u00f6llinen lis\u00e4\u00e4minen on v\u00e4ltt\u00e4m\u00e4t\u00f6nt\u00e4 sylinterin voitelun varmistamiseksi, ja hydrauli\u00f6ljy\u00e4 tulee lis\u00e4t\u00e4 oikea m\u00e4\u00e4r\u00e4 vaurioiden v\u00e4ltt\u00e4miseksi.<\/p>\n<h2>Huolto ja korjaus<\/h2>\n<ul>\n<li>\n<h3>S\u00e4\u00e4nn\u00f6llinen tarkastus<\/h3>\n<p>S\u00e4\u00e4nn\u00f6lliset tarkastukset ovat v\u00e4ltt\u00e4m\u00e4tt\u00f6mi\u00e4 kauhan sylinterin moitteettoman toiminnan varmistamiseksi, ja osat on vaihdettava tai korjattava tarvittaessa.<\/p>\n<\/li>\n<li>\n<h3>Voitelu<\/h3>\n<p>Kauhan sylinteri vaatii riitt\u00e4v\u00e4n voitelun, ja s\u00e4\u00e4nn\u00f6llinen voitelu on v\u00e4ltt\u00e4m\u00e4t\u00f6nt\u00e4 sen moitteettoman toiminnan varmistamiseksi.<\/p>\n<\/li>\n<li>\n<h3>Tiivisteen vaihto<\/h3>\n<p>Jos tiivistysj\u00e4rjestelm\u00e4n osissa havaitaan vaurioita tai vuotoja, ne on vaihdettava v\u00e4litt\u00f6m\u00e4sti sylinterin moitteettoman toiminnan varmistamiseksi.<\/p>\n<\/li>\n<li>\n<h3>Kohdistus ja kalibrointi<\/h3>\n<p>Asennuksen aikana kauhan sylinteri on kohdistettava ja kalibroitava oikein oikean toiminnan varmistamiseksi ja vaurioiden v\u00e4ltt\u00e4miseksi.<\/p>\n<\/li>\n<\/ul>\n<p><img decoding=\"async\" src=\"https:\/\/www.hydraulic-cylinders.net\/wp-content\/uploads\/2025\/01\/songte-chushion-collar.webp\"\/><\/p>\n<h2>Turvallisuusn\u00e4k\u00f6kohdat ja ymp\u00e4rist\u00f6tekij\u00e4t<\/h2>\n<p>Kauhasylintereit\u00e4 k\u00e4ytett\u00e4ess\u00e4 on t\u00e4rke\u00e4\u00e4 noudattaa turvaohjeita onnettomuuksien v\u00e4ltt\u00e4miseksi. Ymp\u00e4rist\u00f6tekij\u00e4t, kuten l\u00e4mp\u00f6tila, kosteus ja p\u00f6ly, on my\u00f6s otettava huomioon ja v\u00e4ltett\u00e4v\u00e4 sylinterin moitteettoman toiminnan varmistamiseksi.<\/p>\n<h2>Vianm\u00e4\u00e4ritys ja yleiset ongelmat<\/h2>\n<p>Kauhasylinterin k\u00e4yt\u00f6n aikana voi esiinty\u00e4 yleisi\u00e4 ongelmia, kuten vuotoja, muodonmuutoksia ja eri osien vaurioitumista. S\u00e4\u00e4nn\u00f6llinen huolto ja tarkastus ovat v\u00e4ltt\u00e4m\u00e4tt\u00f6mi\u00e4 n\u00e4iden ongelmien v\u00e4ltt\u00e4miseksi. Jos ongelmia ilmenee, on ryhdytt\u00e4v\u00e4 asianmukaisiin vianm\u00e4\u00e4rityksiin ja korjaustoimenpiteisiin sek\u00e4 ryhdytt\u00e4v\u00e4 toimiin vastaavien ongelmien est\u00e4miseksi tulevaisuudessa.<\/p>\n<p><img decoding=\"async\" src=\"https:\/\/www.hydraulic-cylinders.net\/wp-content\/uploads\/2025\/01\/songte-bushings-with-all-kinds-of-excavator-models.webp\"\/><\/p>\n<h2>Tietoa meist\u00e4<\/h2>\n<p>Yrityksemme on johtava hydraulisylintereiden valmistaja ja tukkumyyj\u00e4 kotimaisilla ja kansainv\u00e4lisill\u00e4 markkinoilla, ja se t\u00e4ytt\u00e4\u00e4 erilaiset asiakkaiden tarpeet hienostuneilla tuotantolaitoksilla, edistyneill\u00e4 digitaalisilla valmistuslaitteilla, ammattimaisilla testausj\u00e4rjestelmill\u00e4 ja teknisell\u00e4 henkil\u00f6st\u00f6ll\u00e4. Noudatamme korkean tehokkuuden, tarkkuuden ja korkean laadun periaatteita vastataksemme erilaisiin asiakkaiden tarpeisiin tarjoten erinomaista laatua ja t\u00e4ydellist\u00e4 palvelua.<\/p>\n<p><img decoding=\"async\" src=\"https:\/\/hzpt.com\/wp-content\/uploads\/2024\/11\/songte-company-1.webp\"\/> <\/p>\n<h5>Kirjoittaja: lyl<\/h5>","protected":false},"excerpt":{"rendered":"<p>Bucket Cylinder For Hyundai Middle Excavator R200LC Introduction The bucket cylinder for Hyundai middle excavator R200LC is a specialized hydraulic cylinder designed for controlling the movement of the bucket in heavy machinery such as excavators, backhoe excavators, and front-end loaders. Its main function is to enable the bucket to lift, lower, and tilt, thus facilitating [&hellip;]<\/p>","protected":false},"featured_media":14780,"comment_status":"open","ping_status":"closed","template":"","meta":{"_et_pb_use_builder":"","_et_pb_old_content":"","_et_gb_content_width":""},"product_brand":[],"product_cat":[1494],"product_tag":[1495,1496],"class_list":{"0":"post-15318","1":"product","2":"type-product","3":"status-publish","4":"has-post-thumbnail","6":"product_cat-bucket-cylinders","7":"product_tag-bucket-cylinders","8":"product_tag-hydraulic-cylinders","10":"first","11":"instock","12":"shipping-taxable","13":"product-type-simple"},"amp_enabled":true,"_links":{"self":[{"href":"https:\/\/www.hydraulic-cylinders.net\/fi\/wp-json\/wp\/v2\/product\/15318","targetHints":{"allow":["GET"]}}],"collection":[{"href":"https:\/\/www.hydraulic-cylinders.net\/fi\/wp-json\/wp\/v2\/product"}],"about":[{"href":"https:\/\/www.hydraulic-cylinders.net\/fi\/wp-json\/wp\/v2\/types\/product"}],"replies":[{"embeddable":true,"href":"https:\/\/www.hydraulic-cylinders.net\/fi\/wp-json\/wp\/v2\/comments?post=15318"}],"wp:featuredmedia":[{"embeddable":true,"href":"https:\/\/www.hydraulic-cylinders.net\/fi\/wp-json\/wp\/v2\/media\/14780"}],"wp:attachment":[{"href":"https:\/\/www.hydraulic-cylinders.net\/fi\/wp-json\/wp\/v2\/media?parent=15318"}],"wp:term":[{"taxonomy":"product_brand","embeddable":true,"href":"https:\/\/www.hydraulic-cylinders.net\/fi\/wp-json\/wp\/v2\/product_brand?post=15318"},{"taxonomy":"product_cat","embeddable":true,"href":"https:\/\/www.hydraulic-cylinders.net\/fi\/wp-json\/wp\/v2\/product_cat?post=15318"},{"taxonomy":"product_tag","embeddable":true,"href":"https:\/\/www.hydraulic-cylinders.net\/fi\/wp-json\/wp\/v2\/product_tag?post=15318"}],"curies":[{"name":"wp","href":"https:\/\/api.w.org\/{rel}","templated":true}]}}