{"id":15324,"date":"2025-01-19T14:23:14","date_gmt":"2025-01-19T14:23:14","guid":{"rendered":"https:\/\/www.hydraulic-cylinders.net\/product\/bucket-cylinder-for-hyundai-large-excavator-r350lc-7\/"},"modified":"2025-01-19T14:23:16","modified_gmt":"2025-01-19T14:23:16","slug":"bucket-cylinder-for-hyundai-large-excavator-r350lc-7","status":"publish","type":"product","link":"https:\/\/www.hydraulic-cylinders.net\/fi\/tuote\/bucket-cylinder-for-hyundai-large-excavator-r350lc-7\/","title":{"rendered":"Kauhan sylinteri Hyundai-kaivukoneeseen R350LC-7"},"content":{"rendered":"<h1>Kauhan sylinteri Hyundai-kaivukoneeseen R350LC-7<\/h1>\n<h2>Johdanto<\/h2>\n<h3>Kauhan sylinterin m\u00e4\u00e4rittely<\/h3>\n<p>Kauhasylinteri on erityisesti suunniteltu hydraulisylinteri, jota k\u00e4ytet\u00e4\u00e4n ensisijaisesti kauhan liikkeen ohjaamiseen raskaissa koneissa, kuten kaivinkoneissa, kaivurikuormaajissa ja etukuormaajissa. Sen p\u00e4\u00e4teht\u00e4v\u00e4n\u00e4 on mahdollistaa kauhan nostaminen, laskeminen ja kallistaminen, mik\u00e4 helpottaa erilaisten materiaalink\u00e4sittelyteht\u00e4vien suorittamista. Hydraulij\u00e4rjestelm\u00e4ss\u00e4 kauhasylinteri saavuttaa kauhan tarkan hallinnan hydrauli\u00f6ljyn paineenmuutoksen avulla, mink\u00e4 ansiosta kuljettaja voi k\u00e4sitell\u00e4 raskaita kuormia tehokkaasti ja sopeutua monimutkaisiin ty\u00f6ymp\u00e4rist\u00f6ihin ja vaihteleviin ty\u00f6tarpeisiin.<\/p>\n<p><img decoding=\"async\" src=\"https:\/\/www.hydraulic-cylinders.net\/wp-content\/uploads\/2025\/01\/songte-company-2.webp\" alt=\"Kauhan sylinterin kuva\"><\/p>\n<h3>Ominaisuudet<\/h3>\n<ul>\n<li>Suuri lujuus ja kest\u00e4vyys: Tyypillisesti valmistettu eritt\u00e4in lujasta ter\u00e4ksest\u00e4 tai alumiinista, se kest\u00e4\u00e4 korkeaa painetta ja raskaita kuormia, sopeutuu ankariin ty\u00f6ymp\u00e4rist\u00f6ihin ja siin\u00e4 on otettu huomioon kulutuskest\u00e4vyys ja korroosionkest\u00e4vyys, mik\u00e4 pident\u00e4\u00e4 k\u00e4ytt\u00f6ik\u00e4\u00e4.<\/li>\n<li>Tehokas hydraulinen toiminta: Hydrauli\u00f6ljyn paineella saavutetaan tasaiset ojennus- ja supistusliikkeet, jotka tarjoavat tehokkaat ty\u00f6nt\u00f6- ja vetovoimat, jotka sopivat raskaiden kuormien k\u00e4sittelyyn ja monimutkaisiin ty\u00f6teht\u00e4viin.<\/li>\n<li>Erilaisia \u200b\u200btyyppej\u00e4: Yksitoimisia (hydraulinen vain yhteen suuntaan) tai kaksitoimisia (hydraulinen molempiin suuntiin) sylintereit\u00e4 voidaan valita tarpeen mukaan erilaisten k\u00e4ytt\u00f6vaatimusten t\u00e4ytt\u00e4miseksi. Jotkut mallit ovat teleskooppisia, mik\u00e4 mahdollistaa suuremman jatkeen ilman ulkomittojen kasvua, mik\u00e4 sopii sovelluksiin, joissa on rajoitetusti tilaa.<\/li>\n<li>Helppo vaihtaa: Tuotteemme voi t\u00e4ydellisesti korvata n\u00e4m\u00e4 hydraulisylinterit.<\/li>\n<\/ul>\n<p><img decoding=\"async\" src=\"https:\/\/www.hydraulic-cylinders.net\/wp-content\/uploads\/2025\/01\/songte-cylinder-head-with-all-kinds-excavator-models.webp\" alt=\"Kauhan sylinterin vaihtokuva\"><\/p>\n<h3>Sovellukset<\/h3>\n<p>Kauhasylinteri\u00e4 k\u00e4ytet\u00e4\u00e4n laajalti eri aloilla, mukaan lukien:<\/p>\n<h4>Rakennuslaitteet<\/h4>\n<ul>\n<li>Kaivinkoneet: Kaivinkoneen kauhan sylinterit mahdollistavat kaivamisen ja kaivamisen. <\/li>\n<li>Kaivurikuormaajat: Kaivurikuormaajan kauhan sylinterit auttavat sek\u00e4 kaivamisessa ett\u00e4 nostamisessa.<\/li>\n<\/ul>\n<h4>Maatalouskoneet<\/h4>\n<ul>\n<li>Etukuormaajat: K\u00e4ytet\u00e4\u00e4n maaper\u00e4n, hein\u00e4n ja muiden materiaalien nostamiseen, ker\u00e4\u00e4miseen ja kuljettamiseen.<\/li>\n<\/ul>\n<p>N\u00e4m\u00e4 ovat vain muutamia esimerkkej\u00e4 kauhasylinterien monista sovelluksista.<\/p>\n<h3>Suunnittelun\u00e4k\u00f6kohdat ja valintakriteerit<\/h3>\n<p>Kauhasylintereit\u00e4 suunniteltaessa ja valittaessa otetaan huomioon joitakin keskeisi\u00e4 tekij\u00f6it\u00e4:<\/p>\n<h4>Kantavuus<\/h4>\n<p>Sylinterin on kestett\u00e4v\u00e4 raskaita kuormia ilman muodonmuutoksia tai rikkoutumista, mik\u00e4 varmistaa pitk\u00e4aikaisen turvallisen ja luotettavan toiminnan.<\/p>\n<h4>Tiivistys<\/h4>\n<p>Tiivistysj\u00e4rjestelm\u00e4n on kyett\u00e4v\u00e4 est\u00e4m\u00e4\u00e4n tai minimoimaan hydrauliikka\u00f6ljyn sis\u00e4inen ja ulkoinen vuoto varmistaen tehokkaan ja puhtaan toiminnan.<\/p>\n<h4>Kest\u00e4vyys<\/h4>\n<p>Sylinterin on oltava kest\u00e4v\u00e4 ja kest\u00e4v\u00e4 kulumista, korroosiota sek\u00e4 ymp\u00e4rist\u00f6n ja ulkoisten voimien aiheuttamia vaurioita vastaan, mik\u00e4 varmistaa pitk\u00e4n k\u00e4ytt\u00f6i\u00e4n.<\/p>\n<h4>Turvallisuus<\/h4>\n<p>Sylinteri on suunniteltava ja valmistettava siten, ett\u00e4 se varmistaa turvallisen ja luotettavan toiminnan ja suojaa k\u00e4ytt\u00e4ji\u00e4 ja laitteita onnettomuuksilta ja vaurioilta.<\/p>\n<h4>Yll\u00e4pidett\u00e4vyys<\/h4>\n<p>Sylinterin tulee olla suunniteltu helposti huollettavaksi, jotta sis\u00e4isiin komponentteihin ja kuluvien osien vaihtoon p\u00e4\u00e4see helposti k\u00e4siksi, mik\u00e4 v\u00e4hent\u00e4\u00e4 seisokkiaikaa ja yll\u00e4pitokustannuksia.<\/p>\n<p><img decoding=\"async\" src=\"https:\/\/www.hydraulic-cylinders.net\/wp-content\/uploads\/2025\/01\/songte-oil-pipes-and-spare-parts.webp\" alt=\"Kauhan sylinterin suunnittelukuva\"><\/p>\n<h3>Tiivistys ja voitelu<\/h3>\n<p>Kauhasylinteriss\u00e4 k\u00e4ytet\u00e4\u00e4n erilaisia \u200b\u200btiivistyselementtej\u00e4, kuten m\u00e4nn\u00e4ntiivisteit\u00e4 ja varren tiivisteit\u00e4, jotka on valmistettu kulutusta kest\u00e4vist\u00e4 materiaaleista, kuten polyuretaanista ja nitriilikumista, est\u00e4m\u00e4\u00e4n sis\u00e4iset ja ulkoiset \u00f6ljyvuodot. Sylinterin runko ja kierteitetty p\u00e4\u00e4typinta on hienok\u00e4sitelty kulutuskest\u00e4vyyden parantamiseksi.<\/p>\n<p>Sylinteri vaatii s\u00e4\u00e4nn\u00f6llist\u00e4 voitelua sujuvan toiminnan varmistamiseksi. On suositeltavaa k\u00e4ytt\u00e4\u00e4 sopivaa hydrauliikka\u00f6ljy\u00e4 ja lis\u00e4t\u00e4 sit\u00e4 oikeina m\u00e4\u00e4rin\u00e4 s\u00e4\u00e4nn\u00f6llisin v\u00e4liajoin.<\/p>\n<h3>Huolto ja korjaus<\/h3>\n<p>S\u00e4\u00e4nn\u00f6llinen tarkastus ja ennaltaehk\u00e4isev\u00e4 huolto ovat v\u00e4ltt\u00e4m\u00e4tt\u00f6mi\u00e4 kauhan sylinterin pitk\u00e4aikaisen ja luotettavan toiminnan varmistamiseksi. Seuraavia huoltoteht\u00e4vi\u00e4 suositellaan:<\/p>\n<ul>\n<li>S\u00e4\u00e4nn\u00f6llinen tarkastus<\/li>\n<li>Oikea voitelu<\/li>\n<li>Tiivisteen vaihto<\/li>\n<li>Kalibrointitarkistus<\/li>\n<\/ul>\n<p>On t\u00e4rke\u00e4\u00e4 antaa asianmukaista ohjausta sylinterin oikeanlaiseen asennukseen, mukaan lukien sylinterin asianmukainen kohdistaminen ja sopivien asennuskiinnikkeiden k\u00e4ytt\u00f6 sylinterin kiinnitt\u00e4miseen. Suositellut tarkastus-, korjaus- ja vaihtomenettelyt, mukaan lukien varaosat ja korjauspalvelut, annetaan kauhasylinterin k\u00e4ytt\u00f6i\u00e4n pident\u00e4miseksi.<\/p>\n<p><img decoding=\"async\" src=\"https:\/\/www.hydraulic-cylinders.net\/wp-content\/uploads\/2025\/01\/songte-chushion-collar.webp\" alt=\"Kauhan sylinterin huoltokuva\"><\/p>\n<h3>Turvallisuusn\u00e4k\u00f6kohdat ja ymp\u00e4rist\u00f6tekij\u00e4t<\/h3>\n<p>Kauhan sylinteri on raskaiden koneiden kriittinen osa, ja turvallisuusn\u00e4k\u00f6kohdat ovat ensiarvoisen t\u00e4rkeit\u00e4. Asianmukaiset toimenpiteet on toteutettava turvallisen k\u00e4yt\u00f6n varmistamiseksi ja onnettomuuksien tai vaurioiden est\u00e4miseksi.<\/p>\n<p>Ymp\u00e4rist\u00f6tekij\u00e4t, kuten l\u00e4mp\u00f6tila, kosteus ja saasteet, voivat vaikuttaa kauhasylinterin toimintaan ja k\u00e4ytt\u00f6ik\u00e4\u00e4n. Sylinterin suojaamiseksi ja asianmukaisen toiminnan varmistamiseksi on ryhdytt\u00e4v\u00e4 asianmukaisiin toimenpiteisiin.<\/p>\n<h3>Vianm\u00e4\u00e4ritys ja yleiset ongelmat<\/h3>\n<p>Kauhasylinteriin liittyvi\u00e4 yleisi\u00e4 ongelmia ovat \u00f6ljyvuodot, hidas toiminta ja ep\u00e4normaali melu. Vianm\u00e4\u00e4ritysvinkkej\u00e4 ja -ratkaisuja tarjotaan ongelmien diagnosointiin ja ratkaisemiseen sek\u00e4 ennaltaehk\u00e4iseviin toimenpiteisiin mahdollisten ongelmien minimoimiseksi.<\/p>\n<p><img decoding=\"async\" src=\"https:\/\/www.hydraulic-cylinders.net\/wp-content\/uploads\/2025\/01\/songte-bushings-with-all-kinds-of-excavator-models.webp\" alt=\"Kauhan sylinterin vianm\u00e4\u00e4rityskuva\"><\/p>\n<h2>Tietoa yrityksest\u00e4mme<\/h2>\n<p>Olemme korvaavien hydraulisylinterien valmistaja, jolla on laaja tuotevalikoima ja joka on yksi johtavista hydraulisylinterien valmistajista ja tukkumyyjist\u00e4 kotimaisilla ja ulkomaisilla markkinoilla. Noudatamme erinomaisuuden periaatetta laadussa, luotamme teollisen tuotannon hallintastrategioihin hienoissa valmistuspajoissa ja parannamme jatkuvasti ty\u00f6pajan valmistusalustaa ja t\u00e4ydellist\u00e4mme tuotteiden laadun tuotantolinjaa. Yrityksell\u00e4mme on vahva luovuus, korkea tehokkuus, korkea tarkkuus ja korkeat laatuperiaatteet asiakkaiden monipuolisten tarpeiden t\u00e4ytt\u00e4miseksi.<\/p>\n<h3>Ammattimaisuus<\/h3>\n<p>Tiimimme koostuu alan kokeneista ammattilaisista, jotka ovat sitoutuneet tarjoamaan korkealaatuisia tuotteita ja palveluita.<\/p>\n<h3>Kansainv\u00e4linen sertifiointi<\/h3>\n<p>Olemme saaneet kansainv\u00e4lisi\u00e4 sertifikaatteja, kuten ISO 9001, CE ja SGS, mik\u00e4 varmistaa, ett\u00e4 tuotteemme t\u00e4ytt\u00e4v\u00e4t korkeat laatustandardit.<\/p>\n<h3>R\u00e4\u00e4t\u00e4l\u00f6intipalvelut<\/h3>\n<p>Tarjoamme r\u00e4\u00e4t\u00e4l\u00f6intipalveluita vastaamaan asiakkaiden erityistarpeita ja -vaatimuksia, ja tarjoamme r\u00e4\u00e4t\u00e4l\u00f6ityj\u00e4 ratkaisuja erilaisiin sovelluksiin.<\/p>\n<h3>Tuotantolaitteet<\/h3>\n<p>Yrityksell\u00e4mme on edistyneet tuotantolaitteet ja -teknologia, mukaan lukien CNC-ty\u00f6st\u00f6keskukset, hitsausrobotit ja muut huippuluokan digitaaliset valmistuslaitteet.<\/p>\n<h3>Myynnin j\u00e4lkeinen palvelu<\/h3>\n<p>Tarjoamme kattavaa huoltopalvelua, mukaan lukien teknist\u00e4 tukea, korjaus- ja huoltopalveluita, varmistaaksemme asiakastyytyv\u00e4isyyden ja pitk\u00e4aikaisen yhteisty\u00f6n.<\/p>\n<p><img decoding=\"async\" src=\"https:\/\/www.hydraulic-cylinders.net\/wp-content\/uploads\/2025\/01\/songte-company-3.webp\" alt=\"Kauhasylinterin yrityskuva\"><\/p>\n<p>Kirjoittaja: lyl<\/p>","protected":false},"excerpt":{"rendered":"<p>Bucket Cylinder For Hyundai Large Excavator R350LC-7 Introduction Defining the Bucket Cylinder A bucket cylinder is a specially designed hydraulic cylinder that is primarily used to control the movement of the bucket in heavy machinery such as excavators, backhoe loaders, and front-end loaders. Its main function is to enable the bucket to lift, lower, and [&hellip;]<\/p>","protected":false},"featured_media":14765,"comment_status":"open","ping_status":"closed","template":"","meta":{"_et_pb_use_builder":"","_et_pb_old_content":"","_et_gb_content_width":""},"product_brand":[],"product_cat":[1494],"product_tag":[1495,1496],"class_list":{"0":"post-15324","1":"product","2":"type-product","3":"status-publish","4":"has-post-thumbnail","6":"product_cat-bucket-cylinders","7":"product_tag-bucket-cylinders","8":"product_tag-hydraulic-cylinders","10":"first","11":"instock","12":"shipping-taxable","13":"product-type-simple"},"amp_enabled":true,"_links":{"self":[{"href":"https:\/\/www.hydraulic-cylinders.net\/fi\/wp-json\/wp\/v2\/product\/15324","targetHints":{"allow":["GET"]}}],"collection":[{"href":"https:\/\/www.hydraulic-cylinders.net\/fi\/wp-json\/wp\/v2\/product"}],"about":[{"href":"https:\/\/www.hydraulic-cylinders.net\/fi\/wp-json\/wp\/v2\/types\/product"}],"replies":[{"embeddable":true,"href":"https:\/\/www.hydraulic-cylinders.net\/fi\/wp-json\/wp\/v2\/comments?post=15324"}],"wp:featuredmedia":[{"embeddable":true,"href":"https:\/\/www.hydraulic-cylinders.net\/fi\/wp-json\/wp\/v2\/media\/14765"}],"wp:attachment":[{"href":"https:\/\/www.hydraulic-cylinders.net\/fi\/wp-json\/wp\/v2\/media?parent=15324"}],"wp:term":[{"taxonomy":"product_brand","embeddable":true,"href":"https:\/\/www.hydraulic-cylinders.net\/fi\/wp-json\/wp\/v2\/product_brand?post=15324"},{"taxonomy":"product_cat","embeddable":true,"href":"https:\/\/www.hydraulic-cylinders.net\/fi\/wp-json\/wp\/v2\/product_cat?post=15324"},{"taxonomy":"product_tag","embeddable":true,"href":"https:\/\/www.hydraulic-cylinders.net\/fi\/wp-json\/wp\/v2\/product_tag?post=15324"}],"curies":[{"name":"wp","href":"https:\/\/api.w.org\/{rel}","templated":true}]}}