{"id":15332,"date":"2025-01-19T14:23:48","date_gmt":"2025-01-19T14:23:48","guid":{"rendered":"https:\/\/www.hydraulic-cylinders.net\/product\/bucket-cylinder-for-hyundai-large-excavator-r505lc-7\/"},"modified":"2025-01-19T14:23:50","modified_gmt":"2025-01-19T14:23:50","slug":"bucket-cylinder-for-hyundai-large-excavator-r505lc-7","status":"publish","type":"product","link":"https:\/\/www.hydraulic-cylinders.net\/fi\/tuote\/bucket-cylinder-for-hyundai-large-excavator-r505lc-7\/","title":{"rendered":"Kauhan sylinteri Hyundai-kaivukoneeseen R505LC-7"},"content":{"rendered":"<h1>Kauhan sylinteri Hyundai-kaivukoneeseen R505LC-7<\/h1>\n<h2>Johdanto<\/h2>\n<p>Hyundai R505LC-7 -kaivukoneen kauhan sylinteri on erityisesti suunniteltu hydraulisylinteri, jota k\u00e4ytet\u00e4\u00e4n kauhan liikkeen ohjaamiseen raskaissa koneissa, kuten kaivinkoneissa, traktorikaivureissa ja etukuormaajissa. Sen p\u00e4\u00e4teht\u00e4v\u00e4n\u00e4 on mahdollistaa kauhan nostaminen, laskeminen ja kallistaminen, mik\u00e4 helpottaa erilaisten materiaalink\u00e4sittelyteht\u00e4vien k\u00e4sittely\u00e4. Hydraulij\u00e4rjestelm\u00e4ss\u00e4 kauhan sylinteri ohjaa kauhan tarkkaa liikett\u00e4 hydrauli\u00f6ljyn paineen muutosten avulla, jolloin k\u00e4ytt\u00e4j\u00e4t voivat k\u00e4sitell\u00e4 raskaita kuormia tehokkaasti ja sopeutua monimutkaisiin ty\u00f6ymp\u00e4rist\u00f6ihin ja erilaisiin ty\u00f6vaatimuksiin.<\/p>\n<p><img decoding=\"async\" src=\"https:\/\/www.hydraulic-cylinders.net\/wp-content\/uploads\/2025\/01\/songte-company-2.webp\" \/><\/p>\n<h3>Tuotteen ominaisuudet<\/h3>\n<ul>\n<li><strong>Korkea lujuus ja kest\u00e4vyys:<\/strong> Tyypillisesti eritt\u00e4in lujasta ter\u00e4ksest\u00e4 tai alumiinista valmistettu kauhasylinteri kest\u00e4\u00e4 korkeaa painetta ja raskaita kuormia ja mukautuu vaativiin ty\u00f6ymp\u00e4rist\u00f6ihin. Sen suunnittelussa on otettu huomioon kulutuskest\u00e4vyys ja korroosionkest\u00e4vyys, mik\u00e4 pident\u00e4\u00e4 sen k\u00e4ytt\u00f6ik\u00e4\u00e4.<\/li>\n<li><strong>Tehokas hydraulinen k\u00e4ytt\u00f6:<\/strong> K\u00e4ytt\u00e4m\u00e4ll\u00e4 hydrauli\u00f6ljyn painetta tasaisen ulos- ja sis\u00e4\u00e4nvedon saavuttamiseksi kauhan sylinteri reagoi nopeasti ohjauskomentoihin ja tarjoaa tehokkaita ty\u00f6nt\u00f6- ja vetovoimia, jotka sopivat raskaiden kuormien k\u00e4sittelyyn ja monimutkaisiin teht\u00e4viin.<\/li>\n<li><strong>Erilaisia \u200b\u200btyyppej\u00e4:<\/strong> Kauhasylinteri voidaan valita yksitoimiseksi (hydraulisesti toimiva yhteen suuntaan) tai kaksitoimiseksi (hydraulisesti toimiva molempiin suuntiin) sylinteriksi eri k\u00e4ytt\u00f6vaatimusten mukaan. Jotkut mallit ovat teleskooppisia, mik\u00e4 mahdollistaa suuremman jatkeen ilman ulkomittojen kasvua, mik\u00e4 sopii ahtaisiin k\u00e4ytt\u00f6tarkoituksiin.<\/li>\n<li><strong>T\u00e4ydellinen korvaus:<\/strong> Yrityksemme voi tuottaa t\u00e4t\u00e4 tuotetta, ja tuotteemme voivat t\u00e4ydellisesti korvata n\u00e4m\u00e4 hydraulisylinterit.<\/li>\n<\/ul>\n<p><img decoding=\"async\" src=\"https:\/\/www.hydraulic-cylinders.net\/wp-content\/uploads\/2025\/01\/songte-cylinder-head-with-all-kinds-excavator-models.webp\" \/><\/p>\n<h3>Sovellukset<\/h3>\n<p>Kauhasylinterill\u00e4 on monia sovelluksia, mukaan lukien:<\/p>\n<ul>\n<li><strong>Rakennuslaitteet:<\/strong> Kaivinkoneissa ne ovat v\u00e4ltt\u00e4m\u00e4tt\u00f6mi\u00e4 kaivamiseen, lastaamiseen ja maaper\u00e4n tai roskien siirt\u00e4miseen. Kaivinkoneissa kauhan sylinteri avustaa kaivamisessa ja nostamisessa. <\/li>\n<li><strong>Maatalouskoneet:<\/strong> Etukuormaajissa niit\u00e4 k\u00e4ytet\u00e4\u00e4n kauhaamaan, nostamaan ja kuljettamaan maata, hein\u00e4\u00e4 ja muita materiaaleja. <\/li>\n<li><strong>Kaivinkoneet:<\/strong> Kauhan sylinteri mahdollistaa kauhan tunkeutumisen maaper\u00e4\u00e4n kaivutoimia varten.<\/li>\n<li><strong>Kuormaajat:<\/strong> Etukuormaajissa ne auttavat nostamaan ja tyhjent\u00e4m\u00e4\u00e4n lastia tehokkaasti.<\/li>\n<\/ul>\n<h3>Suunnittelun\u00e4k\u00f6kohdat ja valintastandardit<\/h3>\n<p>Kauhasylinterin on t\u00e4ytett\u00e4v\u00e4 tietyt suunnittelu- ja valintastandardit sen toimivuuden ja turvallisuuden varmistamiseksi. N\u00e4ihin suunnittelun\u00e4k\u00f6kohtiin kuuluvat:<\/p>\n<ul>\n<li><strong>Kantavuus:<\/strong> Kauhan sylinterin tulee kest\u00e4\u00e4 suurin mahdollinen kuormitus.<\/li>\n<li><strong>Tiivistyskyky:<\/strong> Sylinterin on oltava hyvin tiivist\u00e4v\u00e4 \u00f6ljyvuotojen est\u00e4miseksi ja hydraulij\u00e4rjestelm\u00e4n suojaamiseksi.<\/li>\n<li><strong>Kest\u00e4vyys:<\/strong> Kauhan sylinterin tulee olla valmistettu kest\u00e4vist\u00e4 materiaaleista, jotta se kest\u00e4\u00e4 kulumista ja s\u00e4ilytt\u00e4\u00e4 suorituskykyns\u00e4 ajan kuluessa.<\/li>\n<li><strong>Turvallisuus:<\/strong> Sylinteri on suunniteltava siten, ett\u00e4 se est\u00e4\u00e4 onnettomuudet ja varmistaa ty\u00f6ntekij\u00f6iden ja laitteiden turvallisuuden.<\/li>\n<li><strong>Yll\u00e4pidett\u00e4vyys:<\/strong> Sylinterin tulee olla helppo huoltaa ja sen osien tulee olla helposti vaihdettavissa.<\/li>\n<\/ul>\n<p><img decoding=\"async\" src=\"https:\/\/www.hydraulic-cylinders.net\/wp-content\/uploads\/2025\/01\/songte-oil-pipes-and-spare-parts.webp\" \/><\/p>\n<h3>Tiivistys ja voitelu<\/h3>\n<p>Kauhasylinteriss\u00e4 k\u00e4ytet\u00e4\u00e4n erityyppisi\u00e4 tiivisteit\u00e4, kuten m\u00e4nn\u00e4ntiivisteit\u00e4 ja varren tiivisteit\u00e4, jotka on valmistettu kulutusta kest\u00e4vist\u00e4 materiaaleista, kuten polyuretaanista ja nitriilikumista. Sylinterin runko ja kierteitetyt p\u00e4\u00e4typinnat on hienosti k\u00e4sitelty kulutuskest\u00e4vyyden parantamiseksi. S\u00e4\u00e4nn\u00f6llinen voitelu oikealla m\u00e4\u00e4r\u00e4ll\u00e4 hydrauli\u00f6ljy\u00e4 on v\u00e4ltt\u00e4m\u00e4t\u00f6nt\u00e4 sen sujuvan toiminnan varmistamiseksi.<\/p>\n<h3>Huolto ja korjaus<\/h3>\n<p>S\u00e4\u00e4nn\u00f6llinen huolto ja ennaltaehk\u00e4isev\u00e4t toimenpiteet voivat auttaa pident\u00e4m\u00e4\u00e4n kauhan sylinterin k\u00e4ytt\u00f6ik\u00e4\u00e4. N\u00e4ihin toimenpiteisiin kuuluvat:<\/p>\n<ul>\n<li><strong>S\u00e4\u00e4nn\u00f6llinen tarkastus:<\/strong> Tarkasta sylinteri vaurioiden, kulumisen ja vuotojen varalta.<\/li>\n<li><strong>Voitelu:<\/strong> Levit\u00e4 voiteluainetta tarvittaessa, jotta sylinteri toimii sujuvasti.<\/li>\n<li><strong>Tiivisteen vaihto ja kalibroinnin tarkistus:<\/strong> Vaihda kuluneet tai vaurioituneet tiivisteet ja tarkista sylinterin kalibrointi optimaalisen suorituskyvyn varmistamiseksi.<\/li>\n<\/ul>\n<h3>Turvallisuusn\u00e4k\u00f6kohdat ja ymp\u00e4rist\u00f6tekij\u00e4t<\/h3>\n<p>Turvatoimenpiteet ovat elint\u00e4rkeit\u00e4 hydraulisylintereiden kanssa ty\u00f6skennelless\u00e4. Asianmukaiset turvavarusteet ja koulutus on aina j\u00e4rjestett\u00e4v\u00e4. Ymp\u00e4rist\u00f6tekij\u00e4t, kuten l\u00e4mp\u00f6tila ja kosteus, voivat my\u00f6s vaikuttaa sylinterin suorituskykyyn, joten ne on otettava huomioon.<\/p>\n<h3>Vianm\u00e4\u00e4ritys ja yleiset ongelmat<\/h3>\n<p>Kauhasylinterin yleisi\u00e4 ongelmia ovat \u00f6ljyvuoto, vaurioituneet tiivisteet ja hidas toiminta. N\u00e4iden ongelmien vianm\u00e4\u00e4ritys edellytt\u00e4\u00e4 sylinterin rakenteen ja toiminnan perusteellista ymm\u00e4rt\u00e4mist\u00e4, ja tietyt ongelmat saattavat vaatia erityisi\u00e4 ratkaisuja.<\/p>\n<p><img decoding=\"async\" src=\"https:\/\/www.hydraulic-cylinders.net\/wp-content\/uploads\/2025\/01\/songte-bushings-with-all-kinds-of-excavator-models.webp\" \/><\/p>\n<h3>Tietoa yrityksest\u00e4mme<\/h3>\n<p>Yrityksemme on johtava hydraulisylintereiden valmistaja ja tukkumyyj\u00e4 kotimaisilla ja kansainv\u00e4lisill\u00e4 markkinoilla. Tarjoamme t\u00e4yden valikoiman hydraulisylintereit\u00e4 ja noudatamme korkean hy\u00f6tysuhteen, tarkkuuden ja laadun periaatteita vastataksemme asiakkaidemme monipuolisiin tarpeisiin. Meill\u00e4 on hienostunut valmistuspaja ja erinomaiseen laatuun perustuva teollisen tuotannon hallintastrategia, joka perustuu teknologisiin kykyihin, digitaalisiin huippuluokan valmistuslaitteisiin ja ammattimaisiin testausj\u00e4rjestelmiin.<\/p>\n<p>Tarjoamme my\u00f6s r\u00e4\u00e4t\u00e4l\u00f6ityj\u00e4 palveluita, ja tuotteemme ovat kansainv\u00e4lisesti sertifioituja laadun ja turvallisuuden varmistamiseksi. Yrityksemme tarjoaa kattavaa huoltopalvelua, mukaan lukien osien vaihto- ja korjauspalvelut, varmistaakseen tuotteidemme mahdollisimman pitk\u00e4n k\u00e4ytt\u00f6i\u00e4n. <\/p>\n<p><img decoding=\"async\" src=\"https:\/\/hzpt.com\/wp-content\/uploads\/2024\/11\/songte-company-1.webp\" \/><\/p>\n<p>Kirjoittaja: lyl<\/p>","protected":false},"excerpt":{"rendered":"<p>Bucket Cylinder For Hyundai Large Excavator R505LC-7 Introduction The Bucket Cylinder for Hyundai Large Excavator R505LC-7 is a specially designed hydraulic cylinder used to control the movement of the bucket in heavy machinery such as excavators, backhoe excavators, and front-end loaders. Its main function is to enable the bucket to lift, lower and tilt, making [&hellip;]<\/p>","protected":false},"featured_media":14782,"comment_status":"open","ping_status":"closed","template":"","meta":{"_et_pb_use_builder":"","_et_pb_old_content":"","_et_gb_content_width":""},"product_brand":[],"product_cat":[1494],"product_tag":[1495,1496],"class_list":{"0":"post-15332","1":"product","2":"type-product","3":"status-publish","4":"has-post-thumbnail","6":"product_cat-bucket-cylinders","7":"product_tag-bucket-cylinders","8":"product_tag-hydraulic-cylinders","10":"first","11":"instock","12":"shipping-taxable","13":"product-type-simple"},"amp_enabled":true,"_links":{"self":[{"href":"https:\/\/www.hydraulic-cylinders.net\/fi\/wp-json\/wp\/v2\/product\/15332","targetHints":{"allow":["GET"]}}],"collection":[{"href":"https:\/\/www.hydraulic-cylinders.net\/fi\/wp-json\/wp\/v2\/product"}],"about":[{"href":"https:\/\/www.hydraulic-cylinders.net\/fi\/wp-json\/wp\/v2\/types\/product"}],"replies":[{"embeddable":true,"href":"https:\/\/www.hydraulic-cylinders.net\/fi\/wp-json\/wp\/v2\/comments?post=15332"}],"wp:featuredmedia":[{"embeddable":true,"href":"https:\/\/www.hydraulic-cylinders.net\/fi\/wp-json\/wp\/v2\/media\/14782"}],"wp:attachment":[{"href":"https:\/\/www.hydraulic-cylinders.net\/fi\/wp-json\/wp\/v2\/media?parent=15332"}],"wp:term":[{"taxonomy":"product_brand","embeddable":true,"href":"https:\/\/www.hydraulic-cylinders.net\/fi\/wp-json\/wp\/v2\/product_brand?post=15332"},{"taxonomy":"product_cat","embeddable":true,"href":"https:\/\/www.hydraulic-cylinders.net\/fi\/wp-json\/wp\/v2\/product_cat?post=15332"},{"taxonomy":"product_tag","embeddable":true,"href":"https:\/\/www.hydraulic-cylinders.net\/fi\/wp-json\/wp\/v2\/product_tag?post=15332"}],"curies":[{"name":"wp","href":"https:\/\/api.w.org\/{rel}","templated":true}]}}