{"id":15343,"date":"2025-01-19T14:24:39","date_gmt":"2025-01-19T14:24:39","guid":{"rendered":"https:\/\/www.hydraulic-cylinders.net\/product\/bucket-cylinder-for-kobelco-small-excavator-sk60-c\/"},"modified":"2025-01-19T14:24:40","modified_gmt":"2025-01-19T14:24:40","slug":"bucket-cylinder-for-kobelco-small-excavator-sk60-c","status":"publish","type":"product","link":"https:\/\/www.hydraulic-cylinders.net\/fi\/tuote\/bucket-cylinder-for-kobelco-small-excavator-sk60-c\/","title":{"rendered":"Kauhan sylinteri Kobelco-pienkaivukoneelle SK60-C"},"content":{"rendered":"<h1>Kauhan sylinteri Kobelco-pienkaivukoneeseen SK60-C<\/h1>\n<h2>Johdanto<\/h2>\n<h3>M\u00e4\u00e4ritelm\u00e4<\/h3>\n<p>Kauhasylinteri on erityisesti suunniteltu hydraulisylinteri, jota k\u00e4ytet\u00e4\u00e4n kauhan liikkeen ohjaamiseen raskaissa koneissa, kuten kaivinkoneissa, kaivurikuormaajissa ja etukuormaajissa. Sen ensisijainen teht\u00e4v\u00e4 on mahdollistaa kauhan nostaminen, laskeminen ja kallistaminen, mik\u00e4 helpottaa erilaisten materiaalien k\u00e4sittely\u00e4. Hydraulij\u00e4rjestelm\u00e4ss\u00e4 kauhasylinteri saavuttaa tarkan kauhan liikkeen hallinnan hydrauli\u00f6ljyn paineen muutosten avulla, jolloin k\u00e4ytt\u00e4j\u00e4 voi k\u00e4sitell\u00e4 raskaita kuormia tehokkaasti ja sopeutua monimutkaisiin ty\u00f6olosuhteisiin ja erilaisiin k\u00e4ytt\u00f6vaatimuksiin.<\/p>\n<p><img decoding=\"async\" src=\"https:\/\/www.hydraulic-cylinders.net\/wp-content\/uploads\/2025\/01\/songte-company-2.webp\" alt=\"Kauhan sylinterin kuva\"><\/p>\n<h2>Ominaisuudet<\/h2>\n<ul>\n<li><strong>Korkea lujuus ja kest\u00e4vyys:<\/strong> Tyypillisesti eritt\u00e4in lujasta ter\u00e4ksest\u00e4 tai alumiinista valmistettu tuote kest\u00e4\u00e4 korkeaa painetta ja raskaita kuormia. Se sopeutuu vaativiin ty\u00f6ymp\u00e4rist\u00f6ihin ja sen suunnittelussa on otettu huomioon kulutuskest\u00e4vyys ja korroosionkest\u00e4vyys, mik\u00e4 pident\u00e4\u00e4 k\u00e4ytt\u00f6ik\u00e4\u00e4.<\/li>\n<li><strong>Tehokkaat hydrauliset toiminnot:<\/strong> Se k\u00e4ytt\u00e4\u00e4 hydrauli\u00f6ljynpainetta tasaisen ojennus- ja sis\u00e4\u00e4nvetoliikkeen saavuttamiseksi ja reagoi nopeasti ohjauskomentoihin. Se tarjoaa tehokkaan ty\u00f6nt\u00f6- ja vetovoiman, joka sopii raskaiden kuormien k\u00e4sittelyyn ja monimutkaisiin k\u00e4ytt\u00f6teht\u00e4viin.<\/li>\n<li><strong>Erilaisia \u200b\u200btyyppej\u00e4:<\/strong> Yksitoimisia (hydrauliikkaa k\u00e4ytet\u00e4\u00e4n vain yhteen suuntaan) tai kaksitoimisia (hydrauliikkaa k\u00e4ytet\u00e4\u00e4n molempiin suuntiin) sylintereit\u00e4 voidaan valita tarpeiden mukaan erilaisten k\u00e4ytt\u00f6vaatimusten t\u00e4ytt\u00e4miseksi. Jotkut mallit ovat teleskooppisia, mik\u00e4 mahdollistaa suuremman jatkeen ilman ulkomittojen kasvua, mik\u00e4 sopii rajoitetun tilan sovelluksiin.<\/li>\n<li><strong>Vaihdettavissa:<\/strong> Tuotteemme voivat t\u00e4ydellisesti korvata n\u00e4m\u00e4 hydraulisylinterit.<\/li>\n<li><strong>Mukauttaminen:<\/strong> Voimme valmistaa t\u00e4m\u00e4n tuotteen asiakkaan eritelmien mukaisesti.<\/li>\n<\/ul>\n<p><img decoding=\"async\" src=\"https:\/\/www.hydraulic-cylinders.net\/wp-content\/uploads\/2025\/01\/songte-cylinder-head-with-all-kinds-excavator-models.webp\" alt=\"Kauhan sylinterin vaihtokuva\"><\/p>\n<h2>Sovellukset<\/h2>\n<p>Kauhasylintereit\u00e4 k\u00e4ytet\u00e4\u00e4n laajalti erilaisissa raskaissa koneissa, mukaan lukien:<\/p>\n<ul>\n<li>Rakennuslaitteet: Kaivinkoneissa ne ovat v\u00e4ltt\u00e4m\u00e4tt\u00f6mi\u00e4 maan tai roskien kaivamiseen, lastaamiseen ja siirt\u00e4miseen. Kaivurikuormaajissa kauhan sylinteri auttaa kaivamisessa ja nostamisessa. <\/li>\n<li>Maatalouskoneet: K\u00e4ytet\u00e4\u00e4n etukuormaajissa maan, hein\u00e4n ja muiden materiaalien kaivamiseen, nostamiseen ja kuljettamiseen.<\/li>\n<li>Kaivinkoneet: Kauhan sylinteri saavuttaa kaivutoiminnon antamalla kauhan tunkeutua maaper\u00e4\u00e4n.<\/li>\n<li>Etukuormaajat: Etukuormaajissa ne auttavat tavaroiden tehokkaassa nostamisessa ja kippaamisessa.<\/li>\n<\/ul>\n<h2>Suunnittelun\u00e4k\u00f6kohdat ja valintakriteerit<\/h2>\n<h3>Suunnittelun\u00e4k\u00f6kohdat<\/h3>\n<ul>\n<li><strong>Kantavuus:<\/strong> Sylinterin tulee olla suunniteltu kest\u00e4m\u00e4\u00e4n sen k\u00e4yt\u00f6n aikana mahdollisesti kohtaama suurin kuormitus.<\/li>\n<li><strong>Tiivistys:<\/strong> Nestevuotojen est\u00e4miseksi tulisi k\u00e4ytt\u00e4\u00e4 erilaisia \u200b\u200btiivistyskomponentteja, kuten m\u00e4nn\u00e4ntiivisteit\u00e4 ja m\u00e4nn\u00e4nvarren tiivisteit\u00e4.<\/li>\n<li><strong>Kest\u00e4vyys:<\/strong> Sylinterin tulee olla suunniteltu kulutusta kest\u00e4vist\u00e4 materiaaleista ja pintak\u00e4sittelyill\u00e4, jotka pident\u00e4v\u00e4t sen k\u00e4ytt\u00f6ik\u00e4\u00e4.<\/li>\n<li><strong>Turvallisuus:<\/strong> Sylinterin tulee olla suunniteltu est\u00e4m\u00e4\u00e4n onnettomuudet, kuten \u00e4killiset putoamiset tai ylikuormitus, ja sen on t\u00e4ytett\u00e4v\u00e4 asiaankuuluvat turvallisuusstandardit.<\/li>\n<li><strong>Yll\u00e4pidett\u00e4vyys:<\/strong> Sylinterin tulee olla suunniteltu siten, ett\u00e4 se on helppo tarkastaa, huoltaa ja korjata.<\/li>\n<\/ul>\n<p><img decoding=\"async\" src=\"https:\/\/www.hydraulic-cylinders.net\/wp-content\/uploads\/2025\/01\/songte-oil-pipes-and-spare-parts.webp\" alt=\"Kauhan sylinterin varaosien kuva\"><\/p>\n<h3>Valintakriteerit<\/h3>\n<ul>\n<li><strong>Sovellus:<\/strong> Sylinterityypin oikean valinnan tulisi perustua tiettyyn k\u00e4ytt\u00f6tarkoitukseen ja k\u00e4ytt\u00f6vaatimuksiin.<\/li>\n<li><strong>Koko ja iskunpituus:<\/strong> Sylinterin sis\u00e4halkaisija ja iskunpituus tulee valita kuormituskapasiteetin ja k\u00e4ytt\u00f6olosuhteiden perusteella.<\/li>\n<li><strong>Kiinnitystapa:<\/strong> Sylinterin kiinnitystapa tulee valita koneen kiinnitystavan mukaan.<\/li>\n<li><strong>K\u00e4ytt\u00f6paine:<\/strong> Sylinterin k\u00e4ytt\u00f6paineen tulee olla hydraulij\u00e4rjestelm\u00e4n m\u00e4\u00e4ritellyll\u00e4 alueella.<\/li>\n<li><strong>Ymp\u00e4rist\u00f6vaatimukset:<\/strong> Sylinteri tulee valita koneen ymp\u00e4rist\u00f6vaatimusten, kuten l\u00e4mp\u00f6tilan, kosteuden ja sy\u00f6vytt\u00e4vyyden, perusteella.<\/li>\n<\/ul>\n<h2>Tiivistys ja voitelu<\/h2>\n<p>Nestevuotojen est\u00e4miseksi tulisi k\u00e4ytt\u00e4\u00e4 erilaisia \u200b\u200btiivistekomponentteja, kuten m\u00e4nn\u00e4ntiivisteit\u00e4 ja varren tiivisteit\u00e4. Tiivisteiden tulisi olla valmistettu kulutusta kest\u00e4vist\u00e4 materiaaleista, kuten polyuretaanista tai nitriilikumista. Sylinterin runko ja kierteitetyt p\u00e4\u00e4typinnat tulisi k\u00e4sitell\u00e4 hienosti kulutuskest\u00e4vyyden parantamiseksi. S\u00e4\u00e4nn\u00f6llinen sopivan m\u00e4\u00e4r\u00e4n hydrauli\u00f6ljyn lis\u00e4\u00e4minen voi tehokkaasti voidella sylinteri\u00e4 ja pident\u00e4\u00e4 sen k\u00e4ytt\u00f6ik\u00e4\u00e4.<\/p>\n<h2>Huolto ja korjaus<\/h2>\n<p>S\u00e4\u00e4nn\u00f6llinen tarkastus, asianmukainen voitelu, tiivisteiden vaihto ja kalibrointitarkastukset ovat tyypillisi\u00e4 huoltoteht\u00e4vi\u00e4. Asianmukainen asennus, voitelu ja s\u00e4\u00e4t\u00f6 ovat olennaisia \u200b\u200bsylinterin suorituskyvyn ja pitk\u00e4n k\u00e4ytt\u00f6i\u00e4n kannalta. Asennuksen aikana on t\u00e4rke\u00e4\u00e4 kohdistaa sylinteri oikein ja k\u00e4ytt\u00e4\u00e4 sopivia kiinnitystelineit\u00e4 sylinterin kiinnitt\u00e4miseen. Suosittelemme erityisi\u00e4 tarkastus-, korjaus- ja vaihtomenettelyj\u00e4, mukaan lukien uudelleenrakennuspalvelut ja vinkkej\u00e4 sylinterin k\u00e4ytt\u00f6i\u00e4n pident\u00e4miseksi.<\/p>\n<p><img decoding=\"async\" src=\"https:\/\/www.hydraulic-cylinders.net\/wp-content\/uploads\/2025\/01\/songte-chushion-collar.webp\" alt=\"Kauhan sylinterin asennuskuva\"><\/p>\n<h2>Turvallisuusn\u00e4k\u00f6kohdat ja ymp\u00e4rist\u00f6tekij\u00e4t<\/h2>\n<p>Hydraulisylintereit\u00e4 k\u00e4ytett\u00e4ess\u00e4 on t\u00e4rke\u00e4\u00e4 noudattaa turvatoimia, kuten suojavarusteiden k\u00e4ytt\u00f6\u00e4 ja turvallisuusohjeiden noudattamista. Ymp\u00e4rist\u00f6tekij\u00e4t, kuten l\u00e4mp\u00f6tila, kosteus, sy\u00f6vytt\u00e4vyys ja puhtaus, on otettava huomioon sylinteri\u00e4 ja hydraulij\u00e4rjestelm\u00e4\u00e4 valittaessa.<\/p>\n<h2>Yleisi\u00e4 ongelmia ja vianm\u00e4\u00e4ritys<\/h2>\n<p>Hydraulisylinterien yleisi\u00e4 ongelmia ovat nestevuoto, riitt\u00e4m\u00e4t\u00f6n voima ja ep\u00e4tasainen liike. Vianm\u00e4\u00e4ritykseen kuuluu ongelman ja sen syiden, kuten kuluneiden tiivisteiden tai likaantuneen nesteen, tunnistaminen ja asianmukaisten korjaavien toimenpiteiden toteuttaminen, kuten tiivisteen vaihtaminen tai nesteen huuhtelu. S\u00e4\u00e4nn\u00f6llinen ennakoiva huolto voi auttaa minimoimaan t\u00e4llaisia \u200b\u200bongelmia.<\/p>\n<p><img decoding=\"async\" src=\"https:\/\/www.hydraulic-cylinders.net\/wp-content\/uploads\/2025\/01\/songte-bushings-with-all-kinds-of-excavator-models.webp\" alt=\"Kauhan sylinterin vianm\u00e4\u00e4rityskuva\"><\/p>\n<h2>Tietoa yrityksest\u00e4mme<\/h2>\n<p>Olemme korvaavien hydraulisylinterien valmistaja ja tarjoamme kattavan tuotevalikoiman. Olemme yksi johtavista hydraulisylinterien valmistajista ja tukkumyyjist\u00e4 kotimaisilla ja kansainv\u00e4lisill\u00e4 markkinoilla. Noudatamme erinomaisen laadun periaatetta ja luotamme teollisen tuotannon hallintastrategioihin hienoilla valmistusty\u00f6pajoilla, jatkuvasti parantaen valmistusalustojamme ja t\u00e4ydellist\u00e4en tuotteiden laatua parantavia tuotantolinjoja. Meill\u00e4 on vahva luomiskyky vastata monipuolisiin asiakastarpeisiin korkealla tehokkuudella, tarkkuudella ja laadulla. <\/p>\n<ul>\n<li><strong>Ammattimaisuus:<\/strong> Tiimimme koostuu kokeneista ammattilaisista, jotka pystyv\u00e4t tarjoamaan r\u00e4\u00e4t\u00e4l\u00f6ityj\u00e4 ratkaisuja erilaisille asiakkaille.<\/li>\n<li><strong>Kansainv\u00e4linen sertifiointi:<\/strong> Tuotteemme ovat l\u00e4p\u00e4isseet kansainv\u00e4liset sertifikaatit, kuten ISO9001, CE ja SGS.<\/li>\n<li><strong>R\u00e4\u00e4t\u00e4l\u00f6intipalvelu:<\/strong> Voimme toimittaa r\u00e4\u00e4t\u00e4l\u00f6ityj\u00e4 sylintereit\u00e4 asiakkaan eritelmien ja vaatimusten mukaisesti.<\/li>\n<li><strong>Edistyneet tuotantolaitteet:<\/strong> Meill\u00e4 on k\u00e4yt\u00f6ss\u00e4mme edistyneet digitaaliset valmistuslaitteet, kuten CNC-koneet ja testausj\u00e4rjestelm\u00e4t, tuotteiden laadun ja yhdenmukaisuuden varmistamiseksi.<\/li>\n<li><strong>Myynnin j\u00e4lkeinen palvelu:<\/strong> Tarjoamme oikea-aikaista myynnin j\u00e4lkeist\u00e4 palvelua, mukaan lukien osien vaihto ja uudelleenrakennuspalvelut, asiakastyytyv\u00e4isyyden varmistamiseksi.<\/li>\n<\/ul>\n<p><img decoding=\"async\" src=\"https:\/\/hzpt.com\/wp-content\/uploads\/2024\/11\/songte-company-1.webp\" alt=\"Yrityksen imago\"><\/p>\n<p>Kirjoittaja: lyl.<\/p>","protected":false},"excerpt":{"rendered":"<p>Bucket Cylinder for Kobelco Small Excavator SK60-C Introduction Definition A bucket cylinder is a specially designed hydraulic cylinder used to control the movement of a bucket in heavy machinery such as excavators, backhoe loaders, and front loaders. Its primary function is to enable the bucket to lift, lower, and tilt, making it easier to handle [&hellip;]<\/p>","protected":false},"featured_media":14788,"comment_status":"open","ping_status":"closed","template":"","meta":{"_et_pb_use_builder":"","_et_pb_old_content":"","_et_gb_content_width":""},"product_brand":[],"product_cat":[1494],"product_tag":[1495,1496],"class_list":{"0":"post-15343","1":"product","2":"type-product","3":"status-publish","4":"has-post-thumbnail","6":"product_cat-bucket-cylinders","7":"product_tag-bucket-cylinders","8":"product_tag-hydraulic-cylinders","10":"first","11":"instock","12":"shipping-taxable","13":"product-type-simple"},"amp_enabled":true,"_links":{"self":[{"href":"https:\/\/www.hydraulic-cylinders.net\/fi\/wp-json\/wp\/v2\/product\/15343","targetHints":{"allow":["GET"]}}],"collection":[{"href":"https:\/\/www.hydraulic-cylinders.net\/fi\/wp-json\/wp\/v2\/product"}],"about":[{"href":"https:\/\/www.hydraulic-cylinders.net\/fi\/wp-json\/wp\/v2\/types\/product"}],"replies":[{"embeddable":true,"href":"https:\/\/www.hydraulic-cylinders.net\/fi\/wp-json\/wp\/v2\/comments?post=15343"}],"wp:featuredmedia":[{"embeddable":true,"href":"https:\/\/www.hydraulic-cylinders.net\/fi\/wp-json\/wp\/v2\/media\/14788"}],"wp:attachment":[{"href":"https:\/\/www.hydraulic-cylinders.net\/fi\/wp-json\/wp\/v2\/media?parent=15343"}],"wp:term":[{"taxonomy":"product_brand","embeddable":true,"href":"https:\/\/www.hydraulic-cylinders.net\/fi\/wp-json\/wp\/v2\/product_brand?post=15343"},{"taxonomy":"product_cat","embeddable":true,"href":"https:\/\/www.hydraulic-cylinders.net\/fi\/wp-json\/wp\/v2\/product_cat?post=15343"},{"taxonomy":"product_tag","embeddable":true,"href":"https:\/\/www.hydraulic-cylinders.net\/fi\/wp-json\/wp\/v2\/product_tag?post=15343"}],"curies":[{"name":"wp","href":"https:\/\/api.w.org\/{rel}","templated":true}]}}