{"id":15352,"date":"2025-01-19T14:25:22","date_gmt":"2025-01-19T14:25:22","guid":{"rendered":"https:\/\/www.hydraulic-cylinders.net\/product\/bucket-cylinder-for-kobelco-middle-excavator-sk200-3-3e-5-6-6e-7-8\/"},"modified":"2025-01-19T14:25:24","modified_gmt":"2025-01-19T14:25:24","slug":"bucket-cylinder-for-kobelco-middle-excavator-sk200-3-3e-5-6-6e-7-8","status":"publish","type":"product","link":"https:\/\/www.hydraulic-cylinders.net\/fi\/tuote\/bucket-cylinder-for-kobelco-middle-excavator-sk200-3-3e-5-6-6e-7-8\/","title":{"rendered":"Kauhan sylinteri Kobelco-kaivinkoneelle SK200-3-3E-5-6-6E-7-8"},"content":{"rendered":"<h1>Kauhan sylinteri Kobelco-kaivinkoneelle SK200-3-3E-5-6-6E-7-8<\/h1>\n<h2>Johdanto<\/h2>\n<p>Kauhasylinteri on erikoishydraulinen sylinteri, joka on suunniteltu ohjaamaan kauhojen liikett\u00e4 raskaissa koneissa, kuten kaivinkoneissa, traktorikaivureissa ja etukuormaajissa. Sen p\u00e4\u00e4teht\u00e4v\u00e4n\u00e4 on mahdollistaa kauhan nostaminen, laskeminen ja kallistaminen, mik\u00e4 helpottaa erilaisten materiaalink\u00e4sittelyteht\u00e4vien k\u00e4sittely\u00e4. Hydraulij\u00e4rjestelm\u00e4ss\u00e4 kauhasylinteri saavuttaa tarkan kauhan liikkeen hallinnan muuttamalla hydrauli\u00f6ljyn painetta, jolloin k\u00e4ytt\u00e4j\u00e4t voivat k\u00e4sitell\u00e4 raskaita kuormia tehokkaasti ja sopeutua monimutkaisiin ty\u00f6ymp\u00e4rist\u00f6ihin ja erilaisiin k\u00e4ytt\u00f6vaatimuksiin.<\/p>\n<p><img decoding=\"async\" src=\"https:\/\/www.hydraulic-cylinders.net\/wp-content\/uploads\/2025\/01\/songte-company-2.webp\" alt=\"Kauhan sylinterin kuva\"><\/p>\n<h2>Ominaisuudet<\/h2>\n<ul>\n<li>Suuri lujuus ja kest\u00e4vyys: Tyypillisesti valmistettu eritt\u00e4in lujasta ter\u00e4ksest\u00e4 tai alumiinista, kest\u00e4\u00e4 korkeaa painetta ja raskaita kuormia, sopii vaativiin ty\u00f6ymp\u00e4rist\u00f6ihin ja on suunniteltu kulutus- ja korroosionkest\u00e4vyys huomioon ottaen k\u00e4ytt\u00f6i\u00e4n pident\u00e4miseksi.<\/li>\n<li>Tehokas hydraulinen toiminta: Hydrauli\u00f6ljyn paineen ansiosta saavutetaan sujuvat ojennus- ja sis\u00e4\u00e4nvetoliikkeet, jotka reagoivat nopeasti ohjauskomentoihin ja tarjoavat voimakkaan ty\u00f6nt\u00f6- ja vetovoiman, joten se soveltuu raskaiden kuormien k\u00e4sittelyyn ja monimutkaisiin k\u00e4ytt\u00f6teht\u00e4viin.<\/li>\n<li>Erilaisia \u200b\u200btyyppej\u00e4: Yksitoimisia (hydraulisesti vain yhteen suuntaan) tai kaksitoimisia (hydraulisesti kahteen suuntaan) sylintereit\u00e4 voidaan valita tarpeen mukaan erilaisten k\u00e4ytt\u00f6vaatimusten t\u00e4ytt\u00e4miseksi. Jotkut mallit ovat teleskooppisia, mik\u00e4 mahdollistaa suuremman jatkeen ilman ulkomittojen kasvua, mik\u00e4 sopii sovelluksiin, joissa on rajoitetusti tilaa.<\/li>\n<li>Vaihdettavuus: Tuotteemme voi t\u00e4ydellisesti korvata n\u00e4m\u00e4 hydraulisylinterit.<\/li>\n<\/ul>\n<p><img decoding=\"async\" src=\"https:\/\/www.hydraulic-cylinders.net\/wp-content\/uploads\/2025\/01\/songte-cylinder-head-with-all-kinds-excavator-models.webp\" alt=\"Kauhan sylinterin vaihtokuva\"><\/p>\n<h2>Sovellukset<\/h2>\n<p>Kauhasylinteri\u00e4 k\u00e4ytet\u00e4\u00e4n laajalti erilaisissa raskaissa koneissa, mukaan lukien, mutta ei rajoittuen:<\/p>\n<ul>\n<li>Rakennuslaitteet: Kaivinkoneissa ne ovat v\u00e4ltt\u00e4m\u00e4tt\u00f6mi\u00e4 maan tai roskien kaivamiseen, lastaamiseen ja siirt\u00e4miseen. Kaivinkoneissa kauhan sylinterit auttavat sek\u00e4 kaivamisessa ett\u00e4 nostamisessa. Etukuormaajissa ne auttavat lastin tehokkaassa nostamisessa ja tyhjent\u00e4misess\u00e4.<\/li>\n<li>Maatalouskoneet: K\u00e4ytet\u00e4\u00e4n etukuormaajissa maaper\u00e4n, hein\u00e4n ja muiden materiaalien kauhaukseen, nostamiseen ja kuljettamiseen. <\/li>\n<li>Kaivinkoneet: Kauhasylinterit saavuttavat kaivutoiminnon antamalla kauhan tunkeutua maaper\u00e4\u00e4n.<\/li>\n<\/ul>\n<h2>Suunnittelun\u00e4k\u00f6kohdat ja valintakriteerit<\/h2>\n<p>Suunnittelussa on otettava huomioon kantavuus, tiiviys, kest\u00e4vyys, turvallisuus ja huollettavuus.<\/p>\n<ul>\n<li>Kantavuus: Kauhasylinterimme on suunniteltu kest\u00e4m\u00e4\u00e4n korkeaa painetta ja raskaita kuormia.<\/li>\n<li>Tiivistys: Tuotteessamme k\u00e4ytet\u00e4\u00e4n erilaisia \u200b\u200btiivistyskomponentteja, kuten m\u00e4nn\u00e4ntiivisteit\u00e4, varren tiivisteit\u00e4 jne., jotka on valmistettu kulutusta kest\u00e4vist\u00e4 materiaaleista, kuten polyuretaanista ja nitriilikumista, mik\u00e4 varmistaa hyv\u00e4n tiivistyksen.<\/li>\n<li>Kest\u00e4vyys: Sylinterin runko ja kierrepinta on hienosti k\u00e4sitelty kulutuskest\u00e4vyyden parantamiseksi.<\/li>\n<li>Turvallisuus: Tuotteemme on suunniteltu turvallisuus mieless\u00e4 varmistaen raskaiden koneiden turvallisen k\u00e4yt\u00f6n.<\/li>\n<li>Yll\u00e4pidett\u00e4vyys: S\u00e4\u00e4nn\u00f6llisi\u00e4 tarkastuksia ja huoltoa suositellaan kauhasylinterin optimaalisen suorituskyvyn varmistamiseksi ja k\u00e4ytt\u00f6i\u00e4n pident\u00e4miseksi. Tarjoamme erilaisia \u200b\u200bvaraosia ja kunnostuspalveluita auttaaksemme asiakkaita laitteidensa kunnossapidossa.<\/li>\n<\/ul>\n<p><img decoding=\"async\" src=\"https:\/\/www.hydraulic-cylinders.net\/wp-content\/uploads\/2025\/01\/songte-oil-pipes-and-spare-parts.webp\" alt=\"Kauhan sylinterin huoltokuva\"><\/p>\n<h2>Tiivistys ja voitelu<\/h2>\n<p>Tuotteessamme k\u00e4ytet\u00e4\u00e4n erilaisia \u200b\u200btiivistyskomponentteja, kuten m\u00e4nn\u00e4ntiivisteit\u00e4, varren tiivisteit\u00e4 jne., jotka on valmistettu kulutusta kest\u00e4vist\u00e4 materiaaleista, kuten polyuretaanista ja nitriilikumista, mik\u00e4 varmistaa hyv\u00e4n tiivistyksen. Sylinterin runko ja kierrepinta on hienok\u00e4sitelty kulutuskest\u00e4vyyden parantamiseksi. Voiteluun tarvitaan s\u00e4\u00e4nn\u00f6llisesti sopiva m\u00e4\u00e4r\u00e4 hydrauli\u00f6ljy\u00e4.<\/p>\n<h2>Tarkastus, huolto ja korjaus<\/h2>\n<p>S\u00e4\u00e4nn\u00f6lliset tarkastukset, asianmukainen voitelu, tiivisteiden vaihto, kalibrointitarkastukset ja muut huoltoteht\u00e4v\u00e4t voivat pident\u00e4\u00e4 kauhan sylinterin k\u00e4ytt\u00f6ik\u00e4\u00e4. Oikea asennus ja kohdistus ovat v\u00e4ltt\u00e4m\u00e4tt\u00f6mi\u00e4. On suositeltavaa k\u00e4ytt\u00e4\u00e4 sopivia kiinnityskiinnikkeit\u00e4 sylinterin kiinnitt\u00e4miseen. Suosittelemme noudattamaan suosittelemiamme tarkastus-, korjaus- ja vaihtomenettelyj\u00e4 optimaalisen suorituskyvyn ja pitk\u00e4n k\u00e4ytt\u00f6i\u00e4n saavuttamiseksi.<\/p>\n<p><img decoding=\"async\" src=\"https:\/\/www.hydraulic-cylinders.net\/wp-content\/uploads\/2025\/01\/songte-chushion-collar.webp\" alt=\"Kauhan sylinterin korjauskuva\"><\/p>\n<h2>Turvallisuus- ja ymp\u00e4rist\u00f6n\u00e4k\u00f6kohdat<\/h2>\n<p>Kauhasylintereit\u00e4 k\u00e4ytett\u00e4ess\u00e4 on toteutettava turvatoimenpiteit\u00e4 raskaiden koneiden turvallisen k\u00e4yt\u00f6n varmistamiseksi. Ymp\u00e4rist\u00f6n\u00e4k\u00f6kohdat on otettava vakavasti hiilijalanj\u00e4ljen pienent\u00e4miseksi.<\/p>\n<h2>Vianm\u00e4\u00e4ritys ja yleiset ongelmat<\/h2>\n<p>Yleisi\u00e4 ongelmia ovat \u00f6ljyvuoto, riitt\u00e4m\u00e4t\u00f6n hydraulinen paine ja vaurioituneet tiivisteet. Vianm\u00e4\u00e4ritysvinkkej\u00e4 ja -ratkaisuja on saatavilla, jotta asiakkaat voivat diagnosoida ja ratkaista ongelmia tehokkaasti. Ennaltaehk\u00e4isev\u00e4t toimenpiteet voivat my\u00f6s auttaa v\u00e4hent\u00e4m\u00e4\u00e4n mahdollisia ongelmia.<\/p>\n<p><img decoding=\"async\" src=\"https:\/\/www.hydraulic-cylinders.net\/wp-content\/uploads\/2025\/01\/songte-bushings-with-all-kinds-of-excavator-models.webp\" alt=\"Kauhan sylinterin vianm\u00e4\u00e4rityskuva\"><\/p>\n<h2>Tietoa meist\u00e4<\/h2>\n<p>Olemme korvaavien hydraulisylinterien valmistaja ja tarjoamme kattavan tuotevalikoiman. Meist\u00e4 on tullut yksi johtavista hydraulisylinterien valmistajista ja tukkumyyjist\u00e4 kotimaisilla ja kansainv\u00e4lisill\u00e4 markkinoilla. Noudatamme erinomaisuuden periaatetta laadussa ja luotamme teollistettuihin tuotannonohjausstrategioihin hienostuneissa valmistuspajoissa. Parannamme jatkuvasti valmistusymp\u00e4rist\u00f6\u00e4mme, t\u00e4ydellist\u00e4mme tuotteiden laatua ja meill\u00e4 on vahvat innovaatiokyvyt. Olemme sitoutuneet vastaamaan asiakkaiden tarpeisiin korkean tehokkuuden, tarkkuuden ja korkean laadun periaatteiden mukaisesti.<\/p>\n<p>Yrityksemme tarjoaa ammattitaitoisia palveluita, kansainv\u00e4lisi\u00e4 sertifiointeja, r\u00e4\u00e4t\u00e4l\u00f6ityj\u00e4 palveluita, edistyneit\u00e4 tuotantolaitteita ja kattavia huoltopalveluita. Olemme sitoutuneet tarjoamaan asiakkaillemme korkealaatuisia tuotteita ja palveluita.<\/p>\n<p><img decoding=\"async\" src=\"https:\/\/hzpt.com\/wp-content\/uploads\/2024\/11\/songte-company-1.webp\" alt=\"Yrityksen imago\"><\/p>\n<p>Kirjoittaja: lyl<\/p>","protected":false},"excerpt":{"rendered":"<p>Bucket Cylinder For Kobelco Middle Excavator SK200-3-3E-5-6-6E-7-8 Introduction The bucket cylinder is a specialized hydraulic cylinder designed for controlling the movement of buckets in heavy machinery such as excavators, backhoes, and front loaders. Its main function is to enable the bucket to lift, lower, and tilt, making it easier to handle various material handling tasks. [&hellip;]<\/p>","protected":false},"featured_media":14771,"comment_status":"open","ping_status":"closed","template":"","meta":{"_et_pb_use_builder":"","_et_pb_old_content":"","_et_gb_content_width":""},"product_brand":[],"product_cat":[1494],"product_tag":[1495,1496],"class_list":{"0":"post-15352","1":"product","2":"type-product","3":"status-publish","4":"has-post-thumbnail","6":"product_cat-bucket-cylinders","7":"product_tag-bucket-cylinders","8":"product_tag-hydraulic-cylinders","10":"first","11":"instock","12":"shipping-taxable","13":"product-type-simple"},"amp_enabled":true,"_links":{"self":[{"href":"https:\/\/www.hydraulic-cylinders.net\/fi\/wp-json\/wp\/v2\/product\/15352","targetHints":{"allow":["GET"]}}],"collection":[{"href":"https:\/\/www.hydraulic-cylinders.net\/fi\/wp-json\/wp\/v2\/product"}],"about":[{"href":"https:\/\/www.hydraulic-cylinders.net\/fi\/wp-json\/wp\/v2\/types\/product"}],"replies":[{"embeddable":true,"href":"https:\/\/www.hydraulic-cylinders.net\/fi\/wp-json\/wp\/v2\/comments?post=15352"}],"wp:featuredmedia":[{"embeddable":true,"href":"https:\/\/www.hydraulic-cylinders.net\/fi\/wp-json\/wp\/v2\/media\/14771"}],"wp:attachment":[{"href":"https:\/\/www.hydraulic-cylinders.net\/fi\/wp-json\/wp\/v2\/media?parent=15352"}],"wp:term":[{"taxonomy":"product_brand","embeddable":true,"href":"https:\/\/www.hydraulic-cylinders.net\/fi\/wp-json\/wp\/v2\/product_brand?post=15352"},{"taxonomy":"product_cat","embeddable":true,"href":"https:\/\/www.hydraulic-cylinders.net\/fi\/wp-json\/wp\/v2\/product_cat?post=15352"},{"taxonomy":"product_tag","embeddable":true,"href":"https:\/\/www.hydraulic-cylinders.net\/fi\/wp-json\/wp\/v2\/product_tag?post=15352"}],"curies":[{"name":"wp","href":"https:\/\/api.w.org\/{rel}","templated":true}]}}