{"id":1537,"date":"2023-09-28T06:13:35","date_gmt":"2023-09-28T06:13:35","guid":{"rendered":"https:\/\/hydraulic-cylinders.net\/?post_type=product&#038;p=1537"},"modified":"2025-04-11T01:49:31","modified_gmt":"2025-04-11T01:49:31","slug":"aerial-work-platform-outrigger-cylinder","status":"publish","type":"product","link":"https:\/\/www.hydraulic-cylinders.net\/fi\/tuote\/aerial-work-platform-outrigger-cylinder\/","title":{"rendered":"Ty\u00f6lavan tukijalkojen sylinteri"},"content":{"rendered":"<h1 style=\"text-align: center;\"><strong>Ty\u00f6lavan tukijalkojen sylinteri<\/strong><\/h1>\n<p><img loading=\"lazy\" decoding=\"async\" class=\"wp-image-1538 aligncenter\" src=\"https:\/\/hydraulic-cylinders.net\/wp-content\/uploads\/2023\/09\/outrigger-cylinder-1-300x300.webp\" alt=\"\" width=\"400\" height=\"400\" \/><\/p>\n<p>Henkil\u00f6nostimen tukijalkasylinteri on t\u00e4rke\u00e4 osa, joka on suunniteltu parantamaan henkil\u00f6nostimien vakautta ja turvallisuutta. T\u00e4ll\u00e4 erikoishydraulisella sylinterill\u00e4 on ratkaiseva rooli tukijalkojen ojentamisessa ja sis\u00e4\u00e4nvedossa, mik\u00e4 tarjoaa lis\u00e4tukea ja tasapainoa alustalle.<\/p>\n<p>The aerial work platform outrigger cylinder is indispensable for ensuring stability and safety in elevated work environments. With its robust construction, reliable stability, smooth operation, and versatile adjustability, this hydraulic cylinder is crucial in extending and retracting the outriggers, providing a secure and level working platform. By following the recommended usage methods and maintenance practices, operators can maximize the longevity and performance of the aerial work platform outrigger cylinder, contributing to enhanced productivity, safety, and confidence in various elevated work applications. Invest in this essential hydraulic component to elevate your aerial work platform&#8217;s stability and unlock new levels of efficiency and safety in elevated work scenarios.<\/p>\n<p>Henkil\u00f6nostimen tukijalkojen sylinterin t\u00e4rkeimm\u00e4t ominaisuudet:<\/p>\n<ol>\n<li>Vankka rakenne:<\/li>\n<\/ol>\n<ul>\n<li>Henkil\u00f6nostimen tukijalkasylinteri on valmistettu korkealaatuisista materiaaleista, mik\u00e4 takaa kest\u00e4vyyden ja pitk\u00e4ik\u00e4isyyden.<\/li>\n<li>Se on suunniteltu kest\u00e4m\u00e4\u00e4n raskaita kuormia ja vaativien ty\u00f6ymp\u00e4rist\u00f6jen rasitusta.<\/li>\n<\/ul>\n<ol start=\"2\">\n<li>Luotettava vakaus:<\/li>\n<\/ol>\n<ul>\n<li>This cylinder provides reliable stability by extending the outriggers, significantly increasing the platform&#8217;s footprint and preventing tipping or tilting during operation.<\/li>\n<li>Se parantaa nostolavan yleist\u00e4 vakautta, jolloin k\u00e4ytt\u00e4j\u00e4t voivat suorittaa teht\u00e4vi\u00e4 turvallisesti ja varmasti korkeissa paikoissa.<\/li>\n<\/ul>\n<ol start=\"3\">\n<li>Sujuva toiminta:<\/li>\n<\/ol>\n<ul>\n<li>Henkil\u00f6nostimen tukijalkasylinterin hydrauliikkaj\u00e4rjestelm\u00e4 varmistaa tukijalkojen sujuvan ja hallitun ulosvedon ja sis\u00e4\u00e4nvedon.<\/li>\n<li>Sen avulla k\u00e4ytt\u00e4j\u00e4t voivat sijoittaa tukijalat tarkasti, mukautuen ep\u00e4tasaisiin pintoihin ja tarjoten tasaisen ty\u00f6alustan.<\/li>\n<\/ul>\n<ol start=\"4\">\n<li>Monipuolinen s\u00e4\u00e4dett\u00e4vyys:<\/li>\n<\/ol>\n<ul>\n<li>Tukijalkasylinterin jatkopituudet ovat s\u00e4\u00e4dett\u00e4viss\u00e4, mink\u00e4 ansiosta k\u00e4ytt\u00e4j\u00e4t voivat mukautua erilaisiin ty\u00f6maaolosuhteisiin ja tilarajoituksiin.<\/li>\n<li>Se tarjoaa joustavuutta tukijalkojen sijoitteluun, mik\u00e4 varmistaa maksimaalisen vakauden ja tasapainon erilaisissa maastoissa.<\/li>\n<\/ul>\n<h2><strong>Ty\u00f6lavan tukijalkojen sylinterin parametri:<\/strong><\/h2>\n<table border=\"1\" cellspacing=\"0\" cellpadding=\"0\">\n<tbody>\n<tr>\n<td>Tuotteen nimi<\/td>\n<td>Ty\u00f6lavan tukijalkojen sylinteri<\/td>\n<\/tr>\n<tr>\n<td>Ominaisuudet:<\/td>\n<td>Tue koko laitteen painoa nosturin noston aikana<\/td>\n<\/tr>\n<tr>\n<td>Rei\u00e4n halkaisija:<\/td>\n<td>45 mm\uff5e200 mm<\/td>\n<\/tr>\n<tr>\n<td>Tangon halkaisija:<\/td>\n<td>30 mm\uff5e180 mm<br \/>\nIsku \u22642000 mm<\/td>\n<\/tr>\n<tr>\n<td>Paine:<\/td>\n<td>30MPa (suurin paine)<\/td>\n<\/tr>\n<tr>\n<td>Tukijalkasylinterin sovellukset:<\/td>\n<td>Henkil\u00f6nostin<\/td>\n<\/tr>\n<\/tbody>\n<\/table>\n<h2><strong>Henkil\u00f6nostimen tunnistuskaavio:<\/strong><\/h2>\n<p><img loading=\"lazy\" decoding=\"async\" class=\"alignnone wp-image-1517 size-full\" src=\"https:\/\/hydraulic-cylinders.net\/wp-content\/uploads\/2023\/09\/aerial-work-platform-cylinder-construct.webp\" alt=\"\" width=\"600\" height=\"400\" srcset=\"https:\/\/hydraulic-cylinders.net\/wp-content\/uploads\/2023\/09\/aerial-work-platform-cylinder-construct.webp 600w, https:\/\/hydraulic-cylinders.net\/wp-content\/uploads\/2023\/09\/aerial-work-platform-cylinder-construct-480x320.webp 480w\" sizes=\"(min-width: 0px) and (max-width: 480px) 480px, (min-width: 481px) 600px, 100vw\" \/><\/p>\n<h2><strong>Ilma-alustan tukijalkasylinterin k\u00e4ytt\u00f6tapa<\/strong><strong>:<\/strong><\/h2>\n<ol>\n<li><strong>Asennus ja k\u00e4ytt\u00f6\u00f6notto:<\/strong><\/li>\n<\/ol>\n<ul>\n<li>Follow the manufacturer&#8217;s instructions to install and set up the aerial work platform outrigger cylinder on the aerial work platform.<\/li>\n<li>Varmista, ett\u00e4 sylinteri on tukevasti kiinnitetty ja kohdistettu optimaalisen suorituskyvyn saavuttamiseksi.<\/li>\n<\/ul>\n<ol start=\"2\">\n<li><strong>Hydraulinen liit\u00e4nt\u00e4:<\/strong><\/li>\n<\/ol>\n<ul>\n<li>Kytke tukijalkojen sylinteri nostolavan hydraulij\u00e4rjestelm\u00e4\u00e4n annettujen ohjeiden mukaisesti.<\/li>\n<li>Varmista, ett\u00e4 kaikki hydrauliikkaliit\u00e4nn\u00e4t ovat tukevasti kiinni ja kunnolla tiivistetyt, jotta estet\u00e4\u00e4n hydrauliikkanesteen vuodot tai h\u00e4vikki.<\/li>\n<\/ul>\n<ol start=\"3\">\n<li><strong>Tukijalkojen k\u00e4ytt\u00f6:<\/strong><\/li>\n<\/ol>\n<ul>\n<li>Kytke nostolavan ohjausmekanismit ulosvet\u00e4\u00e4ksesi tai vet\u00e4\u00e4ksesi tukijalkoja sis\u00e4\u00e4n.<\/li>\n<li>Noudata suositeltuja menettelytapoja ja turvallisuusohjeita tukijalkojen k\u00e4yt\u00f6n aikana.<\/li>\n<\/ul>\n<ol start=\"4\">\n<li><strong>Paikannus ja s\u00e4\u00e4t\u00f6:<\/strong><\/li>\n<\/ol>\n<ul>\n<li>Aseta tukijalat siten, ett\u00e4 ne tarjoavat nostokorille maksimaalisen vakauden ja tuen.<\/li>\n<li>S\u00e4\u00e4d\u00e4 tukijalkojen jatkopituuksia tarpeen mukaan erilaisten ty\u00f6maaolosuhteiden mukaan ja varmista, ett\u00e4 ty\u00f6taso on tasainen.<\/li>\n<\/ul>\n<h2><strong>Kuinka vapauttaa paine hydraulij\u00e4rjestelm\u00e4ss\u00e4?<\/strong><\/h2>\n<p>Paineen vapauttaminen hydraulij\u00e4rjestelm\u00e4st\u00e4 on v\u00e4ltt\u00e4m\u00e4t\u00f6nt\u00e4 huoltoa, korjauksia tai hydraulisten komponenttien kanssa ty\u00f6skentely\u00e4 varten. T\u00e4ss\u00e4 on joitakin yleisi\u00e4 ohjeita rasituksen poistamiseksi hydraulij\u00e4rjestelm\u00e4st\u00e4 turvallisesti:<\/p>\n<ol>\n<li><strong>Virtal\u00e4hteen tunnistaminen:<\/strong>\n<ul>\n<li>Paikanna hydrauliikkaj\u00e4rjestelm\u00e4\u00e4n painetta sy\u00f6tt\u00e4v\u00e4 voimanl\u00e4hde. T\u00e4m\u00e4 on tyypillisesti hydraulipumppu tai moottorik\u00e4ytt\u00f6inen voimanl\u00e4hde.<\/li>\n<li>Tunnista virtal\u00e4hde ja varmista, ett\u00e4 se on sammutettu tai moottori on sammutettu, jotta estet\u00e4\u00e4n vahingossa tapahtuva k\u00e4ynnistyminen.<\/li>\n<\/ul>\n<\/li>\n<li><strong>Ohjausvipujen kytkeminen p\u00e4\u00e4lle:<\/strong>\n<ul>\n<li>Siirr\u00e4 kaikki ohjausvivut tai kytkimet neutraaliin tai pois p\u00e4\u00e4lt\u00e4 -asentoon. T\u00e4m\u00e4 auttaa est\u00e4m\u00e4\u00e4n hydrauliikkakomponenttien tahattoman liikkeen ja v\u00e4hent\u00e4\u00e4 paineen kertymisen riski\u00e4.<\/li>\n<\/ul>\n<\/li>\n<li><strong>Paineen poisto s\u00e4\u00e4t\u00f6venttiilist\u00e4:<\/strong>\n<ul>\n<li>Paikanna hydrauliikkaj\u00e4rjestelm\u00e4n ohjausventtiili tai paineenalennusventtiili. Se on yleens\u00e4 merkitty tai merkitty helposti tunnistettavaksi.<\/li>\n<li>K\u00e4\u00e4nn\u00e4 tai s\u00e4\u00e4d\u00e4 venttiili\u00e4 hitaasti vapautus- eli auki-asentoon. T\u00e4m\u00e4 sallii loukkuun j\u00e4\u00e4neen hydraulinestett\u00e4 poistua ja alentaa j\u00e4rjestelm\u00e4n painetta.<\/li>\n<li>On t\u00e4rke\u00e4\u00e4 vapauttaa paine v\u00e4hitellen \u00e4killisten liikkeiden tai nesteen vuotamisen v\u00e4ltt\u00e4miseksi.<\/li>\n<\/ul>\n<\/li>\n<li><strong>Monitorin painemittari:<\/strong>\n<ul>\n<li>Joissakin hydraulij\u00e4rjestelmiss\u00e4 voi olla painemittareita. Jos mahdollista, tarkkaile painemittaria painetta vapauttaessasi.<\/li>\n<li>Kun avaat s\u00e4\u00e4t\u00f6venttiilin, tarkkaile painemittaria varmistaaksesi, ett\u00e4 paine laskee tasaisesti.<\/li>\n<\/ul>\n<\/li>\n<li><strong>Ilmaa hydrauliikkakomponentit:<\/strong>\n<ul>\n<li>Kun paine on vapautettu ohjausventtiilist\u00e4, on suositeltavaa ilmata hydrauliset komponentit, joissa saattaa viel\u00e4 olla j\u00e4\u00e4nn\u00f6spainetta.<\/li>\n<li>Aloita l\u00f6ys\u00e4\u00e4m\u00e4ll\u00e4 tai irrottamalla kaikki liittimet tai liitokset s\u00e4\u00e4t\u00f6venttiilin alapuolella.<\/li>\n<li>Avaa liittimet hitaasti ja varovasti, jotta mahdollinen j\u00e4ljell\u00e4 oleva paine p\u00e4\u00e4see poistumaan.<\/li>\n<li>Ole varovainen, sill\u00e4 hydraulineste voi olla paineen alaisena ja voi suihkuta tai vuotaa ulos.<\/li>\n<\/ul>\n<\/li>\n<li><strong>Tarkista paineen vapautus:<\/strong>\n<ul>\n<li>Tarkista, ett\u00e4 paine on todella vapautettu j\u00e4rjestelm\u00e4st\u00e4, varmistamalla, ett\u00e4 painemittari n\u00e4ytt\u00e4\u00e4 nollaa tai l\u00e4hell\u00e4 nollaa.<\/li>\n<li>Tarkasta hydrauliikkakomponentit varmistaaksesi, ettei niiss\u00e4 ole liikett\u00e4 tai paineen merkkej\u00e4.<\/li>\n<\/ul>\n<\/li>\n<\/ol>\n<h2><strong>Tehtaan kapasiteetti ja kapasiteetti:<\/strong><\/h2>\n<h3>(1) Kokoonpano<\/h3>\n<p>Meill\u00e4 on ensiluokkainen riippumaton tutkimus- ja kehitysty\u00f6n kokoonpanoalusta. Hydraulisylinterien tuotantopajassa on nelj\u00e4 puoliautomaattista nostosylinterin kokoonpanolinjaa ja yksi automaattinen kallistussylinterin kokoonpanolinja, joiden suunniteltu vuotuinen tuotantokapasiteetti on 1 miljoona kappaletta. Erikoissylinterin ty\u00f6paja on varustettu erilaisilla eritelmill\u00e4 puoliautomaattisen puhdistusasennuksen kokoonpanoj\u00e4rjestelm\u00e4ll\u00e4, jonka suunniteltu vuotuinen tuotantokapasiteetti on 200 000, ja se on varustettu kuuluisilla CNC-ty\u00f6st\u00f6laitteilla, ty\u00f6st\u00f6keskuksella, korkean tarkkuuden sylinterin k\u00e4sittelyyn tarkoitetuilla erityislaitteilla, robottihitsauskoneella, automaattisella puhdistuslaitteella, automaattisella sylinterin kokoonpanokoneella ja automaattisella maalaustuotantolinjalla. Olemassa olevat kriittiset laitteet yli 300 sarjaa (sarjaa). Laiteresurssien optimaalinen kohdentaminen ja tehokas k\u00e4ytt\u00f6 varmistavat tuotteiden tarkkuusvaatimukset ja t\u00e4ytt\u00e4v\u00e4t tuotteiden laatuvaatimukset.<\/p>\n<p><img loading=\"lazy\" decoding=\"async\" class=\"alignnone wp-image-626\" src=\"https:\/\/hydraulic-cylinders.net\/wp-content\/uploads\/2023\/08\/hydraulic-cylinder-product-1-300x158.webp\" alt=\"\" width=\"495\" height=\"260\" srcset=\"https:\/\/hydraulic-cylinders.net\/wp-content\/uploads\/2023\/08\/hydraulic-cylinder-product-1-300x158.webp 495w, https:\/\/hydraulic-cylinders.net\/wp-content\/uploads\/2023\/08\/hydraulic-cylinder-product-1-480x252.webp 480w\" sizes=\"(min-width: 0px) and (max-width: 480px) 480px, (min-width: 481px) 495px, 100vw\" \/> <img loading=\"lazy\" decoding=\"async\" class=\"alignnone wp-image-627\" src=\"https:\/\/hydraulic-cylinders.net\/wp-content\/uploads\/2023\/08\/hydraulic-cylinder-product-2-300x189.webp\" alt=\"\" width=\"413\" height=\"260\" \/><\/p>\n<h3>(2) Koneistus<\/h3>\n<p>Ty\u00f6st\u00f6paja on varustettu r\u00e4\u00e4t\u00e4l\u00f6idyll\u00e4 kaltevalla kiskosorvauskeskuksella, ty\u00f6st\u00f6keskuksella, suurnopeus-hiontakoneella, hitsausrobotilla ja muilla vastaavilla laitteilla, joilla voidaan k\u00e4sitell\u00e4 sylinteriputkia, joiden sis\u00e4halkaisija on enint\u00e4\u00e4n 400 mm ja enimm\u00e4ispituus on 6 metri\u00e4.<\/p>\n<p><img loading=\"lazy\" decoding=\"async\" class=\"alignnone wp-image-628 size-large\" src=\"https:\/\/hydraulic-cylinders.net\/wp-content\/uploads\/2023\/08\/hydraulic-cylinder-product-3-1024x391.webp\" alt=\"\" width=\"1024\" height=\"391\" srcset=\"https:\/\/hydraulic-cylinders.net\/wp-content\/uploads\/2023\/08\/hydraulic-cylinder-product-3-980x374.webp 980w, https:\/\/hydraulic-cylinders.net\/wp-content\/uploads\/2023\/08\/hydraulic-cylinder-product-3-480x183.webp 480w\" sizes=\"(min-width: 0px) and (max-width: 480px) 480px, (min-width: 481px) and (max-width: 980px) 980px, (min-width: 981px) 1024px, 100vw\" \/><\/p>\n<h3>(3) Hitsaus<\/h3>\n<p><img loading=\"lazy\" decoding=\"async\" class=\"alignnone wp-image-629 size-large\" src=\"https:\/\/hydraulic-cylinders.net\/wp-content\/uploads\/2023\/08\/hydraulic-cylinder-product-4-1024x510.webp\" alt=\"\" width=\"1024\" height=\"510\" srcset=\"https:\/\/hydraulic-cylinders.net\/wp-content\/uploads\/2023\/08\/hydraulic-cylinder-product-4-980x488.webp 980w, https:\/\/hydraulic-cylinders.net\/wp-content\/uploads\/2023\/08\/hydraulic-cylinder-product-4-480x239.webp 480w\" sizes=\"(min-width: 0px) and (max-width: 480px) 480px, (min-width: 481px) and (max-width: 980px) 980px, (min-width: 981px) 1024px, 100vw\" \/><\/p>\n<h3>(4) Maalaus ja pinnoitus<\/h3>\n<p>Pienill\u00e4 ja keskisuurilla sylinterin automaattisilla vesipohjaisilla maalipinnoituslinjoilla automaattisen robotin lastaus- ja purku- ja automaattisen ruiskutuksen saavuttamiseksi, suunnittelukapasiteetti on 4000 kappaletta vuorossa;<br \/>\nMeill\u00e4 on my\u00f6s puoliautomaattinen maalauslinja suurille sylintereille, joka toimii voimaketjulla ja jonka suunnittelukapasiteetti on 60 laatikkoa ty\u00f6vuorossa.<\/p>\n<p><img loading=\"lazy\" decoding=\"async\" class=\"alignnone wp-image-630\" src=\"https:\/\/hydraulic-cylinders.net\/wp-content\/uploads\/2023\/08\/hydraulic-cylinder-product-5-300x213.webp\" alt=\"\" width=\"366\" height=\"260\" \/> <img loading=\"lazy\" decoding=\"async\" class=\"alignnone wp-image-631\" src=\"https:\/\/hydraulic-cylinders.net\/wp-content\/uploads\/2023\/08\/hydraulic-cylinder-product-6-300x225.webp\" alt=\"\" width=\"347\" height=\"260\" \/><\/p>\n<h3>(5) Testaus<\/h3>\n<p>Meill\u00e4 on ensiluokkaiset tarkastustilat ja testialustat, joilla varmistetaan, ett\u00e4 sylinterin suorituskyky t\u00e4ytt\u00e4\u00e4 vaatimukset.<\/p>\n<p><img loading=\"lazy\" decoding=\"async\" class=\"alignnone wp-image-632\" src=\"https:\/\/hydraulic-cylinders.net\/wp-content\/uploads\/2023\/08\/hydraulic-cylinder-product-8-300x200.webp\" alt=\"\" width=\"389\" height=\"260\" \/><\/p>\n<p>&nbsp;<\/p>\n<p>&nbsp;<\/p>\n<p>Olemme yksi parhaista hydraulisylintereiden valmistajista. Voimme tarjota kattavia hydraulisylintereit\u00e4. Tarjoamme my\u00f6s vastaavia <a href=\"https:\/\/hzpt.com\/agricultural-pto-gearbox\/\" target=\"_blank\" rel=\"noopener\">maatalousvaihteistot<\/a>Olemme vieneet tuotteitamme asiakkaille maailmanlaajuisesti ja ansainneet hyv\u00e4n maineen erinomaisen tuotelaadun ja huoltopalvelumme ansiosta. Toivotamme tervetulleeksi asiakkaat kotimaassa ja ulkomailla ottamaan meihin yhteytt\u00e4 neuvotellakseen liiketoimista, vaihtaakseen tietoja ja <a href=\"https:\/\/www.hydraulic-cylinders.net\/fi\/contact-us\/\">tehd\u00e4 yhteisty\u00f6t\u00e4 kanssamme<\/a>!<\/p>","protected":false},"excerpt":{"rendered":"<p>Aerial Work Platform Outrigger Cylinder The aerial work platform outrigger cylinder is a vital component designed to enhance stability and safety in aerial work platforms. This specialized hydraulic cylinder plays a crucial role in extending and retracting the outriggers, which provide additional support and balance to the forum. The aerial work platform outrigger cylinder is [&hellip;]<\/p>","protected":false},"featured_media":1539,"comment_status":"open","ping_status":"closed","template":"","meta":{"_et_pb_use_builder":"","_et_pb_old_content":"","_et_gb_content_width":""},"product_brand":[],"product_cat":[1500,1549],"product_tag":[1380],"class_list":{"0":"post-1537","1":"product","2":"type-product","3":"status-publish","4":"has-post-thumbnail","6":"product_cat-aerial-work-vehicle-hydraulic-cylinder","7":"product_cat-single-acting-hydraulic-cylinder","8":"product_tag-hydraulic-cylinder","10":"first","11":"instock","12":"shipping-taxable","13":"product-type-simple"},"amp_enabled":true,"_links":{"self":[{"href":"https:\/\/www.hydraulic-cylinders.net\/fi\/wp-json\/wp\/v2\/product\/1537","targetHints":{"allow":["GET"]}}],"collection":[{"href":"https:\/\/www.hydraulic-cylinders.net\/fi\/wp-json\/wp\/v2\/product"}],"about":[{"href":"https:\/\/www.hydraulic-cylinders.net\/fi\/wp-json\/wp\/v2\/types\/product"}],"replies":[{"embeddable":true,"href":"https:\/\/www.hydraulic-cylinders.net\/fi\/wp-json\/wp\/v2\/comments?post=1537"}],"wp:featuredmedia":[{"embeddable":true,"href":"https:\/\/www.hydraulic-cylinders.net\/fi\/wp-json\/wp\/v2\/media\/1539"}],"wp:attachment":[{"href":"https:\/\/www.hydraulic-cylinders.net\/fi\/wp-json\/wp\/v2\/media?parent=1537"}],"wp:term":[{"taxonomy":"product_brand","embeddable":true,"href":"https:\/\/www.hydraulic-cylinders.net\/fi\/wp-json\/wp\/v2\/product_brand?post=1537"},{"taxonomy":"product_cat","embeddable":true,"href":"https:\/\/www.hydraulic-cylinders.net\/fi\/wp-json\/wp\/v2\/product_cat?post=1537"},{"taxonomy":"product_tag","embeddable":true,"href":"https:\/\/www.hydraulic-cylinders.net\/fi\/wp-json\/wp\/v2\/product_tag?post=1537"}],"curies":[{"name":"wp","href":"https:\/\/api.w.org\/{rel}","templated":true}]}}