{"id":15376,"date":"2025-01-19T14:27:11","date_gmt":"2025-01-19T14:27:11","guid":{"rendered":"https:\/\/www.hydraulic-cylinders.net\/product\/bucket-cylinder-for-yugong-wy75-7-8\/"},"modified":"2025-01-19T14:27:13","modified_gmt":"2025-01-19T14:27:13","slug":"bucket-cylinder-for-yugong-wy75-7-8","status":"publish","type":"product","link":"https:\/\/www.hydraulic-cylinders.net\/fi\/tuote\/bucket-cylinder-for-yugong-wy75-7-8\/","title":{"rendered":"Kauhan sylinteri Yugongille WY75-7-8"},"content":{"rendered":"<h2>Johdanto<\/h2>\n<h3>Yugong WY75-7-8:n kauhan sylinterin m\u00e4\u00e4ritelm\u00e4<\/h3>\n<p>Yugong WY75-7-8:n kauhan sylinteri on erikoishydraulinen sylinteri, joka on suunniteltu ensisijaisesti ohjaamaan kauhan liikett\u00e4 raskaissa koneissa, kuten kaivinkoneissa, kaivurikuormaajissa ja etukuormaajissa. Sen ensisijainen teht\u00e4v\u00e4 on mahdollistaa kauhan nostaminen, laskeminen ja kallistaminen, mik\u00e4 helpottaa erilaisia \u200b\u200bmateriaalink\u00e4sittelyteht\u00e4vi\u00e4. Hydraulij\u00e4rjestelm\u00e4ss\u00e4 kauhan sylinteri saavuttaa tarkan kauhan hallinnan hydrauli\u00f6ljyn paineen muutosten avulla, mink\u00e4 ansiosta k\u00e4ytt\u00e4j\u00e4t voivat k\u00e4sitell\u00e4 raskaita kuormia tehokkaasti ja sopeutua monimutkaisiin ty\u00f6ymp\u00e4rist\u00f6ihin ja erilaisiin k\u00e4ytt\u00f6vaatimuksiin.<\/p>\n<p><img decoding=\"async\" src=\"https:\/\/www.hydraulic-cylinders.net\/wp-content\/uploads\/2025\/01\/songte-company-2.webp\"\/><\/p>\n<h3>Kauhasylinterin ominaisuudet Yugong WY75-7-8:lle<\/h3>\n<ul>\n<li><strong>Korkea lujuus ja kest\u00e4vyys:<\/strong> Tyypillisesti eritt\u00e4in lujasta ter\u00e4ksest\u00e4 tai alumiinista valmistettu, se kest\u00e4\u00e4 korkeaa painetta ja raskaita kuormia, mukautuu vaativiin ty\u00f6ymp\u00e4rist\u00f6ihin ja on suunniteltu kulutus- ja korroosionkest\u00e4vyydell\u00e4 k\u00e4ytt\u00f6i\u00e4n pident\u00e4miseksi.<\/li>\n<li><strong>Tehokas hydraulinen k\u00e4ytt\u00f6:<\/strong> K\u00e4ytt\u00e4m\u00e4ll\u00e4 hydrauli\u00f6ljyn painetta se saavuttaa tasaiset laajenemis- ja supistumisliikkeet ja reagoi nopeasti ohjauskomentoihin. Se tarjoaa tehokkaita ty\u00f6nt\u00f6- ja vetovoimia, jotka sopivat raskaiden kuormien k\u00e4sittelyyn ja monimutkaisiin operatiivisiin teht\u00e4viin.<\/li>\n<li><strong>Erilaisia \u200b\u200btyyppej\u00e4:<\/strong> Yksitoimiset (hydraulisesti vain yhteen suuntaan k\u00e4ytett\u00e4v\u00e4t) tai kaksitoimiset (hydraulisesti kahteen suuntaan k\u00e4ytett\u00e4v\u00e4t) sylinterit voidaan valita vaatimusten mukaan erilaisten k\u00e4ytt\u00f6tarpeiden mukaan. Jotkut mallit ovat teleskooppisia, mik\u00e4 mahdollistaa suuremman jatkeen ilman ulkomittojen kasvua, mik\u00e4 sopii sovelluksiin, joissa on rajoitetusti tilaa.<\/li>\n<li><strong>Helppo tuottaa:<\/strong> Tuotteemme voivat t\u00e4ydellisesti korvata n\u00e4m\u00e4 hydraulisylinterit.<\/li>\n<\/ul>\n<p><img decoding=\"async\" src=\"https:\/\/www.hydraulic-cylinders.net\/wp-content\/uploads\/2025\/01\/songte-cylinder-head-with-all-kinds-excavator-models.webp\"\/><\/p>\n<h3>Kauhasylinterin sovellukset Yugong WY75-7-8:lle<\/h3>\n<p>Yugong WY75-7-8:n kauhan sylinteri\u00e4 k\u00e4ytet\u00e4\u00e4n laajalti erilaisissa raskaissa koneissa, mukaan lukien:<\/p>\n<ul>\n<li><strong>Rakennuslaitteet:<\/strong> Kaivinkoneissa ne ovat v\u00e4ltt\u00e4m\u00e4tt\u00f6mi\u00e4 kaivamiseen, lastaamiseen ja maaper\u00e4n tai roskien siirt\u00e4miseen. Kaivurikuormaajissa kauhan sylinterit auttavat sek\u00e4 kaivamisessa ett\u00e4 nostamisessa. <\/li>\n<li><strong>Maatalouskoneet:<\/strong> Kaivinkoneiden kauhasylinterit mahdollistavat maan kaivamisen etukuormaajissa maaper\u00e4n, hein\u00e4n ja muiden materiaalien kauhaukseen, nostamiseen ja kuljettamiseen. <\/li>\n<li><strong>Kuormaaja:<\/strong> Etukuormaajissa kauhan sylinterit auttavat nostamaan ja tyhjent\u00e4m\u00e4\u00e4n tavaroita tehokkaasti.<\/li>\n<\/ul>\n<h3>Yugong WY75-7-8 -kauhan sylinterin suunnittelun\u00e4k\u00f6kohdat ja valintakriteerit<\/h3>\n<p>Kauhasylintereiden suunnittelussa ja valinnassa on otettava huomioon useita tekij\u00f6it\u00e4 niiden luotettavuuden ja suorituskyvyn varmistamiseksi. N\u00e4it\u00e4 tekij\u00f6it\u00e4 ovat:<\/p>\n<ul>\n<li><strong>Kantavuus:<\/strong> Varmista, ett\u00e4 kauhan sylinteri kest\u00e4\u00e4 siihen kohdistuvat kuormat ja suorittaa teht\u00e4v\u00e4ns\u00e4 h\u00e4iri\u00f6tt\u00f6m\u00e4sti.<\/li>\n<li><strong>Tiivistys:<\/strong> K\u00e4ytt\u00e4m\u00e4ll\u00e4 erilaisia \u200b\u200btiivisteit\u00e4, kuten m\u00e4nn\u00e4ntiivisteit\u00e4, varren tiivisteit\u00e4 jne., ja valitsemalla kulutusta kest\u00e4vi\u00e4 materiaaleja, kuten polyuretaania ja nitriilikumia tiivisteisiin, sylinterin runko ja kierteitetty p\u00e4\u00e4typinta k\u00e4sitell\u00e4\u00e4n hienoksi kulutuskest\u00e4vyyden parantamiseksi, ja voitelu vaatii s\u00e4\u00e4nn\u00f6llist\u00e4 polttoaineen vaihtoa.<\/li>\n<li><strong>Kest\u00e4vyys:<\/strong> Varmistaa, ett\u00e4 kauhan sylinteri kest\u00e4\u00e4 ankaria ymp\u00e4rist\u00f6olosuhteita ja s\u00e4ilytt\u00e4\u00e4 suorituskykyns\u00e4 pitk\u00e4n ajan.<\/li>\n<li><strong>Turvallisuus:<\/strong> Varmista, ett\u00e4 kauhan sylinteri on turvallinen k\u00e4ytt\u00e4\u00e4 eik\u00e4 aiheuta vaaraa k\u00e4ytt\u00e4jille tai muille laitteille.<\/li>\n<li><strong>Yll\u00e4pidett\u00e4vyys:<\/strong> Varmistaa, ett\u00e4 kauhan sylinteri on helppo huoltaa ja korjata, mik\u00e4 v\u00e4hent\u00e4\u00e4 seisokkiaikoja ja yll\u00e4pitokustannuksia.<\/li>\n<\/ul>\n<p><img decoding=\"async\" src=\"https:\/\/www.hydraulic-cylinders.net\/wp-content\/uploads\/2025\/01\/songte-oil-pipes-and-spare-parts.webp\"\/><\/p>\n<h3>Yugong WY75-7-8:n kauhan sylinterin huolto ja vianm\u00e4\u00e4ritys<\/h3>\n<p>S\u00e4\u00e4nn\u00f6llinen huolto ja tarkastus ovat v\u00e4ltt\u00e4m\u00e4tt\u00f6mi\u00e4 kauhasylinterien luotettavan toiminnan varmistamiseksi. Joitakin yleisi\u00e4 huoltoteht\u00e4vi\u00e4 ovat:<\/p>\n<ul>\n<li><strong>S\u00e4\u00e4nn\u00f6llinen tarkastus:<\/strong> Sylinterin rungon, m\u00e4nn\u00e4n, m\u00e4nn\u00e4nvarren ja tiivisteiden kulumisen ja vaurioiden tarkastus.<\/li>\n<li><strong>Voitelu:<\/strong> Levit\u00e4 sylinterirunkoon ja tiivisteisiin sopiva m\u00e4\u00e4r\u00e4 hydrauli\u00f6ljy\u00e4 varmistaaksesi sujuvan toiminnan ja est\u00e4\u00e4ksesi kulumisen ja vauriot.<\/li>\n<li><strong>Tiivisteen vaihto:<\/strong> Kuluneiden tai vaurioituneiden tiivisteiden vaihtaminen sylinterin tiiviyden yll\u00e4pit\u00e4miseksi.<\/li>\n<\/ul>\n<p>Kauhasylinterien luotettavan ja turvallisen toiminnan kannalta on ratkaisevan t\u00e4rke\u00e4\u00e4, ett\u00e4 ne asennetaan oikein ja ett\u00e4 ne on kiinnitetty asianmukaisilla kiinnikkeill\u00e4. Kauhasylinterin k\u00e4ytt\u00f6i\u00e4n pident\u00e4miseksi ja luotettavuuden parantamiseksi suositellaan s\u00e4\u00e4nn\u00f6llisi\u00e4 tarkastus-, korjaus- ja vaihtotoimenpiteit\u00e4.<\/p>\n<p><img decoding=\"async\" src=\"https:\/\/www.hydraulic-cylinders.net\/wp-content\/uploads\/2025\/01\/songte-chushion-collar.webp\"\/><\/p>\n<h3>Yugong WY75-7-8 -kauhan sylinterin turvallisuusn\u00e4k\u00f6kohdat ja ymp\u00e4rist\u00f6tekij\u00e4t<\/h3>\n<p>Kauhasylintereit\u00e4 k\u00e4ytett\u00e4ess\u00e4 on ryhdytt\u00e4v\u00e4 turvatoimiin onnettomuuksien est\u00e4miseksi ja turvallisen k\u00e4yt\u00f6n varmistamiseksi. On suositeltavaa noudattaa turvallisuusohjeita ja k\u00e4ytt\u00e4\u00e4 asianmukaisia \u200b\u200bhenkil\u00f6nsuojaimia, kuten k\u00e4sineit\u00e4 ja silm\u00e4suojaimia. Ymp\u00e4rist\u00f6tekij\u00e4t, kuten l\u00e4mp\u00f6tila, kosteus ja altistuminen kemikaaleille tai sy\u00f6vytt\u00e4ville aineille, on my\u00f6s otettava huomioon, ja on ryhdytt\u00e4v\u00e4 asianmukaisiin toimenpiteisiin sylinterin suojaamiseksi vaurioilta.<\/p>\n<p><img decoding=\"async\" src=\"https:\/\/www.hydraulic-cylinders.net\/wp-content\/uploads\/2025\/01\/songte-bushings-with-all-kinds-of-excavator-models.webp\"\/><\/p>\n<h3>Johtop\u00e4\u00e4t\u00f6s<\/h3>\n<p>Johtavana hydraulisylintereiden valmistajana ja tukkumyyj\u00e4n\u00e4 tarjoamme laajan valikoiman tuotteita erilaisiin operatiivisiin tarpeisiin. Sitoutumisemme erinomaisuuteen laadussa, tuotannonhallinnassa ja asiakaspalvelussa on tehnyt meist\u00e4 johtavan toimijan globaaleilla markkinoilla. Edistyksellisten tuotantolaitostemme ja eritt\u00e4in ammattitaitoisen teknisen tiimimme ansiosta olemme omistautuneet tarjoamaan asiakkaillemme tehokkaita, tarkkoja ja korkealaatuisia tuotteita. Yrityksemme tarjoaa ammattimaisia \u200b\u200br\u00e4\u00e4t\u00e4l\u00f6intipalveluita, kansainv\u00e4lisi\u00e4 sertifiointeja ja erinomaisia \u200b\u200bj\u00e4lkimarkkinointipalveluita asiakastyytyv\u00e4isyyden varmistamiseksi.<\/p>\n<p><img decoding=\"async\" src=\"https:\/\/hzpt.com\/wp-content\/uploads\/2024\/11\/songte-company-1.webp\"\/><\/p>\n<p>Kirjoittaja: lyl<\/p>","protected":false},"excerpt":{"rendered":"<p>Introduction Definition of Bucket Cylinder For Yugong WY75-7-8 The bucket cylinder for Yugong WY75-7-8 is a type of specialized hydraulic cylinder designed primarily to control the movement of the bucket in heavy machinery such as excavators, backhoe loaders, and front-end loaders. Its primary function is to enable the bucket to lift, lower, and tilt, thus [&hellip;]<\/p>","protected":false},"featured_media":14784,"comment_status":"open","ping_status":"closed","template":"","meta":{"_et_pb_use_builder":"","_et_pb_old_content":"","_et_gb_content_width":""},"product_brand":[],"product_cat":[1494],"product_tag":[1495,1496],"class_list":{"0":"post-15376","1":"product","2":"type-product","3":"status-publish","4":"has-post-thumbnail","6":"product_cat-bucket-cylinders","7":"product_tag-bucket-cylinders","8":"product_tag-hydraulic-cylinders","10":"first","11":"instock","12":"shipping-taxable","13":"product-type-simple"},"amp_enabled":true,"_links":{"self":[{"href":"https:\/\/www.hydraulic-cylinders.net\/fi\/wp-json\/wp\/v2\/product\/15376","targetHints":{"allow":["GET"]}}],"collection":[{"href":"https:\/\/www.hydraulic-cylinders.net\/fi\/wp-json\/wp\/v2\/product"}],"about":[{"href":"https:\/\/www.hydraulic-cylinders.net\/fi\/wp-json\/wp\/v2\/types\/product"}],"replies":[{"embeddable":true,"href":"https:\/\/www.hydraulic-cylinders.net\/fi\/wp-json\/wp\/v2\/comments?post=15376"}],"wp:featuredmedia":[{"embeddable":true,"href":"https:\/\/www.hydraulic-cylinders.net\/fi\/wp-json\/wp\/v2\/media\/14784"}],"wp:attachment":[{"href":"https:\/\/www.hydraulic-cylinders.net\/fi\/wp-json\/wp\/v2\/media?parent=15376"}],"wp:term":[{"taxonomy":"product_brand","embeddable":true,"href":"https:\/\/www.hydraulic-cylinders.net\/fi\/wp-json\/wp\/v2\/product_brand?post=15376"},{"taxonomy":"product_cat","embeddable":true,"href":"https:\/\/www.hydraulic-cylinders.net\/fi\/wp-json\/wp\/v2\/product_cat?post=15376"},{"taxonomy":"product_tag","embeddable":true,"href":"https:\/\/www.hydraulic-cylinders.net\/fi\/wp-json\/wp\/v2\/product_tag?post=15376"}],"curies":[{"name":"wp","href":"https:\/\/api.w.org\/{rel}","templated":true}]}}