{"id":15378,"date":"2025-01-19T14:27:25","date_gmt":"2025-01-19T14:27:25","guid":{"rendered":"https:\/\/www.hydraulic-cylinders.net\/product\/bucket-cylinder-for-yugong-wy150-8\/"},"modified":"2025-01-19T14:27:27","modified_gmt":"2025-01-19T14:27:27","slug":"bucket-cylinder-for-yugong-wy150-8","status":"publish","type":"product","link":"https:\/\/www.hydraulic-cylinders.net\/fi\/tuote\/bucket-cylinder-for-yugong-wy150-8\/","title":{"rendered":"Kauhan sylinteri Yugong WY150-8:lle"},"content":{"rendered":"<p><!DOCTYPE html><br \/>\n<html><br \/>\n<head><br \/>\n<\/head><br \/>\n<body><\/p>\n<h1>Kauhan sylinteri Yugong WY150-8:lle<\/h1>\n<h2>Johdanto<\/h2>\n<p>Kauhasylinteri on erityisesti suunniteltu hydraulisylinteri, jota k\u00e4ytet\u00e4\u00e4n ensisijaisesti kauhan liikkeen ohjaamiseen raskaissa koneissa, kuten kaivinkoneissa, traktorikaivureissa ja py\u00f6r\u00e4kuormaajissa. Sen p\u00e4\u00e4teht\u00e4v\u00e4n\u00e4 on mahdollistaa kauhan nostaminen, laskeminen ja kallistaminen, mik\u00e4 helpottaa erilaisia \u200b\u200bmateriaalink\u00e4sittelyteht\u00e4vi\u00e4. Hydraulij\u00e4rjestelm\u00e4ss\u00e4 kauhasylinteri saavuttaa kauhan tarkan ohjauksen hy\u00f6dynt\u00e4m\u00e4ll\u00e4 hydrauli\u00f6ljyn paineenmuutoksia, jolloin k\u00e4ytt\u00e4j\u00e4t voivat k\u00e4sitell\u00e4 raskaita kuormia tehokkaasti ja sopeutua monimutkaisiin ty\u00f6ymp\u00e4rist\u00f6ihin ja erilaisiin k\u00e4ytt\u00f6vaatimuksiin.<\/p>\n<p><img decoding=\"async\" src=\"https:\/\/www.hydraulic-cylinders.net\/wp-content\/uploads\/2025\/01\/songte-company-2.webp\" alt=\"Kauhan sylinterin kuva\"><\/p>\n<h2>Ominaisuudet<\/h2>\n<ul>\n<li>Korkea lujuus ja kest\u00e4vyys: Kauhasylinteri on tyypillisesti valmistettu eritt\u00e4in lujasta ter\u00e4ksest\u00e4 tai alumiinista, ja se kest\u00e4\u00e4 korkeaa painetta ja raskaita kuormia ankariin ty\u00f6olosuhteisiin mukautuen. Suunnittelussa on otettu huomioon kulumiskest\u00e4vyys ja korroosionkest\u00e4vyys k\u00e4ytt\u00f6i\u00e4n pident\u00e4miseksi.<\/li>\n<li>Tehokas hydraulinen toiminta: Hydrauli\u00f6ljyn paineen ansiosta kauhan sylinteri saavuttaa tasaiset ojennus- ja sis\u00e4\u00e4nvetoliikkeet, mik\u00e4 tarjoaa tehokkaat ty\u00f6nt\u00f6- ja vetovoimat raskaiden kuormien k\u00e4sittelyyn ja monimutkaisiin k\u00e4ytt\u00f6teht\u00e4viin.<\/li>\n<li>Erilaisia \u200b\u200btyyppej\u00e4: Yksitoimiset (hydraulinen paine vain yhteen suuntaan) tai kaksitoimiset (hydraulinen paine kahteen suuntaan) sylinterit voidaan valita tiettyjen k\u00e4ytt\u00f6vaatimusten mukaan. Jotkut mallit ovat teleskooppisia, mik\u00e4 mahdollistaa suuremman jatkeen ilman ulkomittojen kasvua, joten ne sopivat sovelluksiin, joissa on rajoitetusti tilaa.<\/li>\n<li>T\u00e4ydellinen korvaus: Tuotteemme voi t\u00e4ydellisesti korvata n\u00e4m\u00e4 hydraulisylinterit.<\/li>\n<\/ul>\n<p><img decoding=\"async\" src=\"https:\/\/www.hydraulic-cylinders.net\/wp-content\/uploads\/2025\/01\/songte-cylinder-head-with-all-kinds-excavator-models.webp\" alt=\"Kauhan sylinterin vaihtokuva\"><\/p>\n<h2>Sovellukset<\/h2>\n<p>Kauhasylintereit\u00e4 k\u00e4ytet\u00e4\u00e4n useilla eri teollisuudenaloilla ja laitteissa:<\/p>\n<ul>\n<li>Rakennuslaitteet: Elint\u00e4rkeit\u00e4 kaivinkoneissa kaivamiseen, lastaamiseen ja maan tai roskien siirt\u00e4miseen. Kaivinkoneissa kauhan sylinterit auttavat sek\u00e4 kaivamisessa ett\u00e4 nostamisessa.<\/li>\n<li>Maatalouskoneet: K\u00e4ytet\u00e4\u00e4n etukuormaajissa maaper\u00e4n, hein\u00e4n ja muiden materiaalien kauhaukseen, nostamiseen ja kuljettamiseen.<\/li>\n<li>Kaivinkoneet: Kauhasylinterit mahdollistavat kaivutoiminnan antamalla kauhan tunkeutua maaper\u00e4\u00e4n.<\/li>\n<li>Py\u00f6r\u00e4kuormaajat: Py\u00f6r\u00e4kuormaajissa ne auttavat lastin tehokkaassa nostamisessa ja kallistamisessa.<\/li>\n<\/ul>\n<h2>Suunnittelun\u00e4k\u00f6kohdat ja valintakriteerit<\/h2>\n<p>Kauhasylinterien suunnittelussa ja valintakriteereiss\u00e4 on otettava huomioon useita tekij\u00f6it\u00e4:<\/p>\n<ul>\n<li>Kantavuus: Keskustele kyvyst\u00e4 kest\u00e4\u00e4 raskaita kuormia ja painetta.<\/li>\n<li>Tiivistys: Selit\u00e4 erilaisten tiivistyskomponenttien, kuten kulutusta kest\u00e4vist\u00e4 materiaaleista, kuten polyuretaanista ja nitriilikumista, valmistettujen m\u00e4nn\u00e4ntiivisteiden ja varren tiivisteiden, k\u00e4yt\u00f6n t\u00e4rkeys.<\/li>\n<li>Kest\u00e4vyys: Korosta sylinterirunkojen ja kierteitettyjen p\u00e4iden hienoa pintak\u00e4sittely\u00e4 kulutuskest\u00e4vyyden parantamiseksi.<\/li>\n<li>Turvallisuus: Keskustele suunnittelussa huomioon otettavista turvallisuusominaisuuksista ja -n\u00e4k\u00f6kohdista, jotka varmistavat turvallisen k\u00e4yt\u00f6n.<\/li>\n<li>Yll\u00e4pidett\u00e4vyys: Selit\u00e4 huollon ja korjauksen helppous, mukaan lukien suositellut m\u00e4\u00e4r\u00e4aikaistarkastukset ja ennaltaehk\u00e4isev\u00e4t toimenpiteet.<\/li>\n<\/ul>\n<p><img decoding=\"async\" src=\"https:\/\/www.hydraulic-cylinders.net\/wp-content\/uploads\/2025\/01\/songte-oil-pipes-and-spare-parts.webp\" alt=\"Kauhan sylinterin suunnittelukuva\"><\/p>\n<h2>Tiivistys ja voitelu<\/h2>\n<p>Kauhasylintereiss\u00e4 k\u00e4ytet\u00e4\u00e4n erilaisia \u200b\u200btiivistyskomponentteja optimaalisen suorituskyvyn saavuttamiseksi:<\/p>\n<ul>\n<li>M\u00e4nn\u00e4ntiivisteet ja m\u00e4nn\u00e4nvarren tiivisteet, jotka on valmistettu kulutusta kest\u00e4vist\u00e4 materiaaleista, kuten polyuretaanista ja nitriilikumista.<\/li>\n<li>Sylinterirungot ja kierteitetyt p\u00e4\u00e4t pintak\u00e4sitell\u00e4\u00e4n hienosti kulutuskest\u00e4vyyden parantamiseksi.<\/li>\n<li>S\u00e4\u00e4nn\u00f6llinen voitelu sopivalla hydrauliikka\u00f6ljyll\u00e4 parantaa tasaista toimintaa ja k\u00e4ytt\u00f6ik\u00e4\u00e4.<\/li>\n<\/ul>\n<h2>S\u00e4\u00e4nn\u00f6llinen tarkastus ja ennaltaehk\u00e4isev\u00e4 huolto<\/h2>\n<p>S\u00e4\u00e4nn\u00f6lliset tarkastukset ja ennaltaehk\u00e4isev\u00e4 huolto ovat ratkaisevan t\u00e4rkeit\u00e4 kauhan sylinterin suorituskyvyn ja pitk\u00e4ik\u00e4isyyden yll\u00e4pit\u00e4miseksi. Joitakin suositeltuja toimenpiteit\u00e4 ovat:<\/p>\n<ul>\n<li>S\u00e4\u00e4nn\u00f6lliset tarkastukset vuotojen, vaurioiden ja kulumisen varalta.<\/li>\n<li>Liikkuvien osien asianmukainen voitelu ja rasvaus.<\/li>\n<li>Tiivisteiden s\u00e4\u00e4nn\u00f6llinen vaihto optimaalisen suorituskyvyn saavuttamiseksi.<\/li>\n<li>Kalibrointitarkistukset tarkan toiminnan varmistamiseksi.<\/li>\n<\/ul>\n<p><img decoding=\"async\" src=\"https:\/\/www.hydraulic-cylinders.net\/wp-content\/uploads\/2025\/01\/songte-chushion-collar.webp\" alt=\"Kauhan sylinterin huoltokuva\"><\/p>\n<h2>Turvallisuusn\u00e4k\u00f6kohdat ja ymp\u00e4rist\u00f6tekij\u00e4t<\/h2>\n<p>Kauhasylinterien k\u00e4ytt\u00f6\u00f6n liittyy t\u00e4rkeit\u00e4 turvatoimenpiteit\u00e4 turvallisen toiminnan varmistamiseksi. N\u00e4it\u00e4 toimenpiteit\u00e4 ovat:<\/p>\n<ul>\n<li>Asianmukainen koulutus ja toimintatapojen tuntemus.<\/li>\n<li>Turvallisuusohjeiden ja -m\u00e4\u00e4r\u00e4ysten noudattaminen.<\/li>\n<li>K\u00e4ytt\u00e4m\u00e4ll\u00e4 asianmukaisia \u200b\u200bhenkil\u00f6nsuojaimia.<\/li>\n<\/ul>\n<h2>Vianm\u00e4\u00e4ritys ja yleiset ongelmat<\/h2>\n<p>Kun kauhan sylintereihin tulee vikoja tai ongelmia, seuraavat seikat voivat auttaa ongelmien diagnosoinnissa ja korjaamisessa:<\/p>\n<ul>\n<li>Vianm\u00e4\u00e4ritysvihjeiden ja -ratkaisujen tarjoaminen.<\/li>\n<li>Tarjoamalla ennaltaehk\u00e4isevi\u00e4 toimenpiteit\u00e4 mahdollisten ongelmien minimoimiseksi.<\/li>\n<\/ul>\n<p><img decoding=\"async\" src=\"https:\/\/www.hydraulic-cylinders.net\/wp-content\/uploads\/2025\/01\/songte-bushings-with-all-kinds-of-excavator-models.webp\" alt=\"Kauhan sylinterin vianm\u00e4\u00e4rityskuva\"><\/p>\n<h2>Yrityksen yleiskatsaus<\/h2>\n<p>Olemme johtava hydraulisten sylinterien valmistaja ja tukkumyyj\u00e4 kotimaisilla ja kansainv\u00e4lisill\u00e4 markkinoilla. Tuotevalikoimamme on laaja, ja pyrimme huippulaatuun. Hienostuneiden tuotantolaitostemme, edistyneiden laitteidemme ja ammattimaisten testausj\u00e4rjestelmiemme avulla parannamme jatkuvasti valmistusalustaamme ja tuotteiden laatua. Vahvan luovan kykymme ansiosta pystymme vastaamaan monipuolisiin asiakastarpeisiin tehokkaasti, tarkasti ja laadukkaasti.<\/p>\n<p><img decoding=\"async\" src=\"https:\/\/hzpt.com\/wp-content\/uploads\/2024\/11\/songte-company-1.webp\" alt=\"Yrityksen imago\"><\/p>\n<h3>Ammattimaisuus<\/h3>\n<p>Korostamme toiminnassamme ammattimaisuutta, mik\u00e4 takaa huippulaadukkaat tuotteet.<\/p>\n<h3>Kansainv\u00e4liset sertifikaatit<\/h3>\n<p>Meill\u00e4 on kansainv\u00e4liset sertifikaatit, jotka vahvistavat hydraulisylintereidemme laadun ja luotettavuuden.<\/p>\n<h3>R\u00e4\u00e4t\u00e4l\u00f6intipalvelut<\/h3>\n<p>Tarjoamme r\u00e4\u00e4t\u00e4l\u00f6intipalveluita t\u00e4ytt\u00e4\u00e4ksemme asiakkaiden erityisvaatimukset hydraulisylintereille.<\/p>\n<h3>Tuotantolaitteet<\/h3>\n<p>K\u00e4yt\u00e4mme edistyneit\u00e4 tuotantolaitteita varmistaaksemme tehokkaat ja tarkat valmistusprosessit.<\/p>\n<h3>Myynnin j\u00e4lkeiset palvelut<\/h3>\n<p>Tarjoamme kattavia huoltopalveluita, mukaan lukien komponenttien vaihdot ja uudelleenrakennuspalvelut, hydraulisylintereidemme k\u00e4ytt\u00f6i\u00e4n pident\u00e4miseksi.<\/p>\n<p><img decoding=\"async\" src=\"https:\/\/www.hydraulic-cylinders.net\/wp-content\/uploads\/2025\/01\/songte-company-3.webp\" alt=\"Yrityksen yleiskatsauskuva\"><\/p>\n<p>Kirjoittaja: lyl<\/p>\n<p><\/body><br \/>\n<\/html><\/p>","protected":false},"excerpt":{"rendered":"<p>Bucket Cylinder For Yugong WY150-8 Introduction The bucket cylinder is a specially designed hydraulic cylinder primarily used to control the movement of the bucket in heavy machinery such as excavators, backhoe excavators, and wheel loaders. Its main function is to enable the lifting, lowering, and tilting of the bucket, facilitating various material handling tasks. In [&hellip;]<\/p>","protected":false},"featured_media":14780,"comment_status":"open","ping_status":"closed","template":"","meta":{"_et_pb_use_builder":"","_et_pb_old_content":"","_et_gb_content_width":""},"product_brand":[],"product_cat":[1494],"product_tag":[1495,1496],"class_list":{"0":"post-15378","1":"product","2":"type-product","3":"status-publish","4":"has-post-thumbnail","6":"product_cat-bucket-cylinders","7":"product_tag-bucket-cylinders","8":"product_tag-hydraulic-cylinders","10":"first","11":"instock","12":"shipping-taxable","13":"product-type-simple"},"amp_enabled":true,"_links":{"self":[{"href":"https:\/\/www.hydraulic-cylinders.net\/fi\/wp-json\/wp\/v2\/product\/15378","targetHints":{"allow":["GET"]}}],"collection":[{"href":"https:\/\/www.hydraulic-cylinders.net\/fi\/wp-json\/wp\/v2\/product"}],"about":[{"href":"https:\/\/www.hydraulic-cylinders.net\/fi\/wp-json\/wp\/v2\/types\/product"}],"replies":[{"embeddable":true,"href":"https:\/\/www.hydraulic-cylinders.net\/fi\/wp-json\/wp\/v2\/comments?post=15378"}],"wp:featuredmedia":[{"embeddable":true,"href":"https:\/\/www.hydraulic-cylinders.net\/fi\/wp-json\/wp\/v2\/media\/14780"}],"wp:attachment":[{"href":"https:\/\/www.hydraulic-cylinders.net\/fi\/wp-json\/wp\/v2\/media?parent=15378"}],"wp:term":[{"taxonomy":"product_brand","embeddable":true,"href":"https:\/\/www.hydraulic-cylinders.net\/fi\/wp-json\/wp\/v2\/product_brand?post=15378"},{"taxonomy":"product_cat","embeddable":true,"href":"https:\/\/www.hydraulic-cylinders.net\/fi\/wp-json\/wp\/v2\/product_cat?post=15378"},{"taxonomy":"product_tag","embeddable":true,"href":"https:\/\/www.hydraulic-cylinders.net\/fi\/wp-json\/wp\/v2\/product_tag?post=15378"}],"curies":[{"name":"wp","href":"https:\/\/api.w.org\/{rel}","templated":true}]}}