{"id":15387,"date":"2025-01-19T14:28:01","date_gmt":"2025-01-19T14:28:01","guid":{"rendered":"https:\/\/www.hydraulic-cylinders.net\/product\/bucket-cylinder-for-volvo-small-excavator-ec60c-80d\/"},"modified":"2025-01-19T14:28:03","modified_gmt":"2025-01-19T14:28:03","slug":"bucket-cylinder-for-volvo-small-excavator-ec60c-80d","status":"publish","type":"product","link":"https:\/\/www.hydraulic-cylinders.net\/fi\/tuote\/bucket-cylinder-for-volvo-small-excavator-ec60c-80d\/","title":{"rendered":"Kauhan sylinteri Volvon pieneen kaivinkoneeseen EC60C\/80D"},"content":{"rendered":"<h1>Kauhan sylinteri Volvon pieneen kaivinkoneeseen EC60C\/80D<\/h1>\n<h2>Johdanto<\/h2>\n<p>Kauhasylinteri on erityisesti suunniteltu hydraulisylinteri, jota k\u00e4ytet\u00e4\u00e4n kauhan liikkeen ohjaamiseen raskaissa koneissa, kuten kaivinkoneissa, traktorikaivureissa ja etukuormaajissa. Sen ensisijainen teht\u00e4v\u00e4 on mahdollistaa kauhan nostaminen, laskeminen ja kallistaminen, mik\u00e4 helpottaa erilaisten materiaalink\u00e4sittelyteht\u00e4vien suorittamista. Hydraulij\u00e4rjestelm\u00e4ss\u00e4 kauhasylinteri saavuttaa kauhan tarkan hallinnan hydrauli\u00f6ljyn paineen muutosten avulla, mink\u00e4 ansiosta k\u00e4ytt\u00e4j\u00e4t voivat k\u00e4sitell\u00e4 raskaita kuormia tehokkaasti ja sopeutua monimutkaisiin ty\u00f6ymp\u00e4rist\u00f6ihin ja erilaisiin ty\u00f6vaatimuksiin.<\/p>\n<p><img decoding=\"async\" src=\"https:\/\/www.hydraulic-cylinders.net\/wp-content\/uploads\/2025\/01\/songte-company-2.webp\" alt=\"Kauhan sylinteri Volvon pieneen kaivinkoneeseen EC60C\/80D\"><\/p>\n<h2>Ominaisuudet<\/h2>\n<ul>\n<li>\n<h3>Korkea lujuus ja kest\u00e4vyys<\/h3>\n<p>Kauhasylinterit on tyypillisesti valmistettu eritt\u00e4in lujasta ter\u00e4ksest\u00e4 tai alumiinista, jotka kest\u00e4v\u00e4t korkeaa painetta ja raskaita kuormia ja sopeutuvat vaativiin ty\u00f6ymp\u00e4rist\u00f6ihin. Suunnittelussa on otettu huomioon kulutuskest\u00e4vyys ja korroosionkest\u00e4vyys, mik\u00e4 pident\u00e4\u00e4 k\u00e4ytt\u00f6ik\u00e4\u00e4.<\/p>\n<\/li>\n<li>\n<h3>Tehokas hydraulinen k\u00e4ytt\u00f6<\/h3>\n<p>Kauhasylinterit k\u00e4ytt\u00e4v\u00e4t hydrauli\u00f6ljyn painetta tasaisten ojennus- ja supistusliikkeiden saavuttamiseksi, mik\u00e4 mahdollistaa nopean reagoinnin ohjauskomentoihin ja tarjoaa tehokkaan ty\u00f6nt\u00f6- ja vetovoiman, mik\u00e4 sopii raskaiden kuormien k\u00e4sittelyyn ja monimutkaisiin ty\u00f6teht\u00e4viin.<\/p>\n<\/li>\n<li>\n<h3>Erilaiset tyypit<\/h3>\n<p>Kauhasylinterit voidaan valita tarpeiden mukaan yksitoimisiksi (hydrauliikkaa k\u00e4ytet\u00e4\u00e4n vain yhteen suuntaan) tai kaksitoimisiksi (hydrauliikkaa k\u00e4ytet\u00e4\u00e4n molempiin suuntiin), mik\u00e4 mahdollistaa suuremman jatkeen ilman ulkomittojen kasvua joissakin malleissa ja sopii ahtaisiin k\u00e4ytt\u00f6tarkoituksiin.<\/p>\n<\/li>\n<li>\n<h3>T\u00e4ydellinen korvaus<\/h3>\n<p>Tuotteemme voivat t\u00e4ydellisesti korvata n\u00e4m\u00e4 hydraulisylinterit.<\/p>\n<\/li>\n<\/ul>\n<p><img decoding=\"async\" src=\"https:\/\/www.hydraulic-cylinders.net\/wp-content\/uploads\/2025\/01\/songte-cylinder-head-with-all-kinds-excavator-models.webp\" alt=\"Kauhan sylinteri Volvon pieneen kaivinkoneeseen EC60C\/80D\"><\/p>\n<h2>Sovellukset<\/h2>\n<ul>\n<li>\n<h3>Rakennuslaitteet<\/h3>\n<p>Kauhasylintereit\u00e4 k\u00e4ytet\u00e4\u00e4n kaivinkoneissa, joissa ne ovat v\u00e4ltt\u00e4m\u00e4tt\u00f6mi\u00e4 kaivamiseen, lastaamiseen ja maaper\u00e4n tai roskien siirt\u00e4miseen. Kaivinkoneissa kauhasylinterit auttavat sek\u00e4 kaivamisessa ett\u00e4 nostamisessa. Etukuormaajissa ne auttavat tavaroiden tehokkaassa nostamisessa ja tyhjent\u00e4misess\u00e4.<\/p>\n<\/li>\n<li>\n<h3>Maatalouskoneet<\/h3>\n<p>Kauhasylintereit\u00e4 k\u00e4ytet\u00e4\u00e4n etukuormaajissa maan, hein\u00e4n ja muiden materiaalien kaivamiseen, nostamiseen ja kuljettamiseen. Kaivinkoneissa ne saavuttavat kaivutoiminnon antamalla kauhan tunkeutua maaper\u00e4\u00e4n. <\/p>\n<\/li>\n<\/ul>\n<h2>Suunnittelun\u00e4k\u00f6kohdat ja valintakriteerit<\/h2>\n<p>Kauhasylinteri\u00e4 valittaessa on t\u00e4rke\u00e4\u00e4 ottaa huomioon sen kantavuus, tiiviys, kest\u00e4vyys, turvallisuus ja huollettavuus. <\/p>\n<h3>Kantavuus<\/h3>\n<p>Hydraulisylinterin kantavuus riippuu sylinterirungon lujuudesta, sylinterirungon sis\u00e4pinnan sileydest\u00e4, sylinterisein\u00e4n paksuudesta ja liitososien lujuudesta. Lis\u00e4ksi sylinterin m\u00e4nn\u00e4n ja kiertokangen on oltava valmistettu eritt\u00e4in lujista materiaaleista kest\u00e4m\u00e4\u00e4n suurta painetta ja raskaita kuormia.<\/p>\n<h3>Tiivistys<\/h3>\n<p>Sylinterin tiivistys on ratkaisevan t\u00e4rke\u00e4\u00e4 \u00f6ljyvuotojen est\u00e4miseksi ja hydraulij\u00e4rjestelm\u00e4n sujuvan toiminnan varmistamiseksi. Sylinteriss\u00e4 tulisi olla erilaisia \u200b\u200btiivistyskomponentteja, kuten m\u00e4nn\u00e4ntiivisteit\u00e4, varren tiivisteit\u00e4 ja tyynytiivisteit\u00e4, jotka on valmistettu kulutusta kest\u00e4vist\u00e4 materiaaleista, kuten polyuretaanista ja nitriilikumista, tiivistystehokkuuden parantamiseksi ja k\u00e4ytt\u00f6i\u00e4n pident\u00e4miseksi.<\/p>\n<h3>Kest\u00e4vyys<\/h3>\n<p>The cylinder body and the threaded end surface of the cylinder head should be processed finely to improve wear resistance and corrosion resistance. Regular lubrication is also required to maintain the cylinder&#8217;s durability.<\/p>\n<h3>Turvallisuus<\/h3>\n<p>Kauhasylinteriss\u00e4 tulee olla varoventtiili, joka est\u00e4\u00e4 hydraulisen paineh\u00e4vi\u00f6n tai muiden odottamattomien tilanteiden aiheuttamat \u00e4killiset paineenlaskut. Lis\u00e4ksi k\u00e4ytt\u00e4j\u00e4n on tunnettava sylinterin k\u00e4ytt\u00f6tavat, huoltovaatimukset ja turvaohjeet ennen sen k\u00e4ytt\u00f6\u00e4.<\/p>\n<h3>Yll\u00e4pidett\u00e4vyys<\/h3>\n<p>Kauhasylinterin tulee olla helppo purkaa ja huoltaa. Hyv\u00e4ss\u00e4 kauhasylinteriss\u00e4 tulee olla helposti vaihdettavat tiivisteet, helposti purettavat m\u00e4nn\u00e4nvarret ja helposti vaihdettavat kulutusta kest\u00e4v\u00e4t osat. <\/p>\n<p><img decoding=\"async\" src=\"https:\/\/www.hydraulic-cylinders.net\/wp-content\/uploads\/2025\/01\/songte-oil-pipes-and-spare-parts.webp\" alt=\"Kauhan sylinteri Volvon pieneen kaivinkoneeseen EC60C\/80D\"><\/p>\n<h2>Huolto ja korjaus<\/h2>\n<p>S\u00e4\u00e4nn\u00f6llinen huolto ja korjaus voivat maksimoida kauhan sylinterin k\u00e4ytt\u00f6i\u00e4n.<\/p>\n<h3>Asennus<\/h3>\n<p>Oikea asennus on kriittist\u00e4 kauhan sylinterin toiminnan kannalta. On suositeltavaa kohdistaa sylinteri oikein ja k\u00e4ytt\u00e4\u00e4 sopivia asennuskiinnikkeit\u00e4 sylinterin kiinnitt\u00e4miseen.<\/p>\n<h3>Huolto<\/h3>\n<ul>\n<li>S\u00e4\u00e4nn\u00f6llinen tarkastus: Tarkasta sylinteri s\u00e4\u00e4nn\u00f6llisesti kulumisen ja vaurioiden havaitsemiseksi varhaisessa vaiheessa.<\/li>\n<li>Voitelu: Lis\u00e4\u00e4 s\u00e4\u00e4nn\u00f6llisesti sopiva m\u00e4\u00e4r\u00e4 hydrauli\u00f6ljy\u00e4 sylinterin voitelun varmistamiseksi. <\/li>\n<li>Tiivisteen vaihto: Vaihda tiiviste s\u00e4\u00e4nn\u00f6llisesti \u00f6ljyvuotojen est\u00e4miseksi. <\/li>\n<li>Kalibrointitarkistus: Tarkista kauhan sylinterin kalibrointi varmistaaksesi oikean toiminnan.<\/li>\n<\/ul>\n<h3>Korjaus<\/h3>\n<p>The repair process of the bucket cylinder should follow the recommended procedures. It is essential to use high-quality replacement parts and rebuild services to ensure the bucket cylinder&#8217;s proper operation.<\/p>\n<p><img decoding=\"async\" src=\"https:\/\/www.hydraulic-cylinders.net\/wp-content\/uploads\/2025\/01\/songte-chushion-collar.webp\" alt=\"Kauhan sylinteri Volvon pieneen kaivinkoneeseen EC60C\/80D\"><\/p>\n<h2>Turvallisuus- ja ymp\u00e4rist\u00f6n\u00e4k\u00f6kohdat<\/h2>\n<p>Kauhasylinteri\u00e4 k\u00e4ytett\u00e4ess\u00e4 on eritt\u00e4in t\u00e4rke\u00e4\u00e4 noudattaa turvallisuusohjeita onnettomuuksien v\u00e4ltt\u00e4miseksi. My\u00f6s kauhasylinteriss\u00e4 k\u00e4ytetty hydrauli\u00f6ljy on h\u00e4vitett\u00e4v\u00e4 asianmukaisesti ymp\u00e4rist\u00f6n suojelemiseksi.<\/p>\n<h2>Vianm\u00e4\u00e4ritys ja yleiset ongelmat<\/h2>\n<p>Kauhasylintereiden yleisi\u00e4 ongelmia ovat \u00f6ljyvuoto, ep\u00e4normaali melu ja riitt\u00e4m\u00e4t\u00f6n teho. N\u00e4iden ongelmien diagnosoimiseksi ja ratkaisemiseksi on tarpeen tarkastaa hydrauliikkaj\u00e4rjestelm\u00e4, vaihtaa tiivisteet, tarkistaa kalibrointi ja kunnostaa sylinteri.<\/p>\n<p><img decoding=\"async\" src=\"https:\/\/www.hydraulic-cylinders.net\/wp-content\/uploads\/2025\/01\/songte-bushings-with-all-kinds-of-excavator-models.webp\" alt=\"Kauhan sylinteri Volvon pieneen kaivinkoneeseen EC60C\/80D\"><\/p>\n<h2>Tietoa yrityksest\u00e4mme<\/h2>\n<p>Olemme johtava hydraulisten sylinterien valmistaja ja tukkumyyj\u00e4 kotimaisilla ja kansainv\u00e4lisill\u00e4 markkinoilla. Tarjoamme laajan valikoiman tuotteita ja palveluita, mukaan lukien r\u00e4\u00e4t\u00e4l\u00f6inti, tuotanto ja j\u00e4lkimarkkinointituki. Yrityksemme noudattaa korkean tehokkuuden, tarkkuuden ja korkean laadun periaatteita vastatakseen asiakkaiden monipuolisiin tarpeisiin. <\/p>\n<h3>Ammattimaisuus<\/h3>\n<p>Meill\u00e4 on ammattitaitoinen tekninen tiimi ja edistyneet digitaaliset valmistuslaitteet, joiden avulla voimme tarjota asiakkaillemme korkealaatuisia tuotteita ja palveluita.<\/p>\n<h3>Kansainv\u00e4linen sertifiointi<\/h3>\n<p>Tuotteemme ovat l\u00e4p\u00e4isseet ISO9001-laatuj\u00e4rjestelm\u00e4n sertifioinnin ja CE-sertifioinnin, mik\u00e4 varmistaa tuotteidemme laadun ja turvallisuuden.<\/p>\n<h3>R\u00e4\u00e4t\u00e4l\u00f6intipalvelu<\/h3>\n<p>Tarjoamme r\u00e4\u00e4t\u00e4l\u00f6intipalveluita asiakkaidemme erityistarpeisiin.<\/p>\n<h3>Tuotantolaitteet<\/h3>\n<p>Meill\u00e4 on edistyneet digitaaliset valmistuslaitteet ja ammattimaiset tuotantolinjat tuotteiden laadun ja tuotantotehokkuuden varmistamiseksi.<\/p>\n<h3>Myynnin j\u00e4lkeinen palvelu<\/h3>\n<p>Tarjoamme kattavia j\u00e4lkimarkkinointipalveluita, kuten teknist\u00e4 tukea, huoltopalveluita ja varaosien vaihtoa, varmistaaksemme hydrauliikkaj\u00e4rjestelm\u00e4n moitteettoman toiminnan.<\/p>\n<p><img decoding=\"async\" src=\"https:\/\/hzpt.com\/wp-content\/uploads\/2024\/11\/songte-company-1.webp\" alt=\"Kauhan sylinteri Volvon pieneen kaivinkoneeseen EC60C\/80D\"><\/p>\n<p>Kirjoittaja: lyl<\/p>","protected":false},"excerpt":{"rendered":"<p>Bucket Cylinder For Volvo Small Excavator EC60C\/80D Introduction A bucket cylinder is a specially designed hydraulic cylinder used to control the movement of a bucket in heavy machinery such as excavators, backhoe excavators, and front-end loaders. Its primary function is to enable the bucket to lift, lower, and tilt, making it easier to perform various [&hellip;]<\/p>","protected":false},"featured_media":14789,"comment_status":"open","ping_status":"closed","template":"","meta":{"_et_pb_use_builder":"","_et_pb_old_content":"","_et_gb_content_width":""},"product_brand":[],"product_cat":[1494],"product_tag":[1495,1496],"class_list":{"0":"post-15387","1":"product","2":"type-product","3":"status-publish","4":"has-post-thumbnail","6":"product_cat-bucket-cylinders","7":"product_tag-bucket-cylinders","8":"product_tag-hydraulic-cylinders","10":"first","11":"instock","12":"shipping-taxable","13":"product-type-simple"},"amp_enabled":true,"_links":{"self":[{"href":"https:\/\/www.hydraulic-cylinders.net\/fi\/wp-json\/wp\/v2\/product\/15387","targetHints":{"allow":["GET"]}}],"collection":[{"href":"https:\/\/www.hydraulic-cylinders.net\/fi\/wp-json\/wp\/v2\/product"}],"about":[{"href":"https:\/\/www.hydraulic-cylinders.net\/fi\/wp-json\/wp\/v2\/types\/product"}],"replies":[{"embeddable":true,"href":"https:\/\/www.hydraulic-cylinders.net\/fi\/wp-json\/wp\/v2\/comments?post=15387"}],"wp:featuredmedia":[{"embeddable":true,"href":"https:\/\/www.hydraulic-cylinders.net\/fi\/wp-json\/wp\/v2\/media\/14789"}],"wp:attachment":[{"href":"https:\/\/www.hydraulic-cylinders.net\/fi\/wp-json\/wp\/v2\/media?parent=15387"}],"wp:term":[{"taxonomy":"product_brand","embeddable":true,"href":"https:\/\/www.hydraulic-cylinders.net\/fi\/wp-json\/wp\/v2\/product_brand?post=15387"},{"taxonomy":"product_cat","embeddable":true,"href":"https:\/\/www.hydraulic-cylinders.net\/fi\/wp-json\/wp\/v2\/product_cat?post=15387"},{"taxonomy":"product_tag","embeddable":true,"href":"https:\/\/www.hydraulic-cylinders.net\/fi\/wp-json\/wp\/v2\/product_tag?post=15387"}],"curies":[{"name":"wp","href":"https:\/\/api.w.org\/{rel}","templated":true}]}}