{"id":15389,"date":"2025-01-19T14:28:09","date_gmt":"2025-01-19T14:28:09","guid":{"rendered":"https:\/\/www.hydraulic-cylinders.net\/product\/bucket-cylinder-for-volvo-small-excavator-ec170d\/"},"modified":"2025-01-19T14:28:11","modified_gmt":"2025-01-19T14:28:11","slug":"bucket-cylinder-for-volvo-small-excavator-ec170d","status":"publish","type":"product","link":"https:\/\/www.hydraulic-cylinders.net\/fi\/tuote\/bucket-cylinder-for-volvo-small-excavator-ec170d\/","title":{"rendered":"Kauhan sylinteri Volvon pienelle kaivinkoneelle EC170D"},"content":{"rendered":"<h1>Kauhan sylinteri Volvon pienelle kaivinkoneelle EC170D<\/h1>\n<h2>Johdanto<\/h2>\n<p>Kauhasylinteri on erikoishydraulinen sylinteri, jota k\u00e4ytet\u00e4\u00e4n p\u00e4\u00e4asiassa kauhan liikkeen ohjaamiseen raskaissa koneissa, kuten kaivinkoneissa, traktorikaivureissa ja etukuormaajissa. Sen p\u00e4\u00e4teht\u00e4v\u00e4n\u00e4 on mahdollistaa kauhan nostaminen, laskeminen ja kallistaminen, mik\u00e4 helpottaa erilaisia \u200b\u200bmateriaalink\u00e4sittelyteht\u00e4vi\u00e4. Hydraulij\u00e4rjestelm\u00e4ss\u00e4 kauhasylinteri ohjaa tarkasti kauhan liikett\u00e4 hydrauli\u00f6ljyn paineen muutosten avulla, jolloin k\u00e4ytt\u00e4j\u00e4t voivat k\u00e4sitell\u00e4 raskaita kuormia tehokkaasti ja sopeutua monimutkaisiin ty\u00f6ymp\u00e4rist\u00f6ihin ja erilaisiin ty\u00f6vaatimuksiin. <\/p>\n<p><img decoding=\"async\" src=\"https:\/\/www.hydraulic-cylinders.net\/wp-content\/uploads\/2025\/01\/songte-company-2.webp\" alt=\"Kauhan sylinterin kuva\"><\/p>\n<h2>Ominaisuudet<\/h2>\n<ul>\n<li>Korkea lujuus ja kest\u00e4vyys: Tyypillisesti valmistettu eritt\u00e4in lujasta ter\u00e4ksest\u00e4 tai alumiinista, se kest\u00e4\u00e4 korkeaa painetta ja raskaita kuormia ja mukautuu vaativiin ty\u00f6ymp\u00e4rist\u00f6ihin. Suunnittelussa on otettu huomioon kulumiskest\u00e4vyys ja korroosionkest\u00e4vyys, mik\u00e4 pident\u00e4\u00e4 k\u00e4ytt\u00f6ik\u00e4\u00e4.<\/li>\n<li>Tehokas hydraulinen toiminta: Sujuva pidennys ja sis\u00e4\u00e4nveto saavutetaan k\u00e4ytt\u00e4m\u00e4ll\u00e4 hydrauli\u00f6ljyn painetta, joka reagoi nopeasti k\u00e4ytt\u00f6komentoihin ja tarjoaa tehokkaat ty\u00f6nt\u00f6- ja vetovoimat, jotka sopivat raskaiden kuormien k\u00e4sittelyyn ja monimutkaisiin ty\u00f6teht\u00e4viin.<\/li>\n<li>Erilaisia \u200b\u200btyyppej\u00e4: Yksitoimisia (hydraulisesti vain yhteen suuntaan) tai kaksitoimisia (hydraulisesti molempiin suuntiin) sylintereit\u00e4 voidaan valita vaatimusten mukaan erilaisten k\u00e4ytt\u00f6tarpeiden t\u00e4ytt\u00e4miseksi. Tietyt mallit ovat teleskooppisia, mik\u00e4 mahdollistaa suuremman jatkeen ilman ulkomittojen kasvua, mik\u00e4 sopii sovelluksiin, joissa on rajoitetusti tilaa.<\/li>\n<li>Vaihdettavuus: Tuotteemme voivat t\u00e4ydellisesti korvata n\u00e4m\u00e4 hydraulisylinterit.<\/li>\n<\/ul>\n<p><img decoding=\"async\" src=\"https:\/\/www.hydraulic-cylinders.net\/wp-content\/uploads\/2025\/01\/songte-cylinder-head-with-all-kinds-excavator-models.webp\" alt=\"Kauhan sylinterimallien kuva\"><\/p>\n<h2>Sovellukset<\/h2>\n<p>Kauhasylintereill\u00e4 on laaja valikoima sovelluksia eri teollisuudenaloilla, kuten rakennuskoneissa, maatalouskoneissa ja kaivoslaitteissa. Joitakin sovelluksia ovat:<\/p>\n<ul>\n<li>Rakennuslaitteet: Kaivinkoneissa ne ovat ratkaisevan t\u00e4rkeit\u00e4 maan tai roskien kaivamisessa, lastaamisessa ja siirt\u00e4misess\u00e4. Kaivinkoneissa kauhan sylinteri auttaa sek\u00e4 kaivamisessa ett\u00e4 nostamisessa. <\/li>\n<li>Maatalouskoneet: K\u00e4ytet\u00e4\u00e4n etukuormaajiin, maaper\u00e4n, hein\u00e4n ja muiden materiaalien nostamiseen, ker\u00e4\u00e4miseen ja kuljettamiseen.<\/li>\n<li>Kaivoslaitteet: Kauhan sylinteri mahdollistaa kaivamisen antamalla kauhan tunkeutua maaper\u00e4\u00e4n.<\/li>\n<li>Kuormaaja: Etukuormaajissa ne auttavat tavaroiden tehokkaassa nostamisessa ja tyhjent\u00e4misess\u00e4.<\/li>\n<\/ul>\n<h2>Suunnittelun\u00e4k\u00f6kohdat ja valintakriteerit<\/h2>\n<p>Kauhasylinterit on suunniteltu t\u00e4ytt\u00e4m\u00e4\u00e4n erityiset suorituskykyvaatimukset ja kest\u00e4m\u00e4\u00e4n vaativia k\u00e4ytt\u00f6ymp\u00e4rist\u00f6j\u00e4. Keskeisi\u00e4 suunnittelun\u00e4k\u00f6kohtia ovat kuormankantokyky, tiiviys, kest\u00e4vyys, turvallisuus ja huollettavuus.<\/p>\n<ul>\n<li>Kuormankantokyky: Sylinterin on oltava suunniteltu kest\u00e4m\u00e4\u00e4n sen k\u00e4yt\u00f6n aikana aiheuttamat enimm\u00e4iskuormitukset.<\/li>\n<li>Tiivistys: Erilaisia \u200b\u200btiivistyskomponentteja, kuten m\u00e4nn\u00e4ntiivisteit\u00e4 ja m\u00e4nn\u00e4nvarren tiivisteit\u00e4, jotka on valmistettu kulutusta kest\u00e4vist\u00e4 materiaaleista, kuten polyuretaanista ja nitriilikumista, k\u00e4ytet\u00e4\u00e4n hydraulinesteen erist\u00e4misen varmistamiseksi ja ulkoisen kontaminaation est\u00e4miseksi.<\/li>\n<li>Kest\u00e4vyys: Sylinterin runko, m\u00e4nn\u00e4nvarsi, p\u00e4\u00e4tykappaleet ja muut komponentit on valmistettu korkealaatuisista materiaaleista kest\u00e4m\u00e4\u00e4n ankaria ulkoymp\u00e4rist\u00f6j\u00e4 ja vastustamaan kulumista ja korroosiota.<\/li>\n<li>Turvallisuus: Turvallisuussuunnitteluun kuuluu iskunvaimentimien k\u00e4ytt\u00f6 m\u00e4nn\u00e4n saavuttaessa sylinterin iskun p\u00e4\u00e4n ja h\u00e4t\u00e4pys\u00e4ytysventtiilien k\u00e4ytt\u00f6\u00f6notto hydraulij\u00e4rjestelm\u00e4n nopeaksi sammuttamiseksi h\u00e4t\u00e4tilanteessa.<\/li>\n<li>Yll\u00e4pidett\u00e4vyys: Sylinterin rakenteen tulisi mahdollistaa helppo purkaminen ja korjaaminen, osien olevan helposti saatavilla ja vaihto-ohjeiden hyvin dokumentoitu.<\/li>\n<\/ul>\n<p><img decoding=\"async\" src=\"https:\/\/www.hydraulic-cylinders.net\/wp-content\/uploads\/2025\/01\/songte-oil-pipes-and-spare-parts.webp\" alt=\"Varaosien kuva\"><\/p>\n<h2>Tiivistys ja voitelu<\/h2>\n<p>Kauhasylintereiss\u00e4 k\u00e4ytet\u00e4\u00e4n erityyppisi\u00e4 tiivisteit\u00e4, kuten m\u00e4nn\u00e4ntiivisteit\u00e4, varren tiivisteit\u00e4 ja pyyhkij\u00e4n tiivisteit\u00e4, jotka on valmistettu kulutusta kest\u00e4vist\u00e4 materiaaleista, kuten polyuretaanista ja nitriilikumista. Sylinterin runko ja kierteitetyt p\u00e4\u00e4typinnat on hienosti k\u00e4sitelty kulutuskest\u00e4vyyden parantamiseksi. S\u00e4\u00e4nn\u00f6llinen voitelu sopivalla hydraulinesteell\u00e4 on v\u00e4ltt\u00e4m\u00e4t\u00f6nt\u00e4 tasaisen liikkeen varmistamiseksi ja kulumisen est\u00e4miseksi.<\/p>\n<h2>Huolto ja korjaus<\/h2>\n<p>S\u00e4\u00e4nn\u00f6lliset tarkastukset, voitelu, tiivisteiden vaihto ja kalibrointi ovat kauhasylinterien yleisi\u00e4 huoltoteht\u00e4vi\u00e4. Asianmukainen asennus, voitelu ja s\u00e4\u00e4t\u00f6 ovat olennaisia. Niist\u00e4 huolehtiminen edellytt\u00e4\u00e4 sylinterin oikeanlaista kohdistusta asennuksen aikana, sopivien kiinnitystelineiden k\u00e4ytt\u00f6\u00e4 sylinterin kiinnitt\u00e4miseksi, rutiinitarkastus-, korjaus- ja vaihtotoimenpiteiden ehdottamista sek\u00e4 osien vaihto- ja kunnostuspalveluiden tarjoamista sylinterin k\u00e4ytt\u00f6i\u00e4n pident\u00e4miseksi.<\/p>\n<p><img decoding=\"async\" src=\"https:\/\/www.hydraulic-cylinders.net\/wp-content\/uploads\/2025\/01\/songte-chushion-collar.webp\" alt=\"Tyynykauluksen kuva\"><\/p>\n<h2>Turvallisuus- ja ymp\u00e4rist\u00f6n\u00e4k\u00f6kohdat<\/h2>\n<p>Kauhasylintereit\u00e4 k\u00e4ytett\u00e4ess\u00e4 on otettava huomioon turvatoimenpiteet, kuten h\u00e4t\u00e4pys\u00e4ytysventtiilit ja iskunvaimentimet, turvallisen k\u00e4yt\u00f6n varmistamiseksi. Lis\u00e4ksi on noudatettava ymp\u00e4rist\u00f6n\u00e4k\u00f6kohtia, kuten k\u00e4ytetyn hydrauliikka\u00f6ljyn ja muiden j\u00e4temateriaalien asianmukaista h\u00e4vitt\u00e4mist\u00e4.<\/p>\n<h2>Vianm\u00e4\u00e4ritys ja yleiset ongelmat<\/h2>\n<p>Kauhasylintereiss\u00e4 voi esiinty\u00e4 ongelmia, kuten vuotoja, heikkoa suorituskyky\u00e4 tai vaurioita. Lukijoiden tulisi tarjota vianm\u00e4\u00e4ritysvinkkej\u00e4 ja -ratkaisuja, jotta he voivat tehokkaasti diagnosoida ja ratkaista ongelmia, sek\u00e4 ennaltaehk\u00e4isevi\u00e4 toimenpiteit\u00e4 mahdollisten ongelmien minimoimiseksi.<\/p>\n<p><img decoding=\"async\" src=\"https:\/\/www.hydraulic-cylinders.net\/wp-content\/uploads\/2025\/01\/songte-bushings-with-all-kinds-of-excavator-models.webp\" alt=\"Holkit Kuva\"><\/p>\n<h2>Tietoa yrityksest\u00e4mme<\/h2>\n<p>Olemme korvaavien hydraulisylinterien valmistaja ja tarjoamme kattavan tuotevalikoiman. Olemme yksi johtavista hydraulisylinterien valmistajista ja tukkumyyjist\u00e4 kotimaisilla ja kansainv\u00e4lisill\u00e4 markkinoilla. Noudatamme erinomaisen laadun periaatetta, luotamme tarkkuusvalmistuspajojen teollisen tuotannon hallintastrategiaan ja parannamme jatkuvasti pajamme valmistusalustaa k\u00e4ytt\u00e4m\u00e4ll\u00e4 teknisi\u00e4 kykyj\u00e4, digitaalisia huippuluokan valmistuslaitteita ja ammattimaisia \u200b\u200btestausj\u00e4rjestelmi\u00e4. Meill\u00e4 on vahva luova kyky ja pystymme t\u00e4ytt\u00e4m\u00e4\u00e4n asiakkaiden vaatimukset korkean tehokkuuden, tarkkuuden ja laadun periaatteilla.<\/p>\n<p><img decoding=\"async\" src=\"https:\/\/hzpt.com\/wp-content\/uploads\/2024\/11\/songte-company-1.webp\" alt=\"Yrityksen imago\"><\/p>\n<h3>Yrityksen profiili:<\/h3>\n<ul>\n<li>Ammattitaito: Meill\u00e4 on vuosien kokemus alalta ja asiantuntijatiimi, joka tarjoaa parasta mahdollista palvelua asiakkaillemme.<\/li>\n<li>Kansainv\u00e4linen sertifiointi: Tuotteemme ovat kansainv\u00e4listen organisaatioiden, kuten ISO9001- ja CE-sertifioimia.<\/li>\n<li>R\u00e4\u00e4t\u00e4l\u00f6intipalvelut: Tarjoamme r\u00e4\u00e4t\u00e4l\u00f6ityj\u00e4 palveluita vastaamaan jokaisen asiakkaan ainutlaatuisia tarpeita.<\/li>\n<li>Tuotantolaitteet: Tuotantopajoissamme on edistykselliset tuotantolaitteet, kuten CNC-sorvit ja ty\u00f6st\u00f6keskukset.<\/li>\n<li>Myynnin j\u00e4lkeinen palvelu: Myynnin j\u00e4lkeinen palvelutiimimme tarjoaa ammattitaitoista tukea ja apua asiakastyytyv\u00e4isyyden varmistamiseksi.<\/li>\n<\/ul>\n<h3>Kirjoittaja: lyl.<\/h3>","protected":false},"excerpt":{"rendered":"<p>Bucket Cylinder For Volvo Small Excavator EC170D Introduction A bucket cylinder is a specialized hydraulic cylinder primarily used to control the movement of the bucket in heavy machinery such as excavators, backhoes and front loaders. Its main function is to enable the bucket to lift, lower and tilt, making it easier for various material handling [&hellip;]<\/p>","protected":false},"featured_media":14787,"comment_status":"open","ping_status":"closed","template":"","meta":{"_et_pb_use_builder":"","_et_pb_old_content":"","_et_gb_content_width":""},"product_brand":[],"product_cat":[1494],"product_tag":[1495,1496],"class_list":{"0":"post-15389","1":"product","2":"type-product","3":"status-publish","4":"has-post-thumbnail","6":"product_cat-bucket-cylinders","7":"product_tag-bucket-cylinders","8":"product_tag-hydraulic-cylinders","10":"first","11":"instock","12":"shipping-taxable","13":"product-type-simple"},"amp_enabled":true,"_links":{"self":[{"href":"https:\/\/www.hydraulic-cylinders.net\/fi\/wp-json\/wp\/v2\/product\/15389","targetHints":{"allow":["GET"]}}],"collection":[{"href":"https:\/\/www.hydraulic-cylinders.net\/fi\/wp-json\/wp\/v2\/product"}],"about":[{"href":"https:\/\/www.hydraulic-cylinders.net\/fi\/wp-json\/wp\/v2\/types\/product"}],"replies":[{"embeddable":true,"href":"https:\/\/www.hydraulic-cylinders.net\/fi\/wp-json\/wp\/v2\/comments?post=15389"}],"wp:featuredmedia":[{"embeddable":true,"href":"https:\/\/www.hydraulic-cylinders.net\/fi\/wp-json\/wp\/v2\/media\/14787"}],"wp:attachment":[{"href":"https:\/\/www.hydraulic-cylinders.net\/fi\/wp-json\/wp\/v2\/media?parent=15389"}],"wp:term":[{"taxonomy":"product_brand","embeddable":true,"href":"https:\/\/www.hydraulic-cylinders.net\/fi\/wp-json\/wp\/v2\/product_brand?post=15389"},{"taxonomy":"product_cat","embeddable":true,"href":"https:\/\/www.hydraulic-cylinders.net\/fi\/wp-json\/wp\/v2\/product_cat?post=15389"},{"taxonomy":"product_tag","embeddable":true,"href":"https:\/\/www.hydraulic-cylinders.net\/fi\/wp-json\/wp\/v2\/product_tag?post=15389"}],"curies":[{"name":"wp","href":"https:\/\/api.w.org\/{rel}","templated":true}]}}