{"id":15396,"date":"2025-01-19T14:28:44","date_gmt":"2025-01-19T14:28:44","guid":{"rendered":"https:\/\/www.hydraulic-cylinders.net\/product\/bucket-cylinder-for-volvo-middle-excavator-ec210bp\/"},"modified":"2025-01-19T14:28:46","modified_gmt":"2025-01-19T14:28:46","slug":"bucket-cylinder-for-volvo-middle-excavator-ec210bp","status":"publish","type":"product","link":"https:\/\/www.hydraulic-cylinders.net\/fi\/tuote\/bucket-cylinder-for-volvo-middle-excavator-ec210bp\/","title":{"rendered":"Kauhan sylinteri Volvon keskikaivukoneelle EC210BP"},"content":{"rendered":"<h1>Kauhan sylinteri Volvon keskikaivukoneelle EC210BP<\/h1>\n<h2>Johdanto<\/h2>\n<p>Volvon keskikaivukoneen EC210BP kauhan sylinteri on erikoishydraulinen sylinteri, joka on suunniteltu ohjaamaan kauhojen liikett\u00e4 raskaissa koneissa, kuten kaivinkoneissa, traktorikaivureissa ja etukuormaajissa. Sen ensisijainen teht\u00e4v\u00e4 on mahdollistaa kauhan nostaminen, laskeminen ja kallistaminen, mik\u00e4 helpottaa erilaisten materiaalinsiirtoteht\u00e4vien k\u00e4sittely\u00e4. Hydraulij\u00e4rjestelm\u00e4ss\u00e4 kauhan sylinteri saavuttaa tarkan kauhojen liikkeen hallinnan hydrauli\u00f6ljyn paineen muutosten avulla, mink\u00e4 ansiosta kuljettajat voivat k\u00e4sitell\u00e4 raskaita kuormia tehokkaasti, sopeutua monimutkaisiin ty\u00f6ymp\u00e4rist\u00f6ihin ja erilaisiin k\u00e4ytt\u00f6vaatimuksiin.<\/p>\n<p><img decoding=\"async\" src=\"https:\/\/www.hydraulic-cylinders.net\/wp-content\/uploads\/2025\/01\/songte-company-2.webp\" alt=\"Kauhan sylinteri Volvon keskikaivukoneelle EC210BP\"><\/p>\n<h2>Ominaisuudet<\/h2>\n<ul>\n<li>Suuri lujuus ja kest\u00e4vyys: yleens\u00e4 valmistettu eritt\u00e4in lujasta ter\u00e4ksest\u00e4 tai alumiinista, kest\u00e4\u00e4 korkeaa painetta ja raskaita kuormia, sopeutuu vaativiin ty\u00f6ymp\u00e4rist\u00f6ihin, on suunniteltu kulutus- ja korroosionkest\u00e4vyytt\u00e4 silm\u00e4ll\u00e4 pit\u00e4en ja pident\u00e4\u00e4 k\u00e4ytt\u00f6ik\u00e4\u00e4.<\/li>\n<li>Tehokas hydraulinen toiminta: hy\u00f6dynt\u00e4\u00e4 hydrauli\u00f6ljyn painetta tasaisten ojennus- ja supistusliikkeiden saavuttamiseksi, pystyy reagoimaan nopeasti ohjauskomentoihin, tarjoaa tehokkaan ty\u00f6nt\u00f6- ja vetovoiman ja soveltuu raskaiden kuormien k\u00e4sittelyyn ja monimutkaisiin k\u00e4ytt\u00f6teht\u00e4viin.<\/li>\n<li>Useita tyyppej\u00e4: saatavilla yksitoimisina (hydraulinen toimii vain yhteen suuntaan) tai kaksitoimisina (hydraulinen toimii kahteen suuntaan) sylinterein\u00e4 erilaisten k\u00e4ytt\u00f6vaatimusten t\u00e4ytt\u00e4miseksi. Jotkut mallit ovat teleskooppisia, mik\u00e4 mahdollistaa suuremmat jatkeet ilman ulkomittojen kasvua, joten ne sopivat rajoitettuihin tiloihin.<\/li>\n<li>Voi korvata muut hydraulisylinterit: Tuotteemme voi t\u00e4ydellisesti korvata olemassa olevat hydraulisylinterit.<\/li>\n<\/ul>\n<p><img decoding=\"async\" src=\"https:\/\/www.hydraulic-cylinders.net\/wp-content\/uploads\/2025\/01\/songte-cylinder-head-with-all-kinds-excavator-models.webp\" alt=\"Kauhan sylinteri Volvon keskikaivukoneelle EC210BP\"><\/p>\n<h2>Sovellukset<\/h2>\n<p>Volvo Middle Excavator EC210BP -kaivukoneen kauhan sylinteri\u00e4 k\u00e4ytet\u00e4\u00e4n laajalti rakennuskoneissa, kuten:<\/p>\n<ul>\n<li>Kaivinkoneet: kauhan sylinteri mahdollistaa kauhan kaivamisen ja maaper\u00e4n siirt\u00e4misen.<\/li>\n<li>Kaivinkoneet: kauhan sylinteri on hy\u00f6dyllinen sek\u00e4 kaivamiseen ett\u00e4 nostamiseen.<\/li>\n<li>Maatalouskoneet: k\u00e4ytet\u00e4\u00e4n etukuormaajissa maaper\u00e4n, hein\u00e4n ja muiden materiaalien kauhaukseen, nostamiseen ja kuljettamiseen.<\/li>\n<li>Etukuormaajat: kauhan sylinteri auttaa nostamaan ja kallistamaan lastia tehokkaasti.<\/li>\n<\/ul>\n<p>K\u00e4yd\u00e4\u00e4np\u00e4 n\u00e4it\u00e4 sovelluksia tarkemmin l\u00e4pi alla:<\/p>\n<h3>Rakennuslaitteet<\/h3>\n<p>Kaivinkoneissa kauhan sylinteri mahdollistaa kauhan tunkeutumisen maaper\u00e4\u00e4n kaivamista varten. Kaivinkoneissa kauhan sylinteri\u00e4 k\u00e4ytet\u00e4\u00e4n sek\u00e4 kaivamiseen ett\u00e4 nostamiseen. Kauhan sylinterin avulla kauha voi kaivaa ja siirt\u00e4\u00e4 maaper\u00e4\u00e4. Kauhan sylinteri auttaa kauhan nostamisessa, laskemisessa ja kallistamisessa lastin tehokkaan purkamisen varmistamiseksi. Etukuormaajat k\u00e4ytt\u00e4v\u00e4t kauhan sylinteri\u00e4 nostamiseen ja kallistamiseen lastin tehokkaan purkamisen varmistamiseksi. <\/p>\n<h2>Suunnittelun\u00e4k\u00f6kohdat ja valintakriteerit<\/h2>\n<p>Volvon keskikaivukoneen EC210BP kauhan sylinterin suunnittelu- ja valintakriteerit ovat olennaisia \u200b\u200bseuraavien tekij\u00f6iden varmistamiseksi:<\/p>\n<ul>\n<li>Kantavuus<\/li>\n<li>Tiivistyskyky<\/li>\n<li>Kest\u00e4vyys<\/li>\n<li>Turvallisuus<\/li>\n<li>Yll\u00e4pidett\u00e4vyys<\/li>\n<\/ul>\n<p><img decoding=\"async\" src=\"https:\/\/www.hydraulic-cylinders.net\/wp-content\/uploads\/2025\/01\/songte-oil-pipes-and-spare-parts.webp\" alt=\"Kauhan sylinteri Volvon keskikaivukoneelle EC210BP\"><\/p>\n<h2>Tiivistys ja voitelu<\/h2>\n<p>Volvon keskikaivukoneen EC210BP kauhasylinteriss\u00e4 on erilaisia \u200b\u200btiivistyskomponentteja, kuten m\u00e4nn\u00e4ntiivisteit\u00e4, varren tiivisteit\u00e4 jne., jotka on valmistettu kulutusta kest\u00e4vist\u00e4 materiaaleista, kuten polyuretaanista, nitriilikumista ja muista. Sylinterin runko ja kierteitetty p\u00e4\u00e4typinta on k\u00e4sitelty hienolla pintak\u00e4sittelyll\u00e4 kulutuskest\u00e4vyyden lis\u00e4\u00e4miseksi. Se vaatii s\u00e4\u00e4nn\u00f6llist\u00e4 sopivan hydrauli\u00f6ljyn lis\u00e4\u00e4mist\u00e4 voitelua varten.<\/p>\n<h2>Huolto ja ennaltaehk\u00e4isev\u00e4t toimenpiteet<\/h2>\n<p>Volvon keskikaivukoneen EC210BP kauhan sylinteri vaatii s\u00e4\u00e4nn\u00f6llisi\u00e4 tarkastuksia ja ennaltaehk\u00e4isevi\u00e4 huoltotoimenpiteit\u00e4, kuten:<\/p>\n<ul>\n<li>S\u00e4\u00e4nn\u00f6llinen tarkastus<\/li>\n<li>Oikea voitelu<\/li>\n<li>Tiivisteen vaihto<\/li>\n<li>Kalibrointitarkistus<\/li>\n<\/ul>\n<p>On t\u00e4rke\u00e4\u00e4 antaa asianmukaiset asennusohjeet sylinterin oikeanlaiseen kohdistamiseen ja suositella asianmukaisten asennuskiinnikkeiden k\u00e4ytt\u00f6\u00e4 sylinterin kiinnitt\u00e4miseksi. Suosittelemme erityisi\u00e4 tarkastus-, korjaus- ja vaihtomenettelyj\u00e4 sylinterin k\u00e4ytt\u00f6i\u00e4n parantamiseksi.<\/p>\n<p><img decoding=\"async\" src=\"https:\/\/www.hydraulic-cylinders.net\/wp-content\/uploads\/2025\/01\/songte-chushion-collar.webp\" alt=\"Kauhan sylinteri Volvon keskikaivukoneelle EC210BP\"><\/p>\n<h2>Turvallisuusn\u00e4k\u00f6kohdat ja ymp\u00e4rist\u00f6tekij\u00e4t<\/h2>\n<p>Volvon keskikaivukoneen EC210BP kauhasylinteri vaatii asianmukaisia \u200b\u200bturvatoimia vammojen ja vaurioiden v\u00e4ltt\u00e4miseksi. Sylinterin k\u00e4sittelyss\u00e4 ja asennuksessa on t\u00e4rke\u00e4\u00e4 noudattaa asianmukaisia \u200b\u200bturvallisuusohjeita turvallisen k\u00e4yt\u00f6n varmistamiseksi. Ymp\u00e4rist\u00f6tekij\u00e4t, kuten l\u00e4mp\u00f6tila, kosteus ja kosteus, voivat my\u00f6s vaikuttaa sylinterin suorituskykyyn ja kest\u00e4vyyteen.<\/p>\n<p><img decoding=\"async\" src=\"https:\/\/www.hydraulic-cylinders.net\/wp-content\/uploads\/2025\/01\/songte-bushings-with-all-kinds-of-excavator-models.webp\" alt=\"Kauhan sylinteri Volvon keskikaivukoneelle EC210BP\"><\/p>\n<h2>Vianm\u00e4\u00e4ritys ja yleiset ongelmat<\/h2>\n<p>Volvon keskikaivukoneen EC210BP kauhan sylinteriss\u00e4 voi olla yleisi\u00e4 ongelmia, kuten \u00f6ljyvuotoja, m\u00e4nn\u00e4nvarren vaurioita ja muita. On t\u00e4rke\u00e4\u00e4 tunnistaa ongelma ja tarjota sopivia ratkaisuja, kuten tiivisteen vaihto, m\u00e4nn\u00e4nvarren vaihto ja muita, sujuvan toiminnan varmistamiseksi.<\/p>\n<h2>Tietoa yrityksest\u00e4mme<\/h2>\n<p>Olemme johtava hydraulisylintereiden valmistaja ja tukkumyyj\u00e4, mukaan lukien Volvon keskikaivukoneen EC210BP-kauhasylinteri. Tarjoamme t\u00e4ydellisen valikoiman tuotteita ja pyrimme tarjoamaan erinomaista laatua, tehokasta tuotantoa ja ensiluokkaista asiakaspalvelua. Tuotteemme ovat kansainv\u00e4lisesti sertifioituja ja r\u00e4\u00e4t\u00e4l\u00f6it\u00e4viss\u00e4 vastaamaan monipuolisia k\u00e4ytt\u00f6vaatimuksia. K\u00e4yt\u00e4mme uusinta teknologiaa, laitteita ja ammattimaisia \u200b\u200btarkastusj\u00e4rjestelmi\u00e4 valmistaaksemme korkealaatuisia tuotteita, jotka takaavat erinomaisen kest\u00e4vyyden, tehokkuuden ja tarkkuuden. <\/p>\n<p><img decoding=\"async\" src=\"https:\/\/hzpt.com\/wp-content\/uploads\/2024\/11\/songte-company-1.webp\" alt=\"Kauhan sylinteri Volvon keskikaivukoneelle EC210BP\"><\/p>\n<p>Uskomme parhaiden laatutuotteiden toimittamiseen ja erinomaisen asiakaspalvelun tarjoamiseen. Tarjoamme laajan valikoiman palveluita, kuten tuotteiden r\u00e4\u00e4t\u00e4l\u00f6inti\u00e4, tuotantolaitteita ja j\u00e4lkimarkkinointipalvelua. Kokenut ja ammattitaitoinen tiimimme varmistaa huippulaadukkaat tuotteet ja palvelut, jotka t\u00e4ytt\u00e4v\u00e4t asiakkaidemme monipuoliset vaatimukset.<\/p>\n<p>Kirjoittaja: lyl<\/p>","protected":false},"excerpt":{"rendered":"<p>Bucket Cylinder For Volvo Middle Excavator EC210BP Introduction The bucket cylinder for Volvo Middle Excavator EC210BP is a specialized hydraulic cylinder designed for controlling the movement of shovels in heavy machinery such as excavators, backhoe excavators, and front loaders. Its primary function is to enable the bucket to lift, lower, and tilt, making it easier [&hellip;]<\/p>","protected":false},"featured_media":14773,"comment_status":"open","ping_status":"closed","template":"","meta":{"_et_pb_use_builder":"","_et_pb_old_content":"","_et_gb_content_width":""},"product_brand":[],"product_cat":[1494],"product_tag":[1495,1496],"class_list":{"0":"post-15396","1":"product","2":"type-product","3":"status-publish","4":"has-post-thumbnail","6":"product_cat-bucket-cylinders","7":"product_tag-bucket-cylinders","8":"product_tag-hydraulic-cylinders","10":"first","11":"instock","12":"shipping-taxable","13":"product-type-simple"},"amp_enabled":true,"_links":{"self":[{"href":"https:\/\/www.hydraulic-cylinders.net\/fi\/wp-json\/wp\/v2\/product\/15396","targetHints":{"allow":["GET"]}}],"collection":[{"href":"https:\/\/www.hydraulic-cylinders.net\/fi\/wp-json\/wp\/v2\/product"}],"about":[{"href":"https:\/\/www.hydraulic-cylinders.net\/fi\/wp-json\/wp\/v2\/types\/product"}],"replies":[{"embeddable":true,"href":"https:\/\/www.hydraulic-cylinders.net\/fi\/wp-json\/wp\/v2\/comments?post=15396"}],"wp:featuredmedia":[{"embeddable":true,"href":"https:\/\/www.hydraulic-cylinders.net\/fi\/wp-json\/wp\/v2\/media\/14773"}],"wp:attachment":[{"href":"https:\/\/www.hydraulic-cylinders.net\/fi\/wp-json\/wp\/v2\/media?parent=15396"}],"wp:term":[{"taxonomy":"product_brand","embeddable":true,"href":"https:\/\/www.hydraulic-cylinders.net\/fi\/wp-json\/wp\/v2\/product_brand?post=15396"},{"taxonomy":"product_cat","embeddable":true,"href":"https:\/\/www.hydraulic-cylinders.net\/fi\/wp-json\/wp\/v2\/product_cat?post=15396"},{"taxonomy":"product_tag","embeddable":true,"href":"https:\/\/www.hydraulic-cylinders.net\/fi\/wp-json\/wp\/v2\/product_tag?post=15396"}],"curies":[{"name":"wp","href":"https:\/\/api.w.org\/{rel}","templated":true}]}}