{"id":15402,"date":"2025-01-19T14:29:09","date_gmt":"2025-01-19T14:29:09","guid":{"rendered":"https:\/\/www.hydraulic-cylinders.net\/product\/bucket-cylinder-for-volvo-large-excavator-ec380el\/"},"modified":"2025-01-19T14:29:11","modified_gmt":"2025-01-19T14:29:11","slug":"bucket-cylinder-for-volvo-large-excavator-ec380el","status":"publish","type":"product","link":"https:\/\/www.hydraulic-cylinders.net\/fi\/tuote\/bucket-cylinder-for-volvo-large-excavator-ec380el\/","title":{"rendered":"Kauhan sylinteri Volvon suureen kaivinkoneeseen EC380EL"},"content":{"rendered":"<h1>Kauhan sylinteri Volvon suureen kaivinkoneeseen EC380EL<\/h1>\n<h2>Johdanto<\/h2>\n<p>Kauhasylinteri on erikoishydraulinen sylinteri, joka ohjaa kauhan liikett\u00e4 raskaissa koneissa, kuten kaivinkoneissa, traktorikaivureissa ja kuormaajissa. Sen p\u00e4\u00e4teht\u00e4v\u00e4n\u00e4 on mahdollistaa kauhan nostaminen, laskeminen ja kallistaminen, mik\u00e4 helpottaa erilaisia \u200b\u200bmateriaalink\u00e4sittelyteht\u00e4vi\u00e4. Hydraulij\u00e4rjestelm\u00e4ss\u00e4 kauhasylinterit ohjaavat kauhan tarkkaa liikett\u00e4 muuttamalla hydrauli\u00f6ljyn painetta, jolloin k\u00e4ytt\u00e4j\u00e4t voivat k\u00e4sitell\u00e4 raskaita kuormia tehokkaasti, sopeutua monimutkaisiin ty\u00f6ymp\u00e4rist\u00f6ihin ja erilaisiin k\u00e4ytt\u00f6tarpeisiin.<\/p>\n<p><img decoding=\"async\" src=\"https:\/\/www.hydraulic-cylinders.net\/wp-content\/uploads\/2025\/01\/songte-company-2.webp\" alt=\"Kauhan sylinteri Volvon suureen kaivinkoneeseen EC380EL\" \/><\/p>\n<h2>Ominaisuudet<\/h2>\n<ul>\n<li>Korkea lujuus ja kest\u00e4vyys: Tyypillisesti valmistettu eritt\u00e4in lujasta ter\u00e4ksest\u00e4 tai alumiinista, kest\u00e4\u00e4 korkeaa painetta ja raskaita kuormia, sopeutuu vaativiin ty\u00f6ymp\u00e4rist\u00f6ihin, on suunniteltu kulutusta ja korroosiota kest\u00e4v\u00e4ksi ja pident\u00e4\u00e4 k\u00e4ytt\u00f6ik\u00e4\u00e4.<\/li>\n<li>Tehokas hydraulinen toiminta: Hydrauli\u00f6ljyn paineen ansiosta saavutetaan tasainen ojennus- ja supistusliike, mik\u00e4 tarjoaa tehokkaan ty\u00f6nt\u00f6- ja vetovoiman ja soveltuu raskaiden kuormien k\u00e4sittelyyn ja monimutkaisiin k\u00e4ytt\u00f6teht\u00e4viin.<\/li>\n<li>Erilaisia \u200b\u200btyyppej\u00e4: Kauhasylinterit voivat olla yksitoimisia (hydraulisesti vain yhteen suuntaan) tai kaksitoimisia (hydraulisesti kahteen suuntaan) tarpeen mukaan erilaisten k\u00e4ytt\u00f6vaatimusten t\u00e4ytt\u00e4miseksi. Jotkut mallit ovat teleskooppisia, mik\u00e4 mahdollistaa suuremman jatkeen ilman ulkomittojen kasvua, mik\u00e4 sopii ahtaisiin tiloihin.<\/li>\n<li>T\u00e4ydellinen korvaus: Tuotteemme voivat korvata n\u00e4m\u00e4 hydraulisylinterit t\u00e4ydellisesti.<\/li>\n<\/ul>\n<p><img decoding=\"async\" src=\"https:\/\/www.hydraulic-cylinders.net\/wp-content\/uploads\/2025\/01\/songte-cylinder-head-with-all-kinds-excavator-models.webp\" alt=\"Kauhan sylinteri Volvon suureen kaivinkoneeseen EC380EL\" \/><\/p>\n<h2>Sovellukset<\/h2>\n<p><strong>Rakennuslaitteet:<\/strong> Kaivinkoneissa ne ovat v\u00e4ltt\u00e4m\u00e4tt\u00f6mi\u00e4 kaivamiseen, lastaamiseen ja maaper\u00e4n tai roskien siirt\u00e4miseen. Kaivinkoneissa kauhan sylinterit auttavat sek\u00e4 kaivamisessa ett\u00e4 nostamisessa. Etukuormaajissa ne auttavat kuormien tehokkaassa nostamisessa ja kallistamisessa.<\/p>\n<p><strong>Maatalouskoneet:<\/strong> K\u00e4ytet\u00e4\u00e4n etukuormaajissa maaper\u00e4n, hein\u00e4n ja muiden materiaalien nostamiseen, ker\u00e4\u00e4miseen ja kuljettamiseen; kaivinkoneissa kauhan sylinterit mahdollistavat kaivutoiminnot antamalla kauhan tunkeutua maaper\u00e4\u00e4n.<\/p>\n<h2>Suunnittelun\u00e4k\u00f6kohdat ja valintakriteerit<\/h2>\n<ul>\n<li>Kantavuus: Sylinterin on t\u00e4ytett\u00e4v\u00e4 toiminnan voimavaatimukset.<\/li>\n<li>Tiivistys: Kauhasylinterit vaativat hyv\u00e4n tiivistyksen vuotojen est\u00e4miseksi, kulumisen v\u00e4hent\u00e4miseksi ja kest\u00e4vyyden parantamiseksi.<\/li>\n<li>Kest\u00e4vyys: Kauhasylinterien tulee olla kest\u00e4vi\u00e4 ja korroosion- ja kulumisenkest\u00e4vi\u00e4 k\u00e4ytt\u00f6i\u00e4n pident\u00e4miseksi.<\/li>\n<li>Turvallisuus: Turvaominaisuuksia, kuten paineenalennusventtiilej\u00e4, on harkittava sylinterin ylikuormituksen tai odottamattomien vaurioiden est\u00e4miseksi.<\/li>\n<li>Huolto: Suunnittelussa on otettava huomioon kunnossapitoon liittyv\u00e4t n\u00e4k\u00f6kohdat, kuten huollon helppous, k\u00e4ytt\u00f6ik\u00e4 ja kustannukset.<\/li>\n<\/ul>\n<p><img decoding=\"async\" src=\"https:\/\/www.hydraulic-cylinders.net\/wp-content\/uploads\/2025\/01\/songte-oil-pipes-and-spare-parts.webp\" alt=\"Kauhan sylinteri Volvon suureen kaivinkoneeseen EC380EL\" \/><\/p>\n<h2>Tiivistys ja voitelu<\/h2>\n<p>Kauhasylintereiss\u00e4 k\u00e4ytet\u00e4\u00e4n erilaisia \u200b\u200btiivisteit\u00e4, kuten m\u00e4nn\u00e4ntiivisteit\u00e4, varren tiivisteit\u00e4 jne. Ne on valmistettu kulutusta kest\u00e4vist\u00e4 materiaaleista, kuten polyuretaanista ja nitriilikumista. Sylinterin runko ja kierteitetty p\u00e4\u00e4typinta on hienosti k\u00e4sitelty kulutuskest\u00e4vyyden parantamiseksi. Oikea-aikainen voitelu sopivalla m\u00e4\u00e4r\u00e4ll\u00e4 hydrauli\u00f6ljy\u00e4 on v\u00e4ltt\u00e4m\u00e4t\u00f6nt\u00e4 sujuvan toiminnan varmistamiseksi ja sylinterin k\u00e4ytt\u00f6i\u00e4n pident\u00e4miseksi.<\/p>\n<h2>Ennakoiva huolto ja vianm\u00e4\u00e4ritys<\/h2>\n<p>S\u00e4\u00e4nn\u00f6llinen tarkastus ja ennaltaehk\u00e4isev\u00e4 huolto voivat v\u00e4hent\u00e4\u00e4 mahdollisia vikoja. Yleisi\u00e4 huoltoteht\u00e4vi\u00e4 ovat voitelu, tiivisteiden vaihto ja sylinterin kalibrointi. Oikea asennus, voitelu ja s\u00e4\u00e4t\u00f6 ovat ratkaisevan t\u00e4rkeit\u00e4 sylinterin moitteettoman toiminnan varmistamiseksi. On suositeltavaa k\u00e4ytt\u00e4\u00e4 sopivia asennuskiinnikkeit\u00e4 sylinterin kiinnitt\u00e4miseen, noudattaa suositeltuja tarkastus-, korjaus- ja vaihtomenettelyj\u00e4 sek\u00e4 tarjota korjauspalveluita sylinterin k\u00e4ytt\u00f6i\u00e4n pident\u00e4miseksi.<\/p>\n<p><img decoding=\"async\" src=\"https:\/\/www.hydraulic-cylinders.net\/wp-content\/uploads\/2025\/01\/songte-chushion-collar.webp\" alt=\"Kauhan sylinteri Volvon suureen kaivinkoneeseen EC380EL\" \/><\/p>\n<h2>Turvallisuus- ja ymp\u00e4rist\u00f6n\u00e4k\u00f6kohdat<\/h2>\n<p>Kauhapullojen kanssa on noudatettava asianmukaisia \u200b\u200bturvatoimia koneita k\u00e4ytett\u00e4ess\u00e4. Turvaominaisuudet, kuten paineenalennusventtiilit, tulee asentaa ylikuormituksen tai vaurioiden est\u00e4miseksi. J\u00e4tteiden ja vanhojen pullojen asianmukainen h\u00e4vitt\u00e4minen on olennaista ymp\u00e4rist\u00f6n suojelemiseksi.<\/p>\n<h2>Valmistajan esittely<\/h2>\n<p>Olemme korvaavien hydraulisylinterien valmistaja ja tarjoamme t\u00e4yden valikoiman tuotteita. Yhten\u00e4 johtavista hydraulisylinterien valmistajista ja tukkumyyjist\u00e4 kotimaisilla ja ulkomaisilla markkinoilla noudatamme erinomaista laatua ja luotamme teollisen tuotannon hallintastrategioihin hienostuneissa valmistuspajoissamme. Parannamme jatkuvasti ty\u00f6pajan valmistusalustaa, hiomme tuotteiden laadun tuotantoreitti\u00e4 ja meill\u00e4 on vahvat innovatiiviset valmiudet, jotka tarjoavat tehokkaita, tarkkoja ja korkealaatuisia periaatteita asiakkaiden monipuolisten tarpeiden t\u00e4ytt\u00e4miseksi.<\/p>\n<p><img decoding=\"async\" src=\"https:\/\/hzpt.com\/wp-content\/uploads\/2024\/11\/songte-company-1.webp\" alt=\"Kauhan sylinteri Volvon suureen kaivinkoneeseen EC380EL\" \/><\/p>\n<h3>Ammattimaisuus:<\/h3>\n<p>Yrityksell\u00e4mme on ammattitaitoinen hydraulisylintereiden tuotannon asiantuntijatiimi, jolla on vuosien kokemus.<\/p>\n<h3>Kansainv\u00e4linen sertifiointi:<\/h3>\n<p>Tuotteemme ovat l\u00e4p\u00e4isseet kansainv\u00e4liset sertifikaatit, kuten ISO 9001, CE jne.<\/p>\n<h3>R\u00e4\u00e4t\u00e4l\u00f6ity palvelu:<\/h3>\n<p>Tarjoamme r\u00e4\u00e4t\u00e4l\u00f6ityj\u00e4 palveluita asiakkaiden erilaisiin tarpeisiin.<\/p>\n<h3>Tuotantolaitteet:<\/h3>\n<p>K\u00e4yt\u00e4mme edistyneit\u00e4 numeerisen ohjauksen valmistuslaitteita varmistaaksemme tuotteiden laadun.<\/p>\n<h3>Myynnin j\u00e4lkeinen palvelu:<\/h3>\n<p>Tarjoamme asiakkaillemme erinomaista huoltopalvelua varmistaaksemme tuotteiden suorituskyvyn ja asiakastyytyv\u00e4isyyden.<\/p>\n<p>Kirjoittaja: lyl.<\/p>\n<p><img decoding=\"async\" src=\"https:\/\/www.hydraulic-cylinders.net\/wp-content\/uploads\/2025\/01\/songte-bushings-with-all-kinds-of-excavator-models.webp\" alt=\"Kauhan sylinteri Volvon suureen kaivinkoneeseen EC380EL\" \/><\/p>","protected":false},"excerpt":{"rendered":"<p>Bucket Cylinder For Volvo Large Excavator EC380EL Introduction A bucket cylinder is a specialized hydraulic cylinder that controls the movement of the bucket in heavy machinery such as excavators, backhoes, and loaders. Its main function is to enable the bucket to perform lifting, lowering, and tilting, making it easier for various material handling tasks. In [&hellip;]<\/p>","protected":false},"featured_media":14789,"comment_status":"open","ping_status":"closed","template":"","meta":{"_et_pb_use_builder":"","_et_pb_old_content":"","_et_gb_content_width":""},"product_brand":[],"product_cat":[1494],"product_tag":[1495,1496],"class_list":{"0":"post-15402","1":"product","2":"type-product","3":"status-publish","4":"has-post-thumbnail","6":"product_cat-bucket-cylinders","7":"product_tag-bucket-cylinders","8":"product_tag-hydraulic-cylinders","10":"first","11":"instock","12":"shipping-taxable","13":"product-type-simple"},"amp_enabled":true,"_links":{"self":[{"href":"https:\/\/www.hydraulic-cylinders.net\/fi\/wp-json\/wp\/v2\/product\/15402","targetHints":{"allow":["GET"]}}],"collection":[{"href":"https:\/\/www.hydraulic-cylinders.net\/fi\/wp-json\/wp\/v2\/product"}],"about":[{"href":"https:\/\/www.hydraulic-cylinders.net\/fi\/wp-json\/wp\/v2\/types\/product"}],"replies":[{"embeddable":true,"href":"https:\/\/www.hydraulic-cylinders.net\/fi\/wp-json\/wp\/v2\/comments?post=15402"}],"wp:featuredmedia":[{"embeddable":true,"href":"https:\/\/www.hydraulic-cylinders.net\/fi\/wp-json\/wp\/v2\/media\/14789"}],"wp:attachment":[{"href":"https:\/\/www.hydraulic-cylinders.net\/fi\/wp-json\/wp\/v2\/media?parent=15402"}],"wp:term":[{"taxonomy":"product_brand","embeddable":true,"href":"https:\/\/www.hydraulic-cylinders.net\/fi\/wp-json\/wp\/v2\/product_brand?post=15402"},{"taxonomy":"product_cat","embeddable":true,"href":"https:\/\/www.hydraulic-cylinders.net\/fi\/wp-json\/wp\/v2\/product_cat?post=15402"},{"taxonomy":"product_tag","embeddable":true,"href":"https:\/\/www.hydraulic-cylinders.net\/fi\/wp-json\/wp\/v2\/product_tag?post=15402"}],"curies":[{"name":"wp","href":"https:\/\/api.w.org\/{rel}","templated":true}]}}