{"id":15414,"date":"2025-01-19T14:30:04","date_gmt":"2025-01-19T14:30:04","guid":{"rendered":"https:\/\/www.hydraulic-cylinders.net\/product\/bucket-cylinder-for-volvo-wheel-excavator-ew60c\/"},"modified":"2025-01-19T14:30:06","modified_gmt":"2025-01-19T14:30:06","slug":"bucket-cylinder-for-volvo-wheel-excavator-ew60c","status":"publish","type":"product","link":"https:\/\/www.hydraulic-cylinders.net\/fi\/tuote\/bucket-cylinder-for-volvo-wheel-excavator-ew60c\/","title":{"rendered":"Kauhan sylinteri Volvon py\u00f6r\u00e4kaivukoneeseen EW60C"},"content":{"rendered":"<h1>Kauhan sylinteri Volvon py\u00f6r\u00e4kaivukoneeseen EW60C<\/h1>\n<h2>Johdanto<\/h2>\n<h3>Kauhan sylinterin m\u00e4\u00e4ritelm\u00e4<\/h3>\n<p>Kauhasylinteri on erityisesti suunniteltu hydraulisylinteri, jota k\u00e4ytet\u00e4\u00e4n ensisijaisesti raskaiden koneiden, kuten kaivinkoneiden, traktorikaivureiden ja etukuormaajien, kauhojen liikkeen ohjaamiseen. Sen p\u00e4\u00e4teht\u00e4v\u00e4n\u00e4 on mahdollistaa kauhan nostaminen, laskeminen ja kallistaminen, mik\u00e4 helpottaa erilaisten materiaalinsiirtoteht\u00e4vien k\u00e4sittely\u00e4. Hydraulij\u00e4rjestelm\u00e4ss\u00e4 kauhasylinteri hy\u00f6dynt\u00e4\u00e4 hydrauli\u00f6ljyn paineenmuutosta kauhan tarkan ohjauksen saavuttamiseksi, jolloin k\u00e4ytt\u00e4j\u00e4t voivat k\u00e4sitell\u00e4 raskaita esineit\u00e4 tehokkaasti, sopeutua monimutkaisiin ty\u00f6ymp\u00e4rist\u00f6ihin ja erilaisiin ty\u00f6vaatimuksiin.<\/p>\n<p><img decoding=\"async\" src=\"https:\/\/www.hydraulic-cylinders.net\/wp-content\/uploads\/2025\/01\/songte-company-2.webp\" alt=\"Kauhan sylinterin kuva\"><\/p>\n<h3>Kauhasylinterin ominaisuudet<\/h3>\n<ul>\n<li>Korkea lujuus ja kest\u00e4vyys: Yleens\u00e4 valmistettu eritt\u00e4in lujasta ter\u00e4ksest\u00e4 tai alumiinista, se kest\u00e4\u00e4 korkeaa painetta ja raskaita kuormia, sopeutuu ankariin ty\u00f6ymp\u00e4rist\u00f6ihin ja on suunniteltu kulutuskest\u00e4vyydell\u00e4 ja korroosionkest\u00e4vyydell\u00e4, mik\u00e4 pident\u00e4\u00e4 sen k\u00e4ytt\u00f6ik\u00e4\u00e4.<\/li>\n<li>Tehokas hydraulinen toiminta: Hydrauli\u00f6ljyn paineen ansiosta teleskooppiliike on tasaista, ja se reagoi nopeasti k\u00e4ytt\u00f6komentoihin. Se tarjoaa tehokkaita ty\u00f6nt\u00f6- ja vetovoimia, jotka sopivat raskaiden esineiden k\u00e4sittelyyn ja monimutkaisiin ty\u00f6teht\u00e4viin.<\/li>\n<li>Erilaisia \u200b\u200btyyppej\u00e4: Yksitoimiset (hydraulisesti vain yhteen suuntaan) tai kaksitoimiset (hydraulisesti molempiin suuntiin) sylinterit voidaan valita vaatimusten mukaan erilaisten k\u00e4ytt\u00f6tarpeiden mukaan. Jotkut mallit ovat teleskooppisia ja mahdollistavat suuremman jatkeen ilman ulkomittojen kasvua, mik\u00e4 sopii sovelluksiin, joissa on rajoitetusti tilaa.<\/li>\n<li>Vaihdettava: Tuotteemme voi t\u00e4ydellisesti korvata n\u00e4m\u00e4 hydraulisylinterit.<\/li>\n<\/ul>\n<p><img decoding=\"async\" src=\"https:\/\/www.hydraulic-cylinders.net\/wp-content\/uploads\/2025\/01\/songte-cylinder-head-with-all-kinds-excavator-models.webp\" alt=\"Kauhan sylinterin kuva\"><\/p>\n<h2>Hakemus<\/h2>\n<p><strong>Rakennuslaitteet:<\/strong> Kaivinkoneissa ne ovat ratkaisevan t\u00e4rkeit\u00e4 maan tai roskien kaivamisessa, lastaamisessa ja siirt\u00e4misess\u00e4. Kaivinkoneissa kauhan sylinteri auttaa kaivamisessa ja nostamisessa. Etukuormaajissa ne auttavat lastin tehokkaassa nostamisessa ja kallistamisessa.<\/p>\n<p><strong>Maatalouskoneet:<\/strong> K\u00e4ytet\u00e4\u00e4n etukuormaajissa maan, hein\u00e4n ja muiden materiaalien kauhaukseen, nostamiseen ja kuljettamiseen. Kaivinkoneissa kauhan sylinteri mahdollistaa kaivamisen antamalla kauhan tunkeutua maaper\u00e4\u00e4n.<\/p>\n<h2>Suunnittelun\u00e4k\u00f6kohdat ja valintakriteerit<\/h2>\n<h3>Kantavuus<\/h3>\n<p>Kantavuus on t\u00e4rke\u00e4 tekij\u00e4 kauhan sylinteri\u00e4 valittaessa. Se m\u00e4\u00e4r\u00e4ytyy siirrett\u00e4v\u00e4n materiaalin koon ja painon sek\u00e4 sen siirt\u00e4miseen tarvittavan voiman mukaan. Lis\u00e4ksi sylinterin on kestett\u00e4v\u00e4 kauhan ja mahdollisten lis\u00e4laitteiden paino.<\/p>\n<h3>Tiivistys ja voitelu<\/h3>\n<p>Erilaisia \u200b\u200btiivistekomponentteja, kuten m\u00e4nn\u00e4ntiivisteit\u00e4 ja varren tiivisteit\u00e4, k\u00e4ytet\u00e4\u00e4n est\u00e4m\u00e4\u00e4n hydrauliikka\u00f6ljyn vuotaminen ja j\u00e4rjestelm\u00e4n saastuminen. Ne on valmistettu kulutusta kest\u00e4vist\u00e4 materiaaleista, kuten polyuretaanista ja nitriilikumista. Sylinterin runko ja kierteitetty p\u00e4\u00e4typinta on hienok\u00e4sitelty kulutuskest\u00e4vyyden parantamiseksi, ja voitelua varten tarvitaan s\u00e4\u00e4nn\u00f6llist\u00e4 sopivan hydrauliikka\u00f6ljyn t\u00e4ytt\u00f6\u00e4.<\/p>\n<p><img decoding=\"async\" src=\"https:\/\/www.hydraulic-cylinders.net\/wp-content\/uploads\/2025\/01\/songte-oil-pipes-and-spare-parts.webp\" alt=\"Kauhan sylinterin kuva\"><\/p>\n<h2>Huolto<\/h2>\n<p>S\u00e4\u00e4nn\u00f6llinen huolto ja ennaltaehk\u00e4isev\u00e4t toimenpiteet ovat v\u00e4ltt\u00e4m\u00e4tt\u00f6mi\u00e4 kauhan sylinterin pitk\u00e4ik\u00e4isyyden ja suorituskyvyn varmistamiseksi.<\/p>\n<h3>Asennusopas<\/h3>\n<p>Kauhasylinteri tulee asentaa oikein, ja kohdistus on ratkaisevan t\u00e4rke\u00e4\u00e4. On suositeltavaa k\u00e4ytt\u00e4\u00e4 sopivia asennuskiinnikkeit\u00e4 sylinterin kiinnitt\u00e4miseksi oikeaan asentoon. Asennusprosessia tulee ohjata oikein mahdollisten vaurioiden v\u00e4ltt\u00e4miseksi.<\/p>\n<h3>Rutiinitarkastukset ja voitelu<\/h3>\n<p>Kauhasylinterin suorituskyvyn yll\u00e4pit\u00e4miseksi s\u00e4\u00e4nn\u00f6lliset tarkastukset ja voitelu ovat v\u00e4ltt\u00e4m\u00e4tt\u00f6mi\u00e4. Sylinteri on tarkastettava s\u00e4\u00e4nn\u00f6llisesti kulumisen tai vaurioiden varalta, ja sopivia voiteluaineita on k\u00e4ytett\u00e4v\u00e4 sylinterin sujuvan toiminnan varmistamiseksi.<\/p>\n<h3>Tiivisteiden vaihto ja kalibrointitarkastukset<\/h3>\n<p>Tiivisteet tulee vaihtaa s\u00e4\u00e4nn\u00f6llisesti hydrauli\u00f6ljyn vuotojen est\u00e4miseksi. Kalibrointitarkastukset tulee my\u00f6s suorittaa sen varmistamiseksi, ett\u00e4 sylinteri toimii oikein ja turvallisesti.<\/p>\n<p><img decoding=\"async\" src=\"https:\/\/www.hydraulic-cylinders.net\/wp-content\/uploads\/2025\/01\/songte-chushion-collar.webp\" alt=\"Kauhan sylinterin kuva\"><\/p>\n<h2>Turvallisuusn\u00e4k\u00f6kohdat ja ymp\u00e4rist\u00f6tekij\u00e4t<\/h2>\n<p>Kauhasylinteri\u00e4 k\u00e4ytett\u00e4ess\u00e4 on ryhdytt\u00e4v\u00e4 turvatoimiin onnettomuuksien tai koneen tai henkil\u00f6st\u00f6n vahingoittumisen est\u00e4miseksi. Ymp\u00e4rist\u00f6tekij\u00e4t, kuten l\u00e4mp\u00f6tila ja kosteus, voivat my\u00f6s vaikuttaa kauhasylinterin suorituskykyyn, ja ne on otettava huomioon k\u00e4yt\u00f6n aikana.<\/p>\n<h2>Vianm\u00e4\u00e4ritys ja yleiset ongelmat<\/h2>\n<p><strong>Ongelma:<\/strong> Sylinteri ei toimi oikein.<br \/>\n<strong>Ratkaisu:<\/strong> Tarkista mahdollisten vaurioiden tai vuotojen varalta. Varmista, ett\u00e4 k\u00e4yt\u00e4t sopivia voiteluaineita ja ett\u00e4 sylinteri on kalibroitu oikein.<\/p>\n<p><strong>Ongelma:<\/strong> Sylinteri vuotaa hydrauliikka\u00f6ljy\u00e4.<br \/>\n<strong>Ratkaisu:<\/strong> Tarkista tiivisteet vaurioiden tai kulumisen varalta. Vaihda vialliset tiivisteet tarvittaessa.<\/p>\n<p><strong>Ongelma:<\/strong> Sylinteri ei reagoi k\u00e4ytt\u00f6komentoihin.<br \/>\n<strong>Ratkaisu:<\/strong> Tarkista hydraulij\u00e4rjestelm\u00e4 mahdollisten ongelmien, kuten tukosten tai alhaisen paineen, varalta. Varmista, ett\u00e4 sylinteri on kalibroitu oikein.<\/p>\n<p><img decoding=\"async\" src=\"https:\/\/www.hydraulic-cylinders.net\/wp-content\/uploads\/2025\/01\/songte-bushings-with-all-kinds-of-excavator-models.webp\" alt=\"Kauhan sylinterin kuva\"><\/p>\n<h2>Yrityksen esittely<\/h2>\n<p>Olemme hydraulisten sylinterien valmistaja, jolla voidaan korvata olemassa olevia sylintereit\u00e4. Yrityksemme tarjoaa t\u00e4yden valikoiman tuotteita ja on noussut yhdeksi johtavista hydraulisten sylinterien valmistajista ja tukkumyyjist\u00e4 kotimaisilla ja kansainv\u00e4lisill\u00e4 markkinoilla. Noudatamme erinomaisen laadun periaatetta, luotamme tarkkuusvalmistusty\u00f6pajan teollistettuun tuotannonohjausstrategiaan, parannamme jatkuvasti ty\u00f6pajan valmistusalustaa, parannamme tuotteiden laadun tuotantoreitti\u00e4 ja meill\u00e4 on vahvat innovaatiokyvyt. Tarjoamme r\u00e4\u00e4t\u00e4l\u00f6ityj\u00e4 palveluita, edistyneit\u00e4 tuotantolaitteita ja ammattimaisia \u200b\u200btestausj\u00e4rjestelmi\u00e4.<\/p>\n<p><img decoding=\"async\" src=\"https:\/\/hzpt.com\/wp-content\/uploads\/2024\/11\/songte-company-1.webp\" alt=\"Yrityksen imago\"><\/p>\n<h3>Ammattimaisuus<\/h3>\n<p>Ammattilaistiimimme on eritt\u00e4in ammattitaitoinen ja koulutettu hydraulisylintereiden valmistuksessa, mik\u00e4 varmistaa, ett\u00e4 tuotteemme ovat korkealaatuisia ja vastaavat asiakkaidemme tarpeisiin.<\/p>\n<h3>Kansainv\u00e4linen sertifiointi<\/h3>\n<p>Yrityksemme on saanut useita kansainv\u00e4lisi\u00e4 sertifikaatteja, kuten ISO9001 ja CE, mik\u00e4 varmistaa, ett\u00e4 tuotteemme t\u00e4ytt\u00e4v\u00e4t korkeimmat laatustandardit.<\/p>\n<h3>R\u00e4\u00e4t\u00e4l\u00f6intipalvelut<\/h3>\n<p>Tarjoamme r\u00e4\u00e4t\u00e4l\u00f6ityj\u00e4 palveluita asiakkaidemme erityistarpeiden t\u00e4ytt\u00e4miseksi varmistaen, ett\u00e4 heid\u00e4n vaatimuksensa t\u00e4ytet\u00e4\u00e4n mahdollisimman tehokkaasti ja tuloksellisesti.<\/p>\n<h3>Tuotantolaitteet<\/h3>\n<p>Yrityksemme k\u00e4ytt\u00e4\u00e4 edistyneit\u00e4 tuotantolaitteita varmistaakseen, ett\u00e4 tuotteemme ovat korkealaatuisia ja vastaavat asiakkaidemme tarpeisiin.<\/p>\n<h3>Myynnin j\u00e4lkeinen palvelu<\/h3>\n<p>Tarjoamme kattavia j\u00e4lkimarkkinointipalveluita, kuten huoltoa, korjausta ja vaihtopalveluita, varmistaaksemme, ett\u00e4 tuotteemme pysyv\u00e4t erinomaisessa kunnossa ja vastaavat asiakkaidemme tarpeita.<\/p>\n<p><img decoding=\"async\" src=\"https:\/\/www.hydraulic-cylinders.net\/wp-content\/uploads\/2025\/01\/songte-company-3.webp\" alt=\"Yrityksen imago\"><\/p>\n<p>Kirjoittaja: lyl<\/p>","protected":false},"excerpt":{"rendered":"<p>Bucket Cylinder For Volvo Wheel Excavator EW60C Introduction Definition of Bucket Cylinder A bucket cylinder is a specially designed hydraulic cylinder that is primarily used to control the movement of buckets in heavy machinery, such as excavators, backhoe excavators, and front-end loaders. Its main function is to allow the bucket to be lifted, lowered, and [&hellip;]<\/p>","protected":false},"featured_media":14765,"comment_status":"open","ping_status":"closed","template":"","meta":{"_et_pb_use_builder":"","_et_pb_old_content":"","_et_gb_content_width":""},"product_brand":[],"product_cat":[1494],"product_tag":[1495,1496],"class_list":{"0":"post-15414","1":"product","2":"type-product","3":"status-publish","4":"has-post-thumbnail","6":"product_cat-bucket-cylinders","7":"product_tag-bucket-cylinders","8":"product_tag-hydraulic-cylinders","10":"first","11":"instock","12":"shipping-taxable","13":"product-type-simple"},"amp_enabled":true,"_links":{"self":[{"href":"https:\/\/www.hydraulic-cylinders.net\/fi\/wp-json\/wp\/v2\/product\/15414","targetHints":{"allow":["GET"]}}],"collection":[{"href":"https:\/\/www.hydraulic-cylinders.net\/fi\/wp-json\/wp\/v2\/product"}],"about":[{"href":"https:\/\/www.hydraulic-cylinders.net\/fi\/wp-json\/wp\/v2\/types\/product"}],"replies":[{"embeddable":true,"href":"https:\/\/www.hydraulic-cylinders.net\/fi\/wp-json\/wp\/v2\/comments?post=15414"}],"wp:featuredmedia":[{"embeddable":true,"href":"https:\/\/www.hydraulic-cylinders.net\/fi\/wp-json\/wp\/v2\/media\/14765"}],"wp:attachment":[{"href":"https:\/\/www.hydraulic-cylinders.net\/fi\/wp-json\/wp\/v2\/media?parent=15414"}],"wp:term":[{"taxonomy":"product_brand","embeddable":true,"href":"https:\/\/www.hydraulic-cylinders.net\/fi\/wp-json\/wp\/v2\/product_brand?post=15414"},{"taxonomy":"product_cat","embeddable":true,"href":"https:\/\/www.hydraulic-cylinders.net\/fi\/wp-json\/wp\/v2\/product_cat?post=15414"},{"taxonomy":"product_tag","embeddable":true,"href":"https:\/\/www.hydraulic-cylinders.net\/fi\/wp-json\/wp\/v2\/product_tag?post=15414"}],"curies":[{"name":"wp","href":"https:\/\/api.w.org\/{rel}","templated":true}]}}