{"id":15427,"date":"2025-01-19T14:31:04","date_gmt":"2025-01-19T14:31:04","guid":{"rendered":"https:\/\/www.hydraulic-cylinders.net\/product\/bucket-cylinder-for-sany-small-excavator-sy130c-9\/"},"modified":"2025-01-19T14:31:06","modified_gmt":"2025-01-19T14:31:06","slug":"bucket-cylinder-for-sany-small-excavator-sy130c-9","status":"publish","type":"product","link":"https:\/\/www.hydraulic-cylinders.net\/fi\/tuote\/bucket-cylinder-for-sany-small-excavator-sy130c-9\/","title":{"rendered":"Kauhan sylinteri Sany-kaivukoneelle SY130C-9"},"content":{"rendered":"<h1>Kauhan sylinteri Sany-kaivukoneelle SY130C-9<\/h1>\n<h2>Johdanto<\/h2>\n<p>Kauhasylinteri on erityisesti suunniteltu hydraulisylinteri, jota k\u00e4ytet\u00e4\u00e4n kauhan liikkeen ohjaamiseen raskaissa koneissa, kuten kaivinkoneissa, kaivurikuormaajissa ja etukuormaajissa. Sen p\u00e4\u00e4teht\u00e4v\u00e4n\u00e4 on mahdollistaa kauhan nostaminen, laskeminen ja kallistaminen, mik\u00e4 helpottaa erilaisten materiaalink\u00e4sittelyteht\u00e4vien k\u00e4sittely\u00e4. Hydraulij\u00e4rjestelm\u00e4ss\u00e4 kauhasylinteri saavuttaa kauhan tarkan hallinnan muuttamalla hydrauli\u00f6ljyn painetta, jolloin k\u00e4ytt\u00e4j\u00e4t voivat k\u00e4sitell\u00e4 raskaita kuormia tehokkaasti ja sopeutua monimutkaisiin ty\u00f6ymp\u00e4rist\u00f6ihin ja erilaisiin k\u00e4ytt\u00f6tarpeisiin.<\/p>\n<p><img decoding=\"async\" src=\"https:\/\/www.hydraulic-cylinders.net\/wp-content\/uploads\/2025\/01\/songte-company-2.webp\" alt=\"Kauhan sylinterin kuva\"><\/p>\n<h2>Ominaisuudet<\/h2>\n<ul>\n<li>Korkea lujuus ja kest\u00e4vyys: Kauhasylinteri on tyypillisesti valmistettu eritt\u00e4in lujasta ter\u00e4ksest\u00e4 tai alumiinista, ja se kest\u00e4\u00e4 korkeaa painetta ja raskaita kuormia, joten se sopeutuu vaativiin ty\u00f6ymp\u00e4rist\u00f6ihin. Sen suunnittelussa on otettu huomioon kulumiskest\u00e4vyys ja korroosionkest\u00e4vyys, mik\u00e4 pident\u00e4\u00e4 sen k\u00e4ytt\u00f6ik\u00e4\u00e4.<\/li>\n<li>Tehokas hydraulinen toiminta: Hydrauli\u00f6ljyn paineen ansiosta kauhan sylinteri saavuttaa tasaiset ojennus- ja sis\u00e4\u00e4nvetoliikkeet, mik\u00e4 mahdollistaa nopean reagoinnin ohjauskomentoihin ja tarjoaa tehokkaat ty\u00f6nt\u00f6- ja vetovoimat, jotka sopivat raskaiden kuormien k\u00e4sittelyyn ja monimutkaisiin teht\u00e4viin.<\/li>\n<li>Erilaisia \u200b\u200btyyppej\u00e4: Kauhasylinteri voidaan valita yksitoimiseksi (hydraulisesti vain yhteen suuntaan) tai kaksitoimiseksi (hydraulisesti molempiin suuntiin) k\u00e4ytt\u00f6tarpeiden mukaan. Jotkut mallit ovat teleskooppisia, mik\u00e4 mahdollistaa suuremman jatkeen ilman ulkomittojen kasvua, joten ne sopivat rajoitetusti tilaa vaativiin sovelluksiin.<\/li>\n<li>T\u00e4ydellinen korvaus: Tuotteemme voivat korvata n\u00e4m\u00e4 hydraulisylinterit t\u00e4ydellisesti.<\/li>\n<\/ul>\n<p><img decoding=\"async\" src=\"https:\/\/www.hydraulic-cylinders.net\/wp-content\/uploads\/2025\/01\/songte-cylinder-head-with-all-kinds-excavator-models.webp\" alt=\"Tuotteen korvaava kuva\"><\/p>\n<h2>Sovellukset<\/h2>\n<p>Kauhasylinteri\u00e4 k\u00e4ytet\u00e4\u00e4n erilaisissa rakennuslaitteissa:<\/p>\n<ul>\n<li>Kaivinkoneet: V\u00e4ltt\u00e4m\u00e4tt\u00f6m\u00e4t kaivamiseen, lastaamiseen ja maan tai roskien siirt\u00e4miseen. Kauhan sylinteri mahdollistaa kaivamisen antamalla kauhan tunkeutua maaper\u00e4\u00e4n.<\/li>\n<li>Kaivurikuormaajat: Avustaa sek\u00e4 kaivu- ett\u00e4 nostot\u00f6iss\u00e4.<\/li>\n<li>Maatalouskoneet: K\u00e4ytet\u00e4\u00e4n etukuormaajissa maaper\u00e4n, hein\u00e4n ja muiden materiaalien kauhaukseen, nostamiseen ja kuljettamiseen.<\/li>\n<li>Etukuormaajat: Auttaa tavaroiden tehokkaassa nostamisessa ja tyhjent\u00e4misess\u00e4.<\/li>\n<\/ul>\n<h2>Suunnittelun\u00e4k\u00f6kohdat ja valintakriteerit<\/h2>\n<p>Kauhasylinterien suunnittelussa ja valintakriteereiss\u00e4 seuraavat tekij\u00e4t ovat ratkaisevan t\u00e4rkeit\u00e4:<\/p>\n<ul>\n<li>Kuormitettavuus: Sylinterin on t\u00e4ytett\u00e4v\u00e4 tietyn sovelluksen kuormitusvaatimukset.<\/li>\n<li>Tiivistys: Tehokkaan tiivistyksen varmistamiseksi k\u00e4ytet\u00e4\u00e4n erilaisia \u200b\u200btiivistyselementtej\u00e4, kuten m\u00e4nn\u00e4ntiivisteit\u00e4 ja m\u00e4nn\u00e4nvarren tiivisteit\u00e4, jotka on valmistettu kulutusta kest\u00e4vist\u00e4 materiaaleista, kuten polyuretaanista ja nitriilikumista.<\/li>\n<li>Kest\u00e4vyys: Sylinterin runko ja kierteitetyt p\u00e4\u00e4t on k\u00e4sitelty tarkasti kulutuskest\u00e4vyyden parantamiseksi.<\/li>\n<li>Turvallisuus: Turvaominaisuudet tulisi integroida suunnitteluun onnettomuuksien est\u00e4miseksi ja k\u00e4ytt\u00e4j\u00e4n suojan varmistamiseksi.<\/li>\n<li>Yll\u00e4pidett\u00e4vyys: Helppo p\u00e4\u00e4sy huoltoa ja korjausta varten on t\u00e4rke\u00e4\u00e4, ja asianmukainen voitelu on suoritettava s\u00e4\u00e4nn\u00f6llisesti sylinterin pitk\u00e4ik\u00e4isyyden parantamiseksi.<\/li>\n<\/ul>\n<p><img decoding=\"async\" src=\"https:\/\/www.hydraulic-cylinders.net\/wp-content\/uploads\/2025\/01\/songte-oil-pipes-and-spare-parts.webp\" alt=\"Tiivistys- ja voitelukuva\"><\/p>\n<h2>Huolto ja ennaltaehk\u00e4isev\u00e4t toimenpiteet<\/h2>\n<p>Kauhasylinterin optimaalisen suorituskyvyn ja pitk\u00e4n k\u00e4ytt\u00f6i\u00e4n varmistamiseksi suositellaan seuraavia huolto- ja ennaltaehk\u00e4isevi\u00e4 toimenpiteit\u00e4:<\/p>\n<ul>\n<li>S\u00e4\u00e4nn\u00f6lliset tarkastukset<\/li>\n<li>Oikea voitelu<\/li>\n<li>Tiivisteen vaihto<\/li>\n<li>Kalibrointitarkastukset<\/li>\n<\/ul>\n<p><img decoding=\"async\" src=\"https:\/\/www.hydraulic-cylinders.net\/wp-content\/uploads\/2025\/01\/songte-chushion-collar.webp\" alt=\"Yll\u00e4pitoteht\u00e4vien kuva\"><\/p>\n<h2>Turvallisuusn\u00e4k\u00f6kohdat ja ymp\u00e4rist\u00f6tekij\u00e4t<\/h2>\n<p>Kauhapulloa k\u00e4ytett\u00e4ess\u00e4 on eritt\u00e4in t\u00e4rke\u00e4\u00e4 priorisoida turvallisuustoimenpiteit\u00e4. Asianmukainen asennus, huolto ja k\u00e4ytt\u00f6 ovat olennaisia \u200b\u200bonnettomuuksien ehk\u00e4isemiseksi ja turvallisen ty\u00f6ymp\u00e4rist\u00f6n varmistamiseksi. Ymp\u00e4rist\u00f6tekij\u00e4t, kuten l\u00e4mp\u00f6tila ja altistuminen ankarille olosuhteille, on my\u00f6s otettava huomioon pullon optimaalisen suorituskyvyn ja pitk\u00e4n k\u00e4ytt\u00f6i\u00e4n varmistamiseksi.<\/p>\n<h2>Vianm\u00e4\u00e4ritys ja yleiset ongelmat<\/h2>\n<p>Jos kauhan sylinteriss\u00e4 on ongelmia, seuraavat vianm\u00e4\u00e4ritysvinkit ja -ratkaisut voivat auttaa diagnosoimaan ja ratkaisemaan ongelmat:<\/p>\n<ul>\n<li>Oikea kohdistus asennuksen aikana<\/li>\n<li>S\u00e4\u00e4nn\u00f6llinen tarkastus ja korjaus<\/li>\n<li>Komponenttien vaihto- ja kunnostuspalvelut<\/li>\n<\/ul>\n<p><img decoding=\"async\" src=\"https:\/\/www.hydraulic-cylinders.net\/wp-content\/uploads\/2025\/01\/songte-bushings-with-all-kinds-of-excavator-models.webp\" alt=\"Vianm\u00e4\u00e4rityskuva\"><\/p>\n<p>Muista j\u00e4rjest\u00e4\u00e4 artikkeli loogisesti, k\u00e4ytt\u00e4\u00e4 alaotsikoita helpottamaan navigointia, sis\u00e4llytt\u00e4\u00e4 asiaankuuluvia kuvia tai kaavioita ymm\u00e4rryksen parantamiseksi ja varmistaa sis\u00e4ll\u00f6n selkeys, ytimekkyys ja saavutettavuus eri tasoisille lukijoille.<\/p>\n<h2>Tietoa yrityksest\u00e4mme<\/h2>\n<p>Olemme johtava hydraulisylintereiden valmistaja ja tukkumyyj\u00e4 kotimaisilla ja kansainv\u00e4lisill\u00e4 markkinoilla. Yrityksemme tarjoaa laajan valikoiman tuotteita ja noudattaa tuotannonohjausstrategiaa, joka perustuu erinomaiseen laatuun ja teollistettuun tuotantoon hienostuneessa tuotantolaitoksessamme. Teknisten kykyjemme, huippuluokan digitaalisten valmistuslaitteiden ja ammattimaisten testausj\u00e4rjestelmien avulla parannamme jatkuvasti valmistusalustaamme ja tuotteiden laadun tuotantolinjaamme. Meill\u00e4 on vahva kyky vastata monipuolisiin asiakasvaatimuksiin korkealla tehokkuudella, tarkkuudella ja laadulla.<\/p>\n<p><img decoding=\"async\" src=\"https:\/\/www.hydraulic-cylinders.net\/wp-content\/uploads\/2025\/01\/songte-company-3.webp\" alt=\"Yrityksen imago\"><\/p>\n<h3>Ammattimaisuus<\/h3>\n<p>Priorisoimme ammattimaisuutta kaikissa toimintamme osa-alueissa ja varmistamme tuotteidemme ja palveluidemme korkeimmat standardit.<\/p>\n<h3>Kansainv\u00e4liset sertifikaatit<\/h3>\n<p>Olemme saaneet useita kansainv\u00e4lisi\u00e4 sertifikaatteja, jotka osoittavat sitoutumisemme laatuun ja globaalien standardien noudattamiseen.<\/p>\n<h3>R\u00e4\u00e4t\u00e4l\u00f6intipalvelut<\/h3>\n<p>Tarjoamme r\u00e4\u00e4t\u00e4l\u00f6intipalveluita asiakkaidemme ainutlaatuisten tarpeiden t\u00e4ytt\u00e4miseksi ja r\u00e4\u00e4t\u00e4l\u00f6ityj\u00e4 ratkaisuja heid\u00e4n erityistarpeisiinsa.<\/p>\n<h3>Tuotantolaitteet<\/h3>\n<p>K\u00e4yt\u00e4mme edistyneit\u00e4 tuotantolaitteita varmistaaksemme valmistusprosessiemme tarkkuuden ja tehokkuuden, mik\u00e4 johtaa korkealaatuisiin tuotteisiin.<\/p>\n<h3>Myynnin j\u00e4lkeinen palvelu<\/h3>\n<p>Tarjoamme kattavaa huoltopalvelua, mukaan lukien osien vaihto ja korjauspalvelut, pident\u00e4\u00e4ksemme tuotteidemme k\u00e4ytt\u00f6ik\u00e4\u00e4 ja tukeaksemme asiakkaitamme.<\/p>\n<p><img decoding=\"async\" src=\"https:\/\/hzpt.com\/wp-content\/uploads\/2024\/11\/songte-company-1.webp\" alt=\"Yrityksen imago\"><\/p>\n<p>Kirjoittaja: lyl<\/p>","protected":false},"excerpt":{"rendered":"<p>Bucket Cylinder For Sany Small Excavator SY130C-9 Introduction The bucket cylinder is a specially designed hydraulic cylinder used to control the movement of the bucket in heavy machinery such as excavators, backhoe loaders, and front loaders. Its main function is to enable the lifting, lowering, and tilting of the bucket, making it easier to handle [&hellip;]<\/p>","protected":false},"featured_media":14771,"comment_status":"open","ping_status":"closed","template":"","meta":{"_et_pb_use_builder":"","_et_pb_old_content":"","_et_gb_content_width":""},"product_brand":[],"product_cat":[1494],"product_tag":[1495,1496],"class_list":{"0":"post-15427","1":"product","2":"type-product","3":"status-publish","4":"has-post-thumbnail","6":"product_cat-bucket-cylinders","7":"product_tag-bucket-cylinders","8":"product_tag-hydraulic-cylinders","10":"first","11":"instock","12":"shipping-taxable","13":"product-type-simple"},"amp_enabled":true,"_links":{"self":[{"href":"https:\/\/www.hydraulic-cylinders.net\/fi\/wp-json\/wp\/v2\/product\/15427","targetHints":{"allow":["GET"]}}],"collection":[{"href":"https:\/\/www.hydraulic-cylinders.net\/fi\/wp-json\/wp\/v2\/product"}],"about":[{"href":"https:\/\/www.hydraulic-cylinders.net\/fi\/wp-json\/wp\/v2\/types\/product"}],"replies":[{"embeddable":true,"href":"https:\/\/www.hydraulic-cylinders.net\/fi\/wp-json\/wp\/v2\/comments?post=15427"}],"wp:featuredmedia":[{"embeddable":true,"href":"https:\/\/www.hydraulic-cylinders.net\/fi\/wp-json\/wp\/v2\/media\/14771"}],"wp:attachment":[{"href":"https:\/\/www.hydraulic-cylinders.net\/fi\/wp-json\/wp\/v2\/media?parent=15427"}],"wp:term":[{"taxonomy":"product_brand","embeddable":true,"href":"https:\/\/www.hydraulic-cylinders.net\/fi\/wp-json\/wp\/v2\/product_brand?post=15427"},{"taxonomy":"product_cat","embeddable":true,"href":"https:\/\/www.hydraulic-cylinders.net\/fi\/wp-json\/wp\/v2\/product_cat?post=15427"},{"taxonomy":"product_tag","embeddable":true,"href":"https:\/\/www.hydraulic-cylinders.net\/fi\/wp-json\/wp\/v2\/product_tag?post=15427"}],"curies":[{"name":"wp","href":"https:\/\/api.w.org\/{rel}","templated":true}]}}