{"id":15458,"date":"2025-01-19T14:33:18","date_gmt":"2025-01-19T14:33:18","guid":{"rendered":"https:\/\/www.hydraulic-cylinders.net\/product\/bucket-cylinder-for-sany-large-excavator-sy485h-9\/"},"modified":"2025-01-19T14:33:20","modified_gmt":"2025-01-19T14:33:20","slug":"bucket-cylinder-for-sany-large-excavator-sy485h-9","status":"publish","type":"product","link":"https:\/\/www.hydraulic-cylinders.net\/fi\/tuote\/bucket-cylinder-for-sany-large-excavator-sy485h-9\/","title":{"rendered":"Kauhan sylinteri Sany-kaivukoneelle SY485H-9"},"content":{"rendered":"<p><!DOCTYPE html><br \/>\n<html><br \/>\n<head><br \/>\n    <title>Kauhan sylinteri Sany-kaivukoneelle SY485H-9<\/title><br \/>\n<\/head><br \/>\n<body><\/p>\n<h2>Johdanto<\/h2>\n<p>Sany-suurkaivukoneen SY485H-9 kauhan sylinteri on erityisesti suunniteltu hydraulisylinteri, jota k\u00e4ytet\u00e4\u00e4n kauhan liikkeen ohjaamiseen raskaissa koneissa, kuten kaivinkoneissa, kaivurikuormaajissa ja etukuormaajissa. Sen p\u00e4\u00e4teht\u00e4v\u00e4n\u00e4 on mahdollistaa kauhan nostaminen, laskeminen ja kallistaminen, mik\u00e4 tekee siit\u00e4 k\u00e4tev\u00e4n erilaisissa materiaalink\u00e4sittelyteht\u00e4viss\u00e4. Hydraulij\u00e4rjestelm\u00e4ss\u00e4 kauhan sylinteri saavuttaa tarkan kauhan hallinnan hy\u00f6dynt\u00e4m\u00e4ll\u00e4 hydrauli\u00f6ljyn paineenmuutoksia, jolloin k\u00e4ytt\u00e4j\u00e4t voivat k\u00e4sitell\u00e4 raskaita kuormia tehokkaasti ja sopeutua monimutkaisiin ty\u00f6ymp\u00e4rist\u00f6ihin ja erilaisiin k\u00e4ytt\u00f6vaatimuksiin.<\/p>\n<p>    <img decoding=\"async\" src=\"https:\/\/www.hydraulic-cylinders.net\/wp-content\/uploads\/2025\/01\/songte-company-2.webp\" alt=\"Kauhan sylinterin kuva\"><\/p>\n<h3>Kauhasylinterin ominaisuudet<\/h3>\n<ul>\n<li>Korkea lujuus ja kest\u00e4vyys: Tyypillisesti eritt\u00e4in lujasta ter\u00e4ksest\u00e4 tai alumiinista valmistettu tuote kest\u00e4\u00e4 korkeaa painetta ja raskaita kuormia, sopeutuu vaativiin ty\u00f6ymp\u00e4rist\u00f6ihin ja on suunniteltu kulutus- ja korroosionkest\u00e4vyytt\u00e4 silm\u00e4ll\u00e4 pit\u00e4en, mik\u00e4 pident\u00e4\u00e4 sen k\u00e4ytt\u00f6ik\u00e4\u00e4.<\/li>\n<li>Tehokas hydraulinen toiminta: Hydrauli\u00f6ljyn paineen ansiosta se saavuttaa tasaiset pidennys- ja sis\u00e4\u00e4nvetoliikkeet, reagoi nopeasti ohjauskomentoihin, tarjoaa tehokkaat ty\u00f6nt\u00f6- ja vetovoimat ja soveltuu raskaiden kuormien k\u00e4sittelyyn ja monimutkaisiin k\u00e4ytt\u00f6teht\u00e4viin.<\/li>\n<li>Erilaisia \u200b\u200btyyppej\u00e4: Kauhasylinteri voidaan valita yksitoimiseksi (hydrauliikkaa k\u00e4ytet\u00e4\u00e4n vain yhteen suuntaan) tai kaksitoimiseksi (hydrauliikkaa k\u00e4ytet\u00e4\u00e4n molempiin suuntiin) sylinteriksi k\u00e4ytt\u00f6vaatimusten mukaan. Jotkut mallit ovat teleskooppisia, mik\u00e4 mahdollistaa suuremman jatkeen ilman ulkomittojen kasvua, joten ne sopivat sovelluksiin, joissa on rajoitetusti tilaa.<\/li>\n<\/ul>\n<p>    <img decoding=\"async\" src=\"https:\/\/www.hydraulic-cylinders.net\/wp-content\/uploads\/2025\/01\/songte-cylinder-head-with-all-kinds-excavator-models.webp\" alt=\"Kauhan sylinterin vaihtokuva\"><\/p>\n<h3>Sovellukset<\/h3>\n<p>Kauhasylinteri\u00e4 k\u00e4ytet\u00e4\u00e4n erilaisissa laitteissa:<\/p>\n<ul>\n<li>Rakennuskoneet: Kaivinkoneissa k\u00e4ytett\u00e4vi\u00e4 laitteita on v\u00e4ltt\u00e4m\u00e4tt\u00f6mi\u00e4 kaivamiseen, lastaamiseen ja maan tai roskien siirt\u00e4miseen. Kaivurikuormaajissa kauhan sylinteri avustaa sek\u00e4 kaivamisessa ett\u00e4 nostamisessa.<\/li>\n<li>Maatalouskoneet: K\u00e4ytet\u00e4\u00e4n etukuormaajissa maaper\u00e4n, hein\u00e4n ja muiden materiaalien kauhaukseen, nostamiseen ja kuljettamiseen.<\/li>\n<li>Kaivinkoneet: Kauhan sylinteri mahdollistaa kaivamisen antamalla kauhan tunkeutua maaper\u00e4\u00e4n.<\/li>\n<li>Kuormaajat: Etukuormaajissa ne auttavat lastin tehokkaassa nostamisessa ja tyhjent\u00e4misess\u00e4.<\/li>\n<\/ul>\n<h3>Suunnittelun\u00e4k\u00f6kohdat ja valintakriteerit<\/h3>\n<p>Kauhan sylinteri\u00e4 suunniteltaessa otetaan huomioon useita tekij\u00f6it\u00e4:<\/p>\n<ul>\n<li>Kantavuus: Sylinterin on kestett\u00e4v\u00e4 odotettavissa olevat kuormat ja paineet.<\/li>\n<li>Tiivistys: K\u00e4ytet\u00e4\u00e4n erilaisia \u200b\u200btiivisteit\u00e4, kuten m\u00e4nn\u00e4ntiivisteit\u00e4 ja varren tiivisteit\u00e4, jotka on valmistettu kulutusta kest\u00e4vist\u00e4 materiaaleista, kuten polyuretaanista ja nitriilikumista. Sylinterin runko ja kierrep\u00e4\u00e4t hienok\u00e4sitell\u00e4\u00e4n kulutuskest\u00e4vyyden parantamiseksi.<\/li>\n<li>Kest\u00e4vyys: Sylinteri on suunniteltu kest\u00e4m\u00e4\u00e4n vaativia k\u00e4ytt\u00f6olosuhteita ja sill\u00e4 on pitk\u00e4 k\u00e4ytt\u00f6ik\u00e4.<\/li>\n<li>Turvallisuus: Laitteeseen on sis\u00e4llytetty turvaominaisuuksia turvallisen k\u00e4yt\u00f6n varmistamiseksi ja onnettomuuksien ehk\u00e4isemiseksi.<\/li>\n<li>Yll\u00e4pidett\u00e4vyys: Huomioita kiinnitet\u00e4\u00e4n huollon ja korjausten helpottamiseen.<\/li>\n<\/ul>\n<p>    <img decoding=\"async\" src=\"https:\/\/www.hydraulic-cylinders.net\/wp-content\/uploads\/2025\/01\/songte-oil-pipes-and-spare-parts.webp\" alt=\"Hydraulisylinterin komponenttien kuva\"><\/p>\n<h3>Tiivistys ja voitelu<\/h3>\n<p>Kauhasylinteriss\u00e4 k\u00e4ytet\u00e4\u00e4n erilaisia \u200b\u200btiivistyskomponentteja, kuten m\u00e4nn\u00e4ntiivisteit\u00e4 ja varren tiivisteit\u00e4. N\u00e4m\u00e4 tiivisteet on valmistettu kulutusta kest\u00e4vist\u00e4 materiaaleista, kuten polyuretaanista ja nitriilikumista. Sylinterin runko ja kierteitetyt p\u00e4\u00e4t on k\u00e4sitelty kulutuskest\u00e4vyyden parantamiseksi. S\u00e4\u00e4nn\u00f6llinen voitelu sopivalla m\u00e4\u00e4r\u00e4ll\u00e4 hydrauli\u00f6ljy\u00e4 on v\u00e4ltt\u00e4m\u00e4t\u00f6nt\u00e4 optimaalisen suorituskyvyn saavuttamiseksi.<\/p>\n<h3>S\u00e4\u00e4nn\u00f6lliset tarkastukset ja ennaltaehk\u00e4isev\u00e4 huolto<\/h3>\n<ul>\n<li>Tarkasta s\u00e4\u00e4nn\u00f6llisesti kaikki osat kulumisen ja vaurioiden varalta.<\/li>\n<li>Varmista kaikkien liikkuvien osien asianmukainen voitelu.<\/li>\n<li>Vaihda tiivisteet tarvittaessa optimaalisen suorituskyvyn yll\u00e4pit\u00e4miseksi.<\/li>\n<li>Suorita kalibrointitarkistukset varmistaaksesi tarkan toiminnan.<\/li>\n<\/ul>\n<h3>Tuotteen oikea asennus<\/h3>\n<p>Kauhasylinterin oikea asennus on ratkaisevan t\u00e4rke\u00e4\u00e4 optimaalisen suorituskyvyn saavuttamiseksi. Noudata n\u00e4it\u00e4 ohjeita:<\/p>\n<ul>\n<li>Kohdista sylinteri oikein asennuksen aikana.<\/li>\n<li>K\u00e4yt\u00e4 sopivia asennuskiinnikkeit\u00e4 sylinterin kiinnitt\u00e4miseen.<\/li>\n<li>Noudata suositeltuja tarkastus-, korjaus- ja vaihto-ohjeita.<\/li>\n<li>Anna vinkkej\u00e4 sylinterin k\u00e4ytt\u00f6i\u00e4n pident\u00e4miseksi.<\/li>\n<\/ul>\n<p>    <img decoding=\"async\" src=\"https:\/\/www.hydraulic-cylinders.net\/wp-content\/uploads\/2025\/01\/songte-chushion-collar.webp\" alt=\"Tyynykauluksen kuva\"><\/p>\n<h3>Turvallisuusn\u00e4k\u00f6kohdat ja ymp\u00e4rist\u00f6tekij\u00e4t<\/h3>\n<p>Kauhasylinteri\u00e4 k\u00e4ytett\u00e4ess\u00e4 on t\u00e4rke\u00e4\u00e4 priorisoida turvatoimenpiteet onnettomuuksien ehk\u00e4isemiseksi ja turvallisen ty\u00f6ymp\u00e4rist\u00f6n varmistamiseksi.<\/p>\n<h3>Vianm\u00e4\u00e4ritys ja yleiset ongelmat<\/h3>\n<p>T\u00e4ss\u00e4 on joitakin yleisi\u00e4 vianm\u00e4\u00e4ritysvinkkej\u00e4 ja -ratkaisuja:<\/p>\n<ul>\n<li>Antaa ohjeita yleisten ongelmien diagnosointiin ja ratkaisemiseen.<\/li>\n<li>Ehdota ennaltaehk\u00e4isevi\u00e4 toimenpiteit\u00e4 mahdollisten ongelmien minimoimiseksi.<\/li>\n<\/ul>\n<p>    <img decoding=\"async\" src=\"https:\/\/www.hydraulic-cylinders.net\/wp-content\/uploads\/2025\/01\/songte-bushings-with-all-kinds-of-excavator-models.webp\" alt=\"Kauhan sylinterin holkit Kuva\"><\/p>\n<h2>Yrityksemme<\/h2>\n<p>Olemme johtava hydraulisten sylinterien valmistaja ja tukkumyyj\u00e4, joka on erikoistunut vaihtosylintereihin. Laajan tuotevalikoimamme ansiosta olemme nousseet merkitt\u00e4v\u00e4ksi toimijaksi kotimaisilla ja kansainv\u00e4lisill\u00e4 markkinoilla. Yrityksemme noudattaa huippuosaamisen periaatteita ja luottaa hienostuneen tuotantolaitoksemme teollistettuihin tuotannonohjausstrategioihin. Hy\u00f6dynt\u00e4m\u00e4ll\u00e4 teknologisia kykyj\u00e4, huippuluokan digitaalisia valmistuslaitteita ja ammattimaisia \u200b\u200btestausj\u00e4rjestelmi\u00e4 parannamme jatkuvasti valmistuskapasiteettiamme ja tuotteiden laatua. Meill\u00e4 on vahva luova kyky vastata monipuolisiin asiakasvaatimuksiin tehokkaasti, tarkasti ja laadukkaasti.<\/p>\n<p>    <img decoding=\"async\" src=\"https:\/\/hzpt.com\/wp-content\/uploads\/2024\/11\/songte-company-1.webp\" alt=\"Yrityksen imago\"><\/p>\n<h3>Yrityksemme kohokohdat:<\/h3>\n<ul>\n<li>Ammattitaito ja asiantuntemus<\/li>\n<li>Kansainv\u00e4liset sertifikaatit<\/li>\n<li>R\u00e4\u00e4t\u00e4l\u00f6intipalvelut<\/li>\n<li>Edistyneet tuotantolaitteet<\/li>\n<li>Myynnin j\u00e4lkeiset palvelut<\/li>\n<\/ul>\n<p>    <img decoding=\"async\" src=\"https:\/\/www.hydraulic-cylinders.net\/wp-content\/uploads\/2025\/01\/songte-company-3.webp\" alt=\"Yrityksen yleiskatsauskuva\"><\/p>\n<p>Kirjoittaja: lyl<\/p>\n<p><\/body><br \/>\n<\/html><\/p>","protected":false},"excerpt":{"rendered":"<p>Bucket Cylinder For Sany Large Excavator SY485H-9 Introduction The bucket cylinder for Sany large excavator SY485H-9 is a specially designed hydraulic cylinder used to control the movement of the bucket in heavy machinery such as excavators, backhoe loaders, and front-end loaders. Its main function is to enable the lifting, lowering, and tilting of the bucket, [&hellip;]<\/p>","protected":false},"featured_media":14769,"comment_status":"open","ping_status":"closed","template":"","meta":{"_et_pb_use_builder":"","_et_pb_old_content":"","_et_gb_content_width":""},"product_brand":[],"product_cat":[1494],"product_tag":[1495,1496],"class_list":{"0":"post-15458","1":"product","2":"type-product","3":"status-publish","4":"has-post-thumbnail","6":"product_cat-bucket-cylinders","7":"product_tag-bucket-cylinders","8":"product_tag-hydraulic-cylinders","10":"first","11":"instock","12":"shipping-taxable","13":"product-type-simple"},"amp_enabled":true,"_links":{"self":[{"href":"https:\/\/www.hydraulic-cylinders.net\/fi\/wp-json\/wp\/v2\/product\/15458","targetHints":{"allow":["GET"]}}],"collection":[{"href":"https:\/\/www.hydraulic-cylinders.net\/fi\/wp-json\/wp\/v2\/product"}],"about":[{"href":"https:\/\/www.hydraulic-cylinders.net\/fi\/wp-json\/wp\/v2\/types\/product"}],"replies":[{"embeddable":true,"href":"https:\/\/www.hydraulic-cylinders.net\/fi\/wp-json\/wp\/v2\/comments?post=15458"}],"wp:featuredmedia":[{"embeddable":true,"href":"https:\/\/www.hydraulic-cylinders.net\/fi\/wp-json\/wp\/v2\/media\/14769"}],"wp:attachment":[{"href":"https:\/\/www.hydraulic-cylinders.net\/fi\/wp-json\/wp\/v2\/media?parent=15458"}],"wp:term":[{"taxonomy":"product_brand","embeddable":true,"href":"https:\/\/www.hydraulic-cylinders.net\/fi\/wp-json\/wp\/v2\/product_brand?post=15458"},{"taxonomy":"product_cat","embeddable":true,"href":"https:\/\/www.hydraulic-cylinders.net\/fi\/wp-json\/wp\/v2\/product_cat?post=15458"},{"taxonomy":"product_tag","embeddable":true,"href":"https:\/\/www.hydraulic-cylinders.net\/fi\/wp-json\/wp\/v2\/product_tag?post=15458"}],"curies":[{"name":"wp","href":"https:\/\/api.w.org\/{rel}","templated":true}]}}